{"id":4937,"date":"2022-02-13T08:55:10","date_gmt":"2022-02-13T05:55:10","guid":{"rendered":"https:\/\/sunsmiletravel.com\/terminos-y-condiciones\/"},"modified":"2022-02-13T08:55:10","modified_gmt":"2022-02-13T05:55:10","slug":"terminos-y-condiciones","status":"publish","type":"page","link":"https:\/\/sunsmiletravel.com\/es\/terminos-y-condiciones\/","title":{"rendered":"T\u00e9rminos y Condiciones"},"content":{"rendered":"<h3>Proceso de reserva<\/h3>\n<p>Definitivamente le ofreceremos el mejor servicio disponible que m\u00e1s le convenga una vez que estemos seguros de sus deseos. Utilice el formulario de contacto o env\u00edenos un correo electr\u00f3nico las 24 horas del d\u00eda, los 7 d\u00edas de la semana y le informaremos lo antes posible. Sin embargo, si cree que se sentir\u00e1 mejor llam\u00e1ndonos directamente, nuestro n\u00famero es: +<a class=\"button secondary lowercase\" href=\"tel:+905528045590\" target=\"_self\" rel=\"noopener\"><i class=\"icon-phone\"><\/i> +90 552 804 5590<\/a>. Hablamos ingl\u00e9s, turco, chino, espa\u00f1ol, portugu\u00e9s y \u00e1rabe.<\/p>\n<h3>Pol\u00edtica de cancelaci\u00f3n<\/h3>\n<p>Las cancelaciones realizadas entre 2 y 7 d\u00edas antes de la fecha de la actividad incurrir\u00e1n en un cargo del 50 por ciento. Las cancelaciones realizadas con menos de 2 d\u00edas antes de la fecha de la actividad tendr\u00e1n un cargo del 100 por ciento.<\/p>\n<h3>Pol\u00edtica de pago<\/h3>\n<p>Aceptamos transferencias electr\u00f3nicas de dinero, todas las principales tarjetas de cr\u00e9dito, incluidas las tarjetas American Express, Master Card y Visa. Adem\u00e1s,<\/p>\n<p>Si desea pagarnos en l\u00ednea a trav\u00e9s del formulario de pedido por correo, complete el formulario.<\/p>\n<p>Despu\u00e9s de recibir su pago, le enviaremos el comprobante y\/o el itinerario de confirmaci\u00f3n final, que le ser\u00e1 enviado por correo electr\u00f3nico.<\/p>\n","protected":false},"excerpt":{"rendered":"<p>Proceso de reserva Definitivamente le ofreceremos el mejor servicio disponible que m\u00e1s le convenga una vez que estemos seguros de sus deseos. Utilice el formulario de contacto o env\u00edenos un correo electr\u00f3nico las 24 horas del d\u00eda, los 7 d\u00edas de la semana y le informaremos lo antes posible. Sin embargo, si cree que se [&#8230;]\n","protected":false},"author":1,"featured_media":0,"parent":0,"menu_order":0,"comment_status":"closed","ping_status":"closed","template":"page-blank-title-center.php","meta":{"footnotes":""},"class_list":["post-4937","page","type-page","status-publish","hentry"],"_links":{"self":[{"href":"https:\/\/sunsmiletravel.com\/es\/wp-json\/wp\/v2\/pages\/4937","targetHints":{"allow":["GET"]}}],"collection":[{"href":"https:\/\/sunsmiletravel.com\/es\/wp-json\/wp\/v2\/pages"}],"about":[{"href":"https:\/\/sunsmiletravel.com\/es\/wp-json\/wp\/v2\/types\/page"}],"author":[{"embeddable":true,"href":"https:\/\/sunsmiletravel.com\/es\/wp-json\/wp\/v2\/users\/1"}],"replies":[{"embeddable":true,"href":"https:\/\/sunsmiletravel.com\/es\/wp-json\/wp\/v2\/comments?post=4937"}],"version-history":[{"count":0,"href":"https:\/\/sunsmiletravel.com\/es\/wp-json\/wp\/v2\/pages\/4937\/revisions"}],"wp:attachment":[{"href":"https:\/\/sunsmiletravel.com\/es\/wp-json\/wp\/v2\/media?parent=4937"}],"curies":[{"name":"wp","href":"https:\/\/api.w.org\/{rel}","templated":true}]}}