{"id":9117,"date":"2024-10-24T09:37:10","date_gmt":"2024-10-24T06:37:10","guid":{"rendered":"https:\/\/sunsmiletravel.com\/hoteles-cueva-de-capadocia\/"},"modified":"2024-11-27T11:43:19","modified_gmt":"2024-11-27T08:43:19","slug":"hoteles-cueva-de-capadocia","status":"publish","type":"page","link":"https:\/\/sunsmiletravel.com\/es\/hoteles-cueva-de-capadocia\/","title":{"rendered":"Hoteles Cueva de Capadocia"},"content":{"rendered":"\t<div id=\"text-3307524368\" class=\"text\">\n\t\t\n<h2>Hoteles Cueva de Capadocia:<br \/>\nUna mezcla perfecta de historia y lujo moderno<\/h2>\n\t\t\n<style>\n#text-3307524368 {\n  font-size: 0.75rem;\n  text-align: center;\n}\n<\/style>\n\t<\/div>\n\t\n<div class=\"row row-solid\"  id=\"row-2098835053\">\n\n\t<div id=\"col-1122502526\" class=\"col small-12 large-12\"  >\n\t\t\t\t<div class=\"col-inner\"  >\n\t\t\t\n\t\t\t\n<p>La Capadocia es una de las regiones m\u00e1s singulares de Turqu\u00eda, donde miles de a\u00f1os de historia se encuentran con impresionantes formaciones naturales. Los <strong>hoteles cueva de Capadocia<\/strong> no s\u00f3lo ofrecen una experiencia hist\u00f3rica, sino que tambi\u00e9n proporcionan lujo y comodidad modernos a los visitantes. Estos hoteles cueva, excavados en las formaciones rocosas volc\u00e1nicas de la regi\u00f3n, contin\u00faan una tradici\u00f3n centenaria de vida en cuevas, ahora elevada para satisfacer los est\u00e1ndares contempor\u00e1neos.  <\/p>\n\t<div class=\"img has-hover x md-x lg-x y md-y lg-y\" id=\"image_395501696\">\n\t\t\t\t\t\t\t\t<div class=\"img-inner dark\" >\n\t\t\t<img loading=\"lazy\" decoding=\"async\" width=\"1020\" height=\"680\" src=\"https:\/\/sunsmiletravel.com\/wp-content\/uploads\/2024\/10\/cappadocia-cave-suites-1024x683.jpg\" class=\"attachment-large size-large\" alt=\"\" srcset=\"https:\/\/sunsmiletravel.com\/wp-content\/uploads\/2024\/10\/cappadocia-cave-suites-1024x683.jpg 1024w, https:\/\/sunsmiletravel.com\/wp-content\/uploads\/2024\/10\/cappadocia-cave-suites-800x533.jpg 800w, https:\/\/sunsmiletravel.com\/wp-content\/uploads\/2024\/10\/cappadocia-cave-suites-300x200.jpg 300w, https:\/\/sunsmiletravel.com\/wp-content\/uploads\/2024\/10\/cappadocia-cave-suites-768x512.jpg 768w, https:\/\/sunsmiletravel.com\/wp-content\/uploads\/2024\/10\/cappadocia-cave-suites.jpg 1200w\" sizes=\"auto, (max-width: 1020px) 100vw, 1020px\">\t\t\t\t\t\t\n\t\t\t\t\t<\/div>\n\t\t\t\t\t\t\t\t\n<style>\n#image_395501696 {\n  width: 100%;\n}\n<\/style>\n\t<\/div>\n\t\n\t\t<\/div>\n\t\t\t\t\t<\/div>\n\n\t\n\n<style>\n#row-2098835053 > .col > .col-inner {\n  border-radius: 19px;\n}\n<\/style>\n<\/div>\n<div class=\"row\"  id=\"row-180765368\">\n\n\t<div id=\"col-2140096144\" class=\"col small-12 large-12\"  >\n\t\t\t\t<div class=\"col-inner\"  >\n\t\t\t\n\t\t\t\n\t<div id=\"text-2298406793\" class=\"text\">\n\t\t\n<h3>La singular geograf\u00eda de los hoteles cueva de Capadocia<\/h3>\n<p>La base de los <strong>hoteles cueva<\/strong> de Capadocia reside en la estructura geol\u00f3gica de la regi\u00f3n. La blanda roca volc\u00e1nica de Capadocia ha sido moldeada durante siglos por procesos naturales, creando las extraordinarias formaciones rocosas conocidas como chimeneas de hadas. Esta blandura permiti\u00f3 a los antiguos habitantes excavar en la roca vastas ciudades y viviendas subterr\u00e1neas. Estas cuevas se utilizaron a lo largo de la historia tanto como refugio como para la vida cotidiana, formando la base de lo que con el tiempo se convertir\u00eda en la <strong>experiencia actual de los hoteles cueva de Capadocia<\/strong>.<br \/>\n\t\t\n<style>\n#text-2298406793 {\n  font-size: 0.95rem;\n}\n<\/style>\n\t<\/div>\n\t\n\t<div class=\"img has-hover x md-x lg-x y md-y lg-y\" id=\"image_862871542\">\n\t\t\t\t\t\t\t\t<div class=\"img-inner dark\" >\n\t\t\t<img loading=\"lazy\" decoding=\"async\" width=\"680\" height=\"454\" src=\"https:\/\/sunsmiletravel.com\/wp-content\/uploads\/2024\/10\/ImperialKonak.jpg\" class=\"attachment-large size-large\" alt=\"\" srcset=\"https:\/\/sunsmiletravel.com\/wp-content\/uploads\/2024\/10\/ImperialKonak.jpg 680w, https:\/\/sunsmiletravel.com\/wp-content\/uploads\/2024\/10\/ImperialKonak-300x200.jpg 300w, https:\/\/sunsmiletravel.com\/wp-content\/uploads\/2024\/10\/ImperialKonak-510x341.jpg 510w\" sizes=\"auto, (max-width: 680px) 100vw, 680px\">\t\t\t\t\t\t\n\t\t\t\t\t<\/div>\n\t\t\t\t\t\t\t\t\n<style>\n#image_862871542 {\n  width: 100%;\n}\n<\/style>\n\t<\/div>\n\t\n<div class=\"row\"  id=\"row-1514636398\">\n\n\t<div id=\"col-1459157284\" class=\"col small-12 large-12\"  >\n\t\t\t\t<div class=\"col-inner\"  >\n\t\t\t\n\t\t\t\n<h3>El renacimiento de los hoteles cueva de Capadocia<\/h3>\n<p>En la d\u00e9cada de 1950, muchas de estas cuevas fueron abandonadas debido a peligros estructurales. Sin embargo, a partir de principios de la d\u00e9cada de 2000, los hoteleros de la regi\u00f3n empezaron a restaurar las cuevas para adaptarlas a las necesidades modernas. Esto condujo a la creaci\u00f3n de los <strong>mejores hoteles cueva de Capadocia<\/strong>, donde la conservaci\u00f3n hist\u00f3rica se une al lujo moderno. El proceso de transformaci\u00f3n de estas antiguas cuevas en hoteles boutique es complejo, y requiere aprobaciones especiales del gobierno para garantizar que la integridad natural e hist\u00f3rica de la regi\u00f3n permanezca intacta.   <\/p>\n<p>Cada <strong>hotel cueva de lujo de Capadocia<\/strong> tiene su propio estilo. Mientras que algunos est\u00e1n adornados con muebles antiguos, otros ostentan dise\u00f1os modernos y minimalistas. Sin embargo, todos comparten una caracter\u00edstica com\u00fan: combinan <strong>el alojamiento en Capadocia<\/strong> con las comodidades modernas, como electricidad, fontaner\u00eda e Internet, sin alterar la estructura natural de la cueva. Por ejemplo, los cables est\u00e1n ocultos en las paredes de la cueva, lo que garantiza que se mantenga la autenticidad de las <strong>suites de las cuevas de Capadocia<\/strong>.   <\/p>\n\t\t<\/div>\n\t\t\t\t\t<\/div>\n\n\t\n<\/div>\n\t<div class=\"img has-hover x md-x lg-x y md-y lg-y\" id=\"image_2120250282\">\n\t\t\t\t\t\t\t\t<div class=\"img-inner dark\" >\n\t\t\t<img loading=\"lazy\" decoding=\"async\" width=\"1020\" height=\"680\" src=\"https:\/\/sunsmiletravel.com\/wp-content\/uploads\/2024\/10\/room-112-1-1024x683.jpg\" class=\"attachment-large size-large\" alt=\"\" srcset=\"https:\/\/sunsmiletravel.com\/wp-content\/uploads\/2024\/10\/room-112-1-1024x683.jpg 1024w, https:\/\/sunsmiletravel.com\/wp-content\/uploads\/2024\/10\/room-112-1-800x533.jpg 800w, https:\/\/sunsmiletravel.com\/wp-content\/uploads\/2024\/10\/room-112-1-300x200.jpg 300w, https:\/\/sunsmiletravel.com\/wp-content\/uploads\/2024\/10\/room-112-1-768x512.jpg 768w, https:\/\/sunsmiletravel.com\/wp-content\/uploads\/2024\/10\/room-112-1.jpg 1200w\" sizes=\"auto, (max-width: 1020px) 100vw, 1020px\">\t\t\t\t\t\t\n\t\t\t\t\t<\/div>\n\t\t\t\t\t\t\t\t\n<style>\n#image_2120250282 {\n  width: 100%;\n}\n<\/style>\n\t<\/div>\n\t\n<div class=\"row\"  id=\"row-1713771185\">\n\n\t<div id=\"col-1978175424\" class=\"col small-12 large-12\"  >\n\t\t\t\t<div class=\"col-inner\"  >\n\t\t\t\n\t\t\t\n<h3>Donde se encuentran la historia y la comodidad<\/h3>\n<p>Los visitantes que se alojan en <strong>los hoteles cueva de Capadocia<\/strong> disfrutan de una mezcla de historia y confort moderno. Las habitaciones de piedra de estos hoteles conservan la sensaci\u00f3n del pasado, al tiempo que ofrecen los lujos de hoy. Muchos <strong>hoteles cueva boutique de Capadocia<\/strong> han conservado los techos originales de las cuevas, al tiempo que han modernizado los interiores para crear habitaciones espaciosas y confortables. El frescor natural de las cuevas tambi\u00e9n ofrece un ambiente refrescante durante los calurosos meses de verano, una caracter\u00edstica exclusiva de los <strong>hoteles cueva de Capadocia<\/strong>.   <\/p>\n<p>Una estancia en uno de los <strong>singulares hoteles cueva de Turqu\u00eda<\/strong> no es s\u00f3lo alojamiento, sino una experiencia que conecta a los hu\u00e9spedes con la historia de la regi\u00f3n. Durante siglos, Capadocia ha sido el hogar de muchas civilizaciones, desde los primeros cristianos hasta los otomanos. Hoy, estos <strong>lujosos hoteles cueva de Cap<\/strong> adocia permiten a los hu\u00e9spedes sumergirse en esa historia, al tiempo que disfrutan de comodidades de categor\u00eda mundial.  <\/p>\n<h3>Reflejos modernos de las ciudades subterr\u00e1neas<\/h3>\n<p>Capadocia tambi\u00e9n es famosa por sus ciudades subterr\u00e1neas, vastas redes de cuevas que los antiguos habitantes utilizaban para escapar de los invasores. Estas ciudades subterr\u00e1neas eran comunidades autosuficientes que albergaban a miles de personas. Hoy, esa tradici\u00f3n se repite en los <strong>hoteles subterr\u00e1neos de Capadocia<\/strong>, donde las habitaciones est\u00e1n situadas en las profundidades de la tierra, ofreciendo un ambiente \u00fanico, impregnado de historia. Alojarse en uno de estos <strong>hoteles cueva<\/strong> de Capadocia brinda la oportunidad perfecta de experimentar el lujo mientras conectas con el antiguo pasado de la regi\u00f3n.   <\/p>\n\t\t<\/div>\n\t\t\t\t\t<\/div>\n\n\t\n<\/div>\n\t<div class=\"img has-hover x md-x lg-x y md-y lg-y\" id=\"image_1293915639\">\n\t\t\t\t\t\t\t\t<div class=\"img-inner dark\" >\n\t\t\t<img loading=\"lazy\" decoding=\"async\" width=\"1020\" height=\"547\" src=\"https:\/\/sunsmiletravel.com\/wp-content\/uploads\/2024\/10\/taskonaklar-b-a-1024x549.jpg\" class=\"attachment-large size-large\" alt=\"\" srcset=\"https:\/\/sunsmiletravel.com\/wp-content\/uploads\/2024\/10\/taskonaklar-b-a-1024x549.jpg 1024w, https:\/\/sunsmiletravel.com\/wp-content\/uploads\/2024\/10\/taskonaklar-b-a-800x429.jpg 800w, https:\/\/sunsmiletravel.com\/wp-content\/uploads\/2024\/10\/taskonaklar-b-a-300x161.jpg 300w, https:\/\/sunsmiletravel.com\/wp-content\/uploads\/2024\/10\/taskonaklar-b-a-768x412.jpg 768w, https:\/\/sunsmiletravel.com\/wp-content\/uploads\/2024\/10\/taskonaklar-b-a-1536x824.jpg 1536w, https:\/\/sunsmiletravel.com\/wp-content\/uploads\/2024\/10\/taskonaklar-b-a.jpg 1920w\" sizes=\"auto, (max-width: 1020px) 100vw, 1020px\">\t\t\t\t\t\t\n\t\t\t\t\t<\/div>\n\t\t\t\t\t\t\t\t\n<style>\n#image_1293915639 {\n  width: 100%;\n}\n<\/style>\n\t<\/div>\n\t\n<div class=\"row\"  id=\"row-503346769\">\n\n\t<div id=\"col-1436646059\" class=\"col small-12 large-12\"  >\n\t\t\t\t<div class=\"col-inner\"  >\n\t\t\t\n\t\t\t\n<h3>Lujo en la naturaleza<\/h3>\n<p>Los <strong>hoteles cueva de Cap<\/strong> adocia no s\u00f3lo son conocidos por sus habitaciones, sino tambi\u00e9n por su impresionante entorno natural. Muchos de estos hoteles est\u00e1n situados en lugares privilegiados, que ofrecen impresionantes vistas de las famosas chimeneas de hadas y los valles de Capadocia. Una de las actividades m\u00e1s populares entre los visitantes es contemplar los globos aerost\u00e1ticos que surcan el cielo a primera hora de la ma\u00f1ana. <strong>Los hoteles cueva con vistas a los globos<\/strong> aerost\u00e1ticos est\u00e1n especialmente solicitados, pues permiten a los hu\u00e9spedes disfrutar de este espect\u00e1culo m\u00e1gico desde sus terrazas.  <\/p>\n<p>Para quienes buscan relajarse, muchos <strong>hoteles cueva de Cap<\/strong> adocia <strong>con piscina<\/strong> ofrecen un entorno sereno en medio de la belleza natural de la regi\u00f3n. Tanto si disfrutas de las vistas desde la terraza de una cueva como si te sumerges en una piscina excavada en la roca volc\u00e1nica, <strong>los hoteles cueva de Capadocia<\/strong> ofrecen una experiencia inolvidable. <\/p>\n<h3>Un destino perfecto para lunas de miel y familias<\/h3>\n<p>Capadocia se ha convertido en uno de los principales destinos para lunas de miel, gracias a su rom\u00e1ntico paisaje y a sus alojamientos \u00fanicos. Muchos <strong>hoteles cueva de Capadocia para lunas de<\/strong> miel est\u00e1n especialmente pensados para parejas, y ofrecen terrazas privadas, lujosas suites e incluso paseos en globo aerost\u00e1tico. Para las familias, los <strong>hoteles cueva de Capadocia aptos para familias<\/strong> ofrecen amplios alojamientos y actividades que permiten a adultos y ni\u00f1os explorar la rica historia y belleza natural de la regi\u00f3n.  <\/p>\n\t<div class=\"img has-hover x md-x lg-x y md-y lg-y\" id=\"image_189399985\">\n\t\t\t\t\t\t\t\t<div class=\"img-inner image-cover dark\" style=\"padding-top:75%;\">\n\t\t\t<img loading=\"lazy\" decoding=\"async\" width=\"408\" height=\"510\" src=\"https:\/\/sunsmiletravel.com\/wp-content\/uploads\/2024\/10\/29.jpg\" class=\"attachment-large size-large\" alt=\"\" srcset=\"https:\/\/sunsmiletravel.com\/wp-content\/uploads\/2024\/10\/29.jpg 408w, https:\/\/sunsmiletravel.com\/wp-content\/uploads\/2024\/10\/29-240x300.jpg 240w\" sizes=\"auto, (max-width: 408px) 100vw, 408px\">\t\t\t\t\t\t\n\t\t\t\t\t<\/div>\n\t\t\t\t\t\t\t\t\n<style>\n#image_189399985 {\n  width: 94%;\n}\n<\/style>\n\t<\/div>\n\t\n<h3>Hoteles hist\u00f3ricos y asequibles en Cave<\/h3>\n<p>A pesar de su lujoso atractivo, tambi\u00e9n hay muchos <strong>hoteles cueva asequibles en Capadocia<\/strong> que siguen proporcionando una experiencia de gran calidad. Estos hoteles mantienen el encanto hist\u00f3rico de las cuevas, al tiempo que ofrecen una estancia c\u00f3moda a un precio m\u00e1s asequible. Tanto si buscas hoteles <strong>cueva hist\u00f3ricos en Capadocia<\/strong> como algo m\u00e1s asequible, hay un <strong>hotel cueva de Capadocia<\/strong> para cada viajero.  <\/p>\n<h3>Mejor \u00e9poca para visitar los hoteles cueva de Capadocia<\/h3>\n<p>La <strong>mejor \u00e9poca para visitar los hoteles cueva de Capadocia<\/strong> es durante la primavera o el oto\u00f1o, cuando el tiempo es suave y hay menos gente. Esto permite a los visitantes disfrutar plenamente de las actividades al aire libre, como los paseos en globo aerost\u00e1tico y la exploraci\u00f3n de los <strong>hoteles cueva de Capadocia cerca del Museo al Aire Libre de Goreme<\/strong>. El m\u00e1gico paisaje de Capadocia, combinado con la experiencia \u00fanica de alojarse en una cueva, la convierte en un destino sin igual.  <\/p>\n<p>En conclusi\u00f3n, <strong>los hoteles cueva<\/strong> de Capadocia ofrecen una mezcla \u00fanica de historia, lujo y belleza natural. Tanto si te alojas en un <strong>hotel cueva boutique de Capadocia<\/strong>, como si contemplas globos aerost\u00e1ticos desde tu terraza o exploras las antiguas ciudades subterr\u00e1neas, una visita a Capadocia promete una experiencia inolvidable. <\/p>\n\t\t<\/div>\n\t\t\t\t\t<\/div>\n\n\t\n<\/div>\n<div class=\"row\"  id=\"row-61815925\">\n\n\t<div id=\"col-1008862333\" class=\"col small-12 large-12\"  >\n\t\t\t\t<div class=\"col-inner\"  >\n\t\t\t\n\t\t\t\n\t\t<\/div>\n\t\t\t\t\t<\/div>\n\n\t\n<\/div>\n\t\t<\/div>\n\t\t\t\t\t<\/div>\n\n\t\n<\/div>\n","protected":false},"excerpt":{"rendered":"","protected":false},"author":1,"featured_media":0,"parent":0,"menu_order":0,"comment_status":"closed","ping_status":"closed","template":"","meta":{"footnotes":""},"class_list":["post-9117","page","type-page","status-publish","hentry"],"_links":{"self":[{"href":"https:\/\/sunsmiletravel.com\/es\/wp-json\/wp\/v2\/pages\/9117","targetHints":{"allow":["GET"]}}],"collection":[{"href":"https:\/\/sunsmiletravel.com\/es\/wp-json\/wp\/v2\/pages"}],"about":[{"href":"https:\/\/sunsmiletravel.com\/es\/wp-json\/wp\/v2\/types\/page"}],"author":[{"embeddable":true,"href":"https:\/\/sunsmiletravel.com\/es\/wp-json\/wp\/v2\/users\/1"}],"replies":[{"embeddable":true,"href":"https:\/\/sunsmiletravel.com\/es\/wp-json\/wp\/v2\/comments?post=9117"}],"version-history":[{"count":0,"href":"https:\/\/sunsmiletravel.com\/es\/wp-json\/wp\/v2\/pages\/9117\/revisions"}],"wp:attachment":[{"href":"https:\/\/sunsmiletravel.com\/es\/wp-json\/wp\/v2\/media?parent=9117"}],"curies":[{"name":"wp","href":"https:\/\/api.w.org\/{rel}","templated":true}]}}