{"id":10324,"date":"2024-12-31T16:53:46","date_gmt":"2024-12-31T13:53:46","guid":{"rendered":"https:\/\/sunsmiletravel.com\/excursion-de-medio-dia-por-la-tarde-por-el-bosforo-y-el-bazar-de-las-especias-egipcio-todo-incluido\/"},"modified":"2025-01-02T09:26:48","modified_gmt":"2025-01-02T06:26:48","slug":"excursion-de-medio-dia-por-la-tarde-por-el-bosforo-y-el-bazar-de-las-especias-egipcio-todo-incluido","status":"publish","type":"product","link":"https:\/\/sunsmiletravel.com\/es\/excursion-de-medio-dia-por-la-tarde-por-el-bosforo-y-el-bazar-de-las-especias-egipcio-todo-incluido\/","title":{"rendered":"Excursi\u00f3n de medio d\u00eda por la tarde por el B\u00f3sforo y el Bazar de las Especias (Egipcio ) Todo Incluido"},"content":{"rendered":"<div class=\"flex-shrink-0 flex flex-col relative items-end\">\n<div>\n<div class=\"pt-0\">\n<div class=\"gizmo-bot-avatar flex h-8 w-8 items-center justify-center overflow-hidden rounded-full\">\n<div class=\"relative p-1 rounded-sm flex items-center justify-center bg-token-main-surface-primary text-token-text-primary h-8 w-8\"><\/div>\n<\/div>\n<\/div>\n<\/div>\n<\/div>\n<div class=\"group\/conversation-turn relative flex w-full min-w-0 flex-col agent-turn\">\n<div class=\"flex-col gap-1 md:gap-3\">\n<div class=\"flex max-w-full flex-col flex-grow\">\n<div class=\"min-h-8 text-message flex w-full flex-col items-end gap-2 whitespace-normal break-words text-start [.text-message+&amp;]:mt-5\" dir=\"auto\" data-message-author-role=\"assistant\" data-message-id=\"85bd1cb5-1f14-4b1f-a509-0e04bbccdb0e\" data-message-model-slug=\"gpt-4o\">\n<div class=\"flex w-full flex-col gap-1 empty:hidden first:pt-[3px]\">\n<div class=\"markdown prose w-full break-words dark:prose-invert light\">\n<table style=\"width: 100%; border-collapse: collapse; text-align: center; border: none;\">\n<thead>\n<tr style=\"background-color: #f4f4f;\">\n<th style=\"padding: 8px; border: none;\"><img loading=\"lazy\" decoding=\"async\" class=\"wp-image-8991 aligncenter\" src=\"https:\/\/sunsmiletravel.com\/wp-content\/uploads\/2024\/11\/%E2%80%94Pngtree%E2%80%94vector-clock-_3787755-300x300.png\" alt=\"\" width=\"75\" height=\"75\"><\/th>\n<th style=\"padding: 8px; border: none;\"><img loading=\"lazy\" decoding=\"async\" class=\"wp-image-9003 aligncenter\" src=\"https:\/\/sunsmiletravel.com\/wp-content\/uploads\/2024\/11\/AdobeStock_295721492-300x281.jpeg\" alt=\"\" width=\"75\" height=\"70\" srcset=\"https:\/\/sunsmiletravel.com\/wp-content\/uploads\/2024\/11\/AdobeStock_295721492-300x281.jpeg 300w, https:\/\/sunsmiletravel.com\/wp-content\/uploads\/2024\/11\/AdobeStock_295721492-scaled-800x750.jpeg 800w, https:\/\/sunsmiletravel.com\/wp-content\/uploads\/2024\/11\/AdobeStock_295721492-1024x960.jpeg 1024w, https:\/\/sunsmiletravel.com\/wp-content\/uploads\/2024\/11\/AdobeStock_295721492-768x720.jpeg 768w, https:\/\/sunsmiletravel.com\/wp-content\/uploads\/2024\/11\/AdobeStock_295721492-1536x1440.jpeg 1536w, https:\/\/sunsmiletravel.com\/wp-content\/uploads\/2024\/11\/AdobeStock_295721492-2048x1920.jpeg 2048w\" sizes=\"auto, (max-width: 75px) 100vw, 75px\" \/><\/th>\n<th style=\"padding: 8px; border: none;\"><img loading=\"lazy\" decoding=\"async\" class=\"wp-image-9007 aligncenter\" src=\"https:\/\/sunsmiletravel.com\/wp-content\/uploads\/2024\/11\/%E2%80%94Pngtree%E2%80%94team-black-and-white-group_4154805-1-300x217.png\" alt=\"\" width=\"75\" height=\"54\"><\/th>\n<th style=\"padding: 8px; border: none;\"><img loading=\"lazy\" decoding=\"async\" class=\"wp-image-8995 aligncenter\" src=\"https:\/\/sunsmiletravel.com\/wp-content\/uploads\/2024\/11\/2793765-300x300.png\" alt=\"\" width=\"55\" height=\"55\" srcset=\"https:\/\/sunsmiletravel.com\/wp-content\/uploads\/2024\/11\/2793765-300x300.png 300w, https:\/\/sunsmiletravel.com\/wp-content\/uploads\/2024\/11\/2793765-100x100.png 100w, https:\/\/sunsmiletravel.com\/wp-content\/uploads\/2024\/11\/2793765-150x150.png 150w, https:\/\/sunsmiletravel.com\/wp-content\/uploads\/2024\/11\/2793765-510x510.png 510w, https:\/\/sunsmiletravel.com\/wp-content\/uploads\/2024\/11\/2793765.png 512w\" sizes=\"auto, (max-width: 55px) 100vw, 55px\" \/><\/th>\n<\/tr>\n<\/thead>\n<tbody>\n<tr>\n<td style=\"padding: 8px; border: none;\">\n<div class=\"name\" style=\"text-align: center;\"><strong>Duraci\u00f3n<\/strong><\/div>\n<p class=\"value\" style=\"text-align: center;\">1 d\u00eda<\/p>\n<\/td>\n<td style=\"padding: 8px; border: none;\">\n<div class=\"name\" style=\"text-align: center;\"><strong>Tipo de visita<\/strong><\/div>\n<p class=\"value\" style=\"text-align: center;\">Recorrido espec\u00edfico<\/p>\n<\/td>\n<td style=\"padding: 8px; border: none;\">\n<div class=\"name\" style=\"text-align: center;\"><strong>Tama\u00f1o del grupo<\/strong><\/div>\n<p class=\"value\" style=\"text-align: center;\">20 personas<\/p>\n<\/td>\n<td style=\"padding: 8px; border: none;\">\n<div class=\"name\" style=\"text-align: center;\"><strong>Idiomas<\/strong><\/div>\n<p class=\"value\" style=\"text-align: center;\">Ingl\u00e9s, espa\u00f1ol<br \/>\nChino, portugu\u00e9s<\/p>\n<\/td>\n<\/tr>\n<\/tbody>\n<\/table>\n<p>Visita de medio d\u00eda por la tarde al B\u00f3sforo : El palacio de Dolmabah\u00e7e, situado en el distrito de Be\u015fikta\u015f de Estambul, en el lado europeo del estrecho del B\u00f3sforo, fue el principal centro administrativo del Imperio Otomano de 1856 a 1887 y de 1909 a 1922. El palacio, uno de los s\u00edmbolos m\u00e1s emblem\u00e1ticos del periodo otomano tard\u00edo, es famoso por su arquitectura de estilo occidental. Se construy\u00f3 bajo las \u00f3rdenes del sult\u00e1n Abd\u00fclmecid y se termin\u00f3 durante el reinado del sult\u00e1n Abd\u00fclaziz. El palacio de Dolmabah\u00e7e se convirti\u00f3 en el centro de la vida pol\u00edtica, cultural y social del imperio, y los sultanes y funcionarios del estado tomaban aqu\u00ed decisiones administrativas cruciales. El palacio es famoso por su fastuoso interior, su lujoso mobiliario, las impresionantes decoraciones de sus techos y las mundialmente conocidas ara\u00f1as de cristal. Contiene 36 columnas de m\u00e1rmol, 285 habitaciones, 43 salones y 6 ba\u00f1os. Es un testimonio de la grandeza del Imperio Otomano en sus \u00faltimos a\u00f1os. <strong>El palacio Y\u0131ld\u0131z<\/strong> sirvi\u00f3 de centro administrativo provisional entre 1887 y 1909. Durante este periodo, el palacio de Dolmabah\u00e7e fue sometido a reparaciones y parte de las funciones administrativas se trasladaron al palacio de Y\u0131ld\u0131z. Se convirti\u00f3 en un lugar clave para la familia imperial, especialmente durante el reinado del sult\u00e1n Abdulhamid II, que lo utiliz\u00f3 como retiro y sede del poder. Durante la <strong>Excursi\u00f3n por el B\u00f3sforo<\/strong>, tendr\u00e1s la oportunidad de observar la impresionante arquitectura de los palacios de Dolmabah\u00e7e y Y\u0131ld\u0131z. Mientras navegas por el B\u00f3sforo, podr\u00e1s disfrutar de vistas panor\u00e1micas de los palacios y conocer su importancia hist\u00f3rica. Las posiciones estrat\u00e9gicas de los palacios en el B\u00f3sforo ponen de relieve la fuerza del Imperio Otomano, tanto administrativa como culturalmente. Tu gu\u00eda te explicar\u00e1 en profundidad el papel de estos palacios en el gobierno del imperio y su influencia en la regi\u00f3n.   <\/p>\n<\/div>\n<\/div>\n<\/div>\n<\/div>\n<\/div>\n<\/div>\n<div class=\"row\"  id=\"row-1341206143\">\n\n\t<div id=\"col-828683621\" class=\"col medium-6 small-12 large-6\"  >\n\t\t\t\t<div class=\"col-inner\"  >\n\t\t\t\n\t\t\t\n<p><span style=\"color: #333333; font-size: 24.16px;\">Incluido:<\/span><\/p>\n<div class=\"included-excluded\" data-wp-editing=\"1\">\n<p><span style=\"color: #339966; font-size: 120%;\"><img loading=\"lazy\" decoding=\"async\" class=\"alignnone wp-image-9011\" src=\"https:\/\/sunsmiletravel.com\/wp-content\/uploads\/2024\/11\/png-transparent-right-mark-tick-thumbnail-300x295.png\" alt=\"\" width=\"22\" height=\"21\" srcset=\"https:\/\/sunsmiletravel.com\/wp-content\/uploads\/2024\/11\/png-transparent-right-mark-tick-thumbnail-300x295.png 300w, https:\/\/sunsmiletravel.com\/wp-content\/uploads\/2024\/11\/png-transparent-right-mark-tick-thumbnail-100x100.png 100w, https:\/\/sunsmiletravel.com\/wp-content\/uploads\/2024\/11\/png-transparent-right-mark-tick-thumbnail-150x150.png 150w, https:\/\/sunsmiletravel.com\/wp-content\/uploads\/2024\/11\/png-transparent-right-mark-tick-thumbnail.png 360w\" sizes=\"auto, (max-width: 22px) 100vw, 22px\" \/> <\/span>Transporte en autocar con aire acondicionado durante todo el viaje.<\/p>\n<p><span style=\"color: #339966; font-size: 120%;\"><img loading=\"lazy\" decoding=\"async\" class=\"alignnone wp-image-9011\" src=\"https:\/\/sunsmiletravel.com\/wp-content\/uploads\/2024\/11\/png-transparent-right-mark-tick-thumbnail-300x295.png\" alt=\"\" width=\"22\" height=\"21\" srcset=\"https:\/\/sunsmiletravel.com\/wp-content\/uploads\/2024\/11\/png-transparent-right-mark-tick-thumbnail-300x295.png 300w, https:\/\/sunsmiletravel.com\/wp-content\/uploads\/2024\/11\/png-transparent-right-mark-tick-thumbnail-100x100.png 100w, https:\/\/sunsmiletravel.com\/wp-content\/uploads\/2024\/11\/png-transparent-right-mark-tick-thumbnail-150x150.png 150w, https:\/\/sunsmiletravel.com\/wp-content\/uploads\/2024\/11\/png-transparent-right-mark-tick-thumbnail.png 360w\" sizes=\"auto, (max-width: 22px) 100vw, 22px\" \/> <\/span>Comidas locales est\u00e1ndar, visitas tur\u00edsticas y entradas seg\u00fan el itinerario<\/p>\n<p><span style=\"color: #339966; font-size: 120%;\"><img loading=\"lazy\" decoding=\"async\" class=\"alignnone wp-image-9011\" src=\"https:\/\/sunsmiletravel.com\/wp-content\/uploads\/2024\/11\/png-transparent-right-mark-tick-thumbnail-300x295.png\" alt=\"\" width=\"22\" height=\"21\" srcset=\"https:\/\/sunsmiletravel.com\/wp-content\/uploads\/2024\/11\/png-transparent-right-mark-tick-thumbnail-300x295.png 300w, https:\/\/sunsmiletravel.com\/wp-content\/uploads\/2024\/11\/png-transparent-right-mark-tick-thumbnail-100x100.png 100w, https:\/\/sunsmiletravel.com\/wp-content\/uploads\/2024\/11\/png-transparent-right-mark-tick-thumbnail-150x150.png 150w, https:\/\/sunsmiletravel.com\/wp-content\/uploads\/2024\/11\/png-transparent-right-mark-tick-thumbnail.png 360w\" sizes=\"auto, (max-width: 22px) 100vw, 22px\" \/> <\/span>Gu\u00eda titulado, de habla inglesa, china, portuguesa y espa\u00f1ola<\/p>\n<p><span style=\"color: #339966; font-size: 120%;\"> <img loading=\"lazy\" decoding=\"async\" class=\"alignnone wp-image-9011\" src=\"https:\/\/sunsmiletravel.com\/wp-content\/uploads\/2024\/11\/png-transparent-right-mark-tick-thumbnail-300x295.png\" alt=\"\" width=\"22\" height=\"21\" srcset=\"https:\/\/sunsmiletravel.com\/wp-content\/uploads\/2024\/11\/png-transparent-right-mark-tick-thumbnail-300x295.png 300w, https:\/\/sunsmiletravel.com\/wp-content\/uploads\/2024\/11\/png-transparent-right-mark-tick-thumbnail-100x100.png 100w, https:\/\/sunsmiletravel.com\/wp-content\/uploads\/2024\/11\/png-transparent-right-mark-tick-thumbnail-150x150.png 150w, https:\/\/sunsmiletravel.com\/wp-content\/uploads\/2024\/11\/png-transparent-right-mark-tick-thumbnail.png 360w\" sizes=\"auto, (max-width: 22px) 100vw, 22px\" \/><\/span>Tasas de aparcamiento<\/p>\n<\/div>\n\t\t<\/div>\n\t\t\t\t\t<\/div>\n\n\t\n\n\t<div id=\"col-1746256917\" class=\"col medium-5 small-12 large-5\"  >\n\t\t\t\t<div class=\"col-inner\"  >\n\t\t\t\n\t\t\t\n<h2 id=\"headingInExClude\" class=\"st-heading-section\">Excluidos<\/h2>\n<p><i class=\"stt-icon-close\"><img loading=\"lazy\" decoding=\"async\" class=\"alignleft wp-image-9015\" src=\"https:\/\/sunsmiletravel.com\/wp-content\/uploads\/2024\/11\/kontrol-etiketi-kirmizi-x_23.07.2022_96d7f51-300x300.png\" alt=\"\" width=\"15\" height=\"15\" srcset=\"https:\/\/sunsmiletravel.com\/wp-content\/uploads\/2024\/11\/kontrol-etiketi-kirmizi-x_23.07.2022_96d7f51-300x300.png 300w, https:\/\/sunsmiletravel.com\/wp-content\/uploads\/2024\/11\/kontrol-etiketi-kirmizi-x_23.07.2022_96d7f51-100x100.png 100w, https:\/\/sunsmiletravel.com\/wp-content\/uploads\/2024\/11\/kontrol-etiketi-kirmizi-x_23.07.2022_96d7f51-800x800.png 800w, https:\/\/sunsmiletravel.com\/wp-content\/uploads\/2024\/11\/kontrol-etiketi-kirmizi-x_23.07.2022_96d7f51-150x150.png 150w, https:\/\/sunsmiletravel.com\/wp-content\/uploads\/2024\/11\/kontrol-etiketi-kirmizi-x_23.07.2022_96d7f51-768x768.png 768w, https:\/\/sunsmiletravel.com\/wp-content\/uploads\/2024\/11\/kontrol-etiketi-kirmizi-x_23.07.2022_96d7f51.png 1000w\" sizes=\"auto, (max-width: 15px) 100vw, 15px\" \/><\/i>Refrescos l\u00edquidos durante las visitas y las comidas<\/p>\n<p><i class=\"stt-icon-close\"><img loading=\"lazy\" decoding=\"async\" class=\"alignleft wp-image-9015\" src=\"https:\/\/sunsmiletravel.com\/wp-content\/uploads\/2024\/11\/kontrol-etiketi-kirmizi-x_23.07.2022_96d7f51-300x300.png\" alt=\"\" width=\"15\" height=\"15\" srcset=\"https:\/\/sunsmiletravel.com\/wp-content\/uploads\/2024\/11\/kontrol-etiketi-kirmizi-x_23.07.2022_96d7f51-300x300.png 300w, https:\/\/sunsmiletravel.com\/wp-content\/uploads\/2024\/11\/kontrol-etiketi-kirmizi-x_23.07.2022_96d7f51-100x100.png 100w, https:\/\/sunsmiletravel.com\/wp-content\/uploads\/2024\/11\/kontrol-etiketi-kirmizi-x_23.07.2022_96d7f51-800x800.png 800w, https:\/\/sunsmiletravel.com\/wp-content\/uploads\/2024\/11\/kontrol-etiketi-kirmizi-x_23.07.2022_96d7f51-150x150.png 150w, https:\/\/sunsmiletravel.com\/wp-content\/uploads\/2024\/11\/kontrol-etiketi-kirmizi-x_23.07.2022_96d7f51-768x768.png 768w, https:\/\/sunsmiletravel.com\/wp-content\/uploads\/2024\/11\/kontrol-etiketi-kirmizi-x_23.07.2022_96d7f51.png 1000w\" sizes=\"auto, (max-width: 15px) 100vw, 15px\" \/><\/i>Visitas opcionales<\/p>\n<p><i class=\"stt-icon-close\"><img loading=\"lazy\" decoding=\"async\" class=\"alignleft wp-image-9015\" src=\"https:\/\/sunsmiletravel.com\/wp-content\/uploads\/2024\/11\/kontrol-etiketi-kirmizi-x_23.07.2022_96d7f51-300x300.png\" alt=\"\" width=\"15\" height=\"15\" srcset=\"https:\/\/sunsmiletravel.com\/wp-content\/uploads\/2024\/11\/kontrol-etiketi-kirmizi-x_23.07.2022_96d7f51-300x300.png 300w, https:\/\/sunsmiletravel.com\/wp-content\/uploads\/2024\/11\/kontrol-etiketi-kirmizi-x_23.07.2022_96d7f51-100x100.png 100w, https:\/\/sunsmiletravel.com\/wp-content\/uploads\/2024\/11\/kontrol-etiketi-kirmizi-x_23.07.2022_96d7f51-800x800.png 800w, https:\/\/sunsmiletravel.com\/wp-content\/uploads\/2024\/11\/kontrol-etiketi-kirmizi-x_23.07.2022_96d7f51-150x150.png 150w, https:\/\/sunsmiletravel.com\/wp-content\/uploads\/2024\/11\/kontrol-etiketi-kirmizi-x_23.07.2022_96d7f51-768x768.png 768w, https:\/\/sunsmiletravel.com\/wp-content\/uploads\/2024\/11\/kontrol-etiketi-kirmizi-x_23.07.2022_96d7f51.png 1000w\" sizes=\"auto, (max-width: 15px) 100vw, 15px\" \/><\/i>Gastos personales<\/p>\n<p><i class=\"stt-icon-close\"><img loading=\"lazy\" decoding=\"async\" class=\"alignleft wp-image-9015\" src=\"https:\/\/sunsmiletravel.com\/wp-content\/uploads\/2024\/11\/kontrol-etiketi-kirmizi-x_23.07.2022_96d7f51-300x300.png\" alt=\"\" width=\"15\" height=\"15\" srcset=\"https:\/\/sunsmiletravel.com\/wp-content\/uploads\/2024\/11\/kontrol-etiketi-kirmizi-x_23.07.2022_96d7f51-300x300.png 300w, https:\/\/sunsmiletravel.com\/wp-content\/uploads\/2024\/11\/kontrol-etiketi-kirmizi-x_23.07.2022_96d7f51-100x100.png 100w, https:\/\/sunsmiletravel.com\/wp-content\/uploads\/2024\/11\/kontrol-etiketi-kirmizi-x_23.07.2022_96d7f51-800x800.png 800w, https:\/\/sunsmiletravel.com\/wp-content\/uploads\/2024\/11\/kontrol-etiketi-kirmizi-x_23.07.2022_96d7f51-150x150.png 150w, https:\/\/sunsmiletravel.com\/wp-content\/uploads\/2024\/11\/kontrol-etiketi-kirmizi-x_23.07.2022_96d7f51-768x768.png 768w, https:\/\/sunsmiletravel.com\/wp-content\/uploads\/2024\/11\/kontrol-etiketi-kirmizi-x_23.07.2022_96d7f51.png 1000w\" sizes=\"auto, (max-width: 15px) 100vw, 15px\" \/><\/i>Seguro de viaje y personal<\/p>\n<p><i class=\"stt-icon-close\"><img loading=\"lazy\" decoding=\"async\" class=\"alignleft wp-image-9015\" src=\"https:\/\/sunsmiletravel.com\/wp-content\/uploads\/2024\/11\/kontrol-etiketi-kirmizi-x_23.07.2022_96d7f51-300x300.png\" alt=\"\" width=\"15\" height=\"15\" srcset=\"https:\/\/sunsmiletravel.com\/wp-content\/uploads\/2024\/11\/kontrol-etiketi-kirmizi-x_23.07.2022_96d7f51-300x300.png 300w, https:\/\/sunsmiletravel.com\/wp-content\/uploads\/2024\/11\/kontrol-etiketi-kirmizi-x_23.07.2022_96d7f51-100x100.png 100w, https:\/\/sunsmiletravel.com\/wp-content\/uploads\/2024\/11\/kontrol-etiketi-kirmizi-x_23.07.2022_96d7f51-800x800.png 800w, https:\/\/sunsmiletravel.com\/wp-content\/uploads\/2024\/11\/kontrol-etiketi-kirmizi-x_23.07.2022_96d7f51-150x150.png 150w, https:\/\/sunsmiletravel.com\/wp-content\/uploads\/2024\/11\/kontrol-etiketi-kirmizi-x_23.07.2022_96d7f51-768x768.png 768w, https:\/\/sunsmiletravel.com\/wp-content\/uploads\/2024\/11\/kontrol-etiketi-kirmizi-x_23.07.2022_96d7f51.png 1000w\" sizes=\"auto, (max-width: 15px) 100vw, 15px\" \/><\/i>Comidas opcionales, visitas, traslados, excursiones, etc. no especificados<\/p>\n<p><i class=\"stt-icon-close\"><img loading=\"lazy\" decoding=\"async\" class=\"alignleft wp-image-9015\" src=\"https:\/\/sunsmiletravel.com\/wp-content\/uploads\/2024\/11\/kontrol-etiketi-kirmizi-x_23.07.2022_96d7f51-300x300.png\" alt=\"\" width=\"15\" height=\"15\" srcset=\"https:\/\/sunsmiletravel.com\/wp-content\/uploads\/2024\/11\/kontrol-etiketi-kirmizi-x_23.07.2022_96d7f51-300x300.png 300w, https:\/\/sunsmiletravel.com\/wp-content\/uploads\/2024\/11\/kontrol-etiketi-kirmizi-x_23.07.2022_96d7f51-100x100.png 100w, https:\/\/sunsmiletravel.com\/wp-content\/uploads\/2024\/11\/kontrol-etiketi-kirmizi-x_23.07.2022_96d7f51-800x800.png 800w, https:\/\/sunsmiletravel.com\/wp-content\/uploads\/2024\/11\/kontrol-etiketi-kirmizi-x_23.07.2022_96d7f51-150x150.png 150w, https:\/\/sunsmiletravel.com\/wp-content\/uploads\/2024\/11\/kontrol-etiketi-kirmizi-x_23.07.2022_96d7f51-768x768.png 768w, https:\/\/sunsmiletravel.com\/wp-content\/uploads\/2024\/11\/kontrol-etiketi-kirmizi-x_23.07.2022_96d7f51.png 1000w\" sizes=\"auto, (max-width: 15px) 100vw, 15px\" \/><\/i>Propinas para el conductor y el gu\u00eda<\/p>\n\t\t<\/div>\n\t\t\t\t\t<\/div>\n\n\t\n<\/div>\n<div class=\"row\"  id=\"row-799346422\">\n\n\t<div id=\"col-1621519078\" class=\"col small-12 large-12\"  >\n\t\t\t\t<div class=\"col-inner\"  >\n\t\t\t\n\t\t\t\n<h2 id=\"st-faq\" class=\"st-heading-section\">Preguntas m\u00e1s frecuentes<\/h2>\n<p>&#8211; Se requiere un dep\u00f3sito del 20 % en la mayor\u00eda de los viajes. &#8212; Usd&amp;Eur para el pago por adelantado (puedes pagar con el enlace de pago por adelantado o con el Formulario de pago. <\/p>\n<p>&#8211; Se requiere saldo a la llegada a Turqu\u00eda, &#8212; Usd &amp; Eur <strong>en efectivo o tarjeta de cr\u00e9dito<\/strong><\/p>\n<p><a href=\"https:\/\/sunsmiletravel.com\/tour\/advance-payment\/\">Enlace de pago por adelantado: https:\/\/sunsmiletravel.com\/tour\/advance-payment\/<\/a><\/p>\n\t\t<\/div>\n\t\t\t\t\t<\/div>\n\n\t\n<\/div>\n","protected":false},"excerpt":{"rendered":"<p>Duraci\u00f3n 1 d\u00eda Tipo de visita Recorrido espec\u00edfico Tama\u00f1o del grupo 20 personas Idiomas Ingl\u00e9s, espa\u00f1ol Chino, portugu\u00e9s Visita de medio d\u00eda por la tarde al B\u00f3sforo : El palacio de Dolmabah\u00e7e, situado en el distrito de Be\u015fikta\u015f de Estambul, en el lado europeo del estrecho del B\u00f3sforo, fue el principal centro administrativo del Imperio [&#8230;]\n","protected":false},"featured_media":10267,"comment_status":"open","ping_status":"closed","template":"","meta":{"footnotes":""},"product_brand":[],"product_cat":[245],"product_tag":[],"class_list":{"0":"post-10324","1":"product","2":"type-product","3":"status-publish","4":"has-post-thumbnail","6":"product_cat-estambul","8":"first","9":"instock","10":"virtual","11":"sold-individually","12":"purchasable","13":"product-type-booking"},"_links":{"self":[{"href":"https:\/\/sunsmiletravel.com\/es\/wp-json\/wp\/v2\/product\/10324","targetHints":{"allow":["GET"]}}],"collection":[{"href":"https:\/\/sunsmiletravel.com\/es\/wp-json\/wp\/v2\/product"}],"about":[{"href":"https:\/\/sunsmiletravel.com\/es\/wp-json\/wp\/v2\/types\/product"}],"replies":[{"embeddable":true,"href":"https:\/\/sunsmiletravel.com\/es\/wp-json\/wp\/v2\/comments?post=10324"}],"version-history":[{"count":0,"href":"https:\/\/sunsmiletravel.com\/es\/wp-json\/wp\/v2\/product\/10324\/revisions"}],"wp:featuredmedia":[{"embeddable":true,"href":"https:\/\/sunsmiletravel.com\/es\/wp-json\/wp\/v2\/media\/10267"}],"wp:attachment":[{"href":"https:\/\/sunsmiletravel.com\/es\/wp-json\/wp\/v2\/media?parent=10324"}],"wp:term":[{"taxonomy":"product_brand","embeddable":true,"href":"https:\/\/sunsmiletravel.com\/es\/wp-json\/wp\/v2\/product_brand?post=10324"},{"taxonomy":"product_cat","embeddable":true,"href":"https:\/\/sunsmiletravel.com\/es\/wp-json\/wp\/v2\/product_cat?post=10324"},{"taxonomy":"product_tag","embeddable":true,"href":"https:\/\/sunsmiletravel.com\/es\/wp-json\/wp\/v2\/product_tag?post=10324"}],"curies":[{"name":"wp","href":"https:\/\/api.w.org\/{rel}","templated":true}]}}