{"id":10459,"date":"2025-01-01T17:41:25","date_gmt":"2025-01-01T14:41:25","guid":{"rendered":"https:\/\/sunsmiletravel.com\/explora-estambul-con-el-tour-de-medio-dia-por-la-manana-al-palacio-topkapi-y-el-gran-bazar-todo-incluido\/"},"modified":"2025-01-13T13:00:12","modified_gmt":"2025-01-13T10:00:12","slug":"explora-estambul-con-el-tour-de-medio-dia-por-la-manana-al-palacio-topkapi-y-el-gran-bazar-todo-incluido","status":"publish","type":"product","link":"https:\/\/sunsmiletravel.com\/es\/explora-estambul-con-el-tour-de-medio-dia-por-la-manana-al-palacio-topkapi-y-el-gran-bazar-todo-incluido\/","title":{"rendered":"Explora Estambul con el Tour de Medio D\u00eda por la Ma\u00f1ana al Palacio Topkap\u0131 y el Gran Bazar Todo Incluido"},"content":{"rendered":"<div class=\"flex-shrink-0 flex flex-col relative items-end\">\n<div>\n<div class=\"pt-0\">\n<div class=\"gizmo-bot-avatar flex h-8 w-8 items-center justify-center overflow-hidden rounded-full\">\n<div class=\"relative p-1 rounded-sm flex items-center justify-center bg-token-main-surface-primary text-token-text-primary h-8 w-8\"><\/div>\n<\/div>\n<\/div>\n<\/div>\n<\/div>\n<div class=\"group\/conversation-turn relative flex w-full min-w-0 flex-col agent-turn\">\n<div class=\"flex-col gap-1 md:gap-3\">\n<div class=\"flex max-w-full flex-col flex-grow\">\n<div class=\"min-h-8 text-message flex w-full flex-col items-end gap-2 whitespace-normal break-words text-start [.text-message+&amp;]:mt-5\" dir=\"auto\" data-message-author-role=\"assistant\" data-message-id=\"85bd1cb5-1f14-4b1f-a509-0e04bbccdb0e\" data-message-model-slug=\"gpt-4o\">\n<div class=\"flex w-full flex-col gap-1 empty:hidden first:pt-[3px]\">\n<div class=\"markdown prose w-full break-words dark:prose-invert light\">\n<table style=\"width: 100%; border-collapse: collapse; text-align: center; border: none;\">\n<thead>\n<tr style=\"background-color: #f4f4f;\">\n<th style=\"padding: 8px; border: none;\"><img loading=\"lazy\" decoding=\"async\" class=\"wp-image-8991 aligncenter\" src=\"https:\/\/sunsmiletravel.com\/wp-content\/uploads\/2024\/11\/%E2%80%94Pngtree%E2%80%94vector-clock-_3787755-300x300.png\" alt=\"\" width=\"75\" height=\"75\"><\/th>\n<th style=\"padding: 8px; border: none;\"><img loading=\"lazy\" decoding=\"async\" class=\"wp-image-9003 aligncenter\" src=\"https:\/\/sunsmiletravel.com\/wp-content\/uploads\/2024\/11\/AdobeStock_295721492-300x281.jpeg\" alt=\"\" width=\"75\" height=\"70\" srcset=\"https:\/\/sunsmiletravel.com\/wp-content\/uploads\/2024\/11\/AdobeStock_295721492-300x281.jpeg 300w, https:\/\/sunsmiletravel.com\/wp-content\/uploads\/2024\/11\/AdobeStock_295721492-scaled-800x750.jpeg 800w, https:\/\/sunsmiletravel.com\/wp-content\/uploads\/2024\/11\/AdobeStock_295721492-1024x960.jpeg 1024w, https:\/\/sunsmiletravel.com\/wp-content\/uploads\/2024\/11\/AdobeStock_295721492-768x720.jpeg 768w, https:\/\/sunsmiletravel.com\/wp-content\/uploads\/2024\/11\/AdobeStock_295721492-1536x1440.jpeg 1536w, https:\/\/sunsmiletravel.com\/wp-content\/uploads\/2024\/11\/AdobeStock_295721492-2048x1920.jpeg 2048w\" sizes=\"auto, (max-width: 75px) 100vw, 75px\" \/><\/th>\n<th style=\"padding: 8px; border: none;\"><img loading=\"lazy\" decoding=\"async\" class=\"wp-image-9007 aligncenter\" src=\"https:\/\/sunsmiletravel.com\/wp-content\/uploads\/2024\/11\/%E2%80%94Pngtree%E2%80%94team-black-and-white-group_4154805-1-300x217.png\" alt=\"\" width=\"75\" height=\"54\"><\/th>\n<th style=\"padding: 8px; border: none;\"><img loading=\"lazy\" decoding=\"async\" class=\"wp-image-8995 aligncenter\" src=\"https:\/\/sunsmiletravel.com\/wp-content\/uploads\/2024\/11\/2793765-300x300.png\" alt=\"\" width=\"55\" height=\"55\" srcset=\"https:\/\/sunsmiletravel.com\/wp-content\/uploads\/2024\/11\/2793765-300x300.png 300w, https:\/\/sunsmiletravel.com\/wp-content\/uploads\/2024\/11\/2793765-100x100.png 100w, https:\/\/sunsmiletravel.com\/wp-content\/uploads\/2024\/11\/2793765-150x150.png 150w, https:\/\/sunsmiletravel.com\/wp-content\/uploads\/2024\/11\/2793765-510x510.png 510w, https:\/\/sunsmiletravel.com\/wp-content\/uploads\/2024\/11\/2793765.png 512w\" sizes=\"auto, (max-width: 55px) 100vw, 55px\" \/><\/th>\n<\/tr>\n<\/thead>\n<tbody>\n<tr>\n<td style=\"padding: 8px; border: none;\">\n<div class=\"name\" style=\"text-align: center;\"><strong>Duraci\u00f3n<\/strong><\/div>\n<p class=\"value\" style=\"text-align: center;\">1 d\u00eda<\/p>\n<\/td>\n<td style=\"padding: 8px; border: none;\">\n<div class=\"name\" style=\"text-align: center;\"><strong>Tipo de visita<\/strong><\/div>\n<p class=\"value\" style=\"text-align: center;\">Recorrido espec\u00edfico<\/p>\n<\/td>\n<td style=\"padding: 8px; border: none;\">\n<div class=\"name\" style=\"text-align: center;\"><strong>Tama\u00f1o del grupo<\/strong><\/div>\n<p class=\"value\" style=\"text-align: center;\">20 personas<\/p>\n<\/td>\n<td style=\"padding: 8px; border: none;\">\n<div class=\"name\" style=\"text-align: center;\"><strong>Idiomas<\/strong><\/div>\n<p class=\"value\" style=\"text-align: center;\">Ingl\u00e9s, espa\u00f1ol<br \/>\nChino, portugu\u00e9s<\/p>\n<\/td>\n<\/tr>\n<\/tbody>\n<\/table>\n<div class=\"flex-shrink-0 flex flex-col relative items-end\">\n<div>\n<div class=\"pt-0\">\n<div class=\"gizmo-bot-avatar flex h-8 w-8 items-center justify-center overflow-hidden rounded-full\">\n<div class=\"relative p-1 rounded-sm flex items-center justify-center bg-token-main-surface-primary text-token-text-primary h-8 w-8\"><\/div>\n<\/div>\n<\/div>\n<\/div>\n<\/div>\n<div class=\"group\/conversation-turn relative flex w-full min-w-0 flex-col agent-turn\">\n<div class=\"flex-col gap-1 md:gap-3\">\n<div class=\"flex max-w-full flex-col flex-grow\">\n<div class=\"min-h-8 text-message flex w-full flex-col items-end gap-2 whitespace-normal break-words text-start [.text-message+&amp;]:mt-5\" dir=\"auto\" data-message-author-role=\"assistant\" data-message-id=\"8e21d5cf-23c7-4c69-a6b1-f1c721e7170c\" data-message-model-slug=\"gpt-4o\">\n<div class=\"flex w-full flex-col gap-1 empty:hidden first:pt-[3px]\">\n<div class=\"markdown prose w-full break-words dark:prose-invert light\">\n<p><strong>Visi\u00f3n<\/strong> general<br \/>\nSum\u00e9rgete en la rica historia y vibrante cultura de Estambul con el <strong>Tour de Medio D\u00eda por la Ma\u00f1ana al Palacio Topkap\u0131 y el Gran Bazar.<\/strong> Este tour cuidadosamente dise\u00f1ado te lleva a dos de los monumentos m\u00e1s ic\u00f3nicos de la ciudad, ofreciendo una combinaci\u00f3n de esplendor otomano y una experiencia de compras inolvidable. Desde la grandeza del Palacio Topkap\u0131 hasta los bulliciosos pasillos del Gran Bazar, descubrir\u00e1s las historias, tesoros y tradiciones que definen el legado de Estambul. Perfecto para los viajeros que buscan experimentar la esencia de Estambul en solo medio d\u00eda.   <\/p>\n<p><strong>Qu\u00e9 esperar:<\/strong><\/p>\n<h3><strong>Qu\u00e9 esperar:<\/strong><\/h3>\n<p>Comienza tu ma\u00f1ana en el magnificente<strong> Palacio Topkap\u0131<\/strong>, el coraz\u00f3n del Imperio Otomano durante casi cuatro siglos. Este extenso complejo fue la residencia de los sultanes y su har\u00e9n, as\u00ed como el centro de la administraci\u00f3n estatal. Hoy en d\u00eda, el palacio es un museo que exhibe:  <\/p>\n<ul>\n<li><strong>Tesoros imperiales<\/strong> como espadas incrustadas de joyas, ropas ceremoniales y el legendario Daga Topkap\u0131.<\/li>\n<li><strong>Reliquias sagradas <\/strong>de significado religioso, incluidos artefactos que se cree pertenecen al Profeta Mahoma.<\/li>\n<li><strong>Impresionante arquitectura<\/strong> y patios con vistas impresionantes al B\u00f3sforo.<\/li>\n<\/ul>\n<p>Pasea por sus ornamentadas salas y descubre c\u00f3mo este palacio desempe\u00f1\u00f3 un papel fundamental en la formaci\u00f3n de la historia de uno de los imperios m\u00e1s grandes del mundo.<br \/>\n(<em>Nota: El Palacio Topkap\u0131 est\u00e1 cerrado los martes. En estos d\u00edas, el tour incluye una visita a la Cisterna Bas\u00edlica, un antiguo reservorio de agua subterr\u00e1neo con impresionantes columnas y un aire de misterio. <\/em>)<\/p>\n<h3><strong>Bilgin\u2019s Ca\u011falo\u011flu:<\/strong><\/h3>\n<p>A continuaci\u00f3n, disfruta de una parada de compras en una boutique en el \u00e1rea de Sultanahmet. Explora una colecci\u00f3n de productos de cuero de alta calidad elaborados con t\u00e9cnicas tradicionales turcas. Esta parada ofrece la oportunidad de llevar a casa una pieza \u00fanica de la artesan\u00eda turca mientras aprendes sobre el arte detr\u00e1s de estas creaciones.  <\/p>\n<h3><strong>Gran Bazar:<\/strong><\/h3>\n<p>Concluye tu tour en el legendario <strong>Gran Bazar<\/strong>, uno de los mercados cubiertos m\u00e1s grandes y antiguos del mundo. Construido en 1461, este vibrante mercado alberga m\u00e1s de 4,000 tiendas que ofrecen: <\/p>\n<ul>\n<li>Alfombras y kilims tejidos a mano.<\/li>\n<li>Joyer\u00eda exquisita de oro y plata.<\/li>\n<li>Especias fragantes y frutas secas.<\/li>\n<li>Art\u00edculos de cuero, cer\u00e1mica y recuerdos tradicionales turcos.<\/li>\n<\/ul>\n<p>Pasea por sus calles laber\u00ednticas, disfruta de la animada atm\u00f3sfera y disfruta regateando con los vendedores locales para conseguir las mejores ofertas.<br \/>\n(<em>Nota: El Gran Bazar est\u00e1 cerrado los domingos.<\/em>)<\/p>\n<p><strong>\u00bfPor qu\u00e9 elegir el Tour de Medio D\u00eda por la Ma\u00f1ana al Palacio Topkap\u0131 y el Gran Bazar?<\/strong><br \/>\nEste tour es ideal para los visitantes que desean explorar el patrimonio otomano de Estambul y sus bulliciosos mercados en un tiempo limitado. Ya sea que seas un entusiasta de la historia, un amante de las compras o simplemente busques empaparte de la vibrante atm\u00f3sfera de la ciudad, este tour ofrece una experiencia enriquecedora e inolvidable. Dirigido por gu\u00edas profesionales, obtendr\u00e1s una visi\u00f3n \u00fanica del pasado y presente de Estambul.  <\/p>\n<p><strong>Destaques do Tour:<\/strong><\/p>\n<ul>\n<li>Explora los opulentos salones y patios del Palacio Topkap\u0131.<\/li>\n<li>Aprende sobre la historia y los tesoros del Imperio Otomano.<\/li>\n<li>Visita una boutique que presenta productos de cuero de alta calidad y la artesan\u00eda turca.<\/li>\n<li>Sum\u00e9rgete en la vibrante experiencia de compras en el Gran Bazar.<\/li>\n<li>Disfruta de los comentarios expertos de gu\u00edas conocedores.<\/li>\n<\/ul>\n<\/div>\n<\/div>\n<\/div>\n<\/div>\n<div class=\"flex max-w-full flex-col flex-grow\">\n<div class=\"min-h-8 text-message flex w-full flex-col items-end gap-2 whitespace-normal break-words text-start [.text-message+&amp;]:mt-5\" dir=\"auto\" data-message-author-role=\"assistant\" data-message-id=\"8e21d5cf-23c7-4c69-a6b1-f1c721e7170c\" data-message-model-slug=\"gpt-4o\">\n<div class=\"flex w-full flex-col gap-1 empty:hidden first:pt-[3px]\">\n<div class=\"markdown prose w-full break-words dark:prose-invert light\">\n<p><strong>\u00a1No te pierdas la oportunidad de descubrir los tesoros de Estambul! <\/strong><br \/>\nReserva hoy tu T<strong>our de Medio D\u00eda por la Ma\u00f1ana al Palacio Topkap\u0131 y el Gran Bazar <\/strong>y emb\u00e1rcate en un viaje a trav\u00e9s de la historia, la cultura y la tradici\u00f3n. \u00a1Es una experiencia que promete recuerdos inolvidables y una conexi\u00f3n m\u00e1s profunda con el alma de Estambul! <\/p>\n<\/div>\n<\/div>\n<\/div>\n<\/div>\n<\/div>\n<\/div>\n<\/div>\n<\/div>\n<\/div>\n<\/div>\n<\/div>\n<\/div>\n<div class=\"row\"  id=\"row-547997286\">\n\n\t<div id=\"col-762161682\" class=\"col medium-6 small-12 large-6\"  >\n\t\t\t\t<div class=\"col-inner\"  >\n\t\t\t\n\t\t\t\n<p><span style=\"color: #333333; font-size: 24.16px;\">Incluido:<\/span><\/p>\n<div class=\"included-excluded\" data-wp-editing=\"1\">\n<p><span style=\"color: #339966; font-size: 120%;\"><img loading=\"lazy\" decoding=\"async\" class=\"alignnone wp-image-9011\" src=\"https:\/\/sunsmiletravel.com\/wp-content\/uploads\/2024\/11\/png-transparent-right-mark-tick-thumbnail-300x295.png\" alt=\"\" width=\"22\" height=\"21\" srcset=\"https:\/\/sunsmiletravel.com\/wp-content\/uploads\/2024\/11\/png-transparent-right-mark-tick-thumbnail-300x295.png 300w, https:\/\/sunsmiletravel.com\/wp-content\/uploads\/2024\/11\/png-transparent-right-mark-tick-thumbnail-100x100.png 100w, https:\/\/sunsmiletravel.com\/wp-content\/uploads\/2024\/11\/png-transparent-right-mark-tick-thumbnail-150x150.png 150w, https:\/\/sunsmiletravel.com\/wp-content\/uploads\/2024\/11\/png-transparent-right-mark-tick-thumbnail.png 360w\" sizes=\"auto, (max-width: 22px) 100vw, 22px\" \/> <\/span>Transporte en autocar con aire acondicionado durante todo el viaje.<\/p>\n<p><span style=\"color: #339966; font-size: 120%;\"><img loading=\"lazy\" decoding=\"async\" class=\"alignnone wp-image-9011\" src=\"https:\/\/sunsmiletravel.com\/wp-content\/uploads\/2024\/11\/png-transparent-right-mark-tick-thumbnail-300x295.png\" alt=\"\" width=\"22\" height=\"21\" srcset=\"https:\/\/sunsmiletravel.com\/wp-content\/uploads\/2024\/11\/png-transparent-right-mark-tick-thumbnail-300x295.png 300w, https:\/\/sunsmiletravel.com\/wp-content\/uploads\/2024\/11\/png-transparent-right-mark-tick-thumbnail-100x100.png 100w, https:\/\/sunsmiletravel.com\/wp-content\/uploads\/2024\/11\/png-transparent-right-mark-tick-thumbnail-150x150.png 150w, https:\/\/sunsmiletravel.com\/wp-content\/uploads\/2024\/11\/png-transparent-right-mark-tick-thumbnail.png 360w\" sizes=\"auto, (max-width: 22px) 100vw, 22px\" \/> <\/span>Comidas locales est\u00e1ndar, visitas tur\u00edsticas y entradas seg\u00fan el itinerario<\/p>\n<p><span style=\"color: #339966; font-size: 120%;\"><img loading=\"lazy\" decoding=\"async\" class=\"alignnone wp-image-9011\" src=\"https:\/\/sunsmiletravel.com\/wp-content\/uploads\/2024\/11\/png-transparent-right-mark-tick-thumbnail-300x295.png\" alt=\"\" width=\"22\" height=\"21\" srcset=\"https:\/\/sunsmiletravel.com\/wp-content\/uploads\/2024\/11\/png-transparent-right-mark-tick-thumbnail-300x295.png 300w, https:\/\/sunsmiletravel.com\/wp-content\/uploads\/2024\/11\/png-transparent-right-mark-tick-thumbnail-100x100.png 100w, https:\/\/sunsmiletravel.com\/wp-content\/uploads\/2024\/11\/png-transparent-right-mark-tick-thumbnail-150x150.png 150w, https:\/\/sunsmiletravel.com\/wp-content\/uploads\/2024\/11\/png-transparent-right-mark-tick-thumbnail.png 360w\" sizes=\"auto, (max-width: 22px) 100vw, 22px\" \/> <\/span>Gu\u00eda titulado, de habla inglesa, china, portuguesa y espa\u00f1ola<\/p>\n<p><span style=\"color: #339966; font-size: 120%;\"> <img loading=\"lazy\" decoding=\"async\" class=\"alignnone wp-image-9011\" src=\"https:\/\/sunsmiletravel.com\/wp-content\/uploads\/2024\/11\/png-transparent-right-mark-tick-thumbnail-300x295.png\" alt=\"\" width=\"22\" height=\"21\" srcset=\"https:\/\/sunsmiletravel.com\/wp-content\/uploads\/2024\/11\/png-transparent-right-mark-tick-thumbnail-300x295.png 300w, https:\/\/sunsmiletravel.com\/wp-content\/uploads\/2024\/11\/png-transparent-right-mark-tick-thumbnail-100x100.png 100w, https:\/\/sunsmiletravel.com\/wp-content\/uploads\/2024\/11\/png-transparent-right-mark-tick-thumbnail-150x150.png 150w, https:\/\/sunsmiletravel.com\/wp-content\/uploads\/2024\/11\/png-transparent-right-mark-tick-thumbnail.png 360w\" sizes=\"auto, (max-width: 22px) 100vw, 22px\" \/><\/span>Tasas de aparcamiento<\/p>\n<\/div>\n\t\t<\/div>\n\t\t\t\t\t<\/div>\n\n\t\n\n\t<div id=\"col-1734610345\" class=\"col medium-5 small-12 large-5\"  >\n\t\t\t\t<div class=\"col-inner\"  >\n\t\t\t\n\t\t\t\n<h2 id=\"headingInExClude\" class=\"st-heading-section\">Excluidos<\/h2>\n<p><i class=\"stt-icon-close\"><img loading=\"lazy\" decoding=\"async\" class=\"alignleft wp-image-9015\" src=\"https:\/\/sunsmiletravel.com\/wp-content\/uploads\/2024\/11\/kontrol-etiketi-kirmizi-x_23.07.2022_96d7f51-300x300.png\" alt=\"\" width=\"15\" height=\"15\" srcset=\"https:\/\/sunsmiletravel.com\/wp-content\/uploads\/2024\/11\/kontrol-etiketi-kirmizi-x_23.07.2022_96d7f51-300x300.png 300w, https:\/\/sunsmiletravel.com\/wp-content\/uploads\/2024\/11\/kontrol-etiketi-kirmizi-x_23.07.2022_96d7f51-100x100.png 100w, https:\/\/sunsmiletravel.com\/wp-content\/uploads\/2024\/11\/kontrol-etiketi-kirmizi-x_23.07.2022_96d7f51-800x800.png 800w, https:\/\/sunsmiletravel.com\/wp-content\/uploads\/2024\/11\/kontrol-etiketi-kirmizi-x_23.07.2022_96d7f51-150x150.png 150w, https:\/\/sunsmiletravel.com\/wp-content\/uploads\/2024\/11\/kontrol-etiketi-kirmizi-x_23.07.2022_96d7f51-768x768.png 768w, https:\/\/sunsmiletravel.com\/wp-content\/uploads\/2024\/11\/kontrol-etiketi-kirmizi-x_23.07.2022_96d7f51.png 1000w\" sizes=\"auto, (max-width: 15px) 100vw, 15px\" \/><\/i>Refrescos l\u00edquidos durante las visitas y las comidas<\/p>\n<p><i class=\"stt-icon-close\"><img loading=\"lazy\" decoding=\"async\" class=\"alignleft wp-image-9015\" src=\"https:\/\/sunsmiletravel.com\/wp-content\/uploads\/2024\/11\/kontrol-etiketi-kirmizi-x_23.07.2022_96d7f51-300x300.png\" alt=\"\" width=\"15\" height=\"15\" srcset=\"https:\/\/sunsmiletravel.com\/wp-content\/uploads\/2024\/11\/kontrol-etiketi-kirmizi-x_23.07.2022_96d7f51-300x300.png 300w, https:\/\/sunsmiletravel.com\/wp-content\/uploads\/2024\/11\/kontrol-etiketi-kirmizi-x_23.07.2022_96d7f51-100x100.png 100w, https:\/\/sunsmiletravel.com\/wp-content\/uploads\/2024\/11\/kontrol-etiketi-kirmizi-x_23.07.2022_96d7f51-800x800.png 800w, https:\/\/sunsmiletravel.com\/wp-content\/uploads\/2024\/11\/kontrol-etiketi-kirmizi-x_23.07.2022_96d7f51-150x150.png 150w, https:\/\/sunsmiletravel.com\/wp-content\/uploads\/2024\/11\/kontrol-etiketi-kirmizi-x_23.07.2022_96d7f51-768x768.png 768w, https:\/\/sunsmiletravel.com\/wp-content\/uploads\/2024\/11\/kontrol-etiketi-kirmizi-x_23.07.2022_96d7f51.png 1000w\" sizes=\"auto, (max-width: 15px) 100vw, 15px\" \/><\/i>Visitas opcionales<\/p>\n<p><i class=\"stt-icon-close\"><img loading=\"lazy\" decoding=\"async\" class=\"alignleft wp-image-9015\" src=\"https:\/\/sunsmiletravel.com\/wp-content\/uploads\/2024\/11\/kontrol-etiketi-kirmizi-x_23.07.2022_96d7f51-300x300.png\" alt=\"\" width=\"15\" height=\"15\" srcset=\"https:\/\/sunsmiletravel.com\/wp-content\/uploads\/2024\/11\/kontrol-etiketi-kirmizi-x_23.07.2022_96d7f51-300x300.png 300w, https:\/\/sunsmiletravel.com\/wp-content\/uploads\/2024\/11\/kontrol-etiketi-kirmizi-x_23.07.2022_96d7f51-100x100.png 100w, https:\/\/sunsmiletravel.com\/wp-content\/uploads\/2024\/11\/kontrol-etiketi-kirmizi-x_23.07.2022_96d7f51-800x800.png 800w, https:\/\/sunsmiletravel.com\/wp-content\/uploads\/2024\/11\/kontrol-etiketi-kirmizi-x_23.07.2022_96d7f51-150x150.png 150w, https:\/\/sunsmiletravel.com\/wp-content\/uploads\/2024\/11\/kontrol-etiketi-kirmizi-x_23.07.2022_96d7f51-768x768.png 768w, https:\/\/sunsmiletravel.com\/wp-content\/uploads\/2024\/11\/kontrol-etiketi-kirmizi-x_23.07.2022_96d7f51.png 1000w\" sizes=\"auto, (max-width: 15px) 100vw, 15px\" \/><\/i>Gastos personales<\/p>\n<p><i class=\"stt-icon-close\"><img loading=\"lazy\" decoding=\"async\" class=\"alignleft wp-image-9015\" src=\"https:\/\/sunsmiletravel.com\/wp-content\/uploads\/2024\/11\/kontrol-etiketi-kirmizi-x_23.07.2022_96d7f51-300x300.png\" alt=\"\" width=\"15\" height=\"15\" srcset=\"https:\/\/sunsmiletravel.com\/wp-content\/uploads\/2024\/11\/kontrol-etiketi-kirmizi-x_23.07.2022_96d7f51-300x300.png 300w, https:\/\/sunsmiletravel.com\/wp-content\/uploads\/2024\/11\/kontrol-etiketi-kirmizi-x_23.07.2022_96d7f51-100x100.png 100w, https:\/\/sunsmiletravel.com\/wp-content\/uploads\/2024\/11\/kontrol-etiketi-kirmizi-x_23.07.2022_96d7f51-800x800.png 800w, https:\/\/sunsmiletravel.com\/wp-content\/uploads\/2024\/11\/kontrol-etiketi-kirmizi-x_23.07.2022_96d7f51-150x150.png 150w, https:\/\/sunsmiletravel.com\/wp-content\/uploads\/2024\/11\/kontrol-etiketi-kirmizi-x_23.07.2022_96d7f51-768x768.png 768w, https:\/\/sunsmiletravel.com\/wp-content\/uploads\/2024\/11\/kontrol-etiketi-kirmizi-x_23.07.2022_96d7f51.png 1000w\" sizes=\"auto, (max-width: 15px) 100vw, 15px\" \/><\/i>Seguro de viaje y personal<\/p>\n<p><i class=\"stt-icon-close\"><img loading=\"lazy\" decoding=\"async\" class=\"alignleft wp-image-9015\" src=\"https:\/\/sunsmiletravel.com\/wp-content\/uploads\/2024\/11\/kontrol-etiketi-kirmizi-x_23.07.2022_96d7f51-300x300.png\" alt=\"\" width=\"15\" height=\"15\" srcset=\"https:\/\/sunsmiletravel.com\/wp-content\/uploads\/2024\/11\/kontrol-etiketi-kirmizi-x_23.07.2022_96d7f51-300x300.png 300w, https:\/\/sunsmiletravel.com\/wp-content\/uploads\/2024\/11\/kontrol-etiketi-kirmizi-x_23.07.2022_96d7f51-100x100.png 100w, https:\/\/sunsmiletravel.com\/wp-content\/uploads\/2024\/11\/kontrol-etiketi-kirmizi-x_23.07.2022_96d7f51-800x800.png 800w, https:\/\/sunsmiletravel.com\/wp-content\/uploads\/2024\/11\/kontrol-etiketi-kirmizi-x_23.07.2022_96d7f51-150x150.png 150w, https:\/\/sunsmiletravel.com\/wp-content\/uploads\/2024\/11\/kontrol-etiketi-kirmizi-x_23.07.2022_96d7f51-768x768.png 768w, https:\/\/sunsmiletravel.com\/wp-content\/uploads\/2024\/11\/kontrol-etiketi-kirmizi-x_23.07.2022_96d7f51.png 1000w\" sizes=\"auto, (max-width: 15px) 100vw, 15px\" \/><\/i>Comidas opcionales, visitas, traslados, excursiones, etc. no especificados<\/p>\n<p><i class=\"stt-icon-close\"><img loading=\"lazy\" decoding=\"async\" class=\"alignleft wp-image-9015\" src=\"https:\/\/sunsmiletravel.com\/wp-content\/uploads\/2024\/11\/kontrol-etiketi-kirmizi-x_23.07.2022_96d7f51-300x300.png\" alt=\"\" width=\"15\" height=\"15\" srcset=\"https:\/\/sunsmiletravel.com\/wp-content\/uploads\/2024\/11\/kontrol-etiketi-kirmizi-x_23.07.2022_96d7f51-300x300.png 300w, https:\/\/sunsmiletravel.com\/wp-content\/uploads\/2024\/11\/kontrol-etiketi-kirmizi-x_23.07.2022_96d7f51-100x100.png 100w, https:\/\/sunsmiletravel.com\/wp-content\/uploads\/2024\/11\/kontrol-etiketi-kirmizi-x_23.07.2022_96d7f51-800x800.png 800w, https:\/\/sunsmiletravel.com\/wp-content\/uploads\/2024\/11\/kontrol-etiketi-kirmizi-x_23.07.2022_96d7f51-150x150.png 150w, https:\/\/sunsmiletravel.com\/wp-content\/uploads\/2024\/11\/kontrol-etiketi-kirmizi-x_23.07.2022_96d7f51-768x768.png 768w, https:\/\/sunsmiletravel.com\/wp-content\/uploads\/2024\/11\/kontrol-etiketi-kirmizi-x_23.07.2022_96d7f51.png 1000w\" sizes=\"auto, (max-width: 15px) 100vw, 15px\" \/><\/i>Propinas para el conductor y el gu\u00eda<\/p>\n\t\t<\/div>\n\t\t\t\t\t<\/div>\n\n\t\n<\/div>\n<div class=\"row\"  id=\"row-1563943302\">\n\n\t<div id=\"col-342673584\" class=\"col small-12 large-12\"  >\n\t\t\t\t<div class=\"col-inner\"  >\n\t\t\t\n\t\t\t\n<h2 id=\"st-faq\" class=\"st-heading-section\">Preguntas m\u00e1s frecuentes<\/h2>\n<p>&#8211; Se requiere un dep\u00f3sito del 20 % en la mayor\u00eda de los viajes. &#8212; Usd&amp;Eur para el pago por adelantado (puedes pagar con el enlace de pago por adelantado o con el Formulario de pago. <\/p>\n<p>&#8211; Se requiere saldo a la llegada a Turqu\u00eda, &#8212; Usd &amp; Eur <strong>en efectivo o tarjeta de cr\u00e9dito<\/strong><\/p>\n<p><a href=\"https:\/\/sunsmiletravel.com\/tour\/advance-payment\/\">Enlace de pago por adelantado: https:\/\/sunsmiletravel.com\/tour\/advance-payment\/<\/a><\/p>\n\t\t<\/div>\n\t\t\t\t\t<\/div>\n\n\t\n<\/div>\n","protected":false},"excerpt":{"rendered":"<p>Duraci\u00f3n 1 d\u00eda Tipo de visita Recorrido espec\u00edfico Tama\u00f1o del grupo 20 personas Idiomas Ingl\u00e9s, espa\u00f1ol Chino, portugu\u00e9s Visi\u00f3n general Sum\u00e9rgete en la rica historia y vibrante cultura de Estambul con el Tour de Medio D\u00eda por la Ma\u00f1ana al Palacio Topkap\u0131 y el Gran Bazar. Este tour cuidadosamente dise\u00f1ado te lleva a dos de [&#8230;]\n","protected":false},"featured_media":9667,"comment_status":"open","ping_status":"closed","template":"","meta":{"footnotes":""},"product_brand":[],"product_cat":[245],"product_tag":[],"class_list":{"0":"post-10459","1":"product","2":"type-product","3":"status-publish","4":"has-post-thumbnail","6":"product_cat-estambul","8":"first","9":"instock","10":"virtual","11":"sold-individually","12":"purchasable","13":"product-type-booking"},"_links":{"self":[{"href":"https:\/\/sunsmiletravel.com\/es\/wp-json\/wp\/v2\/product\/10459","targetHints":{"allow":["GET"]}}],"collection":[{"href":"https:\/\/sunsmiletravel.com\/es\/wp-json\/wp\/v2\/product"}],"about":[{"href":"https:\/\/sunsmiletravel.com\/es\/wp-json\/wp\/v2\/types\/product"}],"replies":[{"embeddable":true,"href":"https:\/\/sunsmiletravel.com\/es\/wp-json\/wp\/v2\/comments?post=10459"}],"version-history":[{"count":0,"href":"https:\/\/sunsmiletravel.com\/es\/wp-json\/wp\/v2\/product\/10459\/revisions"}],"wp:featuredmedia":[{"embeddable":true,"href":"https:\/\/sunsmiletravel.com\/es\/wp-json\/wp\/v2\/media\/9667"}],"wp:attachment":[{"href":"https:\/\/sunsmiletravel.com\/es\/wp-json\/wp\/v2\/media?parent=10459"}],"wp:term":[{"taxonomy":"product_brand","embeddable":true,"href":"https:\/\/sunsmiletravel.com\/es\/wp-json\/wp\/v2\/product_brand?post=10459"},{"taxonomy":"product_cat","embeddable":true,"href":"https:\/\/sunsmiletravel.com\/es\/wp-json\/wp\/v2\/product_cat?post=10459"},{"taxonomy":"product_tag","embeddable":true,"href":"https:\/\/sunsmiletravel.com\/es\/wp-json\/wp\/v2\/product_tag?post=10459"}],"curies":[{"name":"wp","href":"https:\/\/api.w.org\/{rel}","templated":true}]}}