{"id":11984,"date":"2024-12-31T12:59:11","date_gmt":"2024-12-31T09:59:11","guid":{"rendered":"https:\/\/sunsmiletravel.com\/tour-de-dia-completo-topkapi-sultanahmet-hagia-sophia-todo-incluido\/"},"modified":"2025-11-20T09:39:36","modified_gmt":"2025-11-20T06:39:36","slug":"tour-de-dia-completo-topkapi-sultanahmet-hagia-sophia-todo-incluido","status":"publish","type":"product","link":"https:\/\/sunsmiletravel.com\/es\/tour-de-dia-completo-topkapi-sultanahmet-hagia-sophia-todo-incluido\/","title":{"rendered":"Tour de D\u00eda Completo Topkap\u0131 Sultanahmet Hagia Sophia \u2013 Todo Incluido"},"content":{"rendered":"<div class=\"flex-shrink-0 flex flex-col relative items-end\">\n<div>\n<div class=\"pt-0\">\n<div class=\"gizmo-bot-avatar flex h-8 w-8 items-center justify-center overflow-hidden rounded-full\">\n<div class=\"relative p-1 rounded-sm flex items-center justify-center bg-token-main-surface-primary text-token-text-primary h-8 w-8\"><\/div>\n<\/div>\n<\/div>\n<\/div>\n<\/div>\n<div class=\"group\/conversation-turn relative flex w-full min-w-0 flex-col agent-turn\">\n<div class=\"flex-col gap-1 md:gap-3\">\n<div class=\"flex max-w-full flex-col flex-grow\">\n<div class=\"min-h-8 text-message flex w-full flex-col items-end gap-2 whitespace-normal break-words text-start [.text-message+&amp;]:mt-5\" dir=\"auto\" data-message-author-role=\"assistant\" data-message-id=\"655f469f-5db2-499e-a064-d7e20c6c9a38\" data-message-model-slug=\"gpt-4o-mini\">\n<div class=\"flex w-full flex-col gap-1 empty:hidden first:pt-[3px]\">\n<div class=\"markdown prose w-full break-words dark:prose-invert light\">\n<table style=\"width: 100%; border-collapse: collapse; text-align: center; border: none;\">\n<thead>\n<tr style=\"background-color: #f4f4f;\">\n<th style=\"padding: 8px; border: none;\"><img loading=\"lazy\" decoding=\"async\" class=\"wp-image-8991 aligncenter\" src=\"https:\/\/sunsmiletravel.com\/wp-content\/uploads\/2024\/11\/%E2%80%94Pngtree%E2%80%94vector-clock-_3787755-300x300.png\" alt=\"\" width=\"75\" height=\"75\"><\/th>\n<th style=\"padding: 8px; border: none;\"><img loading=\"lazy\" decoding=\"async\" class=\"wp-image-9003 aligncenter\" src=\"https:\/\/sunsmiletravel.com\/wp-content\/uploads\/2024\/11\/AdobeStock_295721492-300x281.jpeg\" alt=\"\" width=\"75\" height=\"70\" srcset=\"https:\/\/sunsmiletravel.com\/wp-content\/uploads\/2024\/11\/AdobeStock_295721492-300x281.jpeg 300w, https:\/\/sunsmiletravel.com\/wp-content\/uploads\/2024\/11\/AdobeStock_295721492-scaled-800x750.jpeg 800w, https:\/\/sunsmiletravel.com\/wp-content\/uploads\/2024\/11\/AdobeStock_295721492-1024x960.jpeg 1024w, https:\/\/sunsmiletravel.com\/wp-content\/uploads\/2024\/11\/AdobeStock_295721492-768x720.jpeg 768w, https:\/\/sunsmiletravel.com\/wp-content\/uploads\/2024\/11\/AdobeStock_295721492-1536x1440.jpeg 1536w, https:\/\/sunsmiletravel.com\/wp-content\/uploads\/2024\/11\/AdobeStock_295721492-2048x1920.jpeg 2048w\" sizes=\"auto, (max-width: 75px) 100vw, 75px\" \/><\/th>\n<th style=\"padding: 8px; border: none;\"><img loading=\"lazy\" decoding=\"async\" class=\"wp-image-9007 aligncenter\" src=\"https:\/\/sunsmiletravel.com\/wp-content\/uploads\/2024\/11\/%E2%80%94Pngtree%E2%80%94team-black-and-white-group_4154805-1-300x217.png\" alt=\"\" width=\"75\" height=\"54\"><\/th>\n<th style=\"padding: 8px; border: none;\"><img loading=\"lazy\" decoding=\"async\" class=\"wp-image-8995 aligncenter\" src=\"https:\/\/sunsmiletravel.com\/wp-content\/uploads\/2024\/11\/2793765-300x300.png\" alt=\"\" width=\"55\" height=\"55\" srcset=\"https:\/\/sunsmiletravel.com\/wp-content\/uploads\/2024\/11\/2793765-300x300.png 300w, https:\/\/sunsmiletravel.com\/wp-content\/uploads\/2024\/11\/2793765-100x100.png 100w, https:\/\/sunsmiletravel.com\/wp-content\/uploads\/2024\/11\/2793765-150x150.png 150w, https:\/\/sunsmiletravel.com\/wp-content\/uploads\/2024\/11\/2793765-510x510.png 510w, https:\/\/sunsmiletravel.com\/wp-content\/uploads\/2024\/11\/2793765.png 512w\" sizes=\"auto, (max-width: 55px) 100vw, 55px\" \/><\/th>\n<\/tr>\n<\/thead>\n<tbody>\n<tr>\n<td style=\"padding: 8px; border: none;\">\n<div class=\"name\" style=\"text-align: center;\"><strong>Duraci\u00f3n<\/strong><\/div>\n<p class=\"value\" style=\"text-align: center;\">1 d\u00eda<\/p>\n<\/td>\n<td style=\"padding: 8px; border: none;\">\n<div class=\"name\" style=\"text-align: center;\"><strong>Tipo de visita<\/strong><\/div>\n<p class=\"value\" style=\"text-align: center;\">Recorrido espec\u00edfico<\/p>\n<\/td>\n<td style=\"padding: 8px; border: none;\">\n<div class=\"name\" style=\"text-align: center;\"><strong>Tama\u00f1o del grupo<\/strong><\/div>\n<p class=\"value\" style=\"text-align: center;\">20 personas<\/p>\n<\/td>\n<td style=\"padding: 8px; border: none;\">\n<div class=\"name\" style=\"text-align: center;\"><strong>Idiomas<\/strong><\/div>\n<p class=\"value\" style=\"text-align: center;\">Ingl\u00e9s, espa\u00f1ol<br \/>\nChino, portugu\u00e9s<\/p>\n<\/td>\n<\/tr>\n<\/tbody>\n<\/table>\n<h3><strong>Tour de D\u00eda Completo Topkap\u0131, Sultanahmet y Hagia Sophia<\/strong><\/h3>\n<h4>Descripci\u00f3n general:<\/p>\n<p><\/h4>\n<p>Tour de D\u00eda Completo Topkap\u0131 Sultanahmet Hagia Sophia \u2013 Todo Incluido:<br \/>\u00a1Ad\u00e9ntrate en el coraz\u00f3n de Estambul y descubre su rica historia con nuestro Tour de D\u00eda Completo por Sultanahmet, el Palacio de Topkap\u0131, la Hagia Sophia y mucho m\u00e1s! Sum\u00e9rgete en la belleza eterna de estos monumentos ic\u00f3nicos que cuentan la historia del vibrante pasado de la ciudad. <\/p>\n<p>Pasea por la Plaza de Sultanahmet, marav\u00edllate con la impresionante c\u00fapula de la Hagia Sophia y explora la grandiosidad del Palacio de Topkap\u0131. Vive la mezcla de culturas, historia y esplendor arquitect\u00f3nico que hace de Estambul un lugar verdaderamente \u00fanico. Este tour te ofrece la oportunidad perfecta para sumergirte profundamente en el alma de la ciudad.<\/p>\n<p>  <\/p>\n<h4>Qu\u00e9 esperar:<\/h4>\n<p>Palacio de Topkap\u0131<br \/>\nEl Palacio de Topkap\u0131 fue la antigua residencia de los sultanes otomanos y el centro de su imperio. Ubicado en el distrito de Fatih, este majestuoso palacio alberga exquisitas colecciones de tesoros otomanos, reliquias sagradas y artefactos imperiales.<br \/>(Nota: El Palacio de Topkap\u0131 cierra los martes; en esos d\u00edas visitaremos la Cisterna Bas\u00edlica).  <\/p>\n<p>Mezquita de Santa Sof\u00eda (Hagia Sophia Mosque)<br \/>Construida en el a\u00f1o 537 como catedral, transformada en mezquita en 1453 y posteriormente convertida en museo en 1935, Santa Sof\u00eda vuelve a funcionar hoy como mezquita. Su magn\u00edfica arquitectura, especialmente su ic\u00f3nica c\u00fapula, es una visita imprescindible. <\/p>\n<p>Mezquita de Sultanahmet (Mezquita Azul)<br \/>\nFamosa por sus impresionantes azulejos azules de \u0130znik y sus seis majestuosos minaretes, la Mezquita de Sultanahmet es una maravilla arquitect\u00f3nica que se complet\u00f3 en 1616. Su atm\u00f3sfera serena y su dise\u00f1o elegante la convierten en una visita imprescindible. <\/p>\n<p>Hip\u00f3dromo (Plaza de Sultanahmet)<br \/>\nEl Hip\u00f3dromo fue el coraz\u00f3n del entretenimiento bizantino y otomano. Hoy en d\u00eda, la Plaza de Sultanahmet alberga monumentos antiguos como el Obelisco de Teodosio, la Columna Serpentina y la Fuente Alemana. Es un lugar ideal para apreciar la rica historia de la zona.  <\/p>\n<h4>No pierdas esta oportunidad de vivir lo mejor de Estambul en un solo d\u00eda inolvidable. \u00a1Reserva tu lugar ahora y emprende un viaje a trav\u00e9s del tiempo! <\/h4>\n<\/div>\n<\/div>\n<\/div>\n<\/div>\n<\/div>\n<\/div>\n<div class=\"row\"  id=\"row-1928370018\">\n\n\t<div id=\"col-629948148\" class=\"col medium-4 small-12 large-4\"  >\n\t\t\t\t<div class=\"col-inner\"  >\n\t\t\t\n\t\t\t\n<p><span style=\"color: #333333; font-size: 24.16px;\">It\u0131nerario<\/span><\/p>\n<div class=\"included-excluded\" data-wp-editing=\"1\">\n<p><span style=\"color: #339966; font-size: 120%;\"><img loading=\"lazy\" decoding=\"async\" class=\"alignnone wp-image-9764\" src=\"https:\/\/sunsmiletravel.com\/wp-content\/uploads\/2024\/12\/25530-300x300.jpg\" alt=\"\" width=\"22\" height=\"22\" srcset=\"https:\/\/sunsmiletravel.com\/wp-content\/uploads\/2024\/12\/25530-300x300.jpg 300w, https:\/\/sunsmiletravel.com\/wp-content\/uploads\/2024\/12\/25530-scaled-100x100.jpg 100w, https:\/\/sunsmiletravel.com\/wp-content\/uploads\/2024\/12\/25530-scaled-800x800.jpg 800w, https:\/\/sunsmiletravel.com\/wp-content\/uploads\/2024\/12\/25530-1024x1024.jpg 1024w, https:\/\/sunsmiletravel.com\/wp-content\/uploads\/2024\/12\/25530-150x150.jpg 150w, https:\/\/sunsmiletravel.com\/wp-content\/uploads\/2024\/12\/25530-768x768.jpg 768w, https:\/\/sunsmiletravel.com\/wp-content\/uploads\/2024\/12\/25530-1536x1536.jpg 1536w, https:\/\/sunsmiletravel.com\/wp-content\/uploads\/2024\/12\/25530-2048x2048.jpg 2048w\" sizes=\"auto, (max-width: 22px) 100vw, 22px\" \/><\/span> <strong> Topkap\u0131 Palace<\/strong><\/p>\n<p><span style=\"color: #339966; font-size: 120%;\"><img loading=\"lazy\" decoding=\"async\" class=\"alignnone wp-image-9764\" src=\"https:\/\/sunsmiletravel.com\/wp-content\/uploads\/2024\/12\/25530-300x300.jpg\" alt=\"\" width=\"27\" height=\"27\" srcset=\"https:\/\/sunsmiletravel.com\/wp-content\/uploads\/2024\/12\/25530-300x300.jpg 300w, https:\/\/sunsmiletravel.com\/wp-content\/uploads\/2024\/12\/25530-scaled-100x100.jpg 100w, https:\/\/sunsmiletravel.com\/wp-content\/uploads\/2024\/12\/25530-scaled-800x800.jpg 800w, https:\/\/sunsmiletravel.com\/wp-content\/uploads\/2024\/12\/25530-1024x1024.jpg 1024w, https:\/\/sunsmiletravel.com\/wp-content\/uploads\/2024\/12\/25530-150x150.jpg 150w, https:\/\/sunsmiletravel.com\/wp-content\/uploads\/2024\/12\/25530-768x768.jpg 768w, https:\/\/sunsmiletravel.com\/wp-content\/uploads\/2024\/12\/25530-1536x1536.jpg 1536w, https:\/\/sunsmiletravel.com\/wp-content\/uploads\/2024\/12\/25530-2048x2048.jpg 2048w\" sizes=\"auto, (max-width: 27px) 100vw, 27px\" \/><\/span><strong> Hagia Sophia Mosque<\/strong><\/p>\n<p><span style=\"color: #339966; font-size: 120%;\"><img loading=\"lazy\" decoding=\"async\" class=\"alignnone wp-image-9764\" src=\"https:\/\/sunsmiletravel.com\/wp-content\/uploads\/2024\/12\/25530-300x300.jpg\" alt=\"\" width=\"27\" height=\"27\" srcset=\"https:\/\/sunsmiletravel.com\/wp-content\/uploads\/2024\/12\/25530-300x300.jpg 300w, https:\/\/sunsmiletravel.com\/wp-content\/uploads\/2024\/12\/25530-scaled-100x100.jpg 100w, https:\/\/sunsmiletravel.com\/wp-content\/uploads\/2024\/12\/25530-scaled-800x800.jpg 800w, https:\/\/sunsmiletravel.com\/wp-content\/uploads\/2024\/12\/25530-1024x1024.jpg 1024w, https:\/\/sunsmiletravel.com\/wp-content\/uploads\/2024\/12\/25530-150x150.jpg 150w, https:\/\/sunsmiletravel.com\/wp-content\/uploads\/2024\/12\/25530-768x768.jpg 768w, https:\/\/sunsmiletravel.com\/wp-content\/uploads\/2024\/12\/25530-1536x1536.jpg 1536w, https:\/\/sunsmiletravel.com\/wp-content\/uploads\/2024\/12\/25530-2048x2048.jpg 2048w\" sizes=\"auto, (max-width: 27px) 100vw, 27px\" \/><\/span><strong>Sultanahmet Mosque (Blue Mosque)<\/strong><\/p>\n<p><span style=\"color: #339966; font-size: 120%;\"><img loading=\"lazy\" decoding=\"async\" class=\"alignnone wp-image-9764\" src=\"https:\/\/sunsmiletravel.com\/wp-content\/uploads\/2024\/12\/25530-300x300.jpg\" alt=\"\" width=\"27\" height=\"27\" srcset=\"https:\/\/sunsmiletravel.com\/wp-content\/uploads\/2024\/12\/25530-300x300.jpg 300w, https:\/\/sunsmiletravel.com\/wp-content\/uploads\/2024\/12\/25530-scaled-100x100.jpg 100w, https:\/\/sunsmiletravel.com\/wp-content\/uploads\/2024\/12\/25530-scaled-800x800.jpg 800w, https:\/\/sunsmiletravel.com\/wp-content\/uploads\/2024\/12\/25530-1024x1024.jpg 1024w, https:\/\/sunsmiletravel.com\/wp-content\/uploads\/2024\/12\/25530-150x150.jpg 150w, https:\/\/sunsmiletravel.com\/wp-content\/uploads\/2024\/12\/25530-768x768.jpg 768w, https:\/\/sunsmiletravel.com\/wp-content\/uploads\/2024\/12\/25530-1536x1536.jpg 1536w, https:\/\/sunsmiletravel.com\/wp-content\/uploads\/2024\/12\/25530-2048x2048.jpg 2048w\" sizes=\"auto, (max-width: 27px) 100vw, 27px\" \/><\/span><strong>Hippodrome (Sultanahmet Square)<\/strong><\/p>\n<h4><\/h4>\n<p><strong> <\/strong><\/p>\n<\/div>\n\t\t<\/div>\n\t\t\t\t\t<\/div>\n\n\t\n\n\t<div id=\"col-1413847771\" class=\"col medium-4 small-12 large-4\"  >\n\t\t\t\t<div class=\"col-inner\"  >\n\t\t\t\n\t\t\t\n<p><span style=\"color: #333333; font-size: 24.16px;\">Incluido:<\/span><\/p>\n<div class=\"included-excluded\" data-wp-editing=\"1\">\n<p><span style=\"color: #339966; font-size: 120%;\"><img loading=\"lazy\" decoding=\"async\" class=\"alignnone wp-image-9011\" src=\"https:\/\/sunsmiletravel.com\/wp-content\/uploads\/2024\/11\/png-transparent-right-mark-tick-thumbnail-300x295.png\" alt=\"\" width=\"22\" height=\"21\" srcset=\"https:\/\/sunsmiletravel.com\/wp-content\/uploads\/2024\/11\/png-transparent-right-mark-tick-thumbnail-300x295.png 300w, https:\/\/sunsmiletravel.com\/wp-content\/uploads\/2024\/11\/png-transparent-right-mark-tick-thumbnail-100x100.png 100w, https:\/\/sunsmiletravel.com\/wp-content\/uploads\/2024\/11\/png-transparent-right-mark-tick-thumbnail-150x150.png 150w, https:\/\/sunsmiletravel.com\/wp-content\/uploads\/2024\/11\/png-transparent-right-mark-tick-thumbnail.png 360w\" sizes=\"auto, (max-width: 22px) 100vw, 22px\" \/> <\/span>Transporte en autocar con aire acondicionado durante todo el recorrido.<\/p>\n<p><span style=\"color: #339966; font-size: 120%;\"><img loading=\"lazy\" decoding=\"async\" class=\"alignnone wp-image-9011\" src=\"https:\/\/sunsmiletravel.com\/wp-content\/uploads\/2024\/11\/png-transparent-right-mark-tick-thumbnail-300x295.png\" alt=\"\" width=\"22\" height=\"21\" srcset=\"https:\/\/sunsmiletravel.com\/wp-content\/uploads\/2024\/11\/png-transparent-right-mark-tick-thumbnail-300x295.png 300w, https:\/\/sunsmiletravel.com\/wp-content\/uploads\/2024\/11\/png-transparent-right-mark-tick-thumbnail-100x100.png 100w, https:\/\/sunsmiletravel.com\/wp-content\/uploads\/2024\/11\/png-transparent-right-mark-tick-thumbnail-150x150.png 150w, https:\/\/sunsmiletravel.com\/wp-content\/uploads\/2024\/11\/png-transparent-right-mark-tick-thumbnail.png 360w\" sizes=\"auto, (max-width: 22px) 100vw, 22px\" \/> Comidas locales est\u00e1ndar, excursiones tur\u00edsticas<\/span><\/p>\n<p><span style=\"color: #339966; font-size: 120%;\"><img loading=\"lazy\" decoding=\"async\" class=\"alignnone wp-image-9011\" src=\"https:\/\/sunsmiletravel.com\/wp-content\/uploads\/2024\/11\/png-transparent-right-mark-tick-thumbnail-300x295.png\" alt=\"\" width=\"22\" height=\"21\" srcset=\"https:\/\/sunsmiletravel.com\/wp-content\/uploads\/2024\/11\/png-transparent-right-mark-tick-thumbnail-300x295.png 300w, https:\/\/sunsmiletravel.com\/wp-content\/uploads\/2024\/11\/png-transparent-right-mark-tick-thumbnail-100x100.png 100w, https:\/\/sunsmiletravel.com\/wp-content\/uploads\/2024\/11\/png-transparent-right-mark-tick-thumbnail-150x150.png 150w, https:\/\/sunsmiletravel.com\/wp-content\/uploads\/2024\/11\/png-transparent-right-mark-tick-thumbnail.png 360w\" sizes=\"auto, (max-width: 22px) 100vw, 22px\" \/>Gu\u00eda tur\u00edstico licenciado que habla ingl\u00e9s, chino, portugu\u00e9s y espa\u00f1ol<\/span><\/p>\n<p><span style=\"color: #339966; font-size: 120%;\"><img loading=\"lazy\" decoding=\"async\" class=\"alignnone wp-image-9011\" src=\"https:\/\/sunsmiletravel.com\/wp-content\/uploads\/2024\/11\/png-transparent-right-mark-tick-thumbnail-300x295.png\" alt=\"\" width=\"22\" height=\"21\" srcset=\"https:\/\/sunsmiletravel.com\/wp-content\/uploads\/2024\/11\/png-transparent-right-mark-tick-thumbnail-300x295.png 300w, https:\/\/sunsmiletravel.com\/wp-content\/uploads\/2024\/11\/png-transparent-right-mark-tick-thumbnail-100x100.png 100w, https:\/\/sunsmiletravel.com\/wp-content\/uploads\/2024\/11\/png-transparent-right-mark-tick-thumbnail-150x150.png 150w, https:\/\/sunsmiletravel.com\/wp-content\/uploads\/2024\/11\/png-transparent-right-mark-tick-thumbnail.png 360w\" sizes=\"auto, (max-width: 22px) 100vw, 22px\" \/> Lunch<\/span><\/p>\n<p><span style=\"color: #339966; font-size: 120%;\"> <img loading=\"lazy\" decoding=\"async\" class=\"alignnone wp-image-9011\" src=\"https:\/\/sunsmiletravel.com\/wp-content\/uploads\/2024\/11\/png-transparent-right-mark-tick-thumbnail-300x295.png\" alt=\"\" width=\"22\" height=\"21\" srcset=\"https:\/\/sunsmiletravel.com\/wp-content\/uploads\/2024\/11\/png-transparent-right-mark-tick-thumbnail-300x295.png 300w, https:\/\/sunsmiletravel.com\/wp-content\/uploads\/2024\/11\/png-transparent-right-mark-tick-thumbnail-100x100.png 100w, https:\/\/sunsmiletravel.com\/wp-content\/uploads\/2024\/11\/png-transparent-right-mark-tick-thumbnail-150x150.png 150w, https:\/\/sunsmiletravel.com\/wp-content\/uploads\/2024\/11\/png-transparent-right-mark-tick-thumbnail.png 360w\" sizes=\"auto, (max-width: 22px) 100vw, 22px\" \/><\/span>Entradas a los museos<\/p>\n<\/div>\n\t\t<\/div>\n\t\t\t\t\t<\/div>\n\n\t\n\n\t<div id=\"col-1033463328\" class=\"col medium-4 small-12 large-4\"  >\n\t\t\t\t<div class=\"col-inner\"  >\n\t\t\t\n\t\t\t\n<h2 id=\"headingInExClude\" class=\"st-heading-section\">Excluidos<\/h2>\n<p><i class=\"stt-icon-close\"><img loading=\"lazy\" decoding=\"async\" class=\"alignleft wp-image-9015\" src=\"https:\/\/sunsmiletravel.com\/wp-content\/uploads\/2024\/11\/kontrol-etiketi-kirmizi-x_23.07.2022_96d7f51-300x300.png\" alt=\"\" width=\"15\" height=\"15\" srcset=\"https:\/\/sunsmiletravel.com\/wp-content\/uploads\/2024\/11\/kontrol-etiketi-kirmizi-x_23.07.2022_96d7f51-300x300.png 300w, https:\/\/sunsmiletravel.com\/wp-content\/uploads\/2024\/11\/kontrol-etiketi-kirmizi-x_23.07.2022_96d7f51-100x100.png 100w, https:\/\/sunsmiletravel.com\/wp-content\/uploads\/2024\/11\/kontrol-etiketi-kirmizi-x_23.07.2022_96d7f51-800x800.png 800w, https:\/\/sunsmiletravel.com\/wp-content\/uploads\/2024\/11\/kontrol-etiketi-kirmizi-x_23.07.2022_96d7f51-150x150.png 150w, https:\/\/sunsmiletravel.com\/wp-content\/uploads\/2024\/11\/kontrol-etiketi-kirmizi-x_23.07.2022_96d7f51-768x768.png 768w, https:\/\/sunsmiletravel.com\/wp-content\/uploads\/2024\/11\/kontrol-etiketi-kirmizi-x_23.07.2022_96d7f51.png 1000w\" sizes=\"auto, (max-width: 15px) 100vw, 15px\" \/><\/i>Refrescos l\u00edquidos durante las visitas y las comidas<\/p>\n<p><i class=\"stt-icon-close\"><img loading=\"lazy\" decoding=\"async\" class=\"alignleft wp-image-9015\" src=\"https:\/\/sunsmiletravel.com\/wp-content\/uploads\/2024\/11\/kontrol-etiketi-kirmizi-x_23.07.2022_96d7f51-300x300.png\" alt=\"\" width=\"15\" height=\"15\" srcset=\"https:\/\/sunsmiletravel.com\/wp-content\/uploads\/2024\/11\/kontrol-etiketi-kirmizi-x_23.07.2022_96d7f51-300x300.png 300w, https:\/\/sunsmiletravel.com\/wp-content\/uploads\/2024\/11\/kontrol-etiketi-kirmizi-x_23.07.2022_96d7f51-100x100.png 100w, https:\/\/sunsmiletravel.com\/wp-content\/uploads\/2024\/11\/kontrol-etiketi-kirmizi-x_23.07.2022_96d7f51-800x800.png 800w, https:\/\/sunsmiletravel.com\/wp-content\/uploads\/2024\/11\/kontrol-etiketi-kirmizi-x_23.07.2022_96d7f51-150x150.png 150w, https:\/\/sunsmiletravel.com\/wp-content\/uploads\/2024\/11\/kontrol-etiketi-kirmizi-x_23.07.2022_96d7f51-768x768.png 768w, https:\/\/sunsmiletravel.com\/wp-content\/uploads\/2024\/11\/kontrol-etiketi-kirmizi-x_23.07.2022_96d7f51.png 1000w\" sizes=\"auto, (max-width: 15px) 100vw, 15px\" \/><\/i>Visitas opcionales<\/p>\n<p><i class=\"stt-icon-close\"><img loading=\"lazy\" decoding=\"async\" class=\"alignleft wp-image-9015\" src=\"https:\/\/sunsmiletravel.com\/wp-content\/uploads\/2024\/11\/kontrol-etiketi-kirmizi-x_23.07.2022_96d7f51-300x300.png\" alt=\"\" width=\"15\" height=\"15\" srcset=\"https:\/\/sunsmiletravel.com\/wp-content\/uploads\/2024\/11\/kontrol-etiketi-kirmizi-x_23.07.2022_96d7f51-300x300.png 300w, https:\/\/sunsmiletravel.com\/wp-content\/uploads\/2024\/11\/kontrol-etiketi-kirmizi-x_23.07.2022_96d7f51-100x100.png 100w, https:\/\/sunsmiletravel.com\/wp-content\/uploads\/2024\/11\/kontrol-etiketi-kirmizi-x_23.07.2022_96d7f51-800x800.png 800w, https:\/\/sunsmiletravel.com\/wp-content\/uploads\/2024\/11\/kontrol-etiketi-kirmizi-x_23.07.2022_96d7f51-150x150.png 150w, https:\/\/sunsmiletravel.com\/wp-content\/uploads\/2024\/11\/kontrol-etiketi-kirmizi-x_23.07.2022_96d7f51-768x768.png 768w, https:\/\/sunsmiletravel.com\/wp-content\/uploads\/2024\/11\/kontrol-etiketi-kirmizi-x_23.07.2022_96d7f51.png 1000w\" sizes=\"auto, (max-width: 15px) 100vw, 15px\" \/><\/i>Gastos personales<\/p>\n<p><i class=\"stt-icon-close\"><img loading=\"lazy\" decoding=\"async\" class=\"alignleft wp-image-9015\" src=\"https:\/\/sunsmiletravel.com\/wp-content\/uploads\/2024\/11\/kontrol-etiketi-kirmizi-x_23.07.2022_96d7f51-300x300.png\" alt=\"\" width=\"15\" height=\"15\" srcset=\"https:\/\/sunsmiletravel.com\/wp-content\/uploads\/2024\/11\/kontrol-etiketi-kirmizi-x_23.07.2022_96d7f51-300x300.png 300w, https:\/\/sunsmiletravel.com\/wp-content\/uploads\/2024\/11\/kontrol-etiketi-kirmizi-x_23.07.2022_96d7f51-100x100.png 100w, https:\/\/sunsmiletravel.com\/wp-content\/uploads\/2024\/11\/kontrol-etiketi-kirmizi-x_23.07.2022_96d7f51-800x800.png 800w, https:\/\/sunsmiletravel.com\/wp-content\/uploads\/2024\/11\/kontrol-etiketi-kirmizi-x_23.07.2022_96d7f51-150x150.png 150w, https:\/\/sunsmiletravel.com\/wp-content\/uploads\/2024\/11\/kontrol-etiketi-kirmizi-x_23.07.2022_96d7f51-768x768.png 768w, https:\/\/sunsmiletravel.com\/wp-content\/uploads\/2024\/11\/kontrol-etiketi-kirmizi-x_23.07.2022_96d7f51.png 1000w\" sizes=\"auto, (max-width: 15px) 100vw, 15px\" \/><\/i>Propinas para el conductor y el gu\u00eda<\/p>\n\t\t<\/div>\n\t\t\t\t\t<\/div>\n\n\t\n<\/div>\n<div class=\"row\"  id=\"row-831007075\">\n\n\t<div id=\"col-1336780927\" class=\"col small-12 large-12\"  >\n\t\t\t\t<div class=\"col-inner\"  >\n\t\t\t\n\t\t\t\n<h2 id=\"st-faq\" class=\"st-heading-section\">Preguntas m\u00e1s frecuentes<\/h2>\n<p>&#8211; Se requiere un dep\u00f3sito del 20 % en la mayor\u00eda de los viajes. &#8212; Usd&amp;Eur para el pago por adelantado (puedes pagar con el enlace de pago por adelantado o con el Formulario de pago. <\/p>\n<p>&#8211; Se requiere saldo a la llegada a Turqu\u00eda, &#8212; Usd &amp; Eur <strong>en efectivo o tarjeta de cr\u00e9dito<\/strong><\/p>\n<p><a href=\"https:\/\/sunsmiletravel.com\/tour\/advance-payment\/\">Enlace de pago por adelantado: https:\/\/sunsmiletravel.com\/tour\/advance-payment\/<\/a><\/p>\n\t\t<\/div>\n\t\t\t\t\t<\/div>\n\n\t\n<\/div>\n","protected":false},"excerpt":{"rendered":"<p>Duraci\u00f3n 1 d\u00eda Tipo de visita Recorrido espec\u00edfico Tama\u00f1o del grupo 20 personas Idiomas Ingl\u00e9s, espa\u00f1ol Chino, portugu\u00e9s Tour de D\u00eda Completo Topkap\u0131, Sultanahmet y Hagia Sophia Descripci\u00f3n general: Tour de D\u00eda Completo Topkap\u0131 Sultanahmet Hagia Sophia \u2013 Todo Incluido:\u00a1Ad\u00e9ntrate en el coraz\u00f3n de Estambul y descubre su rica historia con nuestro Tour de D\u00eda [&#8230;]\n","protected":false},"featured_media":10183,"comment_status":"open","ping_status":"closed","template":"","meta":{"footnotes":""},"product_brand":[],"product_cat":[245],"product_tag":[],"class_list":{"0":"post-11984","1":"product","2":"type-product","3":"status-publish","4":"has-post-thumbnail","6":"product_cat-estambul","8":"first","9":"instock","10":"virtual","11":"sold-individually","12":"purchasable","13":"product-type-booking"},"_links":{"self":[{"href":"https:\/\/sunsmiletravel.com\/es\/wp-json\/wp\/v2\/product\/11984","targetHints":{"allow":["GET"]}}],"collection":[{"href":"https:\/\/sunsmiletravel.com\/es\/wp-json\/wp\/v2\/product"}],"about":[{"href":"https:\/\/sunsmiletravel.com\/es\/wp-json\/wp\/v2\/types\/product"}],"replies":[{"embeddable":true,"href":"https:\/\/sunsmiletravel.com\/es\/wp-json\/wp\/v2\/comments?post=11984"}],"version-history":[{"count":0,"href":"https:\/\/sunsmiletravel.com\/es\/wp-json\/wp\/v2\/product\/11984\/revisions"}],"wp:featuredmedia":[{"embeddable":true,"href":"https:\/\/sunsmiletravel.com\/es\/wp-json\/wp\/v2\/media\/10183"}],"wp:attachment":[{"href":"https:\/\/sunsmiletravel.com\/es\/wp-json\/wp\/v2\/media?parent=11984"}],"wp:term":[{"taxonomy":"product_brand","embeddable":true,"href":"https:\/\/sunsmiletravel.com\/es\/wp-json\/wp\/v2\/product_brand?post=11984"},{"taxonomy":"product_cat","embeddable":true,"href":"https:\/\/sunsmiletravel.com\/es\/wp-json\/wp\/v2\/product_cat?post=11984"},{"taxonomy":"product_tag","embeddable":true,"href":"https:\/\/sunsmiletravel.com\/es\/wp-json\/wp\/v2\/product_tag?post=11984"}],"curies":[{"name":"wp","href":"https:\/\/api.w.org\/{rel}","templated":true}]}}