{"id":12316,"date":"2026-03-05T15:05:26","date_gmt":"2026-03-05T12:05:26","guid":{"rendered":"https:\/\/sunsmiletravel.com\/traslado-privado-al-aeropuerto-de-estambul\/"},"modified":"2026-03-05T15:05:26","modified_gmt":"2026-03-05T12:05:26","slug":"traslado-privado-al-aeropuerto-de-estambul","status":"publish","type":"product","link":"https:\/\/sunsmiletravel.com\/es\/traslado-privado-al-aeropuerto-de-estambul\/","title":{"rendered":"Traslado privado al aeropuerto de Estambul"},"content":{"rendered":"<h1 data-start=\"133\" data-end=\"217\">7 razones por las que el traslado privado al aeropuerto de Estambul es la mejor forma de empezar tu viaje<\/h1>\n<p data-start=\"219\" data-end=\"598\">Viajar a Estambul es una experiencia inolvidable. La ciudad conecta Europa y Asia y ofrece una combinaci\u00f3n \u00fanica de historia, cultura y vida moderna. Sin embargo, llegar a un aeropuerto concurrido en una ciudad tan grande puede resultar abrumador. Por eso, reservar un <strong data-start=\"490\" data-end=\"527\">traslado privado al aeropuerto de Estambul<\/strong> es una de las decisiones m\u00e1s inteligentes que puedes tomar al planificar tu viaje.   <\/p>\n<p data-start=\"600\" data-end=\"931\">Un <strong data-start=\"603\" data-end=\"640\">traslado privado al aeropuerto de Estambul<\/strong> te ofrece una forma c\u00f3moda, segura y sin estr\u00e9s de viajar desde el aeropuerto de Estambul (IST) o el aeropuerto Sabiha G\u00f6k\u00e7en (SAW) hasta tu hotel. En lugar de lidiar con el transporte p\u00fablico abarrotado o esperar largas colas de taxi, puedes disfrutar de un servicio fluido de puerta a puerta con un conductor profesional. <\/p>\n<p data-start=\"933\" data-end=\"1054\">En esta entrada del blog, exploraremos los motivos m\u00e1s importantes por los que los viajeros prefieren los traslados privados al aeropuerto en Estambul.<\/p>\n<h2 data-start=\"1061\" data-end=\"1095\">Veh\u00edculos c\u00f3modos y de lujo<\/h2>\n<p data-start=\"1097\" data-end=\"1321\">Una de las mayores ventajas de reservar un <strong data-start=\"1141\" data-end=\"1178\">traslado privado al aeropuerto de Estambul<\/strong> es la comodidad de los veh\u00edculos modernos. Tras un largo vuelo internacional, lo \u00faltimo que quieren los viajeros es apretujarse en un autob\u00fas o metro lleno de gente. <\/p>\n<p data-start=\"1323\" data-end=\"1628\">Los servicios de traslado privado suelen ofrecer veh\u00edculos de lujo como furgonetas Mercedes Vito o Mercedes Sprinter. Estos veh\u00edculos disponen de asientos espaciosos, aire acondicionado y mucho espacio para el equipaje. Ya sea que viajes solo, en familia o en grupo, un traslado privado te garantiza un viaje c\u00f3modo.  <\/p>\n<h2 data-start=\"1635\" data-end=\"1676\">Experiencia de llegada al aeropuerto sin estr\u00e9s<\/h2>\n<p data-start=\"1678\" data-end=\"1841\">Los aeropuertos de Estambul se encuentran entre los m\u00e1s transitados del mundo. Para quienes visitan la ciudad por primera vez, orientarse en el aeropuerto y encontrar transporte puede resultar confuso. <\/p>\n<p data-start=\"1843\" data-end=\"2104\">Con un <strong data-start=\"1851\" data-end=\"1888\">traslado privado al aeropuerto de Estambul<\/strong>, tu conductor te estar\u00e1 esperando en la puerta de llegadas con un cartel con tu nombre. Este servicio de bienvenida facilita enormemente el proceso y elimina el estr\u00e9s de buscar transporte tras el aterrizaje. <\/p>\n<p data-start=\"2106\" data-end=\"2196\">Tu conductor tambi\u00e9n te ayudar\u00e1 con el equipaje y te guiar\u00e1 directamente hasta tu veh\u00edculo.<\/p>\n<hr data-start=\"2198\" data-end=\"2201\">\n<h2 data-start=\"2203\" data-end=\"2233\">Transporte de puerta a puerta<\/h2>\n<p data-start=\"2235\" data-end=\"2359\">Otra ventaja importante de elegir un <strong data-start=\"2278\" data-end=\"2315\">traslado privado al aeropuerto de Estambul<\/strong> es la comodidad del servicio de puerta a puerta.<\/p>\n<p data-start=\"2361\" data-end=\"2604\">En lugar de parar en varios lugares como los servicios de lanzadera compartidos, un traslado privado te lleva directamente desde el aeropuerto hasta tu hotel o alojamiento. Esto ahorra tiempo y garantiza que llegues a tu destino de forma r\u00e1pida y c\u00f3moda. <\/p>\n<p data-start=\"2606\" data-end=\"2685\">Este servicio es especialmente \u00fatil si te alojas en zonas populares como:<\/p>\n<ul data-start=\"2687\" data-end=\"2749\">\n<li data-start=\"2687\" data-end=\"2702\">\n<p data-start=\"2689\" data-end=\"2702\">Sultanahmet<\/p>\n<\/li>\n<li data-start=\"2703\" data-end=\"2713\">\n<p data-start=\"2705\" data-end=\"2713\">Taksim<\/p>\n<\/li>\n<li data-start=\"2714\" data-end=\"2724\">\n<p data-start=\"2716\" data-end=\"2724\">G\u00e1lata<\/p>\n<\/li>\n<li data-start=\"2725\" data-end=\"2736\">\n<p data-start=\"2727\" data-end=\"2736\">Karak\u00f6y<\/p>\n<\/li>\n<li data-start=\"2737\" data-end=\"2749\">\n<p data-start=\"2739\" data-end=\"2749\">Besiktas<\/p>\n<\/li>\n<\/ul>\n<hr data-start=\"2751\" data-end=\"2754\">\n<h2 data-start=\"2756\" data-end=\"2791\">Precios fijos y sin costes ocultos<\/h2>\n<p data-start=\"2793\" data-end=\"2986\">Las tarifas de los taxis en las grandes ciudades pueden ser impredecibles debido al tr\u00e1fico o a cargos adicionales. Al reservar un <strong data-start=\"2917\" data-end=\"2954\">traslado privado al aeropuerto de Estambul<\/strong>, el precio se fija de antemano. <\/p>\n<p data-start=\"2988\" data-end=\"3169\">Esto significa que sabes exactamente cu\u00e1nto pagar\u00e1s antes de empezar el viaje. No hay cargos ocultos, ni sorpresas, ni el estr\u00e9s de ver c\u00f3mo sube el tax\u00edmetro durante un atasco. <\/p>\n<p data-start=\"3171\" data-end=\"3264\">Esta transparencia es una de las razones principales por las que muchos viajeros prefieren los traslados privados al aeropuerto.<\/p>\n<hr data-start=\"3266\" data-end=\"3269\">\n<h2 data-start=\"3271\" data-end=\"3302\">Servicio 24\/7 para todos los vuelos<\/h2>\n<p data-start=\"3304\" data-end=\"3466\">Los vuelos llegan a Estambul a todas horas del d\u00eda y de la noche. Un servicio fiable de <strong data-start=\"3377\" data-end=\"3414\">traslado privado al aeropuerto de Estambul<\/strong> funciona las 24 horas del d\u00eda, los siete d\u00edas de la semana. <\/p>\n<p data-start=\"3468\" data-end=\"3687\">Tanto si tu vuelo aterriza de madrugada como tarde por la noche, tu conductor monitorizar\u00e1 tu vuelo y ajustar\u00e1 la hora de recogida si es necesario. Esta flexibilidad garantiza que tu traslado est\u00e9 siempre listo cuando llegues. <\/p>\n<hr data-start=\"3689\" data-end=\"3692\">\n<h2 data-start=\"3694\" data-end=\"3733\">Conductores profesionales y experimentados<\/h2>\n<p data-start=\"3735\" data-end=\"3950\">Otro beneficio clave de un <strong data-start=\"3761\" data-end=\"3798\">traslado privado al aeropuerto de Estambul<\/strong> es la profesionalidad de los conductores. Los conductores experimentados conocen muy bien la ciudad y eligen las mejores rutas para evitar el tr\u00e1fico pesado siempre que sea posible. <\/p>\n<p data-start=\"3952\" data-end=\"4113\">Tambi\u00e9n garantizan una conducci\u00f3n segura y proporcionan una experiencia de viaje fluida a los pasajeros. Para los viajeros que valoran la fiabilidad y la seguridad, este es un factor importante. <\/p>\n<hr data-start=\"4115\" data-end=\"4118\">\n<h2 data-start=\"4120\" data-end=\"4154\">Perfecto para familias y grupos<\/h2>\n<p data-start=\"4156\" data-end=\"4289\">Si viajas con familiares o un grupo de amigos, un traslado privado suele ser la opci\u00f3n de transporte m\u00e1s pr\u00e1ctica.<\/p>\n<p data-start=\"4291\" data-end=\"4502\">Un <strong data-start=\"4294\" data-end=\"4331\">traslado privado al aeropuerto de Estambul<\/strong> permite que todos viajen juntos en un solo veh\u00edculo. Esto no solo hace que el viaje sea m\u00e1s c\u00f3modo, sino que tambi\u00e9n simplifica la log\u00edstica al viajar con equipaje o ni\u00f1os. <\/p>\n<p data-start=\"4504\" data-end=\"4585\">Los grupos aprecian especialmente la comodidad y eficiencia de los traslados privados.<\/p>\n<hr data-start=\"4587\" data-end=\"4590\">\n<h2 data-start=\"4592\" data-end=\"4631\">Explora Estambul despu\u00e9s de tu traslado<\/h2>\n<p data-start=\"4633\" data-end=\"4902\">Una vez que llegues sano y salvo a tu hotel, Estambul ofrece innumerables atracciones esperando ser descubiertas. Desde monumentos hist\u00f3ricos como Santa Sof\u00eda y la Mezquita Azul hasta el vibrante Gran Bazar y el famoso crucero por el B\u00f3sforo, la ciudad tiene algo para cada viajero. <\/p>\n<p data-start=\"4904\" data-end=\"5034\">Si quieres explorar Estambul con gu\u00edas profesionales y transporte c\u00f3modo, puedes consultar los tours disponibles aqu\u00ed:<\/p>\n<p data-start=\"5036\" data-end=\"5063\"><a class=\"decorated-link\" href=\"https:\/\/sunsmiletravel.com\/es\/\" target=\"_new\" rel=\"noopener\" data-start=\"5036\" data-end=\"5063\">https:\/\/sunsmiletravel.com\/<\/a><\/p>\n<hr data-start=\"5065\" data-end=\"5068\">\n<h2 data-start=\"5070\" data-end=\"5087\">Reflexiones finales<\/h2>\n<p data-start=\"5089\" data-end=\"5321\">Reservar un <strong data-start=\"5100\" data-end=\"5137\">traslado privado al aeropuerto de Estambul<\/strong> es una de las mejores formas de comenzar tu viaje en Turqu\u00eda. Ofrece comodidad, seguridad y conveniencia, al tiempo que elimina el estr\u00e9s de gestionar el transporte en una ciudad grande y concurrida. <\/p>\n<p data-start=\"5323\" data-end=\"5495\">Tanto si visitas Estambul por primera vez como si regresas para otra aventura, un traslado privado garantiza que tu viaje comience sin contratiempos desde el momento en que aterrizas.<\/p>\n<p data-start=\"5497\" data-end=\"5691\">Si est\u00e1s planificando tu viaje, considera reservar tu <strong data-start=\"5552\" data-end=\"5589\">traslado privado al aeropuerto de Estambul<\/strong> con antelaci\u00f3n y disfruta de una llegada relajada y c\u00f3moda a una de las ciudades m\u00e1s fascinantes del mundo.<\/p>\n","protected":false},"excerpt":{"rendered":"<p>7 razones por las que el traslado privado al aeropuerto de Estambul es la mejor forma de empezar tu viaje Viajar a Estambul es una experiencia inolvidable. La ciudad conecta Europa y Asia y ofrece una combinaci\u00f3n \u00fanica de historia, cultura y vida moderna. Sin embargo, llegar a un aeropuerto concurrido en una ciudad tan [&#8230;]\n","protected":false},"featured_media":11096,"comment_status":"open","ping_status":"closed","template":"","meta":{"footnotes":""},"product_brand":[],"product_cat":[265,245],"product_tag":[],"class_list":{"0":"post-12316","1":"product","2":"type-product","3":"status-publish","4":"has-post-thumbnail","6":"product_cat-translado","7":"product_cat-estambul","9":"first","10":"instock","11":"shipping-taxable","12":"product-type-simple"},"_links":{"self":[{"href":"https:\/\/sunsmiletravel.com\/es\/wp-json\/wp\/v2\/product\/12316","targetHints":{"allow":["GET"]}}],"collection":[{"href":"https:\/\/sunsmiletravel.com\/es\/wp-json\/wp\/v2\/product"}],"about":[{"href":"https:\/\/sunsmiletravel.com\/es\/wp-json\/wp\/v2\/types\/product"}],"replies":[{"embeddable":true,"href":"https:\/\/sunsmiletravel.com\/es\/wp-json\/wp\/v2\/comments?post=12316"}],"version-history":[{"count":0,"href":"https:\/\/sunsmiletravel.com\/es\/wp-json\/wp\/v2\/product\/12316\/revisions"}],"wp:featuredmedia":[{"embeddable":true,"href":"https:\/\/sunsmiletravel.com\/es\/wp-json\/wp\/v2\/media\/11096"}],"wp:attachment":[{"href":"https:\/\/sunsmiletravel.com\/es\/wp-json\/wp\/v2\/media?parent=12316"}],"wp:term":[{"taxonomy":"product_brand","embeddable":true,"href":"https:\/\/sunsmiletravel.com\/es\/wp-json\/wp\/v2\/product_brand?post=12316"},{"taxonomy":"product_cat","embeddable":true,"href":"https:\/\/sunsmiletravel.com\/es\/wp-json\/wp\/v2\/product_cat?post=12316"},{"taxonomy":"product_tag","embeddable":true,"href":"https:\/\/sunsmiletravel.com\/es\/wp-json\/wp\/v2\/product_tag?post=12316"}],"curies":[{"name":"wp","href":"https:\/\/api.w.org\/{rel}","templated":true}]}}