{"id":12370,"date":"2026-03-07T11:43:13","date_gmt":"2026-03-07T08:43:13","guid":{"rendered":"https:\/\/sunsmiletravel.com\/antalya-private-airport-transfer\/"},"modified":"2026-03-09T15:03:45","modified_gmt":"2026-03-09T12:03:45","slug":"antalya-private-airport-transfer","status":"publish","type":"product","link":"https:\/\/sunsmiletravel.com\/es\/antalya-private-airport-transfer\/","title":{"rendered":"Antalya Private Airport Transfer"},"content":{"rendered":"<h1>Traslado Privado de Capadocia a Antalya \u2013 Viaje C\u00f3modo y Confiable<\/h1>\n<h1 data-section-id=\"1910rzf\" data-start=\"615\" data-end=\"677\">Traslado Privado de Capadocia a Antalya \u2013 Servicio Directo 24\/7<\/h1>\n<p data-start=\"679\" data-end=\"1016\">Viaja c\u00f3modamente desde los m\u00e1gicos valles de Capadocia hasta el para\u00edso mediterr\u00e1neo de Antalya con nuestro confiable servicio de traslado privado de Capadocia a Antalya. Este viaje de larga distancia conecta Anatolia Central con la hermosa costa sur de Turqu\u00eda, permiti\u00e9ndote viajar de forma segura, privada y seg\u00fan tu propio horario. <\/p>\n<p data-start=\"1018\" data-end=\"1178\">A diferencia de los autobuses o de las complicadas conexiones de vuelos, nuestro traslado privado ofrece un viaje puerta a puerta sin complicaciones, con conductores profesionales y modernos veh\u00edculos VIP.<\/p>\n<p data-start=\"1180\" data-end=\"1404\">Ya sea que te dirijas al Aeropuerto de Antalya (AYT), al casco antiguo de Kalei\u00e7i, a resorts de playa de lujo o a hoteles en Lara, Konyaalt\u0131, Belek, Side o Alanya, este traslado privado garantiza un viaje c\u00f3modo y sin estr\u00e9s.<\/p>\n<h1 data-section-id=\"2septf\" data-start=\"1411\" data-end=\"1465\">\u00bfPor qu\u00e9 elegir un traslado privado de Capadocia a Antalya?<\/h1>\n<p data-start=\"1467\" data-end=\"1588\">Un traslado privado de Capadocia a Antalya es la mejor opci\u00f3n para los viajeros que valoran comodidad, flexibilidad y seguridad.<\/p>\n<p data-start=\"1590\" data-end=\"1711\">\u2714 Recogida puerta a puerta<br data-start=\"1612\" data-end=\"1615\">Desde cualquier hotel o ubicaci\u00f3n en G\u00f6reme, \u00dcrg\u00fcp, Avanos, U\u00e7hisar, Ortahisar, Nev\u015fehir o Kayseri.<\/p>\n<p data-start=\"1713\" data-end=\"1804\">\u2714 Entrega directa<br data-start=\"1730\" data-end=\"1733\">Al centro de Antalya, Aeropuerto de Antalya, hoteles o resorts costeros.<\/p>\n<p data-start=\"1806\" data-end=\"1877\">\u2714 Horario Flexible<br data-start=\"1825\" data-end=\"1828\">Disponible 24\/7 seg\u00fan tus planes de viaje.<\/p>\n<p data-start=\"1879\" data-end=\"1958\">\u2714 Conductores Profesionales<br data-start=\"1901\" data-end=\"1904\">Conductores experimentados y familiarizados con rutas de larga distancia.<\/p>\n<p data-start=\"1960\" data-end=\"2035\">\u2714 Veh\u00edculos VIP C\u00f3modos<br data-start=\"1986\" data-end=\"1989\">Modernos veh\u00edculos Mercedes Vito y Sprinter.<\/p>\n<p data-start=\"2037\" data-end=\"2103\">\u2714 Viaje Privado<br data-start=\"2054\" data-end=\"2057\">Sin esperas, sin desconocidos, sin paradas innecesarias.<\/p>\n<hr data-start=\"2105\" data-end=\"2108\">\n<p data-start=\"0\" data-end=\"39\"><strong data-start=\"0\" data-end=\"39\">Duraci\u00f3n del Viaje e Informaci\u00f3n de la Ruta<\/strong><\/p>\n<p data-start=\"41\" data-end=\"564\" data-is-last-node=\"\" data-is-only-node=\"\">El viaje dura aproximadamente 7\u20138 horas. La ruta sigue Capadocia \u2192 Aksaray \u2192 Konya \u2192 Seydi\u015fehir \u2192 Antalya.<br \/>En el camino, se pueden organizar varias paradas opcionales para hacer el viaje m\u00e1s agradable. Los viajeros pueden visitar el Museo Mevlana en Konya, hacer una pausa panor\u00e1mica en el Lago Bey\u015fehir, o detenerse en restaurantes locales y \u00e1reas de descanso para refrescarse.<br \/>Muchos viajeros disfrutan especialmente a\u00f1adiendo una breve visita a Konya, famosa por el Museo Mevlana (Rumi), lo que hace que el viaje sea a\u00fan m\u00e1s memorable.    <\/p>\n<hr data-start=\"2499\" data-end=\"2502\">\n<h1 data-section-id=\"kg4pke\" data-start=\"2504\" data-end=\"2521\">Opciones de Veh\u00edculos<\/h1>\n<div class=\"TyagGW_tableContainer\">\n<div class=\"group TyagGW_tableWrapper flex flex-col-reverse w-fit\" tabindex=\"-1\">\n<table class=\"w-fit min-w-(--thread-content-width)\" data-start=\"2523\" data-end=\"2677\">\n<thead data-start=\"2523\" data-end=\"2553\">\n<tr data-start=\"2523\" data-end=\"2553\">\n<th class=\"\" data-start=\"2523\" data-end=\"2531\" data-col-size=\"sm\">Veh\u00edculo<\/th>\n<th class=\"\" data-start=\"2531\" data-end=\"2542\" data-col-size=\"sm\">Capacidad<\/th>\n<th class=\"\" data-start=\"2542\" data-end=\"2553\" data-col-size=\"sm\">Ideal para<\/th>\n<\/tr>\n<\/thead>\n<tbody data-start=\"2566\" data-end=\"2677\">\n<tr data-start=\"2566\" data-end=\"2619\">\n<td data-start=\"2566\" data-end=\"2580\" data-col-size=\"sm\">Mercedes Vito<\/td>\n<td data-col-size=\"sm\" data-start=\"2580\" data-end=\"2593\">1\u20136 personas<\/td>\n<td data-col-size=\"sm\" data-start=\"2593\" data-end=\"2619\">Familias o grupos peque\u00f1os<\/td>\n<\/tr>\n<tr data-start=\"2620\" data-end=\"2677\">\n<td data-start=\"2620\" data-end=\"2638\" data-col-size=\"sm\">Mercedes Sprinter<\/td>\n<td data-col-size=\"sm\" data-start=\"2638\" data-end=\"2652\">7\u201314 personas<\/td>\n<td data-col-size=\"sm\" data-start=\"2652\" data-end=\"2677\">Grupos y viajeros en tour<\/td>\n<\/tr>\n<\/tbody>\n<\/table>\n<\/div>\n<\/div>\n<p data-start=\"2679\" data-end=\"2766\">Nuestros veh\u00edculos est\u00e1n totalmente climatizados, son espaciosos y perfectos para viajes de larga distancia.<\/p>\n<hr data-start=\"2768\" data-end=\"2771\">\n<h1 data-section-id=\"1ve9ho5\" data-start=\"2773\" data-end=\"2816\">\u00bfQu\u00e9 Hace que Este Traslado Sea la Mejor Opci\u00f3n?<\/h1>\n<p data-start=\"2818\" data-end=\"3024\">\u2714 Servicio confiable y puntual<br data-start=\"2849\" data-end=\"2852\">\u2714 Viaje c\u00f3modo para largas distancias<br data-start=\"2886\" data-end=\"2889\">\u2714 Ruta directa sin retrasos<br data-start=\"2918\" data-end=\"2921\">\u2714 Precios transparentes (combustible y peajes incluidos)<br data-start=\"2966\" data-end=\"2969\">\u2714 Traslado al aeropuerto disponible<br data-start=\"2997\" data-end=\"3000\">\u2714 Disponible de d\u00eda o de noche<\/p>\n<p data-start=\"3026\" data-end=\"3150\">En comparaci\u00f3n con los autobuses o los vuelos, el traslado privado de Capadocia a Antalya ofrece la m\u00e1xima comodidad y flexibilidad.<\/p>\n<h1 data-section-id=\"eaw72n\" data-start=\"3157\" data-end=\"3194\"><a href=\"https:\/\/youtube.com\/shorts\/8cX0CgvYvuA\" target=\"_blank\" rel=\"noopener\">Explora Antalya Despu\u00e9s de tu Traslado<\/a><\/h1>\n<p data-start=\"3196\" data-end=\"3382\">Despu\u00e9s de llegar a Antalya, puedes explorar muchas atracciones y tours incre\u00edbles. Antalya es uno de los destinos vacacionales m\u00e1s populares de Turqu\u00eda gracias a sus playas, su rica historia y su impresionante naturaleza. <\/p>\n<p data-start=\"3384\" data-end=\"3443\">Aqu\u00ed tienes algunos de los mejores tours y actividades en Antalya:<\/p>\n<hr data-start=\"4161\" data-end=\"4164\">\n<div class=\"row\"  id=\"row-940813839\">\n\n\t<div id=\"col-80574503\" class=\"col medium-4 small-12 large-4\"  >\n\t\t\t\t<div class=\"col-inner\"  >\n\t\t\t\n\t\t\t\n<h1 data-section-id=\"1wvquhf\" data-start=\"3450\" data-end=\"3469\">Visita a la ciudad de Antalya<\/h1>\n<p data-start=\"3471\" data-end=\"3516\">Descubre los lugares m\u00e1s destacados de Antalya, incluyendo:<\/p>\n<p data-start=\"3518\" data-end=\"3615\">\u2022 Kalei\u00e7i (Casco Antiguo)<br data-start=\"3536\" data-end=\"3539\">\u2022 Puerta de Adriano<br data-start=\"3555\" data-end=\"3558\">\u2022 Marina de Antalya<br data-start=\"3574\" data-end=\"3577\">\u2022 Cascadas D\u00fcden<br data-start=\"3595\" data-end=\"3598\">\u2022 Playa Konyaalt\u0131<\/p>\n<p data-start=\"3617\" data-end=\"3709\">Un tour diario por la ciudad de Antalya es perfecto para los viajeros que visitan la ciudad por primera vez.<\/p>\n\t\t<\/div>\n\t\t\t\t\t<\/div>\n\n\t\n\n\t<div id=\"col-1463650003\" class=\"col medium-4 small-12 large-4\"  >\n\t\t\t\t<div class=\"col-inner\"  >\n\t\t\t\n\t\t\t\n<h1 data-section-id=\"y561en\" data-start=\"3716\" data-end=\"3749\">Tour de un D\u00eda a Pamukkale desde Antalya<\/h1>\n<p data-start=\"3751\" data-end=\"3799\">Una de las excursiones m\u00e1s populares desde Antalya.<\/p>\n<p data-start=\"3801\" data-end=\"3807\">Visita:<\/p>\n<p data-start=\"3809\" data-end=\"3879\">\u2022 Travertinos de Pamukkale<br data-start=\"3832\" data-end=\"3835\">\u2022 Ciudad Antigua de Hier\u00e1polis<br data-start=\"3860\" data-end=\"3863\">\u2022 Piscina de Cleopatra<\/p>\n<p data-start=\"3881\" data-end=\"3937\">Este sitio declarado por la UNESCO es una visita obligada durante tu estancia en Antalya.<\/p>\n\t\t<\/div>\n\t\t\t\t\t<\/div>\n\n\t\n\n\t<div id=\"col-526786267\" class=\"col medium-4 small-12 large-4\"  >\n\t\t\t\t<div class=\"col-inner\"  >\n\t\t\t\n\t\t\t\n<h1 data-section-id=\"1sds1z3\" data-start=\"3944\" data-end=\"3973\">Tour Perge, Aspendos y Side<\/h1>\n<p data-start=\"3975\" data-end=\"4002\">Perfecto para los amantes de la historia.<\/p>\n<p data-start=\"4004\" data-end=\"4012\">Explore:<\/p>\n<p data-start=\"4014\" data-end=\"4102\">\u2022 Ciudad Antigua de Perge<br data-start=\"4038\" data-end=\"4041\">\u2022 Teatro Romano de Aspendos<br data-start=\"4069\" data-end=\"4072\">\u2022 Templo de Apolo en Side<\/p>\n<p data-start=\"4104\" data-end=\"4159\">Este tour ofrece una fascinante mirada a la historia romana.<\/p>\n\t\t<\/div>\n\t\t\t\t\t<\/div>\n\n\t\n<\/div>\n<div class=\"row\"  id=\"row-1058723811\">\n\n\t<div id=\"col-356898829\" class=\"col medium-4 small-12 large-4\"  >\n\t\t\t\t<div class=\"col-inner\"  >\n\t\t\t\n\t\t\t\n<h1 data-section-id=\"1xp7f3g\" data-start=\"4166\" data-end=\"4185\"><a href=\"https:\/\/sunsmiletravel.com\/antalya-boat-trip-explore-antalya-with-cruise\/\">Antalya Boat Tour<\/a><\/h1>\n<p data-start=\"4187\" data-end=\"4292\">Disfruta de un relajante paseo en barco por el Mediterr\u00e1neo con paradas para nadar a lo largo de la hermosa costa de Antalya.<\/p>\n<p data-start=\"4294\" data-end=\"4304\">Ideal para:<\/p>\n<p><\/p>\n<p data-start=\"4306\" data-end=\"4349\">\u2714 Familias<br data-start=\"4316\" data-end=\"4319\">\u2714 Parejas<br data-start=\"4328\" data-end=\"4331\">\u2714 Viajeros de verano<\/p>\n\t\t<\/div>\n\t\t\t\t\t<\/div>\n\n\t\n\n\t<div id=\"col-174732497\" class=\"col medium-4 small-12 large-4\"  >\n\t\t\t\t<div class=\"col-inner\"  >\n\t\t\t\n\t\t\t\n<h1 data-section-id=\"5z2gl\" data-start=\"4575\" data-end=\"4597\">Tour de Rafting en Antalya<\/h1>\n<p data-start=\"4599\" data-end=\"4693\">El tour de rafting en el Ca\u00f1\u00f3n K\u00f6pr\u00fcl\u00fc es una de las actividades al aire libre m\u00e1s emocionantes en Antalya.<\/p>\n<p data-start=\"4695\" data-end=\"4764\">Perfecto para los amantes de la aventura que desean disfrutar de la naturaleza y la adrenalina.<\/p>\n\t\t<\/div>\n\t\t\t\t\t<\/div>\n\n\t\n\n\t<div id=\"col-1848060786\" class=\"col medium-4 small-12 large-4\"  >\n\t\t\t\t<div class=\"col-inner\"  >\n\t\t\t\n\t\t\t\n<article class=\"text-token-text-primary w-full focus:outline-none &#091;--shadow-height:45px&#093; has-data-writing-block:pointer-events-none has-data-writing-block:-mt-(--shadow-height) has-data-writing-block:pt-(--shadow-height) &#091;&amp;:has(&#091;data-writing-block&#093;)&gt;*&#093;:pointer-events-auto scroll-mt-(--header-height)\" dir=\"auto\" tabindex=\"-1\" data-turn-id=\"6b006119-9502-4c92-b252-2aef81effa78\" data-testid=\"conversation-turn-49\" data-scroll-anchor=\"false\" data-turn=\"user\"><\/article>\n<article class=\"text-token-text-primary w-full focus:outline-none &#091;--shadow-height:45px&#093; has-data-writing-block:pointer-events-none has-data-writing-block:-mt-(--shadow-height) has-data-writing-block:pt-(--shadow-height) &#091;&amp;:has(&#091;data-writing-block&#093;)&gt;*&#093;:pointer-events-auto scroll-mt-&#091;calc(var(--header-height)+min(200px,max(70px,20svh)))&#093;\" dir=\"auto\" tabindex=\"-1\" data-turn-id=\"request-6937e7ba-fe1c-8329-a045-72c3b761c879-3\" data-testid=\"conversation-turn-50\" data-scroll-anchor=\"true\" data-turn=\"assistant\">\n<div class=\"text-base my-auto mx-auto pb-10 &#091;--thread-content-margin:var(--thread-content-margin-xs,calc(var(--spacing)*4))&#093; @w-sm\/main:&#091;--thread-content-margin:var(--thread-content-margin-sm,calc(var(--spacing)*6))&#093; @w-lg\/main:&#091;--thread-content-margin:var(--thread-content-margin-lg,calc(var(--spacing)*16))&#093; px-(--thread-content-margin)\">\n<div class=\"&#091;--thread-content-max-width:40rem&#093; @w-lg\/main:&#091;--thread-content-max-width:48rem&#093; mx-auto max-w-(--thread-content-max-width) flex-1 group\/turn-messages focus-visible:outline-hidden relative flex w-full min-w-0 flex-col agent-turn\" tabindex=\"-1\">\n<div class=\"flex max-w-full flex-col gap-4 grow\">\n<div class=\"min-h-8 text-message relative flex w-full flex-col items-end gap-2 text-start break-words whitespace-normal &#091;.text-message+&amp;&#093;:mt-1\" dir=\"auto\" data-message-author-role=\"assistant\" data-message-id=\"be523d3a-f68b-4a36-b489-6e02dc4a9044\" data-message-model-slug=\"gpt-5-3\">\n<div class=\"flex w-full flex-col gap-1 empty:hidden\">\n<div class=\"markdown prose dark:prose-invert w-full wrap-break-word light markdown-new-styling\">\n<h1 data-start=\"0\" data-end=\"45\"><strong data-start=\"0\" data-end=\"45\">Tour al Parque Tem\u00e1tico Land of Legends \u2013 Antalya<\/strong><\/h1>\n<p data-start=\"47\" data-end=\"261\">El Tour Land of Legends es una de las atracciones m\u00e1s populares de Antalya. Ubicado en Belek, este famoso parque tem\u00e1tico ofrece emocionantes monta\u00f1as rusas, toboganes acu\u00e1ticos, calles comerciales y espectaculares espect\u00e1culos nocturnos. <\/p>\n<p data-start=\"263\" data-end=\"387\" data-is-last-node=\"\" data-is-only-node=\"\">Perfecto para familias y amantes de la aventura, el tour Land of Legends desde Antalya garantiza un d\u00eda divertido e inolvidable.<\/p>\n<\/div>\n<\/div>\n<\/div>\n<\/div>\n<\/div>\n<\/div>\n<\/article>\n\t\t<\/div>\n\t\t\t\t\t<\/div>\n\n\t\n<\/div>\n<h1 data-section-id=\"1in30iw\" data-start=\"4771\" data-end=\"4800\">Price &amp; Booking Information<\/h1>\n<p data-start=\"0\" data-end=\"31\"><strong data-start=\"0\" data-end=\"31\">Informaci\u00f3n de Precio y Reserva<\/strong><\/p>\n<p data-start=\"33\" data-end=\"438\" data-is-last-node=\"\" data-is-only-node=\"\">El precio del traslado puede variar seg\u00fan varios factores, como el n\u00famero de personas en el grupo, el tipo de veh\u00edculo requerido, el lugar de recogida en Capadocia y el punto de destino en Antalya. Para realizar reservas, puedes contactarnos f\u00e1cilmente a trav\u00e9s de WhatsApp, completar el formulario de reserva en l\u00ednea o llamarnos directamente por tel\u00e9fono. Una vez que tu traslado est\u00e9 reservado, recibir\u00e1s una confirmaci\u00f3n inmediata.  <\/p>\n<hr data-start=\"5054\" data-end=\"5057\">\n<h1 data-section-id=\"1j11mdq\" data-start=\"5059\" data-end=\"5109\">Reserva tu Traslado Privado de Capadocia a Antalya<\/h1>\n<p data-start=\"5111\" data-end=\"5219\">Viaja de manera segura y c\u00f3moda de Capadocia a Antalya con nuestro servicio profesional de traslado privado.<\/p>\n<p data-start=\"5221\" data-end=\"5309\">Evita autobuses abarrotados o conexiones complicadas y disfruta de un viaje tranquilo por toda Turqu\u00eda.<\/p>\n<p data-start=\"5311\" data-end=\"5448\">\ud83d\udc49Reserva hoy tu Traslado Privado de Capadocia a Antalya y llega a Antalya relajado y listo para explorar la costa del Mediterr\u00e1neo.<\/p>\n","protected":false},"excerpt":{"rendered":"<p>Traslado Privado de Capadocia a Antalya \u2013 Viaje C\u00f3modo y Confiable Traslado Privado de Capadocia a Antalya \u2013 Servicio Directo 24\/7 Viaja c\u00f3modamente desde los m\u00e1gicos valles de Capadocia hasta el para\u00edso mediterr\u00e1neo de Antalya con nuestro confiable servicio de traslado privado de Capadocia a Antalya. Este viaje de larga distancia conecta Anatolia Central con [&#8230;]\n","protected":false},"featured_media":12365,"comment_status":"open","ping_status":"closed","template":"","meta":{"footnotes":""},"product_brand":[],"product_cat":[178],"product_tag":[],"class_list":{"0":"post-12370","1":"product","2":"type-product","3":"status-publish","4":"has-post-thumbnail","6":"product_cat-sin-categorizar","8":"first","9":"instock","10":"virtual","11":"sold-individually","12":"purchasable","13":"product-type-booking"},"_links":{"self":[{"href":"https:\/\/sunsmiletravel.com\/es\/wp-json\/wp\/v2\/product\/12370","targetHints":{"allow":["GET"]}}],"collection":[{"href":"https:\/\/sunsmiletravel.com\/es\/wp-json\/wp\/v2\/product"}],"about":[{"href":"https:\/\/sunsmiletravel.com\/es\/wp-json\/wp\/v2\/types\/product"}],"replies":[{"embeddable":true,"href":"https:\/\/sunsmiletravel.com\/es\/wp-json\/wp\/v2\/comments?post=12370"}],"version-history":[{"count":0,"href":"https:\/\/sunsmiletravel.com\/es\/wp-json\/wp\/v2\/product\/12370\/revisions"}],"wp:featuredmedia":[{"embeddable":true,"href":"https:\/\/sunsmiletravel.com\/es\/wp-json\/wp\/v2\/media\/12365"}],"wp:attachment":[{"href":"https:\/\/sunsmiletravel.com\/es\/wp-json\/wp\/v2\/media?parent=12370"}],"wp:term":[{"taxonomy":"product_brand","embeddable":true,"href":"https:\/\/sunsmiletravel.com\/es\/wp-json\/wp\/v2\/product_brand?post=12370"},{"taxonomy":"product_cat","embeddable":true,"href":"https:\/\/sunsmiletravel.com\/es\/wp-json\/wp\/v2\/product_cat?post=12370"},{"taxonomy":"product_tag","embeddable":true,"href":"https:\/\/sunsmiletravel.com\/es\/wp-json\/wp\/v2\/product_tag?post=12370"}],"curies":[{"name":"wp","href":"https:\/\/api.w.org\/{rel}","templated":true}]}}