{"id":12389,"date":"2026-03-07T11:04:59","date_gmt":"2026-03-07T08:04:59","guid":{"rendered":"https:\/\/sunsmiletravel.com\/traslado-privado-desde-el-aeropuerto-de-izmir\/"},"modified":"2026-03-07T11:04:59","modified_gmt":"2026-03-07T08:04:59","slug":"traslado-privado-desde-el-aeropuerto-de-izmir","status":"publish","type":"product","link":"https:\/\/sunsmiletravel.com\/es\/traslado-privado-desde-el-aeropuerto-de-izmir\/","title":{"rendered":"Traslado Privado desde el Aeropuerto de Izmir"},"content":{"rendered":"<h1 data-section-id=\"1995t7d\" data-start=\"180\" data-end=\"261\">7 razones por las que un traslado privado desde el Aeropuerto de Izmir es la mejor manera de comenzar tu viaje<\/h1>\n<p data-start=\"263\" data-end=\"573\">Viajar a Izmir es una experiencia emocionante. Situada en la hermosa costa del mar Egeo de Turqu\u00eda, Izmir ofrece una combinaci\u00f3n perfecta de historia, cultura, vistas al mar y un estilo de vida moderno. Cada a\u00f1o, miles de viajeros llegan a la ciudad para visitar destinos famosos como \u00c9feso, Ku\u015fadas\u0131, Ala\u00e7at\u0131 y \u00c7e\u015fme.  <\/p>\n<p data-start=\"575\" data-end=\"785\">Sin embargo, llegar a un aeropuerto concurrido en un pa\u00eds nuevo a veces puede resultar abrumador. Por eso, reservar un traslado privado desde el Aeropuerto de Izmir es una de las formas m\u00e1s f\u00e1ciles y convenientes de comenzar tu viaje. <\/p>\n<p data-start=\"787\" data-end=\"1093\">Un traslado privado desde el Aeropuerto de Izmir ofrece una forma segura, c\u00f3moda y confiable de viajar desde el Aeropuerto Adnan Menderes de Izmir (ADB) directamente hasta tu hotel. En lugar de lidiar con el transporte p\u00fablico lleno o esperar taxis, puedes disfrutar de un viaje tranquilo puerta a puerta con un conductor profesional. <\/p>\n<p data-start=\"1095\" data-end=\"1195\">En este art\u00edculo exploraremos por qu\u00e9 los viajeros prefieren los traslados privados desde el aeropuerto cuando visitan Izmir.<\/p>\n<h2 data-section-id=\"yefnha\" data-start=\"1202\" data-end=\"1236\">Veh\u00edculos c\u00f3modos y modernos<\/h2>\n<p data-start=\"1238\" data-end=\"1457\">Una de las mayores ventajas de reservar un traslado privado desde el Aeropuerto de Izmir es la comodidad de los veh\u00edculos modernos. Despu\u00e9s de un largo vuelo internacional, los viajeros suelen querer un trayecto relajante y c\u00f3modo hasta su hotel. <\/p>\n<p data-start=\"1459\" data-end=\"1660\">Los servicios de traslado privado suelen ofrecer veh\u00edculos como Mercedes Vito o Mercedes Sprinter. Estos veh\u00edculos son espaciosos, cuentan con aire acondicionado y est\u00e1n dise\u00f1ados para ofrecer la m\u00e1xima comodidad a los pasajeros. <\/p>\n<p data-start=\"1662\" data-end=\"1796\">Ya sea que viajes solo, con tu familia o con un grupo de amigos, un traslado privado garantiza un comienzo agradable para tu viaje.<\/p>\n<hr data-start=\"1798\" data-end=\"1801\">\n<h2 data-section-id=\"16rfm2k\" data-start=\"1803\" data-end=\"1833\">Llegada al aeropuerto sin estr\u00e9s<\/h2>\n<p data-start=\"1835\" data-end=\"2018\">El Aeropuerto Adnan Menderes de Izmir es uno de los aeropuertos m\u00e1s concurridos del oeste de Turqu\u00eda. Para los visitantes que llegan a la ciudad por primera vez, encontrar transporte puede resultar a veces confuso. <\/p>\n<p data-start=\"2020\" data-end=\"2226\">Con un traslado privado desde el Aeropuerto de Izmir, tu conductor te estar\u00e1 esperando en la puerta de llegadas con un cartel con tu nombre. Este servicio de encuentro y bienvenida (meet &amp; greet) hace que el proceso de llegada sea f\u00e1cil y c\u00f3modo. <\/p>\n<p data-start=\"2228\" data-end=\"2366\">Tu conductor te ayudar\u00e1 con tu equipaje y te acompa\u00f1ar\u00e1 directamente hasta tu veh\u00edculo, permiti\u00e9ndote salir del aeropuerto sin ning\u00fan estr\u00e9s&#8230;<\/p>\n<hr data-start=\"2368\" data-end=\"2371\">\n<h2 data-section-id=\"wi15nx\" data-start=\"2373\" data-end=\"2410\">Transporte Directo Puerta a Puerta<\/h2>\n<p data-start=\"2412\" data-end=\"2540\">Otra ventaja importante de elegir un traslado privado desde el Aeropuerto de Izmir es la comodidad del transporte puerta a puerta.<\/p>\n<p data-start=\"2542\" data-end=\"2706\">A diferencia de los servicios de transporte compartido, los traslados privados no hacen paradas en m\u00faltiples lugares. Tu conductor te llevar\u00e1 directamente desde el aeropuerto hasta tu hotel o alojamiento. <\/p>\n<p data-start=\"2708\" data-end=\"2809\">Este servicio es especialmente \u00fatil para los viajeros que se alojan en destinos populares alrededor de Izmir, como:<\/p>\n<ul data-start=\"2811\" data-end=\"2890\">\n<li data-section-id=\"ehfikb\" data-start=\"2811\" data-end=\"2823\">\n<p data-start=\"2813\" data-end=\"2823\">Kusadasi<\/p>\n<\/li>\n<li data-section-id=\"bmingr\" data-start=\"2824\" data-end=\"2834\">\n<p data-start=\"2826\" data-end=\"2834\">Sel\u00e7uk<\/p>\n<\/li>\n<li data-section-id=\"nuy2ed\" data-start=\"2835\" data-end=\"2846\">\n<p data-start=\"2837\" data-end=\"2846\"><a href=\"https:\/\/sunsmiletravel.com\/biblical-ephesus-tour\/\">\u00c9feso<\/a><\/p>\n<\/li>\n<li data-section-id=\"ytndaz\" data-start=\"2847\" data-end=\"2858\">\n<p data-start=\"2849\" data-end=\"2858\">Alacati<\/p>\n<\/li>\n<li data-section-id=\"a3lwad\" data-start=\"2859\" data-end=\"2868\">\n<p data-start=\"2861\" data-end=\"2868\">Cesme<\/p>\n<\/li>\n<li data-section-id=\"pyhvsx\" data-start=\"2869\" data-end=\"2890\">\n<p data-start=\"2871\" data-end=\"2890\">Centro de la ciudad de Izmir<\/p>\n<\/li>\n<\/ul>\n<p data-start=\"2892\" data-end=\"2958\">Esto te permite llegar a tu destino de forma r\u00e1pida y c\u00f3moda.<\/p>\n<hr data-start=\"2960\" data-end=\"2963\">\n<h2 data-section-id=\"9zqnvi\" data-start=\"2965\" data-end=\"3000\">Fixed Prices Without Hidden Fees<\/h2>\n<p data-start=\"3002\" data-end=\"3170\">Taxi fares can sometimes vary depending on traffic conditions or additional charges. When you book an <strong data-start=\"3104\" data-end=\"3138\">Izmir Private Airport Transfer<\/strong>, the price is fixed in advance. <\/p>\n<p data-start=\"3172\" data-end=\"3316\">Esto significa que sabr\u00e1s exactamente cu\u00e1nto pagar\u00e1s antes de que comience tu viaje. No hay costos ocultos ni sorpresas al final del trayecto. <\/p>\n<p data-start=\"3318\" data-end=\"3407\">Muchos viajeros eligen los traslados privados porque ofrecen precios claros y transparentes.<\/p>\n<h2 data-section-id=\"6ftji\" data-start=\"3414\" data-end=\"3446\">Servicio de Traslado al Aeropuerto 24\/7<\/h2>\n<p data-start=\"3448\" data-end=\"3616\">Los vuelos llegan al Aeropuerto de Izmir a todas horas del d\u00eda y de la noche. Un servicio profesional de traslado privado desde el Aeropuerto de Izmir opera las 24 horas del d\u00eda, los 7 d\u00edas de la semana. <\/p>\n<p data-start=\"3618\" data-end=\"3766\">Los conductores tambi\u00e9n supervisan los horarios de los vuelos en caso de retrasos. Esto garantiza que tu conductor estar\u00e1 listo y esper\u00e1ndote cuando tu vuelo aterrice. <\/p>\n<p data-start=\"3768\" data-end=\"3860\">Esta flexibilidad convierte a los traslados privados en una opci\u00f3n de transporte confiable para todos los viajeros.<\/p>\n<h2 data-section-id=\"1ojllm\" data-start=\"3867\" data-end=\"3901\">Perfecto para familias y grupos<\/h2>\n<p data-start=\"3903\" data-end=\"4055\">Los traslados privados desde el aeropuerto tambi\u00e9n son ideales para familias y grupos peque\u00f1os. Viajar juntos en un solo veh\u00edculo hace que el trayecto sea m\u00e1s f\u00e1cil y c\u00f3modo. <\/p>\n<p data-start=\"4057\" data-end=\"4274\">Un traslado privado desde el Aeropuerto de Izmir permite que todos viajen juntos mientras disfrutan de amplio espacio para el equipaje. Esto lo convierte en una soluci\u00f3n pr\u00e1ctica para familias, parejas y grupos de amigos que visitan la regi\u00f3n. <\/p>\n<h2 data-section-id=\"114wazr\" data-start=\"4281\" data-end=\"4298\">Reflexiones finales<\/h2>\n<p data-start=\"4300\" data-end=\"4501\">Reservar un traslado privado desde el Aeropuerto de Izmir es una de las mejores maneras de comenzar tu viaje en la regi\u00f3n del Egeo de Turqu\u00eda. Ofrece comodidad, conveniencia y tranquilidad desde el momento en que aterrizas. <\/p>\n<p data-start=\"4503\" data-end=\"4683\"><a href=\"https:\/\/youtube.com\/shorts\/l0adiS41OIs?feature=share\" target=\"_blank\" rel=\"noopener\">Ya sea que visites Izmir, \u00c9feso, Ku\u015fadas\u0131 o las hermosas ciudades costeras de Ala\u00e7at\u0131 y \u00c7e\u015fme, un traslado privado desde el aeropuerto garantiza un comienzo de viaje c\u00f3modo y relajante.<\/a><\/p>\n<p data-start=\"4685\" data-end=\"4836\">Si deseas evitar el estr\u00e9s del transporte y viajar c\u00f3modamente, reservar con antelaci\u00f3n un traslado privado desde el Aeropuerto de Izmir siempre es una opci\u00f3n inteligente.<\/p>\n<p data-start=\"4838\" data-end=\"4928\">Para m\u00e1s tours y servicios de viaje en Turqu\u00eda, puedes visitar:<br data-start=\"4898\" data-end=\"4901\"><a class=\"decorated-link\" href=\"https:\/\/sunsmiletravel.com\/es\/\" target=\"_new\" rel=\"noopener\" data-start=\"4901\" data-end=\"4928\">https:\/\/sunsmiletravel.com\/<\/a><\/p>\n","protected":false},"excerpt":{"rendered":"<p>7 razones por las que un traslado privado desde el Aeropuerto de Izmir es la mejor manera de comenzar tu viaje Viajar a Izmir es una experiencia emocionante. Situada en la hermosa costa del mar Egeo de Turqu\u00eda, Izmir ofrece una combinaci\u00f3n perfecta de historia, cultura, vistas al mar y un estilo de vida moderno. [&#8230;]\n","protected":false},"featured_media":11491,"comment_status":"open","ping_status":"closed","template":"","meta":{"footnotes":""},"product_brand":[],"product_cat":[262,265],"product_tag":[],"class_list":{"0":"post-12389","1":"product","2":"type-product","3":"status-publish","4":"has-post-thumbnail","6":"product_cat-efeso","7":"product_cat-translado","9":"first","10":"instock","11":"virtual","12":"sold-individually","13":"purchasable","14":"product-type-booking"},"_links":{"self":[{"href":"https:\/\/sunsmiletravel.com\/es\/wp-json\/wp\/v2\/product\/12389","targetHints":{"allow":["GET"]}}],"collection":[{"href":"https:\/\/sunsmiletravel.com\/es\/wp-json\/wp\/v2\/product"}],"about":[{"href":"https:\/\/sunsmiletravel.com\/es\/wp-json\/wp\/v2\/types\/product"}],"replies":[{"embeddable":true,"href":"https:\/\/sunsmiletravel.com\/es\/wp-json\/wp\/v2\/comments?post=12389"}],"version-history":[{"count":0,"href":"https:\/\/sunsmiletravel.com\/es\/wp-json\/wp\/v2\/product\/12389\/revisions"}],"wp:featuredmedia":[{"embeddable":true,"href":"https:\/\/sunsmiletravel.com\/es\/wp-json\/wp\/v2\/media\/11491"}],"wp:attachment":[{"href":"https:\/\/sunsmiletravel.com\/es\/wp-json\/wp\/v2\/media?parent=12389"}],"wp:term":[{"taxonomy":"product_brand","embeddable":true,"href":"https:\/\/sunsmiletravel.com\/es\/wp-json\/wp\/v2\/product_brand?post=12389"},{"taxonomy":"product_cat","embeddable":true,"href":"https:\/\/sunsmiletravel.com\/es\/wp-json\/wp\/v2\/product_cat?post=12389"},{"taxonomy":"product_tag","embeddable":true,"href":"https:\/\/sunsmiletravel.com\/es\/wp-json\/wp\/v2\/product_tag?post=12389"}],"curies":[{"name":"wp","href":"https:\/\/api.w.org\/{rel}","templated":true}]}}