{"id":12404,"date":"2025-07-16T13:55:30","date_gmt":"2025-07-16T10:55:30","guid":{"rendered":"https:\/\/sunsmiletravel.com\/private-transfer-from-cappadocia-to-izmir-3-easy-comfortable-ways-to-travel\/"},"modified":"2026-03-12T13:22:36","modified_gmt":"2026-03-12T10:22:36","slug":"private-transfer-from-cappadocia-to-izmir-3-easy-comfortable-ways-to-travel","status":"publish","type":"product","link":"https:\/\/sunsmiletravel.com\/es\/private-transfer-from-cappadocia-to-izmir-3-easy-comfortable-ways-to-travel\/","title":{"rendered":"Private Transfer from Cappadocia to Izmir \u2013 3 Easy &amp; Comfortable Ways to Travel"},"content":{"rendered":"<h3 data-start=\"98\" data-end=\"198\"><strong data-start=\"102\" data-end=\"198\">Traslado Privado de Capadocia a Izmir \u2013 Comodidad en Larga Distancia, Personalizado y Sin Preocupaciones<\/strong><\/h3>\n<p data-start=\"200\" data-end=\"375\">\u00bfEst\u00e1s planeando viajar de Capadocia a Izmir? Ofrecemos un servicio de traslado privado, seguro y panor\u00e1mico que conecta la regi\u00f3n de cuento de hadas del centro de Turqu\u00eda con la hermosa costa del mar Egeo. <\/p>\n<p data-start=\"377\" data-end=\"563\">Olv\u00eddate de los autobuses abarrotados, las largas esperas y las conexiones confusas. Nuestro traslado privado ofrece m\u00e1xima comodidad, flexibilidad y fiabilidad para tu viaje de larga distancia por Turqu\u00eda. <\/p>\n<p data-start=\"565\" data-end=\"740\">Viajar entre Capadocia e Izmir lleva tiempo, pero no tiene por qu\u00e9 ser agotador. Esto es lo que obtienes con nuestro servicio privado:<\/p>\n<hr data-start=\"742\" data-end=\"745\">\n<h3 data-start=\"747\" data-end=\"810\"><strong data-start=\"751\" data-end=\"810\">Viajar entre Capadocia e Izmir lleva tiempo, pero no tiene por qu\u00e9 ser agotador. Esto es lo que obtienes con nuestro servicio privado:<\/strong><\/h3>\n<p data-start=\"812\" data-end=\"942\">Viajar entre Capadocia e Izmir lleva tiempo, pero no tiene por qu\u00e9 ser agotador. Esto es lo que obtienes con nuestro servicio privado: <\/p>\n<p data-start=\"944\" data-end=\"1070\">\u2705 Traslado directo puerta a puerta \u2013 Desde tu hotel en G\u00f6reme, \u00dcrg\u00fcp o Avanos hasta tu hotel, aeropuerto o residencia en Izmir.<\/p>\n<p data-start=\"1072\" data-end=\"1185\">\u2705 Veh\u00edculos modernos \u2013 Sedanes o minivanes c\u00f3modos, con aire acondicionado, amplio espacio para equipaje y puertos de carga USB.<\/p>\n<p data-start=\"1187\" data-end=\"1270\">\u2705 Horario flexible \u2013 T\u00fa eliges cu\u00e1ndo salir: por la ma\u00f1ana, por la tarde o por la noche.<\/p>\n<p data-start=\"1272\" data-end=\"1387\">\u2705 Conductores locales profesionales \u2013 Conductores amables y con experiencia que conocen bien la ruta y pueden sugerir agradables paradas de descanso.<\/p>\n<p data-start=\"1389\" data-end=\"1525\">\u2705 Parada tur\u00edstica opcional \u2013 \u00bfTe interesa visitar Afrodisias o hacer una parada para disfrutar de una comida local? Estaremos encantados de personalizar la ruta seg\u00fan tus preferencias. <\/p>\n<p data-start=\"1527\" data-end=\"1597\">\u2705 Precios transparentes \u2013 Sin cargos ocultos ni sorpresas de \u00faltimo momento.<\/p>\n<hr data-start=\"1599\" data-end=\"1602\">\n<h3 data-start=\"1604\" data-end=\"1646\"><strong data-start=\"1608\" data-end=\"1646\">Detalles de la ruta: Capadocia a Izmir<\/strong><\/h3>\n<ul data-start=\"1648\" data-end=\"1955\">\n<li data-start=\"1648\" data-end=\"1684\">\n<p data-start=\"1650\" data-end=\"1684\">Tiempo estimado de viaje: 10 a 11 horas (incluyendo paradas opcionales). <\/p>\n<\/li>\n<li data-start=\"1685\" data-end=\"1758\">\n<p data-start=\"1687\" data-end=\"1758\">Tiempo estimado de viaje: 10 a 11 horas (incluyendo paradas opcionales).<\/p>\n<\/li>\n<li data-start=\"1759\" data-end=\"1847\">\n<p data-start=\"1761\" data-end=\"1847\">Puntos de recogida: Cualquier hotel o aeropuerto en Capadocia (Nev\u015fehir NAV o Kayseri ASR).<\/p>\n<\/li>\n<li data-start=\"1848\" data-end=\"1955\">\n<p data-start=\"1850\" data-end=\"1955\">Puntos de llegada: Hoteles en la ciudad de Izmir, Aeropuerto Adnan Menderes (ADB), Alsancak, Konak o ciudades cercanas.<\/p>\n<\/li>\n<\/ul>\n<hr data-start=\"1957\" data-end=\"1960\">\n<h3 data-start=\"1962\" data-end=\"1980\"><strong data-start=\"1966\" data-end=\"1980\">Ideal para:<\/strong><\/h3>\n<ul data-start=\"1982\" data-end=\"2221\">\n<li data-start=\"1982\" data-end=\"2042\">\n<p data-start=\"1984\" data-end=\"2042\">Parejas, familias o grupos que realizan un viaje personalizado por Turqu\u00eda<\/p>\n<\/li>\n<li data-start=\"2043\" data-end=\"2101\">\n<p data-start=\"2045\" data-end=\"2101\">Viajeros que visitan \u00c9feso, Ku\u015fadas\u0131, \u00c7e\u015fme o Sel\u00e7uk<\/p>\n<\/li>\n<li data-start=\"2102\" data-end=\"2150\">\n<p data-start=\"2104\" data-end=\"2150\">Viajeros que prefieren evitar los autobuses p\u00fablicos o los viajes nocturnos<\/p>\n<\/li>\n<li data-start=\"2151\" data-end=\"2221\">\n<p data-start=\"2153\" data-end=\"2221\">Cualquier persona que busque comodidad, privacidad y flexibilidad en viajes de larga distancia<\/p>\n<\/li>\n<\/ul>\n<hr data-start=\"2223\" data-end=\"2226\">\n<h3 data-start=\"2228\" data-end=\"2275\"><strong data-start=\"2232\" data-end=\"2275\">Viaja por Turqu\u00eda con tranquilidad<\/strong><\/h3>\n<p data-start=\"2277\" data-end=\"2490\">Deja que tu viaje desde el coraz\u00f3n de Anatolia hasta la costa del Egeo sea tan memorable como tus destinos. Con nuestro servicio de traslado privado, puedes relajarte, disfrutar del paisaje y llegar a Izmir renovado y listo para comenzar tu experiencia. <\/p>\n<p data-start=\"2492\" data-end=\"2532\">Nosotros nos encargamos del camino \u2014 t\u00fa disfrutas del viaje.<\/p>\n<div class=\"row\"  id=\"row-1980044423\">\n<p data-start=\"2748\" data-end=\"2776\">\n\t<div id=\"col-618511413\" class=\"col medium-4 small-12 large-4\"  >\n\t\t\t\t<div class=\"col-inner\"  >\n\t\t\t\n\t\t\t\n<h4 data-start=\"2778\" data-end=\"2802\">\u00bfPor qu\u00e9 viajar con nosotros?<\/h4>\n<ul data-start=\"2804\" data-end=\"2964\">\n<li data-start=\"2804\" data-end=\"2849\">\n<p data-start=\"2806\" data-end=\"2849\">Agencia de viajes con licencia y equipo experimentado<\/p>\n<\/li>\n<li data-start=\"2850\" data-end=\"2888\">\n<p data-start=\"2852\" data-end=\"2888\">100 % privado \u2014 sin traslados compartidos<\/p>\n<\/li>\n<li data-start=\"2889\" data-end=\"2928\">\n<p data-start=\"2891\" data-end=\"2928\">Precios transparentes \u2013 sin costes ocultos<\/p>\n<\/li>\n<li data-start=\"2929\" data-end=\"2964\">\n<p data-start=\"2931\" data-end=\"2964\">Conductores amables y asistencia 24\/7<\/p>\n<\/li>\n<\/ul>\n\t\t<\/div>\n\t\t\t\t\t<\/div>\n\n\t\n\n\t<div id=\"col-1749537122\" class=\"col medium-4 small-12 large-4\"  >\n\t\t\t\t<div class=\"col-inner\"  >\n\t\t\t\n\t\t\t\n<h4 data-start=\"3003\" data-end=\"3019\">C\u00f3mo reservar<\/p>\n<\/h4>\n<p data-start=\"3021\" data-end=\"3082\">Reservar tu traslado de Capadocia a Pamukkale es muy f\u00e1cil:<\/p>\n<ul data-start=\"3084\" data-end=\"3247\">\n<li data-start=\"3084\" data-end=\"3132\">\n<p data-start=\"3086\" data-end=\"3132\">Escr\u00edbenos por WhatsApp: +90 552 804 5590<\/p>\n<\/li>\n<li data-start=\"3133\" data-end=\"3196\">\n<p data-start=\"3135\" data-end=\"3196\">Comparte tu fecha de viaje, punto de recogida y n\u00famero de pasajeros<\/p>\n<\/li>\n<li data-start=\"3197\" data-end=\"3247\">\n<p data-start=\"3199\" data-end=\"3247\">Comparte tu fecha de viaje, punto de recogida y n\u00famero de pasajeros<\/p>\n<\/li>\n<\/ul>\n<p data-start=\"3249\" data-end=\"3316\">Tambi\u00e9n puedes utilizar el formulario de consulta en nuestro sitio web \u2014 respondemos r\u00e1pidamente.<\/p>\n\t\t<\/div>\n\t\t\t\t\t<\/div>\n\n\t\n\n\t<div id=\"col-1907620632\" class=\"col medium-4 small-12 large-4\"  >\n\t\t\t\t<div class=\"col-inner\"  >\n\t\t\t\n\t\t\t\n<h4 data-start=\"3355\" data-end=\"3384\">Servicios adicionales disponibles<\/h4>\n<ul data-start=\"3386\" data-end=\"3593\">\n<li data-start=\"3386\" data-end=\"3423\">\n<p data-start=\"3388\" data-end=\"3423\">Wi-Fi a bordo (bajo solicitud)<\/p>\n<\/li>\n<li data-start=\"3424\" data-end=\"3466\">\n<p data-start=\"3426\" data-end=\"3466\">Asientos para ni\u00f1os disponibles (bajo solicitud)<\/p>\n<\/li>\n<li data-start=\"3467\" data-end=\"3519\">\n<p data-start=\"3469\" data-end=\"3519\">Paradas guiadas \u2014 explora Afrodisias durante el trayecto<\/p>\n<\/li>\n<li data-start=\"3520\" data-end=\"3593\">\n<p data-start=\"3522\" data-end=\"3593\">Itinerario flexible \u2014 comb\u00ednalo con hotel en Pamukkale u opciones de tour<\/p>\n<\/li>\n<\/ul>\n\t\t<\/div>\n\t\t\t\t\t<\/div>\n\n\t\n<\/div>\n","protected":false},"excerpt":{"rendered":"<p>Traslado Privado de Capadocia a Izmir \u2013 Comodidad en Larga Distancia, Personalizado y Sin Preocupaciones \u00bfEst\u00e1s planeando viajar de Capadocia a Izmir? Ofrecemos un servicio de traslado privado, seguro y panor\u00e1mico que conecta la regi\u00f3n de cuento de hadas del centro de Turqu\u00eda con la hermosa costa del mar Egeo. Olv\u00eddate de los autobuses abarrotados, [&#8230;]\n","protected":false},"featured_media":11491,"comment_status":"open","ping_status":"closed","template":"","meta":{"footnotes":""},"product_brand":[],"product_cat":[178],"product_tag":[],"class_list":{"0":"post-12404","1":"product","2":"type-product","3":"status-publish","4":"has-post-thumbnail","6":"product_cat-sin-categorizar","8":"first","9":"instock","10":"virtual","11":"sold-individually","12":"purchasable","13":"product-type-booking"},"_links":{"self":[{"href":"https:\/\/sunsmiletravel.com\/es\/wp-json\/wp\/v2\/product\/12404","targetHints":{"allow":["GET"]}}],"collection":[{"href":"https:\/\/sunsmiletravel.com\/es\/wp-json\/wp\/v2\/product"}],"about":[{"href":"https:\/\/sunsmiletravel.com\/es\/wp-json\/wp\/v2\/types\/product"}],"replies":[{"embeddable":true,"href":"https:\/\/sunsmiletravel.com\/es\/wp-json\/wp\/v2\/comments?post=12404"}],"version-history":[{"count":0,"href":"https:\/\/sunsmiletravel.com\/es\/wp-json\/wp\/v2\/product\/12404\/revisions"}],"wp:featuredmedia":[{"embeddable":true,"href":"https:\/\/sunsmiletravel.com\/es\/wp-json\/wp\/v2\/media\/11491"}],"wp:attachment":[{"href":"https:\/\/sunsmiletravel.com\/es\/wp-json\/wp\/v2\/media?parent=12404"}],"wp:term":[{"taxonomy":"product_brand","embeddable":true,"href":"https:\/\/sunsmiletravel.com\/es\/wp-json\/wp\/v2\/product_brand?post=12404"},{"taxonomy":"product_cat","embeddable":true,"href":"https:\/\/sunsmiletravel.com\/es\/wp-json\/wp\/v2\/product_cat?post=12404"},{"taxonomy":"product_tag","embeddable":true,"href":"https:\/\/sunsmiletravel.com\/es\/wp-json\/wp\/v2\/product_tag?post=12404"}],"curies":[{"name":"wp","href":"https:\/\/api.w.org\/{rel}","templated":true}]}}