{"id":5017,"date":"2022-03-31T11:28:41","date_gmt":"2022-03-31T08:28:41","guid":{"rendered":"https:\/\/sunsmiletravel.com\/tour\/tour-rojo-cappadocia-tour-norte\/"},"modified":"2025-02-06T03:27:08","modified_gmt":"2025-02-06T00:27:08","slug":"tour-rojo-cappadocia","status":"publish","type":"product","link":"https:\/\/sunsmiletravel.com\/es\/tour-rojo-cappadocia\/","title":{"rendered":"Tour rojo Cappadocia. (Tour Norte)"},"content":{"rendered":"<h2>Detalles del tour rojo de Capadocia<\/h2>\n<p>Hay tres recorridos principales en Cappadocia y el Cappadocia Red Tour es uno de los m\u00e1s populares. Este recorrido tambi\u00e9n se conoce como Cappadocia Tour Norte. Cada una de nuestras opciones de viaje est\u00e1 acompa\u00f1ada por gu\u00edas tur\u00edsticos experimentados y autorizados.  <\/p>\n<p><img loading=\"lazy\" decoding=\"async\" class=\"alignnone wp-image-2227 size-full\" src=\"https:\/\/sunsmiletravel.com\/wp-content\/uploads\/2021\/02\/pasabaglari.jpg\" alt=\"tour-rojo-cappadocia\" width=\"1600\" height=\"700\" srcset=\"https:\/\/sunsmiletravel.com\/wp-content\/uploads\/2021\/02\/pasabaglari.jpg 1600w, https:\/\/sunsmiletravel.com\/wp-content\/uploads\/2021\/02\/pasabaglari-800x350.jpg 800w, https:\/\/sunsmiletravel.com\/wp-content\/uploads\/2021\/02\/pasabaglari-300x131.jpg 300w, https:\/\/sunsmiletravel.com\/wp-content\/uploads\/2021\/02\/pasabaglari-1024x448.jpg 1024w, https:\/\/sunsmiletravel.com\/wp-content\/uploads\/2021\/02\/pasabaglari-768x336.jpg 768w, https:\/\/sunsmiletravel.com\/wp-content\/uploads\/2021\/02\/pasabaglari-1536x672.jpg 1536w\" sizes=\"auto, (max-width: 1600px) 100vw, 1600px\" \/><\/p>\n<p>Con nuestro tour rojo de Cappadocia, liberar\u00e1 su mente visitando las vistas \u00fanicas de Cappadocia y admirando lo que la naturaleza puede crear. Adem\u00e1s de estos paisajes que satisfacen la vista, cada lugar que visitaremos durante nuestro recorrido por el norte de Cappadocia tendr\u00e1 una base registrada similar al soporte de varios avances humanos. <\/p>\n<p>Cappadocia Tour Rojo o Tour Norte es lo que est\u00e1 buscando en caso de que necesite visitar estos impactantes valles multicolores que est\u00e1n llenos de cuevas y ciudades subterr\u00e1neas. De esta manera, querr\u00e1s investigar Cappadocia tanto geol\u00f3gica como hist\u00f3ricamente. Particularmente si eres un explorador que est\u00e1 continuamente hambriento de informaci\u00f3n, sin duda debes interesarte por este programa: extender\u00e1s tu mente y alma a trav\u00e9s de cada una de las cosas que ver\u00e1s y aprender\u00e1s.  <\/p>\n<p>Si est\u00e1 interesado en otros tours regulares, consulte este <a href=\"https:\/\/sunsmiletravel.com\/tours-activities\/\">enlace .<\/a><br \/>\nAqu\u00ed hay un gran paseo en dron por <a href=\"https:\/\/www.youtube.com\/watch?v=f3lv65BFmaA&amp;ab_channel=BeautifulDestinations\" target=\"_blank\" rel=\"noopener\">Cappadocia<\/a>.<\/p>\n<p>El horario de recogida del tour norte es entre las 09:30 y las 10:00, y el tour termina alrededor de las 16:30.<\/p>\n<p><span style=\"color: #ed1c24;\"><strong>PD: Los ni\u00f1os menores de 8 a\u00f1os no pagan en el tour rojo de Cappadocia. <\/strong><\/span><\/p>\n<h3>Nuestros tours son organizados con Gu\u00edas Profesionales en Ingl\u00e9s, Gu\u00edas en Espa\u00f1ol, Gu\u00edas en Portugu\u00e9s y Gu\u00edas en Chino.<br \/>\nTodos los tours se organizan en su idioma.<\/h3>\n<h3>Para una mejor experiencia, tenga en cuenta los siguientes consejos:<\/h3>\n[su_list icon=\u00bbicon: hand-o-right\u00bb icon_color=\u00bb#D63F0D\u00bb]\n<ul>\n<li>Consulta el pron\u00f3stico del tiempo y v\u00edstete en consecuencia.<\/li>\n<li>Use zapatos c\u00f3modos y antideslizantes.<\/li>\n<li>Traiga sus gafas de sol y sombrero (especialmente en verano)<\/li>\n<li>Trae dinero para tus gastos<\/li>\n<li>No olvides cargar tus dispositivos port\u00e1tiles<\/li>\n<\/ul>\n[\/su_list]\n<h3>\u00bfQu\u00e9 lugares se visitan en este tour?<\/h3>\n[su_list icon=\u00bbicon: location-arrow\u00bb icon_color=\u00bb#D63F0D\u00bb]\n<ul>\n<li><strong>Castillo de U\u00e7hisar<\/strong>: El primer lugar de nuestro recorrido rojo por Cappadocia es el castillo de U\u00e7hisar, ubicado en el punto m\u00e1s alto del centro de Capadocia y te cautiva con su impresionante paisaje.<\/li>\n<li><strong>Museo al aire libre de G\u00f6reme:<\/strong> El museo es uno de los mayores complejos mon\u00e1sticos y centros religiosos. Con sus encantadoras iglesias rupestres y pinturas, el museo al aire libre de G\u00f6reme atrae a millones de visitantes cada a\u00f1o.  Valle del amor: Donde se pueden admirar las chimeneas de hadas en forma de pilares m\u00e1s asombrosas.<\/li>\n<li><strong>Valle del Amor;<\/strong> Por decir lo menos, Love Valley es un valle secreto con hermosas formaciones de roca volc\u00e1nica.<\/li>\n<li><strong>Almuerzo<\/strong> servido en un restaurante local tradicional<\/li>\n<li><strong>Avanos<\/strong> (demostraci\u00f3n de alfarer\u00eda); Muchos hombres del pueblo tienen talento para hacer cer\u00e1mica y alfarer\u00eda en Avanos. La alfarer\u00eda se ha entregado en esta zona ya alrededor de 2000 aC, la \u00e9poca de los hititas. <\/li>\n<li><strong>Valle de la imaginaci\u00f3n<\/strong> (tambi\u00e9n conocido como Valle de Devrent): Este lugar \u00fanico est\u00e1 repleto de chimeneas de hadas que se asemejan a algunas cosas espec\u00edficas, como animales y figuras.<\/li>\n<li><strong>Pa\u015faba\u011f<\/strong> (alias Valle de los Monjes); Este lugar es uno de los m\u00e1s interesantes con sus chimeneas de hadas colosales de tres cabezas. Los ermita\u00f1os que viv\u00edan all\u00ed se inspiraban en San Sime\u00f3n y tallaban sus celdas admirando su forma de vida. <\/li>\n<\/ul>\n[\/su_list]\n<h3> \u00bfQu\u00e9 est\u00e1 incluido?<\/h3>\n[su_list icon=\u00bbicon: check\u00bb icon_color=\u00bb#D63F0D\u00bb]\n<ul>\n<li>Gu\u00edas tur\u00edsticos profesionales con licencia.<\/li>\n<li>Servicio de recogida y devoluci\u00f3n con veh\u00edculos con aire acondicionado.<\/li>\n<li>Entradas a los museos<\/li>\n<li>Almuerzo en un restaurante local tradicional.<\/li>\n<li>Una botella de medio litro de agua por persona<\/li>\n<li>Impuestos<\/li>\n<\/ul>\n[\/su_list]\n<h3> \u00bfQu\u00e9 est\u00e1 excluido?<\/h3>\n[su_list icon=\u00bbicon: remove\u00bb icon_color=\u00bb#D63F0D\u00bb]\n<ul>\n<li>Bebidas en el almuerzo<\/li>\n<li>Gastos personales<\/li>\n<li>Propinas<\/li>\n<\/ul>\n[\/su_list]\n","protected":false},"excerpt":{"rendered":"<p>Detalles del tour rojo de Capadocia Hay tres recorridos principales en Cappadocia y el Cappadocia Red Tour es uno de los m\u00e1s populares. Este recorrido tambi\u00e9n se conoce como Cappadocia Tour Norte. Cada una de nuestras opciones de viaje est\u00e1 acompa\u00f1ada por gu\u00edas tur\u00edsticos experimentados y autorizados. Con nuestro tour rojo de Cappadocia, liberar\u00e1 su [&#8230;]\n","protected":false},"featured_media":8557,"comment_status":"open","ping_status":"closed","template":"","meta":{"footnotes":""},"product_brand":[],"product_cat":[177,173,254],"product_tag":[],"class_list":{"0":"post-5017","1":"product","2":"type-product","3":"status-publish","4":"has-post-thumbnail","6":"product_cat-tours-regulares","7":"product_cat-actividades","8":"product_cat-cappadocia","10":"first","11":"instock","12":"virtual","13":"sold-individually","14":"purchasable","15":"product-type-booking"},"_links":{"self":[{"href":"https:\/\/sunsmiletravel.com\/es\/wp-json\/wp\/v2\/product\/5017","targetHints":{"allow":["GET"]}}],"collection":[{"href":"https:\/\/sunsmiletravel.com\/es\/wp-json\/wp\/v2\/product"}],"about":[{"href":"https:\/\/sunsmiletravel.com\/es\/wp-json\/wp\/v2\/types\/product"}],"replies":[{"embeddable":true,"href":"https:\/\/sunsmiletravel.com\/es\/wp-json\/wp\/v2\/comments?post=5017"}],"version-history":[{"count":0,"href":"https:\/\/sunsmiletravel.com\/es\/wp-json\/wp\/v2\/product\/5017\/revisions"}],"wp:featuredmedia":[{"embeddable":true,"href":"https:\/\/sunsmiletravel.com\/es\/wp-json\/wp\/v2\/media\/8557"}],"wp:attachment":[{"href":"https:\/\/sunsmiletravel.com\/es\/wp-json\/wp\/v2\/media?parent=5017"}],"wp:term":[{"taxonomy":"product_brand","embeddable":true,"href":"https:\/\/sunsmiletravel.com\/es\/wp-json\/wp\/v2\/product_brand?post=5017"},{"taxonomy":"product_cat","embeddable":true,"href":"https:\/\/sunsmiletravel.com\/es\/wp-json\/wp\/v2\/product_cat?post=5017"},{"taxonomy":"product_tag","embeddable":true,"href":"https:\/\/sunsmiletravel.com\/es\/wp-json\/wp\/v2\/product_tag?post=5017"}],"curies":[{"name":"wp","href":"https:\/\/api.w.org\/{rel}","templated":true}]}}