{"id":5022,"date":"2022-03-31T11:26:25","date_gmt":"2022-03-31T08:26:25","guid":{"rendered":"https:\/\/sunsmiletravel.com\/tour\/tour-verde-cappadocia-tour-sur\/"},"modified":"2025-02-24T08:01:27","modified_gmt":"2025-02-24T05:01:27","slug":"tour-verde-cappadocia","status":"publish","type":"product","link":"https:\/\/sunsmiletravel.com\/es\/tour-verde-cappadocia\/","title":{"rendered":"Tour Verde Cappadocia (Tour Sur)"},"content":{"rendered":"<h2>Detalles del tour verde de Capadocia<\/h2>\n<p>El tour verde de Cappadocia es otro popular en la regi\u00f3n y tambi\u00e9n se conoce como Tour Sur. El recorrido verde es un poco m\u00e1s largo que el recorrido rojo y si tiene dos d\u00edas libres para los recorridos, el recorrido verde ser\u00e1 la mejor opci\u00f3n para su segundo d\u00eda. En este recorrido, podr\u00e1 ver las partes m\u00e1s espectaculares de Cappadocia y aprender por qu\u00e9 es uno de los destinos tur\u00edsticos m\u00e1s populares de Turqu\u00eda.  <\/p>\n<p><img loading=\"lazy\" decoding=\"async\" class=\"alignnone wp-image-2240 size-full\" src=\"https:\/\/sunsmiletravel.com\/wp-content\/uploads\/2021\/02\/redvalley.jpg\" alt=\"Tour verde de Capadocia\" width=\"1600\" height=\"700\" srcset=\"https:\/\/sunsmiletravel.com\/wp-content\/uploads\/2021\/02\/redvalley.jpg 1600w, https:\/\/sunsmiletravel.com\/wp-content\/uploads\/2021\/02\/redvalley-800x350.jpg 800w, https:\/\/sunsmiletravel.com\/wp-content\/uploads\/2021\/02\/redvalley-300x131.jpg 300w, https:\/\/sunsmiletravel.com\/wp-content\/uploads\/2021\/02\/redvalley-1024x448.jpg 1024w, https:\/\/sunsmiletravel.com\/wp-content\/uploads\/2021\/02\/redvalley-768x336.jpg 768w, https:\/\/sunsmiletravel.com\/wp-content\/uploads\/2021\/02\/redvalley-1536x672.jpg 1536w\" sizes=\"auto, (max-width: 1600px) 100vw, 1600px\" \/><\/p>\n<p>El tour verde de Cappadocia de d\u00eda completo incluye algunas de las atracciones m\u00e1s importantes de la regi\u00f3n, incluidas formaciones rocosas inusuales, vistas panor\u00e1micas, caminatas por el valle, paisajes naturales \u00fanicos y, por supuesto, la ciudad subterr\u00e1nea de Kaymakl\u0131, que es una de las m\u00e1s populares de Cappadocia. \u00a1Permita que Capadocia lo reciba con todo su esplendor, que incluye una combinaci\u00f3n inigualable de marr\u00f3n, rojo y verde! <a href=\"https:\/\/sunsmiletravel.com\/es\/tour\/paseo-a-caballo-en-cappadocia\/\">Una excursi\u00f3n a caballo<\/a>es otra gran aventura en los valles de Capadocia si est\u00e1 interesado.  Aqu\u00ed hay un gran paseo en dron por<a href=\"https:\/\/www.youtube.com\/watch?v=mgzopZfpHj4&amp;ab_channel=MotorumlaNET\" target=\"_blank\" rel=\"noopener\"> Red Valley y Rose Valley <\/a> <\/p>\n<p>El horario de recogida del tour verde de Cappadocia es entre las 09:30 y las 10:00, el tour termina alrededor de las 17:00.<\/p>\n<p><strong><span style=\"color: #ed1c24;\">PD: \u00a1Los ni\u00f1os menores de 8 a\u00f1os son gratis!<\/span><\/strong><\/p>\n<p><strong>Nuestros tours son organizados con Gu\u00edas Profesionales en Ingl\u00e9s, Gu\u00edas en Espa\u00f1ol, Gu\u00edas en Portugu\u00e9s y Gu\u00edas en Chino.<\/strong><br \/>\n<strong>Todos los tours se organizan en su idioma.<\/strong><\/p>\n<h3>Para una mejor experiencia, tenga en cuenta los siguientes consejos:<\/h3>\n[su_list icon=\u00bbicon: hand-o-right\u00bb icon_color=\u00bb#D63F0D\u00bb]\n<ul>\n<li>Consulta el pron\u00f3stico del tiempo y v\u00edstete en consecuencia.<\/li>\n<li>Tenga en cuenta que el tour de Cappadocia incluye caminatas y no es adecuado para personas con dificultades para caminar.<\/li>\n<li>La ciudad subterr\u00e1nea es un espacio confinado, informe a su gu\u00eda si tiene claustrofobia.<\/li>\n<li>Use zapatos c\u00f3modos y antideslizantes.<\/li>\n<li>Traiga sus gafas de sol y sombrero (especialmente en verano)<\/li>\n<li>Trae dinero para tus gastos<\/li>\n<li>No olvides cargar tus dispositivos port\u00e1tiles<\/li>\n<\/ul>\n[\/su_list]\n<h3>\u00bfQu\u00e9 lugares se visitan en este tour?<\/h3>\n[su_list icon=\u00bbicon: location-arrow\u00bb icon_color=\u00bb#D63F0D\u00bb]\n<ul>\n<li><strong>Panorama de Goreme:<\/strong> Para comenzar el tour verde de Cappadocia, iremos a G\u00f6reme Panorama para dejar descansar la vista un rato: este lugar sirve como un balc\u00f3n con una vista espectacular de Goreme y el castillo de U\u00e7hisar.<\/li>\n<li><strong>Ciudad subterr\u00e1nea de Kaymakli:<\/strong> Esta maravilla de la ingenier\u00eda antigua es el mayor asentamiento temporal de muchas civilizaciones locales. Este asentamiento \u00fanico tiene m\u00e1s de 4000 a\u00f1os de historia. <\/li>\n<li><strong>VALLE DE IHLARA<\/strong>: Pasee por el valle de Ihlara, donde podr\u00e1 recorrer el ca\u00f1\u00f3n, observar sus iglesias rupestres y disfrutar de su entorno de oasis.<\/li>\n<li><strong>Almuerzo:<\/strong> Servido en un restaurante local tradicional.<\/li>\n<li><strong>MONASTERIO DE SELIME: <\/strong> Un monasterio \u00fanico excavado en toda una monta\u00f1a volc\u00e1nica.<br \/>\nUno de los mejores lugares que hay que ver en el mundo.  Una gran vista de una ciudad hist\u00f3rica con asentamientos en cuevas y un castillo \u00fanico.<\/li>\n<li><strong>Demostraci\u00f3n de \u00f3nix:<\/strong> Visitar\u00e1 un taller, donde se procesan fascinantes piedras preciosas y semipreciosas, y escuchar\u00e1 a los expertos hablarle sobre las piedras.<\/li>\n<li><strong>VALLE DE LAS PALOMAS;<\/strong> es un lugar desde el que se puede contemplar tanto el Castillo de U\u00e7hisar como El Valle desde un gran \u00e1ngulo. \u00bfEst\u00e1 preparado para escuchar la pintoresca historia de los palomares? El Valle de las Palomas es un hermoso valle donde se pueden tomar fant\u00e1sticas fotos de palomas, palomares y \u00e1rboles de ojos malvados decorados con piedras azules turcas.  <\/li>\n<\/ul>\n[\/su_list]\n<h3>\u00bfQu\u00e9 est\u00e1 incluido?<\/h3>\n[su_list icon=\u00bbicon: check\u00bb icon_color=\u00bb#D63F0D\u00bb]\n<ul>\n<li>Gu\u00edas tur\u00edsticos profesionales con licencia.<\/li>\n<li>Servicio de recogida y devoluci\u00f3n con veh\u00edculos con aire acondicionado.<\/li>\n<li>Entradas a los museos<\/li>\n<li>Almuerzo en un restaurante local tradicional.<\/li>\n<li>Una botella de medio litro de agua por persona<\/li>\n<li>Impuestos<\/li>\n<\/ul>\n[\/su_list]\n<h3>\u00bfQu\u00e9 est\u00e1 excluido?<\/h3>\n[su_list icon=\u00bbicon: remove\u00bb icon_color=\u00bb#D63F0D\u00bb]\n<ul>\n<li>Bebidas en el almuerzo<\/li>\n<li>Gastos personales<\/li>\n<li>Propinas<\/li>\n<\/ul>\n[\/su_list]\n","protected":false},"excerpt":{"rendered":"<p>Detalles del tour verde de Capadocia El tour verde de Cappadocia es otro popular en la regi\u00f3n y tambi\u00e9n se conoce como Tour Sur. El recorrido verde es un poco m\u00e1s largo que el recorrido rojo y si tiene dos d\u00edas libres para los recorridos, el recorrido verde ser\u00e1 la mejor opci\u00f3n para su segundo [&#8230;]\n","protected":false},"featured_media":8489,"comment_status":"open","ping_status":"closed","template":"","meta":{"footnotes":""},"product_brand":[],"product_cat":[177,173,254],"product_tag":[],"class_list":{"0":"post-5022","1":"product","2":"type-product","3":"status-publish","4":"has-post-thumbnail","6":"product_cat-tours-regulares","7":"product_cat-actividades","8":"product_cat-cappadocia","10":"first","11":"instock","12":"virtual","13":"sold-individually","14":"purchasable","15":"product-type-booking"},"_links":{"self":[{"href":"https:\/\/sunsmiletravel.com\/es\/wp-json\/wp\/v2\/product\/5022","targetHints":{"allow":["GET"]}}],"collection":[{"href":"https:\/\/sunsmiletravel.com\/es\/wp-json\/wp\/v2\/product"}],"about":[{"href":"https:\/\/sunsmiletravel.com\/es\/wp-json\/wp\/v2\/types\/product"}],"replies":[{"embeddable":true,"href":"https:\/\/sunsmiletravel.com\/es\/wp-json\/wp\/v2\/comments?post=5022"}],"version-history":[{"count":0,"href":"https:\/\/sunsmiletravel.com\/es\/wp-json\/wp\/v2\/product\/5022\/revisions"}],"wp:featuredmedia":[{"embeddable":true,"href":"https:\/\/sunsmiletravel.com\/es\/wp-json\/wp\/v2\/media\/8489"}],"wp:attachment":[{"href":"https:\/\/sunsmiletravel.com\/es\/wp-json\/wp\/v2\/media?parent=5022"}],"wp:term":[{"taxonomy":"product_brand","embeddable":true,"href":"https:\/\/sunsmiletravel.com\/es\/wp-json\/wp\/v2\/product_brand?post=5022"},{"taxonomy":"product_cat","embeddable":true,"href":"https:\/\/sunsmiletravel.com\/es\/wp-json\/wp\/v2\/product_cat?post=5022"},{"taxonomy":"product_tag","embeddable":true,"href":"https:\/\/sunsmiletravel.com\/es\/wp-json\/wp\/v2\/product_tag?post=5022"}],"curies":[{"name":"wp","href":"https:\/\/api.w.org\/{rel}","templated":true}]}}