{"id":5046,"date":"2022-03-31T11:11:43","date_gmt":"2022-03-31T08:11:43","guid":{"rendered":"https:\/\/sunsmiletravel.com\/tour\/tour-lo-mas-destacado-en-cappadocia\/"},"modified":"2025-11-27T12:05:39","modified_gmt":"2025-11-27T09:05:39","slug":"tour-lo-mas-destacado-en-cappadocia","status":"publish","type":"product","link":"https:\/\/sunsmiletravel.com\/es\/tour-lo-mas-destacado-en-cappadocia\/","title":{"rendered":"Tour Lo m\u00e1s destacado en Cappadocia"},"content":{"rendered":"<h2>Detalles del tour Lo m\u00e1s destacado en Cappadocia<\/h2>\n<p>\u00bfTiene un presupuesto peque\u00f1o y un tiempo limitado, pero desea obtener una visi\u00f3n general r\u00e1pida del \u00e1rea? El tour Lo m\u00e1s destacado de Cappadocia es la mejor manera de aprovechar al m\u00e1ximo su viaje a Cappadocia. <\/p>\n<p><img loading=\"lazy\" decoding=\"async\" class=\"alignnone wp-image-2248 size-full\" src=\"https:\/\/sunsmiletravel.com\/wp-content\/uploads\/2021\/03\/uchisar-castle.jpg\" alt=\"Tour Lo m\u00e1s destacado en Cappadocia\" width=\"1600\" height=\"700\" srcset=\"https:\/\/sunsmiletravel.com\/wp-content\/uploads\/2021\/03\/uchisar-castle.jpg 1600w, https:\/\/sunsmiletravel.com\/wp-content\/uploads\/2021\/03\/uchisar-castle-800x350.jpg 800w, https:\/\/sunsmiletravel.com\/wp-content\/uploads\/2021\/03\/uchisar-castle-300x131.jpg 300w, https:\/\/sunsmiletravel.com\/wp-content\/uploads\/2021\/03\/uchisar-castle-1024x448.jpg 1024w, https:\/\/sunsmiletravel.com\/wp-content\/uploads\/2021\/03\/uchisar-castle-768x336.jpg 768w, https:\/\/sunsmiletravel.com\/wp-content\/uploads\/2021\/03\/uchisar-castle-1536x672.jpg 1536w\" sizes=\"auto, (max-width: 1600px) 100vw, 1600px\" \/><\/p>\n<p>El tour con lo m\u00e1s destacado de Cappadocia lo lleva a los lugares panor\u00e1micos m\u00e1s hermosos de Cappadocia, donde aprender\u00e1 sobre sitios hist\u00f3ricos y formaciones rocosas naturales. Los aspectos m\u00e1s destacados de un recorrido por Capadocia revelar\u00e1n el paisaje inigualable de la regi\u00f3n. Disfrute del pasado y el presente y sea testigo de c\u00f3mo la tradici\u00f3n de 4000 a\u00f1os se transmite de padre a hijo visitando un taller de arte en cer\u00e1mica. Explorar\u00e1 el asentamiento \u00fanico de la ciudad subterr\u00e1nea de Kaymakli, disfrutar\u00e1 de una vista panor\u00e1mica de 360 \u00b0 de la regi\u00f3n de Capadocia y tomar\u00e1 las mejores fotos del castillo de Uchisar, Imagination y los valles de Pasabag en este recorrido.<\/p>\n<p>Para obtener m\u00e1s informaci\u00f3n sobre la gira Lo m\u00e1s destacado de Cappadocia, <a href=\"https:\/\/sunsmiletravel.com\/es\/contactenos\/\">cont\u00e1ctenos.<\/a><br \/>\nSi desea consultar el pron\u00f3stico del tiempo proporcionado por el Servicio Meteorol\u00f3gico de Turqu\u00eda, consulte este <a href=\"https:\/\/www.mgm.gov.tr\/eng\/forecast-cities.aspx?m=NEVSEHIR\" target=\"_blank\" rel=\"noopener\">enlace<\/a>.<\/p>\n<p>La hora de recogida del tour con lo m\u00e1s destacado de Capadocia es entre las 09:30 y las 10:00, el tour finaliza alrededor de las 17:00.<\/p>\n<p><strong><span style=\"color: #ed1c24;\">PD: \u00a1Los ni\u00f1os menores de 8 a\u00f1os son gratis!<\/span><\/strong><\/p>\n<h3>Nuestros tours son organizados con Gu\u00edas Profesionales en Ingl\u00e9s, Gu\u00edas en Espa\u00f1ol, Gu\u00edas en Portugu\u00e9s y Gu\u00edas en Chino.<br \/>\nTodos los tours se organizan en su idioma.<\/h3>\n<h3>\nPara una mejor experiencia, tenga en cuenta los siguientes consejos:<\/h3>\n[su_list icon=\u00bbicon: hand-o-right\u00bb icon_color=\u00bb#D63F0D\u00bb]\n<ul>\n<li>Consulta el pron\u00f3stico del tiempo y v\u00edstete en consecuencia.<\/li>\n<li>La ciudad subterr\u00e1nea es un espacio confinado, informe a su gu\u00eda si tiene claustrofobia.<\/li>\n<li>Use zapatos c\u00f3modos y antideslizantes.<\/li>\n<li>Traiga sus gafas de sol y sombrero (especialmente en verano)<\/li>\n<li>Trae dinero para tus gastos<\/li>\n<li>No olvides cargar tus dispositivos port\u00e1tiles<\/li>\n<\/ul>\n[\/su_list]\n<h3>\u00bfQu\u00e9 lugares se visitan en este tour?<\/h3>\n[su_list icon=\u00bbicon: location-arrow\u00bb icon_color=\u00bb#D63F0D\u00bb]\n<ul>\n<li><strong>Goreme Panorama:<\/strong> To start the green tour of Cappadocia, we will go to G\u00f6reme Panorama to let our eyes rest for a while: this place serves as a balcony with a spectacular view of Goreme and U\u00e7hisar castle.<\/li>\n<li><strong>Castillo de U\u00e7hisar:<\/strong> El castillo est\u00e1 ubicado en el punto m\u00e1s alto del centro de Cappadocia y te cautiva con su impresionante paisaje.<\/li>\n<li><strong>Ciudad subterr\u00e1nea de Kaymakl\u0131:<\/strong> Esta maravilla de la ingenier\u00eda antigua es el asentamiento temporal m\u00e1s grande de muchas civilizaciones locales. Este asentamiento \u00fanico tiene m\u00e1s de 4000 a\u00f1os de historia.<\/li>\n<li><strong>Valle de las Palomas:<\/strong> es un lugar donde puedes ver tanto el castillo de U\u00e7hisar como el valle desde un gran \u00e1ngulo. \u00bfEst\u00e1s listo para escuchar la pintoresca historia de los palomares?<\/li>\n<li><strong>Almuerzo<\/strong>: Servido en un restaurante local tradicional.<\/li>\n<li><strong>Avanos (demostraci\u00f3n de cer\u00e1mica):<\/strong> Muchos hombres de la ciudad tienen talento para hacer cer\u00e1mica y alfarer\u00eda en Avanos. La cer\u00e1mica se ha entregado en esta \u00e1rea desde alrededor del a\u00f1o 2000 a. C., la \u00e9poca de los hititas.<\/li>\n<li><strong>Valle de la imaginaci\u00f3n (tambi\u00e9n conocido como Valle de Devrent):<\/strong> Este lugar \u00fanico est\u00e1 repleto de chimeneas de hadas que se asemejan a algunas cosas espec\u00edficas, como animales y figuras.<\/li>\n<li><strong>Pasaba\u011f (tambi\u00e9n conocido como Valle de los Monjes):<\/strong> Este lugar es uno de los m\u00e1s interesantes con sus colosales chimeneas de hadas de tres cabezas. Los ermita\u00f1os que all\u00ed viv\u00edan se inspiraron en San Sime\u00f3n y tallaron sus celdas admirando su forma de vida.<\/li>\n<\/ul>\n[\/su_list]\n<h3>\u00bfQu\u00e9 est\u00e1 incluido?<\/h3>\n[su_list icon=\u00bbicon: check\u00bb icon_color=\u00bb#D63F0D\u00bb]\n<ul>\n<li>Gu\u00edas tur\u00edsticos profesionales con licencia.<\/li>\n<li>Servicio de recogida y devoluci\u00f3n con veh\u00edculos con aire acondicionado.<\/li>\n<li>Entradas a los museos<\/li>\n<li>Almuerzo en un restaurante local tradicional.<\/li>\n<li>Una botella de medio litro de agua por persona<\/li>\n<li>Impuestos<\/li>\n<\/ul>\n[\/su_list]\n<h3>\u00bfQu\u00e9 est\u00e1 excluido?<\/h3>\n[su_list icon=\u00bbicon: remove\u00bb icon_color=\u00bb#D63F0D\u00bb]\n<ul>\n<li>Bebidas en el almuerzo<\/li>\n<li>Gastos personales<\/li>\n<li>Propinas<\/li>\n<\/ul>\n[\/su_list]\n","protected":false},"excerpt":{"rendered":"<p>Detalles del tour Lo m\u00e1s destacado en Cappadocia \u00bfTiene un presupuesto peque\u00f1o y un tiempo limitado, pero desea obtener una visi\u00f3n general r\u00e1pida del \u00e1rea? El tour Lo m\u00e1s destacado de Cappadocia es la mejor manera de aprovechar al m\u00e1ximo su viaje a Cappadocia. El tour con lo m\u00e1s destacado de Cappadocia lo lleva a [&#8230;]\n","protected":false},"featured_media":8730,"comment_status":"open","ping_status":"closed","template":"","meta":{"footnotes":""},"product_brand":[],"product_cat":[177,173,254],"product_tag":[],"class_list":{"0":"post-5046","1":"product","2":"type-product","3":"status-publish","4":"has-post-thumbnail","6":"product_cat-tours-regulares","7":"product_cat-actividades","8":"product_cat-cappadocia","10":"first","11":"instock","12":"virtual","13":"sold-individually","14":"purchasable","15":"product-type-booking"},"_links":{"self":[{"href":"https:\/\/sunsmiletravel.com\/es\/wp-json\/wp\/v2\/product\/5046","targetHints":{"allow":["GET"]}}],"collection":[{"href":"https:\/\/sunsmiletravel.com\/es\/wp-json\/wp\/v2\/product"}],"about":[{"href":"https:\/\/sunsmiletravel.com\/es\/wp-json\/wp\/v2\/types\/product"}],"replies":[{"embeddable":true,"href":"https:\/\/sunsmiletravel.com\/es\/wp-json\/wp\/v2\/comments?post=5046"}],"version-history":[{"count":0,"href":"https:\/\/sunsmiletravel.com\/es\/wp-json\/wp\/v2\/product\/5046\/revisions"}],"wp:featuredmedia":[{"embeddable":true,"href":"https:\/\/sunsmiletravel.com\/es\/wp-json\/wp\/v2\/media\/8730"}],"wp:attachment":[{"href":"https:\/\/sunsmiletravel.com\/es\/wp-json\/wp\/v2\/media?parent=5046"}],"wp:term":[{"taxonomy":"product_brand","embeddable":true,"href":"https:\/\/sunsmiletravel.com\/es\/wp-json\/wp\/v2\/product_brand?post=5046"},{"taxonomy":"product_cat","embeddable":true,"href":"https:\/\/sunsmiletravel.com\/es\/wp-json\/wp\/v2\/product_cat?post=5046"},{"taxonomy":"product_tag","embeddable":true,"href":"https:\/\/sunsmiletravel.com\/es\/wp-json\/wp\/v2\/product_tag?post=5046"}],"curies":[{"name":"wp","href":"https:\/\/api.w.org\/{rel}","templated":true}]}}