{"id":5103,"date":"2022-03-31T11:19:50","date_gmt":"2022-03-31T08:19:50","guid":{"rendered":"https:\/\/sunsmiletravel.com\/tour\/tour-en-globo-aerostatico-por-cappadocia\/"},"modified":"2024-11-27T10:21:34","modified_gmt":"2024-11-27T07:21:34","slug":"tour-en-globo-aerostatico-por-cappadocia","status":"publish","type":"product","link":"https:\/\/sunsmiletravel.com\/es\/tour-en-globo-aerostatico-por-cappadocia\/","title":{"rendered":"Tour en globo aerost\u00e1tico por Cappadocia"},"content":{"rendered":"<h2>Detalles del tour en globo aerost\u00e1tico de Capadocia.<\/h2>\n<p><em><strong>** El precio indicado s\u00f3lo es v\u00e1lido para la fecha de hoy. Para hacer una reserva para fechas futuras, <a href=\"https:\/\/wa.me\/+905528045590\" target=\"_blank\" rel=\"noopener\">env\u00eda un mensaje por WhatsApp.<\/a>** <\/strong><\/em><\/p>\n<p>Cappadocia, que es uno de los destinos tur\u00edsticos m\u00e1s importantes de Turqu\u00eda, hipnotiza a los viajeros con chimeneas de hadas que recuerdan a un cuento de hadas y un ambiente encantador. La regi\u00f3n tambi\u00e9n llama la atenci\u00f3n con sus viajes en globo aerost\u00e1tico a Cappadocia que permiten a los turistas observar esta vista \u00fanica desde el cielo. Los turistas acuden en masa a la regi\u00f3n cada temporada para observar esta geograf\u00eda \u00fanica desde el cielo con sus recorridos en globo aerost\u00e1tico que se han convertido en el s\u00edmbolo de Cappadocia.  <\/p>\n<p><img loading=\"lazy\" decoding=\"async\" class=\"alignnone wp-image-1732 size-full\" src=\"http:\/\/cappadocia.magicmaptravel.com\/wp-content\/uploads\/2021\/02\/Cappadocia-Hot-Air-Balloon-Tour.jpg\" alt=\"Tour-en-globo-aerost\u00e1tico-por-Cappadocia\" width=\"1600\" height=\"500\" srcset=\"https:\/\/sunsmiletravel.com\/wp-content\/uploads\/2021\/02\/Cappadocia-Hot-Air-Balloon-Tour.jpg 1600w, https:\/\/sunsmiletravel.com\/wp-content\/uploads\/2021\/02\/Cappadocia-Hot-Air-Balloon-Tour-800x250.jpg 800w, https:\/\/sunsmiletravel.com\/wp-content\/uploads\/2021\/02\/Cappadocia-Hot-Air-Balloon-Tour-300x94.jpg 300w, https:\/\/sunsmiletravel.com\/wp-content\/uploads\/2021\/02\/Cappadocia-Hot-Air-Balloon-Tour-1024x320.jpg 1024w, https:\/\/sunsmiletravel.com\/wp-content\/uploads\/2021\/02\/Cappadocia-Hot-Air-Balloon-Tour-768x240.jpg 768w, https:\/\/sunsmiletravel.com\/wp-content\/uploads\/2021\/02\/Cappadocia-Hot-Air-Balloon-Tour-1536x480.jpg 1536w\" sizes=\"auto, (max-width: 1600px) 100vw, 1600px\" \/><\/p>\n<p>La opini\u00f3n com\u00fan de quienes se unen al tour en globo aerost\u00e1tico de Cappadocia es que tuvieron una experiencia \u00fanica y admiraron Cappadocia. Capadocia, que es hermosa cada hora del d\u00eda, se envuelve en una belleza \u00fanica, especialmente al amanecer. A esta misma hora, encontrarse con el sol con globos despegando hacia el cielo ofrece una felicidad indescriptible y un fest\u00edn visual incre\u00edble.<\/p>\n<p>Hay aproximadamente 25 empresas que prestan servicios de excursiones en globo en la regi\u00f3n.<br \/>\nLos precios de las excursiones en globo por Capadocia en 2021 var\u00edan seg\u00fan la empresa.<br \/>\nAdem\u00e1s, los precios son m\u00e1s altos durante la temporada alta y casi se reducen a la mitad durante la temporada baja.  <\/p>\n<p>Disponemos de dos categor\u00edas de vuelo: <strong>est\u00e1ndar<\/strong> y <strong>confort<\/strong>.<br \/>\nEl vuelo est\u00e1ndar se opera con una capacidad m\u00e1xima de 28 personas en la cesta.<br \/>\nEl vuelo confort se realiza con una capacidad m\u00e1xima de 20 personas en la cesta.<br \/>\nSi desea realizar un vuelo privado en globo, p\u00f3ngase en contacto con nosotros.   <\/p>\n<h3>\u00bfC\u00f3mo se operan los tours en globo aerost\u00e1tico por Cappadocia?<\/h3>\n[su_list icon=\u00bbicon: arrow-right\u00bb icon_color=\u00bb#D63F0D\u00bb]\n<ul>\n<li>Lo recoger\u00e1n de su alojamiento y lo transportar\u00e1n a la oficina de la compa\u00f1\u00eda de globos para un desayuno r\u00e1pido y registrarse.<\/li>\n<li>El recorrido en globo comenzar\u00e1 aproximadamente 1,5 horas antes del amanecer.<\/li>\n<li>Mientras desayunas, los pilotos comprueban el tiempo para encontrar los mejores puntos de despegue.<br \/>\nCada d\u00eda, estos puntos de despegue cambiar\u00e1n para garantizarte la mejor experiencia de vuelo posible. <\/li>\n<li>Lo llevar\u00e1n a la posici\u00f3n de despegue especificada despu\u00e9s de recibir la confirmaci\u00f3n de la Autoridad de Aviaci\u00f3n Civil de Turqu\u00eda.<\/li>\n<li>Mientras espera que los globos est\u00e9n listos, es posible que vea los pasos finales del inflado de globos.<\/li>\n<li>Una vez finalizados los preparativos, comenzar\u00e1 su vuelo de 1 hora sobre el paisaje \u00fanico de Capadocia.<br \/>\nTenga en cuenta que esta duraci\u00f3n puede ser de 10 minutos m\u00e1s o menos en funci\u00f3n de las condiciones meteorol\u00f3gicas. <\/li>\n<li>Despu\u00e9s de aterrizar de manera segura, a nuestros invitados se les ofrecer\u00e1 una celebraci\u00f3n tradicional con champ\u00e1n y se les entregar\u00e1n sus certificados de vuelo para recordarles esta experiencia \u00fanica. Posteriormente ser\u00e1n trasladados de regreso a su hotel con grandes recuerdos. <\/li>\n<\/ul>\n[\/su_list]\n<h3>Tenga en cuenta;<\/h3>\n[su_list icon=\u00bbicon: hand-o-right\u00bb icon_color=\u00bb#D63F0D\u00bb]\n<ul>\n<li>Dado que este recorrido comienza temprano en la ma\u00f1ana, se recomienda traer una chaqueta o una sudadera con capucha.<\/li>\n<li>Los ni\u00f1os menores de 6 a\u00f1os no pueden volar.<\/li>\n<li>Esta actividad no es apta para embarazadas.<\/li>\n<\/ul>\n[\/su_list]\n<h3>\u00bfQu\u00e9 est\u00e1 incluido?<\/h3>\n[su_list icon=\u00bbicon: check\u00bb icon_color=\u00bb#D63F0D\u00bb]\n<ul>\n<li>Transferencias de ida y vuelta<\/li>\n<li>Snacks y bebidas para un desayuno r\u00e1pido<\/li>\n<li>Celebraci\u00f3n con champ\u00e1n y certificado<\/li>\n<li>Seguro personal<\/li>\n<\/ul>\n[\/su_list]\n<p>Tambi\u00e9n puedes reservar nuestros viajes en globo a trav\u00e9s de <a href=\"https:\/\/www.viator.com\/tours\/Goreme\/Cappadocia-Hot-Air-Ballon-Ride-with-Breakfast\/d23271-303717P3\" target=\"_blank\" rel=\"noopener\">Viator<\/a> o <a href=\"https:\/\/www.airbnb.com.tr\/experiences\/2172862?guests=1&amp;adults=1&amp;s=67&amp;unique_share_id=4c399c68-0616-4d47-802e-2c18598ce9b4\" target=\"_blank\" rel=\"noopener\">Airbnb<\/a><br \/>\n. Si tienes alguna pregunta, no dudes en <a href=\"https:\/\/sunsmiletravel.com\/contact\/\">ponerte en contacto con nosotros<\/a>.<\/p>\n","protected":false},"excerpt":{"rendered":"<p>Detalles del tour en globo aerost\u00e1tico de Capadocia. ** El precio indicado s\u00f3lo es v\u00e1lido para la fecha de hoy. Para hacer una reserva para fechas futuras, env\u00eda un mensaje por WhatsApp.** Cappadocia, que es uno de los destinos tur\u00edsticos m\u00e1s importantes de Turqu\u00eda, hipnotiza a los viajeros con chimeneas de hadas que recuerdan a [&#8230;]\n","protected":false},"featured_media":9093,"comment_status":"open","ping_status":"closed","template":"","meta":{"footnotes":""},"product_brand":[],"product_cat":[173,254],"product_tag":[],"class_list":{"0":"post-5103","1":"product","2":"type-product","3":"status-publish","4":"has-post-thumbnail","6":"product_cat-actividades","7":"product_cat-cappadocia","9":"first","10":"instock","11":"virtual","12":"sold-individually","13":"purchasable","14":"product-type-booking"},"_links":{"self":[{"href":"https:\/\/sunsmiletravel.com\/es\/wp-json\/wp\/v2\/product\/5103","targetHints":{"allow":["GET"]}}],"collection":[{"href":"https:\/\/sunsmiletravel.com\/es\/wp-json\/wp\/v2\/product"}],"about":[{"href":"https:\/\/sunsmiletravel.com\/es\/wp-json\/wp\/v2\/types\/product"}],"replies":[{"embeddable":true,"href":"https:\/\/sunsmiletravel.com\/es\/wp-json\/wp\/v2\/comments?post=5103"}],"version-history":[{"count":0,"href":"https:\/\/sunsmiletravel.com\/es\/wp-json\/wp\/v2\/product\/5103\/revisions"}],"wp:featuredmedia":[{"embeddable":true,"href":"https:\/\/sunsmiletravel.com\/es\/wp-json\/wp\/v2\/media\/9093"}],"wp:attachment":[{"href":"https:\/\/sunsmiletravel.com\/es\/wp-json\/wp\/v2\/media?parent=5103"}],"wp:term":[{"taxonomy":"product_brand","embeddable":true,"href":"https:\/\/sunsmiletravel.com\/es\/wp-json\/wp\/v2\/product_brand?post=5103"},{"taxonomy":"product_cat","embeddable":true,"href":"https:\/\/sunsmiletravel.com\/es\/wp-json\/wp\/v2\/product_cat?post=5103"},{"taxonomy":"product_tag","embeddable":true,"href":"https:\/\/sunsmiletravel.com\/es\/wp-json\/wp\/v2\/product_tag?post=5103"}],"curies":[{"name":"wp","href":"https:\/\/api.w.org\/{rel}","templated":true}]}}