{"id":5106,"date":"2022-03-31T11:15:28","date_gmt":"2022-03-31T08:15:28","guid":{"rendered":"https:\/\/sunsmiletravel.com\/tour\/paseo-a-caballo-en-cappadocia\/"},"modified":"2022-03-31T11:15:28","modified_gmt":"2022-03-31T08:15:28","slug":"paseo-a-caballo-en-cappadocia","status":"publish","type":"product","link":"https:\/\/sunsmiletravel.com\/es\/paseo-a-caballo-en-cappadocia\/","title":{"rendered":"Paseo a caballo en Cappadocia"},"content":{"rendered":"<h2>Detalles del Paseo a caballo en Capadocia<\/h2>\n<p>Conocer la historia y la hermosa naturaleza de Cappadocia haciendo un viaje a caballo te da la sensaci\u00f3n de ser un h\u00e9roe de un cuento de hadas y te permite tener un viaje agradable en la historia. Es por eso que la ruta a caballo en Cappadocia es de gran inter\u00e9s para los turistas. <\/p>\n<p><img loading=\"lazy\" decoding=\"async\" class=\"alignnone wp-image-1900 size-full\" src=\"http:\/\/cappadocia.magicmaptravel.com\/wp-content\/uploads\/2021\/02\/horseback-riding.jpg\" alt=\"Paseo a caballo en Cappadocia\" width=\"1600\" height=\"700\" srcset=\"https:\/\/sunsmiletravel.com\/wp-content\/uploads\/2021\/02\/horseback-riding.jpg 1600w, https:\/\/sunsmiletravel.com\/wp-content\/uploads\/2021\/02\/horseback-riding-800x350.jpg 800w, https:\/\/sunsmiletravel.com\/wp-content\/uploads\/2021\/02\/horseback-riding-300x131.jpg 300w, https:\/\/sunsmiletravel.com\/wp-content\/uploads\/2021\/02\/horseback-riding-1024x448.jpg 1024w, https:\/\/sunsmiletravel.com\/wp-content\/uploads\/2021\/02\/horseback-riding-768x336.jpg 768w, https:\/\/sunsmiletravel.com\/wp-content\/uploads\/2021\/02\/horseback-riding-1536x672.jpg 1536w\" sizes=\"auto, (max-width: 1600px) 100vw, 1600px\" \/><\/p>\n<p>Se buscan algunos requisitos previos para participar en la Actividad de Paseo a Caballo por Capadocia. Pueden unirse a la ruta a caballo aquellas personas mayores de 7 a\u00f1os, que no tengan problemas de salud graves, amen la adrenalina y la emoci\u00f3n y no conviertan su emoci\u00f3n en estr\u00e9s. <\/p>\n<p>Aquellos que reservan el programa de viaje son recogidos en sus hoteles por nuestra empresa y se les proporcionan traslados de regreso al finalizar el tour. Adem\u00e1s, las transacciones de seguros son realizadas por las empresas de ranchos de caballos. Todo el equipo necesario es proporcionado por empresas de ranchos de caballos. El coste de todos estos servicios est\u00e1 incluido en los precios de la ruta a caballo en Cappadocia.   <\/p>\n<p>El tour a caballo por Cappadocia se puede realizar a cualquier hora del d\u00eda. Sin embargo, los tours de 2 horas al atardecer son m\u00e1s preferidos. La raz\u00f3n es que los valles de Cappadocia tienen una vista magn\u00edfica a estas horas.  <\/p>\n<p>Para obtener m\u00e1s informaci\u00f3n, p\u00f3ngase en <a href=\"https:\/\/sunsmiletravel.com\/es\/contactenos\/\">contacto <\/a> con nosotros.<br \/>\nSi desea consultar el pron\u00f3stico del tiempo proporcionado por el Servicio Meteorol\u00f3gico de Turqu\u00eda, consulte este <a href=\"https:\/\/www.mgm.gov.tr\/eng\/forecast-cities.aspx?m=NEVSEHIR\" target=\"_blank\" rel=\"noopener\">enlace<\/a>.<\/p>\n<h3><span id=\"For_a_better_experience_please_consider_the_following_tips\">Para una mejor experiencia, tenga en cuenta los siguientes consejos:<\/span><\/h3>\n[su_list icon=\u00bbicon: hand-o-right\u00bb icon_color=\u00bb#D63F0D\u00bb]\n<div class=\"su-list\">\n<ul>\n<li>Consulta el pron\u00f3stico del tiempo y v\u00edstete en consecuencia.<\/li>\n<li>Dado que se usar\u00e1n cascos durante todo el viaje, las mujeres deben peinarse en consecuencia.<\/li>\n<li>Los menores de 7 a\u00f1os no pueden montar a caballo.<\/li>\n<li>Los viajeros deben tener un nivel de condici\u00f3n f\u00edsica moderado.<\/li>\n<li>Esta actividad no es apta para embarazadas.<\/li>\n<\/ul>\n[\/su_list]\n<\/div>\n<h3>\u00bfQu\u00e9 lugares visitamos en este tour?<\/h3>\n[su_list icon=\u00bbicon: location-arrow\u00bb icon_color=\u00bb#D63F0D\u00bb]\n<ul>\n<li><strong>El valle de K\u0131l\u0131\u00e7lar (espadas)<\/strong> es uno de los lugares m\u00e1s populares pues tiene muchas pistas que pasan a trav\u00e9s de chimeneas de hadas en forma de espada, formaciones de cuevas, palomares e iglesias hist\u00f3ricas famosas. <\/li>\n<li><strong>El valle de G\u00fcll\u00fcdere (Rosebrook)<\/strong> toma su nombre de sus rocas que se vuelven rojas a la luz del d\u00eda. Es especialmente uno de los lugares perfectos para ver la puesta de sol.  Montar a caballo en un ambiente tan fascinante, presenciar la admirable naturaleza acompa\u00f1ada de la adrenalina en aumento es indispensable sobre todo para los amantes de la aventura.<\/li>\n<li><strong>El Valle de K\u0131z\u0131l\u00e7ukur,<\/strong> tambi\u00e9n conocido como Valle Rojo, fascina a quienes lo ven con su vista \u00fanica que adquiere diferentes colores a cada hora del d\u00eda y envuelve un rojo cautivador al atardecer.<\/li>\n<li><strong>El pueblo de \u00c7avu\u015fin<\/strong> es uno de los asentamientos m\u00e1s antiguos de Capadocia. Hay muchas iglesias hist\u00f3ricas en el pueblo. \u00c7avu\u015fin es uno de los lugares mas frecuentados y ofrece momentos agradables a los participantes con su magn\u00edfica naturaleza e impresionantes edificios hist\u00f3ricos.  <\/li>\n<li>La Iglesia de la <strong>Cruz<\/strong> y la Iglesia con <strong>columnas<\/strong> tambi\u00e9n ser\u00e1n visitadas durante el paseo.<\/li>\n<\/ul>\n[\/su_list]\n<h3>\u00bfQu\u00e9 est\u00e1 incluido?<\/h3>\n[su_list icon=\u00bbicon: check\u00bb icon_color=\u00bb#D63F0D\u00bb]\n<ul>\n<li>Equipo requerido<\/li>\n<li>Traslados desde\/hacia el hotel<\/li>\n<li>2 horas de cabalgata<\/li>\n<li>Guia<\/li>\n<\/ul>\n[\/su_list]\n<h3>\u00bfQu\u00e9 est\u00e1 excluido?<\/h3>\n[su_list icon=\u00bbicon: remove\u00bb icon_color=\u00bb#D63F0D\u00bb]\n<div class=\"su-list\">\n<ul>\n<li>Propinas<\/li>\n<li>Gastos personales.<\/li>\n<\/ul>\n<\/div>\n[\/su_list]\n","protected":false},"excerpt":{"rendered":"<p>Detalles del Paseo a caballo en Capadocia Conocer la historia y la hermosa naturaleza de Cappadocia haciendo un viaje a caballo te da la sensaci\u00f3n de ser un h\u00e9roe de un cuento de hadas y te permite tener un viaje agradable en la historia. Es por eso que la ruta a caballo en Cappadocia es [&#8230;]\n","protected":false},"featured_media":8569,"comment_status":"open","ping_status":"closed","template":"","meta":{"footnotes":""},"product_brand":[],"product_cat":[173,254],"product_tag":[],"class_list":{"0":"post-5106","1":"product","2":"type-product","3":"status-publish","4":"has-post-thumbnail","6":"product_cat-actividades","7":"product_cat-cappadocia","9":"first","10":"instock","11":"virtual","12":"sold-individually","13":"purchasable","14":"product-type-booking"},"_links":{"self":[{"href":"https:\/\/sunsmiletravel.com\/es\/wp-json\/wp\/v2\/product\/5106","targetHints":{"allow":["GET"]}}],"collection":[{"href":"https:\/\/sunsmiletravel.com\/es\/wp-json\/wp\/v2\/product"}],"about":[{"href":"https:\/\/sunsmiletravel.com\/es\/wp-json\/wp\/v2\/types\/product"}],"replies":[{"embeddable":true,"href":"https:\/\/sunsmiletravel.com\/es\/wp-json\/wp\/v2\/comments?post=5106"}],"version-history":[{"count":0,"href":"https:\/\/sunsmiletravel.com\/es\/wp-json\/wp\/v2\/product\/5106\/revisions"}],"wp:featuredmedia":[{"embeddable":true,"href":"https:\/\/sunsmiletravel.com\/es\/wp-json\/wp\/v2\/media\/8569"}],"wp:attachment":[{"href":"https:\/\/sunsmiletravel.com\/es\/wp-json\/wp\/v2\/media?parent=5106"}],"wp:term":[{"taxonomy":"product_brand","embeddable":true,"href":"https:\/\/sunsmiletravel.com\/es\/wp-json\/wp\/v2\/product_brand?post=5106"},{"taxonomy":"product_cat","embeddable":true,"href":"https:\/\/sunsmiletravel.com\/es\/wp-json\/wp\/v2\/product_cat?post=5106"},{"taxonomy":"product_tag","embeddable":true,"href":"https:\/\/sunsmiletravel.com\/es\/wp-json\/wp\/v2\/product_tag?post=5106"}],"curies":[{"name":"wp","href":"https:\/\/api.w.org\/{rel}","templated":true}]}}