{"id":5107,"date":"2022-03-31T10:45:15","date_gmt":"2022-03-31T07:45:15","guid":{"rendered":"https:\/\/sunsmiletravel.com\/tour\/tour-cappadocia-atv-recorrido-en-cuatrimoto\/"},"modified":"2024-11-11T14:42:43","modified_gmt":"2024-11-11T11:42:43","slug":"tour-cappadocia-atv-2-horas","status":"publish","type":"product","link":"https:\/\/sunsmiletravel.com\/es\/tour-cappadocia-atv-2-horas\/","title":{"rendered":"Tour Cappadocia ATV (recorrido en cuatrImoto)"},"content":{"rendered":"<h2><strong>Detalles del Tour Cappadocia ATV (2 horas)<\/strong><\/h2>\n<p>Cappadocia es uno de los mayores centros tur\u00edsticos que atrae a la gente con su magn\u00edfica naturaleza, su fascinante atm\u00f3sfera y sus emocionantes actividades, y es un tipo de lugar que aquellos que han visitado antes siempre querr\u00e1n ver. Es una excelente experiencia sentir la emoci\u00f3n en su apogeo en la magn\u00edfica naturaleza, especialmente con el Tour Cappadocia ATV. <\/p>\n<p>Puede divertirse mucho en los senderos entre las chimeneas de hadas, acompa\u00f1ado de magn\u00edficas vistas al conducir veh\u00edculos todo terreno seguros conocidos como ATV o cuatrimotos. Aquellos que participar\u00e1n en el Tour ATV de Cappadocia son recogidos en sus hoteles y dejados a sus hoteles nuevamente al final del recorrido. <\/p>\n<p><img loading=\"lazy\" decoding=\"async\" class=\"alignnone wp-image-1679 size-full\" src=\"https:\/\/sunsmiletravel.com\/wp-content\/uploads\/2021\/03\/cappadocia-atv-tour-main.jpg\" alt=\"Tour-Cappadocia-ATV\" width=\"1600\" height=\"500\" srcset=\"https:\/\/sunsmiletravel.com\/wp-content\/uploads\/2021\/03\/cappadocia-atv-tour-main.jpg 1600w, https:\/\/sunsmiletravel.com\/wp-content\/uploads\/2021\/03\/cappadocia-atv-tour-main-800x250.jpg 800w, https:\/\/sunsmiletravel.com\/wp-content\/uploads\/2021\/03\/cappadocia-atv-tour-main-300x94.jpg 300w, https:\/\/sunsmiletravel.com\/wp-content\/uploads\/2021\/03\/cappadocia-atv-tour-main-1024x320.jpg 1024w, https:\/\/sunsmiletravel.com\/wp-content\/uploads\/2021\/03\/cappadocia-atv-tour-main-768x240.jpg 768w, https:\/\/sunsmiletravel.com\/wp-content\/uploads\/2021\/03\/cappadocia-atv-tour-main-1536x480.jpg 1536w\" sizes=\"auto, (max-width: 1600px) 100vw, 1600px\" \/><\/p>\n<p>Casi todos los que vienen a Cappadocia obtienen un recorrido en veh\u00edculos todo terreno. Es una oportunidad realmente perdida no tener un recorrido en ATV en Cappadocia. Entonces, antes de que est\u00e9 listo para emprender su viaje a Cappadocia, agregue la opci\u00f3n Cappadocia ATV Tour a su itinerario y alcance los picos de la emoci\u00f3n.  <\/p>\n<p>El tour en cuatrimoto de 2 horas por Capadocia se puede realizar en cualquier momento del d\u00eda. Sin embargo, los recorridos al atardecer y al amanecer son m\u00e1s preferidos. La raz\u00f3n es que los valles de Cappadocia tienen una vista magn\u00edfica a estas horas y la emoci\u00f3n de usar cuatrimotos es mucho mayor en un ambiente tan fascinante.   Para obtener m\u00e1s informaci\u00f3n, p\u00f3ngase en <a href=\"https:\/\/sunsmiletravel.com\/es\/contactenos\/\">contacto <\/a> con nosotros.<\/p>\n<p>Si desea reservar este tour en Airbnb, consulte nuestra p\u00e1gina de <strong><a title=\"Tour Cappadocia ATV Airbnb\" href=\"https:\/\/www.airbnb.com.tr\/experiences\/2779742\" target=\"_blank\" rel=\"noopener\">Airbnb Tour Cappadocia Atv<\/a><\/strong><\/p>\n<h3>Para una mejor experiencia, tenga en cuenta los siguientes consejos:<\/h3>\n[su_list icon=\u00bbicon: hand-o-right\u00bb icon_color=\u00bb#D63F0D\u00bb]\n<ul>\n<li>Consulta el pron\u00f3stico del tiempo y v\u00edstete en consecuencia.<\/li>\n<li>Dado que se usar\u00e1n cascos durante todo el viaje, las mujeres deben peinarse en consecuencia.<\/li>\n<li>Para proteger sus ojos del polvo, le recomendamos que use sus anteojos.<\/li>\n<li>Los menores de 18 a\u00f1os no pueden montar en quads, pero pueden sentarse detr\u00e1s del conductor.<\/li>\n<li>Dado que la actividad se llevar\u00e1 a cabo en un ambiente polvoriento en verano, puede que no sea apropiada para personas con trastornos respiratorios.<\/li>\n<li>Esta actividad no es apta para embarazadas.<\/li>\n<li>Le recomendamos que use un cubrebocas durante el recorrido.<\/li>\n<\/ul>\n[\/su_list]\n<h3>\u00bfQu\u00e9 lugares visitamos en este tour?<\/h3>\n[su_list icon=\u00bbicon: location-arrow\u00bb icon_color=\u00bb#D63F0D\u00bb]\n<ul>\n<li><strong>El valle de K\u0131l\u0131\u00e7lar (espadas)<\/strong> es uno de los lugares m\u00e1s populares pues tiene muchas pistas que pasan a trav\u00e9s de chimeneas de hadas en forma de espada, formaciones de cuevas, palomares e iglesias hist\u00f3ricas famosas. <\/li>\n<li><strong>El valle de G\u00fcll\u00fcdere (Rosebrook)<\/strong> toma su nombre de sus rocas que se vuelven rojas a la luz del d\u00eda. Es especialmente uno de los lugares perfectos para ver la puesta de sol.  Conducir cuatrimotos en un ambiente tan fascinante, presenciar la admirable naturaleza acompa\u00f1ada de la subida de adrenalina es indispensable sobre todo para los amantes de la aventura.<\/li>\n<li><strong>El Valle de K\u0131z\u0131l\u00e7ukur<\/strong>, tambi\u00e9n conocido como Valle Rojo, que se encuentra en la ruta del recorrido en cuatriciclo de 2 horas de Cappadocia, fascina a quienes lo ven con su vista \u00fanica que adquiere diferentes colores a cada hora del d\u00eda y envuelve un rojo cautivador al atardecer.<\/li>\n<li><strong>El pueblo de \u00c7avu\u015fin<\/strong> es uno de los asentamientos m\u00e1s antiguos de Cappadocia. Hay muchas iglesias hist\u00f3ricas en el pueblo. \u00c7avu\u015fin, que es uno de los lugares frecuentados durante el tour de cuatriciclo de 2 horas por Cappadocia, ofrece momentos agradables a los participantes con su magn\u00edfica naturaleza e impresionantes edificios hist\u00f3ricos.  <\/li>\n<li><strong>El Valle del Amor es uno de los destinos m\u00e1s especiales del Tour en Cuatrimotos, ya que tiene 4900 metros de largo, ofrece una vista magn\u00edfica con impresionantes chimeneas de hadas. Es inevitable tener la oportunidad de vivir una dulce aventura entre vi\u00f1edos y \u00e1rboles frutales<\/strong>  <\/li>\n<\/ul>\n[\/su_list]\n<h3>\u00bfQu\u00e9 est\u00e1 incluido?<\/h3>\n[su_list icon=\u00bbicon: check\u00bb icon_color=\u00bb#D63F0D\u00bb]\n<ul>\n<li>Equipo requerido<\/li>\n<li>Traslados desde\/hacia el hotel<\/li>\n<li>Cuatrimoto por 2 horas combustible incluido<\/li>\n<li>Guia<\/li>\n<\/ul>\n[\/su_list]\n<h3>\u00bfQu\u00e9 est\u00e1 excluido?<\/h3>\n[su_list icon=\u00bbicon: remove\u00bb icon_color=\u00bb#D63F0D\u00bb]\n<div class=\"su-list\">\n<ul>\n<li>Propinas<\/li>\n<li>Gastos personales.<\/li>\n<\/ul>\n<\/div>\n[\/su_list]\n","protected":false},"excerpt":{"rendered":"<p>Detalles del Tour Cappadocia ATV (2 horas) Cappadocia es uno de los mayores centros tur\u00edsticos que atrae a la gente con su magn\u00edfica naturaleza, su fascinante atm\u00f3sfera y sus emocionantes actividades, y es un tipo de lugar que aquellos que han visitado antes siempre querr\u00e1n ver. Es una excelente experiencia sentir la emoci\u00f3n en su [&#8230;]\n","protected":false},"featured_media":8746,"comment_status":"open","ping_status":"closed","template":"","meta":{"footnotes":""},"product_brand":[],"product_cat":[173,254],"product_tag":[],"class_list":{"0":"post-5107","1":"product","2":"type-product","3":"status-publish","4":"has-post-thumbnail","6":"product_cat-actividades","7":"product_cat-cappadocia","9":"first","10":"instock","11":"virtual","12":"sold-individually","13":"purchasable","14":"product-type-booking"},"_links":{"self":[{"href":"https:\/\/sunsmiletravel.com\/es\/wp-json\/wp\/v2\/product\/5107","targetHints":{"allow":["GET"]}}],"collection":[{"href":"https:\/\/sunsmiletravel.com\/es\/wp-json\/wp\/v2\/product"}],"about":[{"href":"https:\/\/sunsmiletravel.com\/es\/wp-json\/wp\/v2\/types\/product"}],"replies":[{"embeddable":true,"href":"https:\/\/sunsmiletravel.com\/es\/wp-json\/wp\/v2\/comments?post=5107"}],"version-history":[{"count":0,"href":"https:\/\/sunsmiletravel.com\/es\/wp-json\/wp\/v2\/product\/5107\/revisions"}],"wp:featuredmedia":[{"embeddable":true,"href":"https:\/\/sunsmiletravel.com\/es\/wp-json\/wp\/v2\/media\/8746"}],"wp:attachment":[{"href":"https:\/\/sunsmiletravel.com\/es\/wp-json\/wp\/v2\/media?parent=5107"}],"wp:term":[{"taxonomy":"product_brand","embeddable":true,"href":"https:\/\/sunsmiletravel.com\/es\/wp-json\/wp\/v2\/product_brand?post=5107"},{"taxonomy":"product_cat","embeddable":true,"href":"https:\/\/sunsmiletravel.com\/es\/wp-json\/wp\/v2\/product_cat?post=5107"},{"taxonomy":"product_tag","embeddable":true,"href":"https:\/\/sunsmiletravel.com\/es\/wp-json\/wp\/v2\/product_tag?post=5107"}],"curies":[{"name":"wp","href":"https:\/\/api.w.org\/{rel}","templated":true}]}}