{"id":6320,"date":"2022-03-31T11:22:06","date_gmt":"2022-03-31T08:22:06","guid":{"rendered":"https:\/\/sunsmiletravel.com\/tour\/espectaculo-noche-turca\/"},"modified":"2024-07-02T00:55:35","modified_gmt":"2024-07-01T21:55:35","slug":"espectaculo-noche-turca","status":"publish","type":"product","link":"https:\/\/sunsmiletravel.com\/es\/espectaculo-noche-turca\/","title":{"rendered":"Espect\u00e1culo Noche turca"},"content":{"rendered":"<h2 align=\"left\">Detalles del Espect\u00e1culo Noche turca<\/h2>\n<p align=\"left\">El d\u00eda en Cappadocia comienza con un tour en globo al amanecer, se visitan los hermosos valles y edificios hist\u00f3ricos de la regi\u00f3n durante todo el d\u00eda, se contempla la magn\u00edfica vista de Cappadocia al atardecer y se completa con un Espect\u00e1culo Nocturno Turco que promueve la cultura turca.<\/p>\n<p align=\"left\">El programa Noche Turca se lleva a cabo en restaurantes ubicados en las regiones de U\u00e7hisar y Avanos. La caracter\u00edstica principal de estos restaurantes es que se encuentran entre las estructuras hist\u00f3ricas talladas en piedra y cuevas de la regi\u00f3n. Bailes folcl\u00f3ricos de diferentes regiones de Turqu\u00eda, espect\u00e1culos orientales y actuaciones de derviches giradores se exhiben en el ambiente impresionante de estos restaurantes. Adem\u00e1s, se sirven manjares especiales y comida famosa de la cocina turca a los invitados con los deliciosos vinos de Cappadocia.   <\/p>\n<p align=\"left\"><img loading=\"lazy\" decoding=\"async\" class=\"alignnone wp-image-1898 size-full\" src=\"http:\/\/cappadocia.magicmaptravel.com\/wp-content\/uploads\/2021\/02\/turkish-night-show.jpg\" alt=\"Espect\u00e1culo-Noche-turca\" width=\"1600\" height=\"700\" srcset=\"https:\/\/sunsmiletravel.com\/wp-content\/uploads\/2021\/02\/turkish-night-show.jpg 1600w, https:\/\/sunsmiletravel.com\/wp-content\/uploads\/2021\/02\/turkish-night-show-800x350.jpg 800w, https:\/\/sunsmiletravel.com\/wp-content\/uploads\/2021\/02\/turkish-night-show-300x131.jpg 300w, https:\/\/sunsmiletravel.com\/wp-content\/uploads\/2021\/02\/turkish-night-show-1024x448.jpg 1024w, https:\/\/sunsmiletravel.com\/wp-content\/uploads\/2021\/02\/turkish-night-show-768x336.jpg 768w, https:\/\/sunsmiletravel.com\/wp-content\/uploads\/2021\/02\/turkish-night-show-1536x672.jpg 1536w\" sizes=\"auto, (max-width: 1600px) 100vw, 1600px\" \/><\/p>\n<p align=\"left\">Es necesario hacer una reserva para unirse al programa Noche turca de Cappadocia, que dura entre 3 y 4 horas. Es muy dif\u00edcil encontrar sitio el mismo d\u00eda debido a la gran demanda. Aunque los precios de la Noche Turca var\u00edan seg\u00fan los restaurantes, no hay mucha diferencia entre ellos, y tambi\u00e9n var\u00edan seg\u00fan las preferencias de los clientes.  <\/p>\n<p align=\"left\">Hay opciones con y sin comidas. El men\u00fa con comidas incluye hors d&#8217;oeuvres que consisten en aperitivos fr\u00edos y calientes, comida tradicional turca, ensaladas, postres, frutos secos, frutas, bebidas alcoh\u00f3licas y no alcoh\u00f3licas.   El programa sin comidas incluye bebidas alcoh\u00f3licas y no alcoh\u00f3licas, especialmente vino, as\u00ed como frutos secos, frutas y snacks.<\/p>\n<p align=\"left\">Los precios del Espect\u00e1culo Noche Turca de Cappadocia incluyen los traslados desde y hacia el hotel. Los hu\u00e9spedes son recogidos de sus hoteles y llevados al restaurante. La hora de inicio del programa es alrededor de las 20:30.  <\/p>\n<p align=\"left\">Si quieres saber m\u00e1s sobre las danzas folcl\u00f3ricas turcas, consulta este <a href=\"https:\/\/en.wikipedia.org\/wiki\/Turkish_folk_dance\" target=\"_blank\" rel=\"noopener\">enlace <\/a><br \/>\nSi tiene alguna pregunta, no dude en ponerse en <a href=\"http:\/\/cappadocia.magicmaptravel.com\/contact\/\" target=\"_blank\" rel=\"noopener\">contacto<\/a> con nosotros.<\/p>\n<h3>\u00bfQu\u00e9 est\u00e1 incluido?<\/h3>\n[su_list icon=\u00bbicon: check\u00bb icon_color=\u00bb#D63F0D\u00bb]\n<ul>\n<li>Traslados desde\/hacia el hotel<\/li>\n<li>Refrescos y bebidas alcoh\u00f3licas ilimitadas<\/li>\n<li>Cena (depende de su elecci\u00f3n)<\/li>\n<\/ul>\n[\/su_list]\n<h3>\u00bfQu\u00e9 est\u00e1 excluido?<\/h3>\n[su_list icon=\u00bbicon: remove\u00bb icon_color=\u00bb#D63F0D\u00bb]\n<div class=\"su-list\">\n<ul>\n<li>Propinas<\/li>\n<li>Gastos personales.<\/li>\n<\/ul>\n<\/div>\n[\/su_list]\n<p>&nbsp;<\/p>\n","protected":false},"excerpt":{"rendered":"<p>Detalles del Espect\u00e1culo Noche turca El d\u00eda en Cappadocia comienza con un tour en globo al amanecer, se visitan los hermosos valles y edificios hist\u00f3ricos de la regi\u00f3n durante todo el d\u00eda, se contempla la magn\u00edfica vista de Cappadocia al atardecer y se completa con un Espect\u00e1culo Nocturno Turco que promueve la cultura turca. El [&#8230;]\n","protected":false},"featured_media":4509,"comment_status":"open","ping_status":"closed","template":"","meta":{"footnotes":""},"product_brand":[],"product_cat":[173,254],"product_tag":[],"class_list":{"0":"post-6320","1":"product","2":"type-product","3":"status-publish","4":"has-post-thumbnail","6":"product_cat-actividades","7":"product_cat-cappadocia","8":"yith_booking_service-include-dinner","10":"first","11":"instock","12":"virtual","13":"sold-individually","14":"purchasable","15":"product-type-booking"},"_links":{"self":[{"href":"https:\/\/sunsmiletravel.com\/es\/wp-json\/wp\/v2\/product\/6320","targetHints":{"allow":["GET"]}}],"collection":[{"href":"https:\/\/sunsmiletravel.com\/es\/wp-json\/wp\/v2\/product"}],"about":[{"href":"https:\/\/sunsmiletravel.com\/es\/wp-json\/wp\/v2\/types\/product"}],"replies":[{"embeddable":true,"href":"https:\/\/sunsmiletravel.com\/es\/wp-json\/wp\/v2\/comments?post=6320"}],"version-history":[{"count":0,"href":"https:\/\/sunsmiletravel.com\/es\/wp-json\/wp\/v2\/product\/6320\/revisions"}],"wp:featuredmedia":[{"embeddable":true,"href":"https:\/\/sunsmiletravel.com\/es\/wp-json\/wp\/v2\/media\/4509"}],"wp:attachment":[{"href":"https:\/\/sunsmiletravel.com\/es\/wp-json\/wp\/v2\/media?parent=6320"}],"wp:term":[{"taxonomy":"product_brand","embeddable":true,"href":"https:\/\/sunsmiletravel.com\/es\/wp-json\/wp\/v2\/product_brand?post=6320"},{"taxonomy":"product_cat","embeddable":true,"href":"https:\/\/sunsmiletravel.com\/es\/wp-json\/wp\/v2\/product_cat?post=6320"},{"taxonomy":"product_tag","embeddable":true,"href":"https:\/\/sunsmiletravel.com\/es\/wp-json\/wp\/v2\/product_tag?post=6320"}],"curies":[{"name":"wp","href":"https:\/\/api.w.org\/{rel}","templated":true}]}}