{"id":6351,"date":"2022-03-31T10:37:11","date_gmt":"2022-03-31T07:37:11","guid":{"rendered":"https:\/\/sunsmiletravel.com\/tour\/tour-en-auto-clasico-por-cappadocia\/"},"modified":"2022-03-31T10:37:11","modified_gmt":"2022-03-31T07:37:11","slug":"tour-en-auto-clasico-por-cappadocia","status":"publish","type":"product","link":"https:\/\/sunsmiletravel.com\/es\/tour-en-auto-clasico-por-cappadocia\/","title":{"rendered":"Tour en auto cl\u00e1sico por Cappadocia"},"content":{"rendered":"<h2>Detalles del recorrido en auto cl\u00e1sico de Cappadocia.<\/h2>\n<p>Cappadocia es uno de los lugares celestiales del mundo. Es uno de los centros tur\u00edsticos m\u00e1s importantes de Turqu\u00eda con su naturaleza \u00fanica, su atm\u00f3sfera impresionante y su rica historia. El Tour en auto cl\u00e1sico por Cappadocia es una de las mejores actividades que se pueden realizar en Cappadocia, que es diferente en cada estaci\u00f3n y ofrece diferentes bellezas cada hora del d\u00eda. Es una actividad maravillosa viajar en esta regi\u00f3n \u00fanica con un autom\u00f3vil cl\u00e1sico que recomendamos a aquellos que quieran inmortalizar sus hermosos momentos en Cappadocia con sesiones de fotos especiales.   <\/p>\n<p><img loading=\"lazy\" decoding=\"async\" class=\"alignnone wp-image-2280 size-full\" src=\"http:\/\/cappadocia.magicmaptravel.com\/wp-content\/uploads\/2022\/02\/WhatsApp-Image-2021-02-15-at-20.16.38-e1643866434212.jpeg\" alt=\"Tour en auto cl\u00e1sico por Cappadocia\" width=\"1080\" height=\"519\" srcset=\"https:\/\/sunsmiletravel.com\/wp-content\/uploads\/2022\/02\/WhatsApp-Image-2021-02-15-at-20.16.38-e1643866434212.jpeg 1080w, https:\/\/sunsmiletravel.com\/wp-content\/uploads\/2022\/02\/WhatsApp-Image-2021-02-15-at-20.16.38-e1643866434212-800x384.jpeg 800w\" sizes=\"auto, (max-width: 1080px) 100vw, 1080px\" \/>Con el Tour en Auto Cl\u00e1sico de Cappadocia, es posible conocer la regi\u00f3n de Capadocia mientras se disfruta de un viaje placentero. Especialmente en las temporadas de primavera y verano, es un gran placer viajar en este para\u00edso de cuento de hadas con autos cl\u00e1sicos descapotables. Aunque se puede realizar a cualquier hora del d\u00eda, es un placer especial realizar el recorrido en horas de la madrugada con un fest\u00edn visual. Porque el amanecer en Capadocia tiene una vista indescriptible. Con la aparici\u00f3n gradual del amanecer, los valles de Capadocia se ti\u00f1en de miles de tonos de rojo y crean una atm\u00f3sfera misteriosa. Justo en este momento, los coloridos globos aerost\u00e1ticos despegan hacia el cielo y parecen bailar en el rojo del cielo. Con el Tour en Auto Cl\u00e1sico de Cappadocia, los viajes a realizar durante estas horas te har\u00e1n tener un placer especial. Si quieres sentir que eres el h\u00e9roe del cuento de hadas de tus sue\u00f1os en este fascinante ambiente, te recomendamos realizar la actividad Tour en Auto Cl\u00e1sico de Cappadocia.       <\/p>\n<p>Especialmente los reci\u00e9n casados, las parejas que quieren casarse y los entusiastas del romance prefieren m\u00e1s el Tour en Auto Cl\u00e1sico de Cappadocia. Para tales situaciones, enriquecemos el recorrido con organizaciones especiales. Por ejemplo, se prepara una organizaci\u00f3n inolvidable para la propuesta de matrimonio, y al final del recorrido en auto cl\u00e1sico de Cappadocia, se puede hacer una propuesta de matrimonio en un ambiente agradable y estos momentos rom\u00e1nticos se inmortalizan con una sesi\u00f3n de fotos abriendo una botella de champ\u00e1n. Las sesiones de fotos son realizadas por fot\u00f3grafos profesionales.   <\/p>\n<p>Otro momento especial para el recorrido en autom\u00f3vil cl\u00e1sico de Cappadocia es al atardecer <strong>Cappadocia es al atardecer<\/strong>. Especialmente cuando Valle Rojo y Valle del Amor se vuelven rojos al atardecer, emerge una vista magn\u00edfica. Durante estas horas misteriosas, se pasa por las chimeneas de hadas con un coche cl\u00e1sico para llegar a los miradores y los momentos especiales se pueden inmortalizar tomando fotos.  <\/p>\n<h3>Recorrido est\u00e1ndar en auto cl\u00e1sico por Cappadocia<\/h3>\n<p>Las personas que se unir\u00e1n al recorrido est\u00e1ndar en autom\u00f3vil cl\u00e1sico de Capadocia son recogidas en sus hoteles y llevadas al punto donde comenzar\u00e1 el recorrido. Dependiendo de la disponibilidad de autos cl\u00e1sicos, tambi\u00e9n podemos recogerlo directamente de su hotel. Aquellos que se unir\u00e1n al Tour en autom\u00f3vil cl\u00e1sico Sunrise Cappadocia ser\u00e1n llevados al <strong>Valle Rojo<\/strong> en el autom\u00f3vil cl\u00e1sico antes del amanecer. Dependiendo de la direcci\u00f3n de los globos, tambi\u00e9n lo llevamos al <strong>Valle Rosa<\/strong> o al <strong>Valle de las Espadas<\/strong>. All\u00ed, se dedica tiempo a observar la vista y la preparaci\u00f3n del vuelo de los globos, y tambi\u00e9n se observa con admiraci\u00f3n el momento de flotar de los globos al amanecer. En el momento de este fest\u00edn visual que no se encuentra por ning\u00fan lado, se realiza una sesi\u00f3n de fotos en el auto cl\u00e1sico. Muchas parejas eligen este momento para su propuesta de matrimonio. Es casi imposible no admirar este ambiente donde las emociones como el entusiasmo, la emoci\u00f3n, la admiraci\u00f3n y el romance est\u00e1n en su apogeo.       <\/p>\n<p>Despu\u00e9s de pasar unos 45 minutos en el Valle Rojo, se dispone a ir al <strong>Valle del Amor.<\/strong> Los globos son bienvenidos all\u00ed. El Valle del Amor es uno de los m\u00e1s fascinantes valles de Capadocia. Las sesiones de fotos se hacen aqu\u00ed de nuevo. Columpios en forma de coraz\u00f3n, globos que flotan en el cielo, magn\u00edficas vistas y aire fresco&#8230; El recorrido en autom\u00f3vil cl\u00e1sico de Capadocia termina aqu\u00ed con una botella de champ\u00e1n.    <\/p>\n<p>Tenga en cuenta que el Tour en auto cl\u00e1sico est\u00e1ndar se puede realizar en cualquier momento del d\u00eda y se realiza en la misma ruta. El recorrido dura 2 horas y el precio es de <strong>80 \u20ac<\/strong> para un m\u00e1ximo de <strong>4 personas<\/strong>. Para el tour al atardecer, al amanecer o durante el d\u00eda no hay diferencia de precio.  <\/p>\n<h4>\u00bfQu\u00e9 est\u00e1 incluido?<\/h4>\n[su_list icon=\u00bbicon: check\u00bb icon_color=\u00bb#D63F0D\u00bb]\n<ul>\n<li>Transferencias de ida y vuelta<\/li>\n<li>Gasolina<\/li>\n<li>Conductor<\/li>\n<li>Celebraci\u00f3n con champ\u00e1n (sin alcohol)<\/li>\n<\/ul>\n[\/su_list]\n<h4><span id=\"What8217s_excluded\">\u00bfQu\u00e9 est\u00e1 excluido?<\/span><\/h4>\n[su_list icon=\u00bbicon: remove\u00bb icon_color=\u00bb#D63F0D\u00bb]\n<div class=\"su-list\">\n<ul>\n<li><i class=\"sui sui-remove\"><\/i>Fot\u00f3grafo profesional<i class=\"sui sui-remove\"><\/i><\/li>\n<li><i class=\"sui sui-remove\"><\/i>Ropa para las sesiones<\/li>\n<\/ul>\n[\/su_list]\n<\/div>\n<p>Seg\u00fan el prop\u00f3sito de unirse al tour, podemos preparar veh\u00edculos en diferentes conceptos a pedido. Los m\u00e1s populares son el concepto de mesa oriental delante del coche, el concepto de coche nupcial y las sesiones de fotos con ropa local. Para sus solicitudes especiales, no dude en <a href=\"https:\/\/sunsmiletravel.com\/contact\/\">contactarnos<\/a>  <\/p>\n","protected":false},"excerpt":{"rendered":"<p>Detalles del recorrido en auto cl\u00e1sico de Cappadocia. Cappadocia es uno de los lugares celestiales del mundo. Es uno de los centros tur\u00edsticos m\u00e1s importantes de Turqu\u00eda con su naturaleza \u00fanica, su atm\u00f3sfera impresionante y su rica historia. El Tour en auto cl\u00e1sico por Cappadocia es una de las mejores actividades que se pueden realizar [&#8230;]\n","protected":false},"featured_media":4528,"comment_status":"open","ping_status":"closed","template":"","meta":{"footnotes":""},"product_brand":[],"product_cat":[173,254],"product_tag":[],"class_list":{"0":"post-6351","1":"product","2":"type-product","3":"status-publish","4":"has-post-thumbnail","6":"product_cat-actividades","7":"product_cat-cappadocia","9":"first","10":"instock","11":"virtual","12":"sold-individually","13":"purchasable","14":"product-type-booking"},"_links":{"self":[{"href":"https:\/\/sunsmiletravel.com\/es\/wp-json\/wp\/v2\/product\/6351","targetHints":{"allow":["GET"]}}],"collection":[{"href":"https:\/\/sunsmiletravel.com\/es\/wp-json\/wp\/v2\/product"}],"about":[{"href":"https:\/\/sunsmiletravel.com\/es\/wp-json\/wp\/v2\/types\/product"}],"replies":[{"embeddable":true,"href":"https:\/\/sunsmiletravel.com\/es\/wp-json\/wp\/v2\/comments?post=6351"}],"version-history":[{"count":0,"href":"https:\/\/sunsmiletravel.com\/es\/wp-json\/wp\/v2\/product\/6351\/revisions"}],"wp:featuredmedia":[{"embeddable":true,"href":"https:\/\/sunsmiletravel.com\/es\/wp-json\/wp\/v2\/media\/4528"}],"wp:attachment":[{"href":"https:\/\/sunsmiletravel.com\/es\/wp-json\/wp\/v2\/media?parent=6351"}],"wp:term":[{"taxonomy":"product_brand","embeddable":true,"href":"https:\/\/sunsmiletravel.com\/es\/wp-json\/wp\/v2\/product_brand?post=6351"},{"taxonomy":"product_cat","embeddable":true,"href":"https:\/\/sunsmiletravel.com\/es\/wp-json\/wp\/v2\/product_cat?post=6351"},{"taxonomy":"product_tag","embeddable":true,"href":"https:\/\/sunsmiletravel.com\/es\/wp-json\/wp\/v2\/product_tag?post=6351"}],"curies":[{"name":"wp","href":"https:\/\/api.w.org\/{rel}","templated":true}]}}