{"id":6352,"date":"2022-03-31T00:45:27","date_gmt":"2022-03-30T21:45:27","guid":{"rendered":"https:\/\/sunsmiletravel.com\/tour\/safari-en-jeep-por-cappadocia\/"},"modified":"2022-03-31T00:45:27","modified_gmt":"2022-03-30T21:45:27","slug":"safari-en-jeep-por-cappadocia","status":"publish","type":"product","link":"https:\/\/sunsmiletravel.com\/es\/safari-en-jeep-por-cappadocia\/","title":{"rendered":"Safari en jeep por Cappadocia"},"content":{"rendered":"<h2><strong>Detalles del tour safari en jeep por Cappadocia<\/strong><\/h2>\n<p>Cappadocia es una regi\u00f3n geogr\u00e1fica que cubre una vasta \u00e1rea. Tiene bellezas naturales geogr\u00e1ficas \u00fanicas formadas como resultado de millones de a\u00f1os de procesos geol\u00f3gicos. Los efectos y obras de la historia, la religi\u00f3n, la cultura y el arte formados por numerosas civilizaciones de Anatolia en esta hermosa naturaleza, hacen que esta regi\u00f3n sea a\u00fan m\u00e1s \u00fanica. Para comprender completamente la regi\u00f3n y comprender su magnificencia, solo unas pocas visitas a hoteles en la regi\u00f3n no ser\u00e1n suficientes.   <\/p>\n<p>Te recomendamos realizar Cappadocia Jeep Safari Tour y descubrir los rincones de dif\u00edcil acceso para descubrir a fondo los lugares secretos y misteriosos que se extienden m\u00e1s all\u00e1 de las carreteras existentes. Por lo tanto, si tiene un plan de vacaciones en Cappadocia, le recomendamos encarecidamente que se una a un tour en jeep bien organizado. <\/p>\n<p><img loading=\"lazy\" decoding=\"async\" class=\"wp-image-2318 alignleft\" style=\"color: #555555;\" src=\"http:\/\/cappadocia.magicmaptravel.com\/wp-content\/uploads\/2022\/02\/jeep-safari222.jpg\" alt=\"Safari-en-jeep-por-Cappadocia\" width=\"212\" height=\"263\" srcset=\"https:\/\/sunsmiletravel.com\/wp-content\/uploads\/2022\/02\/jeep-safari222.jpg 600w, https:\/\/sunsmiletravel.com\/wp-content\/uploads\/2022\/02\/jeep-safari222-510x632.jpg 510w, https:\/\/sunsmiletravel.com\/wp-content\/uploads\/2022\/02\/jeep-safari222-242x300.jpg 242w\" sizes=\"auto, (max-width: 212px) 100vw, 212px\" \/><\/p>\n<p>Las actividades del Tour Safari en Jeep por Cappadocia son muy demandadas por quienes visitan la regi\u00f3n. Te brindamos informaci\u00f3n sobre el tour y los precios de este tour con diferentes alternativas. <\/p>\n<p>Los precios de este tour se determinan por veh\u00edculo o por persona. Los veh\u00edculos se pueden reservar de forma individual o con un grupo de familiares y amigos de un m\u00e1ximo de 5 personas. Los recorridos generalmente se realizan dos veces al d\u00eda como recorridos al amanecer y al atardecer. Los tours al atardecer siempre son m\u00e1s demandados.   <\/p>\n<p>Por lo tanto, es posible que no encuentre un tour disponible para el mismo d\u00eda. As\u00ed que tendr\u00e1s que hacer una reserva con unos d\u00edas de antelaci\u00f3n. En Cappadocia, la vista es magn\u00edfica tanto al amanecer como al atardecer. Si desea realizar un recorrido en jeep al amanecer, debe informarnos o reservar su recorrido a trav\u00e9s de esta p\u00e1gina con al menos un d\u00eda de anticipaci\u00f3n. Adem\u00e1s, de acuerdo a su solicitud especial, puede tener la oportunidad de realizar un tour de d\u00eda completo o un tour de dos d\u00edas que incluya el d\u00eda siguiente a su estad\u00eda en su hotel por la noche.    <\/p>\n<h3>\u00bfC\u00f3mo se operan Tours Safari en Jeep en Cappadocia?<\/h3>\n[su_list icon=\u00bbicon: arrow-right\u00bb icon_color=\u00bb#D63F0D\u00bb]\n<ul>\n<li>Para el Tour Safari en Jeep en Cappadocia, los Jeeps recogen a los hu\u00e9spedes de sus hoteles y los dejan en sus hoteles una vez que finaliza el recorrido.<\/li>\n<li>La duraci\u00f3n del tour en jeep est\u00e1ndar es de <strong>2 horas.<\/strong><\/li>\n<li>Las rutas m\u00e1s populares en Cappadocia Jeep Safari Tour incluyen un \u00e1rea amplia como el <strong>Monasterio del Hospital,<\/strong> <strong>Valle Rosa,<\/strong> <strong>Panorama Pancarl\u0131k Valley<\/strong>, <strong>Villa de Cavusin<\/strong>, <strong>Ortahisar Panorama<\/strong>, <strong>Valle de las espadas<\/strong>, <strong>Valle de las Palomas<\/strong> y sus alrededores.<\/li>\n<li>En la ruta del <strong>Tour Safari en Jeep en Cappadocia<\/strong> , hay magn\u00edficos valles con maravillas naturales, chimeneas de hadas y cuevas, iglesias, edificios hist\u00f3ricos y lugares misteriosos. Gracias a los veh\u00edculos todo terreno, puede tomar breves descansos en puntos importantes donde se puede observar el paisaje de Capadocia, y puede tomar fotos y videos para inmortalizar sus hermosos momentos. <\/li>\n<\/ul>\n[\/su_list]\n<h3>\u00bfQu\u00e9 est\u00e1 incluido?<\/h3>\n[su_list icon=\u00bbicon: check\u00bb icon_color=\u00bb#D63F0D\u00bb]\n<ul>\n<li>Traslados de ida y vuelta desde los hoteles de G\u00f6reme, Avanos, \u00dcrg\u00fcp, U\u00e7hisar, Cavusin, Mustafapasa. Los traslados desde otras regiones est\u00e1n sujetos a pago adicional. <\/li>\n<li>Celebraci\u00f3n con champ\u00e1n (sin alcohol)<\/li>\n<li><strong>2 horas<\/strong> Jeep Safari Tour \u2013 Hasta 6 personas <strong>80\u20ac<\/strong> <\/li>\n<li>Seguro<\/li>\n<li>Conductor<\/li>\n<li>Gasolina<\/li>\n<\/ul>\n[\/su_list]\n<p>Aparte de los tours est\u00e1ndar en jeep, tambi\u00e9n hay tours de 4 horas con servicio de comidas. En dichos programas, <strong>los precios del Tour Safari en Jeep por Cappadocia<\/strong> incluyen las tarifas de las comidas y las entradas a los museos. Si lo desea, tambi\u00e9n podemos organizar recorridos diarios en jeep que incluyen diferentes servicios, para tales consultas, complete el \u00abFormulario de consulta\u00bb o <a href=\"https:\/\/sunsmiletravel.com\/contact\/\">cont\u00e1ctenos.<\/a>  <\/p>\n","protected":false},"excerpt":{"rendered":"<p>Detalles del tour safari en jeep por Cappadocia Cappadocia es una regi\u00f3n geogr\u00e1fica que cubre una vasta \u00e1rea. Tiene bellezas naturales geogr\u00e1ficas \u00fanicas formadas como resultado de millones de a\u00f1os de procesos geol\u00f3gicos. Los efectos y obras de la historia, la religi\u00f3n, la cultura y el arte formados por numerosas civilizaciones de Anatolia en esta [&#8230;]\n","protected":false},"featured_media":8822,"comment_status":"open","ping_status":"closed","template":"","meta":{"footnotes":""},"product_brand":[],"product_cat":[173],"product_tag":[],"class_list":{"0":"post-6352","1":"product","2":"type-product","3":"status-publish","4":"has-post-thumbnail","6":"product_cat-actividades","8":"first","9":"instock","10":"virtual","11":"sold-individually","12":"purchasable","13":"product-type-booking"},"_links":{"self":[{"href":"https:\/\/sunsmiletravel.com\/es\/wp-json\/wp\/v2\/product\/6352","targetHints":{"allow":["GET"]}}],"collection":[{"href":"https:\/\/sunsmiletravel.com\/es\/wp-json\/wp\/v2\/product"}],"about":[{"href":"https:\/\/sunsmiletravel.com\/es\/wp-json\/wp\/v2\/types\/product"}],"replies":[{"embeddable":true,"href":"https:\/\/sunsmiletravel.com\/es\/wp-json\/wp\/v2\/comments?post=6352"}],"version-history":[{"count":0,"href":"https:\/\/sunsmiletravel.com\/es\/wp-json\/wp\/v2\/product\/6352\/revisions"}],"wp:featuredmedia":[{"embeddable":true,"href":"https:\/\/sunsmiletravel.com\/es\/wp-json\/wp\/v2\/media\/8822"}],"wp:attachment":[{"href":"https:\/\/sunsmiletravel.com\/es\/wp-json\/wp\/v2\/media?parent=6352"}],"wp:term":[{"taxonomy":"product_brand","embeddable":true,"href":"https:\/\/sunsmiletravel.com\/es\/wp-json\/wp\/v2\/product_brand?post=6352"},{"taxonomy":"product_cat","embeddable":true,"href":"https:\/\/sunsmiletravel.com\/es\/wp-json\/wp\/v2\/product_cat?post=6352"},{"taxonomy":"product_tag","embeddable":true,"href":"https:\/\/sunsmiletravel.com\/es\/wp-json\/wp\/v2\/product_tag?post=6352"}],"curies":[{"name":"wp","href":"https:\/\/api.w.org\/{rel}","templated":true}]}}