{"id":6353,"date":"2022-03-31T00:35:06","date_gmt":"2022-03-30T21:35:06","guid":{"rendered":"https:\/\/sunsmiletravel.com\/tour\/tour-safari-y-paseo-en-camello-por-cappadocia\/"},"modified":"2023-03-28T11:40:37","modified_gmt":"2023-03-28T08:40:37","slug":"tour-safari-y-paseo-en-camello-por-cappadocia","status":"publish","type":"product","link":"https:\/\/sunsmiletravel.com\/es\/tour-safari-y-paseo-en-camello-por-cappadocia\/","title":{"rendered":"Tour safari y paseo en camello por Cappadocia"},"content":{"rendered":"<h2>Detalles del tour safari y paseo en camello por Cappadocia<\/h2>\n<p>Cappadocia es una de las regiones visitadas con frecuencia por turistas locales y extranjeros con su naturaleza \u00fanica y su atm\u00f3sfera impresionante. Adem\u00e1s de numerosas chimeneas de hadas, hermosos valles, ciudades subterr\u00e1neas, hist\u00f3ricas casas cueva, fragantes huertos y ca\u00f1ones, tambi\u00e9n ofrece muchas actividades para los amantes de la aventura. Uno de ellos es el tour en camello. En nuestro tour, puede encontrar informaci\u00f3n detallada sobre el contenido y los precios del paseo en camello por Cappadocia, que ha sido una de las actividades preferidas en los \u00faltimos a\u00f1os.   <\/p>\n<p>El recorrido en camello por Cappadocia atrae una gran atenci\u00f3n principalmente al atardecer y al amanecer. La raz\u00f3n de esto es que los valles de Cappadocia adquieren un ambiente ex\u00f3tico en estos momentos. Cientos de tonos de rojo se reflejan en los valles y chimeneas de hadas y tienen una vista extraordinaria. Te sentir\u00e1s como si estuvieras en un viaje m\u00edstico en camello mientras observas una vista as\u00ed. Uno de los temas que despierta la curiosidad de aquellos que quieren vivir una aventura tan impresionante son los precios de los paseos en camello por Capadocia.    <\/p>\n<p><img loading=\"lazy\" decoding=\"async\" class=\"alignnone wp-image-2351 size-full\" src=\"https:\/\/sunsmiletravel.com\/wp-content\/uploads\/2022\/02\/camel-ride-1.jpg\" alt=\"paseo en camello por Cappadocia\" width=\"1600\" height=\"756\" srcset=\"https:\/\/sunsmiletravel.com\/wp-content\/uploads\/2022\/02\/camel-ride-1.jpg 1600w, https:\/\/sunsmiletravel.com\/wp-content\/uploads\/2022\/02\/camel-ride-1-800x378.jpg 800w, https:\/\/sunsmiletravel.com\/wp-content\/uploads\/2022\/02\/camel-ride-1-300x142.jpg 300w, https:\/\/sunsmiletravel.com\/wp-content\/uploads\/2022\/02\/camel-ride-1-1024x484.jpg 1024w, https:\/\/sunsmiletravel.com\/wp-content\/uploads\/2022\/02\/camel-ride-1-768x363.jpg 768w, https:\/\/sunsmiletravel.com\/wp-content\/uploads\/2022\/02\/camel-ride-1-1536x726.jpg 1536w\" sizes=\"auto, (max-width: 1600px) 100vw, 1600px\" \/><\/p>\n<p>El paseo en camello por Cappadocia se realiza con camellos d\u00f3ciles y experimentados en las granjas de camellos de la regi\u00f3n. Los camellos, que se cr\u00edan espec\u00edficamente para los recorridos, se pueden controlar f\u00e1cilmente. Los gu\u00edas tur\u00edsticos ayudan a quienes se unen al recorrido por primera vez controlando el camello. Otras granjas realizan recorridos en camello en la regi\u00f3n, pero preferimos trabajar con granjas profesionales que trabajan con camellos sanos y visualmente m\u00e1s suaves.   <\/p>\n<h3><span id=\"How_Cappadocia_hot_air_balloon_tours_are_operated\">\u00bfC\u00f3mo se realizan los paseos en camello por Cappadocia?<\/span><\/h3>\n<p>Aquellos que tienen una reserva para un tour en camello son sacados de sus hoteles para el amanecer, el atardecer o el tour diurno y llevados a las granjas de camellos, el punto de partida, donde se brinda una breve informaci\u00f3n. Despu\u00e9s de la informaci\u00f3n, partimos a lomos de camellos. Se dar\u00e1n descansos en los miradores y se dar\u00e1 informaci\u00f3n sobre las regiones por parte de gu\u00edas expertos.  <\/p>\n<p><strong>La ruta Tour en camello por Cappadocia<\/strong> incluye <strong>Valle Rojo,<\/strong> <strong>Valle Rosa<\/strong>, <strong>Zindanonu Rocks<\/strong> y <strong>Meskendir Valley<\/strong>. Estos valles se pueden ver en la joroba de camello con bastante seguridad. Te sentir\u00e1s como en un cuento de hadas y vivir\u00e1s un viaje nost\u00e1lgico en la caravana de camellos, pasando por valles de singular belleza, entre chimeneas de hadas y zonas donde se encuentran edificios hist\u00f3ricos.  <\/p>\n<h3>Precios del paseo en camello por Cappadocia<\/h3>\n[su_list icon=\u00bbicon: arrow-right\u00bb icon_color=\u00bb#D63F0D\u00bb]\n<ul>\n<li>Paseo en camello al amanecer: <strong>90 min = 40 \u20ac<\/strong><\/li>\n<li>Paseo en camello por la puesta de sol: <strong>90 min = 40<\/strong><\/li>\n<\/ul>\n[\/su_list]\n<h4>Tenga en cuenta;<\/h4>\n[su_list icon=\u00bbicon: hand-o-right\u00bb icon_color=\u00bb#D63F0D\u00bb]\n<ul>\n<li>Los precios anteriores se dan <strong>por persona<\/strong> para <strong>un camello.<\/strong><\/li>\n<li>El peso de 2 personas no debe ser m\u00e1s de 140 kg para un camello.<\/li>\n<\/ul>\n[\/su_list]\n<h3>\u00bfQu\u00e9 est\u00e1 incluido?<\/h3>\n[su_list icon=\u00bbicon: check\u00bb icon_color=\u00bb#D63F0D\u00bb]\n<ul>\n<li>Transferencias de ida y vuelta<\/li>\n<li>Guia<\/li>\n<li>Equipos necesarios<\/li>\n<li>Seguro<\/li>\n<\/ul>\n[\/su_list]\n<p>Durante el paseo en camello y el safari en Cappadocia, tambi\u00e9n puede enviar sus solicitudes de toma de fotograf\u00edas a nuestra empresa. La tarifa de tomas profesionales de fotos no est\u00e1 incluida en los precios del Tour en camello por Cappadocia. Pero vale la pena tener fotograf\u00edas extraordinarias mientras viaja con la caravana de camellos, que est\u00e1 en armon\u00eda con la naturaleza \u00fanica de Cappadocia. Las sesiones de fotos generalmente se realizan en las horas de la puesta del sol debido a las vistas incre\u00edblemente hermosas. Puedes hacer un lugar especial en tu \u00e1lbum de vacaciones inmortalizando este impresionante viaje. Para su solicitud de tiro profesional, cont\u00e1ctenos.<a href=\"https:\/\/sunsmiletravel.com\/contact\/\"> <\/a>      <\/p>\n<p><span data-text-color=\"alert\"><strong>Esta actividad no es apta para;<\/strong> Mujeres embarazadas, Personas con problemas de espalda, Personas con problemas de movilidad, Usuarios de sillas de ruedas, Personas con cirug\u00edas recientes, Personas de m\u00e1s de 309 libras (140 kg).<\/span><\/p>\n","protected":false},"excerpt":{"rendered":"<p>Detalles del tour safari y paseo en camello por Cappadocia Cappadocia es una de las regiones visitadas con frecuencia por turistas locales y extranjeros con su naturaleza \u00fanica y su atm\u00f3sfera impresionante. Adem\u00e1s de numerosas chimeneas de hadas, hermosos valles, ciudades subterr\u00e1neas, hist\u00f3ricas casas cueva, fragantes huertos y ca\u00f1ones, tambi\u00e9n ofrece muchas actividades para los [&#8230;]\n","protected":false},"featured_media":4542,"comment_status":"open","ping_status":"closed","template":"","meta":{"footnotes":""},"product_brand":[],"product_cat":[173],"product_tag":[],"class_list":{"0":"post-6353","1":"product","2":"type-product","3":"status-publish","4":"has-post-thumbnail","6":"product_cat-actividades","8":"first","9":"instock","10":"virtual","11":"sold-individually","12":"purchasable","13":"product-type-booking"},"_links":{"self":[{"href":"https:\/\/sunsmiletravel.com\/es\/wp-json\/wp\/v2\/product\/6353","targetHints":{"allow":["GET"]}}],"collection":[{"href":"https:\/\/sunsmiletravel.com\/es\/wp-json\/wp\/v2\/product"}],"about":[{"href":"https:\/\/sunsmiletravel.com\/es\/wp-json\/wp\/v2\/types\/product"}],"replies":[{"embeddable":true,"href":"https:\/\/sunsmiletravel.com\/es\/wp-json\/wp\/v2\/comments?post=6353"}],"version-history":[{"count":0,"href":"https:\/\/sunsmiletravel.com\/es\/wp-json\/wp\/v2\/product\/6353\/revisions"}],"wp:featuredmedia":[{"embeddable":true,"href":"https:\/\/sunsmiletravel.com\/es\/wp-json\/wp\/v2\/media\/4542"}],"wp:attachment":[{"href":"https:\/\/sunsmiletravel.com\/es\/wp-json\/wp\/v2\/media?parent=6353"}],"wp:term":[{"taxonomy":"product_brand","embeddable":true,"href":"https:\/\/sunsmiletravel.com\/es\/wp-json\/wp\/v2\/product_brand?post=6353"},{"taxonomy":"product_cat","embeddable":true,"href":"https:\/\/sunsmiletravel.com\/es\/wp-json\/wp\/v2\/product_cat?post=6353"},{"taxonomy":"product_tag","embeddable":true,"href":"https:\/\/sunsmiletravel.com\/es\/wp-json\/wp\/v2\/product_tag?post=6353"}],"curies":[{"name":"wp","href":"https:\/\/api.w.org\/{rel}","templated":true}]}}