{"id":6359,"date":"2022-03-31T11:04:25","date_gmt":"2022-03-31T08:04:25","guid":{"rendered":"https:\/\/sunsmiletravel.com\/tour\/bano-turco-de-cappadocia-hammam-y-spa\/"},"modified":"2022-03-31T11:04:25","modified_gmt":"2022-03-31T08:04:25","slug":"bano-turco-de-cappadocia-hammam-y-spa","status":"publish","type":"product","link":"https:\/\/sunsmiletravel.com\/es\/bano-turco-de-cappadocia-hammam-y-spa\/","title":{"rendered":"Ba\u00f1o Turco de Cappadocia Hammam y Spa"},"content":{"rendered":"<h2 class=\"tourmaster-single-header-title\">Detalles de Ba\u00f1o Turco en Cappadocia, Hammam y Spa<\/h2>\n<p>Antes de pasar a los detalles del paquete de spa y ba\u00f1o turco de Cappadocia, nos gustar\u00eda brindarle una breve informaci\u00f3n hist\u00f3rica sobre los ba\u00f1os turcos. El ba\u00f1o turco, tambi\u00e9n conocido como Hamam, se asemeja a una sauna escandinava pero es m\u00e1s similar a un ba\u00f1o romano. Funciona con los mismos principios que un ba\u00f1o de vapor, pero en lugar de vapor, se centra en el agua. El ba\u00f1o turco, una forma de spa para lavarse y relajarse, sigue siendo una gran parte de la cultura turca.   <\/p>\n<p style=\"text-align: left;\"><img loading=\"lazy\" decoding=\"async\" class=\"wp-image-2203 size-medium alignleft\" src=\"https:\/\/sunsmiletravel.com\/wp-content\/uploads\/2021\/03\/cappadocia-hammam-and-spa-300x169.jpg\" alt=\"Ba\u00f1o Turco de Cappadocia Hammam y Spa\" width=\"300\" height=\"169\" srcset=\"https:\/\/sunsmiletravel.com\/wp-content\/uploads\/2021\/03\/cappadocia-hammam-and-spa-300x169.jpg 300w, https:\/\/sunsmiletravel.com\/wp-content\/uploads\/2021\/03\/cappadocia-hammam-and-spa-510x287.jpg 510w, https:\/\/sunsmiletravel.com\/wp-content\/uploads\/2021\/03\/cappadocia-hammam-and-spa.jpg 612w\" sizes=\"auto, (max-width: 300px) 100vw, 300px\" \/>Aunque concebimos el ba\u00f1o como una actividad privada, el ba\u00f1o p\u00fablico, o hammam, fue una instituci\u00f3n social importante en todas las ciudades de Medio Oriente durante d\u00e9cadas antes de que se introdujera la plomer\u00eda moderna. Los ba\u00f1os turcos eran importantes para promover la higiene y la salud p\u00fablica, pero tambi\u00e9n funcionaban como espacios de reuni\u00f3n para que la gente se relajara y socializara. Los otomanos estaban motivados por su fe y se adhirieron a su propio conjunto de normas de higiene. El ba\u00f1o se consideraba una pr\u00e1ctica purificadora realizada antes de la oraci\u00f3n. Como resultado, muchos ba\u00f1os turcos modernos est\u00e1n ubicados cerca de las mezquitas. Los hammams tradicionales incluyen secciones diferenciadas para hombres y mujeres. No obstante, ambos sexos tienen rituales de ba\u00f1o similares.       Para obtener m\u00e1s informaci\u00f3n sobre los hammams, puede consultar este <a href=\"https:\/\/en.wikipedia.org\/wiki\/Hammam\" target=\"_blank\" rel=\"noopener\">enlace<\/a>.<\/p>\n<p style=\"text-align: left;\">Si est\u00e1 buscando un hammam en Goreme, el Ba\u00f1o Turco en Cappadocia, Hammam y Spa es el servicio adecuado para usted. La mayor\u00eda de los hammams brindan una variedad de servicios y usted debe decidir cu\u00e1les usar. Los hoteles de la regi\u00f3n de Cappadocia ofrecen ba\u00f1o turco Hammam y spa con paquetes ricos y de alta calidad, es por eso que preferimos trabajar con ellos. Puede ver una lista de paquetes a continuaci\u00f3n.   <\/p>\n<p style=\"text-align: left;\">Para sus preguntas, no dude en <a href=\"https:\/\/sunsmiletravel.com\/contact\/\">contactarnos <\/a> sobre el servicio de hammam y spa de ba\u00f1o turco de Cappadocia.<\/p>\n<h3>Paquete 60 Minutos \u20ac40 Incluye:<\/h3>\n[su_list icon=\u00bbicon: check\u00bb icon_color=\u00bb#D63F0D\u00bb]\n<ul>\n<li>Uso de sauna y ba\u00f1o de vapor.<\/li>\n<li>Masaje Peeling Jabonoso (Hammam)<\/li>\n<li>Mascarilla de barro, sala de sal<\/li>\n<\/ul>\n[\/su_list]\n<h3>Paquete 90 Minutos \u20ac75 Incluye<\/h3>\n[su_list icon=\u00bbicon: check\u00bb icon_color=\u00bb#D63F0D\u00bb]\n<ul>\n<li>Uso de sauna y ba\u00f1o de vapor.<\/li>\n<li>Masaje Peeling Jabonoso (Hammam)<\/li>\n<li>Masaje sueco (30 min)<\/li>\n<li>Mascarilla de barro, sala de sal<\/li>\n<\/ul>\n[\/su_list]\n<h3>Paquete 120 Minutos \u20ac95 Incluye<\/h3>\n[su_list icon=\u00bbicon: check\u00bb icon_color=\u00bb#D63F0D\u00bb]\n<ul>\n<li>Uso de sauna y ba\u00f1o de vapor.<\/li>\n<li>Masaje Peeling Jabonoso (Hammam)<\/li>\n<li>Masaje arom\u00e1tico balin\u00e9s con aceite caliente (50 min)<\/li>\n<li>Mascarilla de barro, sala de sal<\/li>\n<\/ul>\n[\/su_list]\n<h3>Masajes con Aceite<\/h3>\n[su_list icon=\u00bbicon: hand-o-right\u00bb icon_color=\u00bb#D63F0D\u00bb]\n<ul>\n<li>Masaje sueco <strong>(30 min \u20ac40).<\/strong><\/li>\n<li>Masaje podal de piernas <strong>(30 min \u20ac45)<\/strong><\/li>\n<li>Masaje medicinal <strong>(45 min \u20ac60)<\/strong><\/li>\n<li>Masaje antiestr\u00e9s <strong>(50 min \u20ac60)<\/strong><\/li>\n<li>Masaje arom\u00e1tico balin\u00e9s con aceite caliente <strong>(60 min \u20ac70)<\/strong><\/li>\n<\/ul>\n[\/su_list]\n<p><em>Tenga en cuenta que los precios anteriores se basan en por persona y las transferencias no est\u00e1n incluidas.<\/em><\/p>\n","protected":false},"excerpt":{"rendered":"<p>Detalles de Ba\u00f1o Turco en Cappadocia, Hammam y Spa Antes de pasar a los detalles del paquete de spa y ba\u00f1o turco de Cappadocia, nos gustar\u00eda brindarle una breve informaci\u00f3n hist\u00f3rica sobre los ba\u00f1os turcos. El ba\u00f1o turco, tambi\u00e9n conocido como Hamam, se asemeja a una sauna escandinava pero es m\u00e1s similar a un ba\u00f1o [&#8230;]\n","protected":false},"featured_media":8863,"comment_status":"open","ping_status":"closed","template":"","meta":{"footnotes":""},"product_brand":[],"product_cat":[173],"product_tag":[],"class_list":{"0":"post-6359","1":"product","2":"type-product","3":"status-publish","4":"has-post-thumbnail","6":"product_cat-actividades","7":"yith_booking_service-120-minute-package","8":"yith_booking_service-90-minute-package","10":"first","11":"instock","12":"virtual","13":"sold-individually","14":"purchasable","15":"product-type-booking"},"_links":{"self":[{"href":"https:\/\/sunsmiletravel.com\/es\/wp-json\/wp\/v2\/product\/6359","targetHints":{"allow":["GET"]}}],"collection":[{"href":"https:\/\/sunsmiletravel.com\/es\/wp-json\/wp\/v2\/product"}],"about":[{"href":"https:\/\/sunsmiletravel.com\/es\/wp-json\/wp\/v2\/types\/product"}],"replies":[{"embeddable":true,"href":"https:\/\/sunsmiletravel.com\/es\/wp-json\/wp\/v2\/comments?post=6359"}],"version-history":[{"count":0,"href":"https:\/\/sunsmiletravel.com\/es\/wp-json\/wp\/v2\/product\/6359\/revisions"}],"wp:featuredmedia":[{"embeddable":true,"href":"https:\/\/sunsmiletravel.com\/es\/wp-json\/wp\/v2\/media\/8863"}],"wp:attachment":[{"href":"https:\/\/sunsmiletravel.com\/es\/wp-json\/wp\/v2\/media?parent=6359"}],"wp:term":[{"taxonomy":"product_brand","embeddable":true,"href":"https:\/\/sunsmiletravel.com\/es\/wp-json\/wp\/v2\/product_brand?post=6359"},{"taxonomy":"product_cat","embeddable":true,"href":"https:\/\/sunsmiletravel.com\/es\/wp-json\/wp\/v2\/product_cat?post=6359"},{"taxonomy":"product_tag","embeddable":true,"href":"https:\/\/sunsmiletravel.com\/es\/wp-json\/wp\/v2\/product_tag?post=6359"}],"curies":[{"name":"wp","href":"https:\/\/api.w.org\/{rel}","templated":true}]}}