{"id":9382,"date":"2024-11-30T13:51:47","date_gmt":"2024-11-30T10:51:47","guid":{"rendered":"https:\/\/sunsmiletravel.com\/to_do_in_cappadocia\/excursion-en-globo-por-pamukkale\/"},"modified":"2025-11-15T12:44:12","modified_gmt":"2025-11-15T09:44:12","slug":"excursion-en-globo-por-pamukkale","status":"publish","type":"product","link":"https:\/\/sunsmiletravel.com\/es\/excursion-en-globo-por-pamukkale\/","title":{"rendered":"Paseo en Globo Aerost\u00e1tico en Pamukkale: Un Viaje M\u00e1gico Sobre el Castillo de Algod\u00f3n"},"content":{"rendered":"\t<div class=\"img has-hover x md-x lg-x y md-y lg-y\" id=\"image_828811078\">\n\t\t\t\t\t\t\t\t<div class=\"img-inner dark\" >\n\t\t\t<img loading=\"lazy\" decoding=\"async\" width=\"1050\" height=\"450\" src=\"https:\/\/sunsmiletravel.com\/wp-content\/uploads\/2024\/11\/Adsiz-tasarim-6.png\" class=\"attachment-2048x2048 size-2048x2048\" alt=\"\" srcset=\"https:\/\/sunsmiletravel.com\/wp-content\/uploads\/2024\/11\/Adsiz-tasarim-6.png 1050w, https:\/\/sunsmiletravel.com\/wp-content\/uploads\/2024\/11\/Adsiz-tasarim-6-800x343.png 800w, https:\/\/sunsmiletravel.com\/wp-content\/uploads\/2024\/11\/Adsiz-tasarim-6-300x129.png 300w, https:\/\/sunsmiletravel.com\/wp-content\/uploads\/2024\/11\/Adsiz-tasarim-6-1024x439.png 1024w, https:\/\/sunsmiletravel.com\/wp-content\/uploads\/2024\/11\/Adsiz-tasarim-6-768x329.png 768w\" sizes=\"auto, (max-width: 1050px) 100vw, 1050px\">\t\t\t\t\t\t\n\t\t\t\t\t<\/div>\n\t\t\t\t\t\t\t\t\n<style>\n#image_828811078 {\n  width: 100%;\n}\n<\/style>\n\t<\/div>\n\t\n<h1>Paseo en Globo Aerost\u00e1tico en Pamukkale: Un Viaje M\u00e1gico Sobre el Castillo de Algod\u00f3n<\/h1>\n<p><em><strong>El precio indicado solo es v\u00e1lido para la fecha de hoy. Para hacer una reserva para fechas futuras, por favor env\u00ede un mensaje por<a href=\"https:\/\/wa.me\/+905528045590\" target=\"_blank\" rel=\"noopener\"> WhatsApp.<\/a> <\/strong><\/em><br \/>\nTour en Globo Aerost\u00e1tico de Pamukkale:<br \/>El Paseo en Globo Aerost\u00e1tico de Pamukkale ofrece una experiencia inolvidable, sobrevolando uno de los paisajes m\u00e1s impresionantes del mundo. Este incre\u00edble tour en globo te lleva sobre las famosas terrazas blancas de Pamukkale, un Sitio del Patrimonio Mundial de la UNESCO, brind\u00e1ndote vistas impresionantes de las maravillas naturales que se encuentran debajo.<br \/>Ya seas amante de la adrenalina o simplemente alguien que aprecia la belleza natural, este paseo en globo es una actividad imprescindible durante tu visita a Pamukkale.  <\/p>\n<h2>Revelando la belleza de Pamukkale desde el cielo<\/h2>\n<p>A medida que sale el sol, comienza tu viaje. El globo aerost\u00e1tico de Pamukkale despega desde las formaciones rocosas sedimentarias de la zona y asciende lentamente hacia el cielo. El silencio solo se rompe por las r\u00e1fagas ocasionales del quemador mientras el globo sube, alcanzando altitudes de varios miles de pies. El panorama que se despliega ante tus ojos es simplemente m\u00e1gico.<br \/>Desde el globo, puedes ver las extensas terrazas de Pamukkale, donde las aguas termales descienden por formaciones de piedra caliza blanca, creando impresionantes piscinas y estanques de color turquesa.    <\/p>\n<h2>Qu\u00e9 esperar en su paseo en globo aerost\u00e1tico en Pamukkale<\/h2>\n<p>Cada globo puede llevar un m\u00e1ximo de 20 pasajeros, lo que garantiza una experiencia \u00edntima para todos los que participan en el viaje.<br \/>El piloto profesional te guiar\u00e1 durante todo el vuelo, se\u00f1alando los lugares m\u00e1s importantes y ofreciendo informaci\u00f3n sobre la historia y el significado geol\u00f3gico de Pamukkale.<br \/>Mientras flotas sobre el \u201cCastillo de Algod\u00f3n\u201d, tendr\u00e1s la oportunidad de ver la niebla de la ma\u00f1ana elev\u00e1ndose desde las piscinas termales, creando un brillo m\u00edstico en toda la zona.<br \/>La vista del sol iluminando el paisaje es algo que nunca olvidar\u00e1s, con la luz proyectando sombras dram\u00e1ticas sobre los acantilados blancos y las piscinas que se encuentran abajo.   <\/p>\n<h2>\u00bfPor qu\u00e9 elegir el Paseo en Globo Aerost\u00e1tico en Pamukkale?<\/h2>\n<p>Pamukkale es conocida por sus aguas termales y terrazas naturales, formadas a lo largo de miles de a\u00f1os por el flujo de aguas calientes que han dejado dep\u00f3sitos de calcio. Estas aguas ricas en minerales han creado un paisaje impresionante, parecido a un \u201ccastillo de algod\u00f3n\u201d, que solo puede apreciarse completamente desde el cielo. Un paseo en globo aerost\u00e1tico en Pamukkale te permite experimentar este sitio declarado Patrimonio Mundial por la UNESCO desde una perspectiva \u00fanica, con vistas panor\u00e1micas que no se pueden comparar con ning\u00fan otro medio de transporte.  <\/p>\n<h3> Puntos destacados del Tour en Globo Aerost\u00e1tico de Pamukkale<\/h3>\n<ul>\n<li>Eleve-se sobre o S\u00edtio do Patrim\u00f4nio Mundial da UNESCO de Pamukkale\n<p><\/li>\n<li>Vivan un pac\u00edfico y espectacular vuelo al amanecer sobre el \u201cCastillo de Algod\u00f3n\u201d.\n<p><\/li>\n<li>Admira desde el cielo las impresionantes terrazas blancas y las piscinas naturales de Pamukkale.<\/li>\n<li>Disfruta de las vistas panor\u00e1micas de los alrededores, incluidas las monta\u00f1as lejanas.<\/li>\n<li>Aprenda sobre la historia, la geolog\u00eda y la importancia cultural de Pamukkale con su piloto experto.<\/li>\n<li>Una experiencia \u00fanica en la vida, perfecta para parejas, fot\u00f3grafos y amantes de la naturaleza.<\/li>\n<\/ul>\n<h2>Perfecto para todo tipo de viajeros<\/h2>\n<p>Quer voc\u00ea esteja viajando sozinho, em casal ou com a fam\u00edlia, o Passeio de Bal\u00e3o em Pamukkale oferece algo especial para todos.<br \/>A serenidade do voo, combinada com a paisagem deslumbrante, cria a oportunidade perfeita para fot\u00f3grafos capturarem imagens a\u00e9reas incr\u00edveis de um dos marcos mais famosos da Turquia.<br \/>Tamb\u00e9m \u00e9 uma experi\u00eancia extremamente rom\u00e2ntica para casais que desejam adicionar um momento especial \u00e0 sua viagem.<br \/>Al\u00e9m disso, a sensa\u00e7\u00e3o tranquila e ao mesmo tempo impressionante do voo torna essa atividade agrad\u00e1vel para pessoas de todas as idades \u2014 desde aventureiros at\u00e9 aqueles que apenas desejam apreciar a beleza natural.   <\/p>\n<h2>Reserve hoje mesmo o seu passeio de bal\u00e3o em Pamukkale.<\/h2>\n<p>Se estiver planejando uma viagem para Pamukkale, o passeio de bal\u00e3o \u00e9 indispens\u00e1vel. As vistas deslumbrantes, o voo tranquilo e a oportunidade de observar uma das maravilhas naturais da Turquia do alto tornam essa experi\u00eancia algo que voc\u00ea levar\u00e1 para sempre na mem\u00f3ria. O Passeio de Bal\u00e3o em Pamukkale \u00e9 a maneira perfeita de come\u00e7ar o dia e \u00e9 uma das atividades mais populares entre os visitantes da regi\u00e3o.<br \/>Certifique-se de reservar com anteced\u00eancia para garantir sua vaga, pois essa experi\u00eancia \u00e9 muito procurada.<br \/>N\u00e3o perca esta oportunidade extraordin\u00e1ria de contemplar a beleza de Pamukkale como nunca antes!    <\/p>\n<p>Experimente a magia de Pamukkale do alto \u2014 reserve agora o seu passeio de bal\u00e3o e crie mem\u00f3rias inesquec\u00edveis em um dos lugares mais bonitos do mundo!<\/p>\n<div class=\"row\"  id=\"row-931708531\">\n\n\t<div id=\"col-685553563\" class=\"col medium-7 small-12 large-7\"  >\n\t\t\t\t<div class=\"col-inner\"  >\n\t\t\t\n\t\t\t\n<div class=\"included-excluded\" data-wp-editing=\"1\">\n<h2><span style=\"font-size: 20.16px; color: #333333;\">Incluido:<\/span><\/h2>\n<p><span style=\"color: #339966; font-size: 120%;\"><img loading=\"lazy\" decoding=\"async\" class=\"alignnone wp-image-9011\" src=\"https:\/\/sunsmiletravel.com\/wp-content\/uploads\/2024\/11\/png-transparent-right-mark-tick-thumbnail-300x295.png\" alt=\"\" width=\"22\" height=\"21\" srcset=\"https:\/\/sunsmiletravel.com\/wp-content\/uploads\/2024\/11\/png-transparent-right-mark-tick-thumbnail-300x295.png 300w, https:\/\/sunsmiletravel.com\/wp-content\/uploads\/2024\/11\/png-transparent-right-mark-tick-thumbnail-100x100.png 100w, https:\/\/sunsmiletravel.com\/wp-content\/uploads\/2024\/11\/png-transparent-right-mark-tick-thumbnail-150x150.png 150w, https:\/\/sunsmiletravel.com\/wp-content\/uploads\/2024\/11\/png-transparent-right-mark-tick-thumbnail.png 360w\" sizes=\"auto, (max-width: 22px) 100vw, 22px\" \/> <\/span>Recogida y traslado al hotel (Pamukkale y Karahayit)<\/p>\n<p><span style=\"color: #339966; font-size: 120%;\"> <img loading=\"lazy\" decoding=\"async\" class=\"alignnone wp-image-9011\" src=\"https:\/\/sunsmiletravel.com\/wp-content\/uploads\/2024\/11\/png-transparent-right-mark-tick-thumbnail-300x295.png\" alt=\"\" width=\"22\" height=\"21\" srcset=\"https:\/\/sunsmiletravel.com\/wp-content\/uploads\/2024\/11\/png-transparent-right-mark-tick-thumbnail-300x295.png 300w, https:\/\/sunsmiletravel.com\/wp-content\/uploads\/2024\/11\/png-transparent-right-mark-tick-thumbnail-100x100.png 100w, https:\/\/sunsmiletravel.com\/wp-content\/uploads\/2024\/11\/png-transparent-right-mark-tick-thumbnail-150x150.png 150w, https:\/\/sunsmiletravel.com\/wp-content\/uploads\/2024\/11\/png-transparent-right-mark-tick-thumbnail.png 360w\" sizes=\"auto, (max-width: 22px) 100vw, 22px\" \/><\/span>Pilotos certificados y profesionales con experiencia en Capadocia<\/p>\n<p><span style=\"color: #339966; font-size: 120%;\"><img loading=\"lazy\" decoding=\"async\" class=\"alignnone wp-image-9011\" src=\"https:\/\/sunsmiletravel.com\/wp-content\/uploads\/2024\/11\/png-transparent-right-mark-tick-thumbnail-300x295.png\" alt=\"\" width=\"22\" height=\"21\" srcset=\"https:\/\/sunsmiletravel.com\/wp-content\/uploads\/2024\/11\/png-transparent-right-mark-tick-thumbnail-300x295.png 300w, https:\/\/sunsmiletravel.com\/wp-content\/uploads\/2024\/11\/png-transparent-right-mark-tick-thumbnail-100x100.png 100w, https:\/\/sunsmiletravel.com\/wp-content\/uploads\/2024\/11\/png-transparent-right-mark-tick-thumbnail-150x150.png 150w, https:\/\/sunsmiletravel.com\/wp-content\/uploads\/2024\/11\/png-transparent-right-mark-tick-thumbnail.png 360w\" sizes=\"auto, (max-width: 22px) 100vw, 22px\" \/> <\/span>Comidas locales est\u00e1ndar, traslados, visitas tur\u00edsticas y entradas seg\u00fan el itinerario<\/p>\n<p><span style=\"color: #339966; font-size: 120%;\"><img loading=\"lazy\" decoding=\"async\" class=\"alignnone wp-image-9011\" src=\"https:\/\/sunsmiletravel.com\/wp-content\/uploads\/2024\/11\/png-transparent-right-mark-tick-thumbnail-300x295.png\" alt=\"\" width=\"22\" height=\"21\" srcset=\"https:\/\/sunsmiletravel.com\/wp-content\/uploads\/2024\/11\/png-transparent-right-mark-tick-thumbnail-300x295.png 300w, https:\/\/sunsmiletravel.com\/wp-content\/uploads\/2024\/11\/png-transparent-right-mark-tick-thumbnail-100x100.png 100w, https:\/\/sunsmiletravel.com\/wp-content\/uploads\/2024\/11\/png-transparent-right-mark-tick-thumbnail-150x150.png 150w, https:\/\/sunsmiletravel.com\/wp-content\/uploads\/2024\/11\/png-transparent-right-mark-tick-thumbnail.png 360w\" sizes=\"auto, (max-width: 22px) 100vw, 22px\" \/> <\/span>Celebraci\u00f3n tras el vuelo en globo<\/p>\n<p><span style=\"color: #339966; font-size: 120%;\"> <img loading=\"lazy\" decoding=\"async\" class=\"alignnone wp-image-9011\" src=\"https:\/\/sunsmiletravel.com\/wp-content\/uploads\/2024\/11\/png-transparent-right-mark-tick-thumbnail-300x295.png\" alt=\"\" width=\"22\" height=\"21\" srcset=\"https:\/\/sunsmiletravel.com\/wp-content\/uploads\/2024\/11\/png-transparent-right-mark-tick-thumbnail-300x295.png 300w, https:\/\/sunsmiletravel.com\/wp-content\/uploads\/2024\/11\/png-transparent-right-mark-tick-thumbnail-100x100.png 100w, https:\/\/sunsmiletravel.com\/wp-content\/uploads\/2024\/11\/png-transparent-right-mark-tick-thumbnail-150x150.png 150w, https:\/\/sunsmiletravel.com\/wp-content\/uploads\/2024\/11\/png-transparent-right-mark-tick-thumbnail.png 360w\" sizes=\"auto, (max-width: 22px) 100vw, 22px\" \/><\/span>Tasas de aparcamiento<\/p>\n<\/div>\n\t\t<\/div>\n\t\t\t\t\t<\/div>\n\n\t\n\n\t<div id=\"col-757965955\" class=\"col medium-5 small-12 large-5\"  >\n\t\t\t\t<div class=\"col-inner\"  >\n\t\t\t\n\t\t\t\n<h2 id=\"headingInExClude\" class=\"st-heading-section\">Excluidos<\/h2>\n<p style=\"text-align: left;\"><img loading=\"lazy\" decoding=\"async\" class=\"alignleft wp-image-9015\" src=\"https:\/\/sunsmiletravel.com\/wp-content\/uploads\/2024\/11\/kontrol-etiketi-kirmizi-x_23.07.2022_96d7f51-300x300.png\" alt=\"\" width=\"15\" height=\"15\" srcset=\"https:\/\/sunsmiletravel.com\/wp-content\/uploads\/2024\/11\/kontrol-etiketi-kirmizi-x_23.07.2022_96d7f51-300x300.png 300w, https:\/\/sunsmiletravel.com\/wp-content\/uploads\/2024\/11\/kontrol-etiketi-kirmizi-x_23.07.2022_96d7f51-100x100.png 100w, https:\/\/sunsmiletravel.com\/wp-content\/uploads\/2024\/11\/kontrol-etiketi-kirmizi-x_23.07.2022_96d7f51-800x800.png 800w, https:\/\/sunsmiletravel.com\/wp-content\/uploads\/2024\/11\/kontrol-etiketi-kirmizi-x_23.07.2022_96d7f51-150x150.png 150w, https:\/\/sunsmiletravel.com\/wp-content\/uploads\/2024\/11\/kontrol-etiketi-kirmizi-x_23.07.2022_96d7f51-768x768.png 768w, https:\/\/sunsmiletravel.com\/wp-content\/uploads\/2024\/11\/kontrol-etiketi-kirmizi-x_23.07.2022_96d7f51.png 1000w\" sizes=\"auto, (max-width: 15px) 100vw, 15px\" \/><\/p>\n<p>Traslado adicional desde el aeropuerto de Denizli y Cardak<\/p>\n<p><i class=\"stt-icon-close\"><img loading=\"lazy\" decoding=\"async\" class=\"alignleft wp-image-9015\" src=\"https:\/\/sunsmiletravel.com\/wp-content\/uploads\/2024\/11\/kontrol-etiketi-kirmizi-x_23.07.2022_96d7f51-300x300.png\" alt=\"\" width=\"15\" height=\"15\" srcset=\"https:\/\/sunsmiletravel.com\/wp-content\/uploads\/2024\/11\/kontrol-etiketi-kirmizi-x_23.07.2022_96d7f51-300x300.png 300w, https:\/\/sunsmiletravel.com\/wp-content\/uploads\/2024\/11\/kontrol-etiketi-kirmizi-x_23.07.2022_96d7f51-100x100.png 100w, https:\/\/sunsmiletravel.com\/wp-content\/uploads\/2024\/11\/kontrol-etiketi-kirmizi-x_23.07.2022_96d7f51-800x800.png 800w, https:\/\/sunsmiletravel.com\/wp-content\/uploads\/2024\/11\/kontrol-etiketi-kirmizi-x_23.07.2022_96d7f51-150x150.png 150w, https:\/\/sunsmiletravel.com\/wp-content\/uploads\/2024\/11\/kontrol-etiketi-kirmizi-x_23.07.2022_96d7f51-768x768.png 768w, https:\/\/sunsmiletravel.com\/wp-content\/uploads\/2024\/11\/kontrol-etiketi-kirmizi-x_23.07.2022_96d7f51.png 1000w\" sizes=\"auto, (max-width: 15px) 100vw, 15px\" \/><\/i>V\u00eddeos de vuelos grabados por pilotos<\/p>\n<p><i class=\"stt-icon-close\"><img loading=\"lazy\" decoding=\"async\" class=\"alignleft wp-image-9015\" src=\"https:\/\/sunsmiletravel.com\/wp-content\/uploads\/2024\/11\/kontrol-etiketi-kirmizi-x_23.07.2022_96d7f51-300x300.png\" alt=\"\" width=\"15\" height=\"15\" srcset=\"https:\/\/sunsmiletravel.com\/wp-content\/uploads\/2024\/11\/kontrol-etiketi-kirmizi-x_23.07.2022_96d7f51-300x300.png 300w, https:\/\/sunsmiletravel.com\/wp-content\/uploads\/2024\/11\/kontrol-etiketi-kirmizi-x_23.07.2022_96d7f51-100x100.png 100w, https:\/\/sunsmiletravel.com\/wp-content\/uploads\/2024\/11\/kontrol-etiketi-kirmizi-x_23.07.2022_96d7f51-800x800.png 800w, https:\/\/sunsmiletravel.com\/wp-content\/uploads\/2024\/11\/kontrol-etiketi-kirmizi-x_23.07.2022_96d7f51-150x150.png 150w, https:\/\/sunsmiletravel.com\/wp-content\/uploads\/2024\/11\/kontrol-etiketi-kirmizi-x_23.07.2022_96d7f51-768x768.png 768w, https:\/\/sunsmiletravel.com\/wp-content\/uploads\/2024\/11\/kontrol-etiketi-kirmizi-x_23.07.2022_96d7f51.png 1000w\" sizes=\"auto, (max-width: 15px) 100vw, 15px\" \/><\/i><\/p>\n<div class=\"st-inexclude\">\n<div class=\"row\">\n<div class=\"col-lg-6\">\n<p>Propina dada al personal de tierra<\/p>\n<\/div>\n<\/div>\n<\/div>\n\t\t<\/div>\n\t\t\t\t\t<\/div>\n\n\t\n<\/div>\n<div class=\"row\"  id=\"row-886507430\">\n\n\t<div id=\"col-2020151187\" class=\"col medium-6 small-12 large-6\"  >\n\t\t\t\t<div class=\"col-inner\"  >\n\t\t\t\n\t\t\t\n<div class=\"row\"  id=\"row-1029864899\">\n\n\t<div id=\"col-1975971773\" class=\"col medium-5 small-12 large-5\"  >\n\t\t\t\t<div class=\"col-inner\"  >\n\t\t\t\n\t\t\t\n<div class=\"container section-title-container\" ><h3 class=\"section-title section-title-normal\"><b aria-hidden=\"true\"><\/b><span class=\"section-title-main\" style=\"font-size:154%;color:rgb(212, 41, 41);\">durat\u0131ons<\/span><b aria-hidden=\"true\"><\/b><\/h3><\/div>\n<div class=\"row\"  id=\"row-483495826\">\n\n\t<div id=\"col-822800462\" class=\"col medium-4 small-12 large-4\"  >\n\t\t\t\t<div class=\"col-inner\"  >\n\t\t\t\n\t\t\t\n\t<div class=\"img has-hover x md-x lg-x y md-y lg-y\" id=\"image_1202379610\">\n\t\t\t\t\t\t\t\t<div class=\"img-inner dark\" >\n\t\t\t<img loading=\"lazy\" decoding=\"async\" width=\"300\" height=\"300\" src=\"https:\/\/sunsmiletravel.com\/wp-content\/uploads\/2024\/11\/\u2014Pngtree\u2014vector-clock-_3787755-300x300.png\" class=\"attachment-medium size-medium\" alt=\"\" srcset=\"https:\/\/sunsmiletravel.com\/wp-content\/uploads\/2024\/11\/\u2014Pngtree\u2014vector-clock-_3787755-300x300.png 300w, https:\/\/sunsmiletravel.com\/wp-content\/uploads\/2024\/11\/\u2014Pngtree\u2014vector-clock-_3787755-100x100.png 100w, https:\/\/sunsmiletravel.com\/wp-content\/uploads\/2024\/11\/\u2014Pngtree\u2014vector-clock-_3787755-800x800.png 800w, https:\/\/sunsmiletravel.com\/wp-content\/uploads\/2024\/11\/\u2014Pngtree\u2014vector-clock-_3787755-150x150.png 150w, https:\/\/sunsmiletravel.com\/wp-content\/uploads\/2024\/11\/\u2014Pngtree\u2014vector-clock-_3787755-768x768.png 768w, https:\/\/sunsmiletravel.com\/wp-content\/uploads\/2024\/11\/\u2014Pngtree\u2014vector-clock-_3787755.png 1007w\" sizes=\"auto, (max-width: 300px) 100vw, 300px\">\t\t\t\t\t\t\n\t\t\t\t\t<\/div>\n\t\t\t\t\t\t\t\t\n<style>\n#image_1202379610 {\n  width: 100%;\n}\n<\/style>\n\t<\/div>\n\t\n\t\t<\/div>\n\t\t\t\t\t<\/div>\n\n\t\n\n\t<div id=\"col-2117984562\" class=\"col medium-8 small-12 large-8\"  >\n\t\t\t\t<div class=\"col-inner\"  >\n\t\t\t\n\t\t\t\n<h3>Jornada completa (+7horas)<\/h3>\n\t\t<\/div>\n\t\t\t\t\t<\/div>\n\n\t\n<\/div>\n\t\t<\/div>\n\t\t\t\t\t<\/div>\n\n\t\n<\/div>\n\t\t<\/div>\n\t\t\t\t\t<\/div>\n\n\t\n\n\t<div id=\"col-981593036\" class=\"col medium-5 small-12 large-5\"  >\n\t\t\t\t<div class=\"col-inner\"  >\n\t\t\t\n\t\t\t\n<div class=\"container section-title-container\" ><h3 class=\"section-title section-title-normal\"><b aria-hidden=\"true\"><\/b><span class=\"section-title-main\" style=\"font-size:154%;color:rgb(216, 56, 56);\">idiomas<\/span><b aria-hidden=\"true\"><\/b><\/h3><\/div>\n<div class=\"row\"  id=\"row-133014326\">\n\n\t<div id=\"col-1244496063\" class=\"col medium-2 small-12 large-2\"  >\n\t\t\t\t<div class=\"col-inner\"  >\n\t\t\t\n\t\t\t\n\t<div class=\"img has-hover x md-x lg-x y md-y lg-y\" id=\"image_1220175354\">\n\t\t\t\t\t\t\t\t<div class=\"img-inner dark\" >\n\t\t\t<img loading=\"lazy\" decoding=\"async\" width=\"300\" height=\"300\" src=\"https:\/\/sunsmiletravel.com\/wp-content\/uploads\/2024\/11\/2793765-300x300.png\" class=\"attachment-medium size-medium\" alt=\"\" srcset=\"https:\/\/sunsmiletravel.com\/wp-content\/uploads\/2024\/11\/2793765-300x300.png 300w, https:\/\/sunsmiletravel.com\/wp-content\/uploads\/2024\/11\/2793765-100x100.png 100w, https:\/\/sunsmiletravel.com\/wp-content\/uploads\/2024\/11\/2793765-150x150.png 150w, https:\/\/sunsmiletravel.com\/wp-content\/uploads\/2024\/11\/2793765-510x510.png 510w, https:\/\/sunsmiletravel.com\/wp-content\/uploads\/2024\/11\/2793765.png 512w\" sizes=\"auto, (max-width: 300px) 100vw, 300px\">\t\t\t\t\t\t\n\t\t\t\t\t<\/div>\n\t\t\t\t\t\t\t\t\n<style>\n#image_1220175354 {\n  width: 100%;\n}\n<\/style>\n\t<\/div>\n\t\n\t\t<\/div>\n\t\t\t\t\t<\/div>\n\n\t\n\n\t<div id=\"col-820341600\" class=\"col medium-6 small-12 large-6\"  >\n\t\t\t\t<div class=\"col-inner\"  >\n\t\t\t\n\t\t\t\n\t<div id=\"text-44380857\" class=\"text\">\n\t\t\n<p class=\"value\"><strong>Ingl\u00e9s<\/strong><\/p>\n\t\t\n<style>\n#text-44380857 {\n  font-size: 1.05rem;\n  line-height: 1.05;\n}\n<\/style>\n\t<\/div>\n\t\n\t\t<\/div>\n\t\t\t\t\t<\/div>\n\n\t\n<\/div>\n\t\t<\/div>\n\t\t\t\t\t<\/div>\n\n\t\n<\/div>\n<div class=\"row\"  id=\"row-1466493016\">\n\n\t<div id=\"col-818608133\" class=\"col medium-8 small-12 large-8\"  >\n\t\t\t\t<div class=\"col-inner\"  >\n\t\t\t\n\t\t\t\n<h2 id=\"st-faq\" class=\"st-heading-section\">Preguntas m\u00e1s frecuentes<\/h2>\n<p>&#8211; Se requiere un dep\u00f3sito del 20 % en la mayor\u00eda de los viajes. &#8212; Usd&amp;Eur para el pago por adelantado (puedes pagar con el enlace de pago por adelantado o con el Formulario de pago. <\/p>\n<p>&#8211; Se requiere saldo a la llegada a Turqu\u00eda, &#8212; Usd &amp; Eur <strong>en efectivo o tarjeta de cr\u00e9dito<\/strong><\/p>\n<p><a href=\"https:\/\/sunsmiletravel.com\/tour\/advance-payment\/\">Enlace de pago por adelantado: https:\/\/sunsmiletravel.com\/tour\/advance-payment\/<\/a><\/p>\n\t\t<\/div>\n\t\t\t\t\t<\/div>\n\n\t\n\n\t<div id=\"col-186284687\" class=\"col medium-4 small-12 large-4\"  >\n\t\t\t\t<div class=\"col-inner\"  >\n\t\t\t\n\t\t\t\n\t<div class=\"img has-hover x md-x lg-x y md-y lg-y\" id=\"image_1690179096\">\n\t\t\t\t\t\t\t\t<div class=\"img-inner dark\" >\n\t\t\t\t\t\t\t\t\t\n\t\t\t\t\t<\/div>\n\t\t\t\t\t\t\t\t\n<style>\n#image_1690179096 {\n  width: 40%;\n}\n<\/style>\n\t<\/div>\n\t\n\t\t<\/div>\n\t\t\t\t\t<\/div>\n\n\t\n<\/div>\n","protected":false},"excerpt":{"rendered":"<p>Paseo en Globo Aerost\u00e1tico en Pamukkale: Un Viaje M\u00e1gico Sobre el Castillo de Algod\u00f3n El precio indicado solo es v\u00e1lido para la fecha de hoy. Para hacer una reserva para fechas futuras, por favor env\u00ede un mensaje por WhatsApp. Tour en Globo Aerost\u00e1tico de Pamukkale:El Paseo en Globo Aerost\u00e1tico de Pamukkale ofrece una experiencia inolvidable, [&#8230;]\n","protected":false},"featured_media":9370,"comment_status":"open","ping_status":"closed","template":"","meta":{"footnotes":""},"product_brand":[],"product_cat":[237],"product_tag":[],"class_list":{"0":"post-9382","1":"product","2":"type-product","3":"status-publish","4":"has-post-thumbnail","6":"product_cat-costa-del-egeo","8":"first","9":"instock","10":"virtual","11":"sold-individually","12":"purchasable","13":"product-type-booking"},"_links":{"self":[{"href":"https:\/\/sunsmiletravel.com\/es\/wp-json\/wp\/v2\/product\/9382","targetHints":{"allow":["GET"]}}],"collection":[{"href":"https:\/\/sunsmiletravel.com\/es\/wp-json\/wp\/v2\/product"}],"about":[{"href":"https:\/\/sunsmiletravel.com\/es\/wp-json\/wp\/v2\/types\/product"}],"replies":[{"embeddable":true,"href":"https:\/\/sunsmiletravel.com\/es\/wp-json\/wp\/v2\/comments?post=9382"}],"version-history":[{"count":0,"href":"https:\/\/sunsmiletravel.com\/es\/wp-json\/wp\/v2\/product\/9382\/revisions"}],"wp:featuredmedia":[{"embeddable":true,"href":"https:\/\/sunsmiletravel.com\/es\/wp-json\/wp\/v2\/media\/9370"}],"wp:attachment":[{"href":"https:\/\/sunsmiletravel.com\/es\/wp-json\/wp\/v2\/media?parent=9382"}],"wp:term":[{"taxonomy":"product_brand","embeddable":true,"href":"https:\/\/sunsmiletravel.com\/es\/wp-json\/wp\/v2\/product_brand?post=9382"},{"taxonomy":"product_cat","embeddable":true,"href":"https:\/\/sunsmiletravel.com\/es\/wp-json\/wp\/v2\/product_cat?post=9382"},{"taxonomy":"product_tag","embeddable":true,"href":"https:\/\/sunsmiletravel.com\/es\/wp-json\/wp\/v2\/product_tag?post=9382"}],"curies":[{"name":"wp","href":"https:\/\/api.w.org\/{rel}","templated":true}]}}