{"id":9435,"date":"2024-12-03T11:19:12","date_gmt":"2024-12-03T08:19:12","guid":{"rendered":"https:\/\/sunsmiletravel.com\/to_do_in_cappadocia\/pamukkale-parapente\/"},"modified":"2025-11-15T13:42:32","modified_gmt":"2025-11-15T10:42:32","slug":"pamukkale-parapente","status":"publish","type":"product","link":"https:\/\/sunsmiletravel.com\/es\/pamukkale-parapente\/","title":{"rendered":"Pamukkale Parapente"},"content":{"rendered":"\t<div class=\"img has-hover x md-x lg-x y md-y lg-y\" id=\"image_749037228\">\n\t\t\t\t\t\t\t\t<div class=\"img-inner dark\" >\n\t\t\t<img loading=\"lazy\" decoding=\"async\" width=\"1050\" height=\"450\" src=\"https:\/\/sunsmiletravel.com\/wp-content\/uploads\/2024\/12\/Adsiz-tasarim-7-1.png\" class=\"attachment-2048x2048 size-2048x2048\" alt=\"\" srcset=\"https:\/\/sunsmiletravel.com\/wp-content\/uploads\/2024\/12\/Adsiz-tasarim-7-1.png 1050w, https:\/\/sunsmiletravel.com\/wp-content\/uploads\/2024\/12\/Adsiz-tasarim-7-1-800x343.png 800w, https:\/\/sunsmiletravel.com\/wp-content\/uploads\/2024\/12\/Adsiz-tasarim-7-1-300x129.png 300w, https:\/\/sunsmiletravel.com\/wp-content\/uploads\/2024\/12\/Adsiz-tasarim-7-1-1024x439.png 1024w, https:\/\/sunsmiletravel.com\/wp-content\/uploads\/2024\/12\/Adsiz-tasarim-7-1-768x329.png 768w\" sizes=\"auto, (max-width: 1050px) 100vw, 1050px\">\t\t\t\t\t\t\n\t\t\t\t\t<\/div>\n\t\t\t\t\t\t\t\t\n<style>\n#image_749037228 {\n  width: 100%;\n}\n<\/style>\n\t<\/div>\n\t\n<p style=\"text-align: center;\"><span style=\"color: #d63f0d; font-size: 25.92px; font-family: Arial, sans-serif;\">Excursi\u00f3n en parapente a Pamukkale<\/span><\/p>\n<div class=\"accordion\">\n\t<div id=\"accordion-750749475\" class=\"accordion-item\">\n\t\t<a id=\"accordion-750749475-label\" class=\"accordion-title plain\" href=\"#accordion-item-destaca-itinerario\" aria-expanded=\"false\" aria-controls=\"accordion-750749475-content\">\n\t\t\t<button class=\"toggle\" aria-label=\"Toggle\"><i class=\"icon-angle-down\" aria-hidden=\"true\"><\/i><\/button>\n\t\t\t<span>DESTACA-ITINERARIO<\/span>\n\t\t<\/a>\n\t\t<div id=\"accordion-750749475-content\" class=\"accordion-inner\" aria-labelledby=\"accordion-750749475-label\">\n\t\t\t\n<p><span style=\"color: #d63f0d; font-size: 25.92px; font-family: Arial, sans-serif;\">Excursi\u00f3n en parapente a Pamukkale<\/span><\/p>\n<div style=\"font-family: Arial, sans-serif; line-height: 1.6; color: #333;\">\n<h1 class=\"st-heading\">Pamukkale Parapente<\/h1>\n<p>Obrigado por escolher a Sunsmile Travel! Preparamos o melhor itiner\u00e1rio do Tour de Parapente em Pamukkale para sua an\u00e1lise, oferecendo uma experi\u00eancia inesquec\u00edvel sobre as deslumbrantes paisagens de Pamukkale. <\/p>\n<h2 style=\"color: #d63f0d;\">Destacados<\/h2>\n<p>No cruzamento entre a beleza natural e a import\u00e2ncia hist\u00f3rica, Pamukkale se destaca como um dos locais mais extraordin\u00e1rios da Turquia. Conhecida como o \u201cCastelo de Algod\u00e3o\u201d, esta maravilha deslumbrante apresenta terra\u00e7os brancos brilhantes de travertino formados pelas \u00e1guas termais ricas em minerais que descem pela encosta. <\/p>\n<p>A hist\u00f3ria antiga de Pamukkale est\u00e1 entrela\u00e7ada com sua beleza natural, pois abriga as ru\u00ednas de Hier\u00e1polis, uma cidade greco-romana fundada no s\u00e9culo II a.C. As piscinas termais do local, acreditadas por suas propriedades curativas, atraem visitantes h\u00e1 milhares de anos. <\/p>\n<p>Hoje, Pamukkale \u00e9 uma atra\u00e7\u00e3o imperd\u00edvel, especialmente ao nascer ou ao p\u00f4r do sol, quando os terra\u00e7os brilham em tons dourados, criando uma atmosfera de outro mundo. Reconhecida como Patrim\u00f4nio Mundial Cultural da UNESCO, a regi\u00e3o continua a encantar milhares de visitantes todos os anos com sua combina\u00e7\u00e3o incompar\u00e1vel de maravilhas naturais e hist\u00f3ricas. <\/p>\n<\/div>\n\t\t<\/div>\n\t<\/div>\n\t\n\t<div id=\"accordion-3480291205\" class=\"accordion-item\">\n\t\t<a id=\"accordion-3480291205-label\" class=\"accordion-title plain\" href=\"#accordion-item-descripci\u00d3n\" aria-expanded=\"false\" aria-controls=\"accordion-3480291205-content\">\n\t\t\t<button class=\"toggle\" aria-label=\"Toggle\"><i class=\"icon-angle-down\" aria-hidden=\"true\"><\/i><\/button>\n\t\t\t<span>DESCRIPCI\u00d3N<\/span>\n\t\t<\/a>\n\t\t<div id=\"accordion-3480291205-content\" class=\"accordion-inner\" aria-labelledby=\"accordion-3480291205-label\">\n\t\t\t\n<p><strong>Parapente en Pamukkale: Una aventura \u00fanica en la vida sobre el Castillo de Algod\u00f3n<\/strong><\/p>\n<p>La hipnotizante belleza <strong>del Castillo de Algod\u00f3n<\/strong> (Pamukkale) va m\u00e1s all\u00e1 de las cautivadoras fotos que se ven en Instagram. Este paisaje \u00fanico, de otro mundo, es uno de los <strong>destinos de parapente<\/strong> m\u00e1s populares del mundo, gracias a sus impresionantes <strong>terrazas de travertino<\/strong> y a su aspecto surrealista. Conocida por su rica belleza natural, Pamukkale ofrece una experiencia inolvidable para quienes buscan conectar con la naturaleza desde el cielo.  <\/p>\n<p><strong>Excursi\u00f3n en Parapente a Pamukkale: Una experiencia esencial<\/strong><\/p>\n<p>Una <strong>excursi\u00f3n en parapente sobre Pamukkale<\/strong> es una parte esencial de cualquier visita a este extraordinario lugar. Al salir el sol, te elevar\u00e1s sobre los mundialmente conocidos <strong>Travertinos de<\/strong> Pamukkale, contemplando el impresionante paisaje. El vuelo, que comienza al amanecer, ofrece una experiencia de ensue\u00f1o mientras planeas sobre las terrazas, con colores vivos y paisajes que proporcionan oportunidades perfectas para hacer fotos y recuerdos que durar\u00e1n toda la vida.  <\/p>\n<ul>\n<li>Vistas a\u00e9reas de Pamukkale: Aprecie vistas panor\u00e2micas da deslumbrante beleza natural de Pamukkale do alto. Admire suas piscinas de travertino branco, que descem pela encosta como se fossem cachoeiras congeladas. As vistas \u00fanicas do alto oferecem uma perspectiva imposs\u00edvel de alcan\u00e7ar a partir do solo, tornando esta uma das melhores experi\u00eancias de parapente na Turquia.  <\/li>\n<li><strong>Experiencia \u00fanica al amanecer: <\/strong>El amanecer <strong>en Pamukkale<\/strong> es un espect\u00e1culo impresionante que transforma el paisaje en un resplandeciente pa\u00eds de las maravillas. Cuando la luz de la madrugada ba\u00f1a las <strong>terrazas<\/strong> de Pamukkale, los tonos dorados iluminan el entorno, proporcionando un ambiente m\u00e1gico para tu <strong>aventura en parapente<\/strong>. <\/li>\n<li><strong>Perspectiva Panor\u00e1mica desde lo Alto: <\/strong>Disfruta de una <strong>vista panor\u00e1mica de Pamukkale<\/strong> y sus alrededores, incluidos los exuberantes valles, los pintorescos pueblos y las antiguas ruinas de <strong>Hier\u00e1polis<\/strong>. Desde tu parapente, podr\u00e1s apreciar la inmensidad de la regi\u00f3n y la belleza que ha atra\u00eddo a los visitantes durante siglos. <\/li>\n<li><strong>Oportunidades fotogr\u00e1ficas inolvidables: <\/strong>Esta <strong>experiencia de parapente en Pamukkale<\/strong> ofrece algunas de las mejores <strong>oportunidades fotogr\u00e1ficas<\/strong>. Capta impresionantes tomas a\u00e9reas del paisaje surrealista que hay debajo, con las terrazas blancas y las monta\u00f1as circundantes creando un tel\u00f3n de fondo realmente extraordinario. La visi\u00f3n de los coloridos parapentes planeando por el aire se suma a la espectacular experiencia visual.  <\/li>\n<li><strong>Gu\u00eda experta de piloto de parapente: <\/strong>La seguridad es primordial durante tu <strong>aventura en parapente en Pamukkale<\/strong>. Te acompa\u00f1ar\u00e1n experimentados <g id=\"gid_2\">pilotos de parapente<\/g> titulados que te guiar\u00e1n durante todo el vuelo. Por el camino, te proporcionar\u00e1n valiosos conocimientos sobre la rica historia y la impresionante geograf\u00eda de la regi\u00f3n, haciendo que la experiencia sea a\u00fan m\u00e1s enriquecedora.  <\/li>\n<li><strong>Lujoso confort en el aire: <\/strong>El <strong>equipo de parapente de Pamukkale<\/strong> garantiza la m\u00e1xima comodidad y seguridad durante tu vuelo. Con un equipo de primera calidad y un manejo suave y c\u00f3modo, disfrutar\u00e1s de un relajante paseo por encima <strong>del Castillo de Algod\u00f3n<\/strong>, sinti\u00e9ndote a gusto mientras contemplas unas vistas inolvidables. <\/li>\n<li><strong>Celebraci\u00f3n con champ\u00e1n tras el aterrizaje: <\/strong>Tras tu emocionante aventura en parapente, celebra tu viaje con un brindis tradicional con champ\u00e1n. Reflexiona sobre los recuerdos creados mientras aterrizas y saborea el momento, sabiendo que esta <strong>experiencia de parapente en Pamukkale<\/strong> ser\u00e1 un tesoro de tus recuerdos de viaje. <\/li>\n<\/ul>\n\t\t<\/div>\n\t<\/div>\n\t\n<\/div>\n<div class=\"row\"  id=\"row-1808812964\">\n\n\t<div id=\"col-656842660\" class=\"col medium-7 small-12 large-7\"  >\n\t\t\t\t<div class=\"col-inner\"  >\n\t\t\t\n\t\t\t\n<div class=\"included-excluded\" data-wp-editing=\"1\">\n<h2><span style=\"font-size: 20.16px; color: #333333;\">Incluido:<\/span><\/h2>\n<p><span style=\"color: #339966; font-size: 120%;\"><img loading=\"lazy\" decoding=\"async\" class=\"alignnone wp-image-9011\" src=\"https:\/\/sunsmiletravel.com\/wp-content\/uploads\/2024\/11\/png-transparent-right-mark-tick-thumbnail-300x295.png\" alt=\"\" width=\"22\" height=\"21\" srcset=\"https:\/\/sunsmiletravel.com\/wp-content\/uploads\/2024\/11\/png-transparent-right-mark-tick-thumbnail-300x295.png 300w, https:\/\/sunsmiletravel.com\/wp-content\/uploads\/2024\/11\/png-transparent-right-mark-tick-thumbnail-100x100.png 100w, https:\/\/sunsmiletravel.com\/wp-content\/uploads\/2024\/11\/png-transparent-right-mark-tick-thumbnail-150x150.png 150w, https:\/\/sunsmiletravel.com\/wp-content\/uploads\/2024\/11\/png-transparent-right-mark-tick-thumbnail.png 360w\" sizes=\"auto, (max-width: 22px) 100vw, 22px\" \/> <\/span>Transporte en autocar AC durante todo el recorrido.<\/p>\n<p><span style=\"color: #339966; font-size: 120%;\"><img loading=\"lazy\" decoding=\"async\" class=\"alignnone wp-image-9011\" src=\"https:\/\/sunsmiletravel.com\/wp-content\/uploads\/2024\/11\/png-transparent-right-mark-tick-thumbnail-300x295.png\" alt=\"\" width=\"22\" height=\"21\" srcset=\"https:\/\/sunsmiletravel.com\/wp-content\/uploads\/2024\/11\/png-transparent-right-mark-tick-thumbnail-300x295.png 300w, https:\/\/sunsmiletravel.com\/wp-content\/uploads\/2024\/11\/png-transparent-right-mark-tick-thumbnail-100x100.png 100w, https:\/\/sunsmiletravel.com\/wp-content\/uploads\/2024\/11\/png-transparent-right-mark-tick-thumbnail-150x150.png 150w, https:\/\/sunsmiletravel.com\/wp-content\/uploads\/2024\/11\/png-transparent-right-mark-tick-thumbnail.png 360w\" sizes=\"auto, (max-width: 22px) 100vw, 22px\" \/><\/span>Celebraci\u00f3n con champ\u00e1n despu\u00e9s del vuelo<\/p>\n<p><span style=\"color: #339966; font-size: 120%;\"><img loading=\"lazy\" decoding=\"async\" class=\"alignnone wp-image-9011\" src=\"https:\/\/sunsmiletravel.com\/wp-content\/uploads\/2024\/11\/png-transparent-right-mark-tick-thumbnail-300x295.png\" alt=\"\" width=\"22\" height=\"21\" srcset=\"https:\/\/sunsmiletravel.com\/wp-content\/uploads\/2024\/11\/png-transparent-right-mark-tick-thumbnail-300x295.png 300w, https:\/\/sunsmiletravel.com\/wp-content\/uploads\/2024\/11\/png-transparent-right-mark-tick-thumbnail-100x100.png 100w, https:\/\/sunsmiletravel.com\/wp-content\/uploads\/2024\/11\/png-transparent-right-mark-tick-thumbnail-150x150.png 150w, https:\/\/sunsmiletravel.com\/wp-content\/uploads\/2024\/11\/png-transparent-right-mark-tick-thumbnail.png 360w\" sizes=\"auto, (max-width: 22px) 100vw, 22px\" \/><\/span>Desayuno suave antes del vuelo<\/p>\n<p><span style=\"color: #339966; font-size: 120%;\"> <img loading=\"lazy\" decoding=\"async\" class=\"alignnone wp-image-9011\" src=\"https:\/\/sunsmiletravel.com\/wp-content\/uploads\/2024\/11\/png-transparent-right-mark-tick-thumbnail-300x295.png\" alt=\"\" width=\"22\" height=\"21\" srcset=\"https:\/\/sunsmiletravel.com\/wp-content\/uploads\/2024\/11\/png-transparent-right-mark-tick-thumbnail-300x295.png 300w, https:\/\/sunsmiletravel.com\/wp-content\/uploads\/2024\/11\/png-transparent-right-mark-tick-thumbnail-100x100.png 100w, https:\/\/sunsmiletravel.com\/wp-content\/uploads\/2024\/11\/png-transparent-right-mark-tick-thumbnail-150x150.png 150w, https:\/\/sunsmiletravel.com\/wp-content\/uploads\/2024\/11\/png-transparent-right-mark-tick-thumbnail.png 360w\" sizes=\"auto, (max-width: 22px) 100vw, 22px\" \/><\/span>Certificado de vuelo<\/p>\n<p><span style=\"color: #339966; font-size: 120%;\"><img loading=\"lazy\" decoding=\"async\" class=\"alignnone wp-image-9011\" src=\"https:\/\/sunsmiletravel.com\/wp-content\/uploads\/2024\/11\/png-transparent-right-mark-tick-thumbnail-300x295.png\" alt=\"\" width=\"22\" height=\"21\" srcset=\"https:\/\/sunsmiletravel.com\/wp-content\/uploads\/2024\/11\/png-transparent-right-mark-tick-thumbnail-300x295.png 300w, https:\/\/sunsmiletravel.com\/wp-content\/uploads\/2024\/11\/png-transparent-right-mark-tick-thumbnail-100x100.png 100w, https:\/\/sunsmiletravel.com\/wp-content\/uploads\/2024\/11\/png-transparent-right-mark-tick-thumbnail-150x150.png 150w, https:\/\/sunsmiletravel.com\/wp-content\/uploads\/2024\/11\/png-transparent-right-mark-tick-thumbnail.png 360w\" sizes=\"auto, (max-width: 22px) 100vw, 22px\" \/><\/span>Certificado de vuelo<\/p>\n<p><span style=\"color: #339966; font-size: 120%;\"><img loading=\"lazy\" decoding=\"async\" class=\"alignnone wp-image-9011\" src=\"https:\/\/sunsmiletravel.com\/wp-content\/uploads\/2024\/11\/png-transparent-right-mark-tick-thumbnail-300x295.png\" alt=\"\" width=\"22\" height=\"21\" srcset=\"https:\/\/sunsmiletravel.com\/wp-content\/uploads\/2024\/11\/png-transparent-right-mark-tick-thumbnail-300x295.png 300w, https:\/\/sunsmiletravel.com\/wp-content\/uploads\/2024\/11\/png-transparent-right-mark-tick-thumbnail-100x100.png 100w, https:\/\/sunsmiletravel.com\/wp-content\/uploads\/2024\/11\/png-transparent-right-mark-tick-thumbnail-150x150.png 150w, https:\/\/sunsmiletravel.com\/wp-content\/uploads\/2024\/11\/png-transparent-right-mark-tick-thumbnail.png 360w\" sizes=\"auto, (max-width: 22px) 100vw, 22px\" \/><\/span>Todas las tasas e impuestos<\/p>\n<\/div>\n\t\t<\/div>\n\t\t\t\t\t<\/div>\n\n\t\n\n\t<div id=\"col-1991458578\" class=\"col medium-5 small-12 large-5\"  >\n\t\t\t\t<div class=\"col-inner\"  >\n\t\t\t\n\t\t\t\n<h2 id=\"headingInExClude\" class=\"st-heading-section\">Excluidos<\/h2>\n<p style=\"text-align: left;\"><img loading=\"lazy\" decoding=\"async\" class=\"alignleft wp-image-9015\" src=\"https:\/\/sunsmiletravel.com\/wp-content\/uploads\/2024\/11\/kontrol-etiketi-kirmizi-x_23.07.2022_96d7f51-300x300.png\" alt=\"\" width=\"15\" height=\"15\" srcset=\"https:\/\/sunsmiletravel.com\/wp-content\/uploads\/2024\/11\/kontrol-etiketi-kirmizi-x_23.07.2022_96d7f51-300x300.png 300w, https:\/\/sunsmiletravel.com\/wp-content\/uploads\/2024\/11\/kontrol-etiketi-kirmizi-x_23.07.2022_96d7f51-100x100.png 100w, https:\/\/sunsmiletravel.com\/wp-content\/uploads\/2024\/11\/kontrol-etiketi-kirmizi-x_23.07.2022_96d7f51-800x800.png 800w, https:\/\/sunsmiletravel.com\/wp-content\/uploads\/2024\/11\/kontrol-etiketi-kirmizi-x_23.07.2022_96d7f51-150x150.png 150w, https:\/\/sunsmiletravel.com\/wp-content\/uploads\/2024\/11\/kontrol-etiketi-kirmizi-x_23.07.2022_96d7f51-768x768.png 768w, https:\/\/sunsmiletravel.com\/wp-content\/uploads\/2024\/11\/kontrol-etiketi-kirmizi-x_23.07.2022_96d7f51.png 1000w\" sizes=\"auto, (max-width: 15px) 100vw, 15px\" \/><\/p>\n<p>Fotos y recuerdos (disponibles para comprar)<\/p>\n\t\t<\/div>\n\t\t\t\t\t<\/div>\n\n\t\n<\/div>\n<div class=\"row\"  id=\"row-229510436\">\n\n\t<div id=\"col-815064188\" class=\"col medium-6 small-12 large-6\"  >\n\t\t\t\t<div class=\"col-inner\"  >\n\t\t\t\n\t\t\t\n<div class=\"row\"  id=\"row-1686734139\">\n\n\t<div id=\"col-1919126733\" class=\"col medium-5 small-12 large-5\"  >\n\t\t\t\t<div class=\"col-inner\"  >\n\t\t\t\n\t\t\t\n<div class=\"container section-title-container\" ><h3 class=\"section-title section-title-normal\"><b aria-hidden=\"true\"><\/b><span class=\"section-title-main\" style=\"font-size:154%;color:rgb(212, 41, 41);\">durat\u0131ons<\/span><b aria-hidden=\"true\"><\/b><\/h3><\/div>\n<div class=\"row\"  id=\"row-1609452287\">\n\n\t<div id=\"col-1366284243\" class=\"col medium-4 small-12 large-4\"  >\n\t\t\t\t<div class=\"col-inner\"  >\n\t\t\t\n\t\t\t\n\t<div class=\"img has-hover x md-x lg-x y md-y lg-y\" id=\"image_251130476\">\n\t\t\t\t\t\t\t\t<div class=\"img-inner dark\" >\n\t\t\t<img loading=\"lazy\" decoding=\"async\" width=\"300\" height=\"300\" src=\"https:\/\/sunsmiletravel.com\/wp-content\/uploads\/2024\/11\/\u2014Pngtree\u2014vector-clock-_3787755-300x300.png\" class=\"attachment-medium size-medium\" alt=\"\" srcset=\"https:\/\/sunsmiletravel.com\/wp-content\/uploads\/2024\/11\/\u2014Pngtree\u2014vector-clock-_3787755-300x300.png 300w, https:\/\/sunsmiletravel.com\/wp-content\/uploads\/2024\/11\/\u2014Pngtree\u2014vector-clock-_3787755-100x100.png 100w, https:\/\/sunsmiletravel.com\/wp-content\/uploads\/2024\/11\/\u2014Pngtree\u2014vector-clock-_3787755-800x800.png 800w, https:\/\/sunsmiletravel.com\/wp-content\/uploads\/2024\/11\/\u2014Pngtree\u2014vector-clock-_3787755-150x150.png 150w, https:\/\/sunsmiletravel.com\/wp-content\/uploads\/2024\/11\/\u2014Pngtree\u2014vector-clock-_3787755-768x768.png 768w, https:\/\/sunsmiletravel.com\/wp-content\/uploads\/2024\/11\/\u2014Pngtree\u2014vector-clock-_3787755.png 1007w\" sizes=\"auto, (max-width: 300px) 100vw, 300px\">\t\t\t\t\t\t\n\t\t\t\t\t<\/div>\n\t\t\t\t\t\t\t\t\n<style>\n#image_251130476 {\n  width: 100%;\n}\n<\/style>\n\t<\/div>\n\t\n\t\t<\/div>\n\t\t\t\t\t<\/div>\n\n\t\n\n\t<div id=\"col-1226555864\" class=\"col medium-8 small-12 large-8\"  >\n\t\t\t\t<div class=\"col-inner\"  >\n\t\t\t\n\t\t\t\n<h3>Jornada completa (+7horas)<\/h3>\n\t\t<\/div>\n\t\t\t\t\t<\/div>\n\n\t\n<\/div>\n\t\t<\/div>\n\t\t\t\t\t<\/div>\n\n\t\n<\/div>\n\t\t<\/div>\n\t\t\t\t\t<\/div>\n\n\t\n\n\t<div id=\"col-1499264533\" class=\"col medium-5 small-12 large-5\"  >\n\t\t\t\t<div class=\"col-inner\"  >\n\t\t\t\n\t\t\t\n<div class=\"container section-title-container\" ><h3 class=\"section-title section-title-normal\"><b aria-hidden=\"true\"><\/b><span class=\"section-title-main\" style=\"font-size:154%;color:rgb(216, 56, 56);\">idiomas<\/span><b aria-hidden=\"true\"><\/b><\/h3><\/div>\n<div class=\"row\"  id=\"row-132331459\">\n\n\t<div id=\"col-1919291069\" class=\"col medium-2 small-12 large-2\"  >\n\t\t\t\t<div class=\"col-inner\"  >\n\t\t\t\n\t\t\t\n\t<div class=\"img has-hover x md-x lg-x y md-y lg-y\" id=\"image_238519144\">\n\t\t\t\t\t\t\t\t<div class=\"img-inner dark\" >\n\t\t\t<img loading=\"lazy\" decoding=\"async\" width=\"300\" height=\"300\" src=\"https:\/\/sunsmiletravel.com\/wp-content\/uploads\/2024\/11\/2793765-300x300.png\" class=\"attachment-medium size-medium\" alt=\"\" srcset=\"https:\/\/sunsmiletravel.com\/wp-content\/uploads\/2024\/11\/2793765-300x300.png 300w, https:\/\/sunsmiletravel.com\/wp-content\/uploads\/2024\/11\/2793765-100x100.png 100w, https:\/\/sunsmiletravel.com\/wp-content\/uploads\/2024\/11\/2793765-150x150.png 150w, https:\/\/sunsmiletravel.com\/wp-content\/uploads\/2024\/11\/2793765-510x510.png 510w, https:\/\/sunsmiletravel.com\/wp-content\/uploads\/2024\/11\/2793765.png 512w\" sizes=\"auto, (max-width: 300px) 100vw, 300px\">\t\t\t\t\t\t\n\t\t\t\t\t<\/div>\n\t\t\t\t\t\t\t\t\n<style>\n#image_238519144 {\n  width: 100%;\n}\n<\/style>\n\t<\/div>\n\t\n\t\t<\/div>\n\t\t\t\t\t<\/div>\n\n\t\n\n\t<div id=\"col-74142102\" class=\"col medium-6 small-12 large-6\"  >\n\t\t\t\t<div class=\"col-inner\"  >\n\t\t\t\n\t\t\t\n\t<div id=\"text-3841313928\" class=\"text\">\n\t\t\n<p class=\"value\"><strong>Ingl\u00e9s<\/strong><\/p>\n\t\t\n<style>\n#text-3841313928 {\n  font-size: 1.05rem;\n  line-height: 1.05;\n}\n<\/style>\n\t<\/div>\n\t\n\t\t<\/div>\n\t\t\t\t\t<\/div>\n\n\t\n<\/div>\n\t\t<\/div>\n\t\t\t\t\t<\/div>\n\n\t\n<\/div>\n<div class=\"row\"  id=\"row-262091436\">\n\n\t<div id=\"col-187240050\" class=\"col medium-8 small-12 large-8\"  >\n\t\t\t\t<div class=\"col-inner\"  >\n\t\t\t\n\t\t\t\n<h2 id=\"st-faq\" class=\"st-heading-section\">Preguntas m\u00e1s frecuentes<\/h2>\n<p>&#8211; Se requiere un dep\u00f3sito del 20 % en la mayor\u00eda de los viajes. &#8212; Usd&amp;Eur para el pago por adelantado (puedes pagar con el enlace de pago por adelantado o con el Formulario de pago. <\/p>\n<p>&#8211; Se requiere saldo a la llegada a Turqu\u00eda, &#8212; Usd &amp; Eur <strong>en efectivo o tarjeta de cr\u00e9dito<\/strong><\/p>\n<p><a href=\"https:\/\/sunsmiletravel.com\/tour\/advance-payment\/\">Enlace de pago por adelantado: https:\/\/sunsmiletravel.com\/tour\/advance-payment\/<\/a><\/p>\n\t\t<\/div>\n\t\t\t\t\t<\/div>\n\n\t\n\n\t<div id=\"col-1281730560\" class=\"col medium-4 small-12 large-4\"  >\n\t\t\t\t<div class=\"col-inner\"  >\n\t\t\t\n\t\t\t\n\t<div class=\"img has-hover x md-x lg-x y md-y lg-y\" id=\"image_1794248846\">\n\t\t\t\t\t\t\t\t<div class=\"img-inner dark\" >\n\t\t\t\t\t\t\t\t\t\n\t\t\t\t\t<\/div>\n\t\t\t\t\t\t\t\t\n<style>\n#image_1794248846 {\n  width: 40%;\n}\n<\/style>\n\t<\/div>\n\t\n\t\t<\/div>\n\t\t\t\t\t<\/div>\n\n\t\n<\/div>\n","protected":false},"excerpt":{"rendered":"<p>Excursi\u00f3n en parapente a Pamukkale<\/p>\n","protected":false},"featured_media":9396,"comment_status":"open","ping_status":"closed","template":"","meta":{"footnotes":""},"product_brand":[],"product_cat":[237],"product_tag":[],"class_list":{"0":"post-9435","1":"product","2":"type-product","3":"status-publish","4":"has-post-thumbnail","6":"product_cat-costa-del-egeo","8":"first","9":"instock","10":"virtual","11":"sold-individually","12":"purchasable","13":"product-type-booking"},"_links":{"self":[{"href":"https:\/\/sunsmiletravel.com\/es\/wp-json\/wp\/v2\/product\/9435","targetHints":{"allow":["GET"]}}],"collection":[{"href":"https:\/\/sunsmiletravel.com\/es\/wp-json\/wp\/v2\/product"}],"about":[{"href":"https:\/\/sunsmiletravel.com\/es\/wp-json\/wp\/v2\/types\/product"}],"replies":[{"embeddable":true,"href":"https:\/\/sunsmiletravel.com\/es\/wp-json\/wp\/v2\/comments?post=9435"}],"version-history":[{"count":0,"href":"https:\/\/sunsmiletravel.com\/es\/wp-json\/wp\/v2\/product\/9435\/revisions"}],"wp:featuredmedia":[{"embeddable":true,"href":"https:\/\/sunsmiletravel.com\/es\/wp-json\/wp\/v2\/media\/9396"}],"wp:attachment":[{"href":"https:\/\/sunsmiletravel.com\/es\/wp-json\/wp\/v2\/media?parent=9435"}],"wp:term":[{"taxonomy":"product_brand","embeddable":true,"href":"https:\/\/sunsmiletravel.com\/es\/wp-json\/wp\/v2\/product_brand?post=9435"},{"taxonomy":"product_cat","embeddable":true,"href":"https:\/\/sunsmiletravel.com\/es\/wp-json\/wp\/v2\/product_cat?post=9435"},{"taxonomy":"product_tag","embeddable":true,"href":"https:\/\/sunsmiletravel.com\/es\/wp-json\/wp\/v2\/product_tag?post=9435"}],"curies":[{"name":"wp","href":"https:\/\/api.w.org\/{rel}","templated":true}]}}