{"id":6409,"date":"2022-02-13T08:55:10","date_gmt":"2022-02-13T05:55:10","guid":{"rendered":"https:\/\/sunsmiletravel.com\/termos-e-condicoes\/"},"modified":"2022-02-13T08:55:10","modified_gmt":"2022-02-13T05:55:10","slug":"termos-e-condicoes","status":"publish","type":"page","link":"https:\/\/sunsmiletravel.com\/pt-br\/termos-e-condicoes\/","title":{"rendered":"Termos e Condi\u00e7\u00f5es"},"content":{"rendered":"<h3>Processo de Reserva<\/h3>\n<p>Iremos definitivamente oferecer-lhe o melhor servi\u00e7o dispon\u00edvel que lhe convier, assim que tivermos a certeza dos seus desejos. Ou utiliza o formul\u00e1rio de contacto ou envia-nos um e-mail 24 horas por dia, 7 dias por semana, e inform\u00e1-lo-emos logo que poss\u00edvel. No entanto, se pensa que se vai sentir melhor ao ligar-nos directamente, ent\u00e3o o n\u00famero \u00e9 +<a class=\"button secondary lowercase\" href=\"tel:+905528045590\" target=\"_self\" rel=\"noopener\"><i class=\"icon-phone\"><\/i> +90 552 804 5590<\/a>. Falamos ingl\u00eas, turco, chin\u00eas, espanhol, portugu\u00eas e \u00e1rabe<\/p>\n<h3>Pol\u00edtica de cancelamento<\/h3>\n<p>Os cancelamentos efectuados nos 2-7 dias anteriores \u00e0 data da actividade incorrer\u00e3o numa taxa de 50%. Os cancelamentos efectuados menos de 2 dias antes da data da actividade implicar\u00e3o uma taxa de 100%.<\/p>\n<h3>Pol\u00edtica de pagamento<\/h3>\n<p>Aceitamos transfer\u00eancias electr\u00f3nicas de dinheiro, todos os principais cart\u00f5es de cr\u00e9dito incluindo cart\u00f5es American Express, Master Card, e Visa. Al\u00e9m disso,<\/p>\n<p>Se desejar pagar-nos online atrav\u00e9s do formul\u00e1rio de encomenda por correio, por favor preencha o formul\u00e1rio.<\/p>\n<p>Ap\u00f3s recebermos o seu pagamento, emitiremos o voucher e\/ou o itiner\u00e1rio de confirma\u00e7\u00e3o final, que lhe poder\u00e1 ser enviado por correio electr\u00f3nico.<\/p>\n","protected":false},"excerpt":{"rendered":"<p>Processo de Reserva Iremos definitivamente oferecer-lhe o melhor servi\u00e7o dispon\u00edvel que lhe convier, assim que tivermos a certeza dos seus desejos. Ou utiliza o formul\u00e1rio de contacto ou envia-nos um e-mail 24 horas por dia, 7 dias por semana, e inform\u00e1-lo-emos logo que poss\u00edvel. No entanto, se pensa que se vai sentir melhor ao ligar-nos [&#8230;]\n","protected":false},"author":1,"featured_media":0,"parent":0,"menu_order":0,"comment_status":"closed","ping_status":"closed","template":"page-blank-title-center.php","meta":{"footnotes":""},"class_list":["post-6409","page","type-page","status-publish","hentry"],"_links":{"self":[{"href":"https:\/\/sunsmiletravel.com\/pt-br\/wp-json\/wp\/v2\/pages\/6409","targetHints":{"allow":["GET"]}}],"collection":[{"href":"https:\/\/sunsmiletravel.com\/pt-br\/wp-json\/wp\/v2\/pages"}],"about":[{"href":"https:\/\/sunsmiletravel.com\/pt-br\/wp-json\/wp\/v2\/types\/page"}],"author":[{"embeddable":true,"href":"https:\/\/sunsmiletravel.com\/pt-br\/wp-json\/wp\/v2\/users\/1"}],"replies":[{"embeddable":true,"href":"https:\/\/sunsmiletravel.com\/pt-br\/wp-json\/wp\/v2\/comments?post=6409"}],"version-history":[{"count":0,"href":"https:\/\/sunsmiletravel.com\/pt-br\/wp-json\/wp\/v2\/pages\/6409\/revisions"}],"wp:attachment":[{"href":"https:\/\/sunsmiletravel.com\/pt-br\/wp-json\/wp\/v2\/media?parent=6409"}],"curies":[{"name":"wp","href":"https:\/\/api.w.org\/{rel}","templated":true}]}}