{"id":9113,"date":"2024-10-24T09:37:10","date_gmt":"2024-10-24T06:37:10","guid":{"rendered":"https:\/\/sunsmiletravel.com\/hoteis-nas-cavernas-da-capadocia\/"},"modified":"2024-11-27T11:39:12","modified_gmt":"2024-11-27T08:39:12","slug":"hoteis-nas-cavernas-da-capadocia","status":"publish","type":"page","link":"https:\/\/sunsmiletravel.com\/pt-br\/hoteis-nas-cavernas-da-capadocia\/","title":{"rendered":"Hot\u00e9is nas cavernas da Capad\u00f3cia"},"content":{"rendered":"\t<div id=\"text-4111555428\" class=\"text\">\n\t\t\n<h2>Hot\u00e9is nas cavernas da Capad\u00f3cia:<br \/>\nUma combina\u00e7\u00e3o perfeita de hist\u00f3ria e luxo moderno<\/h2>\n\t\t\n<style>\n#text-4111555428 {\n  font-size: 0.75rem;\n  text-align: center;\n}\n<\/style>\n\t<\/div>\n\t\n<div class=\"row row-solid\"  id=\"row-519326077\">\n\n\t<div id=\"col-751409955\" class=\"col small-12 large-12\"  >\n\t\t\t\t<div class=\"col-inner\"  >\n\t\t\t\n\t\t\t\n<p>A Capad\u00f3cia \u00e9 uma das regi\u00f5es mais exclusivas da Turquia, onde milhares de anos de hist\u00f3ria se encontram com forma\u00e7\u00f5es naturais de tirar o f\u00f4lego. <strong>Os hot\u00e9is em cavernas da Capad\u00f3cia<\/strong> n\u00e3o apenas oferecem uma experi\u00eancia hist\u00f3rica, mas tamb\u00e9m luxo e conforto modernos aos visitantes. Esses hot\u00e9is em cavernas, esculpidos nas forma\u00e7\u00f5es rochosas vulc\u00e2nicas da regi\u00e3o, d\u00e3o continuidade a uma tradi\u00e7\u00e3o secular de vida nas cavernas, agora elevada para atender aos padr\u00f5es contempor\u00e2neos.  <\/p>\n\t<div class=\"img has-hover x md-x lg-x y md-y lg-y\" id=\"image_2125302858\">\n\t\t\t\t\t\t\t\t<div class=\"img-inner dark\" >\n\t\t\t<img loading=\"lazy\" decoding=\"async\" width=\"1020\" height=\"680\" src=\"https:\/\/sunsmiletravel.com\/wp-content\/uploads\/2024\/10\/cappadocia-cave-suites-1024x683.jpg\" class=\"attachment-large size-large\" alt=\"\" srcset=\"https:\/\/sunsmiletravel.com\/wp-content\/uploads\/2024\/10\/cappadocia-cave-suites-1024x683.jpg 1024w, https:\/\/sunsmiletravel.com\/wp-content\/uploads\/2024\/10\/cappadocia-cave-suites-800x533.jpg 800w, https:\/\/sunsmiletravel.com\/wp-content\/uploads\/2024\/10\/cappadocia-cave-suites-300x200.jpg 300w, https:\/\/sunsmiletravel.com\/wp-content\/uploads\/2024\/10\/cappadocia-cave-suites-768x512.jpg 768w, https:\/\/sunsmiletravel.com\/wp-content\/uploads\/2024\/10\/cappadocia-cave-suites.jpg 1200w\" sizes=\"auto, (max-width: 1020px) 100vw, 1020px\">\t\t\t\t\t\t\n\t\t\t\t\t<\/div>\n\t\t\t\t\t\t\t\t\n<style>\n#image_2125302858 {\n  width: 100%;\n}\n<\/style>\n\t<\/div>\n\t\n\t\t<\/div>\n\t\t\t\t\t<\/div>\n\n\t\n\n<style>\n#row-519326077 > .col > .col-inner {\n  border-radius: 19px;\n}\n<\/style>\n<\/div>\n<div class=\"row\"  id=\"row-2065551742\">\n\n\t<div id=\"col-92407028\" class=\"col small-12 large-12\"  >\n\t\t\t\t<div class=\"col-inner\"  >\n\t\t\t\n\t\t\t\n\t<div id=\"text-1197763805\" class=\"text\">\n\t\t\n<h3>A geografia \u00fanica dos hot\u00e9is em cavernas da Capad\u00f3cia<\/h3>\n<p>A base dos <strong>hot\u00e9is caverna da Capad\u00f3cia<\/strong> est\u00e1 na estrutura geol\u00f3gica da regi\u00e3o. A rocha vulc\u00e2nica macia da Capad\u00f3cia foi moldada ao longo dos s\u00e9culos por processos naturais, criando as extraordin\u00e1rias forma\u00e7\u00f5es rochosas conhecidas como chamin\u00e9s de fada. Essa suavidade permitiu que os antigos habitantes esculpissem vastas cidades e casas subterr\u00e2neas na rocha. Essas cavernas foram usadas ao longo da hist\u00f3ria para abrigo e moradia di\u00e1ria, formando a base para o que viria a se tornar a <strong>experi\u00eancia<\/strong> atual <strong>dos hot\u00e9is caverna da Capad\u00f3cia<\/strong>.<br \/>\n\t\t\n<style>\n#text-1197763805 {\n  font-size: 0.95rem;\n}\n<\/style>\n\t<\/div>\n\t\n\t<div class=\"img has-hover x md-x lg-x y md-y lg-y\" id=\"image_62955203\">\n\t\t\t\t\t\t\t\t<div class=\"img-inner dark\" >\n\t\t\t<img loading=\"lazy\" decoding=\"async\" width=\"680\" height=\"454\" src=\"https:\/\/sunsmiletravel.com\/wp-content\/uploads\/2024\/10\/ImperialKonak.jpg\" class=\"attachment-large size-large\" alt=\"\" srcset=\"https:\/\/sunsmiletravel.com\/wp-content\/uploads\/2024\/10\/ImperialKonak.jpg 680w, https:\/\/sunsmiletravel.com\/wp-content\/uploads\/2024\/10\/ImperialKonak-300x200.jpg 300w, https:\/\/sunsmiletravel.com\/wp-content\/uploads\/2024\/10\/ImperialKonak-510x341.jpg 510w\" sizes=\"auto, (max-width: 680px) 100vw, 680px\">\t\t\t\t\t\t\n\t\t\t\t\t<\/div>\n\t\t\t\t\t\t\t\t\n<style>\n#image_62955203 {\n  width: 100%;\n}\n<\/style>\n\t<\/div>\n\t\n<div class=\"row\"  id=\"row-996706803\">\n\n\t<div id=\"col-1396275278\" class=\"col small-12 large-12\"  >\n\t\t\t\t<div class=\"col-inner\"  >\n\t\t\t\n\t\t\t\n<h3>O renascimento dos hot\u00e9is em cavernas da Capad\u00f3cia<\/h3>\n<p>Na d\u00e9cada de 1950, muitas dessas cavernas foram abandonadas devido a perigos estruturais. Entretanto, a partir do in\u00edcio dos anos 2000, os hoteleiros da regi\u00e3o come\u00e7aram a restaurar as cavernas para atender \u00e0s necessidades modernas. Isso levou \u00e0 cria\u00e7\u00e3o dos <strong>melhores hot\u00e9is em cavernas na Capad\u00f3cia<\/strong>, onde a preserva\u00e7\u00e3o hist\u00f3rica se une ao luxo moderno. O processo de transforma\u00e7\u00e3o dessas cavernas antigas em hot\u00e9is butique \u00e9 complexo, exigindo aprova\u00e7\u00f5es especiais do governo para garantir que a integridade natural e hist\u00f3rica da regi\u00e3o permane\u00e7a intacta.   <\/p>\n<p>Cada <strong>hotel caverna de luxo na Capad\u00f3cia<\/strong> tem seu pr\u00f3prio estilo exclusivo. Enquanto alguns s\u00e3o adornados com m\u00f3veis antigos, outros ostentam designs modernos e minimalistas. No entanto, todos eles t\u00eam uma caracter\u00edstica em comum: combinam <strong>as acomoda\u00e7\u00f5es da Capad\u00f3cia<\/strong> com comodidades modernas, incluindo eletricidade, encanamento e internet, sem prejudicar a estrutura natural da caverna. Por exemplo, os cabos est\u00e3o escondidos dentro das paredes da caverna, garantindo que a autenticidade das <strong>su\u00edtes da caverna da Capad\u00f3cia<\/strong> seja mantida.   <\/p>\n\t\t<\/div>\n\t\t\t\t\t<\/div>\n\n\t\n<\/div>\n\t<div class=\"img has-hover x md-x lg-x y md-y lg-y\" id=\"image_2131827236\">\n\t\t\t\t\t\t\t\t<div class=\"img-inner dark\" >\n\t\t\t<img loading=\"lazy\" decoding=\"async\" width=\"1020\" height=\"680\" src=\"https:\/\/sunsmiletravel.com\/wp-content\/uploads\/2024\/10\/room-112-1-1024x683.jpg\" class=\"attachment-large size-large\" alt=\"\" srcset=\"https:\/\/sunsmiletravel.com\/wp-content\/uploads\/2024\/10\/room-112-1-1024x683.jpg 1024w, https:\/\/sunsmiletravel.com\/wp-content\/uploads\/2024\/10\/room-112-1-800x533.jpg 800w, https:\/\/sunsmiletravel.com\/wp-content\/uploads\/2024\/10\/room-112-1-300x200.jpg 300w, https:\/\/sunsmiletravel.com\/wp-content\/uploads\/2024\/10\/room-112-1-768x512.jpg 768w, https:\/\/sunsmiletravel.com\/wp-content\/uploads\/2024\/10\/room-112-1.jpg 1200w\" sizes=\"auto, (max-width: 1020px) 100vw, 1020px\">\t\t\t\t\t\t\n\t\t\t\t\t<\/div>\n\t\t\t\t\t\t\t\t\n<style>\n#image_2131827236 {\n  width: 100%;\n}\n<\/style>\n\t<\/div>\n\t\n<div class=\"row\"  id=\"row-1453993783\">\n\n\t<div id=\"col-1207956690\" class=\"col small-12 large-12\"  >\n\t\t\t\t<div class=\"col-inner\"  >\n\t\t\t\n\t\t\t\n<h3>Onde a hist\u00f3ria e o conforto se encontram<\/h3>\n<p>Os visitantes que se hospedam nos <strong>hot\u00e9is caverna da Capad\u00f3cia<\/strong> desfrutam de uma mistura de hist\u00f3ria e conforto moderno. Os quartos de pedra desses hot\u00e9is mant\u00eam a sensa\u00e7\u00e3o do passado, ao mesmo tempo em que oferecem os luxos de hoje. Muitos <strong>hot\u00e9is-boutique em cavernas na Capad\u00f3cia<\/strong> preservaram os tetos originais das cavernas e modernizaram os interiores para criar quartos espa\u00e7osos e confort\u00e1veis. O frescor natural das cavernas tamb\u00e9m oferece um ambiente refrescante durante os meses quentes de ver\u00e3o, uma caracter\u00edstica exclusiva dos <strong>hot\u00e9is em cavernas da Capad\u00f3cia<\/strong>.   <\/p>\n<p>Uma estadia em um dos <strong>exclusivos hot\u00e9is em cavernas da Turquia<\/strong> n\u00e3o \u00e9 apenas uma quest\u00e3o de acomoda\u00e7\u00e3o, mas uma experi\u00eancia que conecta os h\u00f3spedes \u00e0 hist\u00f3ria da regi\u00e3o. Durante s\u00e9culos, a Capad\u00f3cia foi o lar de muitas civiliza\u00e7\u00f5es, desde os primeiros crist\u00e3os at\u00e9 os otomanos. Hoje, esses <strong>hot\u00e9is de luxo em cavernas na Capad\u00f3cia<\/strong> permitem que os h\u00f3spedes mergulhem nessa hist\u00f3ria, enquanto desfrutam de comodidades de classe mundial.  <\/p>\n<h3>Reflex\u00f5es modernas de cidades subterr\u00e2neas<\/h3>\n<p>A Capad\u00f3cia tamb\u00e9m \u00e9 famosa por suas cidades subterr\u00e2neas, vastas redes de cavernas que os antigos habitantes usavam para escapar dos invasores. Essas cidades subterr\u00e2neas eram comunidades autossuficientes que abrigavam milhares de pessoas. Hoje, essa tradi\u00e7\u00e3o se reflete nos <strong>hot\u00e9is subterr\u00e2neos da Capad\u00f3cia<\/strong>, onde os quartos est\u00e3o localizados nas profundezas da terra, oferecendo uma atmosfera \u00fanica e repleta de hist\u00f3ria. Se voc\u00ea se hospedar em um desses <strong>hot\u00e9is caverna da Capad\u00f3cia<\/strong>, ter\u00e1 a oportunidade perfeita de experimentar o luxo e, ao mesmo tempo, se conectar com o passado antigo da regi\u00e3o.   <\/p>\n\t\t<\/div>\n\t\t\t\t\t<\/div>\n\n\t\n<\/div>\n\t<div class=\"img has-hover x md-x lg-x y md-y lg-y\" id=\"image_530562140\">\n\t\t\t\t\t\t\t\t<div class=\"img-inner dark\" >\n\t\t\t<img loading=\"lazy\" decoding=\"async\" width=\"1020\" height=\"547\" src=\"https:\/\/sunsmiletravel.com\/wp-content\/uploads\/2024\/10\/taskonaklar-b-a-1024x549.jpg\" class=\"attachment-large size-large\" alt=\"\" srcset=\"https:\/\/sunsmiletravel.com\/wp-content\/uploads\/2024\/10\/taskonaklar-b-a-1024x549.jpg 1024w, https:\/\/sunsmiletravel.com\/wp-content\/uploads\/2024\/10\/taskonaklar-b-a-800x429.jpg 800w, https:\/\/sunsmiletravel.com\/wp-content\/uploads\/2024\/10\/taskonaklar-b-a-300x161.jpg 300w, https:\/\/sunsmiletravel.com\/wp-content\/uploads\/2024\/10\/taskonaklar-b-a-768x412.jpg 768w, https:\/\/sunsmiletravel.com\/wp-content\/uploads\/2024\/10\/taskonaklar-b-a-1536x824.jpg 1536w, https:\/\/sunsmiletravel.com\/wp-content\/uploads\/2024\/10\/taskonaklar-b-a.jpg 1920w\" sizes=\"auto, (max-width: 1020px) 100vw, 1020px\">\t\t\t\t\t\t\n\t\t\t\t\t<\/div>\n\t\t\t\t\t\t\t\t\n<style>\n#image_530562140 {\n  width: 100%;\n}\n<\/style>\n\t<\/div>\n\t\n<div class=\"row\"  id=\"row-105452917\">\n\n\t<div id=\"col-190455196\" class=\"col small-12 large-12\"  >\n\t\t\t\t<div class=\"col-inner\"  >\n\t\t\t\n\t\t\t\n<h3>Luxo na natureza<\/h3>\n<p><strong>Os hot\u00e9is em cavernas da Capad\u00f3cia<\/strong> n\u00e3o s\u00e3o conhecidos apenas por seus quartos, mas tamb\u00e9m por seu ambiente natural deslumbrante. Muitos desses hot\u00e9is est\u00e3o localizados em pontos privilegiados, oferecendo vistas de tirar o f\u00f4lego das famosas chamin\u00e9s de fada e dos vales da Capad\u00f3cia. Uma das atividades mais populares para os visitantes \u00e9 observar os bal\u00f5es de ar quente flutuando no c\u00e9u no in\u00edcio da manh\u00e3. <strong>Os hot\u00e9is caverna com vista para os bal\u00f5es de ar quente<\/strong> s\u00e3o especialmente procurados, pois permitem que os h\u00f3spedes apreciem essa vis\u00e3o m\u00e1gica de seus terra\u00e7os.  <\/p>\n<p>Para voc\u00ea que deseja relaxar, muitos <strong>hot\u00e9is em cavernas da Capad\u00f3cia com piscinas<\/strong> oferecem um ambiente sereno em meio \u00e0 beleza natural da regi\u00e3o. Quer voc\u00ea esteja apreciando a vista do terra\u00e7o de uma caverna ou mergulhando em uma piscina esculpida na rocha vulc\u00e2nica, <strong>os hot\u00e9is em cavernas da Capad\u00f3cia<\/strong> oferecem uma experi\u00eancia inesquec\u00edvel. <\/p>\n<h3>Um destino perfeito para lua de mel e fam\u00edlias<\/h3>\n<p>A Capad\u00f3cia se tornou um dos principais destinos para lua de mel, gra\u00e7as \u00e0 sua paisagem rom\u00e2ntica e acomoda\u00e7\u00f5es exclusivas. Muitos <strong>hot\u00e9is em cavernas para lua de mel na Capad\u00f3cia<\/strong> atendem especificamente a casais, oferecendo terra\u00e7os privativos, su\u00edtes luxuosas e at\u00e9 mesmo passeios de bal\u00e3o de ar quente. Para as fam\u00edlias, <strong>os hot\u00e9is caverna da Capad\u00f3cia<\/strong> para fam\u00edlias oferecem acomoda\u00e7\u00f5es espa\u00e7osas e atividades que permitem que adultos e crian\u00e7as explorem a rica hist\u00f3ria e a beleza natural da regi\u00e3o.  <\/p>\n\t<div class=\"img has-hover x md-x lg-x y md-y lg-y\" id=\"image_1273886302\">\n\t\t\t\t\t\t\t\t<div class=\"img-inner image-cover dark\" style=\"padding-top:75%;\">\n\t\t\t<img loading=\"lazy\" decoding=\"async\" width=\"408\" height=\"510\" src=\"https:\/\/sunsmiletravel.com\/wp-content\/uploads\/2024\/10\/29.jpg\" class=\"attachment-large size-large\" alt=\"\" srcset=\"https:\/\/sunsmiletravel.com\/wp-content\/uploads\/2024\/10\/29.jpg 408w, https:\/\/sunsmiletravel.com\/wp-content\/uploads\/2024\/10\/29-240x300.jpg 240w\" sizes=\"auto, (max-width: 408px) 100vw, 408px\">\t\t\t\t\t\t\n\t\t\t\t\t<\/div>\n\t\t\t\t\t\t\t\t\n<style>\n#image_1273886302 {\n  width: 94%;\n}\n<\/style>\n\t<\/div>\n\t\n<h3>Hot\u00e9is hist\u00f3ricos e econ\u00f4micos em cavernas<\/h3>\n<p>Apesar de seu apelo luxuoso, h\u00e1 tamb\u00e9m muitos <strong>hot\u00e9is de caverna econ\u00f4micos na Capad\u00f3cia<\/strong> que ainda proporcionam uma experi\u00eancia de alta qualidade. Esses hot\u00e9is mant\u00eam o charme hist\u00f3rico das cavernas, ao mesmo tempo em que oferecem uma estadia confort\u00e1vel a um pre\u00e7o mais acess\u00edvel. Quer voc\u00ea esteja procurando <strong>hot\u00e9is hist\u00f3ricos em cavernas na Capad\u00f3cia<\/strong> ou algo mais econ\u00f4mico, h\u00e1 um <strong>hotel em caverna na Capad\u00f3cia<\/strong> para cada viajante.  <\/p>\n<h3>Melhor \u00e9poca para visitar os hot\u00e9is com caverna na Capad\u00f3cia<\/h3>\n<p>A <strong>melhor \u00e9poca para visitar os hot\u00e9is caverna da Capad\u00f3cia<\/strong> \u00e9 durante a primavera ou o outono, quando o clima \u00e9 ameno e as multid\u00f5es s\u00e3o menores. Isso permite que os visitantes aproveitem ao m\u00e1ximo as atividades ao ar livre, como passeios de bal\u00e3o de ar quente e a explora\u00e7\u00e3o das <strong>cavernas da Capad\u00f3cia perto do Museu ao Ar Livre de Goreme<\/strong>. A paisagem m\u00e1gica da Capad\u00f3cia, combinada com a experi\u00eancia \u00fanica de se hospedar em uma caverna, faz dela um destino como nenhum outro.  <\/p>\n<p>Em conclus\u00e3o, <strong>os hot\u00e9is em cavernas da Capad\u00f3cia<\/strong> oferecem uma combina\u00e7\u00e3o \u00fanica de hist\u00f3ria, luxo e beleza natural. Quer voc\u00ea se hospede em um <strong>hotel boutique em caverna na Capad\u00f3cia<\/strong>, observe bal\u00f5es de ar quente do seu terra\u00e7o ou explore as antigas cidades subterr\u00e2neas, uma visita \u00e0 Capad\u00f3cia promete uma experi\u00eancia inesquec\u00edvel. <\/p>\n\t\t<\/div>\n\t\t\t\t\t<\/div>\n\n\t\n<\/div>\n<div class=\"row\"  id=\"row-267165157\">\n\n\t<div id=\"col-1473532846\" class=\"col small-12 large-12\"  >\n\t\t\t\t<div class=\"col-inner\"  >\n\t\t\t\n\t\t\t\n\t\t<\/div>\n\t\t\t\t\t<\/div>\n\n\t\n<\/div>\n\t\t<\/div>\n\t\t\t\t\t<\/div>\n\n\t\n<\/div>\n","protected":false},"excerpt":{"rendered":"","protected":false},"author":1,"featured_media":0,"parent":0,"menu_order":0,"comment_status":"closed","ping_status":"closed","template":"","meta":{"footnotes":""},"class_list":["post-9113","page","type-page","status-publish","hentry"],"_links":{"self":[{"href":"https:\/\/sunsmiletravel.com\/pt-br\/wp-json\/wp\/v2\/pages\/9113","targetHints":{"allow":["GET"]}}],"collection":[{"href":"https:\/\/sunsmiletravel.com\/pt-br\/wp-json\/wp\/v2\/pages"}],"about":[{"href":"https:\/\/sunsmiletravel.com\/pt-br\/wp-json\/wp\/v2\/types\/page"}],"author":[{"embeddable":true,"href":"https:\/\/sunsmiletravel.com\/pt-br\/wp-json\/wp\/v2\/users\/1"}],"replies":[{"embeddable":true,"href":"https:\/\/sunsmiletravel.com\/pt-br\/wp-json\/wp\/v2\/comments?post=9113"}],"version-history":[{"count":0,"href":"https:\/\/sunsmiletravel.com\/pt-br\/wp-json\/wp\/v2\/pages\/9113\/revisions"}],"wp:attachment":[{"href":"https:\/\/sunsmiletravel.com\/pt-br\/wp-json\/wp\/v2\/media?parent=9113"}],"curies":[{"name":"wp","href":"https:\/\/api.w.org\/{rel}","templated":true}]}}