{"id":10323,"date":"2024-12-31T16:53:46","date_gmt":"2024-12-31T13:53:46","guid":{"rendered":"https:\/\/sunsmiletravel.com\/passeio-de-meio-dia-a-tarde-pelo-bosforo-e-bazar-das-especiarias-egipcio-tudo-incluido\/"},"modified":"2025-01-02T09:26:34","modified_gmt":"2025-01-02T06:26:34","slug":"passeio-de-meio-dia-a-tarde-pelo-bosforo-e-bazar-das-especiarias-egipcio-tudo-incluido","status":"publish","type":"product","link":"https:\/\/sunsmiletravel.com\/pt-br\/passeio-de-meio-dia-a-tarde-pelo-bosforo-e-bazar-das-especiarias-egipcio-tudo-incluido\/","title":{"rendered":"Passeio de meio dia \u00e0 tarde pelo B\u00f3sforo e Bazar das Especiarias (eg\u00edpcio) Tudo inclu\u00eddo"},"content":{"rendered":"<div class=\"flex-shrink-0 flex flex-col relative items-end\">\n<div>\n<div class=\"pt-0\">\n<div class=\"gizmo-bot-avatar flex h-8 w-8 items-center justify-center overflow-hidden rounded-full\">\n<div class=\"relative p-1 rounded-sm flex items-center justify-center bg-token-main-surface-primary text-token-text-primary h-8 w-8\"><\/div>\n<\/div>\n<\/div>\n<\/div>\n<\/div>\n<div class=\"group\/conversation-turn relative flex w-full min-w-0 flex-col agent-turn\">\n<div class=\"flex-col gap-1 md:gap-3\">\n<div class=\"flex max-w-full flex-col flex-grow\">\n<div class=\"min-h-8 text-message flex w-full flex-col items-end gap-2 whitespace-normal break-words text-start [.text-message+&amp;]:mt-5\" dir=\"auto\" data-message-author-role=\"assistant\" data-message-id=\"85bd1cb5-1f14-4b1f-a509-0e04bbccdb0e\" data-message-model-slug=\"gpt-4o\">\n<div class=\"flex w-full flex-col gap-1 empty:hidden first:pt-[3px]\">\n<div class=\"markdown prose w-full break-words dark:prose-invert light\">\n<table style=\"width: 100%; border-collapse: collapse; text-align: center; border: none;\">\n<thead>\n<tr style=\"background-color: #f4f4f;\">\n<th style=\"padding: 8px; border: none;\"><img loading=\"lazy\" decoding=\"async\" class=\"wp-image-8991 aligncenter\" src=\"https:\/\/sunsmiletravel.com\/wp-content\/uploads\/2024\/11\/%E2%80%94Pngtree%E2%80%94vector-clock-_3787755-300x300.png\" alt=\"\" width=\"75\" height=\"75\"><\/th>\n<th style=\"padding: 8px; border: none;\"><img loading=\"lazy\" decoding=\"async\" class=\"wp-image-9003 aligncenter\" src=\"https:\/\/sunsmiletravel.com\/wp-content\/uploads\/2024\/11\/AdobeStock_295721492-300x281.jpeg\" alt=\"\" width=\"75\" height=\"70\" srcset=\"https:\/\/sunsmiletravel.com\/wp-content\/uploads\/2024\/11\/AdobeStock_295721492-300x281.jpeg 300w, https:\/\/sunsmiletravel.com\/wp-content\/uploads\/2024\/11\/AdobeStock_295721492-scaled-800x750.jpeg 800w, https:\/\/sunsmiletravel.com\/wp-content\/uploads\/2024\/11\/AdobeStock_295721492-1024x960.jpeg 1024w, https:\/\/sunsmiletravel.com\/wp-content\/uploads\/2024\/11\/AdobeStock_295721492-768x720.jpeg 768w, https:\/\/sunsmiletravel.com\/wp-content\/uploads\/2024\/11\/AdobeStock_295721492-1536x1440.jpeg 1536w, https:\/\/sunsmiletravel.com\/wp-content\/uploads\/2024\/11\/AdobeStock_295721492-2048x1920.jpeg 2048w\" sizes=\"auto, (max-width: 75px) 100vw, 75px\" \/><\/th>\n<th style=\"padding: 8px; border: none;\"><img loading=\"lazy\" decoding=\"async\" class=\"wp-image-9007 aligncenter\" src=\"https:\/\/sunsmiletravel.com\/wp-content\/uploads\/2024\/11\/%E2%80%94Pngtree%E2%80%94team-black-and-white-group_4154805-1-300x217.png\" alt=\"\" width=\"75\" height=\"54\"><\/th>\n<th style=\"padding: 8px; border: none;\"><img loading=\"lazy\" decoding=\"async\" class=\"wp-image-8995 aligncenter\" src=\"https:\/\/sunsmiletravel.com\/wp-content\/uploads\/2024\/11\/2793765-300x300.png\" alt=\"\" width=\"55\" height=\"55\" srcset=\"https:\/\/sunsmiletravel.com\/wp-content\/uploads\/2024\/11\/2793765-300x300.png 300w, https:\/\/sunsmiletravel.com\/wp-content\/uploads\/2024\/11\/2793765-100x100.png 100w, https:\/\/sunsmiletravel.com\/wp-content\/uploads\/2024\/11\/2793765-150x150.png 150w, https:\/\/sunsmiletravel.com\/wp-content\/uploads\/2024\/11\/2793765-510x510.png 510w, https:\/\/sunsmiletravel.com\/wp-content\/uploads\/2024\/11\/2793765.png 512w\" sizes=\"auto, (max-width: 55px) 100vw, 55px\" \/><\/th>\n<\/tr>\n<\/thead>\n<tbody>\n<tr>\n<td style=\"padding: 8px; border: none;\">\n<div class=\"name\" style=\"text-align: center;\"><strong>Dura\u00e7\u00e3o<\/strong><\/div>\n<p class=\"value\" style=\"text-align: center;\">1 dias<\/p>\n<\/td>\n<td style=\"padding: 8px; border: none;\">\n<div class=\"name\" style=\"text-align: center;\"><strong>Tipo de excurs\u00e3o<\/strong><\/div>\n<p class=\"value\" style=\"text-align: center;\">Tour espec\u00edfico<\/p>\n<\/td>\n<td style=\"padding: 8px; border: none;\">\n<div class=\"name\" style=\"text-align: center;\"><strong>Tamanho do grupo<\/strong><\/div>\n<p class=\"value\" style=\"text-align: center;\">20 pessoas<\/p>\n<\/td>\n<td style=\"padding: 8px; border: none;\">\n<div class=\"name\" style=\"text-align: center;\"><strong>Idiomas<\/strong><\/div>\n<p class=\"value\" style=\"text-align: center;\">Ingl\u00eas, espanhol<br \/>\nChin\u00eas, portugu\u00eas<\/p>\n<\/td>\n<\/tr>\n<\/tbody>\n<\/table>\n<p>Passeio de meio dia \u00e0 tarde pelo B\u00f3sforo : O Pal\u00e1cio Dolmabah\u00e7e, localizado no distrito de Be\u015fikta\u015f, em Istambul, no lado europeu do Estreito de B\u00f3sforo, serviu como o principal centro administrativo do Imp\u00e9rio Otomano de 1856 a 1887 e de 1909 a 1922. O pal\u00e1cio, um dos s\u00edmbolos mais emblem\u00e1ticos do final do per\u00edodo otomano, \u00e9 conhecido por sua arquitetura em estilo ocidental. Foi constru\u00eddo sob as ordens do Sult\u00e3o Abd\u00fclmecid e conclu\u00eddo durante o reinado do Sult\u00e3o Abd\u00fclaziz. O Pal\u00e1cio Dolmabah\u00e7e tornou-se o centro da vida pol\u00edtica, cultural e social do imp\u00e9rio, com os sult\u00f5es e funcion\u00e1rios do estado tomando decis\u00f5es administrativas cruciais aqui. O pal\u00e1cio \u00e9 famoso por seu interior luxuoso, m\u00f3veis luxuosos, decora\u00e7\u00f5es de teto impressionantes e lustres de cristal de renome mundial. Ele cont\u00e9m 36 colunas de m\u00e1rmore, 285 c\u00f4modos, 43 sal\u00f5es e 6 banheiros. Ele \u00e9 um testemunho da grandeza do Imp\u00e9rio Otomano em seus \u00faltimos anos. <strong>O Pal\u00e1cio Y\u0131ld\u0131z<\/strong> serviu como um centro administrativo provis\u00f3rio entre 1887 e 1909. Durante esse per\u00edodo, o Pal\u00e1cio Dolmabah\u00e7e estava passando por reparos, e parte das fun\u00e7\u00f5es administrativas foi transferida para o Pal\u00e1cio Y\u0131ld\u0131z. Ele se tornou um local importante para a fam\u00edlia imperial, especialmente durante o reinado do Sult\u00e3o Abdulhamid II, que o utilizou como retiro e sede do poder. Durante o <strong>passeio pelo B\u00f3sforo<\/strong>, voc\u00ea ter\u00e1 a oportunidade de observar a impressionante arquitetura dos pal\u00e1cios Dolmabah\u00e7e e Y\u0131ld\u0131z. Enquanto navega pelo B\u00f3sforo, voc\u00ea pode desfrutar de vistas panor\u00e2micas dos pal\u00e1cios e aprender sobre seu significado hist\u00f3rico. As posi\u00e7\u00f5es estrat\u00e9gicas dos pal\u00e1cios no B\u00f3sforo destacam a for\u00e7a do Imp\u00e9rio Otomano, tanto administrativa quanto culturalmente. Seu guia fornecer\u00e1 informa\u00e7\u00f5es detalhadas sobre o papel desses pal\u00e1cios no governo do imp\u00e9rio e sua influ\u00eancia na regi\u00e3o.   <\/p>\n<\/div>\n<\/div>\n<\/div>\n<\/div>\n<\/div>\n<\/div>\n<div class=\"row\"  id=\"row-1575842456\">\n\n\t<div id=\"col-1215218561\" class=\"col medium-6 small-12 large-6\"  >\n\t\t\t\t<div class=\"col-inner\"  >\n\t\t\t\n\t\t\t\n<p><span style=\"color: #333333; font-size: 24.16px;\">Inclu\u00eddo<\/span><\/p>\n<div class=\"included-excluded\" data-wp-editing=\"1\">\n<p><span style=\"color: #339966; font-size: 120%;\"><img loading=\"lazy\" decoding=\"async\" class=\"alignnone wp-image-9011\" src=\"https:\/\/sunsmiletravel.com\/wp-content\/uploads\/2024\/11\/png-transparent-right-mark-tick-thumbnail-300x295.png\" alt=\"\" width=\"22\" height=\"21\" srcset=\"https:\/\/sunsmiletravel.com\/wp-content\/uploads\/2024\/11\/png-transparent-right-mark-tick-thumbnail-300x295.png 300w, https:\/\/sunsmiletravel.com\/wp-content\/uploads\/2024\/11\/png-transparent-right-mark-tick-thumbnail-100x100.png 100w, https:\/\/sunsmiletravel.com\/wp-content\/uploads\/2024\/11\/png-transparent-right-mark-tick-thumbnail-150x150.png 150w, https:\/\/sunsmiletravel.com\/wp-content\/uploads\/2024\/11\/png-transparent-right-mark-tick-thumbnail.png 360w\" sizes=\"auto, (max-width: 22px) 100vw, 22px\" \/> <\/span>Transporte em \u00f4nibus AC durante todo o passeio.<\/p>\n<p><span style=\"color: #339966; font-size: 120%;\"><img loading=\"lazy\" decoding=\"async\" class=\"alignnone wp-image-9011\" src=\"https:\/\/sunsmiletravel.com\/wp-content\/uploads\/2024\/11\/png-transparent-right-mark-tick-thumbnail-300x295.png\" alt=\"\" width=\"22\" height=\"21\" srcset=\"https:\/\/sunsmiletravel.com\/wp-content\/uploads\/2024\/11\/png-transparent-right-mark-tick-thumbnail-300x295.png 300w, https:\/\/sunsmiletravel.com\/wp-content\/uploads\/2024\/11\/png-transparent-right-mark-tick-thumbnail-100x100.png 100w, https:\/\/sunsmiletravel.com\/wp-content\/uploads\/2024\/11\/png-transparent-right-mark-tick-thumbnail-150x150.png 150w, https:\/\/sunsmiletravel.com\/wp-content\/uploads\/2024\/11\/png-transparent-right-mark-tick-thumbnail.png 360w\" sizes=\"auto, (max-width: 22px) 100vw, 22px\" \/> <\/span>Refei\u00e7\u00f5es locais padr\u00e3o, passeios tur\u00edsticos e taxas de entrada de acordo com o itiner\u00e1rio<\/p>\n<p><span style=\"color: #339966; font-size: 120%;\"><img loading=\"lazy\" decoding=\"async\" class=\"alignnone wp-image-9011\" src=\"https:\/\/sunsmiletravel.com\/wp-content\/uploads\/2024\/11\/png-transparent-right-mark-tick-thumbnail-300x295.png\" alt=\"\" width=\"22\" height=\"21\" srcset=\"https:\/\/sunsmiletravel.com\/wp-content\/uploads\/2024\/11\/png-transparent-right-mark-tick-thumbnail-300x295.png 300w, https:\/\/sunsmiletravel.com\/wp-content\/uploads\/2024\/11\/png-transparent-right-mark-tick-thumbnail-100x100.png 100w, https:\/\/sunsmiletravel.com\/wp-content\/uploads\/2024\/11\/png-transparent-right-mark-tick-thumbnail-150x150.png 150w, https:\/\/sunsmiletravel.com\/wp-content\/uploads\/2024\/11\/png-transparent-right-mark-tick-thumbnail.png 360w\" sizes=\"auto, (max-width: 22px) 100vw, 22px\" \/> <\/span>Guia tur\u00edstico licenciado, que fala ingl\u00eas, chin\u00eas, portugu\u00eas e espanhol<\/p>\n<p><span style=\"color: #339966; font-size: 120%;\"> <img loading=\"lazy\" decoding=\"async\" class=\"alignnone wp-image-9011\" src=\"https:\/\/sunsmiletravel.com\/wp-content\/uploads\/2024\/11\/png-transparent-right-mark-tick-thumbnail-300x295.png\" alt=\"\" width=\"22\" height=\"21\" srcset=\"https:\/\/sunsmiletravel.com\/wp-content\/uploads\/2024\/11\/png-transparent-right-mark-tick-thumbnail-300x295.png 300w, https:\/\/sunsmiletravel.com\/wp-content\/uploads\/2024\/11\/png-transparent-right-mark-tick-thumbnail-100x100.png 100w, https:\/\/sunsmiletravel.com\/wp-content\/uploads\/2024\/11\/png-transparent-right-mark-tick-thumbnail-150x150.png 150w, https:\/\/sunsmiletravel.com\/wp-content\/uploads\/2024\/11\/png-transparent-right-mark-tick-thumbnail.png 360w\" sizes=\"auto, (max-width: 22px) 100vw, 22px\" \/><\/span>Taxas de estacionamento<\/p>\n<\/div>\n\t\t<\/div>\n\t\t\t\t\t<\/div>\n\n\t\n\n\t<div id=\"col-2054261158\" class=\"col medium-5 small-12 large-5\"  >\n\t\t\t\t<div class=\"col-inner\"  >\n\t\t\t\n\t\t\t\n<h2 id=\"headingInExClude\" class=\"st-heading-section\">Exclu\u00eddos<\/h2>\n<p><i class=\"stt-icon-close\"><img loading=\"lazy\" decoding=\"async\" class=\"alignleft wp-image-9015\" src=\"https:\/\/sunsmiletravel.com\/wp-content\/uploads\/2024\/11\/kontrol-etiketi-kirmizi-x_23.07.2022_96d7f51-300x300.png\" alt=\"\" width=\"15\" height=\"15\" srcset=\"https:\/\/sunsmiletravel.com\/wp-content\/uploads\/2024\/11\/kontrol-etiketi-kirmizi-x_23.07.2022_96d7f51-300x300.png 300w, https:\/\/sunsmiletravel.com\/wp-content\/uploads\/2024\/11\/kontrol-etiketi-kirmizi-x_23.07.2022_96d7f51-100x100.png 100w, https:\/\/sunsmiletravel.com\/wp-content\/uploads\/2024\/11\/kontrol-etiketi-kirmizi-x_23.07.2022_96d7f51-800x800.png 800w, https:\/\/sunsmiletravel.com\/wp-content\/uploads\/2024\/11\/kontrol-etiketi-kirmizi-x_23.07.2022_96d7f51-150x150.png 150w, https:\/\/sunsmiletravel.com\/wp-content\/uploads\/2024\/11\/kontrol-etiketi-kirmizi-x_23.07.2022_96d7f51-768x768.png 768w, https:\/\/sunsmiletravel.com\/wp-content\/uploads\/2024\/11\/kontrol-etiketi-kirmizi-x_23.07.2022_96d7f51.png 1000w\" sizes=\"auto, (max-width: 15px) 100vw, 15px\" \/><\/i>Refrescos l\u00edquidos durante passeios e refei\u00e7\u00f5es<\/p>\n<p><i class=\"stt-icon-close\"><img loading=\"lazy\" decoding=\"async\" class=\"alignleft wp-image-9015\" src=\"https:\/\/sunsmiletravel.com\/wp-content\/uploads\/2024\/11\/kontrol-etiketi-kirmizi-x_23.07.2022_96d7f51-300x300.png\" alt=\"\" width=\"15\" height=\"15\" srcset=\"https:\/\/sunsmiletravel.com\/wp-content\/uploads\/2024\/11\/kontrol-etiketi-kirmizi-x_23.07.2022_96d7f51-300x300.png 300w, https:\/\/sunsmiletravel.com\/wp-content\/uploads\/2024\/11\/kontrol-etiketi-kirmizi-x_23.07.2022_96d7f51-100x100.png 100w, https:\/\/sunsmiletravel.com\/wp-content\/uploads\/2024\/11\/kontrol-etiketi-kirmizi-x_23.07.2022_96d7f51-800x800.png 800w, https:\/\/sunsmiletravel.com\/wp-content\/uploads\/2024\/11\/kontrol-etiketi-kirmizi-x_23.07.2022_96d7f51-150x150.png 150w, https:\/\/sunsmiletravel.com\/wp-content\/uploads\/2024\/11\/kontrol-etiketi-kirmizi-x_23.07.2022_96d7f51-768x768.png 768w, https:\/\/sunsmiletravel.com\/wp-content\/uploads\/2024\/11\/kontrol-etiketi-kirmizi-x_23.07.2022_96d7f51.png 1000w\" sizes=\"auto, (max-width: 15px) 100vw, 15px\" \/><\/i>Passeios opcionais<\/p>\n<p><i class=\"stt-icon-close\"><img loading=\"lazy\" decoding=\"async\" class=\"alignleft wp-image-9015\" src=\"https:\/\/sunsmiletravel.com\/wp-content\/uploads\/2024\/11\/kontrol-etiketi-kirmizi-x_23.07.2022_96d7f51-300x300.png\" alt=\"\" width=\"15\" height=\"15\" srcset=\"https:\/\/sunsmiletravel.com\/wp-content\/uploads\/2024\/11\/kontrol-etiketi-kirmizi-x_23.07.2022_96d7f51-300x300.png 300w, https:\/\/sunsmiletravel.com\/wp-content\/uploads\/2024\/11\/kontrol-etiketi-kirmizi-x_23.07.2022_96d7f51-100x100.png 100w, https:\/\/sunsmiletravel.com\/wp-content\/uploads\/2024\/11\/kontrol-etiketi-kirmizi-x_23.07.2022_96d7f51-800x800.png 800w, https:\/\/sunsmiletravel.com\/wp-content\/uploads\/2024\/11\/kontrol-etiketi-kirmizi-x_23.07.2022_96d7f51-150x150.png 150w, https:\/\/sunsmiletravel.com\/wp-content\/uploads\/2024\/11\/kontrol-etiketi-kirmizi-x_23.07.2022_96d7f51-768x768.png 768w, https:\/\/sunsmiletravel.com\/wp-content\/uploads\/2024\/11\/kontrol-etiketi-kirmizi-x_23.07.2022_96d7f51.png 1000w\" sizes=\"auto, (max-width: 15px) 100vw, 15px\" \/><\/i>Despesas pessoais<\/p>\n<p><i class=\"stt-icon-close\"><img loading=\"lazy\" decoding=\"async\" class=\"alignleft wp-image-9015\" src=\"https:\/\/sunsmiletravel.com\/wp-content\/uploads\/2024\/11\/kontrol-etiketi-kirmizi-x_23.07.2022_96d7f51-300x300.png\" alt=\"\" width=\"15\" height=\"15\" srcset=\"https:\/\/sunsmiletravel.com\/wp-content\/uploads\/2024\/11\/kontrol-etiketi-kirmizi-x_23.07.2022_96d7f51-300x300.png 300w, https:\/\/sunsmiletravel.com\/wp-content\/uploads\/2024\/11\/kontrol-etiketi-kirmizi-x_23.07.2022_96d7f51-100x100.png 100w, https:\/\/sunsmiletravel.com\/wp-content\/uploads\/2024\/11\/kontrol-etiketi-kirmizi-x_23.07.2022_96d7f51-800x800.png 800w, https:\/\/sunsmiletravel.com\/wp-content\/uploads\/2024\/11\/kontrol-etiketi-kirmizi-x_23.07.2022_96d7f51-150x150.png 150w, https:\/\/sunsmiletravel.com\/wp-content\/uploads\/2024\/11\/kontrol-etiketi-kirmizi-x_23.07.2022_96d7f51-768x768.png 768w, https:\/\/sunsmiletravel.com\/wp-content\/uploads\/2024\/11\/kontrol-etiketi-kirmizi-x_23.07.2022_96d7f51.png 1000w\" sizes=\"auto, (max-width: 15px) 100vw, 15px\" \/><\/i>Seguro de viagem e pessoal<\/p>\n<p><i class=\"stt-icon-close\"><img loading=\"lazy\" decoding=\"async\" class=\"alignleft wp-image-9015\" src=\"https:\/\/sunsmiletravel.com\/wp-content\/uploads\/2024\/11\/kontrol-etiketi-kirmizi-x_23.07.2022_96d7f51-300x300.png\" alt=\"\" width=\"15\" height=\"15\" srcset=\"https:\/\/sunsmiletravel.com\/wp-content\/uploads\/2024\/11\/kontrol-etiketi-kirmizi-x_23.07.2022_96d7f51-300x300.png 300w, https:\/\/sunsmiletravel.com\/wp-content\/uploads\/2024\/11\/kontrol-etiketi-kirmizi-x_23.07.2022_96d7f51-100x100.png 100w, https:\/\/sunsmiletravel.com\/wp-content\/uploads\/2024\/11\/kontrol-etiketi-kirmizi-x_23.07.2022_96d7f51-800x800.png 800w, https:\/\/sunsmiletravel.com\/wp-content\/uploads\/2024\/11\/kontrol-etiketi-kirmizi-x_23.07.2022_96d7f51-150x150.png 150w, https:\/\/sunsmiletravel.com\/wp-content\/uploads\/2024\/11\/kontrol-etiketi-kirmizi-x_23.07.2022_96d7f51-768x768.png 768w, https:\/\/sunsmiletravel.com\/wp-content\/uploads\/2024\/11\/kontrol-etiketi-kirmizi-x_23.07.2022_96d7f51.png 1000w\" sizes=\"auto, (max-width: 15px) 100vw, 15px\" \/><\/i>Refei\u00e7\u00f5es opcionais, excurs\u00f5es, traslados, passeios etc. n\u00e3o especificados<\/p>\n<p><i class=\"stt-icon-close\"><img loading=\"lazy\" decoding=\"async\" class=\"alignleft wp-image-9015\" src=\"https:\/\/sunsmiletravel.com\/wp-content\/uploads\/2024\/11\/kontrol-etiketi-kirmizi-x_23.07.2022_96d7f51-300x300.png\" alt=\"\" width=\"15\" height=\"15\" srcset=\"https:\/\/sunsmiletravel.com\/wp-content\/uploads\/2024\/11\/kontrol-etiketi-kirmizi-x_23.07.2022_96d7f51-300x300.png 300w, https:\/\/sunsmiletravel.com\/wp-content\/uploads\/2024\/11\/kontrol-etiketi-kirmizi-x_23.07.2022_96d7f51-100x100.png 100w, https:\/\/sunsmiletravel.com\/wp-content\/uploads\/2024\/11\/kontrol-etiketi-kirmizi-x_23.07.2022_96d7f51-800x800.png 800w, https:\/\/sunsmiletravel.com\/wp-content\/uploads\/2024\/11\/kontrol-etiketi-kirmizi-x_23.07.2022_96d7f51-150x150.png 150w, https:\/\/sunsmiletravel.com\/wp-content\/uploads\/2024\/11\/kontrol-etiketi-kirmizi-x_23.07.2022_96d7f51-768x768.png 768w, https:\/\/sunsmiletravel.com\/wp-content\/uploads\/2024\/11\/kontrol-etiketi-kirmizi-x_23.07.2022_96d7f51.png 1000w\" sizes=\"auto, (max-width: 15px) 100vw, 15px\" \/><\/i>Dicas para o motorista e o guia tur\u00edstico<\/p>\n\t\t<\/div>\n\t\t\t\t\t<\/div>\n\n\t\n<\/div>\n<div class=\"row\"  id=\"row-1499059421\">\n\n\t<div id=\"col-53564228\" class=\"col small-12 large-12\"  >\n\t\t\t\t<div class=\"col-inner\"  >\n\t\t\t\n\t\t\t\n<h2 id=\"st-faq\" class=\"st-heading-section\">Perguntas frequentes<\/h2>\n<p>&#8211; \u00c9 necess\u00e1rio um dep\u00f3sito de 20% para a maioria dos passeios. &#8212; Usd&amp;Eur para pr\u00e9-pagamento (voc\u00ea pode pagar com o link de pagamento antecipado ou formul\u00e1rio de pagamento. <\/p>\n<p>&#8211; O saldo \u00e9 exigido na chegada \u00e0 Turquia, em d\u00f3lares e euros <strong>, em dinheiro ou cart\u00e3o de cr\u00e9dito<\/strong><\/p>\n<p><a href=\"https:\/\/sunsmiletravel.com\/tour\/advance-payment\/\">Link de pagamento avan\u00e7ado: https:\/\/sunsmiletravel.com\/tour\/advance-payment\/<\/a><\/p>\n\t\t<\/div>\n\t\t\t\t\t<\/div>\n\n\t\n<\/div>\n","protected":false},"excerpt":{"rendered":"<p>Dura\u00e7\u00e3o 1 dias Tipo de excurs\u00e3o Tour espec\u00edfico Tamanho do grupo 20 pessoas Idiomas Ingl\u00eas, espanhol Chin\u00eas, portugu\u00eas Passeio de meio dia \u00e0 tarde pelo B\u00f3sforo : O Pal\u00e1cio Dolmabah\u00e7e, localizado no distrito de Be\u015fikta\u015f, em Istambul, no lado europeu do Estreito de B\u00f3sforo, serviu como o principal centro administrativo do Imp\u00e9rio Otomano de 1856 [&#8230;]\n","protected":false},"featured_media":10266,"comment_status":"open","ping_status":"closed","template":"","meta":{"footnotes":""},"product_brand":[],"product_cat":[244],"product_tag":[],"class_list":{"0":"post-10323","1":"product","2":"type-product","3":"status-publish","4":"has-post-thumbnail","6":"product_cat-istambul","8":"first","9":"instock","10":"virtual","11":"sold-individually","12":"purchasable","13":"product-type-booking"},"_links":{"self":[{"href":"https:\/\/sunsmiletravel.com\/pt-br\/wp-json\/wp\/v2\/product\/10323","targetHints":{"allow":["GET"]}}],"collection":[{"href":"https:\/\/sunsmiletravel.com\/pt-br\/wp-json\/wp\/v2\/product"}],"about":[{"href":"https:\/\/sunsmiletravel.com\/pt-br\/wp-json\/wp\/v2\/types\/product"}],"replies":[{"embeddable":true,"href":"https:\/\/sunsmiletravel.com\/pt-br\/wp-json\/wp\/v2\/comments?post=10323"}],"version-history":[{"count":0,"href":"https:\/\/sunsmiletravel.com\/pt-br\/wp-json\/wp\/v2\/product\/10323\/revisions"}],"wp:featuredmedia":[{"embeddable":true,"href":"https:\/\/sunsmiletravel.com\/pt-br\/wp-json\/wp\/v2\/media\/10266"}],"wp:attachment":[{"href":"https:\/\/sunsmiletravel.com\/pt-br\/wp-json\/wp\/v2\/media?parent=10323"}],"wp:term":[{"taxonomy":"product_brand","embeddable":true,"href":"https:\/\/sunsmiletravel.com\/pt-br\/wp-json\/wp\/v2\/product_brand?post=10323"},{"taxonomy":"product_cat","embeddable":true,"href":"https:\/\/sunsmiletravel.com\/pt-br\/wp-json\/wp\/v2\/product_cat?post=10323"},{"taxonomy":"product_tag","embeddable":true,"href":"https:\/\/sunsmiletravel.com\/pt-br\/wp-json\/wp\/v2\/product_tag?post=10323"}],"curies":[{"name":"wp","href":"https:\/\/api.w.org\/{rel}","templated":true}]}}