{"id":11981,"date":"2024-12-31T12:59:11","date_gmt":"2024-12-31T09:59:11","guid":{"rendered":"https:\/\/sunsmiletravel.com\/%e6%89%98%e6%99%ae%e5%8d%a1%e5%b8%95%e5%ae%ab%e3%83%bb%e8%8b%8f%e4%b8%b9%e8%89%be%e5%93%88%e8%bf%88%e5%be%b7%e3%83%bb%e5%9c%a3%e7%b4%a2%e8%8f%b2%e4%ba%9a-%e5%85%a8%e5%8c%85%e4%b8%80%e6%97%a5%e6%b8%b8\/"},"modified":"2025-11-19T16:01:54","modified_gmt":"2025-11-19T13:01:54","slug":"%e6%89%98%e6%99%ae%e5%8d%a1%e5%b8%95%e5%ae%ab%e3%83%bb%e8%8b%8f%e4%b8%b9%e8%89%be%e5%93%88%e8%bf%88%e5%be%b7%e3%83%bb%e5%9c%a3%e7%b4%a2%e8%8f%b2%e4%ba%9a-%e5%85%a8%e5%8c%85%e4%b8%80%e6%97%a5%e6%b8%b8","status":"publish","type":"product","link":"https:\/\/sunsmiletravel.com\/pt-br\/%e6%89%98%e6%99%ae%e5%8d%a1%e5%b8%95%e5%ae%ab%e3%83%bb%e8%8b%8f%e4%b8%b9%e8%89%be%e5%93%88%e8%bf%88%e5%be%b7%e3%83%bb%e5%9c%a3%e7%b4%a2%e8%8f%b2%e4%ba%9a-%e5%85%a8%e5%8c%85%e4%b8%80%e6%97%a5%e6%b8%b8\/","title":{"rendered":"\u6258\u666e\u5361\u5e15\u5bab\u30fb\u82cf\u4e39\u827e\u54c8\u8fc8\u5fb7\u30fb\u5723\u7d22\u83f2\u4e9a \u5168\u5305\u4e00\u65e5\u6e38"},"content":{"rendered":"<div class=\"flex-shrink-0 flex flex-col relative items-end\">\n<div>\n<div class=\"pt-0\">\n<div class=\"gizmo-bot-avatar flex h-8 w-8 items-center justify-center overflow-hidden rounded-full\">\n<div class=\"relative p-1 rounded-sm flex items-center justify-center bg-token-main-surface-primary text-token-text-primary h-8 w-8\"><\/div>\n<\/div>\n<\/div>\n<\/div>\n<\/div>\n<div class=\"group\/conversation-turn relative flex w-full min-w-0 flex-col agent-turn\">\n<div class=\"flex-col gap-1 md:gap-3\">\n<div class=\"flex max-w-full flex-col flex-grow\">\n<div class=\"min-h-8 text-message flex w-full flex-col items-end gap-2 whitespace-normal break-words text-start [.text-message+&amp;]:mt-5\" dir=\"auto\" data-message-author-role=\"assistant\" data-message-id=\"655f469f-5db2-499e-a064-d7e20c6c9a38\" data-message-model-slug=\"gpt-4o-mini\">\n<div class=\"flex w-full flex-col gap-1 empty:hidden first:pt-[3px]\">\n<div class=\"markdown prose w-full break-words dark:prose-invert light\">\n<table style=\"width: 100%; border-collapse: collapse; text-align: center; border: none;\">\n<thead>\n<tr style=\"background-color: #f4f4f;\">\n<th style=\"padding: 8px; border: none;\"><img loading=\"lazy\" decoding=\"async\" class=\"wp-image-8991 aligncenter\" src=\"https:\/\/sunsmiletravel.com\/wp-content\/uploads\/2024\/11\/%E2%80%94Pngtree%E2%80%94vector-clock-_3787755-300x300.png\" alt=\"\" width=\"75\" height=\"75\"><\/th>\n<th style=\"padding: 8px; border: none;\"><img loading=\"lazy\" decoding=\"async\" class=\"wp-image-9003 aligncenter\" src=\"https:\/\/sunsmiletravel.com\/wp-content\/uploads\/2024\/11\/AdobeStock_295721492-300x281.jpeg\" alt=\"\" width=\"75\" height=\"70\" srcset=\"https:\/\/sunsmiletravel.com\/wp-content\/uploads\/2024\/11\/AdobeStock_295721492-300x281.jpeg 300w, https:\/\/sunsmiletravel.com\/wp-content\/uploads\/2024\/11\/AdobeStock_295721492-scaled-800x750.jpeg 800w, https:\/\/sunsmiletravel.com\/wp-content\/uploads\/2024\/11\/AdobeStock_295721492-1024x960.jpeg 1024w, https:\/\/sunsmiletravel.com\/wp-content\/uploads\/2024\/11\/AdobeStock_295721492-768x720.jpeg 768w, https:\/\/sunsmiletravel.com\/wp-content\/uploads\/2024\/11\/AdobeStock_295721492-1536x1440.jpeg 1536w, https:\/\/sunsmiletravel.com\/wp-content\/uploads\/2024\/11\/AdobeStock_295721492-2048x1920.jpeg 2048w\" sizes=\"auto, (max-width: 75px) 100vw, 75px\" \/><\/th>\n<th style=\"padding: 8px; border: none;\"><img loading=\"lazy\" decoding=\"async\" class=\"wp-image-9007 aligncenter\" src=\"https:\/\/sunsmiletravel.com\/wp-content\/uploads\/2024\/11\/%E2%80%94Pngtree%E2%80%94team-black-and-white-group_4154805-1-300x217.png\" alt=\"\" width=\"75\" height=\"54\"><\/th>\n<th style=\"padding: 8px; border: none;\"><img loading=\"lazy\" decoding=\"async\" class=\"wp-image-8995 aligncenter\" src=\"https:\/\/sunsmiletravel.com\/wp-content\/uploads\/2024\/11\/2793765-300x300.png\" alt=\"\" width=\"55\" height=\"55\" srcset=\"https:\/\/sunsmiletravel.com\/wp-content\/uploads\/2024\/11\/2793765-300x300.png 300w, https:\/\/sunsmiletravel.com\/wp-content\/uploads\/2024\/11\/2793765-100x100.png 100w, https:\/\/sunsmiletravel.com\/wp-content\/uploads\/2024\/11\/2793765-150x150.png 150w, https:\/\/sunsmiletravel.com\/wp-content\/uploads\/2024\/11\/2793765-510x510.png 510w, https:\/\/sunsmiletravel.com\/wp-content\/uploads\/2024\/11\/2793765.png 512w\" sizes=\"auto, (max-width: 55px) 100vw, 55px\" \/><\/th>\n<\/tr>\n<\/thead>\n<tbody>\n<tr>\n<td style=\"padding: 8px; border: none;\">\n<div class=\"name\" style=\"text-align: center;\"><strong>Dura\u00e7\u00e3o<\/strong><\/div>\n<p class=\"value\" style=\"text-align: center;\">1 dias<\/p>\n<\/td>\n<td style=\"padding: 8px; border: none;\">\n<div class=\"name\" style=\"text-align: center;\"><strong>Tipo de excurs\u00e3o<\/strong><\/div>\n<p class=\"value\" style=\"text-align: center;\">Tour espec\u00edfico<\/p>\n<\/td>\n<td style=\"padding: 8px; border: none;\">\n<div class=\"name\" style=\"text-align: center;\"><strong>Tamanho do grupo<\/strong><\/div>\n<p class=\"value\" style=\"text-align: center;\">20 pessoas<\/p>\n<\/td>\n<td style=\"padding: 8px; border: none;\">\n<div class=\"name\" style=\"text-align: center;\"><strong>Idiomas<\/strong><\/div>\n<p class=\"value\" style=\"text-align: center;\">Ingl\u00eas, espanhol<br \/>\nChin\u00eas, portugu\u00eas<\/p>\n<\/td>\n<\/tr>\n<\/tbody>\n<\/table>\n<h3><strong>Tour de Dia Inteiro Topkap\u0131, Sultanahmet &amp; Hagia Sophia<\/strong><\/h3>\n<h4>Vis\u00e3o Geral:<\/h4>\n<p>Tour de Dia Inteiro Topkap\u0131 Sultanahmet Hagia Sophia \u2013 Tudo Inclu\u00eddo:<br \/>Entre no cora\u00e7\u00e3o de Istambul e descubra a sua rica hist\u00f3ria com o nosso Tour de Dia Inteiro por Sultanahmet, Pal\u00e1cio de Topkap\u0131, Hagia Sophia e muito mais! Mergulhe na beleza atemporal destes marcos ic\u00f4nicos que contam a hist\u00f3ria do vibrante passado da cidade. <\/p>\n<p>Passeie pela Pra\u00e7a Sultanahmet, admire a deslumbrante c\u00fapula da Hagia Sophia e explore a grandiosidade do Pal\u00e1cio de Topkap\u0131. Viva a combina\u00e7\u00e3o \u00fanica de culturas, hist\u00f3ria e esplendor arquitet\u00f4nico que torna Istambul verdadeiramente especial. Este tour oferece a voc\u00ea a oportunidade perfeita para mergulhar profundamente na alma da cidade.  <\/p>\n<h4>Qu\u00e9 esperar:<\/h4>\n<p>Pal\u00e1cio de Topkap\u0131<br \/>\nO Pal\u00e1cio de Topkap\u0131 foi a antiga resid\u00eancia dos sult\u00f5es otomanos e o centro administrativo do imp\u00e9rio. Localizado no distrito de Fatih, este grandioso pal\u00e1cio abriga cole\u00e7\u00f5es magn\u00edficas de tesouros otomanos, rel\u00edquias sagradas e artefatos imperiais.<br \/>(Aten\u00e7\u00e3o: o Pal\u00e1cio de Topkap\u0131 fecha \u00e0s ter\u00e7as-feiras; nestes dias, visitaremos a Cisterna da Bas\u00edlica.)  <\/p>\n<p>Mesquita de Hagia Sophia<br \/>\nConstru\u00edda em 537 como uma catedral, transformada em mesquita em 1453 e posteriormente convertida em museu em 1935, a Hagia Sophia voltou a funcionar como mesquita. Sua arquitetura magn\u00edfica, especialmente a c\u00fapula ic\u00f4nica, \u00e9 algo que voc\u00ea n\u00e3o pode deixar de ver. <\/p>\n<p>Mesquita de Sultanahmet (Mesquita Azul)<br \/>\nFamosa pelos seus deslumbrantes azulejos azuis de \u0130znik e pelos seus seis imponentes minaretes, a Mesquita de Sultanahmet \u00e9 uma maravilha arquitet\u00f4nica conclu\u00edda em 1616. Sua atmosfera serena e seu design elegante fazem dela uma visita indispens\u00e1vel. <\/p>\n<p>Hip\u00f3dromo (Pra\u00e7a de Sultanahmet)<br \/>\nO Hip\u00f3dromo foi o centro do entretenimento bizantino e otomano. Hoje, a Pra\u00e7a de Sultanahmet abriga monumentos antigos, como o Obelisco de Teod\u00f3sio, a Coluna Serpentina e a Fonte Alem\u00e3. \u00c9 um lugar maravilhoso para apreciar a rica hist\u00f3ria da regi\u00e3o.  <\/p>\n<h4>N\u00e3o perca esta oportunidade de conhecer os destaques de Istambul em um dia inesquec\u00edvel. Reserve j\u00e1 o seu lugar e embarque em uma verdadeira viagem no tempo! <\/h4>\n<\/div>\n<\/div>\n<\/div>\n<\/div>\n<\/div>\n<\/div>\n<div class=\"row\"  id=\"row-468348965\">\n\n\t<div id=\"col-1070462584\" class=\"col medium-4 small-12 large-4\"  >\n\t\t\t\t<div class=\"col-inner\"  >\n\t\t\t\n\t\t\t\n<p><span style=\"color: #333333; font-size: 24.16px;\">Itiner\u00e1rio<\/span><\/p>\n<div class=\"included-excluded\" data-wp-editing=\"1\">\n<p><span style=\"color: #339966; font-size: 120%;\"><img loading=\"lazy\" decoding=\"async\" class=\"alignnone wp-image-9764\" src=\"https:\/\/sunsmiletravel.com\/wp-content\/uploads\/2024\/12\/25530-300x300.jpg\" alt=\"\" width=\"22\" height=\"22\" srcset=\"https:\/\/sunsmiletravel.com\/wp-content\/uploads\/2024\/12\/25530-300x300.jpg 300w, https:\/\/sunsmiletravel.com\/wp-content\/uploads\/2024\/12\/25530-scaled-100x100.jpg 100w, https:\/\/sunsmiletravel.com\/wp-content\/uploads\/2024\/12\/25530-scaled-800x800.jpg 800w, https:\/\/sunsmiletravel.com\/wp-content\/uploads\/2024\/12\/25530-1024x1024.jpg 1024w, https:\/\/sunsmiletravel.com\/wp-content\/uploads\/2024\/12\/25530-150x150.jpg 150w, https:\/\/sunsmiletravel.com\/wp-content\/uploads\/2024\/12\/25530-768x768.jpg 768w, https:\/\/sunsmiletravel.com\/wp-content\/uploads\/2024\/12\/25530-1536x1536.jpg 1536w, https:\/\/sunsmiletravel.com\/wp-content\/uploads\/2024\/12\/25530-2048x2048.jpg 2048w\" sizes=\"auto, (max-width: 22px) 100vw, 22px\" \/><\/span> Pal\u00e1cio de Topkap\u0131<\/p>\n<p><span style=\"color: #339966; font-size: 120%;\"><img loading=\"lazy\" decoding=\"async\" class=\"alignnone wp-image-9764\" src=\"https:\/\/sunsmiletravel.com\/wp-content\/uploads\/2024\/12\/25530-300x300.jpg\" alt=\"\" width=\"27\" height=\"27\" srcset=\"https:\/\/sunsmiletravel.com\/wp-content\/uploads\/2024\/12\/25530-300x300.jpg 300w, https:\/\/sunsmiletravel.com\/wp-content\/uploads\/2024\/12\/25530-scaled-100x100.jpg 100w, https:\/\/sunsmiletravel.com\/wp-content\/uploads\/2024\/12\/25530-scaled-800x800.jpg 800w, https:\/\/sunsmiletravel.com\/wp-content\/uploads\/2024\/12\/25530-1024x1024.jpg 1024w, https:\/\/sunsmiletravel.com\/wp-content\/uploads\/2024\/12\/25530-150x150.jpg 150w, https:\/\/sunsmiletravel.com\/wp-content\/uploads\/2024\/12\/25530-768x768.jpg 768w, https:\/\/sunsmiletravel.com\/wp-content\/uploads\/2024\/12\/25530-1536x1536.jpg 1536w, https:\/\/sunsmiletravel.com\/wp-content\/uploads\/2024\/12\/25530-2048x2048.jpg 2048w\" sizes=\"auto, (max-width: 27px) 100vw, 27px\" \/><\/span>Mesquita de Hagia Sophia<\/p>\n<p><span style=\"color: #339966; font-size: 120%;\"><img loading=\"lazy\" decoding=\"async\" class=\"alignnone wp-image-9764\" src=\"https:\/\/sunsmiletravel.com\/wp-content\/uploads\/2024\/12\/25530-300x300.jpg\" alt=\"\" width=\"27\" height=\"27\" srcset=\"https:\/\/sunsmiletravel.com\/wp-content\/uploads\/2024\/12\/25530-300x300.jpg 300w, https:\/\/sunsmiletravel.com\/wp-content\/uploads\/2024\/12\/25530-scaled-100x100.jpg 100w, https:\/\/sunsmiletravel.com\/wp-content\/uploads\/2024\/12\/25530-scaled-800x800.jpg 800w, https:\/\/sunsmiletravel.com\/wp-content\/uploads\/2024\/12\/25530-1024x1024.jpg 1024w, https:\/\/sunsmiletravel.com\/wp-content\/uploads\/2024\/12\/25530-150x150.jpg 150w, https:\/\/sunsmiletravel.com\/wp-content\/uploads\/2024\/12\/25530-768x768.jpg 768w, https:\/\/sunsmiletravel.com\/wp-content\/uploads\/2024\/12\/25530-1536x1536.jpg 1536w, https:\/\/sunsmiletravel.com\/wp-content\/uploads\/2024\/12\/25530-2048x2048.jpg 2048w\" sizes=\"auto, (max-width: 27px) 100vw, 27px\" \/><\/span>Mesquita de Sultanahmet (Mesquita Azul)<\/p>\n<p><span style=\"color: #339966; font-size: 120%;\"><img loading=\"lazy\" decoding=\"async\" class=\"alignnone wp-image-9764\" src=\"https:\/\/sunsmiletravel.com\/wp-content\/uploads\/2024\/12\/25530-300x300.jpg\" alt=\"\" width=\"27\" height=\"27\" srcset=\"https:\/\/sunsmiletravel.com\/wp-content\/uploads\/2024\/12\/25530-300x300.jpg 300w, https:\/\/sunsmiletravel.com\/wp-content\/uploads\/2024\/12\/25530-scaled-100x100.jpg 100w, https:\/\/sunsmiletravel.com\/wp-content\/uploads\/2024\/12\/25530-scaled-800x800.jpg 800w, https:\/\/sunsmiletravel.com\/wp-content\/uploads\/2024\/12\/25530-1024x1024.jpg 1024w, https:\/\/sunsmiletravel.com\/wp-content\/uploads\/2024\/12\/25530-150x150.jpg 150w, https:\/\/sunsmiletravel.com\/wp-content\/uploads\/2024\/12\/25530-768x768.jpg 768w, https:\/\/sunsmiletravel.com\/wp-content\/uploads\/2024\/12\/25530-1536x1536.jpg 1536w, https:\/\/sunsmiletravel.com\/wp-content\/uploads\/2024\/12\/25530-2048x2048.jpg 2048w\" sizes=\"auto, (max-width: 27px) 100vw, 27px\" \/><\/span>Hip\u00f3dromo (Pra\u00e7a de Sultanahmet)<\/p>\n<h4><\/h4>\n<p><strong> <\/strong><\/p>\n<\/div>\n\t\t<\/div>\n\t\t\t\t\t<\/div>\n\n\t\n\n\t<div id=\"col-265200636\" class=\"col medium-4 small-12 large-4\"  >\n\t\t\t\t<div class=\"col-inner\"  >\n\t\t\t\n\t\t\t\n<p><span style=\"color: #333333; font-size: 24.16px;\">Inclu\u00eddo<\/span><\/p>\n<div class=\"included-excluded\" data-wp-editing=\"1\">\n<p><span style=\"color: #339966; font-size: 120%;\"><img loading=\"lazy\" decoding=\"async\" class=\"alignnone wp-image-9011\" src=\"https:\/\/sunsmiletravel.com\/wp-content\/uploads\/2024\/11\/png-transparent-right-mark-tick-thumbnail-300x295.png\" alt=\"\" width=\"22\" height=\"21\" srcset=\"https:\/\/sunsmiletravel.com\/wp-content\/uploads\/2024\/11\/png-transparent-right-mark-tick-thumbnail-300x295.png 300w, https:\/\/sunsmiletravel.com\/wp-content\/uploads\/2024\/11\/png-transparent-right-mark-tick-thumbnail-100x100.png 100w, https:\/\/sunsmiletravel.com\/wp-content\/uploads\/2024\/11\/png-transparent-right-mark-tick-thumbnail-150x150.png 150w, https:\/\/sunsmiletravel.com\/wp-content\/uploads\/2024\/11\/png-transparent-right-mark-tick-thumbnail.png 360w\" sizes=\"auto, (max-width: 22px) 100vw, 22px\" \/> <\/span>Transporte em \u00f4nibus com ar-condicionado durante todo o tour.<\/p>\n<p><span style=\"color: #339966; font-size: 120%;\"><img loading=\"lazy\" decoding=\"async\" class=\"alignnone wp-image-9011\" src=\"https:\/\/sunsmiletravel.com\/wp-content\/uploads\/2024\/11\/png-transparent-right-mark-tick-thumbnail-300x295.png\" alt=\"\" width=\"22\" height=\"21\" srcset=\"https:\/\/sunsmiletravel.com\/wp-content\/uploads\/2024\/11\/png-transparent-right-mark-tick-thumbnail-300x295.png 300w, https:\/\/sunsmiletravel.com\/wp-content\/uploads\/2024\/11\/png-transparent-right-mark-tick-thumbnail-100x100.png 100w, https:\/\/sunsmiletravel.com\/wp-content\/uploads\/2024\/11\/png-transparent-right-mark-tick-thumbnail-150x150.png 150w, https:\/\/sunsmiletravel.com\/wp-content\/uploads\/2024\/11\/png-transparent-right-mark-tick-thumbnail.png 360w\" sizes=\"auto, (max-width: 22px) 100vw, 22px\" \/>Refei\u00e7\u00f5es locais padr\u00e3o e passeios tur\u00edsticos.<\/span><\/p>\n<p><span style=\"color: #339966; font-size: 120%;\"><img loading=\"lazy\" decoding=\"async\" class=\"alignnone wp-image-9011\" src=\"https:\/\/sunsmiletravel.com\/wp-content\/uploads\/2024\/11\/png-transparent-right-mark-tick-thumbnail-300x295.png\" alt=\"\" width=\"22\" height=\"21\" srcset=\"https:\/\/sunsmiletravel.com\/wp-content\/uploads\/2024\/11\/png-transparent-right-mark-tick-thumbnail-300x295.png 300w, https:\/\/sunsmiletravel.com\/wp-content\/uploads\/2024\/11\/png-transparent-right-mark-tick-thumbnail-100x100.png 100w, https:\/\/sunsmiletravel.com\/wp-content\/uploads\/2024\/11\/png-transparent-right-mark-tick-thumbnail-150x150.png 150w, https:\/\/sunsmiletravel.com\/wp-content\/uploads\/2024\/11\/png-transparent-right-mark-tick-thumbnail.png 360w\" sizes=\"auto, (max-width: 22px) 100vw, 22px\" \/>Guia tur\u00edstico licenciado que fala Ingl\u00eas, Chin\u00eas, Portugu\u00eas e Espanhol.<br \/>\n<\/span><\/p>\n<p><span style=\"color: #339966; font-size: 120%;\"><img loading=\"lazy\" decoding=\"async\" class=\"alignnone wp-image-9011\" src=\"https:\/\/sunsmiletravel.com\/wp-content\/uploads\/2024\/11\/png-transparent-right-mark-tick-thumbnail-300x295.png\" alt=\"\" width=\"22\" height=\"21\" srcset=\"https:\/\/sunsmiletravel.com\/wp-content\/uploads\/2024\/11\/png-transparent-right-mark-tick-thumbnail-300x295.png 300w, https:\/\/sunsmiletravel.com\/wp-content\/uploads\/2024\/11\/png-transparent-right-mark-tick-thumbnail-100x100.png 100w, https:\/\/sunsmiletravel.com\/wp-content\/uploads\/2024\/11\/png-transparent-right-mark-tick-thumbnail-150x150.png 150w, https:\/\/sunsmiletravel.com\/wp-content\/uploads\/2024\/11\/png-transparent-right-mark-tick-thumbnail.png 360w\" sizes=\"auto, (max-width: 22px) 100vw, 22px\" \/> Almo\u00e7o<\/span><br \/>\n<br \/><span style=\"color: #339966; font-size: 120%;\"> <img loading=\"lazy\" decoding=\"async\" class=\"alignnone wp-image-9011\" src=\"https:\/\/sunsmiletravel.com\/wp-content\/uploads\/2024\/11\/png-transparent-right-mark-tick-thumbnail-300x295.png\" alt=\"\" width=\"22\" height=\"21\" srcset=\"https:\/\/sunsmiletravel.com\/wp-content\/uploads\/2024\/11\/png-transparent-right-mark-tick-thumbnail-300x295.png 300w, https:\/\/sunsmiletravel.com\/wp-content\/uploads\/2024\/11\/png-transparent-right-mark-tick-thumbnail-100x100.png 100w, https:\/\/sunsmiletravel.com\/wp-content\/uploads\/2024\/11\/png-transparent-right-mark-tick-thumbnail-150x150.png 150w, https:\/\/sunsmiletravel.com\/wp-content\/uploads\/2024\/11\/png-transparent-right-mark-tick-thumbnail.png 360w\" sizes=\"auto, (max-width: 22px) 100vw, 22px\" \/><\/span>Taxas de ingresso dos museus<\/p>\n<\/div>\n\t\t<\/div>\n\t\t\t\t\t<\/div>\n\n\t\n\n\t<div id=\"col-395098190\" class=\"col medium-4 small-12 large-4\"  >\n\t\t\t\t<div class=\"col-inner\"  >\n\t\t\t\n\t\t\t\n<h2 id=\"headingInExClude\" class=\"st-heading-section\">Exclu\u00eddos<\/h2>\n<p><i class=\"stt-icon-close\"><img loading=\"lazy\" decoding=\"async\" class=\"alignleft wp-image-9015\" src=\"https:\/\/sunsmiletravel.com\/wp-content\/uploads\/2024\/11\/kontrol-etiketi-kirmizi-x_23.07.2022_96d7f51-300x300.png\" alt=\"\" width=\"15\" height=\"15\" srcset=\"https:\/\/sunsmiletravel.com\/wp-content\/uploads\/2024\/11\/kontrol-etiketi-kirmizi-x_23.07.2022_96d7f51-300x300.png 300w, https:\/\/sunsmiletravel.com\/wp-content\/uploads\/2024\/11\/kontrol-etiketi-kirmizi-x_23.07.2022_96d7f51-100x100.png 100w, https:\/\/sunsmiletravel.com\/wp-content\/uploads\/2024\/11\/kontrol-etiketi-kirmizi-x_23.07.2022_96d7f51-800x800.png 800w, https:\/\/sunsmiletravel.com\/wp-content\/uploads\/2024\/11\/kontrol-etiketi-kirmizi-x_23.07.2022_96d7f51-150x150.png 150w, https:\/\/sunsmiletravel.com\/wp-content\/uploads\/2024\/11\/kontrol-etiketi-kirmizi-x_23.07.2022_96d7f51-768x768.png 768w, https:\/\/sunsmiletravel.com\/wp-content\/uploads\/2024\/11\/kontrol-etiketi-kirmizi-x_23.07.2022_96d7f51.png 1000w\" sizes=\"auto, (max-width: 15px) 100vw, 15px\" \/><\/i>Refrescos l\u00edquidos durante passeios e refei\u00e7\u00f5es<\/p>\n<p><i class=\"stt-icon-close\"><img loading=\"lazy\" decoding=\"async\" class=\"alignleft wp-image-9015\" src=\"https:\/\/sunsmiletravel.com\/wp-content\/uploads\/2024\/11\/kontrol-etiketi-kirmizi-x_23.07.2022_96d7f51-300x300.png\" alt=\"\" width=\"15\" height=\"15\" srcset=\"https:\/\/sunsmiletravel.com\/wp-content\/uploads\/2024\/11\/kontrol-etiketi-kirmizi-x_23.07.2022_96d7f51-300x300.png 300w, https:\/\/sunsmiletravel.com\/wp-content\/uploads\/2024\/11\/kontrol-etiketi-kirmizi-x_23.07.2022_96d7f51-100x100.png 100w, https:\/\/sunsmiletravel.com\/wp-content\/uploads\/2024\/11\/kontrol-etiketi-kirmizi-x_23.07.2022_96d7f51-800x800.png 800w, https:\/\/sunsmiletravel.com\/wp-content\/uploads\/2024\/11\/kontrol-etiketi-kirmizi-x_23.07.2022_96d7f51-150x150.png 150w, https:\/\/sunsmiletravel.com\/wp-content\/uploads\/2024\/11\/kontrol-etiketi-kirmizi-x_23.07.2022_96d7f51-768x768.png 768w, https:\/\/sunsmiletravel.com\/wp-content\/uploads\/2024\/11\/kontrol-etiketi-kirmizi-x_23.07.2022_96d7f51.png 1000w\" sizes=\"auto, (max-width: 15px) 100vw, 15px\" \/><\/i>Passeios opcionais<\/p>\n<p><i class=\"stt-icon-close\"><img loading=\"lazy\" decoding=\"async\" class=\"alignleft wp-image-9015\" src=\"https:\/\/sunsmiletravel.com\/wp-content\/uploads\/2024\/11\/kontrol-etiketi-kirmizi-x_23.07.2022_96d7f51-300x300.png\" alt=\"\" width=\"15\" height=\"15\" srcset=\"https:\/\/sunsmiletravel.com\/wp-content\/uploads\/2024\/11\/kontrol-etiketi-kirmizi-x_23.07.2022_96d7f51-300x300.png 300w, https:\/\/sunsmiletravel.com\/wp-content\/uploads\/2024\/11\/kontrol-etiketi-kirmizi-x_23.07.2022_96d7f51-100x100.png 100w, https:\/\/sunsmiletravel.com\/wp-content\/uploads\/2024\/11\/kontrol-etiketi-kirmizi-x_23.07.2022_96d7f51-800x800.png 800w, https:\/\/sunsmiletravel.com\/wp-content\/uploads\/2024\/11\/kontrol-etiketi-kirmizi-x_23.07.2022_96d7f51-150x150.png 150w, https:\/\/sunsmiletravel.com\/wp-content\/uploads\/2024\/11\/kontrol-etiketi-kirmizi-x_23.07.2022_96d7f51-768x768.png 768w, https:\/\/sunsmiletravel.com\/wp-content\/uploads\/2024\/11\/kontrol-etiketi-kirmizi-x_23.07.2022_96d7f51.png 1000w\" sizes=\"auto, (max-width: 15px) 100vw, 15px\" \/><\/i>Despesas pessoais<\/p>\n<p><i class=\"stt-icon-close\"><img loading=\"lazy\" decoding=\"async\" class=\"alignleft wp-image-9015\" src=\"https:\/\/sunsmiletravel.com\/wp-content\/uploads\/2024\/11\/kontrol-etiketi-kirmizi-x_23.07.2022_96d7f51-300x300.png\" alt=\"\" width=\"15\" height=\"15\" srcset=\"https:\/\/sunsmiletravel.com\/wp-content\/uploads\/2024\/11\/kontrol-etiketi-kirmizi-x_23.07.2022_96d7f51-300x300.png 300w, https:\/\/sunsmiletravel.com\/wp-content\/uploads\/2024\/11\/kontrol-etiketi-kirmizi-x_23.07.2022_96d7f51-100x100.png 100w, https:\/\/sunsmiletravel.com\/wp-content\/uploads\/2024\/11\/kontrol-etiketi-kirmizi-x_23.07.2022_96d7f51-800x800.png 800w, https:\/\/sunsmiletravel.com\/wp-content\/uploads\/2024\/11\/kontrol-etiketi-kirmizi-x_23.07.2022_96d7f51-150x150.png 150w, https:\/\/sunsmiletravel.com\/wp-content\/uploads\/2024\/11\/kontrol-etiketi-kirmizi-x_23.07.2022_96d7f51-768x768.png 768w, https:\/\/sunsmiletravel.com\/wp-content\/uploads\/2024\/11\/kontrol-etiketi-kirmizi-x_23.07.2022_96d7f51.png 1000w\" sizes=\"auto, (max-width: 15px) 100vw, 15px\" \/><\/i>Dicas para o motorista e o guia tur\u00edstico<\/p>\n\t\t<\/div>\n\t\t\t\t\t<\/div>\n\n\t\n<\/div>\n<div class=\"row\"  id=\"row-1612813071\">\n\n\t<div id=\"col-412691695\" class=\"col small-12 large-12\"  >\n\t\t\t\t<div class=\"col-inner\"  >\n\t\t\t\n\t\t\t\n<h2 id=\"st-faq\" class=\"st-heading-section\">Perguntas frequentes<\/h2>\n<p>&#8211; \u00c9 necess\u00e1rio um dep\u00f3sito de 20% para a maioria dos passeios. &#8212; Usd&amp;Eur para pr\u00e9-pagamento (voc\u00ea pode pagar com o link de pagamento antecipado ou formul\u00e1rio de pagamento. <\/p>\n<p>&#8211; O saldo \u00e9 exigido na chegada \u00e0 Turquia, em d\u00f3lares e euros <strong>, em dinheiro ou cart\u00e3o de cr\u00e9dito<\/strong><\/p>\n<p><a href=\"https:\/\/sunsmiletravel.com\/tour\/advance-payment\/\">Link de pagamento avan\u00e7ado: https:\/\/sunsmiletravel.com\/tour\/advance-payment\/<\/a><\/p>\n\t\t<\/div>\n\t\t\t\t\t<\/div>\n\n\t\n<\/div>\n","protected":false},"excerpt":{"rendered":"<p>Dura\u00e7\u00e3o 1 dias Tipo de excurs\u00e3o Tour espec\u00edfico Tamanho do grupo 20 pessoas Idiomas Ingl\u00eas, espanhol Chin\u00eas, portugu\u00eas Tour de Dia Inteiro Topkap\u0131, Sultanahmet &amp; Hagia Sophia Vis\u00e3o Geral: Tour de Dia Inteiro Topkap\u0131 Sultanahmet Hagia Sophia \u2013 Tudo Inclu\u00eddo:Entre no cora\u00e7\u00e3o de Istambul e descubra a sua rica hist\u00f3ria com o nosso Tour de [&#8230;]\n","protected":false},"featured_media":10182,"comment_status":"open","ping_status":"closed","template":"","meta":{"footnotes":""},"product_brand":[],"product_cat":[244],"product_tag":[],"class_list":{"0":"post-11981","1":"product","2":"type-product","3":"status-publish","4":"has-post-thumbnail","6":"product_cat-istambul","8":"first","9":"instock","10":"virtual","11":"sold-individually","12":"purchasable","13":"product-type-booking"},"_links":{"self":[{"href":"https:\/\/sunsmiletravel.com\/pt-br\/wp-json\/wp\/v2\/product\/11981","targetHints":{"allow":["GET"]}}],"collection":[{"href":"https:\/\/sunsmiletravel.com\/pt-br\/wp-json\/wp\/v2\/product"}],"about":[{"href":"https:\/\/sunsmiletravel.com\/pt-br\/wp-json\/wp\/v2\/types\/product"}],"replies":[{"embeddable":true,"href":"https:\/\/sunsmiletravel.com\/pt-br\/wp-json\/wp\/v2\/comments?post=11981"}],"version-history":[{"count":0,"href":"https:\/\/sunsmiletravel.com\/pt-br\/wp-json\/wp\/v2\/product\/11981\/revisions"}],"wp:featuredmedia":[{"embeddable":true,"href":"https:\/\/sunsmiletravel.com\/pt-br\/wp-json\/wp\/v2\/media\/10182"}],"wp:attachment":[{"href":"https:\/\/sunsmiletravel.com\/pt-br\/wp-json\/wp\/v2\/media?parent=11981"}],"wp:term":[{"taxonomy":"product_brand","embeddable":true,"href":"https:\/\/sunsmiletravel.com\/pt-br\/wp-json\/wp\/v2\/product_brand?post=11981"},{"taxonomy":"product_cat","embeddable":true,"href":"https:\/\/sunsmiletravel.com\/pt-br\/wp-json\/wp\/v2\/product_cat?post=11981"},{"taxonomy":"product_tag","embeddable":true,"href":"https:\/\/sunsmiletravel.com\/pt-br\/wp-json\/wp\/v2\/product_tag?post=11981"}],"curies":[{"name":"wp","href":"https:\/\/api.w.org\/{rel}","templated":true}]}}