{"id":12033,"date":"2025-07-23T17:18:26","date_gmt":"2025-07-23T14:18:26","guid":{"rendered":"https:\/\/sunsmiletravel.com\/transfer-privado-da-capadocia-para-kusadasi\/"},"modified":"2025-07-23T17:18:26","modified_gmt":"2025-07-23T14:18:26","slug":"transfer-privado-da-capadocia-para-kusadasi","status":"publish","type":"product","link":"https:\/\/sunsmiletravel.com\/pt-br\/transfer-privado-da-capadocia-para-kusadasi\/","title":{"rendered":"Transfer Privado da Capad\u00f3cia para Ku\u015fadas\u0131"},"content":{"rendered":"<h3 data-start=\"194\" data-end=\"280\"><strong data-start=\"198\" data-end=\"280\">Transfer Privado da Capad\u00f3cia para Ku\u015fadas\u0131 \u2013 Conforto de Longa Dist\u00e2ncia com Facilidade<\/p>\n<p><\/strong><\/h3>\n<p data-start=\"282\" data-end=\"535\">Viajando das paisagens surreais da Capad\u00f3cia para a costa do Egeu? Oferecemos um transfer privado, seguro e flex\u00edvel da Capad\u00f3cia para a cidade litor\u00e2nea de Ku\u015fadas\u0131, ideal para viajantes que seguem para \u00c9feso, resorts de praia ou terminais de cruzeiros. <\/p>\n<p data-start=\"537\" data-end=\"683\">Esque\u00e7a os \u00f4nibus lotados, os hor\u00e1rios apertados e as conex\u00f5es confusas \u2014 viaje do seu jeito com o nosso servi\u00e7o porta a porta em um ve\u00edculo moderno e confort\u00e1vel.<\/p>\n<hr data-start=\"685\" data-end=\"688\">\n<h3 data-start=\"690\" data-end=\"710\">O que est\u00e1 inclu\u00eddo:<\/h3>\n<ul data-start=\"712\" data-end=\"1392\">\n<li data-start=\"712\" data-end=\"826\">\n<p data-start=\"714\" data-end=\"826\">Pick-up em qualquer lugar da Capad\u00f3cia: hot\u00e9is em G\u00f6reme, \u00dcrg\u00fcp, Avanos ou aeroportos (Nev\u015fehir NAV ou Kayseri ASR).<\/p>\n<\/li>\n<li data-start=\"827\" data-end=\"903\">\n<p data-start=\"829\" data-end=\"903\">Drop-off em qualquer lugar de Ku\u015fadas\u0131: hot\u00e9is, resid\u00eancias particulares ou porto de cruzeiros.<\/p>\n<\/li>\n<li data-start=\"904\" data-end=\"1003\">\n<p data-start=\"906\" data-end=\"1003\">Ve\u00edculo privado: sedan ou minivan com ar-condicionado, portas USB e espa\u00e7o para a sua bagagem.<\/p>\n<\/li>\n<li data-start=\"1004\" data-end=\"1100\">\n<p data-start=\"1006\" data-end=\"1100\">Hor\u00e1rio flex\u00edvel: escolha o hor\u00e1rio de partida que preferir \u2014 manh\u00e3, tarde ou noite.<\/p>\n<\/li>\n<li data-start=\"1101\" data-end=\"1205\">\n<p data-start=\"1103\" data-end=\"1205\">Friendly local drivers: Experienced, English-speaking drivers who know the best stops and routes<\/p>\n<\/li>\n<li data-start=\"1206\" data-end=\"1330\">\n<p data-start=\"1208\" data-end=\"1330\">Desvios opcionais: quer visitar Pamukkale, Afrod\u00edsias ou fazer uma parada para uma refei\u00e7\u00e3o local? Teremos prazer em personalizar a rota. <\/p>\n<\/li>\n<li data-start=\"1331\" data-end=\"1392\">\n<p data-start=\"1333\" data-end=\"1392\">Pre\u00e7os transparentes: sem taxas ocultas, sem altera\u00e7\u00f5es de \u00faltima hora.<\/p>\n<\/li>\n<\/ul>\n<hr data-start=\"1394\" data-end=\"1397\">\n<h3 data-start=\"1399\" data-end=\"1417\">Detalhes da Viagem<\/h3>\n<ul data-start=\"1419\" data-end=\"1526\">\n<li data-start=\"1419\" data-end=\"1455\">\n<p data-start=\"1421\" data-end=\"1455\">Dist\u00e2ncia: aprox. 750\u2013780 km <\/p>\n<\/li>\n<li data-start=\"1456\" data-end=\"1526\">\n<p data-start=\"1458\" data-end=\"1526\">Dura\u00e7\u00e3o: cerca de 9 a 10 horas (dependendo do tr\u00e2nsito e das pausas)<\/p>\n<\/li>\n<\/ul>\n<hr data-start=\"1528\" data-end=\"1531\">\n<h3 data-start=\"1533\" data-end=\"1547\">Ideal para:<\/h3>\n<ul data-start=\"1549\" data-end=\"1793\">\n<li data-start=\"1549\" data-end=\"1623\">\n<p data-start=\"1551\" data-end=\"1623\">Fam\u00edlias ou pequenos grupos a caminho de Ku\u015fadas\u0131, \u00c9feso ou navios de cruzeiro.<\/p>\n<\/li>\n<li data-start=\"1624\" data-end=\"1673\">\n<p data-start=\"1626\" data-end=\"1673\">Casais que desejam uma viagem relaxante e com belas paisagens.<\/p>\n<\/li>\n<li data-start=\"1674\" data-end=\"1738\">\n<p data-start=\"1676\" data-end=\"1738\">Viajantes que desejam evitar \u00f4nibus noturnos ou hor\u00e1rios de viagem apertados<\/p>\n<\/li>\n<li data-start=\"1739\" data-end=\"1793\">\n<p data-start=\"1741\" data-end=\"1793\">Qualquer pessoa que prefere conforto, privacidade e flexibilidade.<\/p>\n<\/li>\n<\/ul>\n<hr data-start=\"1795\" data-end=\"1798\">\n<h3 data-start=\"1800\" data-end=\"1823\">Reserva Simples e R\u00e1pida<\/h3>\n<p data-start=\"1825\" data-end=\"2006\">Envie-nos uma mensagem pelo WhatsApp: +90 552 804 5590<br data-start=\"1876\" data-end=\"1879\">Informe a data da sua viagem, o local de pick-up e o n\u00famero de passageiros.<br data-start=\"1948\" data-end=\"1951\">Responderemos rapidamente com um or\u00e7amento e as op\u00e7\u00f5es dispon<\/p>\n<p data-start=\"2008\" data-end=\"2097\">Precisa de uma cadeirinha infantil, Wi-Fi ou uma parada para passeio no caminho? \u00c9 s\u00f3 nos avisar! <\/p>\n","protected":false},"excerpt":{"rendered":"<p>Transfer Privado da Capad\u00f3cia para Ku\u015fadas\u0131 \u2013 Conforto de Longa Dist\u00e2ncia com Facilidade Viajando das paisagens surreais da Capad\u00f3cia para a costa do Egeu? Oferecemos um transfer privado, seguro e flex\u00edvel da Capad\u00f3cia para a cidade litor\u00e2nea de Ku\u015fadas\u0131, ideal para viajantes que seguem para \u00c9feso, resorts de praia ou terminais de cruzeiros. Esque\u00e7a os [&#8230;]\n","protected":false},"featured_media":11524,"comment_status":"open","ping_status":"closed","template":"","meta":{"footnotes":""},"product_brand":[],"product_cat":[201],"product_tag":[],"class_list":{"0":"post-12033","1":"product","2":"type-product","3":"status-publish","4":"has-post-thumbnail","6":"product_cat-uncategorized-pt-br","8":"first","9":"instock","10":"virtual","11":"sold-individually","12":"purchasable","13":"product-type-booking"},"_links":{"self":[{"href":"https:\/\/sunsmiletravel.com\/pt-br\/wp-json\/wp\/v2\/product\/12033","targetHints":{"allow":["GET"]}}],"collection":[{"href":"https:\/\/sunsmiletravel.com\/pt-br\/wp-json\/wp\/v2\/product"}],"about":[{"href":"https:\/\/sunsmiletravel.com\/pt-br\/wp-json\/wp\/v2\/types\/product"}],"replies":[{"embeddable":true,"href":"https:\/\/sunsmiletravel.com\/pt-br\/wp-json\/wp\/v2\/comments?post=12033"}],"version-history":[{"count":0,"href":"https:\/\/sunsmiletravel.com\/pt-br\/wp-json\/wp\/v2\/product\/12033\/revisions"}],"wp:featuredmedia":[{"embeddable":true,"href":"https:\/\/sunsmiletravel.com\/pt-br\/wp-json\/wp\/v2\/media\/11524"}],"wp:attachment":[{"href":"https:\/\/sunsmiletravel.com\/pt-br\/wp-json\/wp\/v2\/media?parent=12033"}],"wp:term":[{"taxonomy":"product_brand","embeddable":true,"href":"https:\/\/sunsmiletravel.com\/pt-br\/wp-json\/wp\/v2\/product_brand?post=12033"},{"taxonomy":"product_cat","embeddable":true,"href":"https:\/\/sunsmiletravel.com\/pt-br\/wp-json\/wp\/v2\/product_cat?post=12033"},{"taxonomy":"product_tag","embeddable":true,"href":"https:\/\/sunsmiletravel.com\/pt-br\/wp-json\/wp\/v2\/product_tag?post=12033"}],"curies":[{"name":"wp","href":"https:\/\/api.w.org\/{rel}","templated":true}]}}