{"id":12094,"date":"2025-07-23T14:05:24","date_gmt":"2025-07-23T11:05:24","guid":{"rendered":"https:\/\/sunsmiletravel.com\/transfer-privado-da-capadocia-para-antalia\/"},"modified":"2025-12-13T17:35:05","modified_gmt":"2025-12-13T14:35:05","slug":"transfer-privado-da-capadocia-para-antalia","status":"publish","type":"product","link":"https:\/\/sunsmiletravel.com\/pt-br\/transfer-privado-da-capadocia-para-antalia\/","title":{"rendered":"Transfer Privado da Capad\u00f3cia para Ant\u00e1lia"},"content":{"rendered":"<h3 data-start=\"159\" data-end=\"240\"><strong data-start=\"163\" data-end=\"240\">Transfer Privado da Capad\u00f3cia para Ant\u00e1lia \u2013 Viaje com Conforto e Estilo<\/strong><\/h3>\n<p data-start=\"242\" data-end=\"427\">Saindo das paisagens \u00fanicas da Capad\u00f3cia em dire\u00e7\u00e3o \u00e0 ensolarada costa mediterr\u00e2nea de Ant\u00e1lia? Oferecemos um transfer privado, seguro e conveniente de longa dist\u00e2ncia, adaptado \u00e0s suas necessidades. <\/p>\n<p data-start=\"429\" data-end=\"558\">Skip the crowded buses and complicated transfers \u2014 travel stress-free with door-to-door service in a modern, comfortable vehicle.<\/p>\n<hr data-start=\"560\" data-end=\"563\">\n<h3 data-start=\"565\" data-end=\"582\">O que oferecemos<\/h3>\n<ul data-start=\"584\" data-end=\"1263\">\n<li data-start=\"584\" data-end=\"702\">\n<p data-start=\"586\" data-end=\"702\">Pick-up em qualquer lugar da Capad\u00f3cia: hot\u00e9is em G\u00f6reme, \u00dcrg\u00fcp, Avanos ou aeroportos (Nev\u015fehir NAV \/ Kayseri ASR).<\/p>\n<\/li>\n<li data-start=\"703\" data-end=\"780\">\n<p data-start=\"705\" data-end=\"780\">Drop-off em qualquer lugar de Ant\u00e1lia: hot\u00e9is, resid\u00eancias ou Aeroporto de Ant\u00e1lia (AYT).<\/p>\n<\/li>\n<li data-start=\"781\" data-end=\"882\">\n<p data-start=\"783\" data-end=\"882\">Ve\u00edculos privados: carros ou minivans limpos, com ar-condicionado, carregadores USB e espa\u00e7o para bagagem.<\/p>\n<\/li>\n<li data-start=\"883\" data-end=\"985\">\n<p data-start=\"885\" data-end=\"985\">Seu hor\u00e1rio, do seu jeito: escolha o hor\u00e1rio de partida que preferir \u2014 manh\u00e3, tarde ou noite.<\/p>\n<\/li>\n<li data-start=\"986\" data-end=\"1091\">\n<p data-start=\"988\" data-end=\"1091\">Motoristas experientes: motoristas simp\u00e1ticos e profissionais, familiarizados com a rota e com paradas opcionais.<\/p>\n<\/li>\n<li data-start=\"1092\" data-end=\"1207\">\n<p data-start=\"1094\" data-end=\"1207\">Viagem flex\u00edvel: quer parar no Lago Salgado (Tuz G\u00f6l\u00fc) ou visitar Konya? Podemos ajustar a rota de acordo com as suas prefer\u00eancias. <\/p>\n<\/li>\n<li data-start=\"1208\" data-end=\"1263\">\n<p data-start=\"1210\" data-end=\"1263\">Pre\u00e7o fixo: sem custos ocultos ou taxas surpresa.<\/p>\n<\/li>\n<\/ul>\n<hr data-start=\"1265\" data-end=\"1268\">\n<h3 data-start=\"1270\" data-end=\"1285\">Informa\u00e7\u00f5es da Viagem<\/h3>\n<ul data-start=\"1287\" data-end=\"1373\">\n<li data-start=\"1287\" data-end=\"1322\">\n<p data-start=\"1289\" data-end=\"1322\">Dist\u00e2ncia: cerca de 550\u2013580 km<\/p>\n<\/li>\n<li data-start=\"1323\" data-end=\"1373\">\n<p data-start=\"1325\" data-end=\"1373\">Dura\u00e7\u00e3o: 7\u20138 horas (com paradas, se desejar)<\/p>\n<\/li>\n<\/ul>\n<hr data-start=\"1375\" data-end=\"1378\">\n<h3 data-start=\"1380\" data-end=\"1396\">Perfeito para:<\/h3>\n<ul data-start=\"1398\" data-end=\"1626\">\n<li data-start=\"1398\" data-end=\"1464\">\n<p data-start=\"1400\" data-end=\"1464\">Viajantes que procuram um trajeto relaxante e direto at\u00e9 a costa.<\/p>\n<\/li>\n<li data-start=\"1465\" data-end=\"1503\">\n<p data-start=\"1467\" data-end=\"1503\">Fam\u00edlias, casais ou pequenos grupos.<\/p>\n<\/li>\n<li data-start=\"1504\" data-end=\"1568\">\n<p data-start=\"1506\" data-end=\"1568\">Aqueles que seguem para resorts ou est\u00e3o come\u00e7ando umas f\u00e9rias no Mediterr\u00e2neo.<\/p>\n<\/li>\n<li data-start=\"1569\" data-end=\"1626\">\n<p data-start=\"1571\" data-end=\"1626\">H\u00f3spedes que desejam evitar transporte p\u00fablico ou \u00f4nibus noturnos.<\/p>\n<\/li>\n<\/ul>\n<hr data-start=\"1628\" data-end=\"1631\">\n<h3 data-start=\"1633\" data-end=\"1652\">Reserva F\u00e1c\u0130l<\/h3>\n<p data-start=\"1654\" data-end=\"1835\">Basta enviar-nos uma mensagem pelo WhatsApp: +90 552 804 5590 com a data da sua viagem, o local de pick-up e o n\u00famero de passageiros.<br data-start=\"1777\" data-end=\"1780\">Entraremos em contato rapidamente com um or\u00e7amento e as op\u00e7\u00f5es dispon\u00edveis.<\/p>\n<p data-start=\"1837\" data-end=\"1907\">Precisa de extras como cadeirinha infantil ou conex\u00e3o Wi-Fi? \u00c9 s\u00f3 nos avisar! <\/p>\n<div class=\"row\"  id=\"row-1786252308\">\n<p data-start=\"2748\" data-end=\"2776\">\n\t<div id=\"col-278743216\" class=\"col medium-4 small-12 large-4\"  >\n\t\t\t\t<div class=\"col-inner\"  >\n\t\t\t\n\t\t\t\n<h4 data-start=\"2778\" data-end=\"2802\">Por que viajar conosco?<\/h4>\n<ul data-start=\"2804\" data-end=\"2964\">\n<li data-start=\"2804\" data-end=\"2849\">\n<p data-start=\"2806\" data-end=\"2849\">Ag\u00eancia de viagens licenciada e equipe experiente<\/p>\n<\/li>\n<li data-start=\"2850\" data-end=\"2888\">\n<p data-start=\"2852\" data-end=\"2888\">100% privado \u2014 sem transfers compartilhados<\/p>\n<\/li>\n<li data-start=\"2889\" data-end=\"2928\">\n<p data-start=\"2891\" data-end=\"2928\">Pre\u00e7os transparentes \u2014 sem taxas ocultas<\/p>\n<\/li>\n<li data-start=\"2929\" data-end=\"2964\">\n<p data-start=\"2931\" data-end=\"2964\">Motoristas simp\u00e1ticos e suporte 24\/7<\/p>\n<\/li>\n<\/ul>\n\t\t<\/div>\n\t\t\t\t\t<\/div>\n\n\t\n\n\t<div id=\"col-685190547\" class=\"col medium-4 small-12 large-4\"  >\n\t\t\t\t<div class=\"col-inner\"  >\n\t\t\t\n\t\t\t\n<h4 data-start=\"3003\" data-end=\"3019\">Como reservar<\/h4>\n<p data-start=\"3021\" data-end=\"3082\">Reservar o seu transfer da Capad\u00f3cia para Pamukkale \u00e9 f\u00e1cil:<\/p>\n<ul data-start=\"3084\" data-end=\"3247\">\n<li data-start=\"3084\" data-end=\"3132\">\n<p data-start=\"3086\" data-end=\"3132\">Envie-nos uma mensagem pelo WhatsApp: +90 552 804 5590<\/p>\n<\/li>\n<li data-start=\"3133\" data-end=\"3196\">\n<p data-start=\"3135\" data-end=\"3196\">Informe a data da sua viagem, o ponto de pick-up e o n\u00famero de passageiros.<\/p>\n<\/li>\n<li data-start=\"3197\" data-end=\"3247\">\n<p data-start=\"3199\" data-end=\"3247\">Receba um or\u00e7amento e confirme a sua reserva instantaneamente.<\/p>\n<\/li>\n<\/ul>\n<p data-start=\"3249\" data-end=\"3316\">Receba um or\u00e7amento e confirme a sua reserva instantaneamente.<\/p>\n\t\t<\/div>\n\t\t\t\t\t<\/div>\n\n\t\n\n\t<div id=\"col-860860944\" class=\"col medium-4 small-12 large-4\"  >\n\t\t\t\t<div class=\"col-inner\"  >\n\t\t\t\n\t\t\t\n<h4 data-start=\"3355\" data-end=\"3384\">Servi\u00e7os Extras Dispon\u00edveis<\/h4>\n<ul data-start=\"3386\" data-end=\"3593\">\n<li data-start=\"3386\" data-end=\"3423\">\n<p data-start=\"3388\" data-end=\"3423\">Wi-Fi a bordo (mediante solicita\u00e7\u00e3o)<\/p>\n<\/li>\n<li data-start=\"3424\" data-end=\"3466\">\n<p data-start=\"3426\" data-end=\"3466\">Cadeirinhas infantis dispon\u00edveis (mediante solicita\u00e7\u00e3o)<\/p>\n<\/li>\n<li data-start=\"3467\" data-end=\"3519\">\n<p data-start=\"3469\" data-end=\"3519\">Paradas guiadas \u2014 explore Afrod\u00edsias no caminho<\/p>\n<\/li>\n<li data-start=\"3520\" data-end=\"3593\">\n<p data-start=\"3522\" data-end=\"3593\">Itiner\u00e1rio flex\u00edvel \u2014 combine com op\u00e7\u00f5es de hotel ou tour em Pamukkale<\/p>\n<\/li>\n<\/ul>\n\t\t<\/div>\n\t\t\t\t\t<\/div>\n\n\t\n<\/div>\n","protected":false},"excerpt":{"rendered":"<p>Transfer Privado da Capad\u00f3cia para Ant\u00e1lia \u2013 Viaje com Conforto e Estilo Saindo das paisagens \u00fanicas da Capad\u00f3cia em dire\u00e7\u00e3o \u00e0 ensolarada costa mediterr\u00e2nea de Ant\u00e1lia? Oferecemos um transfer privado, seguro e conveniente de longa dist\u00e2ncia, adaptado \u00e0s suas necessidades. Skip the crowded buses and complicated transfers \u2014 travel stress-free with door-to-door service in a [&#8230;]\n","protected":false},"featured_media":11511,"comment_status":"open","ping_status":"closed","template":"","meta":{"footnotes":""},"product_brand":[],"product_cat":[201],"product_tag":[],"class_list":{"0":"post-12094","1":"product","2":"type-product","3":"status-publish","4":"has-post-thumbnail","6":"product_cat-uncategorized-pt-br","8":"first","9":"instock","10":"shipping-taxable","11":"product-type-simple"},"_links":{"self":[{"href":"https:\/\/sunsmiletravel.com\/pt-br\/wp-json\/wp\/v2\/product\/12094","targetHints":{"allow":["GET"]}}],"collection":[{"href":"https:\/\/sunsmiletravel.com\/pt-br\/wp-json\/wp\/v2\/product"}],"about":[{"href":"https:\/\/sunsmiletravel.com\/pt-br\/wp-json\/wp\/v2\/types\/product"}],"replies":[{"embeddable":true,"href":"https:\/\/sunsmiletravel.com\/pt-br\/wp-json\/wp\/v2\/comments?post=12094"}],"version-history":[{"count":0,"href":"https:\/\/sunsmiletravel.com\/pt-br\/wp-json\/wp\/v2\/product\/12094\/revisions"}],"wp:featuredmedia":[{"embeddable":true,"href":"https:\/\/sunsmiletravel.com\/pt-br\/wp-json\/wp\/v2\/media\/11511"}],"wp:attachment":[{"href":"https:\/\/sunsmiletravel.com\/pt-br\/wp-json\/wp\/v2\/media?parent=12094"}],"wp:term":[{"taxonomy":"product_brand","embeddable":true,"href":"https:\/\/sunsmiletravel.com\/pt-br\/wp-json\/wp\/v2\/product_brand?post=12094"},{"taxonomy":"product_cat","embeddable":true,"href":"https:\/\/sunsmiletravel.com\/pt-br\/wp-json\/wp\/v2\/product_cat?post=12094"},{"taxonomy":"product_tag","embeddable":true,"href":"https:\/\/sunsmiletravel.com\/pt-br\/wp-json\/wp\/v2\/product_tag?post=12094"}],"curies":[{"name":"wp","href":"https:\/\/api.w.org\/{rel}","templated":true}]}}