{"id":12104,"date":"2025-07-23T11:34:31","date_gmt":"2025-07-23T08:34:31","guid":{"rendered":"https:\/\/sunsmiletravel.com\/junte-se-ao-transfer-privado-da-capadocia-para-ancara\/"},"modified":"2025-12-15T17:27:11","modified_gmt":"2025-12-15T14:27:11","slug":"junte-se-ao-transfer-privado-da-capadocia-para-ancara","status":"publish","type":"product","link":"https:\/\/sunsmiletravel.com\/pt-br\/junte-se-ao-transfer-privado-da-capadocia-para-ancara\/","title":{"rendered":"Junte-se ao Transfer Privado da Capad\u00f3cia para Ancara"},"content":{"rendered":"<h2 data-start=\"148\" data-end=\"245\"><strong data-start=\"151\" data-end=\"245\">Transfer Privado da Capad\u00f3cia para Ancara \u2013 Viagem Confort\u00e1vel, Personalizada e Sem Preocupa\u00e7\u00f5es<\/strong><\/h2>\n<p data-start=\"247\" data-end=\"439\">Planejando viajar da Capad\u00f3cia para Ancara?<br data-start=\"296\" data-end=\"299\">Oferecemos um servi\u00e7o de transfer privado, seguro e flex\u00edvel da regi\u00e3o m\u00e1gica da Capad\u00f3cia at\u00e9 a vibrante capital da Turquia, Ancara.<\/p>\n<p data-start=\"441\" data-end=\"710\">Planejando viajar da Capad\u00f3cia para Ancara?<br \/>Oferecemos um servi\u00e7o de transfer privado, seguro e flex\u00edvel da regi\u00e3o m\u00e1gica da Capad\u00f3cia at\u00e9 a vibrante capital da Turquia, Ancara. <\/p>\n<hr data-start=\"712\" data-end=\"715\">\n<h3 data-start=\"717\" data-end=\"781\">Planejando viajar da Capad\u00f3cia para Ancara?<br \/>Oferecemos um servi\u00e7o de transfer privado, seguro e flex\u00edvel da regi\u00e3o m\u00e1gica da Capad\u00f3cia at\u00e9 a vibrante capital da Turquia, Ancara.<\/h3>\n<p data-start=\"783\" data-end=\"901\">Viajar entre a Capad\u00f3cia e Ancara leva cerca de 4 a 5 horas, e o seu conforto \u00e9 fundamental. Veja o que nos diferencia: <\/p>\n<ul data-start=\"903\" data-end=\"1553\">\n<li data-start=\"903\" data-end=\"1048\">\n<p data-start=\"905\" data-end=\"1048\">Pick-up e drop-off diretos \u2014 do seu hotel ou aeroporto na Capad\u00f3cia (Nev\u015fehir NAV ou Kayseri ASR) at\u00e9 o destino escolhido em Ancara.<\/p>\n<\/li>\n<li data-start=\"1049\" data-end=\"1168\">\n<p data-start=\"1051\" data-end=\"1168\">Ve\u00edculos modernos \u2014 sed\u00e3s ou minivans confort\u00e1veis, com ar-condicionado, carregadores USB e amplo espa\u00e7o para bagagem.<\/p>\n<\/li>\n<li data-start=\"1169\" data-end=\"1263\">\n<p data-start=\"1171\" data-end=\"1263\">Hor\u00e1rios de partida flex\u00edveis \u2014 manh\u00e3, tarde ou noite; voc\u00ea escolhe o que funciona melhor.<\/p>\n<\/li>\n<li data-start=\"1264\" data-end=\"1356\">\n<p data-start=\"1266\" data-end=\"1356\">Motoristas profissionais \u2014 motoristas simp\u00e1ticos e licenciados, que conhecem bem a rota e as paradas locais.<\/p>\n<\/li>\n<li data-start=\"1357\" data-end=\"1490\">\n<p data-start=\"1359\" data-end=\"1490\"><strong data-start=\"1359\" data-end=\"1381\">Optional stopovers<\/strong> \u2013 Interested in a break at Salt Lake (Tuz G\u00f6l\u00fc) or a traditional Turkish lunch? We can customize the route <\/p>\n<\/li>\n<li data-start=\"1491\" data-end=\"1553\">\n<p data-start=\"1493\" data-end=\"1553\">Pre\u00e7o fixo \u2014 sem taxas ocultas ou surpresas de \u00faltima hora.<\/p>\n<\/li>\n<\/ul>\n<hr data-start=\"1555\" data-end=\"1558\">\n<h2 data-start=\"1560\" data-end=\"1601\">\ud83d\ude97 Detalhes da Rota: Capad\u00f3cia \u2192 Ancara<\/h2>\n<ul data-start=\"1603\" data-end=\"1899\">\n<li data-start=\"1603\" data-end=\"1639\">\n<p data-start=\"1605\" data-end=\"1639\">Dist\u00e2ncia: aprox. 280\u2013320 km <\/p>\n<\/li>\n<li data-start=\"1640\" data-end=\"1716\">\n<p data-start=\"1642\" data-end=\"1716\">Tempo estimado de viagem: 4 a 5 horas (dependendo das paradas e do tr\u00e2nsito)<\/p>\n<\/li>\n<li data-start=\"1717\" data-end=\"1789\">\n<p data-start=\"1719\" data-end=\"1789\">Pontos de pick-up: G\u00f6reme, \u00dcrg\u00fcp, Avanos ou aeroportos da Capad\u00f3cia<\/p>\n<\/li>\n<li data-start=\"1790\" data-end=\"1899\">\n<p data-start=\"1792\" data-end=\"1899\">Pontos de drop-off: em qualquer lugar de Ancara \u2014 hot\u00e9is, resid\u00eancias, Aeroporto de Esenbo\u011fa (ESB) ou endere\u00e7os comerciais.<\/p>\n<\/li>\n<\/ul>\n<hr data-start=\"1901\" data-end=\"1904\">\n<h2 data-start=\"1906\" data-end=\"1922\">\ud83d\udc6a Ideal para:<\/h2>\n<ul data-start=\"1924\" data-end=\"2157\">\n<li data-start=\"1924\" data-end=\"1983\">\n<p data-start=\"1926\" data-end=\"1983\">Casais ou fam\u00edlias que buscam conforto em viagens de longa dist\u00e2ncia.<\/p>\n<\/li>\n<li data-start=\"1984\" data-end=\"2034\">\n<p data-start=\"1986\" data-end=\"2034\">Viajantes que v\u00e3o pegar um voo ou trem em Ancara.<\/p>\n<\/li>\n<li data-start=\"2035\" data-end=\"2098\">\n<p data-start=\"2037\" data-end=\"2098\">H\u00f3spedes que desejam evitar o estresse de terminais rodovi\u00e1rios ou viagens noturnas.<\/p>\n<\/li>\n<li data-start=\"2099\" data-end=\"2157\">\n<p data-start=\"2101\" data-end=\"2157\">Viajantes a neg\u00f3cios que precisam de confiabilidade e pontualidade.<\/p>\n<\/li>\n<\/ul>\n<hr data-start=\"2159\" data-end=\"2162\">\n<h2 data-start=\"2164\" data-end=\"2230\">\ud83c\udf1f Viaje da Capad\u00f3cia para Ancara com Conforto e Confian\u00e7a<\/h2>\n<p data-start=\"2232\" data-end=\"2384\">Deixe sua jornada pela Turquia fazer parte da experi\u00eancia \u2014 e n\u00e3o um inc\u00f4modo. Nossos transfers privados s\u00e3o projetados para tornar sua viagem sem estresse e agrad\u00e1vel. <\/p>\n<p data-start=\"2386\" data-end=\"2446\"><strong data-start=\"2386\" data-end=\"2446\">Voc\u00ea relaxa e aproveita a viagem \u2014 n\u00f3s cuidamos do caminho.<\/strong><\/p>\n<hr data-start=\"2448\" data-end=\"2451\">\n<h3 data-start=\"2510\" data-end=\"2533\">Por que viajar conosco?<\/h3>\n<ul data-start=\"2535\" data-end=\"2701\">\n<li data-start=\"2535\" data-end=\"2577\">\n<p data-start=\"2537\" data-end=\"2577\">Ag\u00eancia de viagens licenciada e especialistas locais<\/p>\n<\/li>\n<li data-start=\"2578\" data-end=\"2617\">\n<p data-start=\"2580\" data-end=\"2617\">Transfers 100% privados \u2014 sem compartilhamento<\/p>\n<\/li>\n<li data-start=\"2618\" data-end=\"2659\">\n<p data-start=\"2620\" data-end=\"2659\">Pre\u00e7os transparentes e assist\u00eancia 24\/7<\/p>\n<\/li>\n<li data-start=\"2660\" data-end=\"2701\">\n<p data-start=\"2662\" data-end=\"2701\">Motoristas experientes que falam ingl\u00eas<\/p>\n<\/li>\n<\/ul>\n<h3 data-start=\"2749\" data-end=\"2764\">Como reservar<\/h3>\n<p data-start=\"2766\" data-end=\"2964\">Reservar o seu transfer privado \u00e9 f\u00e1cil:<br data-start=\"2804\" data-end=\"2807\">\ud83d\udcf1 Envie-nos uma mensagem pelo WhatsApp: +90 552 804 5590<br data-start=\"2854\" data-end=\"2857\">\ud83d\udcc5 Informe a data da sua viagem, o ponto de pick-up e o n\u00famero de passageiros<br data-start=\"2923\" data-end=\"2926\">\u2705 Receba o seu or\u00e7amento e confirme instantaneamente<\/p>\n<p data-start=\"2966\" data-end=\"3043\">Voc\u00ea tamb\u00e9m pode preencher o formul\u00e1rio de solicita\u00e7\u00e3o em nosso site \u2014 respondemos rapidamente!<\/p>\n<h3 data-start=\"3091\" data-end=\"3119\">Servi\u00e7os Extras Dispon\u00edveis<\/h3>\n<ul data-start=\"3121\" data-end=\"3258\">\n<li data-start=\"3121\" data-end=\"3154\">\n<p data-start=\"3123\" data-end=\"3154\">Wi-Fi no ve\u00edculo (mediante solicita\u00e7\u00e3o)<\/p>\n<\/li>\n<li data-start=\"3155\" data-end=\"3180\">\n<p data-start=\"3157\" data-end=\"3180\">Cadeirinhas infantis dispon\u00edveis<\/p>\n<\/li>\n<li data-start=\"3181\" data-end=\"3216\">\n<p data-start=\"3183\" data-end=\"3216\">Parada para fotos no Lago Salgado (opcional)<\/p>\n<\/li>\n<li data-start=\"3217\" data-end=\"3258\">\n<p data-start=\"3219\" data-end=\"3258\">Hor\u00e1rios e locais de drop-off flex\u00edveis<\/p>\n<\/li>\n<\/ul>\n<div class=\"row\"  id=\"row-165482188\">\n<p data-start=\"2748\" data-end=\"2776\">\n\t<div id=\"col-1418749956\" class=\"col medium-4 small-12 large-4\"  >\n\t\t\t\t<div class=\"col-inner\"  >\n\t\t\t\n\t\t\t\n<h4 data-start=\"2778\" data-end=\"2802\">Por que viajar conosco?<\/h4>\n<ul data-start=\"2804\" data-end=\"2964\">\n<li data-start=\"2804\" data-end=\"2849\">\n<p data-start=\"2806\" data-end=\"2849\">Ag\u00eancia de viagens licenciada e equipe experiente<\/p>\n<\/li>\n<li data-start=\"2850\" data-end=\"2888\">\n<p data-start=\"2852\" data-end=\"2888\">100% privado \u2014 sem transfers compartilhados<\/p>\n<\/li>\n<li data-start=\"2889\" data-end=\"2928\">\n<p data-start=\"2891\" data-end=\"2928\">Pre\u00e7os transparentes \u2014 sem taxas ocultas<\/p>\n<\/li>\n<li data-start=\"2929\" data-end=\"2964\">\n<p data-start=\"2931\" data-end=\"2964\">Motoristas simp\u00e1ticos e suporte 24\/7<\/p>\n<\/li>\n<\/ul>\n\t\t<\/div>\n\t\t\t\t\t<\/div>\n\n\t\n\n\t<div id=\"col-940531533\" class=\"col medium-4 small-12 large-4\"  >\n\t\t\t\t<div class=\"col-inner\"  >\n\t\t\t\n\t\t\t\n<h4 data-start=\"3003\" data-end=\"3019\">Como reservar<\/h4>\n<p data-start=\"3021\" data-end=\"3082\">Reservar o seu transfer da Capad\u00f3cia para Pamukkale \u00e9 f\u00e1cil:<\/p>\n<ul data-start=\"3084\" data-end=\"3247\">\n<li data-start=\"3084\" data-end=\"3132\">\n<p data-start=\"3086\" data-end=\"3132\">Envie-nos uma mensagem pelo WhatsApp: +90 552 804 5590<\/p>\n<\/li>\n<li data-start=\"3133\" data-end=\"3196\">\n<p data-start=\"3135\" data-end=\"3196\">Informe a data da sua viagem, o ponto de pick-up e o n\u00famero de passageiros.<\/p>\n<\/li>\n<li data-start=\"3197\" data-end=\"3247\">\n<p data-start=\"3199\" data-end=\"3247\">Receba um or\u00e7amento e confirme a sua reserva instantaneamente.<\/p>\n<\/li>\n<\/ul>\n<p data-start=\"3249\" data-end=\"3316\">Receba um or\u00e7amento e confirme a sua reserva instantaneamente.<\/p>\n\t\t<\/div>\n\t\t\t\t\t<\/div>\n\n\t\n\n\t<div id=\"col-1077819411\" class=\"col medium-4 small-12 large-4\"  >\n\t\t\t\t<div class=\"col-inner\"  >\n\t\t\t\n\t\t\t\n<h4 data-start=\"3355\" data-end=\"3384\">Servi\u00e7os Extras Dispon\u00edveis<\/h4>\n<ul data-start=\"3386\" data-end=\"3593\">\n<li data-start=\"3386\" data-end=\"3423\">\n<p data-start=\"3388\" data-end=\"3423\">Wi-Fi a bordo (mediante solicita\u00e7\u00e3o)<\/p>\n<\/li>\n<li data-start=\"3424\" data-end=\"3466\">\n<p data-start=\"3426\" data-end=\"3466\">Cadeirinhas infantis dispon\u00edveis (mediante solicita\u00e7\u00e3o)<\/p>\n<\/li>\n<li data-start=\"3467\" data-end=\"3519\">\n<p data-start=\"3469\" data-end=\"3519\">Paradas guiadas \u2014 explore Afrod\u00edsias no caminho<\/p>\n<\/li>\n<li data-start=\"3520\" data-end=\"3593\">\n<p data-start=\"3522\" data-end=\"3593\">Itiner\u00e1rio flex\u00edvel \u2014 combine com op\u00e7\u00f5es de hotel ou tour em Pamukkale<\/p>\n<\/li>\n<\/ul>\n\t\t<\/div>\n\t\t\t\t\t<\/div>\n\n\t\n<\/div>\n","protected":false},"excerpt":{"rendered":"<p>Transfer Privado da Capad\u00f3cia para Ancara \u2013 Viagem Confort\u00e1vel, Personalizada e Sem Preocupa\u00e7\u00f5es Planejando viajar da Capad\u00f3cia para Ancara?Oferecemos um servi\u00e7o de transfer privado, seguro e flex\u00edvel da regi\u00e3o m\u00e1gica da Capad\u00f3cia at\u00e9 a vibrante capital da Turquia, Ancara. Planejando viajar da Capad\u00f3cia para Ancara?Oferecemos um servi\u00e7o de transfer privado, seguro e flex\u00edvel da regi\u00e3o [&#8230;]\n","protected":false},"featured_media":11503,"comment_status":"open","ping_status":"closed","template":"","meta":{"footnotes":""},"product_brand":[],"product_cat":[201],"product_tag":[],"class_list":{"0":"post-12104","1":"product","2":"type-product","3":"status-publish","4":"has-post-thumbnail","6":"product_cat-uncategorized-pt-br","8":"first","9":"instock","10":"virtual","11":"sold-individually","12":"purchasable","13":"product-type-booking"},"_links":{"self":[{"href":"https:\/\/sunsmiletravel.com\/pt-br\/wp-json\/wp\/v2\/product\/12104","targetHints":{"allow":["GET"]}}],"collection":[{"href":"https:\/\/sunsmiletravel.com\/pt-br\/wp-json\/wp\/v2\/product"}],"about":[{"href":"https:\/\/sunsmiletravel.com\/pt-br\/wp-json\/wp\/v2\/types\/product"}],"replies":[{"embeddable":true,"href":"https:\/\/sunsmiletravel.com\/pt-br\/wp-json\/wp\/v2\/comments?post=12104"}],"version-history":[{"count":0,"href":"https:\/\/sunsmiletravel.com\/pt-br\/wp-json\/wp\/v2\/product\/12104\/revisions"}],"wp:featuredmedia":[{"embeddable":true,"href":"https:\/\/sunsmiletravel.com\/pt-br\/wp-json\/wp\/v2\/media\/11503"}],"wp:attachment":[{"href":"https:\/\/sunsmiletravel.com\/pt-br\/wp-json\/wp\/v2\/media?parent=12104"}],"wp:term":[{"taxonomy":"product_brand","embeddable":true,"href":"https:\/\/sunsmiletravel.com\/pt-br\/wp-json\/wp\/v2\/product_brand?post=12104"},{"taxonomy":"product_cat","embeddable":true,"href":"https:\/\/sunsmiletravel.com\/pt-br\/wp-json\/wp\/v2\/product_cat?post=12104"},{"taxonomy":"product_tag","embeddable":true,"href":"https:\/\/sunsmiletravel.com\/pt-br\/wp-json\/wp\/v2\/product_tag?post=12104"}],"curies":[{"name":"wp","href":"https:\/\/api.w.org\/{rel}","templated":true}]}}