{"id":12311,"date":"2026-03-05T15:05:26","date_gmt":"2026-03-05T12:05:26","guid":{"rendered":"https:\/\/sunsmiletravel.com\/transfer-particular-no-aeroporto-de-istambul\/"},"modified":"2026-03-05T15:05:26","modified_gmt":"2026-03-05T12:05:26","slug":"transfer-particular-no-aeroporto-de-istambul","status":"publish","type":"product","link":"https:\/\/sunsmiletravel.com\/pt-br\/transfer-particular-no-aeroporto-de-istambul\/","title":{"rendered":"Transfer Particular no Aeroporto de Istambul"},"content":{"rendered":"<h1 data-start=\"133\" data-end=\"217\">7 raz\u00f5es pelas quais o transfer particular no aeroporto de Istambul \u00e9 a melhor forma de come\u00e7ar a sua viagem<\/h1>\n<p data-start=\"219\" data-end=\"598\">Viajar para Istambul \u00e9 uma experi\u00eancia inesquec\u00edvel. A cidade conecta a Europa e a \u00c1sia, oferecendo uma combina\u00e7\u00e3o \u00fanica de hist\u00f3ria, cultura e vida moderna. No entanto, chegar a um aeroporto movimentado em uma cidade t\u00e3o grande pode ser cansativo. \u00c9 por isso que reservar um <strong data-start=\"490\" data-end=\"527\">transfer particular no aeroporto de Istambul<\/strong> \u00e9 uma das decis\u00f5es mais inteligentes que voc\u00ea pode tomar ao planejar a sua viagem.   <\/p>\n<p data-start=\"600\" data-end=\"931\">Um <strong data-start=\"603\" data-end=\"640\">transfer particular no aeroporto de Istambul<\/strong> oferece uma forma confort\u00e1vel, segura e sem estresse de viajar do Aeroporto de Istambul (IST) ou do Aeroporto Sabiha G\u00f6k\u00e7en (SAW) para o seu hotel. Em vez de lidar com o transporte p\u00fablico lotado ou esperar em longas filas de t\u00e1xi, voc\u00ea aproveita um servi\u00e7o porta a porta tranquilo com um motorista profissional. <\/p>\n<p data-start=\"933\" data-end=\"1054\">Neste post, vamos explorar os motivos mais importantes pelos quais os viajantes preferem transfers particulares em Istambul.<\/p>\n<h2 data-start=\"1061\" data-end=\"1095\">Ve\u00edculos confort\u00e1veis e de luxo<\/h2>\n<p data-start=\"1097\" data-end=\"1321\">Uma das maiores vantagens de reservar um <strong data-start=\"1141\" data-end=\"1178\">transfer particular no aeroporto de Istambul<\/strong> \u00e9 o conforto dos ve\u00edculos modernos. Ap\u00f3s um longo voo internacional, a \u00faltima coisa que os viajantes querem \u00e9 se espremer em um \u00f4nibus ou metr\u00f4 lotado. <\/p>\n<p data-start=\"1323\" data-end=\"1628\">Os servi\u00e7os de transfer particular geralmente oferecem ve\u00edculos de luxo, como as vans Mercedes Vito ou Mercedes Sprinter. Esses ve\u00edculos oferecem assentos espa\u00e7osos, ar-condicionado e muito espa\u00e7o para bagagem. N\u00e3o importa se voc\u00ea est\u00e1 viajando sozinho, com a fam\u00edlia ou em grupo, o transfer particular garante uma jornada confort\u00e1vel.  <\/p>\n<h2 data-start=\"1635\" data-end=\"1676\">Chegada ao aeroporto sem estresse<\/h2>\n<p data-start=\"1678\" data-end=\"1841\">Os aeroportos de Istambul est\u00e3o entre os mais movimentados do mundo. Para quem visita a cidade pela primeira vez, se localizar no aeroporto e encontrar transporte pode ser confuso. <\/p>\n<p data-start=\"1843\" data-end=\"2104\">Com um <strong data-start=\"1851\" data-end=\"1888\">transfer particular no aeroporto de Istambul<\/strong>, o seu motorista estar\u00e1 te esperando no port\u00e3o de desembarque com uma placa com o seu nome. Esse servi\u00e7o de recep\u00e7\u00e3o torna o processo extremamente f\u00e1cil e elimina o estresse de buscar transporte ap\u00f3s o pouso. <\/p>\n<p data-start=\"2106\" data-end=\"2196\">O seu motorista tamb\u00e9m vai te ajudar com as malas e te guiar diretamente ao ve\u00edculo.<\/p>\n<hr data-start=\"2198\" data-end=\"2201\">\n<h2 data-start=\"2203\" data-end=\"2233\">Transporte porta a porta<\/h2>\n<p data-start=\"2235\" data-end=\"2359\">Outra vantagem importante de escolher um <strong data-start=\"2278\" data-end=\"2315\">transfer particular no aeroporto de Istambul<\/strong> \u00e9 a conveni\u00eancia do servi\u00e7o porta a porta.<\/p>\n<p data-start=\"2361\" data-end=\"2604\">Em vez de parar em v\u00e1rios locais, como nos servi\u00e7os de translado compartilhado, o transfer particular te leva direto do aeroporto para o seu hotel ou acomoda\u00e7\u00e3o. Isso economiza tempo e garante que voc\u00ea chegue ao seu destino de forma r\u00e1pida e confort\u00e1vel. <\/p>\n<p data-start=\"2606\" data-end=\"2685\">Esse servi\u00e7o \u00e9 especialmente \u00fatil se voc\u00ea estiver hospedado em \u00e1reas populares como:<\/p>\n<ul data-start=\"2687\" data-end=\"2749\">\n<li data-start=\"2687\" data-end=\"2702\">\n<p data-start=\"2689\" data-end=\"2702\">Sultanahmet<\/p>\n<\/li>\n<li data-start=\"2703\" data-end=\"2713\">\n<p data-start=\"2705\" data-end=\"2713\">Taksim<\/p>\n<\/li>\n<li data-start=\"2714\" data-end=\"2724\">\n<p data-start=\"2716\" data-end=\"2724\">Galata<\/p>\n<\/li>\n<li data-start=\"2725\" data-end=\"2736\">\n<p data-start=\"2727\" data-end=\"2736\">Karak\u00f6y<\/p>\n<\/li>\n<li data-start=\"2737\" data-end=\"2749\">\n<p data-start=\"2739\" data-end=\"2749\">Be\u015fikta\u015f<\/p>\n<\/li>\n<\/ul>\n<hr data-start=\"2751\" data-end=\"2754\">\n<h2 data-start=\"2756\" data-end=\"2791\">Pre\u00e7os fixos e sem custos ocultos<\/h2>\n<p data-start=\"2793\" data-end=\"2986\">As tarifas de t\u00e1xi em cidades grandes podem ser imprevis\u00edveis devido ao tr\u00e2nsito ou taxas adicionais. Quando voc\u00ea reserva um <strong data-start=\"2917\" data-end=\"2954\">transfer particular no aeroporto de Istambul<\/strong>, o pre\u00e7o \u00e9 fixado com anteced\u00eancia. <\/p>\n<p data-start=\"2988\" data-end=\"3169\">Isso significa que voc\u00ea sabe exatamente quanto vai pagar antes da viagem come\u00e7ar. N\u00e3o h\u00e1 taxas ocultas, surpresas ou estresse com o tax\u00edmetro subindo no tr\u00e2nsito pesado. <\/p>\n<p data-start=\"3171\" data-end=\"3264\">Essa transpar\u00eancia \u00e9 um dos principais motivos pelos quais muitos viajantes preferem os transfers particulares.<\/p>\n<hr data-start=\"3266\" data-end=\"3269\">\n<h2 data-start=\"3271\" data-end=\"3302\">Servi\u00e7o 24\/7 para todos os voos<\/h2>\n<p data-start=\"3304\" data-end=\"3466\">Os voos chegam a Istambul a qualquer hora do dia ou da noite. Um servi\u00e7o confi\u00e1vel de <strong data-start=\"3377\" data-end=\"3414\">transfer particular no aeroporto de Istambul<\/strong> opera 24 horas por dia, sete dias por semana. <\/p>\n<p data-start=\"3468\" data-end=\"3687\">N\u00e3o importa se o seu voo pousa de madrugada ou tarde da noite, o seu motorista vai monitorar o voo e ajustar o hor\u00e1rio de busca, se necess\u00e1rio. Essa flexibilidade garante que o seu transfer esteja sempre pronto quando voc\u00ea chegar. <\/p>\n<hr data-start=\"3689\" data-end=\"3692\">\n<h2 data-start=\"3694\" data-end=\"3733\">Motoristas profissionais e experientes<\/h2>\n<p data-start=\"3735\" data-end=\"3950\">Outro benef\u00edcio fundamental do <strong data-start=\"3761\" data-end=\"3798\">transfer particular no aeroporto de Istambul<\/strong> \u00e9 o profissionalismo dos motoristas. Motoristas experientes conhecem muito bem a cidade e escolhem as melhores rotas para evitar o tr\u00e2nsito pesado sempre que poss\u00edvel. <\/p>\n<p data-start=\"3952\" data-end=\"4113\">Eles tamb\u00e9m garantem uma dire\u00e7\u00e3o segura e uma experi\u00eancia de viagem tranquila. Para viajantes que valorizam confiabilidade e seguran\u00e7a, esse \u00e9 um fator essencial. <\/p>\n<hr data-start=\"4115\" data-end=\"4118\">\n<h2 data-start=\"4120\" data-end=\"4154\">Perfeito para fam\u00edlias e grupos<\/h2>\n<p data-start=\"4156\" data-end=\"4289\">Se voc\u00ea estiver viajando com a fam\u00edlia ou um grupo de amigos, o transfer particular costuma ser a op\u00e7\u00e3o de transporte mais pr\u00e1tica.<\/p>\n<p data-start=\"4291\" data-end=\"4502\">Um <strong data-start=\"4294\" data-end=\"4331\">transfer particular no aeroporto de Istambul<\/strong> permite que todos viajem juntos no mesmo ve\u00edculo. Isso n\u00e3o s\u00f3 torna a jornada mais confort\u00e1vel, mas tamb\u00e9m simplifica a log\u00edstica ao viajar com crian\u00e7as ou muita bagagem. <\/p>\n<p data-start=\"4504\" data-end=\"4585\">Os grupos apreciam especialmente a conveni\u00eancia e a efici\u00eancia dos transfers particulares.<\/p>\n<hr data-start=\"4587\" data-end=\"4590\">\n<h2 data-start=\"4592\" data-end=\"4631\">Explore Istambul ap\u00f3s o seu transfer<\/h2>\n<p data-start=\"4633\" data-end=\"4902\">Assim que voc\u00ea chegar em seguran\u00e7a ao hotel, Istambul oferecer\u00e1 in\u00fameras atra\u00e7\u00f5es esperando para serem descobertas. De marcos hist\u00f3ricos como a Santa Sofia e a Mesquita Azul ao vibrante Grande Bazar e o famoso cruzeiro pelo B\u00f3sforo, a cidade tem algo para cada viajante. <\/p>\n<p data-start=\"4904\" data-end=\"5034\">Se voc\u00ea quiser explorar Istambul com guias profissionais e transporte confort\u00e1vel, confira os tours dispon\u00edveis aqui:<\/p>\n<p data-start=\"5036\" data-end=\"5063\"><a class=\"decorated-link\" href=\"https:\/\/sunsmiletravel.com\/pt-br\/\" target=\"_new\" rel=\"noopener\" data-start=\"5036\" data-end=\"5063\">https:\/\/sunsmiletravel.com\/<\/a><\/p>\n<hr data-start=\"5065\" data-end=\"5068\">\n<h2 data-start=\"5070\" data-end=\"5087\">Considera\u00e7\u00f5es finais<\/h2>\n<p data-start=\"5089\" data-end=\"5321\">Reservar um <strong data-start=\"5100\" data-end=\"5137\">transfer particular no aeroporto de Istambul<\/strong> \u00e9 uma das melhores formas de come\u00e7ar a sua viagem na Turquia. Ele oferece conforto, seguran\u00e7a e conveni\u00eancia, eliminando o estresse de lidar com o transporte em uma cidade grande e movimentada. <\/p>\n<p data-start=\"5323\" data-end=\"5495\">Seja na sua primeira visita a Istambul ou em um retorno para mais uma aventura, o transfer particular garante que a sua viagem comece bem desde o momento do pouso.<\/p>\n<p data-start=\"5497\" data-end=\"5691\">Se voc\u00ea est\u00e1 planejando a sua viagem, considere reservar o seu <strong data-start=\"5552\" data-end=\"5589\">transfer particular no aeroporto de Istambul<\/strong> com anteced\u00eancia e aproveite uma chegada relaxante em uma das cidades mais fascinantes do mundo.<\/p>\n","protected":false},"excerpt":{"rendered":"<p>7 raz\u00f5es pelas quais o transfer particular no aeroporto de Istambul \u00e9 a melhor forma de come\u00e7ar a sua viagem Viajar para Istambul \u00e9 uma experi\u00eancia inesquec\u00edvel. A cidade conecta a Europa e a \u00c1sia, oferecendo uma combina\u00e7\u00e3o \u00fanica de hist\u00f3ria, cultura e vida moderna. No entanto, chegar a um aeroporto movimentado em uma cidade [&#8230;]\n","protected":false},"featured_media":11095,"comment_status":"open","ping_status":"closed","template":"","meta":{"footnotes":""},"product_brand":[],"product_cat":[270,244],"product_tag":[],"class_list":{"0":"post-12311","1":"product","2":"type-product","3":"status-publish","4":"has-post-thumbnail","6":"product_cat-transfer","7":"product_cat-istambul","9":"first","10":"instock","11":"shipping-taxable","12":"product-type-simple"},"_links":{"self":[{"href":"https:\/\/sunsmiletravel.com\/pt-br\/wp-json\/wp\/v2\/product\/12311","targetHints":{"allow":["GET"]}}],"collection":[{"href":"https:\/\/sunsmiletravel.com\/pt-br\/wp-json\/wp\/v2\/product"}],"about":[{"href":"https:\/\/sunsmiletravel.com\/pt-br\/wp-json\/wp\/v2\/types\/product"}],"replies":[{"embeddable":true,"href":"https:\/\/sunsmiletravel.com\/pt-br\/wp-json\/wp\/v2\/comments?post=12311"}],"version-history":[{"count":0,"href":"https:\/\/sunsmiletravel.com\/pt-br\/wp-json\/wp\/v2\/product\/12311\/revisions"}],"wp:featuredmedia":[{"embeddable":true,"href":"https:\/\/sunsmiletravel.com\/pt-br\/wp-json\/wp\/v2\/media\/11095"}],"wp:attachment":[{"href":"https:\/\/sunsmiletravel.com\/pt-br\/wp-json\/wp\/v2\/media?parent=12311"}],"wp:term":[{"taxonomy":"product_brand","embeddable":true,"href":"https:\/\/sunsmiletravel.com\/pt-br\/wp-json\/wp\/v2\/product_brand?post=12311"},{"taxonomy":"product_cat","embeddable":true,"href":"https:\/\/sunsmiletravel.com\/pt-br\/wp-json\/wp\/v2\/product_cat?post=12311"},{"taxonomy":"product_tag","embeddable":true,"href":"https:\/\/sunsmiletravel.com\/pt-br\/wp-json\/wp\/v2\/product_tag?post=12311"}],"curies":[{"name":"wp","href":"https:\/\/api.w.org\/{rel}","templated":true}]}}