{"id":12359,"date":"2026-03-07T11:43:13","date_gmt":"2026-03-07T08:43:13","guid":{"rendered":"https:\/\/sunsmiletravel.com\/transfer-privado-do-aeroporto-de-antalia\/"},"modified":"2026-03-07T16:04:56","modified_gmt":"2026-03-07T13:04:56","slug":"transfer-privado-do-aeroporto-de-antalia","status":"publish","type":"product","link":"https:\/\/sunsmiletravel.com\/pt-br\/transfer-privado-do-aeroporto-de-antalia\/","title":{"rendered":"Transfer Privado do Aeroporto de Ant\u00e1lia"},"content":{"rendered":"<h1>Transfer Privado da Capad\u00f3cia para Ant\u00e1lia \u2013 Viagem Confort\u00e1vel e Confi\u00e1vel<\/h1>\n<h1 data-section-id=\"1910rzf\" data-start=\"615\" data-end=\"677\">Transfer Privado da Capad\u00f3cia para Ant\u00e1lia \u2013 Servi\u00e7o Direto 24\/7<\/h1>\n<p data-start=\"679\" data-end=\"1016\">Viaje com conforto dos vales m\u00e1gicos da Capad\u00f3cia at\u00e9 o para\u00edso mediterr\u00e2neo de Ant\u00e1lia com o nosso confi\u00e1vel servi\u00e7o de Transfer Privado da Capad\u00f3cia para Ant\u00e1lia. Esta viagem de longa dist\u00e2ncia conecta a Anat\u00f3lia Central \u00e0 bela costa sul da Turquia, permitindo que voc\u00ea viaje com seguran\u00e7a, privacidade e no seu pr\u00f3prio hor\u00e1rio. <\/p>\n<p data-start=\"1018\" data-end=\"1178\">Ao contr\u00e1rio de \u00f4nibus ou conex\u00f5es de voo complicadas, nosso transfer privado oferece uma viagem tranquila porta a porta, com motoristas profissionais e ve\u00edculos VIP modernos.<\/p>\n<p data-start=\"1180\" data-end=\"1404\">Se voc\u00ea estiver indo para o Aeroporto de Ant\u00e1lia (AYT), Kalei\u00e7i (Cidade Antiga), resorts de praia de luxo ou hot\u00e9is em Lara, Konyaalt\u0131, Belek, Side ou Alanya, este transfer privado garante uma viagem confort\u00e1vel e sem estresse.<\/p>\n<h1 data-section-id=\"2septf\" data-start=\"1411\" data-end=\"1465\">Por que escolher um Transfer Privado da Capad\u00f3cia para Ant\u00e1lia?<\/h1>\n<p data-start=\"1467\" data-end=\"1588\">Um Transfer Privado da Capad\u00f3cia para Ant\u00e1lia \u00e9 a melhor op\u00e7\u00e3o para viajantes que valorizam conforto, flexibilidade e seguran\u00e7a.<\/p>\n<p data-start=\"1590\" data-end=\"1711\">\u2714 Servi\u00e7o de busca porta a porta<br data-start=\"1612\" data-end=\"1615\">De qualquer hotel ou local em G\u00f6reme, \u00dcrg\u00fcp, Avanos, U\u00e7hisar, Ortahisar, Nev\u015fehir ou Kayseri<\/p>\n<p data-start=\"1713\" data-end=\"1804\">\u2714 Desembarque direto<br data-start=\"1730\" data-end=\"1733\">No centro da cidade de Ant\u00e1lia, no Aeroporto de Ant\u00e1lia, em hot\u00e9is ou em resorts na costa.<\/p>\n<p data-start=\"1806\" data-end=\"1877\">\u2714 Hor\u00e1rio flex\u00edvel<br data-start=\"1825\" data-end=\"1828\">Dispon\u00edvel 24 horas por dia, 7 dias por semana, de acordo com seus planos de viagem.<\/p>\n<p data-start=\"1879\" data-end=\"1958\">\u2714 Motoristas profissionais<br data-start=\"1901\" data-end=\"1904\">Motoristas experientes, familiarizados com rotas de longa dist\u00e2ncia.<\/p>\n<p data-start=\"1960\" data-end=\"2035\">\u2714 Ve\u00edculos VIP confort\u00e1veis<br data-start=\"1986\" data-end=\"1989\">Modernos ve\u00edculos Mercedes Vito e Mercedes Sprinter.<\/p>\n<p data-start=\"2037\" data-end=\"2103\">\u2714 Viagem privada<br data-start=\"2054\" data-end=\"2057\">Sem espera, sem estranhos, sem paradas desnecess\u00e1rias.<\/p>\n<hr data-start=\"2105\" data-end=\"2108\">\n<p data-start=\"0\" data-end=\"39\"><strong data-start=\"0\" data-end=\"39\">Dura\u00e7\u00e3o da viagem e informa\u00e7\u00f5es da rota<\/strong><\/p>\n<p data-start=\"41\" data-end=\"564\" data-is-last-node=\"\" data-is-only-node=\"\">A viagem leva aproximadamente 7\u20138 horas. A rota segue Capad\u00f3cia \u2192 Aksaray \u2192 Konya \u2192 Seydi\u015fehir \u2192 Ant\u00e1lia.<br \/>Ao longo do caminho, v\u00e1rias paradas opcionais podem ser organizadas para tornar a viagem mais agrad\u00e1vel. Os viajantes podem visitar o Museu Mevlana em Konya, fazer uma pausa panor\u00e2mica no Lago Bey\u015fehir ou parar em restaurantes locais e \u00e1reas de descanso para se refrescar.<br \/>Muitos viajantes gostam especialmente de adicionar uma breve visita a Konya, famosa pelo Museu Mevlana (Rumi), o que torna a viagem ainda mais memor\u00e1vel.    <\/p>\n<hr data-start=\"2499\" data-end=\"2502\">\n<h1 data-section-id=\"kg4pke\" data-start=\"2504\" data-end=\"2521\">Op\u00e7\u00f5es de ve\u00edculos<\/h1>\n<div class=\"TyagGW_tableContainer\">\n<div class=\"group TyagGW_tableWrapper flex flex-col-reverse w-fit\" tabindex=\"-1\">\n<table class=\"w-fit min-w-(--thread-content-width)\" data-start=\"2523\" data-end=\"2677\">\n<thead data-start=\"2523\" data-end=\"2553\">\n<tr data-start=\"2523\" data-end=\"2553\">\n<th class=\"\" data-start=\"2523\" data-end=\"2531\" data-col-size=\"sm\">Ve\u00edculo<\/th>\n<th class=\"\" data-start=\"2531\" data-end=\"2542\" data-col-size=\"sm\">Capacidade<\/th>\n<th class=\"\" data-start=\"2542\" data-end=\"2553\" data-col-size=\"sm\">Ideal para<\/th>\n<\/tr>\n<\/thead>\n<tbody data-start=\"2566\" data-end=\"2677\">\n<tr data-start=\"2566\" data-end=\"2619\">\n<td data-start=\"2566\" data-end=\"2580\" data-col-size=\"sm\">Mercedes Vito<\/td>\n<td data-col-size=\"sm\" data-start=\"2580\" data-end=\"2593\">1\u20136 pessoas<\/td>\n<td data-col-size=\"sm\" data-start=\"2593\" data-end=\"2619\">Fam\u00edlias ou pequenos grupos<\/td>\n<\/tr>\n<tr data-start=\"2620\" data-end=\"2677\">\n<td data-start=\"2620\" data-end=\"2638\" data-col-size=\"sm\">Mercedes Sprinter<\/td>\n<td data-col-size=\"sm\" data-start=\"2638\" data-end=\"2652\">7\u201314 pessoas<\/td>\n<td data-col-size=\"sm\" data-start=\"2652\" data-end=\"2677\">Grupos e viajantes em excurs\u00e3o<\/td>\n<\/tr>\n<\/tbody>\n<\/table>\n<\/div>\n<\/div>\n<p data-start=\"2679\" data-end=\"2766\">Nossos ve\u00edculos s\u00e3o totalmente climatizados, espa\u00e7osos e perfeitos para viagens de longa dist\u00e2ncia.<\/p>\n<hr data-start=\"2768\" data-end=\"2771\">\n<h1 data-section-id=\"1ve9ho5\" data-start=\"2773\" data-end=\"2816\">O que torna este transfer a melhor op\u00e7\u00e3o?<\/p>\n<\/h1>\n<p data-start=\"2818\" data-end=\"3024\">\u2714 Servi\u00e7o confi\u00e1vel e pontual<br data-start=\"2849\" data-end=\"2852\">\u2714 Viagem confort\u00e1vel de longa dist\u00e2ncia<br data-start=\"2886\" data-end=\"2889\">\u2714 Rota direta sem atrasos<br data-start=\"2918\" data-end=\"2921\">\u2714 Pre\u00e7o transparente (combust\u00edvel e ped\u00e1gios inclu\u00eddos)<br data-start=\"2966\" data-end=\"2969\">\u2714 Transfer para o aeroporto dispon\u00edvel<br data-start=\"2997\" data-end=\"3000\">\u2714 Dispon\u00edvel dia e noite<\/p>\n<p data-start=\"3026\" data-end=\"3150\">Comparado a \u00f4nibus ou voos, o Transfer Privado da Capad\u00f3cia para Ant\u00e1lia oferece m\u00e1xima comodidade e flexibilidade.<\/p>\n<h1 data-section-id=\"eaw72n\" data-start=\"3157\" data-end=\"3194\"><a href=\"https:\/\/youtube.com\/shorts\/8cX0CgvYvuA\" target=\"_blank\" rel=\"noopener\">Explore Ant\u00e1lia ap\u00f3s o seu transfer<\/a><\/h1>\n<p data-start=\"3196\" data-end=\"3382\">Ap\u00f3s chegar a Ant\u00e1lia, voc\u00ea poder\u00e1 explorar muitas atra\u00e7\u00f5es e passeios incr\u00edveis. Ant\u00e1lia \u00e9 um dos destinos de f\u00e9rias mais populares da Turquia, gra\u00e7as \u00e0s suas belas praias, rica hist\u00f3ria e impressionante natureza. <\/p>\n<p data-start=\"3384\" data-end=\"3443\">Aqui est\u00e3o alguns dos melhores passeios e atividades em Ant\u00e1lia:<\/p>\n<hr data-start=\"4161\" data-end=\"4164\">\n<div class=\"row\"  id=\"row-1092506778\">\n\n\t<div id=\"col-1550390475\" class=\"col medium-4 small-12 large-4\"  >\n\t\t\t\t<div class=\"col-inner\"  >\n\t\t\t\n\t\t\t\n<h1 data-section-id=\"1wvquhf\" data-start=\"3450\" data-end=\"3469\">Passeio pela cidade de Ant\u00e1lia<\/h1>\n<p data-start=\"3471\" data-end=\"3516\">Descubra os destaques de Ant\u00e1lia, incluindo:<\/p>\n<p data-start=\"3518\" data-end=\"3615\">\u2022 Kalei\u00e7i Old Town<br data-start=\"3536\" data-end=\"3539\">\u2022 Hadrian\u2019s Gate<br data-start=\"3555\" data-end=\"3558\">\u2022 Antalya Marina<br data-start=\"3574\" data-end=\"3577\">\u2022 D\u00fcden Waterfalls<br data-start=\"3595\" data-end=\"3598\">\u2022 Konyaalt\u0131 Beach<\/p>\n<p data-start=\"3617\" data-end=\"3709\">Um tour di\u00e1rio pela cidade de Ant\u00e1lia \u00e9 perfeito para viajantes que visitam a cidade pela primeira vez.<\/p>\n\t\t<\/div>\n\t\t\t\t\t<\/div>\n\n\t\n\n\t<div id=\"col-1555958531\" class=\"col medium-4 small-12 large-4\"  >\n\t\t\t\t<div class=\"col-inner\"  >\n\t\t\t\n\t\t\t\n<h1 data-section-id=\"y561en\" data-start=\"3716\" data-end=\"3749\">Passeio de um dia a Pamukkale saindo de Ant\u00e1lia<\/h1>\n<p data-start=\"3751\" data-end=\"3799\">Uma das excurs\u00f5es mais populares saindo de Ant\u00e1lia.<\/p>\n<p data-start=\"3801\" data-end=\"3807\">Visite:<\/p>\n<p data-start=\"3809\" data-end=\"3879\">\u2022 Travertinos de Pamukkale<br data-start=\"3832\" data-end=\"3835\">\u2022 Cidade Antiga de Hier\u00e1polis<br data-start=\"3860\" data-end=\"3863\">\u2022 Piscina de Cle\u00f3patra<\/p>\n<p data-start=\"3881\" data-end=\"3937\">Este patrim\u00f4nio da UNESCO \u00e9 imperd\u00edvel durante a sua estadia em Ant\u00e1lia.<\/p>\n\t\t<\/div>\n\t\t\t\t\t<\/div>\n\n\t\n\n\t<div id=\"col-1998984943\" class=\"col medium-4 small-12 large-4\"  >\n\t\t\t\t<div class=\"col-inner\"  >\n\t\t\t\n\t\t\t\n<h1 data-section-id=\"1sds1z3\" data-start=\"3944\" data-end=\"3973\">Passeio por Perge, Aspendos e Side<\/h1>\n<p data-start=\"3975\" data-end=\"4002\">Perfeito para amantes de hist\u00f3ria.<\/p>\n<p data-start=\"4004\" data-end=\"4012\">Explore:<\/p>\n<p data-start=\"4014\" data-end=\"4102\">\u2022 Cidade Antiga de Perge<br data-start=\"4038\" data-end=\"4041\">\u2022 Teatro Romano de Aspendos<br data-start=\"4069\" data-end=\"4072\">\u2022 Templo de Apolo em Side<\/p>\n<p data-start=\"4104\" data-end=\"4159\">Este passeio oferece uma vis\u00e3o fascinante da hist\u00f3ria romana.<\/p>\n\t\t<\/div>\n\t\t\t\t\t<\/div>\n\n\t\n<\/div>\n<div class=\"row\"  id=\"row-2106052699\">\n\n\t<div id=\"col-743639073\" class=\"col medium-4 small-12 large-4\"  >\n\t\t\t\t<div class=\"col-inner\"  >\n\t\t\t\n\t\t\t\n<h1 data-section-id=\"1xp7f3g\" data-start=\"4166\" data-end=\"4185\"><a href=\"https:\/\/sunsmiletravel.com\/antalya-boat-trip-explore-antalya-with-cruise\/\">Passeio de barco em Ant\u00e1lia<\/a><\/h1>\n<p data-start=\"4187\" data-end=\"4292\">Desfrute de um relaxante passeio de barco pelo Mediterr\u00e2neo, com paradas para nadar ao longo da bela costa de Ant\u00e1lia.<\/p>\n<p data-start=\"4294\" data-end=\"4304\">Ideal para:<\/p>\n<p data-start=\"4306\" data-end=\"4349\">\u2714 Fam\u00edlias<br data-start=\"4316\" data-end=\"4319\">\u2714 Casais<br data-start=\"4328\" data-end=\"4331\">\u2714 Viajantes de ver\u00e3o<\/p>\n\t\t<\/div>\n\t\t\t\t\t<\/div>\n\n\t\n\n\t<div id=\"col-939258746\" class=\"col medium-4 small-12 large-4\"  >\n\t\t\t\t<div class=\"col-inner\"  >\n\t\t\t\n\t\t\t\n<h1 data-section-id=\"5z2gl\" data-start=\"4575\" data-end=\"4597\">Passeio de Rafting em Ant\u00e1lia<\/h1>\n<p data-start=\"4599\" data-end=\"4693\">O passeio de rafting no C\u00e2nion K\u00f6pr\u00fcl\u00fc \u00e9 uma das atividades ao ar livre mais emocionantes de Ant\u00e1lia.<\/p>\n<p data-start=\"4695\" data-end=\"4764\">Perfeito para amantes de aventura que querem aproveitar a natureza e a adrenalina.<\/p>\n\t\t<\/div>\n\t\t\t\t\t<\/div>\n\n\t\n\n\t<div id=\"col-149223047\" class=\"col medium-4 small-12 large-4\"  >\n\t\t\t\t<div class=\"col-inner\"  >\n\t\t\t\n\t\t\t\n<article class=\"text-token-text-primary w-full focus:outline-none &#091;--shadow-height:45px&#093; has-data-writing-block:pointer-events-none has-data-writing-block:-mt-(--shadow-height) has-data-writing-block:pt-(--shadow-height) &#091;&amp;:has(&#091;data-writing-block&#093;)&gt;*&#093;:pointer-events-auto scroll-mt-(--header-height)\" dir=\"auto\" tabindex=\"-1\" data-turn-id=\"6b006119-9502-4c92-b252-2aef81effa78\" data-testid=\"conversation-turn-49\" data-scroll-anchor=\"false\" data-turn=\"user\"><\/article>\n<article class=\"text-token-text-primary w-full focus:outline-none &#091;--shadow-height:45px&#093; has-data-writing-block:pointer-events-none has-data-writing-block:-mt-(--shadow-height) has-data-writing-block:pt-(--shadow-height) &#091;&amp;:has(&#091;data-writing-block&#093;)&gt;*&#093;:pointer-events-auto scroll-mt-&#091;calc(var(--header-height)+min(200px,max(70px,20svh)))&#093;\" dir=\"auto\" tabindex=\"-1\" data-turn-id=\"request-6937e7ba-fe1c-8329-a045-72c3b761c879-3\" data-testid=\"conversation-turn-50\" data-scroll-anchor=\"true\" data-turn=\"assistant\">\n<div class=\"text-base my-auto mx-auto pb-10 &#091;--thread-content-margin:var(--thread-content-margin-xs,calc(var(--spacing)*4))&#093; @w-sm\/main:&#091;--thread-content-margin:var(--thread-content-margin-sm,calc(var(--spacing)*6))&#093; @w-lg\/main:&#091;--thread-content-margin:var(--thread-content-margin-lg,calc(var(--spacing)*16))&#093; px-(--thread-content-margin)\">\n<div class=\"&#091;--thread-content-max-width:40rem&#093; @w-lg\/main:&#091;--thread-content-max-width:48rem&#093; mx-auto max-w-(--thread-content-max-width) flex-1 group\/turn-messages focus-visible:outline-hidden relative flex w-full min-w-0 flex-col agent-turn\" tabindex=\"-1\">\n<div class=\"flex max-w-full flex-col gap-4 grow\">\n<div class=\"min-h-8 text-message relative flex w-full flex-col items-end gap-2 text-start break-words whitespace-normal &#091;.text-message+&amp;&#093;:mt-1\" dir=\"auto\" data-message-author-role=\"assistant\" data-message-id=\"be523d3a-f68b-4a36-b489-6e02dc4a9044\" data-message-model-slug=\"gpt-5-3\">\n<div class=\"flex w-full flex-col gap-1 empty:hidden\">\n<div class=\"markdown prose dark:prose-invert w-full wrap-break-word light markdown-new-styling\">\n<h1 data-start=\"0\" data-end=\"45\"><strong data-start=\"0\" data-end=\"45\">Passeio ao Parque Tem\u00e1tico Land of Legends \u2013 Ant\u00e1lia<\/strong><\/h1>\n<p data-start=\"47\" data-end=\"261\">O Tour Land of Legends \u00e9 uma das atra\u00e7\u00f5es mais populares de Ant\u00e1lia. Localizado em Belek, este famoso parque tem\u00e1tico oferece montanhas-russas emocionantes, tobo\u00e1guas, ruas de compras e espet\u00e1culos noturnos espetaculares. <\/p>\n<p data-start=\"263\" data-end=\"387\" data-is-last-node=\"\" data-is-only-node=\"\">Perfeito para fam\u00edlias e amantes de aventura, o Tour Land of Legends saindo de Ant\u00e1lia garante um dia divertido e inesquec\u00edvel.<\/p>\n<\/div>\n<\/div>\n<\/div>\n<\/div>\n<\/div>\n<\/div>\n<\/article>\n\t\t<\/div>\n\t\t\t\t\t<\/div>\n\n\t\n<\/div>\n<h1 data-section-id=\"1in30iw\" data-start=\"4771\" data-end=\"4800\">Pre\u00e7o e informa\u00e7\u00f5es de reserva<\/h1>\n<p data-start=\"0\" data-end=\"31\"><strong data-start=\"0\" data-end=\"31\">Pre\u00e7o e informa\u00e7\u00f5es de reserva<\/strong><\/p>\n<p data-start=\"33\" data-end=\"438\" data-is-last-node=\"\" data-is-only-node=\"\">O pre\u00e7o do transfer pode variar dependendo de v\u00e1rios fatores, como o n\u00famero de pessoas no grupo, o tipo de ve\u00edculo necess\u00e1rio, o local de busca na Capad\u00f3cia e o ponto de destino em Ant\u00e1lia.<br \/>Para reservas, voc\u00ea pode entrar em contato conosco facilmente pelo WhatsApp, preencher o formul\u00e1rio de reserva online ou ligar diretamente para n\u00f3s. Assim que o seu transfer for reservado, voc\u00ea receber\u00e1 uma confirma\u00e7\u00e3o instant\u00e2nea da sua reserva.  <\/p>\n<hr data-start=\"5054\" data-end=\"5057\">\n<h1 data-section-id=\"1j11mdq\" data-start=\"5059\" data-end=\"5109\">Reserve seu Transfer Privado da Capad\u00f3cia para Ant\u00e1lia<\/h1>\n<p data-start=\"5111\" data-end=\"5219\">Viaje com seguran\u00e7a e conforto da Capad\u00f3cia para Ant\u00e1lia com o nosso servi\u00e7o profissional de transfer privado.<\/p>\n<p data-start=\"5221\" data-end=\"5309\">Evite \u00f4nibus lotados ou conex\u00f5es complicadas e desfrute de uma viagem tranquila pela Turquia.<\/p>\n<p data-start=\"5311\" data-end=\"5448\">\ud83d\udc49 Reserve hoje mesmo o seu Transfer Privado da Capad\u00f3cia para Ant\u00e1lia e chegue a Ant\u00e1lia relaxado e pronto para explorar a costa mediterr\u00e2nea.<\/p>\n","protected":false},"excerpt":{"rendered":"<p>Transfer Privado da Capad\u00f3cia para Ant\u00e1lia \u2013 Viagem Confort\u00e1vel e Confi\u00e1vel Transfer Privado da Capad\u00f3cia para Ant\u00e1lia \u2013 Servi\u00e7o Direto 24\/7 Viaje com conforto dos vales m\u00e1gicos da Capad\u00f3cia at\u00e9 o para\u00edso mediterr\u00e2neo de Ant\u00e1lia com o nosso confi\u00e1vel servi\u00e7o de Transfer Privado da Capad\u00f3cia para Ant\u00e1lia. Esta viagem de longa dist\u00e2ncia conecta a Anat\u00f3lia [&#8230;]\n","protected":false},"featured_media":12354,"comment_status":"open","ping_status":"closed","template":"","meta":{"footnotes":""},"product_brand":[],"product_cat":[201],"product_tag":[],"class_list":{"0":"post-12359","1":"product","2":"type-product","3":"status-publish","4":"has-post-thumbnail","6":"product_cat-uncategorized-pt-br","8":"first","9":"instock","10":"virtual","11":"sold-individually","12":"purchasable","13":"product-type-booking"},"_links":{"self":[{"href":"https:\/\/sunsmiletravel.com\/pt-br\/wp-json\/wp\/v2\/product\/12359","targetHints":{"allow":["GET"]}}],"collection":[{"href":"https:\/\/sunsmiletravel.com\/pt-br\/wp-json\/wp\/v2\/product"}],"about":[{"href":"https:\/\/sunsmiletravel.com\/pt-br\/wp-json\/wp\/v2\/types\/product"}],"replies":[{"embeddable":true,"href":"https:\/\/sunsmiletravel.com\/pt-br\/wp-json\/wp\/v2\/comments?post=12359"}],"version-history":[{"count":0,"href":"https:\/\/sunsmiletravel.com\/pt-br\/wp-json\/wp\/v2\/product\/12359\/revisions"}],"wp:featuredmedia":[{"embeddable":true,"href":"https:\/\/sunsmiletravel.com\/pt-br\/wp-json\/wp\/v2\/media\/12354"}],"wp:attachment":[{"href":"https:\/\/sunsmiletravel.com\/pt-br\/wp-json\/wp\/v2\/media?parent=12359"}],"wp:term":[{"taxonomy":"product_brand","embeddable":true,"href":"https:\/\/sunsmiletravel.com\/pt-br\/wp-json\/wp\/v2\/product_brand?post=12359"},{"taxonomy":"product_cat","embeddable":true,"href":"https:\/\/sunsmiletravel.com\/pt-br\/wp-json\/wp\/v2\/product_cat?post=12359"},{"taxonomy":"product_tag","embeddable":true,"href":"https:\/\/sunsmiletravel.com\/pt-br\/wp-json\/wp\/v2\/product_tag?post=12359"}],"curies":[{"name":"wp","href":"https:\/\/api.w.org\/{rel}","templated":true}]}}