{"id":12396,"date":"2026-03-07T11:04:59","date_gmt":"2026-03-07T08:04:59","guid":{"rendered":"https:\/\/sunsmiletravel.com\/transfer-privado-do-aeroporto-de-izmir\/"},"modified":"2026-03-07T11:04:59","modified_gmt":"2026-03-07T08:04:59","slug":"transfer-privado-do-aeroporto-de-izmir","status":"publish","type":"product","link":"https:\/\/sunsmiletravel.com\/pt-br\/transfer-privado-do-aeroporto-de-izmir\/","title":{"rendered":"Transfer Privado do Aeroporto de Izmir"},"content":{"rendered":"<h1 data-section-id=\"1995t7d\" data-start=\"180\" data-end=\"261\">7 Raz\u00f5es pelas quais o Transfer Privado do Aeroporto de Izmir \u00e9 a melhor maneira de come\u00e7ar a sua viagem<\/h1>\n<p data-start=\"263\" data-end=\"573\">Viajar para Izmir \u00e9 uma experi\u00eancia emocionante. Localizada na bela costa do Mar Egeu da Turquia, Izmir oferece uma combina\u00e7\u00e3o perfeita de hist\u00f3ria, cultura, vistas do mar e um estilo de vida moderno.<br \/>Todos os anos, milhares de viajantes chegam \u00e0 cidade para visitar destinos famosos como \u00c9feso, Kusadasi, Ala\u00e7at\u0131 e \u00c7e\u015fme.  <\/p>\n<p data-start=\"575\" data-end=\"785\">No entanto, chegar a um aeroporto movimentado em um novo pa\u00eds \u00e0s vezes pode ser uma experi\u00eancia um pouco estressante. Por isso, reservar um Transfer Privado do Aeroporto de Izmir \u00e9 uma das maneiras mais f\u00e1ceis e convenientes de come\u00e7ar a sua viagem. <\/p>\n<p data-start=\"787\" data-end=\"1093\">Um Transfer Privado do Aeroporto de Izmir oferece uma forma segura, confort\u00e1vel e confi\u00e1vel de viajar do Aeroporto Izmir Adnan Menderes (ADB) diretamente para o seu hotel. Em vez de lidar com transporte p\u00fablico lotado ou esperar por t\u00e1xis, voc\u00ea pode desfrutar de uma viagem tranquila porta a porta com um motorista profissional. <\/p>\n<p data-start=\"1095\" data-end=\"1195\">Neste artigo, vamos explorar por que os viajantes preferem transfers privados do aeroporto ao visitar Izmir.<\/p>\n<h2 data-section-id=\"yefnha\" data-start=\"1202\" data-end=\"1236\">Ve\u00edculos confort\u00e1veis e modernos<\/h2>\n<p data-start=\"1238\" data-end=\"1457\">Uma das maiores vantagens de reservar um Transfer Privado do Aeroporto de Izmir \u00e9 o conforto dos ve\u00edculos modernos. Ap\u00f3s um longo voo internacional, os viajantes normalmente desejam uma viagem relaxante e confort\u00e1vel at\u00e9 o hotel. <\/p>\n<p data-start=\"1459\" data-end=\"1660\">Os servi\u00e7os de transfer privado normalmente oferecem ve\u00edculos como Mercedes Vito ou vans Mercedes Sprinter. Esses ve\u00edculos s\u00e3o espa\u00e7osos, climatizados e projetados para oferecer m\u00e1ximo conforto aos passageiros. <\/p>\n<p data-start=\"1662\" data-end=\"1796\">Se voc\u00ea estiver viajando sozinho, com a fam\u00edlia ou com um grupo de amigos, um transfer privado garante um in\u00edcio agrad\u00e1vel para a sua viagem.<\/p>\n<hr data-start=\"1798\" data-end=\"1801\">\n<h2 data-section-id=\"16rfm2k\" data-start=\"1803\" data-end=\"1833\">Chegada ao aeroporto sem estresse<\/h2>\n<p data-start=\"1835\" data-end=\"2018\">O Aeroporto Adnan Menderes de Izmir \u00e9 um dos aeroportos mais movimentados do oeste da Turquia. Para visitantes que chegam \u00e0 cidade pela primeira vez, encontrar transporte \u00e0s vezes pode ser confuso. <\/p>\n<p data-start=\"2020\" data-end=\"2226\">Com um Transfer Privado do Aeroporto de Izmir, o seu motorista estar\u00e1 esperando por voc\u00ea no port\u00e3o de chegada, segurando uma placa com o seu nome. Esse servi\u00e7o de recep\u00e7\u00e3o (meet and greet) torna o processo de chegada f\u00e1cil e confort\u00e1vel. <\/p>\n<p data-start=\"2228\" data-end=\"2366\">Seu motorista ajudar\u00e1 com a sua bagagem e o acompanhar\u00e1 diretamente at\u00e9 o ve\u00edculo, permitindo que voc\u00ea saia do aeroporto sem nenhum estresse.<\/p>\n<hr data-start=\"2368\" data-end=\"2371\">\n<h2 data-section-id=\"wi15nx\" data-start=\"2373\" data-end=\"2410\">Transporte direto porta a porta<\/h2>\n<p data-start=\"2412\" data-end=\"2540\">Outra grande vantagem de escolher um Transfer Privado do Aeroporto de Izmir \u00e9 a comodidade do transporte porta a porta.<\/p>\n<p data-start=\"2542\" data-end=\"2706\">Ao contr\u00e1rio dos servi\u00e7os de transporte compartilhado, os transfers privados n\u00e3o fazem paradas em v\u00e1rios locais. Seu motorista o leva diretamente do aeroporto at\u00e9 o seu hotel ou acomoda\u00e7\u00e3o. <\/p>\n<p data-start=\"2708\" data-end=\"2809\">Este servi\u00e7o \u00e9 especialmente \u00fatil para viajantes que ficam em destinos populares ao redor de Izmir, como:<\/p>\n<ul data-start=\"2811\" data-end=\"2890\">\n<li data-section-id=\"ehfikb\" data-start=\"2811\" data-end=\"2823\">\n<p data-start=\"2813\" data-end=\"2823\">Kusadasi<\/p>\n<\/li>\n<li data-section-id=\"bmingr\" data-start=\"2824\" data-end=\"2834\">\n<p data-start=\"2826\" data-end=\"2834\">Sel\u00e7uk<\/p>\n<\/li>\n<li data-section-id=\"nuy2ed\" data-start=\"2835\" data-end=\"2846\">\n<p data-start=\"2837\" data-end=\"2846\"><a href=\"https:\/\/sunsmiletravel.com\/biblical-ephesus-tour\/\">\u00c9feso<\/a><\/p>\n<\/li>\n<li data-section-id=\"ytndaz\" data-start=\"2847\" data-end=\"2858\">\n<p data-start=\"2849\" data-end=\"2858\">Alacati<\/p>\n<\/li>\n<li data-section-id=\"a3lwad\" data-start=\"2859\" data-end=\"2868\">\n<p data-start=\"2861\" data-end=\"2868\">Cesme<\/p>\n<\/li>\n<li data-section-id=\"pyhvsx\" data-start=\"2869\" data-end=\"2890\">\n<p data-start=\"2871\" data-end=\"2890\">Centro da cidade de Izmir<\/p>\n<\/li>\n<\/ul>\n<p data-start=\"2892\" data-end=\"2958\">Isso permite que voc\u00ea chegue ao seu destino de forma r\u00e1pida e confort\u00e1vel.<\/p>\n<hr data-start=\"2960\" data-end=\"2963\">\n<h2 data-section-id=\"9zqnvi\" data-start=\"2965\" data-end=\"3000\">Pre\u00e7os fixos sem taxas ocultas<\/h2>\n<p data-start=\"3002\" data-end=\"3170\">As tarifas de t\u00e1xi \u00e0s vezes podem variar dependendo das condi\u00e7\u00f5es do tr\u00e2nsito ou de cobran\u00e7as adicionais. Quando voc\u00ea reserva um Transfer Privado do Aeroporto de Izmir, o pre\u00e7o \u00e9 fixado antecipadamente. <\/p>\n<p data-start=\"3172\" data-end=\"3316\">Isso significa que voc\u00ea sabe exatamente quanto vai pagar antes de iniciar a viagem. N\u00e3o h\u00e1 custos ocultos nem surpresas no final do trajeto. <\/p>\n<p data-start=\"3318\" data-end=\"3407\">Muitos viajantes escolhem transfers privados porque oferecem pre\u00e7os claros e transparentes.<\/p>\n<h2 data-section-id=\"6ftji\" data-start=\"3414\" data-end=\"3446\">Servi\u00e7o de Transfer do Aeroporto 24\/7<\/h2>\n<p data-start=\"3448\" data-end=\"3616\">Os voos chegam ao Aeroporto de Izmir a qualquer hora do dia ou da noite. Um servi\u00e7o profissional de Transfer Privado do Aeroporto de Izmir opera 24 horas por dia, 7 dias por semana. <\/p>\n<p data-start=\"3618\" data-end=\"3766\">Os motoristas tamb\u00e9m monitoram os hor\u00e1rios dos voos em caso de atrasos. Isso garante que seu motorista estar\u00e1 pronto e esperando por voc\u00ea sempre que o seu voo pousar. <\/p>\n<p data-start=\"3768\" data-end=\"3860\">Essa flexibilidade torna os transfers privados uma op\u00e7\u00e3o de transporte confi\u00e1vel para todos os viajantes.<\/p>\n<h2 data-section-id=\"1ojllm\" data-start=\"3867\" data-end=\"3901\">Perfeito para fam\u00edlias e grupos<\/h2>\n<p data-start=\"3903\" data-end=\"4055\">Os transfers privados do aeroporto tamb\u00e9m s\u00e3o ideais para fam\u00edlias e pequenos grupos. Viajar todos juntos em um \u00fanico ve\u00edculo torna a viagem mais f\u00e1cil e confort\u00e1vel. <\/p>\n<p data-start=\"4057\" data-end=\"4274\">Um Transfer Privado do Aeroporto de Izmir permite que todos viajem juntos, enquanto desfrutam de bastante espa\u00e7o para bagagens. Isso o torna uma solu\u00e7\u00e3o pr\u00e1tica para fam\u00edlias, casais e grupos de amigos que visitam a regi\u00e3o. <\/p>\n<h2 data-section-id=\"114wazr\" data-start=\"4281\" data-end=\"4298\">Considera\u00e7\u00f5es finais<\/h2>\n<p data-start=\"4300\" data-end=\"4501\">Reservar um Transfer Privado do Aeroporto de Izmir \u00e9 uma das melhores maneiras de come\u00e7ar a sua viagem na regi\u00e3o do Egeu da Turquia. Ele oferece conforto, praticidade e tranquilidade desde o momento em que voc\u00ea chega. <\/p>\n<p data-start=\"4503\" data-end=\"4683\"><a href=\"https:\/\/youtube.com\/shorts\/l0adiS41OIs?feature=share\" target=\"_blank\" rel=\"noopener\">Se voc\u00ea estiver visitando Izmir, \u00c9feso, Kusadasi ou as belas cidades costeiras de Ala\u00e7at\u0131 e \u00c7e\u015fme, um transfer privado do aeroporto garante um in\u00edcio de viagem tranquilo e relaxante.<\/a><\/p>\n<p data-start=\"4685\" data-end=\"4836\">Se voc\u00ea deseja evitar o estresse do transporte e viajar com conforto, reservar um Transfer Privado do Aeroporto de Izmir com anteced\u00eancia \u00e9 sempre uma escolha inteligente.<\/p>\n<p data-start=\"4838\" data-end=\"4928\">Para mais passeios e servi\u00e7os de viagem na Turquia, voc\u00ea pode visitar:<br data-start=\"4898\" data-end=\"4901\"><a class=\"decorated-link\" href=\"https:\/\/sunsmiletravel.com\/pt-br\/\" target=\"_new\" rel=\"noopener\" data-start=\"4901\" data-end=\"4928\">https:\/\/sunsmiletravel.com\/<\/a><\/p>\n","protected":false},"excerpt":{"rendered":"<p>7 Raz\u00f5es pelas quais o Transfer Privado do Aeroporto de Izmir \u00e9 a melhor maneira de come\u00e7ar a sua viagem Viajar para Izmir \u00e9 uma experi\u00eancia emocionante. Localizada na bela costa do Mar Egeu da Turquia, Izmir oferece uma combina\u00e7\u00e3o perfeita de hist\u00f3ria, cultura, vistas do mar e um estilo de vida moderno.Todos os anos, [&#8230;]\n","protected":false},"featured_media":11490,"comment_status":"open","ping_status":"closed","template":"","meta":{"footnotes":""},"product_brand":[],"product_cat":[263,270],"product_tag":[],"class_list":{"0":"post-12396","1":"product","2":"type-product","3":"status-publish","4":"has-post-thumbnail","6":"product_cat-efeso","7":"product_cat-transfer","9":"first","10":"instock","11":"virtual","12":"sold-individually","13":"purchasable","14":"product-type-booking"},"_links":{"self":[{"href":"https:\/\/sunsmiletravel.com\/pt-br\/wp-json\/wp\/v2\/product\/12396","targetHints":{"allow":["GET"]}}],"collection":[{"href":"https:\/\/sunsmiletravel.com\/pt-br\/wp-json\/wp\/v2\/product"}],"about":[{"href":"https:\/\/sunsmiletravel.com\/pt-br\/wp-json\/wp\/v2\/types\/product"}],"replies":[{"embeddable":true,"href":"https:\/\/sunsmiletravel.com\/pt-br\/wp-json\/wp\/v2\/comments?post=12396"}],"version-history":[{"count":0,"href":"https:\/\/sunsmiletravel.com\/pt-br\/wp-json\/wp\/v2\/product\/12396\/revisions"}],"wp:featuredmedia":[{"embeddable":true,"href":"https:\/\/sunsmiletravel.com\/pt-br\/wp-json\/wp\/v2\/media\/11490"}],"wp:attachment":[{"href":"https:\/\/sunsmiletravel.com\/pt-br\/wp-json\/wp\/v2\/media?parent=12396"}],"wp:term":[{"taxonomy":"product_brand","embeddable":true,"href":"https:\/\/sunsmiletravel.com\/pt-br\/wp-json\/wp\/v2\/product_brand?post=12396"},{"taxonomy":"product_cat","embeddable":true,"href":"https:\/\/sunsmiletravel.com\/pt-br\/wp-json\/wp\/v2\/product_cat?post=12396"},{"taxonomy":"product_tag","embeddable":true,"href":"https:\/\/sunsmiletravel.com\/pt-br\/wp-json\/wp\/v2\/product_tag?post=12396"}],"curies":[{"name":"wp","href":"https:\/\/api.w.org\/{rel}","templated":true}]}}