{"id":12401,"date":"2025-07-16T13:55:30","date_gmt":"2025-07-16T10:55:30","guid":{"rendered":"https:\/\/sunsmiletravel.com\/transfer-privado-da-capadocia-para-izmir-3-maneiras-faceis-e-confortaveis-de-viajar\/"},"modified":"2026-03-12T13:22:36","modified_gmt":"2026-03-12T10:22:36","slug":"transfer-privado-da-capadocia-para-izmir-3-maneiras-faceis-e-confortaveis-de-viajar","status":"publish","type":"product","link":"https:\/\/sunsmiletravel.com\/pt-br\/transfer-privado-da-capadocia-para-izmir-3-maneiras-faceis-e-confortaveis-de-viajar\/","title":{"rendered":"Transfer Privado da Capad\u00f3cia para Izmir \u2013 3 Maneiras F\u00e1ceis e Confort\u00e1veis de Viajar"},"content":{"rendered":"<h3 data-start=\"98\" data-end=\"198\"><strong data-start=\"102\" data-end=\"198\">Transfer Privado da Capad\u00f3cia para Izmir \u2013 Uma viagem longa, confort\u00e1vel, personalizada e sem preocupa\u00e7\u00f5es<\/strong><\/h3>\n<p data-start=\"200\" data-end=\"375\">Voc\u00ea est\u00e1 planejando viajar da Capad\u00f3cia para Izmir? Oferecemos um servi\u00e7o de transfer privado, seguro e com belas paisagens, conectando a regi\u00e3o m\u00e1gica da Capad\u00f3cia, no centro da Turquia, \u00e0 bela costa do Mar Egeu. <\/p>\n<p data-start=\"377\" data-end=\"563\">Evite \u00f4nibus lotados, longos tempos de espera e conex\u00f5es complicadas. Nosso servi\u00e7o de transfer privado oferece m\u00e1ximo conforto, flexibilidade e confiabilidade para sua viagem de longa dist\u00e2ncia pela Turquia. <\/p>\n<p data-start=\"565\" data-end=\"740\">Evite \u00f4nibus lotados, longos tempos de espera e conex\u00f5es complicadas. Nosso servi\u00e7o de transfer privado oferece m\u00e1ximo conforto, flexibilidade e confiabilidade para sua viagem de longa dist\u00e2ncia pela Turquia.<\/p>\n<hr data-start=\"742\" data-end=\"745\">\n<h3 data-start=\"747\" data-end=\"810\"><strong data-start=\"751\" data-end=\"810\">Por que escolher um transfer privado da Capad\u00f3cia para Izmir?<\/strong><\/h3>\n<p data-start=\"812\" data-end=\"942\">A viagem da Capad\u00f3cia para Izmir leva algum tempo, mas n\u00e3o precisa ser cansativa. Ao escolher nosso servi\u00e7o de transfer privado, voc\u00ea poder\u00e1 desfrutar das seguintes vantagens: <\/p>\n<p data-start=\"944\" data-end=\"1070\">\u2705 Servi\u00e7o porta a porta \u2014 Do seu hotel em G\u00f6reme, \u00dcrg\u00fcp ou Avanos, diretamente para seu hotel, aeroporto ou acomoda\u00e7\u00e3o em Izmir.<\/p>\n<p data-start=\"1072\" data-end=\"1185\">\u2705 Ve\u00edculos modernos \u2014 Carros ou vans confort\u00e1veis com ar-condicionado, equipados com amplo espa\u00e7o para bagagem e portas USB para carregamento.<\/p>\n<p data-start=\"1187\" data-end=\"1270\">\u2705 Hor\u00e1rio flex\u00edvel \u2014 Voc\u00ea pode escolher o hor\u00e1rio de partida: de manh\u00e3, \u00e0 tarde ou \u00e0 noite.<\/p>\n<p data-start=\"1272\" data-end=\"1387\">\u2705 Motoristas locais profissionais \u2014 Motoristas amig\u00e1veis e experientes, familiarizados com a rota e que tamb\u00e9m podem recomendar paradas confort\u00e1veis ao longo do caminho.<\/p>\n<p data-start=\"1389\" data-end=\"1525\">\u2705Paradas tur\u00edsticas opcionais \u2014 Se voc\u00ea tiver interesse em visitar Afrodisias (Aphrodisias) ou parar no caminho para saborear a culin\u00e1ria local, teremos prazer em personalizar o roteiro para voc\u00ea. <\/p>\n<p data-start=\"1527\" data-end=\"1597\">\u2705 Pre\u00e7o transparente \u2014 Sem custos ocultos e sem cobran\u00e7as extras inesperadas.<\/p>\n<hr data-start=\"1599\" data-end=\"1602\">\n<h3 data-start=\"1604\" data-end=\"1646\"><strong data-start=\"1608\" data-end=\"1646\">Detalhes da rota: Capad\u00f3cia \u2192 Izmir<\/strong><\/h3>\n<ul data-start=\"1648\" data-end=\"1955\">\n<li data-start=\"1648\" data-end=\"1684\">\n<p data-start=\"1650\" data-end=\"1684\">Detalhes da rota: Capad\u00f3cia \u2192 Izmir <\/p>\n<\/li>\n<li data-start=\"1685\" data-end=\"1758\">\n<p data-start=\"1687\" data-end=\"1758\">Dura\u00e7\u00e3o estimada da viagem: 10 a 11 horas (incluindo paradas opcionais para descanso).<\/p>\n<\/li>\n<li data-start=\"1759\" data-end=\"1847\">\n<p data-start=\"1761\" data-end=\"1847\">Pontos de embarque: Qualquer hotel ou aeroporto na Capad\u00f3cia (Nev\u015fehir NAV ou Kayseri ASR).<\/p>\n<\/li>\n<li data-start=\"1848\" data-end=\"1955\">\n<p data-start=\"1850\" data-end=\"1955\">Pontos de desembarque: Hot\u00e9is na cidade de Izmir, Aeroporto Adnan Menderes (ADB), Alsancak, Konak ou cidades pr\u00f3ximas.<\/p>\n<\/li>\n<\/ul>\n<hr data-start=\"1957\" data-end=\"1960\">\n<h3 data-start=\"1962\" data-end=\"1980\"><strong data-start=\"1966\" data-end=\"1980\">Ideal para:<\/strong><\/h3>\n<ul data-start=\"1982\" data-end=\"2221\">\n<li data-start=\"1982\" data-end=\"2042\">\n<p data-start=\"1984\" data-end=\"2042\">Casais, fam\u00edlias ou grupos em uma viagem personalizada pela Turquia<\/p>\n<\/li>\n<li data-start=\"2043\" data-end=\"2101\">\n<p data-start=\"2045\" data-end=\"2101\">Viajantes que visitam \u00c9feso, Ku\u015fadas\u0131, \u00c7e\u015fme ou Sel\u00e7uk<\/p>\n<\/li>\n<li data-start=\"2102\" data-end=\"2150\">\n<p data-start=\"2104\" data-end=\"2150\">Viajantes que preferem evitar \u00f4nibus p\u00fablicos ou viagens noturnas<\/p>\n<\/li>\n<li data-start=\"2151\" data-end=\"2221\">\n<p data-start=\"2153\" data-end=\"2221\">Qualquer pessoa que precise de conforto, privacidade e flexibilidade em viagens de longa dist\u00e2ncia<\/p>\n<\/li>\n<\/ul>\n<hr data-start=\"2223\" data-end=\"2226\">\n<h3 data-start=\"2228\" data-end=\"2275\"><strong data-start=\"2232\" data-end=\"2275\">Viaje pela Turquia com tranquilidade<\/strong><\/h3>\n<p data-start=\"2277\" data-end=\"2490\">Deixe que sua viagem do cora\u00e7\u00e3o da Anat\u00f3lia at\u00e9 a costa do Mar Egeu seja t\u00e3o memor\u00e1vel quanto os seus destinos. Com o nosso servi\u00e7o de transfer privado, voc\u00ea pode relaxar, apreciar a paisagem e chegar a Izmir revigorado e pronto para explorar. <\/p>\n<p data-start=\"2492\" data-end=\"2532\">N\u00f3s cuidamos da estrada \u2014 voc\u00ea aproveita a viagem. \ud83d\ude90<\/p>\n<div class=\"row\"  id=\"row-590940905\">\n<p data-start=\"2748\" data-end=\"2776\">\n\t<div id=\"col-1891894238\" class=\"col medium-4 small-12 large-4\"  >\n\t\t\t\t<div class=\"col-inner\"  >\n\t\t\t\n\t\t\t\n<h4 data-start=\"2778\" data-end=\"2802\">Por que viajar conosco?<\/h4>\n<ul data-start=\"2804\" data-end=\"2964\">\n<li data-start=\"2804\" data-end=\"2849\">\n<p data-start=\"2806\" data-end=\"2849\">Ag\u00eancia de viagens licenciada e equipe experiente<\/p>\n<\/li>\n<li data-start=\"2850\" data-end=\"2888\">\n<p data-start=\"2852\" data-end=\"2888\">100% privado \u2014 sem transfers compartilhados<\/p>\n<\/li>\n<li data-start=\"2889\" data-end=\"2928\">\n<p data-start=\"2891\" data-end=\"2928\">Pre\u00e7os transparentes \u2014 sem taxas ocultas<\/p>\n<\/li>\n<li data-start=\"2929\" data-end=\"2964\">\n<p data-start=\"2931\" data-end=\"2964\">Motoristas simp\u00e1ticos e suporte 24\/7<\/p>\n<\/li>\n<\/ul>\n\t\t<\/div>\n\t\t\t\t\t<\/div>\n\n\t\n\n\t<div id=\"col-1833010838\" class=\"col medium-4 small-12 large-4\"  >\n\t\t\t\t<div class=\"col-inner\"  >\n\t\t\t\n\t\t\t\n<h4 data-start=\"3003\" data-end=\"3019\">Como reservar<\/h4>\n<p data-start=\"3021\" data-end=\"3082\">Reservar o seu transfer da Capad\u00f3cia para Pamukkale \u00e9 f\u00e1cil:<\/p>\n<ul data-start=\"3084\" data-end=\"3247\">\n<li data-start=\"3084\" data-end=\"3132\">\n<p data-start=\"3086\" data-end=\"3132\">Envie-nos uma mensagem pelo WhatsApp: +90 552 804 5590<\/p>\n<\/li>\n<li data-start=\"3133\" data-end=\"3196\">\n<p data-start=\"3135\" data-end=\"3196\">Informe a data da sua viagem, o ponto de pick-up e o n\u00famero de passageiros.<\/p>\n<\/li>\n<li data-start=\"3197\" data-end=\"3247\">\n<p data-start=\"3199\" data-end=\"3247\">Receba um or\u00e7amento e confirme a sua reserva instantaneamente.<\/p>\n<\/li>\n<\/ul>\n<p data-start=\"3249\" data-end=\"3316\">Receba um or\u00e7amento e confirme a sua reserva instantaneamente.<\/p>\n\t\t<\/div>\n\t\t\t\t\t<\/div>\n\n\t\n\n\t<div id=\"col-1897994487\" class=\"col medium-4 small-12 large-4\"  >\n\t\t\t\t<div class=\"col-inner\"  >\n\t\t\t\n\t\t\t\n<h4 data-start=\"3355\" data-end=\"3384\">Servi\u00e7os Extras Dispon\u00edveis<\/h4>\n<ul data-start=\"3386\" data-end=\"3593\">\n<li data-start=\"3386\" data-end=\"3423\">\n<p data-start=\"3388\" data-end=\"3423\">Wi-Fi a bordo (mediante solicita\u00e7\u00e3o)<\/p>\n<\/li>\n<li data-start=\"3424\" data-end=\"3466\">\n<p data-start=\"3426\" data-end=\"3466\">Cadeirinhas infantis dispon\u00edveis (mediante solicita\u00e7\u00e3o)<\/p>\n<\/li>\n<li data-start=\"3467\" data-end=\"3519\">\n<p data-start=\"3469\" data-end=\"3519\">Paradas guiadas \u2014 explore Afrod\u00edsias no caminho<\/p>\n<\/li>\n<li data-start=\"3520\" data-end=\"3593\">\n<p data-start=\"3522\" data-end=\"3593\">Itiner\u00e1rio flex\u00edvel \u2014 combine com op\u00e7\u00f5es de hotel ou tour em Pamukkale<\/p>\n<\/li>\n<\/ul>\n\t\t<\/div>\n\t\t\t\t\t<\/div>\n\n\t\n<\/div>\n","protected":false},"excerpt":{"rendered":"<p>Transfer Privado da Capad\u00f3cia para Izmir \u2013 Uma viagem longa, confort\u00e1vel, personalizada e sem preocupa\u00e7\u00f5es Voc\u00ea est\u00e1 planejando viajar da Capad\u00f3cia para Izmir? Oferecemos um servi\u00e7o de transfer privado, seguro e com belas paisagens, conectando a regi\u00e3o m\u00e1gica da Capad\u00f3cia, no centro da Turquia, \u00e0 bela costa do Mar Egeu. Evite \u00f4nibus lotados, longos tempos [&#8230;]\n","protected":false},"featured_media":11490,"comment_status":"open","ping_status":"closed","template":"","meta":{"footnotes":""},"product_brand":[],"product_cat":[201],"product_tag":[],"class_list":{"0":"post-12401","1":"product","2":"type-product","3":"status-publish","4":"has-post-thumbnail","6":"product_cat-uncategorized-pt-br","8":"first","9":"instock","10":"virtual","11":"sold-individually","12":"purchasable","13":"product-type-booking"},"_links":{"self":[{"href":"https:\/\/sunsmiletravel.com\/pt-br\/wp-json\/wp\/v2\/product\/12401","targetHints":{"allow":["GET"]}}],"collection":[{"href":"https:\/\/sunsmiletravel.com\/pt-br\/wp-json\/wp\/v2\/product"}],"about":[{"href":"https:\/\/sunsmiletravel.com\/pt-br\/wp-json\/wp\/v2\/types\/product"}],"replies":[{"embeddable":true,"href":"https:\/\/sunsmiletravel.com\/pt-br\/wp-json\/wp\/v2\/comments?post=12401"}],"version-history":[{"count":0,"href":"https:\/\/sunsmiletravel.com\/pt-br\/wp-json\/wp\/v2\/product\/12401\/revisions"}],"wp:featuredmedia":[{"embeddable":true,"href":"https:\/\/sunsmiletravel.com\/pt-br\/wp-json\/wp\/v2\/media\/11490"}],"wp:attachment":[{"href":"https:\/\/sunsmiletravel.com\/pt-br\/wp-json\/wp\/v2\/media?parent=12401"}],"wp:term":[{"taxonomy":"product_brand","embeddable":true,"href":"https:\/\/sunsmiletravel.com\/pt-br\/wp-json\/wp\/v2\/product_brand?post=12401"},{"taxonomy":"product_cat","embeddable":true,"href":"https:\/\/sunsmiletravel.com\/pt-br\/wp-json\/wp\/v2\/product_cat?post=12401"},{"taxonomy":"product_tag","embeddable":true,"href":"https:\/\/sunsmiletravel.com\/pt-br\/wp-json\/wp\/v2\/product_tag?post=12401"}],"curies":[{"name":"wp","href":"https:\/\/api.w.org\/{rel}","templated":true}]}}