{"id":12570,"date":"2026-03-12T15:27:31","date_gmt":"2026-03-12T12:27:31","guid":{"rendered":"https:\/\/sunsmiletravel.com\/passeios-pela-capadocia-saindo-de-istambul\/"},"modified":"2026-04-17T15:58:39","modified_gmt":"2026-04-17T12:58:39","slug":"passeios-pela-capadocia-saindo-de-istambul","status":"publish","type":"product","link":"https:\/\/sunsmiletravel.com\/pt-br\/passeios-pela-capadocia-saindo-de-istambul\/","title":{"rendered":"Passeios pela Capad\u00f3cia saindo de Istambul"},"content":{"rendered":"<h1 data-section-id=\"18dewdm\" data-start=\"574\" data-end=\"622\">Passeios pela Capad\u00f3cia saindo de Istambul \u2013 Ida e volta no mesmo dia<\/h1>\n<p data-start=\"624\" data-end=\"986\">Nosso programa Passeios pela Capad\u00f3cia saindo de Istambul \u2013 Ida e Volta no Mesmo Dia foi criado para viajantes que desejam explorar as paisagens m\u00e1gicas da Capad\u00f3cia em apenas um dia.<br \/>Com voos no in\u00edcio da manh\u00e3, transfers de aeroporto e um Mix Tour guiado pela Capad\u00f3cia, voc\u00ea poder\u00e1 descobrir os vales mais famosos da regi\u00e3o, as chamin\u00e9s de fada e importantes locais hist\u00f3ricos, sem precisar passar a noite na Capad\u00f3cia. <\/p>\n<p data-start=\"988\" data-end=\"1169\">Este passeio de um dia pela Capad\u00f3cia saindo de Istambul inclui transporte confort\u00e1vel, guias profissionais e experi\u00eancias opcionais, como o famoso voo de bal\u00e3o de ar quente na Capad\u00f3cia.<\/p>\n<hr data-start=\"1171\" data-end=\"1174\">\n<h3>Programa do Tour \u2013 Passeio de um dia pela Capad\u00f3cia saindo de Istambul<\/h3>\n<h2 data-section-id=\"1heqjbz\" data-start=\"1228\" data-end=\"1267\">De manh\u00e3 cedo \u2013 Voo saindo de Istambul<\/h2>\n<p data-start=\"1269\" data-end=\"1376\">Sua jornada Cappadocia Tours From Istanbul Same Day Return come\u00e7a com a coleta no hotel nas primeiras horas da manh\u00e3.<\/p>\n<p data-start=\"1378\" data-end=\"1449\">Transfer para:<br data-start=\"1390\" data-end=\"1393\">\u2022 Aeroporto de Istambul (IST)<br data-start=\"1417\" data-end=\"1420\">\u2022 Aeroporto Sabiha G\u00f6k\u00e7en (SAW)<\/p>\n<p data-start=\"1451\" data-end=\"1485\">Voo para a Capad\u00f3cia (opcional).<\/p>\n<p data-start=\"1487\" data-end=\"1545\">Aeroportos de chegada:<br data-start=\"1504\" data-end=\"1507\">\u2022 Aeroporto de Kayseri<br data-start=\"1524\" data-end=\"1527\">\u2022 Aeroporto de Nev\u015fehir<\/p>\n<h2 data-section-id=\"1nf12sy\" data-start=\"1552\" data-end=\"1576\">Arrival in Cappadocia<\/h2>\n<p data-start=\"1578\" data-end=\"1675\">Na chegada, o seu guia ir\u00e1 encontr\u00e1-lo no aeroporto e o Cappadocia Mix Tour ter\u00e1 in\u00edcio.<\/p>\n<h1 data-section-id=\"1cdruxy\" data-start=\"1682\" data-end=\"1714\">Destaques do Cappadocia Mix Tour<\/h1>\n<p data-start=\"1716\" data-end=\"1836\">Durante o Cappadocia Tours From Istanbul Same Day Return, voc\u00ea visitar\u00e1 as atra\u00e7\u00f5es mais famosas da regi\u00e3o:<\/p>\n<p data-start=\"1838\" data-end=\"2009\">\u2022 Panorama de G\u00f6reme<br data-start=\"1855\" data-end=\"1858\">\u2022 Museu ao Ar Livre de G\u00f6reme<br data-start=\"1882\" data-end=\"1885\">\u2022 Pa\u015faba\u011f (Vale dos Monges)<br data-start=\"1909\" data-end=\"1912\">\u2022 Vale de Devrent<br data-start=\"1928\" data-end=\"1931\">\u2022 Oficina de Cer\u00e2mica em Avanos<br data-start=\"1956\" data-end=\"1959\">\u2022 Castelo de U\u00e7hisar<br data-start=\"1975\" data-end=\"1978\">\u2022 Almo\u00e7o em restaurante local<\/p>\n<p data-start=\"2011\" data-end=\"2146\">Este tour combina os pontos tur\u00edsticos mais populares do Red Tour e do Green Tour, criando a experi\u00eancia perfeita do Cappadocia Mix Tour.<\/p>\n<h1 data-section-id=\"ztj0h2\" data-start=\"2562\" data-end=\"2592\">Noite \u2013 Retorno a Istambul<\/h1>\n<p data-start=\"2594\" data-end=\"2707\">Ap\u00f3s concluir o Cappadocia Tours From Istanbul Same Day Return, voc\u00ea ser\u00e1 transferido para o aeroporto.<\/p>\n<p data-start=\"2709\" data-end=\"2757\">Voo da Capad\u00f3cia para Istambul (opcional).<\/p>\n<p data-start=\"2759\" data-end=\"2813\">Na chegada a Istambul, traslado de volta ao seu hotel.<\/p>\n<h1 data-section-id=\"w4n1am\" data-start=\"3149\" data-end=\"3209\">Por que escolher o Cappadocia Tours From Istanbul Same Day Return?<\/h1>\n<p data-start=\"3211\" data-end=\"3443\">\u2714 Visite a Capad\u00f3cia em um dia<br data-start=\"3240\" data-end=\"3243\">\u2714 Perfeito para estadias curtas em Istambul<br data-start=\"3280\" data-end=\"3283\">\u2714 Guias profissionais e transporte confort\u00e1vel<br data-start=\"3330\" data-end=\"3333\">\u2714 Op\u00e7\u00f5es flex\u00edveis com voos e atividades<br data-start=\"3379\" data-end=\"3382\">\u2714 Visite os vales mais famosos e os locais hist\u00f3ricos da Capad\u00f3cia<\/p>\n<p data-start=\"3445\" data-end=\"3578\">O nosso Cappadocia Tours From Istanbul Same Day Return \u00e9 a melhor maneira de conhecer os principais destaques da Capad\u00f3cia de forma r\u00e1pida e confort\u00e1vel.<\/p>\n<h1 data-section-id=\"u3lsf7\" data-start=\"3585\" data-end=\"3638\">Reserve o Cappadocia Tours From Istanbul Same Day Return<\/h1>\n<p data-start=\"3640\" data-end=\"3741\">Experimente a beleza da Capad\u00f3cia com um passeio de um dia perfeitamente organizado saindo de Istambul.<\/p>\n<p data-start=\"3743\" data-end=\"3902\">Entre em contato conosco hoje mesmo para reservar o seu Cappadocia Tours From Istanbul Same Day Return e descubra as chamin\u00e9s de fada, os vales e as paisagens \u00fanicas da Capad\u00f3cia.<\/p>\n<div class=\"row\"  id=\"row-764207886\">\n\n\t<div id=\"col-442822622\" class=\"col medium-4 small-12 large-4\"  >\n\t\t\t\t<div class=\"col-inner\"  >\n\t\t\t\n\t\t\t\n<h3 data-section-id=\"1rf3rnq\" data-start=\"2991\" data-end=\"3010\">Servi\u00e7os Opcionais<\/h3>\n<p data-start=\"3012\" data-end=\"3142\">\u2022 Voos dom\u00e9sticos (Istambul \u2013 Capad\u00f3cia \u2013 Istambul)<br data-start=\"3065\" data-end=\"3068\">\u2022 Passeio de bal\u00e3o de ar quente<br data-start=\"3090\" data-end=\"3093\">\u2022 Tour de ATV (quadriciclo)<br data-start=\"3103\" data-end=\"3106\">\u2022 Saf\u00e1ri de jipe<br data-start=\"3119\" data-end=\"3122\">\u2022 Show Noite Turca<\/p>\n\t\t<\/div>\n\t\t\t\t\t<\/div>\n\n\t\n\n\t<div id=\"col-1125480765\" class=\"col medium-3 small-12 large-3\"  >\n\t\t\t\t<div class=\"col-inner\"  >\n\t\t\t\n\t\t\t\n<h3 data-section-id=\"6nrapc\" data-start=\"2820\" data-end=\"2839\">Servi\u00e7os Inclu\u00eddos<\/h3>\n<p data-start=\"2841\" data-end=\"2984\">\u2714 Traslados de aeroporto na Capad\u00f3cia<br data-start=\"2871\" data-end=\"2874\">\u2714 Guia tur\u00edstico profissional<br data-start=\"2899\" data-end=\"2902\">\u2714 Cappadocia Mix Tour<br data-start=\"2923\" data-end=\"2926\">\u2714 Almo\u00e7o durante o tour<br data-start=\"2949\" data-end=\"2952\">\u2714 Transporte durante o tour<\/p>\n\t\t<\/div>\n\t\t\t\t\t<\/div>\n\n\t\n\n\t<div id=\"col-415756147\" class=\"col medium-5 small-12 large-5\"  >\n\t\t\t\t<div class=\"col-inner\"  >\n\t\t\t\n\t\t\t\n<h3 data-section-id=\"1i6uswz\" data-start=\"2153\" data-end=\"2174\">Atividades opcionais<\/h3>\n<p data-section-id=\"1i6uswz\" data-start=\"2153\" data-end=\"2174\">Para tornar a sua viagem ainda mais memor\u00e1vel, voc\u00ea pode adicionar experi\u00eancias opcionais:<\/p>\n<p data-start=\"2250\" data-end=\"2391\">\ud83c\udf88 Passeio de Bal\u00e3o de Ar Quente na Capad\u00f3cia<br \/>\nA atividade mais ic\u00f4nica da Capad\u00f3cia, oferecendo vistas deslumbrantes ao nascer do sol sobre as chamin\u00e9s de fada.<br data-start=\"2288\" data-end=\"2291\">\ud83c\udfce Tour de ATV (Quadriciclo)<br \/>\nExplore vales e trilhas off-road na Capad\u00f3cia.<br data-start=\"2415\" data-end=\"2418\">\ud83d\ude99 Jeep Safari<br data-start=\"2493\" data-end=\"2496\">Descubra vales escondidos e aproveite vistas espetaculares do p\u00f4r do sol.<\/p>\n\t\t<\/div>\n\t\t\t\t\t<\/div>\n\n\t\n<\/div>\n","protected":false},"excerpt":{"rendered":"<p>Passeios pela Capad\u00f3cia saindo de Istambul \u2013 Ida e volta no mesmo dia Nosso programa Passeios pela Capad\u00f3cia saindo de Istambul \u2013 Ida e Volta no Mesmo Dia foi criado para viajantes que desejam explorar as paisagens m\u00e1gicas da Capad\u00f3cia em apenas um dia.Com voos no in\u00edcio da manh\u00e3, transfers de aeroporto e um Mix [&#8230;]\n","protected":false},"featured_media":12434,"comment_status":"open","ping_status":"closed","template":"","meta":{"footnotes":""},"product_brand":[],"product_cat":[201],"product_tag":[],"class_list":{"0":"post-12570","1":"product","2":"type-product","3":"status-publish","4":"has-post-thumbnail","6":"product_cat-uncategorized-pt-br","8":"first","9":"instock","10":"shipping-taxable","11":"product-type-simple"},"_links":{"self":[{"href":"https:\/\/sunsmiletravel.com\/pt-br\/wp-json\/wp\/v2\/product\/12570","targetHints":{"allow":["GET"]}}],"collection":[{"href":"https:\/\/sunsmiletravel.com\/pt-br\/wp-json\/wp\/v2\/product"}],"about":[{"href":"https:\/\/sunsmiletravel.com\/pt-br\/wp-json\/wp\/v2\/types\/product"}],"replies":[{"embeddable":true,"href":"https:\/\/sunsmiletravel.com\/pt-br\/wp-json\/wp\/v2\/comments?post=12570"}],"version-history":[{"count":2,"href":"https:\/\/sunsmiletravel.com\/pt-br\/wp-json\/wp\/v2\/product\/12570\/revisions"}],"predecessor-version":[{"id":12573,"href":"https:\/\/sunsmiletravel.com\/pt-br\/wp-json\/wp\/v2\/product\/12570\/revisions\/12573"}],"wp:featuredmedia":[{"embeddable":true,"href":"https:\/\/sunsmiletravel.com\/pt-br\/wp-json\/wp\/v2\/media\/12434"}],"wp:attachment":[{"href":"https:\/\/sunsmiletravel.com\/pt-br\/wp-json\/wp\/v2\/media?parent=12570"}],"wp:term":[{"taxonomy":"product_brand","embeddable":true,"href":"https:\/\/sunsmiletravel.com\/pt-br\/wp-json\/wp\/v2\/product_brand?post=12570"},{"taxonomy":"product_cat","embeddable":true,"href":"https:\/\/sunsmiletravel.com\/pt-br\/wp-json\/wp\/v2\/product_cat?post=12570"},{"taxonomy":"product_tag","embeddable":true,"href":"https:\/\/sunsmiletravel.com\/pt-br\/wp-json\/wp\/v2\/product_tag?post=12570"}],"curies":[{"name":"wp","href":"https:\/\/api.w.org\/{rel}","templated":true}]}}