{"id":6524,"date":"2022-03-31T11:28:41","date_gmt":"2022-03-31T08:28:41","guid":{"rendered":"https:\/\/sunsmiletravel.com\/tour\/tour-vermelho-na-capadocia-passeio-norte\/"},"modified":"2025-02-06T03:27:08","modified_gmt":"2025-02-06T00:27:08","slug":"tour-vermelho-na-capadocia","status":"publish","type":"product","link":"https:\/\/sunsmiletravel.com\/pt-br\/tour-vermelho-na-capadocia\/","title":{"rendered":"Tour Vermelho Na Capad\u00f3cia (Passeio Norte)"},"content":{"rendered":"<h2>Detalhes da Tour Vermelho Na Capad\u00f3cia<\/h2>\n<p>Existem tr\u00eas passeios principais na Capad\u00f3cia e o Cappadocia Red Tour \u00e9 um dos mais populares. Este passeio tamb\u00e9m \u00e9 conhecido como Cappadocia North Tour. Cada uma de nossas op\u00e7\u00f5es de passeio \u00e9 acompanhada por guias tur\u00edsticos experientes e licenciados.  <\/p>\n<p><img loading=\"lazy\" decoding=\"async\" class=\"alignnone wp-image-2227 size-full\" src=\"https:\/\/sunsmiletravel.com\/wp-content\/uploads\/2021\/02\/pasabaglari.jpg\" alt=\"Tour-Vermelho-Na-Capad\u00f3cia\" width=\"1600\" height=\"700\" srcset=\"https:\/\/sunsmiletravel.com\/wp-content\/uploads\/2021\/02\/pasabaglari.jpg 1600w, https:\/\/sunsmiletravel.com\/wp-content\/uploads\/2021\/02\/pasabaglari-800x350.jpg 800w, https:\/\/sunsmiletravel.com\/wp-content\/uploads\/2021\/02\/pasabaglari-300x131.jpg 300w, https:\/\/sunsmiletravel.com\/wp-content\/uploads\/2021\/02\/pasabaglari-1024x448.jpg 1024w, https:\/\/sunsmiletravel.com\/wp-content\/uploads\/2021\/02\/pasabaglari-768x336.jpg 768w, https:\/\/sunsmiletravel.com\/wp-content\/uploads\/2021\/02\/pasabaglari-1536x672.jpg 1536w\" sizes=\"auto, (max-width: 1600px) 100vw, 1600px\" \/><\/p>\n<p>Tour Vermelho Na Capad\u00f3cia, voc\u00ea libertar\u00e1 sua mente visitando os pontos tur\u00edsticos \u00fanicos da Capad\u00f3cia e admirando o que a natureza pode criar. Al\u00e9m dessas paisagens deslumbrantes, cada lugar que visitaremos durante nossa excurs\u00e3o ao norte da Capad\u00f3cia ter\u00e1 uma base registrada semelhante que ap\u00f3ia v\u00e1rios avan\u00e7os humanos. <\/p>\n<p>Tour Vermelho Na Capad\u00f3cia (Passeio Norte) \u00e9 o que voc\u00ea est\u00e1 procurando caso precise visitar esses impressionantes vales multicoloridos cheios de cavernas e cidades subterr\u00e2neas. Desta forma, voc\u00ea vai querer investigar a Capad\u00f3cia tanto geol\u00f3gica quanto historicamente. Particularmente se voc\u00ea \u00e9 um explorador que est\u00e1 continuamente faminto por informa\u00e7\u00f5es, voc\u00ea definitivamente deveria se interessar por este programa: voc\u00ea expandir\u00e1 sua mente e alma atrav\u00e9s de tudo o que ver\u00e1 e aprender\u00e1.  <\/p>\n<p>Se voc\u00ea estiver interessado em outros passeios regulares, consulte este <a href=\"https:\/\/sunsmiletravel.com\/tours-activities\/\">link<\/a>.<br \/>\nAqui est\u00e1 um \u00f3timo passeio de drone pela <a href=\"https:\/\/www.youtube.com\/watch?v=f3lv65BFmaA&amp;ab_channel=BeautifulDestinations\" target=\"_blank\" rel=\"noopener\">Capad\u00f3cia<\/a><\/p>\n<p>O hor\u00e1rio de embarque para o North Tour \u00e9 entre 9h30 e 10h, e o passeio termina por volta das 16h30.<\/p>\n<p><span style=\"color: #ed1c24;\"><strong>PS: Crian\u00e7as menores de 8 anos n\u00e3o pagam no tour vermelho da Capad\u00f3cia . <\/strong><\/span><\/p>\n<h3>As nossas viagens s\u00e3o organizadas com guias profissionais ingleses, guias espanh\u00f3is, guias portugueses e guias chineses.<br \/>\nTodas as excurs\u00f5es s\u00e3o organizadas na sua l\u00edngua.<\/h3>\n<h3>Para uma melhor experi\u00eancia, por favor considere as seguintes dicas;<\/h3>\n[su_list icon=&#8221;icon: hand-o-right&#8221; icon_color=&#8221;#D63F0D&#8221;]\n<ul>\n<li>Verifique a previs\u00e3o do tempo e vista-se de acordo.<\/li>\n<li>Use sapatos confort\u00e1veis e antiderrapantes.<\/li>\n<li>Traga seus \u00f3culos de sol e chap\u00e9u (especialmente no ver\u00e3o)<\/li>\n<li>Traga dinheiro para suas despesas<\/li>\n<li>N\u00e3o se esque\u00e7a de carregar seus dispositivos port\u00e1teis<\/li>\n<\/ul>\n[\/su_list]\n<h3>Quais lugares s\u00e3o visitados nesse passeio?<\/h3>\n[su_list icon=&#8221;icon: location-arrow&#8221; icon_color=&#8221;#D63F0D&#8221;]\n<ul>\n<li><strong>Castelo de U\u00e7hisar<\/strong> : O primeiro lugar do nosso tour vermelho na Capad\u00f3cia \u00e9 o Castelo de U\u00e7hisar , localizado no ponto mais alto do centro da Capad\u00f3cia e cativa voc\u00ea com sua paisagem deslumbrante.<\/li>\n<li><strong>G\u00f6reme Open Air Museum<\/strong>: O museu \u00e9 um dos maiores complexos mon\u00e1sticos e centros religiosos. Com suas encantadoras igrejas rupestres e pinturas, o museu ao ar livre de G\u00f6reme atrai milh\u00f5es de visitantes todos os anos.  Vale do Amor: Onde voc\u00ea pode admirar as mais incr\u00edveis chamin\u00e9s de fada em forma de pilar.<\/li>\n<li><strong>Vale do Amor<\/strong>:Para dizer o m\u00ednimo, Love Valley \u00e9 um vale secreto com belas forma\u00e7\u00f5es rochosas vulc\u00e2nicas.<\/li>\n<li><strong>Almo\u00e7o<\/strong> servido em restaurante tradicional local.<\/li>\n<li><strong>Avanos (Demonstra\u00e7\u00e3o de Cer\u00e2mica):<\/strong> Muitos homens na cidade s\u00e3o talentosos na fabrica\u00e7\u00e3o de cer\u00e2mica e cer\u00e2mica em Avanos . Cer\u00e2mica foi entregue a esta \u00e1rea desde cerca de 2000 a. C., a \u00e9poca dos hititas. <\/li>\n<li><strong>Imagination Valley<\/strong> (tamb\u00e9m conhecido como Devrent Valley ): Este lugar \u00fanico \u00e9 repleto de chamin\u00e9s de fada que lembram algumas coisas espec\u00edficas, como animais e figuras.<\/li>\n<li><strong>Pasaba\u011f<\/strong> (tamb\u00e9m conhecido como Vale dos Monges): Este lugar \u00e9 um dos mais interessantes com suas colossais chamin\u00e9s de tr\u00eas cabe\u00e7as. Os eremitas que ali viviam foram inspirados por San Simon e esculpiram suas celas admirando seu modo de vida. <\/li>\n<\/ul>\n[\/su_list]\n<h3> O que est\u00e1 inclu\u00eddo?<\/h3>\n[su_list icon=&#8221;icon: check&#8221; icon_color=&#8221;#D63F0D&#8221;]\n<ul>\n<li>Guias tur\u00edsticos licenciados profissionais.<\/li>\n<li>Servi\u00e7o de coleta e devolu\u00e7\u00e3o com ve\u00edculos climatizados.<\/li>\n<li>Ingressos para museus<\/li>\n<li>Almo\u00e7o em restaurante tradicional local.<\/li>\n<li>Uma garrafa de meio litro de \u00e1gua por pessoa<\/li>\n<li>Impostos<\/li>\n<\/ul>\n[\/su_list]\n<h3> O que \u00e9 exclu\u00eddo?<\/h3>\n[su_list icon=&#8221;icon: remove&#8221; icon_color=&#8221;#D63F0D&#8221;]\n<ul>\n<li>Bebidas no almo\u00e7o<\/li>\n<li>Despesas pessoais<\/li>\n<li>Pontas<\/li>\n<\/ul>\n[\/su_list]\n","protected":false},"excerpt":{"rendered":"<p>Detalhes da Tour Vermelho Na Capad\u00f3cia Existem tr\u00eas passeios principais na Capad\u00f3cia e o Cappadocia Red Tour \u00e9 um dos mais populares. Este passeio tamb\u00e9m \u00e9 conhecido como Cappadocia North Tour. Cada uma de nossas op\u00e7\u00f5es de passeio \u00e9 acompanhada por guias tur\u00edsticos experientes e licenciados. Tour Vermelho Na Capad\u00f3cia, voc\u00ea libertar\u00e1 sua mente visitando [&#8230;]\n","protected":false},"featured_media":8556,"comment_status":"open","ping_status":"closed","template":"","meta":{"footnotes":""},"product_brand":[],"product_cat":[203,207,267],"product_tag":[],"class_list":{"0":"post-6524","1":"product","2":"type-product","3":"status-publish","4":"has-post-thumbnail","6":"product_cat-passeios-regulares","7":"product_cat-actividades-pt-br","8":"product_cat-capadocia","10":"first","11":"instock","12":"virtual","13":"sold-individually","14":"purchasable","15":"product-type-booking"},"_links":{"self":[{"href":"https:\/\/sunsmiletravel.com\/pt-br\/wp-json\/wp\/v2\/product\/6524","targetHints":{"allow":["GET"]}}],"collection":[{"href":"https:\/\/sunsmiletravel.com\/pt-br\/wp-json\/wp\/v2\/product"}],"about":[{"href":"https:\/\/sunsmiletravel.com\/pt-br\/wp-json\/wp\/v2\/types\/product"}],"replies":[{"embeddable":true,"href":"https:\/\/sunsmiletravel.com\/pt-br\/wp-json\/wp\/v2\/comments?post=6524"}],"version-history":[{"count":0,"href":"https:\/\/sunsmiletravel.com\/pt-br\/wp-json\/wp\/v2\/product\/6524\/revisions"}],"wp:featuredmedia":[{"embeddable":true,"href":"https:\/\/sunsmiletravel.com\/pt-br\/wp-json\/wp\/v2\/media\/8556"}],"wp:attachment":[{"href":"https:\/\/sunsmiletravel.com\/pt-br\/wp-json\/wp\/v2\/media?parent=6524"}],"wp:term":[{"taxonomy":"product_brand","embeddable":true,"href":"https:\/\/sunsmiletravel.com\/pt-br\/wp-json\/wp\/v2\/product_brand?post=6524"},{"taxonomy":"product_cat","embeddable":true,"href":"https:\/\/sunsmiletravel.com\/pt-br\/wp-json\/wp\/v2\/product_cat?post=6524"},{"taxonomy":"product_tag","embeddable":true,"href":"https:\/\/sunsmiletravel.com\/pt-br\/wp-json\/wp\/v2\/product_tag?post=6524"}],"curies":[{"name":"wp","href":"https:\/\/api.w.org\/{rel}","templated":true}]}}