{"id":6543,"date":"2022-03-31T11:26:25","date_gmt":"2022-03-31T08:26:25","guid":{"rendered":"https:\/\/sunsmiletravel.com\/tour\/tour-verde-na-capadocia-excursao-ao-sul\/"},"modified":"2026-05-05T11:16:52","modified_gmt":"2026-05-05T08:16:52","slug":"tour-verde-na-capadocia","status":"publish","type":"product","link":"https:\/\/sunsmiletravel.com\/pt-br\/tour-verde-na-capadocia\/","title":{"rendered":"Tour Verde Na Capad\u00f3cia (excurs\u00e3o ao sul)"},"content":{"rendered":"<h2>Detalhes do tour verde na Capad\u00f3cia<\/h2>\n<p>Tour Verde Na Capad\u00f3cia \u00e9 outro popular na regi\u00e3o e tamb\u00e9m \u00e9 conhecido como Excurs\u00e3o ao sul. O passeio verde \u00e9 um pouco mais longo que o passeio vermelho e se voc\u00ea tiver dois dias livres para os passeios, o passeio verde ser\u00e1 a melhor op\u00e7\u00e3o para o seu segundo dia. Nesta excurs\u00e3o, voc\u00ea ver\u00e1 as partes mais espetaculares da Capad\u00f3cia e aprender\u00e1 por que \u00e9 um dos destinos tur\u00edsticos mais populares da Turquia.  <\/p>\n<p><img loading=\"lazy\" decoding=\"async\" class=\"alignnone wp-image-2240 size-full\" src=\"https:\/\/sunsmiletravel.com\/wp-content\/uploads\/2021\/02\/redvalley.jpg\" alt=\"Tour Verde Na Capad\u00f3cia\" width=\"1600\" height=\"700\" srcset=\"https:\/\/sunsmiletravel.com\/wp-content\/uploads\/2021\/02\/redvalley.jpg 1600w, https:\/\/sunsmiletravel.com\/wp-content\/uploads\/2021\/02\/redvalley-800x350.jpg 800w, https:\/\/sunsmiletravel.com\/wp-content\/uploads\/2021\/02\/redvalley-300x131.jpg 300w, https:\/\/sunsmiletravel.com\/wp-content\/uploads\/2021\/02\/redvalley-1024x448.jpg 1024w, https:\/\/sunsmiletravel.com\/wp-content\/uploads\/2021\/02\/redvalley-768x336.jpg 768w, https:\/\/sunsmiletravel.com\/wp-content\/uploads\/2021\/02\/redvalley-1536x672.jpg 1536w\" sizes=\"auto, (max-width: 1600px) 100vw, 1600px\" \/><\/p>\n<p>Excurs\u00e3o verde de dia inteiro na Capad\u00f3cia inclui algumas das principais atra\u00e7\u00f5es da regi\u00e3o, incluindo forma\u00e7\u00f5es rochosas incomuns, vistas panor\u00e2micas, caminhadas pelo vale, paisagens naturais \u00fanicas e, claro, a cidade subterr\u00e2nea de Kaymakl\u0131 , que \u00e9 uma das mais populares da Capad\u00f3cia . Deixe a Capad\u00f3cia cumpriment\u00e1-lo em todo o seu esplendor, incluindo uma combina\u00e7\u00e3o incompar\u00e1vel de marrom, vermelho e verde! Um <a href=\"https:\/\/sunsmiletravel.com\/tour\/cappadocia-horseback-riding\/\">passeio a cavalo<\/a> \u00e9 outra grande aventura nos vales da Capad\u00f3cia, se voc\u00ea estiver interessado.  Aqui est\u00e1 um \u00f3timo passeio de drone pelo <a href=\"https:\/\/www.youtube.com\/watch?v=mgzopZfpHj4&amp;ab_channel=MotorumlaNET\" target=\"_blank\" rel=\"noopener\">Vale Vermelho e Vale Rosa<\/a> <\/p>\n<p>hor\u00e1rio de sa\u00edda do passeio verde da Capad\u00f3cia \u00e9 entre 09:30 e 10:00, o passeio termina por volta das 17:00.<\/p>\n<p><strong><span style=\"color: #ed1c24;\">PS: Crian\u00e7as menores de 8 anos n\u00e3o pagam!<\/span><\/strong><\/p>\n<p><strong>As nossas viagens s\u00e3o organizadas com guias profissionais ingleses, guias espanh\u00f3is, guias portugueses e guias chineses.<\/strong><br \/>\n<strong>Todas as excurs\u00f5es s\u00e3o organizadas na sua l\u00edngua.<\/strong><\/p>\n<h3>Para uma melhor experi\u00eancia, por favor considere as seguintes dicas;<\/h3>\n<ul>\n<li>Verifique a previs\u00e3o do tempo e vista-se de acordo.<\/li>\n<li>Observe que o passeio pela Capad\u00f3cia inclui caminhada e n\u00e3o \u00e9 adequado para pessoas com dificuldades de locomo\u00e7\u00e3o.<\/li>\n<li>A cidade subterr\u00e2nea \u00e9 um espa\u00e7o confinado, informe seu guia se voc\u00ea for claustrof\u00f3bico.<\/li>\n<li>Use sapatos confort\u00e1veis e antiderrapantes.<\/li>\n<li>Traga seus \u00f3culos de sol e chap\u00e9u (especialmente no ver\u00e3o)<\/li>\n<li>Traga dinheiro para suas despesas<\/li>\n<li>N\u00e3o se esque\u00e7a de carregar seus dispositivos port\u00e1teis<\/li>\n<\/ul>\n<h3>Quais lugares s\u00e3o visitados nesse passeio?<\/h3>\n<ul>\n<li>Castelo de Ortahisar (Vista panor\u00e2mica): Um dos vilarejos mais aut\u00eanticos da Capad\u00f3cia, com uma bela vista panor\u00e2mica<\/li>\n<li>Mustafapa\u015fa (Sinasos) \u2013 Vila grega: Uma antiga vila grega famosa por suas casas de pedra e sua arquitetura hist\u00f3rica<\/li>\n<li>Ke\u015flik Monastery: Um complexo mon\u00e1stico escondido conhecido por seus afrescos bem preservados.<\/li>\n<li>Vale de So\u011fanl\u0131: Um passeio tranquilo pelo vale de So\u011fanl\u0131, onde \u00e9 poss\u00edvel caminhar pelo c\u00e2nion, observar suas igrejas rupestres e desfrutar de um ambiente semelhante a um o\u00e1sis<\/li>\n<li>Almo\u00e7o em restaurante local<\/li>\n<li><strong data-start=\"646\" data-end=\"681\">Ciudad subterr\u00e1nea de Kaymakl\u0131:<\/strong> Una maravilla de la ingenier\u00eda antigua, el asentamiento temporal m\u00e1s grande de muchas civilizaciones locales, con m\u00e1s de 4000 a\u00f1os de historia y miembro de la UNESCO<\/li>\n<li><strong data-start=\"851\" data-end=\"876\">Valle de las palomas:<\/strong> Un hermoso valle donde se pueden tomar fant\u00e1sticas fotos de palomas, palomares y \u00e1rboles decorados con piedras azules turcas<\/li>\n<li><strong data-start=\"1005\" data-end=\"1032\">Artesan\u00eda de Capadocia:<\/strong> Demostraci\u00f3n de artesan\u00eda tradicional local<\/li>\n<\/ul>\n<h3>O que est\u00e1 inclu\u00eddo?<\/h3>\n<ul>\n<li>Guias tur\u00edsticos licenciados profissionais.<\/li>\n<li>Servi\u00e7o de coleta e devolu\u00e7\u00e3o com ve\u00edculos climatizados.<\/li>\n<li>Ingressos para museus<\/li>\n<li>Almo\u00e7o em restaurante tradicional local.<\/li>\n<li>Garrafa de \u00e1gua de 0,5 L por pessoa<\/li>\n<li>Impostos<\/li>\n<\/ul>\n<h3>O que \u00e9 exclu\u00eddo?<\/h3>\n<ul>\n<li>Bebidas no almo\u00e7o<\/li>\n<li>Despesas pessoais<\/li>\n<li>Pontas<\/li>\n<\/ul>\n","protected":false},"excerpt":{"rendered":"<p>Detalhes do tour verde na Capad\u00f3cia Tour Verde Na Capad\u00f3cia \u00e9 outro popular na regi\u00e3o e tamb\u00e9m \u00e9 conhecido como Excurs\u00e3o ao sul. O passeio verde \u00e9 um pouco mais longo que o passeio vermelho e se voc\u00ea tiver dois dias livres para os passeios, o passeio verde ser\u00e1 a melhor op\u00e7\u00e3o para o seu [&#8230;]\n","protected":false},"featured_media":8488,"comment_status":"open","ping_status":"closed","template":"","meta":{"footnotes":""},"product_brand":[],"product_cat":[203,207,267,272],"product_tag":[],"class_list":{"0":"post-6543","1":"product","2":"type-product","3":"status-publish","4":"has-post-thumbnail","6":"product_cat-passeios-regulares","7":"product_cat-actividades-pt-br","8":"product_cat-capadocia","9":"product_cat-tours-diarios","11":"first","12":"instock","13":"virtual","14":"sold-individually","15":"purchasable","16":"product-type-booking"},"_links":{"self":[{"href":"https:\/\/sunsmiletravel.com\/pt-br\/wp-json\/wp\/v2\/product\/6543","targetHints":{"allow":["GET"]}}],"collection":[{"href":"https:\/\/sunsmiletravel.com\/pt-br\/wp-json\/wp\/v2\/product"}],"about":[{"href":"https:\/\/sunsmiletravel.com\/pt-br\/wp-json\/wp\/v2\/types\/product"}],"replies":[{"embeddable":true,"href":"https:\/\/sunsmiletravel.com\/pt-br\/wp-json\/wp\/v2\/comments?post=6543"}],"version-history":[{"count":2,"href":"https:\/\/sunsmiletravel.com\/pt-br\/wp-json\/wp\/v2\/product\/6543\/revisions"}],"predecessor-version":[{"id":12624,"href":"https:\/\/sunsmiletravel.com\/pt-br\/wp-json\/wp\/v2\/product\/6543\/revisions\/12624"}],"wp:featuredmedia":[{"embeddable":true,"href":"https:\/\/sunsmiletravel.com\/pt-br\/wp-json\/wp\/v2\/media\/8488"}],"wp:attachment":[{"href":"https:\/\/sunsmiletravel.com\/pt-br\/wp-json\/wp\/v2\/media?parent=6543"}],"wp:term":[{"taxonomy":"product_brand","embeddable":true,"href":"https:\/\/sunsmiletravel.com\/pt-br\/wp-json\/wp\/v2\/product_brand?post=6543"},{"taxonomy":"product_cat","embeddable":true,"href":"https:\/\/sunsmiletravel.com\/pt-br\/wp-json\/wp\/v2\/product_cat?post=6543"},{"taxonomy":"product_tag","embeddable":true,"href":"https:\/\/sunsmiletravel.com\/pt-br\/wp-json\/wp\/v2\/product_tag?post=6543"}],"curies":[{"name":"wp","href":"https:\/\/api.w.org\/{rel}","templated":true}]}}