{"id":6544,"date":"2022-03-31T11:22:06","date_gmt":"2022-03-31T08:22:06","guid":{"rendered":"https:\/\/sunsmiletravel.com\/tour\/show-noturno-turco-show-tradicional-de-danca-e-musica\/"},"modified":"2022-03-31T11:22:06","modified_gmt":"2022-03-31T08:22:06","slug":"show-noturno-turco","status":"publish","type":"product","link":"https:\/\/sunsmiletravel.com\/pt-br\/show-noturno-turco\/","title":{"rendered":"Show Noturno Turco (Show tradicional de dan\u00e7a e m\u00fasica)"},"content":{"rendered":"<h2 align=\"left\">Detalhes do show noturno turco na Capad\u00f3cia<\/h2>\n<p align=\"left\">O dia na Capad\u00f3cia come\u00e7a com um passeio de bal\u00e3o de ar quente ao nascer do sol, visitando os belos vales e edif\u00edcios hist\u00f3ricos da regi\u00e3o ao longo do dia, apreciando a magn\u00edfica vista da Capad\u00f3cia ao p\u00f4r do sol e completando com um Show noturno turco que promove a cultura.<\/p>\n<p align=\"left\">A programa\u00e7\u00e3o da Noite Turca acontece em restaurantes localizados nas regi\u00f5es de U\u00e7hisar e Avanos . A principal caracter\u00edstica desses restaurantes \u00e9 que eles est\u00e3o localizados entre as estruturas hist\u00f3ricas esculpidas em pedra e cavernas da regi\u00e3o. Dan\u00e7as folcl\u00f3ricas de diferentes regi\u00f5es da Turquia, apresenta\u00e7\u00f5es orientais e apresenta\u00e7\u00f5es de dervixes rodopiantes s\u00e3o exibidas na atmosfera impressionante desses restaurantes. Al\u00e9m disso, iguarias especiais e comidas famosas da culin\u00e1ria turca s\u00e3o servidas aos convidados com os deliciosos vinhos da Capad\u00f3cia .   <\/p>\n<p align=\"left\"><img loading=\"lazy\" decoding=\"async\" class=\"alignnone wp-image-1898 size-full\" src=\"http:\/\/cappadocia.magicmaptravel.com\/wp-content\/uploads\/2021\/02\/turkish-night-show.jpg\" alt=\"Show-noturno-turco\" width=\"1600\" height=\"700\" srcset=\"https:\/\/sunsmiletravel.com\/wp-content\/uploads\/2021\/02\/turkish-night-show.jpg 1600w, https:\/\/sunsmiletravel.com\/wp-content\/uploads\/2021\/02\/turkish-night-show-800x350.jpg 800w, https:\/\/sunsmiletravel.com\/wp-content\/uploads\/2021\/02\/turkish-night-show-300x131.jpg 300w, https:\/\/sunsmiletravel.com\/wp-content\/uploads\/2021\/02\/turkish-night-show-1024x448.jpg 1024w, https:\/\/sunsmiletravel.com\/wp-content\/uploads\/2021\/02\/turkish-night-show-768x336.jpg 768w, https:\/\/sunsmiletravel.com\/wp-content\/uploads\/2021\/02\/turkish-night-show-1536x672.jpg 1536w\" sizes=\"auto, (max-width: 1600px) 100vw, 1600px\" \/><\/p>\n<p align=\"left\">Voc\u00ea precisa fazer uma reserva para participar do programa Noite Turca na Capad\u00f3cia , que dura de 3 a 4 horas. \u00c9 muito dif\u00edcil encontrar um lugar no mesmo dia devido \u00e0 grande procura. Embora os pre\u00e7os da Noite Turca variem de acordo com os restaurantes, n\u00e3o h\u00e1 muita diferen\u00e7a entre eles.  <\/p>\n<p align=\"left\">Os pre\u00e7os do show da noite turca na Capad\u00f3cia tamb\u00e9m variam de acordo com as prefer\u00eancias dos clientes. H\u00e1 op\u00e7\u00f5es com e sem refei\u00e7\u00f5es. O menu com refei\u00e7\u00f5es inclui hors d&#8217;oeuvres consistindo de aperitivos quentes e frios, comida tradicional turca, saladas, sobremesas, nozes, frutas, bebidas alco\u00f3licas e n\u00e3o alco\u00f3licas.   O programa sem refei\u00e7\u00f5es inclui bebidas alco\u00f3licas e n\u00e3o alco\u00f3licas, sobretudo vinho, bem como frutos secos, frutas e snacks .<\/p>\n<p align=\"left\">Os pre\u00e7os do Show noturno turco na Capad\u00f3cia incluem transporte de e para o hotel. Os h\u00f3spedes s\u00e3o buscados em seus hot\u00e9is e levados ao restaurante. O hor\u00e1rio de in\u00edcio do programa \u00e9 por volta das 20h30.  <\/p>\n<p align=\"left\">Se voc\u00ea quiser saber mais sobre as dan\u00e7as folcl\u00f3ricas turcas, consulte este <a href=\"https:\/\/en.wikipedia.org\/wiki\/Turkish_folk_dance\" target=\"_blank\" rel=\"noopener\">link<\/a><br \/>\nSe voc\u00ea tiver alguma d\u00favida, n\u00e3o hesite em nos <a href=\"http:\/\/cappadocia.magicmaptravel.com\/contact\/\" target=\"_blank\" rel=\"noopener\">contatar<\/a>.<\/p>\n<h3>O que est\u00e1 inclu\u00eddo?<\/h3>\n[su_list icon=&#8221;icon: check&#8221; icon_color=&#8221;#D63F0D&#8221;]\n<ul>\n<li>Traslados de\/para o hotel<\/li>\n<li>Refrigerantes e bebidas alco\u00f3licas ilimitadas<\/li>\n<li>Jantar (depende da sua escolha)<\/li>\n<\/ul>\n[\/su_list]\n<h3>O que \u00e9 exclu\u00eddo?<\/h3>\n[su_list icon=&#8221;icon: remove&#8221; icon_color=&#8221;#D63F0D&#8221;]\n<div class=\"su-list\">\n<ul>\n<li>Pontas<\/li>\n<li>Despesas pessoais<\/li>\n<\/ul>\n<\/div>\n[\/su_list]\n<p>&nbsp;<\/p>\n","protected":false},"excerpt":{"rendered":"<p>Detalhes do show noturno turco na Capad\u00f3cia O dia na Capad\u00f3cia come\u00e7a com um passeio de bal\u00e3o de ar quente ao nascer do sol, visitando os belos vales e edif\u00edcios hist\u00f3ricos da regi\u00e3o ao longo do dia, apreciando a magn\u00edfica vista da Capad\u00f3cia ao p\u00f4r do sol e completando com um Show noturno turco que [&#8230;]\n","protected":false},"featured_media":5924,"comment_status":"open","ping_status":"closed","template":"","meta":{"footnotes":""},"product_brand":[],"product_cat":[207,267],"product_tag":[],"class_list":{"0":"post-6544","1":"product","2":"type-product","3":"status-publish","4":"has-post-thumbnail","6":"product_cat-actividades-pt-br","7":"product_cat-capadocia","8":"yith_booking_service-include-dinner","10":"first","11":"instock","12":"virtual","13":"sold-individually","14":"purchasable","15":"product-type-booking"},"_links":{"self":[{"href":"https:\/\/sunsmiletravel.com\/pt-br\/wp-json\/wp\/v2\/product\/6544","targetHints":{"allow":["GET"]}}],"collection":[{"href":"https:\/\/sunsmiletravel.com\/pt-br\/wp-json\/wp\/v2\/product"}],"about":[{"href":"https:\/\/sunsmiletravel.com\/pt-br\/wp-json\/wp\/v2\/types\/product"}],"replies":[{"embeddable":true,"href":"https:\/\/sunsmiletravel.com\/pt-br\/wp-json\/wp\/v2\/comments?post=6544"}],"version-history":[{"count":0,"href":"https:\/\/sunsmiletravel.com\/pt-br\/wp-json\/wp\/v2\/product\/6544\/revisions"}],"wp:featuredmedia":[{"embeddable":true,"href":"https:\/\/sunsmiletravel.com\/pt-br\/wp-json\/wp\/v2\/media\/5924"}],"wp:attachment":[{"href":"https:\/\/sunsmiletravel.com\/pt-br\/wp-json\/wp\/v2\/media?parent=6544"}],"wp:term":[{"taxonomy":"product_brand","embeddable":true,"href":"https:\/\/sunsmiletravel.com\/pt-br\/wp-json\/wp\/v2\/product_brand?post=6544"},{"taxonomy":"product_cat","embeddable":true,"href":"https:\/\/sunsmiletravel.com\/pt-br\/wp-json\/wp\/v2\/product_cat?post=6544"},{"taxonomy":"product_tag","embeddable":true,"href":"https:\/\/sunsmiletravel.com\/pt-br\/wp-json\/wp\/v2\/product_tag?post=6544"}],"curies":[{"name":"wp","href":"https:\/\/api.w.org\/{rel}","templated":true}]}}