{"id":6545,"date":"2022-03-31T11:19:50","date_gmt":"2022-03-31T08:19:50","guid":{"rendered":"https:\/\/sunsmiletravel.com\/tour\/passeio-de-balao-de-ar-quente-na-capadocia\/"},"modified":"2024-11-27T10:20:31","modified_gmt":"2024-11-27T07:20:31","slug":"passeio-de-balao-de-ar-quente-na-capadocia","status":"publish","type":"product","link":"https:\/\/sunsmiletravel.com\/pt-br\/passeio-de-balao-de-ar-quente-na-capadocia\/","title":{"rendered":"Passeio de bal\u00e3o de ar quente na Capad\u00f3cia"},"content":{"rendered":"<h2>Detalhes do passeio de bal\u00e3o de ar quente da Capad\u00f3cia<\/h2>\n<p><em><strong>** O pre\u00e7o listado \u00e9 v\u00e1lido apenas para a data de hoje. Para fazer uma reserva para datas futuras, <a href=\"https:\/\/wa.me\/+905528045590\" target=\"_blank\" rel=\"noopener\">envie uma mensagem via WhatsApp.<\/a> <\/strong><\/em><\/p>\n<p>Capad\u00f3cia , que \u00e9 um dos principais destinos tur\u00edsticos da Turquia, hipnotiza os viajantes com chamin\u00e9s de fada que lembram um conto de fadas e uma atmosfera encantadora. A regi\u00e3o tamb\u00e9m chama a aten\u00e7\u00e3o com seus passeios de bal\u00e3o de ar quente para a Capad\u00f3cia , que permitem aos turistas observar esta vista \u00fanica do c\u00e9u. Os turistas lotam a regi\u00e3o a cada temporada para observar esta geografia \u00fanica do c\u00e9u com seus passeios de bal\u00e3o de ar quente que se tornaram o s\u00edmbolo da Capad\u00f3cia .  <\/p>\n<p><img loading=\"lazy\" decoding=\"async\" class=\"alignnone wp-image-1732 size-full\" src=\"http:\/\/cappadocia.magicmaptravel.com\/wp-content\/uploads\/2021\/02\/Cappadocia-Hot-Air-Balloon-Tour.jpg\" alt=\"Passeio-de-bal\u00e3o-de-ar-quente-na-Capad\u00f3cia\" width=\"1600\" height=\"500\" srcset=\"https:\/\/sunsmiletravel.com\/wp-content\/uploads\/2021\/02\/Cappadocia-Hot-Air-Balloon-Tour.jpg 1600w, https:\/\/sunsmiletravel.com\/wp-content\/uploads\/2021\/02\/Cappadocia-Hot-Air-Balloon-Tour-800x250.jpg 800w, https:\/\/sunsmiletravel.com\/wp-content\/uploads\/2021\/02\/Cappadocia-Hot-Air-Balloon-Tour-300x94.jpg 300w, https:\/\/sunsmiletravel.com\/wp-content\/uploads\/2021\/02\/Cappadocia-Hot-Air-Balloon-Tour-1024x320.jpg 1024w, https:\/\/sunsmiletravel.com\/wp-content\/uploads\/2021\/02\/Cappadocia-Hot-Air-Balloon-Tour-768x240.jpg 768w, https:\/\/sunsmiletravel.com\/wp-content\/uploads\/2021\/02\/Cappadocia-Hot-Air-Balloon-Tour-1536x480.jpg 1536w\" sizes=\"auto, (max-width: 1600px) 100vw, 1600px\" \/><\/p>\n<p>Passeio de bal\u00e3o na Capad\u00f3cia \u00e9 que eles tiveram uma experi\u00eancia \u00fanica e admiraram a Capad\u00f3cia . A Capad\u00f3cia, que \u00e9 bela a cada hora do dia, envolve-se numa beleza \u00fanica, especialmente ao nascer do sol. A esta hora, encontrar o sol com bal\u00f5es decolando no c\u00e9u oferece uma felicidade indescrit\u00edvel e um banquete visual incr\u00edvel.<\/p>\n<p>Existem aproximadamente 25 empresas que prestam servi\u00e7os de balonismo na regi\u00e3o. Os pre\u00e7os dos passeios de bal\u00e3o para a Capad\u00f3cia em 2022 variam de acordo com a empresa. Al\u00e9m disso, os pre\u00e7os s\u00e3o mais altos durante a alta temporada e quase pela metade durante a baixa temporada.  <\/p>\n<p>Temos duas categorias de voos <strong>padr\u00e3o<\/strong> e <strong>conforto<\/strong>. O voo padr\u00e3o \u00e9 operado com capacidade m\u00e1xima de 28 pessoas na cesta. O voo Comfort \u00e9 operado com capacidade m\u00e1xima de 20 pessoas na cesta. Para os seus pedidos de voos privados de bal\u00e3o de ar quente, por favor contacte-nos.   <\/p>\n<h3>Como s\u00e3o operados os passeios de bal\u00e3o de ar quente da Cappadocia?<\/h3>\n[su_list icon=&#8221;icon: arrow-right&#8221; icon_color=&#8221;#D63F0D&#8221;]\n<ul>\n<li>Voc\u00ea ser\u00e1 recolhido de sua acomoda\u00e7\u00e3o e transportado para o escrit\u00f3rio da empresa de bal\u00f5es para um r\u00e1pido caf\u00e9 da manh\u00e3 e registro.<\/li>\n<li>O passeio de bal\u00e3o come\u00e7ar\u00e1 aproximadamente 1,5 horas antes do nascer do sol.<\/li>\n<li>Enquanto voc\u00ea toma o caf\u00e9 da manh\u00e3, os pilotos verificam o tempo para encontrar os melhores pontos de decolagem. Todos os dias, esses pontos de decolagem ser\u00e3o alterados para garantir que voc\u00ea tenha a melhor experi\u00eancia de voo poss\u00edvel. <\/li>\n<li>Voc\u00ea ser\u00e1 levado para a posi\u00e7\u00e3o de decolagem especificada ap\u00f3s receber a confirma\u00e7\u00e3o da Autoridade de Avia\u00e7\u00e3o Civil da Turquia.<\/li>\n<li>Enquanto voc\u00ea espera que os bal\u00f5es fiquem prontos, voc\u00ea pode ver as etapas finais da infla\u00e7\u00e3o do bal\u00e3o.<\/li>\n<li>Assim que os preparativos estiverem completos, seu voo de 1 hora sobre a paisagem \u00fanica da Capad\u00f3cia come\u00e7a . Por favor, note que esta dura\u00e7\u00e3o pode ser de 10 minutos ou mais, dependendo das condi\u00e7\u00f5es meteorol\u00f3gicas. <\/li>\n<li>Depois de pousar com seguran\u00e7a, nossos h\u00f3spedes ser\u00e3o brindados com uma tradicional celebra\u00e7\u00e3o com champanhe e receber\u00e3o seus certificados de voo para lembr\u00e1-los dessa experi\u00eancia \u00fanica. Mais tarde, eles ser\u00e3o transferidos de volta ao hotel com \u00f3timas lembran\u00e7as. <\/li>\n<\/ul>\n[\/su_list]\n<h3>Tenha em mente;<\/h3>\n[su_list icon=&#8221;icon: hand-o-right&#8221; icon_color=&#8221;#D63F0D&#8221;]\n<ul>\n<li>Como esse passeio come\u00e7a no in\u00edcio da manh\u00e3, \u00e9 recomend\u00e1vel trazer uma jaqueta ou moletom.<\/li>\n<li>Crian\u00e7as menores de 6 anos n\u00e3o podem voar.<\/li>\n<li>Esta atividade n\u00e3o \u00e9 indicada para gestantes.<\/li>\n<\/ul>\n[\/su_list]\n<h3>O que est\u00e1 inclu\u00eddo?<\/h3>\n[su_list icon=&#8221;icon: check&#8221; icon_color=&#8221;#D63F0D&#8221;]\n<ul>\n<li>Traslados de ida e volta<\/li>\n<li>Snacks e bebidas para um pequeno-almo\u00e7o r\u00e1pido<\/li>\n<li>Celebra\u00e7\u00e3o com champanhe e certificado<\/li>\n<li>Seguro pessoal<\/li>\n<\/ul>\n[\/su_list]\n<p>Voc\u00ea tamb\u00e9m pode reservar nossos passeios de bal\u00e3o pelo <a href=\"https:\/\/www.viator.com\/tours\/Goreme\/Cappadocia-Hot-Air-Ballon-Ride-with-Breakfast\/d23271-303717P3\" target=\"_blank\" rel=\"noopener\">Viator<\/a> ou <a href=\"https:\/\/www.airbnb.com.tr\/experiences\/2172862?guests=1&amp;adults=1&amp;s=67&amp;unique_share_id=4c399c68-0616-4d47-802e-2c18598ce9b4\" target=\"_blank\" rel=\"noopener\">Airbnb<\/a><br \/>\n. Se voc\u00ea tiver alguma d\u00favida, n\u00e3o hesite em <a href=\"https:\/\/sunsmiletravel.com\/contact\/\">entrar em contato conosco<\/a>.<\/p>\n","protected":false},"excerpt":{"rendered":"<p>Detalhes do passeio de bal\u00e3o de ar quente da Capad\u00f3cia ** O pre\u00e7o listado \u00e9 v\u00e1lido apenas para a data de hoje. Para fazer uma reserva para datas futuras, envie uma mensagem via WhatsApp. Capad\u00f3cia , que \u00e9 um dos principais destinos tur\u00edsticos da Turquia, hipnotiza os viajantes com chamin\u00e9s de fada que lembram um [&#8230;]\n","protected":false},"featured_media":9092,"comment_status":"open","ping_status":"closed","template":"","meta":{"footnotes":""},"product_brand":[],"product_cat":[207,267],"product_tag":[],"class_list":{"0":"post-6545","1":"product","2":"type-product","3":"status-publish","4":"has-post-thumbnail","6":"product_cat-actividades-pt-br","7":"product_cat-capadocia","9":"first","10":"instock","11":"virtual","12":"sold-individually","13":"purchasable","14":"product-type-booking"},"_links":{"self":[{"href":"https:\/\/sunsmiletravel.com\/pt-br\/wp-json\/wp\/v2\/product\/6545","targetHints":{"allow":["GET"]}}],"collection":[{"href":"https:\/\/sunsmiletravel.com\/pt-br\/wp-json\/wp\/v2\/product"}],"about":[{"href":"https:\/\/sunsmiletravel.com\/pt-br\/wp-json\/wp\/v2\/types\/product"}],"replies":[{"embeddable":true,"href":"https:\/\/sunsmiletravel.com\/pt-br\/wp-json\/wp\/v2\/comments?post=6545"}],"version-history":[{"count":0,"href":"https:\/\/sunsmiletravel.com\/pt-br\/wp-json\/wp\/v2\/product\/6545\/revisions"}],"wp:featuredmedia":[{"embeddable":true,"href":"https:\/\/sunsmiletravel.com\/pt-br\/wp-json\/wp\/v2\/media\/9092"}],"wp:attachment":[{"href":"https:\/\/sunsmiletravel.com\/pt-br\/wp-json\/wp\/v2\/media?parent=6545"}],"wp:term":[{"taxonomy":"product_brand","embeddable":true,"href":"https:\/\/sunsmiletravel.com\/pt-br\/wp-json\/wp\/v2\/product_brand?post=6545"},{"taxonomy":"product_cat","embeddable":true,"href":"https:\/\/sunsmiletravel.com\/pt-br\/wp-json\/wp\/v2\/product_cat?post=6545"},{"taxonomy":"product_tag","embeddable":true,"href":"https:\/\/sunsmiletravel.com\/pt-br\/wp-json\/wp\/v2\/product_tag?post=6545"}],"curies":[{"name":"wp","href":"https:\/\/api.w.org\/{rel}","templated":true}]}}