{"id":6547,"date":"2022-03-31T11:15:28","date_gmt":"2022-03-31T08:15:28","guid":{"rendered":"https:\/\/sunsmiletravel.com\/tour\/passeio-a-cavalo-na-capadocia\/"},"modified":"2022-03-31T11:15:28","modified_gmt":"2022-03-31T08:15:28","slug":"passeio-a-cavalo-na-capadocia","status":"publish","type":"product","link":"https:\/\/sunsmiletravel.com\/pt-br\/passeio-a-cavalo-na-capadocia\/","title":{"rendered":"Passeio a cavalo na Capad\u00f3cia"},"content":{"rendered":"<h2>Detalhes do passeio a cavalo na Capad\u00f3cia<\/h2>\n<p>Conhecer a hist\u00f3ria e a bela natureza da Capad\u00f3cia fazendo um passeio a cavalo d\u00e1 a voc\u00ea a sensa\u00e7\u00e3o de ser um her\u00f3i de um conto de fadas e permite que voc\u00ea fa\u00e7a uma viagem agrad\u00e1vel pela hist\u00f3ria. \u00c9 por isso que passeio a cavalo na Capad\u00f3cia \u00e9 de grande interesse para os turistas. <\/p>\n<p><img loading=\"lazy\" decoding=\"async\" class=\"alignnone wp-image-1900 size-full\" src=\"http:\/\/cappadocia.magicmaptravel.com\/wp-content\/uploads\/2021\/02\/horseback-riding.jpg\" alt=\"Passeio a cavalo na Capad\u00f3cia\" width=\"1600\" height=\"700\" srcset=\"https:\/\/sunsmiletravel.com\/wp-content\/uploads\/2021\/02\/horseback-riding.jpg 1600w, https:\/\/sunsmiletravel.com\/wp-content\/uploads\/2021\/02\/horseback-riding-800x350.jpg 800w, https:\/\/sunsmiletravel.com\/wp-content\/uploads\/2021\/02\/horseback-riding-300x131.jpg 300w, https:\/\/sunsmiletravel.com\/wp-content\/uploads\/2021\/02\/horseback-riding-1024x448.jpg 1024w, https:\/\/sunsmiletravel.com\/wp-content\/uploads\/2021\/02\/horseback-riding-768x336.jpg 768w, https:\/\/sunsmiletravel.com\/wp-content\/uploads\/2021\/02\/horseback-riding-1536x672.jpg 1536w\" sizes=\"auto, (max-width: 1600px) 100vw, 1600px\" \/><\/p>\n<p>Alguns pr\u00e9-requisitos s\u00e3o procurados para participar da atividade passeio a cavalo na Capad\u00f3cia. Podem aderir ao percurso a cavalo pessoas com mais de 7 anos, que n\u00e3o tenham problemas de sa\u00fade graves, que gostem de adrenalina e emo\u00e7\u00e3o e n\u00e3o transformem a excita\u00e7\u00e3o em stress. <\/p>\n<p>Aqueles que reservam o programa de passeios s\u00e3o buscados em seus hot\u00e9is por nossa empresa e os traslados de retorno s\u00e3o fornecidos no final do passeio. Al\u00e9m disso, as transa\u00e7\u00f5es de seguro s\u00e3o feitas por empresas de fazendas de cavalos. Todo o equipamento necess\u00e1rio \u00e9 fornecido por empresas de fazendas de cavalos. O custo de todos estes servi\u00e7os est\u00e1 inclu\u00eddo nos pre\u00e7os dos passeio a cavalo na Capad\u00f3cia .   <\/p>\n<p>Passeio a cavalo na Capad\u00f3cia pode ser feito a qualquer hora do dia. No entanto, passeios de 2 horas ao p\u00f4r do sol s\u00e3o mais preferidos. A raz\u00e3o \u00e9 que os vales da Capad\u00f3cia t\u00eam uma vista magn\u00edfica nesta \u00e9poca.  <\/p>\n<p>Para maiores informa\u00e7\u00f5es entre em <a href=\"https:\/\/sunsmiletravel.com\/contact\/\">contato<\/a> conosco.<br \/>\nSe voc\u00ea deseja verificar a previs\u00e3o do tempo fornecida pelo Servi\u00e7o Meteorol\u00f3gico Turco, consulte este <a href=\"https:\/\/www.mgm.gov.tr\/eng\/forecast-cities.aspx?m=NEVSEHIR\" target=\"_blank\" rel=\"noopener\">link.<\/a><\/p>\n<h3><span id=\"For_a_better_experience_please_consider_the_following_tips\">Para uma melhor experi\u00eancia, por favor considere as seguintes dicas;<\/span><\/h3>\n[su_list icon=&#8221;icon: hand-o-right&#8221; icon_color=&#8221;#D63F0D&#8221;]\n<div class=\"su-list\">\n<ul>\n<li>Verifique a previs\u00e3o do tempo e vista-se de acordo.<\/li>\n<li>Como os capacetes ser\u00e3o usados durante toda a viagem, as mulheres devem pentear o cabelo de acordo.<\/li>\n<li>Crian\u00e7as menores de 7 anos n\u00e3o podem andar a cavalo.<\/li>\n<li>Os viajantes devem ter um n\u00edvel moderado de condicionamento f\u00edsico.<\/li>\n<li>Esta atividade n\u00e3o \u00e9 indicada para gestantes.<\/li>\n<\/ul>\n[\/su_list]\n<\/div>\n<h3>Que lugares visitar neste passeio?<\/h3>\n[su_list icon=&#8221;icon: location-arrow&#8221; icon_color=&#8221;#D63F0D&#8221;]\n<ul>\n<li><strong>Vale das espadas<\/strong> \u00e9 um dos lugares mais populares, pois tem muitas trilhas que passam por chamin\u00e9s de fada em forma de espada, forma\u00e7\u00f5es de cavernas, pombas e famosas igrejas hist\u00f3ricas. <\/li>\n<li><strong>O Vale G\u00fcll\u00fcdere<\/strong> leva o nome de suas rochas que ficam vermelhas \u00e0 luz do dia. \u00c9 especialmente um dos lugares perfeitos para assistir ao p\u00f4r do sol.  Montar o seu cavalo numa atmosfera t\u00e3o fascinante, testemunhar a natureza admir\u00e1vel acompanhada pela adrenalina crescente \u00e9 indispens\u00e1vel especialmente para os amantes da aventura.<\/li>\n<li><strong>Vale K\u0131z\u0131l\u00e7ukur<\/strong> , tamb\u00e9m conhecido como Vale Vermelho, fascina os espectadores com sua vista \u00fanica que assume cores diferentes a cada hora do dia e engole um vermelho cativante ao p\u00f4r do sol.<\/li>\n<li><strong>Vila de \u00c7avu\u015fin<\/strong> \u00e9 um dos assentamentos mais antigos da Capad\u00f3cia. H\u00e1 muitas igrejas hist\u00f3ricas na cidade. \u00c7avu\u015fin \u00e9 um dos locais mais frequentados e oferece momentos agrad\u00e1veis aos participantes com a sua natureza magn\u00edfica e impressionantes edif\u00edcios hist\u00f3ricos.  <\/li>\n<li>A <strong>Igreja da Cruz<\/strong> e a <strong>Igreja com colunas<\/strong> tamb\u00e9m ser\u00e3o visitadas durante a caminhada.<\/li>\n<\/ul>\n[\/su_list]\n<h3>O que est\u00e1 inclu\u00eddo?<\/h3>\n[su_list icon=&#8221;icon: check&#8221; icon_color=&#8221;#D63F0D&#8221;]\n<ul>\n<li>Equipamento necess\u00e1rio<\/li>\n<li>Traslados de\/para o hotel<\/li>\n<li>2 horas de cavalgada<\/li>\n<li>Guia<\/li>\n<\/ul>\n[\/su_list]\n<h3>O que \u00e9 exclu\u00eddo?<\/h3>\n[su_list icon=&#8221;icon: remove&#8221; icon_color=&#8221;#D63F0D&#8221;]\n<div class=\"su-list\">\n<ul>\n<li>Pontas<\/li>\n<li>Despesas pessoais<\/li>\n<\/ul>\n<\/div>\n[\/su_list]\n","protected":false},"excerpt":{"rendered":"<p>Detalhes do passeio a cavalo na Capad\u00f3cia Conhecer a hist\u00f3ria e a bela natureza da Capad\u00f3cia fazendo um passeio a cavalo d\u00e1 a voc\u00ea a sensa\u00e7\u00e3o de ser um her\u00f3i de um conto de fadas e permite que voc\u00ea fa\u00e7a uma viagem agrad\u00e1vel pela hist\u00f3ria. \u00c9 por isso que passeio a cavalo na Capad\u00f3cia \u00e9 [&#8230;]\n","protected":false},"featured_media":8568,"comment_status":"open","ping_status":"closed","template":"","meta":{"footnotes":""},"product_brand":[],"product_cat":[207,267],"product_tag":[],"class_list":{"0":"post-6547","1":"product","2":"type-product","3":"status-publish","4":"has-post-thumbnail","6":"product_cat-actividades-pt-br","7":"product_cat-capadocia","9":"first","10":"instock","11":"virtual","12":"sold-individually","13":"purchasable","14":"product-type-booking"},"_links":{"self":[{"href":"https:\/\/sunsmiletravel.com\/pt-br\/wp-json\/wp\/v2\/product\/6547","targetHints":{"allow":["GET"]}}],"collection":[{"href":"https:\/\/sunsmiletravel.com\/pt-br\/wp-json\/wp\/v2\/product"}],"about":[{"href":"https:\/\/sunsmiletravel.com\/pt-br\/wp-json\/wp\/v2\/types\/product"}],"replies":[{"embeddable":true,"href":"https:\/\/sunsmiletravel.com\/pt-br\/wp-json\/wp\/v2\/comments?post=6547"}],"version-history":[{"count":0,"href":"https:\/\/sunsmiletravel.com\/pt-br\/wp-json\/wp\/v2\/product\/6547\/revisions"}],"wp:featuredmedia":[{"embeddable":true,"href":"https:\/\/sunsmiletravel.com\/pt-br\/wp-json\/wp\/v2\/media\/8568"}],"wp:attachment":[{"href":"https:\/\/sunsmiletravel.com\/pt-br\/wp-json\/wp\/v2\/media?parent=6547"}],"wp:term":[{"taxonomy":"product_brand","embeddable":true,"href":"https:\/\/sunsmiletravel.com\/pt-br\/wp-json\/wp\/v2\/product_brand?post=6547"},{"taxonomy":"product_cat","embeddable":true,"href":"https:\/\/sunsmiletravel.com\/pt-br\/wp-json\/wp\/v2\/product_cat?post=6547"},{"taxonomy":"product_tag","embeddable":true,"href":"https:\/\/sunsmiletravel.com\/pt-br\/wp-json\/wp\/v2\/product_tag?post=6547"}],"curies":[{"name":"wp","href":"https:\/\/api.w.org\/{rel}","templated":true}]}}