{"id":6548,"date":"2022-03-31T10:45:15","date_gmt":"2022-03-31T07:45:15","guid":{"rendered":"https:\/\/sunsmiletravel.com\/tour\/passeios-de-quadriciclo-na-capadocia-atv\/"},"modified":"2022-03-31T10:45:15","modified_gmt":"2022-03-31T07:45:15","slug":"passeios-de-quadriciclo-na-capadocia-atv","status":"publish","type":"product","link":"https:\/\/sunsmiletravel.com\/pt-br\/passeios-de-quadriciclo-na-capadocia-atv\/","title":{"rendered":"Passeios de quadriciclo na Capad\u00f3cia (ATV)"},"content":{"rendered":"<h2><strong>Passeio de quadriciclo na Capad\u00f3cia (2 horas)<\/strong><\/h2>\n<p>Capad\u00f3cia \u00e9 um dos maiores centros tur\u00edsticos que atrai as pessoas com sua natureza magn\u00edfica, atmosfera fascinante e atividades emocionantes, e \u00e9 um tipo de lugar que quem j\u00e1 visitou antes sempre vai querer ver. \u00c9 uma experi\u00eancia excelente sentir a emo\u00e7\u00e3o no auge da natureza magn\u00edfica, especialmente com o Passeio de quadriciclo na Capad\u00f3cia <\/p>\n<p>Voc\u00ea pode se divertir muito nas trilhas entre as chamin\u00e9s de fada, acompanhadas de vistas magn\u00edficas enquanto dirige ve\u00edculos todo-o-terreno seguros, conhecidos como ATVs ou quadriciclos . Aqueles que estar\u00e3o participando do Passeio de quadriciclo na Capad\u00f3cia s\u00e3o buscados em seus hot\u00e9is e levados de volta para seus hot\u00e9is no final do passeio. <\/p>\n<p><img loading=\"lazy\" decoding=\"async\" class=\"alignnone wp-image-1679 size-full\" src=\"https:\/\/sunsmiletravel.com\/wp-content\/uploads\/2021\/03\/cappadocia-atv-tour-main.jpg\" alt=\"Passeios-de-quadriciclo-na-Capad\u00f3ci-(ATV)\" width=\"1600\" height=\"500\" srcset=\"https:\/\/sunsmiletravel.com\/wp-content\/uploads\/2021\/03\/cappadocia-atv-tour-main.jpg 1600w, https:\/\/sunsmiletravel.com\/wp-content\/uploads\/2021\/03\/cappadocia-atv-tour-main-800x250.jpg 800w, https:\/\/sunsmiletravel.com\/wp-content\/uploads\/2021\/03\/cappadocia-atv-tour-main-300x94.jpg 300w, https:\/\/sunsmiletravel.com\/wp-content\/uploads\/2021\/03\/cappadocia-atv-tour-main-1024x320.jpg 1024w, https:\/\/sunsmiletravel.com\/wp-content\/uploads\/2021\/03\/cappadocia-atv-tour-main-768x240.jpg 768w, https:\/\/sunsmiletravel.com\/wp-content\/uploads\/2021\/03\/cappadocia-atv-tour-main-1536x480.jpg 1536w\" sizes=\"auto, (max-width: 1600px) 100vw, 1600px\" \/><\/p>\n<p>Quase todo mundo que vem para a Capad\u00f3cia recebe um passeio de quadriciclo. \u00c9 uma oportunidade realmente perdida de n\u00e3o fazer um passeio de quadriciclo na Capad\u00f3cia . Portanto, antes de estar pronto para partir em sua jornada para a Capad\u00f3cia , adicione a op\u00e7\u00e3o Passeios de quadriciclo na Capad\u00f3cia ao seu itiner\u00e1rio e atinja os picos de emo\u00e7\u00e3o.  <\/p>\n<p>O passeio de quadriciclo de 2 horas pela Capad\u00f3cia pode ser feito a qualquer hora do dia. No entanto, os passeios ao p\u00f4r do sol e ao nascer do sol s\u00e3o mais preferidos. A raz\u00e3o \u00e9 que os vales da Capad\u00f3cia t\u00eam uma vista magn\u00edfica nesta \u00e9poca e a emo\u00e7\u00e3o de usar quadriciclos \u00e9 muito maior em um ambiente t\u00e3o fascinante.   Para maiores informa\u00e7\u00f5es entre em <a href=\"https:\/\/sunsmiletravel.com\/contact\/\">contato<\/a> conosco.<\/p>\n<p>Se voc\u00ea deseja reservar este passeio no Airbnb , confira nossa p\u00e1gina Airbnb <strong><a title=\"Passeios de quadriciclo na Capad\u00f3cia (ATV) Airbnb\" href=\"https:\/\/www.airbnb.com.tr\/experiences\/2779742\" target=\"_blank\" rel=\"noopener\">Passeios de quadriciclo na Capad\u00f3cia (ATV)<\/a><\/strong><\/p>\n<h3>Para uma melhor experi\u00eancia, por favor considere as seguintes dicas;<\/h3>\n[su_list icon=&#8221;icon: hand-o-right&#8221; icon_color=&#8221;#D63F0D&#8221;]\n<ul>\n<li>Verifique a previs\u00e3o do tempo e vista-se de acordo.<\/li>\n<li>Como os capacetes ser\u00e3o usados durante toda a viagem, as mulheres devem pentear o cabelo de acordo.<\/li>\n<li>Para proteger os olhos do p\u00f3, recomendamos o uso de \u00f3culos.<\/li>\n<li>Menores de 18 anos n\u00e3o podem andar de quadriciclo , mas podem sentar atr\u00e1s do motorista.<\/li>\n<li>Como a atividade ser\u00e1 realizada em um ambiente empoeirado no ver\u00e3o, pode n\u00e3o ser apropriada para pessoas com problemas respirat\u00f3rios.<\/li>\n<li>Esta atividade n\u00e3o \u00e9 indicada para gestantes.<\/li>\n<li>Recomendamos que voc\u00ea use uma m\u00e1scara facial durante o passeio.<\/li>\n<\/ul>\n[\/su_list]\n<h3>Que lugares visitar neste passeio?<\/h3>\n[su_list icon=&#8221;icon: location-arrow&#8221; icon_color=&#8221;#D63F0D&#8221;]\n<ul>\n<li><strong>Vale das espadas<\/strong> \u00e9 um dos lugares mais populares na rota do passeio de quadriciclo na Capad\u00f3cia . Tem muitas trilhas que passam por chamin\u00e9s de fada em forma de espada, forma\u00e7\u00f5es de cavernas, pombas e famosas igrejas hist\u00f3ricas. <\/li>\n<li><strong>O Vale G\u00fcll\u00fcdere (Rio Rose)<\/strong> leva o nome de suas rochas que ficam vermelhas \u00e0 luz do dia. \u00c9 especialmente um dos lugares perfeitos para assistir ao p\u00f4r do sol. Dirigir quadriciclos em um ambiente t\u00e3o fascinante, presenciar a natureza admir\u00e1vel acompanhada de uma descarga de adrenalina \u00e9 essencial, sobretudo para os amantes da aventura.  <\/li>\n<li><strong>O Vale de K\u0131z\u0131l\u00e7ukur<\/strong> , tamb\u00e9m conhecido como Vale vermelho, que se enquantra na rota do quatrociclo 2 horas de adrenalina na Capadocia \u00fanica que adquiere diferentes cores a cada hora do dia e no entardecer.<\/li>\n<li><strong>Vila de \u00c7avu\u015fin<\/strong> \u00e9 um dos assentamentos mais antigos da Capad\u00f3cia . H\u00e1 muitas igrejas hist\u00f3ricas na cidade. \u00c7avu\u015fin , que \u00e9 um dos lugares mais frequentados durante o passeio de quadriciclo de 2 horas na Capad\u00f3cia , oferece momentos agrad\u00e1veis aos participantes com sua natureza magn\u00edfica e impressionantes edif\u00edcios hist\u00f3ricos.  <\/li>\n<li><strong>O Vale do Amor<\/strong> \u00e9 um dos destinos mais especiais do ATV Tour , pois com 4.900 metros de extens\u00e3o, oferece uma vista magn\u00edfica com impressionantes chamin\u00e9s de fada. \u00c9 inevit\u00e1vel ter a oportunidade de viver uma doce aventura entre vinhas e \u00e1rvores de fruto  <\/li>\n<\/ul>\n[\/su_list]\n<h3>O que est\u00e1 inclu\u00eddo?<\/h3>\n[su_list icon=&#8221;icon: check&#8221; icon_color=&#8221;#D63F0D&#8221;]\n<ul>\n<li>Equipamento necess\u00e1rio<\/li>\n<li>Traslados de\/para o hotel<\/li>\n<li>ATV por 2 horas de combust\u00edvel inclu\u00eddo<\/li>\n<li>Guia<\/li>\n<\/ul>\n[\/su_list]\n<h3>O que \u00e9 exclu\u00eddo?<\/h3>\n[su_list icon=&#8221;icon: remove&#8221; icon_color=&#8221;#D63F0D&#8221;]\n<div class=\"su-list\">\n<ul>\n<li>Pontas<\/li>\n<li>Despesas pessoais<\/li>\n<\/ul>\n<\/div>\n[\/su_list]\n","protected":false},"excerpt":{"rendered":"<p>Passeio de quadriciclo na Capad\u00f3cia (2 horas) Capad\u00f3cia \u00e9 um dos maiores centros tur\u00edsticos que atrai as pessoas com sua natureza magn\u00edfica, atmosfera fascinante e atividades emocionantes, e \u00e9 um tipo de lugar que quem j\u00e1 visitou antes sempre vai querer ver. \u00c9 uma experi\u00eancia excelente sentir a emo\u00e7\u00e3o no auge da natureza magn\u00edfica, especialmente [&#8230;]\n","protected":false},"featured_media":8745,"comment_status":"open","ping_status":"closed","template":"","meta":{"footnotes":""},"product_brand":[],"product_cat":[207,267],"product_tag":[],"class_list":{"0":"post-6548","1":"product","2":"type-product","3":"status-publish","4":"has-post-thumbnail","6":"product_cat-actividades-pt-br","7":"product_cat-capadocia","9":"first","10":"instock","11":"virtual","12":"sold-individually","13":"purchasable","14":"product-type-booking"},"_links":{"self":[{"href":"https:\/\/sunsmiletravel.com\/pt-br\/wp-json\/wp\/v2\/product\/6548","targetHints":{"allow":["GET"]}}],"collection":[{"href":"https:\/\/sunsmiletravel.com\/pt-br\/wp-json\/wp\/v2\/product"}],"about":[{"href":"https:\/\/sunsmiletravel.com\/pt-br\/wp-json\/wp\/v2\/types\/product"}],"replies":[{"embeddable":true,"href":"https:\/\/sunsmiletravel.com\/pt-br\/wp-json\/wp\/v2\/comments?post=6548"}],"version-history":[{"count":0,"href":"https:\/\/sunsmiletravel.com\/pt-br\/wp-json\/wp\/v2\/product\/6548\/revisions"}],"wp:featuredmedia":[{"embeddable":true,"href":"https:\/\/sunsmiletravel.com\/pt-br\/wp-json\/wp\/v2\/media\/8745"}],"wp:attachment":[{"href":"https:\/\/sunsmiletravel.com\/pt-br\/wp-json\/wp\/v2\/media?parent=6548"}],"wp:term":[{"taxonomy":"product_brand","embeddable":true,"href":"https:\/\/sunsmiletravel.com\/pt-br\/wp-json\/wp\/v2\/product_brand?post=6548"},{"taxonomy":"product_cat","embeddable":true,"href":"https:\/\/sunsmiletravel.com\/pt-br\/wp-json\/wp\/v2\/product_cat?post=6548"},{"taxonomy":"product_tag","embeddable":true,"href":"https:\/\/sunsmiletravel.com\/pt-br\/wp-json\/wp\/v2\/product_tag?post=6548"}],"curies":[{"name":"wp","href":"https:\/\/api.w.org\/{rel}","templated":true}]}}