{"id":6549,"date":"2022-03-31T11:04:25","date_gmt":"2022-03-31T08:04:25","guid":{"rendered":"https:\/\/sunsmiletravel.com\/tour\/banho-turco-na-capadocia-hammam-e-spa\/"},"modified":"2022-03-31T11:04:25","modified_gmt":"2022-03-31T08:04:25","slug":"banho-turco-na-capadocia-hammam-e-spa","status":"publish","type":"product","link":"https:\/\/sunsmiletravel.com\/pt-br\/banho-turco-na-capadocia-hammam-e-spa\/","title":{"rendered":"Banho Turco na Capad\u00f3cia Hammam e Spa"},"content":{"rendered":"<h2 class=\"tourmaster-single-header-title\">Detalhes do Banho Turco na Capad\u00f3cia Hammam e Spa<\/h2>\n<p>Pacote de Banho Turco e Spa da Capad\u00f3cia, gostar\u00edamos de lhe dar um breve hist\u00f3rico sobre os Banhos Turcos. O banho turco, tamb\u00e9m conhecido como Hamam , assemelha-se a uma sauna escandinava, mas \u00e9 mais semelhante a um banho romano. Funciona com os mesmos princ\u00edpios de uma sala de vapor, mas em vez de vapor, concentra-se na \u00e1gua. Uma forma de spa para lavar e relaxar, o banho turco continua sendo uma grande parte da cultura turca.   <\/p>\n<p style=\"text-align: left;\"><img loading=\"lazy\" decoding=\"async\" class=\"wp-image-2203 size-medium alignleft\" src=\"https:\/\/sunsmiletravel.com\/wp-content\/uploads\/2021\/03\/cappadocia-hammam-and-spa.jpg\" alt=\"Banho Turco na Capad\u00f3cia Hammam e Spa\" width=\"300\" height=\"169\" srcset=\"https:\/\/sunsmiletravel.com\/wp-content\/uploads\/2021\/03\/cappadocia-hammam-and-spa.jpg 612w, https:\/\/sunsmiletravel.com\/wp-content\/uploads\/2021\/03\/cappadocia-hammam-and-spa-510x287.jpg 510w, https:\/\/sunsmiletravel.com\/wp-content\/uploads\/2021\/03\/cappadocia-hammam-and-spa-300x169.jpg 300w\" sizes=\"auto, (max-width: 300px) 100vw, 300px\" \/>Embora concebamos o banho como uma atividade privada, o banho p\u00fablico, ou hammam , era uma institui\u00e7\u00e3o social importante em todas as cidades do Oriente M\u00e9dio por d\u00e9cadas antes da introdu\u00e7\u00e3o do encanamento moderno. Os banhos turcos eram importantes na promo\u00e7\u00e3o da higiene e da sa\u00fade p\u00fablica, mas tamb\u00e9m funcionavam como espa\u00e7os de conv\u00edvio e descontra\u00e7\u00e3o das pessoas. Os otomanos foram motivados por sua f\u00e9 e aderiram ao seu pr\u00f3prio conjunto de regulamentos de higiene. O banho era considerado uma pr\u00e1tica purificadora realizada antes da ora\u00e7\u00e3o. Como resultado, muitos banhos turcos modernos est\u00e3o localizados perto das mesquitas. Os hammams tradicionais incluem se\u00e7\u00f5es separadas para homens e mulheres. No entanto, ambos os sexos t\u00eam rituais de banho semelhantes.       Para mais informa\u00e7\u00f5es sobre hammams , voc\u00ea pode conferir este <a href=\"https:\/\/en.wikipedia.org\/wiki\/Hammam\" target=\"_blank\" rel=\"noopener\">link<\/a>.<\/p>\n<p style=\"text-align: left;\">Se procura um hammam em Goreme , o Banho Turco na Capad\u00f3cia , Hammam and Spa \u00e9 o servi\u00e7o certo para si. A maioria dos hammams oferece uma variedade de servi\u00e7os e cabe a voc\u00ea decidir quais usar. Os hot\u00e9is da regi\u00e3o da Capad\u00f3cia oferecem Banho Turco Hammam e Spa com pacotes ricos e de alta qualidade, por isso preferimos trabalhar com eles. Voc\u00ea pode ver uma lista de pacotes abaixo.   <\/p>\n<p style=\"text-align: left;\">Para as suas perguntas, n\u00e3o hesite em <a href=\"https:\/\/sunsmiletravel.com\/contact\/\">contactar<\/a>-nos sobre o servi\u00e7o de banho turco e hammam da Capad\u00f3cia .<\/p>\n<h3>Pacote 60 Minutos 40 \u20ac Inclui:<\/h3>\n[su_list icon=&#8221;icon: check&#8221; icon_color=&#8221;#D63F0D&#8221;]\n<ul>\n<li>Utiliza\u00e7\u00e3o de sauna e sala de vapor.<\/li>\n<li>Massagem Peeling com Sab\u00e3o ( Hammam )<\/li>\n<li>M\u00e1scara de lama, sala de sal<\/li>\n<\/ul>\n[\/su_list]\n<h3>Pacote 90 Minutos 75\u20ac Inclui:<\/h3>\n[su_list icon=&#8221;icon: check&#8221; icon_color=&#8221;#D63F0D&#8221;]\n<ul>\n<li>Utiliza\u00e7\u00e3o de sauna e sala de vapor.<\/li>\n<li>Massagem Peeling com Sab\u00e3o ( Hammam )<\/li>\n<li>Massagem sueca (30 min)<\/li>\n<li>M\u00e1scara de lama, sala de sal<\/li>\n<\/ul>\n[\/su_list]\n<h3>Pacote 120 Minutos 95\u20ac Inclui:<\/h3>\n[su_list icon=&#8221;icon: check&#8221; icon_color=&#8221;#D63F0D&#8221;]\n<ul>\n<li>Utiliza\u00e7\u00e3o de sauna e sala de vapor.<\/li>\n<li>Massagem Peeling com Sab\u00e3o ( Hammam )<\/li>\n<li>Massagem arom\u00e1tica balinesa com \u00f3leo quente (50 min)<\/li>\n<li>M\u00e1scara de lama, sala de sal<\/li>\n<\/ul>\n[\/su_list]\n<h3>Massagens com \u00f3leo<\/h3>\n[su_list icon=&#8221;icon: hand-o-right&#8221; icon_color=&#8221;#D63F0D&#8221;]\n<ul>\n<li>Massagem sueca <strong>(30 min \u20ac40)<\/strong><\/li>\n<li>Massagem nos p\u00e9s e nas pernas <strong>(30 min \u20ac45)<\/strong><\/li>\n<li>Massagem medicinal <strong>(45 min \u20ac60)<\/strong><\/li>\n<li>Massagem antiestresse <strong>(50 min \u20ac60)<\/strong><\/li>\n<li>Massagem arom\u00e1tica balinesa com \u00f3leo quente <strong>(60 min \u20ac70)<\/strong><\/li>\n<\/ul>\n[\/su_list]\n<p><em>Por favor, note que os pre\u00e7os acima s\u00e3o por pessoa e as transfer\u00eancias n\u00e3o est\u00e3o inclu\u00eddas.<\/em><\/p>\n","protected":false},"excerpt":{"rendered":"<p>Detalhes do Banho Turco na Capad\u00f3cia Hammam e Spa Pacote de Banho Turco e Spa da Capad\u00f3cia, gostar\u00edamos de lhe dar um breve hist\u00f3rico sobre os Banhos Turcos. O banho turco, tamb\u00e9m conhecido como Hamam , assemelha-se a uma sauna escandinava, mas \u00e9 mais semelhante a um banho romano. Funciona com os mesmos princ\u00edpios de [&#8230;]\n","protected":false},"featured_media":8862,"comment_status":"open","ping_status":"closed","template":"","meta":{"footnotes":""},"product_brand":[],"product_cat":[207],"product_tag":[],"class_list":{"0":"post-6549","1":"product","2":"type-product","3":"status-publish","4":"has-post-thumbnail","6":"product_cat-actividades-pt-br","7":"yith_booking_service-120-minute-package","8":"yith_booking_service-90-minute-package","10":"first","11":"instock","12":"virtual","13":"sold-individually","14":"purchasable","15":"product-type-booking"},"_links":{"self":[{"href":"https:\/\/sunsmiletravel.com\/pt-br\/wp-json\/wp\/v2\/product\/6549","targetHints":{"allow":["GET"]}}],"collection":[{"href":"https:\/\/sunsmiletravel.com\/pt-br\/wp-json\/wp\/v2\/product"}],"about":[{"href":"https:\/\/sunsmiletravel.com\/pt-br\/wp-json\/wp\/v2\/types\/product"}],"replies":[{"embeddable":true,"href":"https:\/\/sunsmiletravel.com\/pt-br\/wp-json\/wp\/v2\/comments?post=6549"}],"version-history":[{"count":0,"href":"https:\/\/sunsmiletravel.com\/pt-br\/wp-json\/wp\/v2\/product\/6549\/revisions"}],"wp:featuredmedia":[{"embeddable":true,"href":"https:\/\/sunsmiletravel.com\/pt-br\/wp-json\/wp\/v2\/media\/8862"}],"wp:attachment":[{"href":"https:\/\/sunsmiletravel.com\/pt-br\/wp-json\/wp\/v2\/media?parent=6549"}],"wp:term":[{"taxonomy":"product_brand","embeddable":true,"href":"https:\/\/sunsmiletravel.com\/pt-br\/wp-json\/wp\/v2\/product_brand?post=6549"},{"taxonomy":"product_cat","embeddable":true,"href":"https:\/\/sunsmiletravel.com\/pt-br\/wp-json\/wp\/v2\/product_cat?post=6549"},{"taxonomy":"product_tag","embeddable":true,"href":"https:\/\/sunsmiletravel.com\/pt-br\/wp-json\/wp\/v2\/product_tag?post=6549"}],"curies":[{"name":"wp","href":"https:\/\/api.w.org\/{rel}","templated":true}]}}