{"id":6550,"date":"2022-03-31T10:37:11","date_gmt":"2022-03-31T07:37:11","guid":{"rendered":"https:\/\/sunsmiletravel.com\/tour\/passeio-de-carro-classico-na-capadocia\/"},"modified":"2022-03-31T10:37:11","modified_gmt":"2022-03-31T07:37:11","slug":"passeio-de-carro-classico-na-capadocia","status":"publish","type":"product","link":"https:\/\/sunsmiletravel.com\/pt-br\/passeio-de-carro-classico-na-capadocia\/","title":{"rendered":"Passeio de Carro Cl\u00e1ssico na Capad\u00f3cia"},"content":{"rendered":"<h2>Detalhes Passeio de Carro Cl\u00e1ssico na Capad\u00f3cia<\/h2>\n<p>Capad\u00f3cia \u00e9 um dos lugares celestiais do mundo. \u00c9 um dos centros tur\u00edsticos mais importantes da Turquia, com sua natureza \u00fanica, atmosfera impressionante e rica hist\u00f3ria. O Cappadocia Classic Car Tour \u00e9 uma das melhores atividades para se fazer na Capad\u00f3cia , que \u00e9 diferente em cada esta\u00e7\u00e3o e oferece belezas diferentes a cada hora do dia. \u00c9 uma atividade maravilhosa viajar nesta regi\u00e3o \u00fanica com um carro cl\u00e1ssico que recomendamos para aqueles que desejam eternizar seus belos momentos na Capad\u00f3cia com sess\u00f5es de fotos especiais.   <\/p>\n<p><img loading=\"lazy\" decoding=\"async\" class=\"alignnone wp-image-2280 size-full\" src=\"http:\/\/cappadocia.magicmaptravel.com\/wp-content\/uploads\/2022\/02\/WhatsApp-Image-2021-02-15-at-20.16.38-e1643866434212.jpeg\" alt=\"Passeio de Carro Cl\u00e1ssico na Capad\u00f3cia\" width=\"1080\" height=\"519\" srcset=\"https:\/\/sunsmiletravel.com\/wp-content\/uploads\/2022\/02\/WhatsApp-Image-2021-02-15-at-20.16.38-e1643866434212.jpeg 1080w, https:\/\/sunsmiletravel.com\/wp-content\/uploads\/2022\/02\/WhatsApp-Image-2021-02-15-at-20.16.38-e1643866434212-800x384.jpeg 800w\" sizes=\"auto, (max-width: 1080px) 100vw, 1080px\" \/>Com passeio de carro cl\u00e1ssico na Capad\u00f3cia, \u00e9 poss\u00edvel conhecer a regi\u00e3o da Capad\u00f3cia enquanto desfruta de uma agrad\u00e1vel viagem. Especialmente na primavera e no ver\u00e3o, \u00e9 um grande prazer viajar neste para\u00edso de contos de fadas com carros convers\u00edveis cl\u00e1ssicos. Embora possa ser feito a qualquer hora do dia, \u00e9 um prazer especial fazer o passeio nas primeiras horas da manh\u00e3 com um banquete visual. Porque o nascer do sol na Capad\u00f3cia tem uma vista indescrit\u00edvel. Com o in\u00edcio gradual do amanhecer, os vales da Capad\u00f3cia s\u00e3o tingidos em milhares de tons de vermelho, criando uma atmosfera misteriosa. Neste exato momento, os coloridos bal\u00f5es de ar quente decolam para o c\u00e9u e parecem dan\u00e7ar no vermelho do c\u00e9u. Com o Cappadocia Classic Car Tour , as viagens a serem feitas durante essas horas lhe dar\u00e3o um prazer especial. Se voc\u00ea quer se sentir o her\u00f3i do conto de fadas dos seus sonhos neste ambiente fascinante, recomendamos fazer a atividade passeio de carro cl\u00e1ssico na Capad\u00f3cia.       <\/p>\n<p>Especialmente os rec\u00e9m-casados, os casais que querem se casar e os entusiastas do romance preferem o Cappadocia Classic Car Tour . Para tais situa\u00e7\u00f5es, enriquecemos o passeio com organiza\u00e7\u00f5es especiais. Por exemplo, uma organiza\u00e7\u00e3o inesquec\u00edvel \u00e9 preparada para o pedido de casamento e, no final do passeio em carros antigos da Capad\u00f3cia , pode ser feito um pedido de casamento em um ambiente amig\u00e1vel e esses momentos rom\u00e2nticos s\u00e3o eternizados com uma sess\u00e3o de fotos abrindo uma garrafa de champanhe. As sess\u00f5es de fotos s\u00e3o feitas por fot\u00f3grafos profissionais.   <\/p>\n<p>Outro momento especial para o passeio de carro antigo na Capad\u00f3cia \u00e9 <strong>ao p\u00f4r do sol.<\/strong> Especialmente quando o Valle Rojo e o Valle del Amor ficam vermelhos ao p\u00f4r do sol, surge uma vis\u00e3o magn\u00edfica. Durante essas horas misteriosas, voc\u00ea passa pelas chamin\u00e9s das fadas em um carro cl\u00e1ssico para chegar aos mirantes e momentos especiais podem ser eternizados com fotos.  <\/p>\n<h3>Excurs\u00e3o de carro cl\u00e1ssico padr\u00e3o da Capad\u00f3cia<\/h3>\n<p>As pessoas que participar\u00e3o do passeio de carro cl\u00e1ssico padr\u00e3o da Capad\u00f3cia s\u00e3o retiradas de seus hot\u00e9is e levadas ao ponto de in\u00edcio do passeio. Dependendo da disponibilidade de carros cl\u00e1ssicos, tamb\u00e9m podemos busc\u00e1-lo diretamente em seu hotel. Aqueles que participar\u00e3o do Sunrise Classic Car Tour A Capad\u00f3cia ser\u00e1 levada para o <strong>Vale Vermelho<\/strong> no carro cl\u00e1ssico antes do nascer do sol. Dependendo da dire\u00e7\u00e3o dos bal\u00f5es, tamb\u00e9m o levamos ao <strong>Vale das Rosas<\/strong> ou ao <strong>Vale das Espadas.<\/strong> L\u00e1, passa-se um tempo observando a vis\u00e3o e a prepara\u00e7\u00e3o para o v\u00f4o dos bal\u00f5es, e tamb\u00e9m se observa com admira\u00e7\u00e3o o momento flutuante dos bal\u00f5es ao amanhecer. No momento desta festa visual em lugar nenhum, uma sess\u00e3o de fotos acontece no carro cl\u00e1ssico. Muitos casais escolhem esse momento para o pedido de casamento. \u00c9 quase imposs\u00edvel n\u00e3o admirar esse ambiente onde emo\u00e7\u00f5es como entusiasmo, empolga\u00e7\u00e3o, admira\u00e7\u00e3o e romantismo est\u00e3o no auge.       <\/p>\n<p>Depois de passar cerca de 45 minutos no Vale Vermelho, ele se prepara para ir ao <strong>Vale do Amor,<\/strong> onde os bal\u00f5es s\u00e3o bem-vindos. O Vale do Amor \u00e9 um dos vales mais fascinantes da Capad\u00f3cia. As sess\u00f5es de fotos s\u00e3o feitas aqui novamente. Balan\u00e7os em forma de cora\u00e7\u00e3o, bal\u00f5es flutuando no c\u00e9u, vistas magn\u00edficas e ar fresco&#8230; O passeio de carro cl\u00e1ssico da Capad\u00f3cia termina aqui com uma garrafa de champanhe.    <\/p>\n<p>Observe que o passeio de carro cl\u00e1ssico padr\u00e3o pode ser feito a qualquer hora do dia e \u00e9 feito na mesma rota. O passeio tem a dura\u00e7\u00e3o de 2 horas e o pre\u00e7o \u00e9 de <strong>80\u20ac<\/strong> para um m\u00e1ximo de <strong>4<\/strong> pessoas. Para o passeio ao p\u00f4r do sol, nascer do sol ou durante o dia n\u00e3o h\u00e1 diferen\u00e7a de pre\u00e7o.  <\/p>\n<h4>O que est\u00e1 inclu\u00eddo?<\/h4>\n[su_list icon=&#8221;icon: check&#8221; icon_color=&#8221;#D63F0D&#8221;]\n<ul>\n<li>Traslados de ida e volta<\/li>\n<li>Gasolina<\/li>\n<li>Motorista<\/li>\n<li>Celebra\u00e7\u00e3o do champanhe (sem \u00e1lcool)<\/li>\n<\/ul>\n[\/su_list]\n<h4><span id=\"What8217s_excluded\">O que \u00e9 exclu\u00eddo?<\/span><\/h4>\n[su_list icon=&#8221;icon: remove&#8221; icon_color=&#8221;#D63F0D&#8221;]\n<div class=\"su-list\">\n<ul>\n<li><i class=\"sui sui-remove\"><\/i>Fot\u00f3grafo profissional<i class=\"sui sui-remove\"><\/i><\/li>\n<li><i class=\"sui sui-remove\"><\/i>Roupas para as sess\u00f5es<\/li>\n<\/ul>\n[\/su_list]\n<\/div>\n<p>Dependendo do objetivo do passeio, podemos preparar ve\u00edculos em diferentes conceitos mediante solicita\u00e7\u00e3o. Os mais populares s\u00e3o o conceito de mesa oriental na frente do carro, o conceito de carro de casamento e as sess\u00f5es de fotos com roupas locais. Para seus pedidos especiais, n\u00e3o hesite em nos <a href=\"https:\/\/sunsmiletravel.com\/contact\/\">contatar<\/a>.  <\/p>\n","protected":false},"excerpt":{"rendered":"<p>Detalhes Passeio de Carro Cl\u00e1ssico na Capad\u00f3cia Capad\u00f3cia \u00e9 um dos lugares celestiais do mundo. \u00c9 um dos centros tur\u00edsticos mais importantes da Turquia, com sua natureza \u00fanica, atmosfera impressionante e rica hist\u00f3ria. O Cappadocia Classic Car Tour \u00e9 uma das melhores atividades para se fazer na Capad\u00f3cia , que \u00e9 diferente em cada esta\u00e7\u00e3o [&#8230;]\n","protected":false},"featured_media":5943,"comment_status":"open","ping_status":"closed","template":"","meta":{"footnotes":""},"product_brand":[],"product_cat":[207,267],"product_tag":[],"class_list":{"0":"post-6550","1":"product","2":"type-product","3":"status-publish","4":"has-post-thumbnail","6":"product_cat-actividades-pt-br","7":"product_cat-capadocia","9":"first","10":"instock","11":"virtual","12":"sold-individually","13":"purchasable","14":"product-type-booking"},"_links":{"self":[{"href":"https:\/\/sunsmiletravel.com\/pt-br\/wp-json\/wp\/v2\/product\/6550","targetHints":{"allow":["GET"]}}],"collection":[{"href":"https:\/\/sunsmiletravel.com\/pt-br\/wp-json\/wp\/v2\/product"}],"about":[{"href":"https:\/\/sunsmiletravel.com\/pt-br\/wp-json\/wp\/v2\/types\/product"}],"replies":[{"embeddable":true,"href":"https:\/\/sunsmiletravel.com\/pt-br\/wp-json\/wp\/v2\/comments?post=6550"}],"version-history":[{"count":0,"href":"https:\/\/sunsmiletravel.com\/pt-br\/wp-json\/wp\/v2\/product\/6550\/revisions"}],"wp:featuredmedia":[{"embeddable":true,"href":"https:\/\/sunsmiletravel.com\/pt-br\/wp-json\/wp\/v2\/media\/5943"}],"wp:attachment":[{"href":"https:\/\/sunsmiletravel.com\/pt-br\/wp-json\/wp\/v2\/media?parent=6550"}],"wp:term":[{"taxonomy":"product_brand","embeddable":true,"href":"https:\/\/sunsmiletravel.com\/pt-br\/wp-json\/wp\/v2\/product_brand?post=6550"},{"taxonomy":"product_cat","embeddable":true,"href":"https:\/\/sunsmiletravel.com\/pt-br\/wp-json\/wp\/v2\/product_cat?post=6550"},{"taxonomy":"product_tag","embeddable":true,"href":"https:\/\/sunsmiletravel.com\/pt-br\/wp-json\/wp\/v2\/product_tag?post=6550"}],"curies":[{"name":"wp","href":"https:\/\/api.w.org\/{rel}","templated":true}]}}