{"id":6553,"date":"2022-03-31T00:45:27","date_gmt":"2022-03-30T21:45:27","guid":{"rendered":"https:\/\/sunsmiletravel.com\/tour\/passeio-de-safari-de-jipe-na-capadocia\/"},"modified":"2024-07-11T18:40:14","modified_gmt":"2024-07-11T15:40:14","slug":"passeio-de-safari-de-jipe-na-capadocia","status":"publish","type":"product","link":"https:\/\/sunsmiletravel.com\/pt-br\/passeio-de-safari-de-jipe-na-capadocia\/","title":{"rendered":"Passeio de saf\u00e1ri de jipe na Capad\u00f3cia."},"content":{"rendered":"<h2><strong>Detalhes da passeio de saf\u00e1ri de jipe na Capad\u00f3cia.<\/strong><\/h2>\n<p>Capad\u00f3cia \u00e9 uma regi\u00e3o geogr\u00e1fica que cobre uma vasta \u00e1rea. Possui belezas naturais geogr\u00e1ficas \u00fanicas formadas como resultado de milh\u00f5es de anos de processos geol\u00f3gicos. Os efeitos e obras da hist\u00f3ria, religi\u00e3o, cultura e arte moldadas por numerosas civiliza\u00e7\u00f5es da Anat\u00f3lia nesta bela natureza tornam esta regi\u00e3o ainda mais \u00fanica. Para entender a regi\u00e3o e entender sua impon\u00eancia, apenas algumas visitas aos hot\u00e9is da regi\u00e3o n\u00e3o ser\u00e3o suficientes.   <\/p>\n<p>Recomendamos que voc\u00ea fa\u00e7a o Cappadocia Jeep Safari Tour e descubra os cantos de dif\u00edcil acesso para descobrir completamente os lugares secretos e misteriosos que se estendem al\u00e9m das estradas existentes. Portanto, se voc\u00ea tem um plano de f\u00e9rias na Capad\u00f3cia , recomendamos que participe de um passeio de saf\u00e1ri de jipe na Capad\u00f3cia bem organizado. <\/p>\n<p><img loading=\"lazy\" decoding=\"async\" class=\"wp-image-2318 alignleft\" style=\"color: #555555;\" src=\"http:\/\/cappadocia.magicmaptravel.com\/wp-content\/uploads\/2022\/02\/jeep-safari222.jpg\" alt=\"passeio-de-saf\u00e1ri-de-jipe-na-Capad\u00f3cia\" width=\"212\" height=\"263\" srcset=\"https:\/\/sunsmiletravel.com\/wp-content\/uploads\/2022\/02\/jeep-safari222.jpg 600w, https:\/\/sunsmiletravel.com\/wp-content\/uploads\/2022\/02\/jeep-safari222-510x632.jpg 510w, https:\/\/sunsmiletravel.com\/wp-content\/uploads\/2022\/02\/jeep-safari222-242x300.jpg 242w\" sizes=\"auto, (max-width: 212px) 100vw, 212px\" \/><\/p>\n<p>Cappadocia Jeep Safari Tour s\u00e3o muito procuradas por quem visita a regi\u00e3o. Fornecemos informa\u00e7\u00f5es sobre o passeio e os pre\u00e7os deste passeio com diferentes alternativas. <\/p>\n<p>Os pre\u00e7os deste passeio s\u00e3o determinados por ve\u00edculo ou por pessoa. Os ve\u00edculos podem ser reservados individualmente ou com um grupo de familiares e amigos de no m\u00e1ximo 5 pessoas. Os passeios geralmente acontecem duas vezes ao dia, como passeios ao nascer e ao p\u00f4r do sol. Os passeios ao p\u00f4r do sol s\u00e3o sempre mais procurados.   <\/p>\n<p>Portanto, voc\u00ea pode n\u00e3o encontrar um passeio dispon\u00edvel para o mesmo dia. Portanto, voc\u00ea ter\u00e1 que fazer uma reserva com alguns dias de anteced\u00eancia. Na Capad\u00f3cia , a vista \u00e9 magn\u00edfica tanto no nascer quanto no p\u00f4r do sol. Se pretender fazer um passeio de jipe ao nascer do sol, dever\u00e1 informar-nos ou reservar o seu passeio atrav\u00e9s desta p\u00e1gina com pelo menos um dia de anteced\u00eancia. Al\u00e9m disso, de acordo com sua solicita\u00e7\u00e3o especial, voc\u00ea pode ter a oportunidade de fazer uma excurs\u00e3o de dia inteiro ou de dois dias, incluindo o dia seguinte \u00e0 sua estadia no hotel durante a noite.    <\/p>\n<h3>Como s\u00e3o operados os passeios de saf\u00e1ri de jipe na Capad\u00f3cia?<\/h3>\n[su_list icon=&#8221;icon: arrow-right&#8221; icon_color=&#8221;#D63F0D&#8221;]\n<ul>\n<li>Para o passeio de saf\u00e1ri de jipe na Capad\u00f3cia, os ve\u00edculos pegam os h\u00f3spedes em seus hot\u00e9is e os deixam em seus hot\u00e9is ap\u00f3s o t\u00e9rmino do passeio.<\/li>\n<li>A dura\u00e7\u00e3o do passeio de jipe padr\u00e3o \u00e9 de <strong>2 horas.<\/strong><\/li>\n<li>As rotas mais populares no passeio de saf\u00e1ri de jipe na Capad\u00f3cia incluem uma ampla \u00e1rea, como o <strong>Mosteiro Hospital<\/strong>, <strong>Vale Rose<\/strong>, <strong>Vale Panorama,<\/strong> <strong>Vale Pancarl\u0131k<\/strong>, <strong>Vila Cavusin<\/strong>, <strong>Panorama Ortahisar<\/strong>, <strong>Vale das espadas<\/strong>, Vale dos pombos e seus arredores.<\/li>\n<li>Na rota do <strong>passeio de saf\u00e1ri de jipe na Capad\u00f3cia<\/strong>, existem vales magn\u00edficos com chamin\u00e9s de fada e cavernas naturais, igrejas, edif\u00edcios hist\u00f3ricos e lugares misteriosos. Gra\u00e7as aos ve\u00edculos off-road, voc\u00ea pode fazer pequenas pausas em pontos importantes onde a paisagem da Capad\u00f3cia pode ser observada, al\u00e9m de tirar fotos e v\u00eddeos para eternizar seus belos momentos. <\/li>\n<\/ul>\n[\/su_list]\n<h3>O que est\u00e1 inclu\u00eddo?<\/h3>\n[su_list icon=&#8221;icon: check&#8221; icon_color=&#8221;#D63F0D&#8221;]\n<ul>\n<li>Traslados de ida e volta de hot\u00e9is em G\u00f6reme , Avanos , \u00dcrg\u00fcp , U\u00e7hisar , Cavusin , Mustafapasa . Transfer\u00eancias de outras regi\u00f5es est\u00e3o sujeitas a pagamento adicional. <\/li>\n<li>Celebra\u00e7\u00e3o do champanhe (sem \u00e1lcool)<\/li>\n<li><strong>2 horas<\/strong> Jeep Safari Tour \u2013 At\u00e9 6 pessoas <strong>\u20ac80<\/strong> <\/li>\n<li>Seguros<\/li>\n<li>Motorista<\/li>\n<li>Gasolina<\/li>\n<\/ul>\n[\/su_list]\n<p>Al\u00e9m dos passeios de jipe padr\u00e3o, tamb\u00e9m h\u00e1 passeios de 4 horas com refei\u00e7\u00f5es. Nesses programas, os pre\u00e7os do <strong>Passeio de saf\u00e1ri de jipe na Capad\u00f3cia<\/strong>. incluem taxas de refei\u00e7\u00e3o e taxas de entrada em museus. Se desejar, tamb\u00e9m podemos organizar passeios di\u00e1rios de jipe que incluem diferentes servi\u00e7os, para tais consultas preencha o &#8220;Formul\u00e1rio de Consulta&#8221; ou entre em <a href=\"https:\/\/sunsmiletravel.com\/contact\/\">contato<\/a> conosco.  <\/p>\n","protected":false},"excerpt":{"rendered":"<p>Detalhes da passeio de saf\u00e1ri de jipe na Capad\u00f3cia. Capad\u00f3cia \u00e9 uma regi\u00e3o geogr\u00e1fica que cobre uma vasta \u00e1rea. Possui belezas naturais geogr\u00e1ficas \u00fanicas formadas como resultado de milh\u00f5es de anos de processos geol\u00f3gicos. Os efeitos e obras da hist\u00f3ria, religi\u00e3o, cultura e arte moldadas por numerosas civiliza\u00e7\u00f5es da Anat\u00f3lia nesta bela natureza tornam esta [&#8230;]\n","protected":false},"featured_media":8821,"comment_status":"open","ping_status":"closed","template":"","meta":{"footnotes":""},"product_brand":[],"product_cat":[207,267],"product_tag":[],"class_list":{"0":"post-6553","1":"product","2":"type-product","3":"status-publish","4":"has-post-thumbnail","6":"product_cat-actividades-pt-br","7":"product_cat-capadocia","9":"first","10":"instock","11":"virtual","12":"sold-individually","13":"purchasable","14":"product-type-booking"},"_links":{"self":[{"href":"https:\/\/sunsmiletravel.com\/pt-br\/wp-json\/wp\/v2\/product\/6553","targetHints":{"allow":["GET"]}}],"collection":[{"href":"https:\/\/sunsmiletravel.com\/pt-br\/wp-json\/wp\/v2\/product"}],"about":[{"href":"https:\/\/sunsmiletravel.com\/pt-br\/wp-json\/wp\/v2\/types\/product"}],"replies":[{"embeddable":true,"href":"https:\/\/sunsmiletravel.com\/pt-br\/wp-json\/wp\/v2\/comments?post=6553"}],"version-history":[{"count":0,"href":"https:\/\/sunsmiletravel.com\/pt-br\/wp-json\/wp\/v2\/product\/6553\/revisions"}],"wp:featuredmedia":[{"embeddable":true,"href":"https:\/\/sunsmiletravel.com\/pt-br\/wp-json\/wp\/v2\/media\/8821"}],"wp:attachment":[{"href":"https:\/\/sunsmiletravel.com\/pt-br\/wp-json\/wp\/v2\/media?parent=6553"}],"wp:term":[{"taxonomy":"product_brand","embeddable":true,"href":"https:\/\/sunsmiletravel.com\/pt-br\/wp-json\/wp\/v2\/product_brand?post=6553"},{"taxonomy":"product_cat","embeddable":true,"href":"https:\/\/sunsmiletravel.com\/pt-br\/wp-json\/wp\/v2\/product_cat?post=6553"},{"taxonomy":"product_tag","embeddable":true,"href":"https:\/\/sunsmiletravel.com\/pt-br\/wp-json\/wp\/v2\/product_tag?post=6553"}],"curies":[{"name":"wp","href":"https:\/\/api.w.org\/{rel}","templated":true}]}}