{"id":6555,"date":"2022-03-31T00:35:06","date_gmt":"2022-03-30T21:35:06","guid":{"rendered":"https:\/\/sunsmiletravel.com\/tour\/passeio-de-camelo-na-capadocia\/"},"modified":"2023-03-28T11:40:52","modified_gmt":"2023-03-28T08:40:52","slug":"passeio-de-camelo-na-capadocia","status":"publish","type":"product","link":"https:\/\/sunsmiletravel.com\/pt-br\/passeio-de-camelo-na-capadocia\/","title":{"rendered":"Passeio de camelo na Capad\u00f3cia"},"content":{"rendered":"<h2>Detalhes do passeio de camelo na Capad\u00f3cia<\/h2>\n<p>Capad\u00f3cia \u00e9 uma das regi\u00f5es frequentemente visitadas por turistas locais e estrangeiros com sua natureza \u00fanica e atmosfera impressionante. Al\u00e9m de in\u00fameras chamin\u00e9s de fada, belos vales, cidades subterr\u00e2neas, cavernas hist\u00f3ricas, pomares perfumados e desfiladeiros, tamb\u00e9m oferece muitas atividades para quem procura aventura. Um deles \u00e9 o passeio de camelo. Em nosso tour, voc\u00ea pode encontrar informa\u00e7\u00f5es detalhadas sobre o conte\u00fado e pre\u00e7os do passeio de camelo na Capad\u00f3cia , que tem sido uma das atividades preferidas nos \u00faltimos anos.   <\/p>\n<p>O passeio de camelo na Capad\u00f3cia atrai muita aten\u00e7\u00e3o principalmente ao p\u00f4r do sol e nascer do sol. A raz\u00e3o para isso \u00e9 que os vales da Capad\u00f3cia assumem uma atmosfera ex\u00f3tica nessas \u00e9pocas. Centenas de tons de vermelho s\u00e3o refletidos nos vales e chamin\u00e9s de fada e criam uma vis\u00e3o extraordin\u00e1ria. Voc\u00ea sentir\u00e1 como se estivesse em um passeio m\u00edstico de camelo enquanto aprecia tal vis\u00e3o. Uma das quest\u00f5es que desperta a curiosidade de quem quer viver uma aventura t\u00e3o impressionante s\u00e3o os pre\u00e7os dos passeios de camelo na Capad\u00f3cia.    <\/p>\n<p><img loading=\"lazy\" decoding=\"async\" class=\"alignnone wp-image-2351 size-full\" src=\"https:\/\/sunsmiletravel.com\/wp-content\/uploads\/2022\/02\/camel-ride-1.jpg\" alt=\"Passeio de camelo na Capad\u00f3cia\" width=\"1600\" height=\"756\" srcset=\"https:\/\/sunsmiletravel.com\/wp-content\/uploads\/2022\/02\/camel-ride-1.jpg 1600w, https:\/\/sunsmiletravel.com\/wp-content\/uploads\/2022\/02\/camel-ride-1-800x378.jpg 800w, https:\/\/sunsmiletravel.com\/wp-content\/uploads\/2022\/02\/camel-ride-1-300x142.jpg 300w, https:\/\/sunsmiletravel.com\/wp-content\/uploads\/2022\/02\/camel-ride-1-1024x484.jpg 1024w, https:\/\/sunsmiletravel.com\/wp-content\/uploads\/2022\/02\/camel-ride-1-768x363.jpg 768w, https:\/\/sunsmiletravel.com\/wp-content\/uploads\/2022\/02\/camel-ride-1-1536x726.jpg 1536w\" sizes=\"auto, (max-width: 1600px) 100vw, 1600px\" \/><\/p>\n<p>O passeio de camelo na Capad\u00f3cia \u00e9 realizado com camelos d\u00f3ceis e experientes em fazendas de camelos da regi\u00e3o. Os camelos, que s\u00e3o criados especificamente para passeios, podem ser facilmente controlados. Os guias tur\u00edsticos ajudam quem entra no passeio pela primeira vez controlando o camelo. Outras fazendas fazem passeios de camelo na regi\u00e3o, mas preferimos trabalhar com fazendas profissionais que trabalham com camelos saud\u00e1veis e visualmente mais macios.   <\/p>\n<h3><span id=\"How_Cappadocia_hot_air_balloon_tours_are_operated\">Como s\u00e3o os passeios de camelo na Capad\u00f3cia ?<\/span><\/h3>\n<p>Aqueles que t\u00eam reserva para um passeio de camelo s\u00e3o buscados em seus hot\u00e9is para o nascer do sol, p\u00f4r do sol ou passeio de um dia e levados para as fazendas de camelos, o ponto de partida, onde \u00e9 dado um breve briefing. Ap\u00f3s o briefing, partimos em camelos. Pausas ser\u00e3o dadas nos mirantes e informa\u00e7\u00f5es sobre as regi\u00f5es ser\u00e3o dadas por guias especializados.  <\/p>\n<p><strong>Rota do passeio de camelo na Capad\u00f3cia<\/strong> inclui <strong>Vale Vermelho<\/strong>, <strong>Vale das Rosas<\/strong>, <strong>Zindanonu Rochas<\/strong> e <strong>Vale de Meskendir<\/strong> . Esses vales podem ser vistos na corcova do camelo com bastante seguran\u00e7a. Vai sentir-se num conto de fadas e viver\u00e1 uma viagem nost\u00e1lgica na caravana de camelos, passando por vales de beleza singular, entre chamin\u00e9s de fada e zonas onde existem edif\u00edcios hist\u00f3ricos.  <\/p>\n<h3>Pre\u00e7os dos passeios de camelo na Capad\u00f3cia<\/h3>\n[su_list icon=&#8221;icon: arrow-right&#8221; icon_color=&#8221;#D63F0D&#8221;]\n<ul>\n<li>Passeio de camelo ao nascer do sol: <strong>90 Min = \u20ac40<\/strong><\/li>\n<li>Passeio de camelo ao p\u00f4r do sol: <strong>90 Min = \u20ac40<\/strong><\/li>\n<\/ul>\n[\/su_list]\n<h4>Tenha em mente;<\/h4>\n[su_list icon=&#8221;icon: hand-o-right&#8221; icon_color=&#8221;#D63F0D&#8221;]\n<ul>\n<li>Os pre\u00e7os acima s\u00e3o dados <strong>por pessoa<\/strong> para um <strong>camelo<\/strong>.<\/li>\n<li>O peso de 2 pessoas n\u00e3o deve ultrapassar 140 kg para um camelo.<\/li>\n<\/ul>\n[\/su_list]\n<h3>O que est\u00e1 inclu\u00eddo?<\/h3>\n[su_list icon=&#8221;icon: check&#8221; icon_color=&#8221;#D63F0D&#8221;]\n<ul>\n<li>Traslados de ida e volta<\/li>\n<li>Guia<\/li>\n<li>Equipamento necess\u00e1rio<\/li>\n<li>Seguros<\/li>\n<\/ul>\n[\/su_list]\n<p>Durante o passeio de camelo e saf\u00e1ri na Capad\u00f3cia , voc\u00ea tamb\u00e9m pode enviar seus pedidos de fotos para nossa empresa. A taxa de fotografia profissional n\u00e3o est\u00e1 inclu\u00edda nos pre\u00e7os do passeio de camelo na Capad\u00f3cia . Mas vale a pena tirar fotos extraordin\u00e1rias enquanto viaja com a caravana de camelos, que est\u00e1 em harmonia com a natureza \u00fanica da Capad\u00f3cia . As sess\u00f5es de fotos geralmente s\u00e3o feitas nas horas do p\u00f4r do sol devido \u00e0s vistas incrivelmente bonitas. Voc\u00ea pode fazer um lugar especial em seu \u00e1lbum de f\u00e9rias eternizando esta viagem impressionante. Para o seu pedido de tiro profissional , entre em <a href=\"https:\/\/sunsmiletravel.com\/contact\/\">contato<\/a> conosco.      <\/p>\n<p><span data-text-color=\"alert\"><strong>Esta atividade n\u00e3o \u00e9 adequada para<\/strong>; Gr\u00e1vidas, Pessoas com problemas de coluna, Pessoas com problemas de mobilidade, Cadeirantes, Pessoas com cirurgias recentes, Pessoas com mais de 140 kg (309 libras).<\/span><\/p>\n","protected":false},"excerpt":{"rendered":"<p>Detalhes do passeio de camelo na Capad\u00f3cia Capad\u00f3cia \u00e9 uma das regi\u00f5es frequentemente visitadas por turistas locais e estrangeiros com sua natureza \u00fanica e atmosfera impressionante. Al\u00e9m de in\u00fameras chamin\u00e9s de fada, belos vales, cidades subterr\u00e2neas, cavernas hist\u00f3ricas, pomares perfumados e desfiladeiros, tamb\u00e9m oferece muitas atividades para quem procura aventura. Um deles \u00e9 o passeio [&#8230;]\n","protected":false},"featured_media":5957,"comment_status":"open","ping_status":"closed","template":"","meta":{"footnotes":""},"product_brand":[],"product_cat":[207],"product_tag":[],"class_list":{"0":"post-6555","1":"product","2":"type-product","3":"status-publish","4":"has-post-thumbnail","6":"product_cat-actividades-pt-br","8":"first","9":"instock","10":"virtual","11":"sold-individually","12":"purchasable","13":"product-type-booking"},"_links":{"self":[{"href":"https:\/\/sunsmiletravel.com\/pt-br\/wp-json\/wp\/v2\/product\/6555","targetHints":{"allow":["GET"]}}],"collection":[{"href":"https:\/\/sunsmiletravel.com\/pt-br\/wp-json\/wp\/v2\/product"}],"about":[{"href":"https:\/\/sunsmiletravel.com\/pt-br\/wp-json\/wp\/v2\/types\/product"}],"replies":[{"embeddable":true,"href":"https:\/\/sunsmiletravel.com\/pt-br\/wp-json\/wp\/v2\/comments?post=6555"}],"version-history":[{"count":0,"href":"https:\/\/sunsmiletravel.com\/pt-br\/wp-json\/wp\/v2\/product\/6555\/revisions"}],"wp:featuredmedia":[{"embeddable":true,"href":"https:\/\/sunsmiletravel.com\/pt-br\/wp-json\/wp\/v2\/media\/5957"}],"wp:attachment":[{"href":"https:\/\/sunsmiletravel.com\/pt-br\/wp-json\/wp\/v2\/media?parent=6555"}],"wp:term":[{"taxonomy":"product_brand","embeddable":true,"href":"https:\/\/sunsmiletravel.com\/pt-br\/wp-json\/wp\/v2\/product_brand?post=6555"},{"taxonomy":"product_cat","embeddable":true,"href":"https:\/\/sunsmiletravel.com\/pt-br\/wp-json\/wp\/v2\/product_cat?post=6555"},{"taxonomy":"product_tag","embeddable":true,"href":"https:\/\/sunsmiletravel.com\/pt-br\/wp-json\/wp\/v2\/product_tag?post=6555"}],"curies":[{"name":"wp","href":"https:\/\/api.w.org\/{rel}","templated":true}]}}