{"id":6556,"date":"2022-03-31T11:11:43","date_gmt":"2022-03-31T08:11:43","guid":{"rendered":"https:\/\/sunsmiletravel.com\/tour\/tour-completo-na-cappadocia\/"},"modified":"2025-11-27T12:05:39","modified_gmt":"2025-11-27T09:05:39","slug":"highlights-of-cappadocia-tour","status":"publish","type":"product","link":"https:\/\/sunsmiletravel.com\/pt-br\/highlights-of-cappadocia-tour\/","title":{"rendered":"Tour Completo na Cappadocia"},"content":{"rendered":"<h2>Detalhes do tour completo na Capad\u00f3cia<\/h2>\n<p>Tem um or\u00e7amento pequeno e tempo limitado, mas quer ter uma vis\u00e3o r\u00e1pida da \u00e1rea? O Highlights da Capad\u00f3cia Tour \u00e9 a melhor forma de aproveitar ao m\u00e1ximo a sua viagem \u00e0 Capad\u00f3cia. <\/p>\n<p><img loading=\"lazy\" decoding=\"async\" class=\"alignnone wp-image-2248 size-full\" src=\"https:\/\/sunsmiletravel.com\/wp-content\/uploads\/2021\/03\/uchisar-castle.jpg\" alt=\"Tour Completo na Cappadocia\" width=\"1600\" height=\"700\" srcset=\"https:\/\/sunsmiletravel.com\/wp-content\/uploads\/2021\/03\/uchisar-castle.jpg 1600w, https:\/\/sunsmiletravel.com\/wp-content\/uploads\/2021\/03\/uchisar-castle-800x350.jpg 800w, https:\/\/sunsmiletravel.com\/wp-content\/uploads\/2021\/03\/uchisar-castle-300x131.jpg 300w, https:\/\/sunsmiletravel.com\/wp-content\/uploads\/2021\/03\/uchisar-castle-1024x448.jpg 1024w, https:\/\/sunsmiletravel.com\/wp-content\/uploads\/2021\/03\/uchisar-castle-768x336.jpg 768w, https:\/\/sunsmiletravel.com\/wp-content\/uploads\/2021\/03\/uchisar-castle-1536x672.jpg 1536w\" sizes=\"auto, (max-width: 1600px) 100vw, 1600px\" \/><\/p>\n<p>Tour Completo na Cappadocia leva voc\u00ea aos mais belos pontos panor\u00e2micos da Capad\u00f3cia, onde voc\u00ea aprender\u00e1 sobre locais hist\u00f3ricos e forma\u00e7\u00f5es rochosas naturais. Os destaques de um passeio pela Capad\u00f3cia revelar\u00e3o o cen\u00e1rio inigual\u00e1vel da regi\u00e3o.  Desfrute de um gostinho do passado e do presente e testemunhe como a tradi\u00e7\u00e3o de 4.000 anos \u00e9 transmitida de pai para filho, visitando modernas oficinas de cer\u00e2mica. Voc\u00ea explorar\u00e1 o assentamento \u00fanico de Kaymakli Underground City, desfrutar\u00e1 de uma vista panor\u00e2mica de 360\u00b0 da regi\u00e3o da Capad\u00f3cia e tirar\u00e1 as melhores fotos dos vales Uchisar Castle, Imagination e Pasabag nesta excurs\u00e3o. <\/p>\n<p>Para mais informa\u00e7\u00f5es sobre Tour Completo na Cappadocia, por favor <a href=\"https:\/\/sunsmiletravel.com\/contact\/\">contacte-nos<\/a>.<br \/>\nSe voc\u00ea deseja verificar a previs\u00e3o do tempo fornecida pelo Servi\u00e7o Meteorol\u00f3gico Turco, consulte este <a href=\"https:\/\/www.mgm.gov.tr\/eng\/forecast-cities.aspx?m=NEVSEHIR\" target=\"_blank\" rel=\"noopener\">link.<\/a><\/p>\n<p>Os pontos altos da Cappadocia Tour s\u00e3o entre as 09:30 e as 10:00, a excurs\u00e3o termina por volta das 17:00.<\/p>\n<p><strong><span style=\"color: #ed1c24;\">PS: Crian\u00e7as menores de 8 anos n\u00e3o pagam!<\/span><\/strong><\/p>\n<h3>As nossas viagens s\u00e3o organizadas com guias profissionais ingleses, guias espanh\u00f3is, guias portugueses e guias chineses.<br \/>\nTodas as excurs\u00f5es s\u00e3o organizadas na sua l\u00edngua.<\/h3>\n<h3>\nPara uma melhor experi\u00eancia, por favor considere as seguintes dicas;<\/h3>\n[su_list icon=&#8221;icon: hand-o-right&#8221; icon_color=&#8221;#D63F0D&#8221;]\n<ul>\n<li>Verifique a previs\u00e3o do tempo e vista-se de acordo.<\/li>\n<li>A cidade subterr\u00e2nea \u00e9 um espa\u00e7o confinado, informe seu guia se voc\u00ea for claustrof\u00f3bico.<\/li>\n<li>Use sapatos confort\u00e1veis e antiderrapantes.<\/li>\n<li>Traga seus \u00f3culos de sol e chap\u00e9u (especialmente no ver\u00e3o)<\/li>\n<li>Traga dinheiro para suas despesas<\/li>\n<li>N\u00e3o se esque\u00e7a de carregar seus dispositivos port\u00e1teis<\/li>\n<\/ul>\n[\/su_list]\n<h3>Quais lugares s\u00e3o visitados nesse passeio?<\/h3>\n[su_list icon=&#8221;icon: location-arrow&#8221; icon_color=&#8221;#D63F0D&#8221;]\n<ul>\n<li><strong>Panorama de Goreme<\/strong> : Para come\u00e7ar o tour verde da Capad\u00f3cia , iremos ao Panorama de G\u00f6reme para deixar nossos olhos descansarem um pouco: este lugar serve como uma varanda com uma vista espetacular de Goreme e do castelo de U\u00e7hisar .<\/li>\n<li><strong>Castelo de U\u00e7hisar :<\/strong> O castelo est\u00e1 localizado no ponto mais alto do centro da Capad\u00f3cia e cativa voc\u00ea com sua paisagem impressionante.<\/li>\n<li><strong>Cidade Subterr\u00e2nea de Kaymakli :<\/strong> Esta maravilha da engenharia antiga \u00e9 o maior assentamento tempor\u00e1rio para muitas civiliza\u00e7\u00f5es locais. Este assentamento \u00fanico tem mais de 4.000 anos de hist\u00f3ria. <\/li>\n<li><strong>Vale dos Pombos;<\/strong> \u00e9 um lugar onde voc\u00ea pode ver o castelo de U\u00e7hisar e o vale de um grande \u00e2ngulo. Voc\u00ea est\u00e1 pronto para ouvir a pitoresca hist\u00f3ria dos pombais? <\/li>\n<li><strong>Almo\u00e7o<\/strong> : Servido em restaurante tradicional local.<\/li>\n<li><strong>Avanos (Demonstra\u00e7\u00e3o de Cer\u00e2mica):<\/strong> Muitos homens na cidade s\u00e3o talentosos na fabrica\u00e7\u00e3o de cer\u00e2mica e cer\u00e2mica em Avanos . Cer\u00e2mica foi entregue a esta \u00e1rea desde cerca de 2000 a. c., a \u00e9poca dos hititas. <\/li>\n<li><strong>Imagination Valley (tamb\u00e9m conhecido como Devrent Valley )<\/strong>: Este lugar \u00fanico \u00e9 repleto de chamin\u00e9s de fada que lembram algumas coisas espec\u00edficas, como animais e figuras.<\/li>\n<li><strong>Pasaba\u011f (tamb\u00e9m conhecido como Vale dos Monges)<\/strong> : Este lugar \u00e9 um dos mais interessantes com suas colossais chamin\u00e9s de tr\u00eas cabe\u00e7as. Os eremitas que ali viviam foram inspirados por San Simeon e esculpiram suas celas admirando seu modo de vida. <\/li>\n<\/ul>\n[\/su_list]\n<h3>O que est\u00e1 inclu\u00eddo?<\/h3>\n[su_list icon=&#8221;icon: check&#8221; icon_color=&#8221;#D63F0D&#8221;]\n<ul>\n<li>Guias tur\u00edsticos licenciados profissionais.<\/li>\n<li>Servi\u00e7o de coleta e devolu\u00e7\u00e3o com ve\u00edculos climatizados.<\/li>\n<li>Ingressos para museus<\/li>\n<li>Almo\u00e7o em restaurante tradicional local.<\/li>\n<li>Uma garrafa de meio litro de \u00e1gua por pessoa<\/li>\n<li>Impostos<\/li>\n<\/ul>\n[\/su_list]\n<h3>O que \u00e9 exclu\u00eddo?<\/h3>\n[su_list icon=&#8221;icon: remove&#8221; icon_color=&#8221;#D63F0D&#8221;]\n<ul>\n<li>Bebidas no almo\u00e7o<\/li>\n<li>Despesas pessoais<\/li>\n<li>Pontas<\/li>\n<\/ul>\n[\/su_list]\n","protected":false},"excerpt":{"rendered":"<p>Detalhes do tour completo na Capad\u00f3cia Tem um or\u00e7amento pequeno e tempo limitado, mas quer ter uma vis\u00e3o r\u00e1pida da \u00e1rea? O Highlights da Capad\u00f3cia Tour \u00e9 a melhor forma de aproveitar ao m\u00e1ximo a sua viagem \u00e0 Capad\u00f3cia. Tour Completo na Cappadocia leva voc\u00ea aos mais belos pontos panor\u00e2micos da Capad\u00f3cia, onde voc\u00ea aprender\u00e1 [&#8230;]\n","protected":false},"featured_media":8729,"comment_status":"open","ping_status":"closed","template":"","meta":{"footnotes":""},"product_brand":[],"product_cat":[203,207,267],"product_tag":[],"class_list":{"0":"post-6556","1":"product","2":"type-product","3":"status-publish","4":"has-post-thumbnail","6":"product_cat-passeios-regulares","7":"product_cat-actividades-pt-br","8":"product_cat-capadocia","10":"first","11":"instock","12":"virtual","13":"sold-individually","14":"purchasable","15":"product-type-booking"},"_links":{"self":[{"href":"https:\/\/sunsmiletravel.com\/pt-br\/wp-json\/wp\/v2\/product\/6556","targetHints":{"allow":["GET"]}}],"collection":[{"href":"https:\/\/sunsmiletravel.com\/pt-br\/wp-json\/wp\/v2\/product"}],"about":[{"href":"https:\/\/sunsmiletravel.com\/pt-br\/wp-json\/wp\/v2\/types\/product"}],"replies":[{"embeddable":true,"href":"https:\/\/sunsmiletravel.com\/pt-br\/wp-json\/wp\/v2\/comments?post=6556"}],"version-history":[{"count":0,"href":"https:\/\/sunsmiletravel.com\/pt-br\/wp-json\/wp\/v2\/product\/6556\/revisions"}],"wp:featuredmedia":[{"embeddable":true,"href":"https:\/\/sunsmiletravel.com\/pt-br\/wp-json\/wp\/v2\/media\/8729"}],"wp:attachment":[{"href":"https:\/\/sunsmiletravel.com\/pt-br\/wp-json\/wp\/v2\/media?parent=6556"}],"wp:term":[{"taxonomy":"product_brand","embeddable":true,"href":"https:\/\/sunsmiletravel.com\/pt-br\/wp-json\/wp\/v2\/product_brand?post=6556"},{"taxonomy":"product_cat","embeddable":true,"href":"https:\/\/sunsmiletravel.com\/pt-br\/wp-json\/wp\/v2\/product_cat?post=6556"},{"taxonomy":"product_tag","embeddable":true,"href":"https:\/\/sunsmiletravel.com\/pt-br\/wp-json\/wp\/v2\/product_tag?post=6556"}],"curies":[{"name":"wp","href":"https:\/\/api.w.org\/{rel}","templated":true}]}}