{"id":9381,"date":"2024-11-30T13:51:47","date_gmt":"2024-11-30T10:51:47","guid":{"rendered":"https:\/\/sunsmiletravel.com\/to_do_in_cappadocia\/passeio-de-balao-de-ar-quente-em-pamukkale\/"},"modified":"2025-11-15T12:01:46","modified_gmt":"2025-11-15T09:01:46","slug":"passeio-de-balao-de-ar-quente-em-pamukkale","status":"publish","type":"product","link":"https:\/\/sunsmiletravel.com\/pt-br\/passeio-de-balao-de-ar-quente-em-pamukkale\/","title":{"rendered":"Passeio de Bal\u00e3o em Pamukkale: Uma Viagem M\u00e1gica Sobre o Castelo de Algod\u00e3o"},"content":{"rendered":"\t<div class=\"img has-hover x md-x lg-x y md-y lg-y\" id=\"image_2012181480\">\n\t\t\t\t\t\t\t\t<div class=\"img-inner dark\" >\n\t\t\t<img loading=\"lazy\" decoding=\"async\" width=\"1050\" height=\"450\" src=\"https:\/\/sunsmiletravel.com\/wp-content\/uploads\/2024\/11\/Adsiz-tasarim-6.png\" class=\"attachment-2048x2048 size-2048x2048\" alt=\"\" srcset=\"https:\/\/sunsmiletravel.com\/wp-content\/uploads\/2024\/11\/Adsiz-tasarim-6.png 1050w, https:\/\/sunsmiletravel.com\/wp-content\/uploads\/2024\/11\/Adsiz-tasarim-6-800x343.png 800w, https:\/\/sunsmiletravel.com\/wp-content\/uploads\/2024\/11\/Adsiz-tasarim-6-300x129.png 300w, https:\/\/sunsmiletravel.com\/wp-content\/uploads\/2024\/11\/Adsiz-tasarim-6-1024x439.png 1024w, https:\/\/sunsmiletravel.com\/wp-content\/uploads\/2024\/11\/Adsiz-tasarim-6-768x329.png 768w\" sizes=\"auto, (max-width: 1050px) 100vw, 1050px\">\t\t\t\t\t\t\n\t\t\t\t\t<\/div>\n\t\t\t\t\t\t\t\t\n<style>\n#image_2012181480 {\n  width: 100%;\n}\n<\/style>\n\t<\/div>\n\t\n<h1>Passeio de Bal\u00e3o em Pamukkale: Uma Viagem M\u00e1gica Sobre o Castelo de Algod\u00e3o<\/h1>\n<p><em><strong><br \/>O pre\u00e7o indicado \u00e9 v\u00e1lido apenas para a data de hoje. Para fazer uma reserva para datas futuras, Por favor, envie uma mensagem via <a href=\"https:\/\/wa.me\/+905528045590\" target=\"_blank\" rel=\"noopener\">WhatsApp.<\/a>** <\/strong><\/em><br \/>\nPasseio de Bal\u00e3o em Pamukkale:<br \/>O passeio de bal\u00e3o em Pamukkale oferece uma experi\u00eancia inesquec\u00edvel, sobrevoando uma das paisagens mais deslumbrantes do mundo. Este incr\u00edvel passeio leva voc\u00ea aos c\u00e9us acima dos famosos terra\u00e7os brancos de Pamukkale, um Patrim\u00f4nio Mundial da UNESCO, proporcionando vistas deslumbrantes das maravilhas naturais abaixo.<br \/>Seja voc\u00ea um amante de aventura ou algu\u00e9m que simplesmente aprecia a beleza natural, este passeio de bal\u00e3o \u00e9 uma atividade imperd\u00edvel durante sua visita a Pamukkale.  <\/p>\n<h2>Revelando a beleza de Pamukkale do alto<\/h2>\n<p>Ao nascer do sol, a sua jornada come\u00e7a. O bal\u00e3o de ar quente de Pamukkale decola das forma\u00e7\u00f5es rochosas sedimentares locais, subindo lentamente ao c\u00e9u. O sil\u00eancio \u00e9 quebrado apenas pelo som ocasional do queimador enquanto voc\u00ea flutua para cima, alcan\u00e7ando altitudes de v\u00e1rios milhares de p\u00e9s. O panorama que se revela diante dos seus olhos \u00e9 simplesmente m\u00e1gico.<br \/>Do bal\u00e3o, voc\u00ea pode ver os extensos terra\u00e7os de Pamukkale, onde as \u00e1guas termais descem pelas forma\u00e7\u00f5es de calc\u00e1rio branco, criando belas piscinas e lagos de \u00e1gua turquesa.    <\/p>\n<h2>O que esperar do seu Passeio de Bal\u00e3o em Pamukkale<\/h2>\n<p>Cada bal\u00e3o comporta no m\u00e1ximo 20 passageiros, garantindo uma experi\u00eancia \u00edntima para todos que participam do passeio. O piloto profissional o acompanhar\u00e1 durante todo o voo, apontando os principais pontos tur\u00edsticos e compartilhando informa\u00e7\u00f5es sobre a hist\u00f3ria e a import\u00e2ncia geol\u00f3gica de Pamukkale. Enquanto voc\u00ea sobrevoa o \u201cCastelo de Algod\u00e3o\u201d, ter\u00e1 a oportunidade de ver a n\u00e9voa da manh\u00e3 subindo das piscinas termais, criando um brilho m\u00edstico sobre a regi\u00e3o.<br \/>A vista do sol iluminando a paisagem \u00e9 simplesmente inesquec\u00edvel, com a luz projetando sombras dram\u00e1ticas sobre as fal\u00e9sias brancas e as piscinas abaixo.   <\/p>\n<h2>Por que escolher o Passeio de Bal\u00e3o em Pamukkale?<\/h2>\n<p>Pamukkale \u00e9 conhecida por suas \u00e1guas termais e terra\u00e7os naturais, formados ao longo de milhares de anos pela \u00e1gua das fontes quentes que deixou dep\u00f3sitos de c\u00e1lcio. Essas \u00e1guas ricas em minerais criaram uma paisagem deslumbrante, semelhante a um castelo de algod\u00e3o, que s\u00f3 pode ser plenamente apreciada do alto. Um passeio de bal\u00e3o em Pamukkale permite que voc\u00ea experimente este Patrim\u00f4nio Mundial da UNESCO de uma perspectiva \u00fanica, com vistas panor\u00e2micas incompar\u00e1veis a qualquer outro meio de transporte.  <\/p>\n<h3> Destaques do Passeio de Bal\u00e3o em Pamukkale<\/h3>\n<ul>\n<li>Voe alto sobre o S\u00edtio do Patrim\u00f4nio Mundial da UNESCO de Pamukkale<\/li>\n<li>Viva um voo tranquilo e deslumbrante ao nascer do sol sobre o \u201cCastelo de Algod\u00e3o\u201d.<\/li>\n<li>Admire as deslumbrantes terra\u00e7os brancos e as piscinas naturais de Pamukkale l\u00e1 do alto.<\/li>\n<li>Desfrute de vistas panor\u00e2micas de toda a regi\u00e3o, incluindo as montanhas ao longe.<\/li>\n<li>Aprenda sobre a hist\u00f3ria, a geologia e a import\u00e2ncia cultural de Pamukkale com o seu piloto especialista.<\/li>\n<li>Uma experi\u00eancia \u00fanica na vida, perfeita para casais, fot\u00f3grafos e amantes da natureza.<\/li>\n<\/ul>\n<h2>Perfeito para todos os tipos de viajantes<\/h2>\n<p>Quer voc\u00ea esteja viajando sozinho, em casal ou com a fam\u00edlia, o Passeio de Bal\u00e3o em Pamukkale oferece algo para todos. A serenidade do voo, combinada com a paisagem deslumbrante, cria uma oportunidade ideal para fot\u00f3grafos capturarem incr\u00edveis imagens a\u00e9reas de um dos marcos mais famosos da Turquia.<br \/>Tamb\u00e9m \u00e9 uma experi\u00eancia extremamente rom\u00e2ntica para casais que desejam adicionar um momento especial \u00e0 sua viagem. Al\u00e9m disso, a natureza tranquila e inspiradora do voo o torna uma atividade agrad\u00e1vel para pessoas de todas as idades \u2014 desde aventureiros at\u00e9 aqueles que simplesmente querem apreciar a beleza natural do local.   <\/p>\n<h2>Reserve hoje mesmo o seu Passeio de Bal\u00e3o em Pamukkale.<\/h2>\n<p>Se voc\u00ea est\u00e1 planejando uma viagem a Pamukkale, o passeio de bal\u00e3o de ar quente \u00e9 indispens\u00e1vel. As vistas deslumbrantes, o voo tranquilo e a oportunidade de contemplar uma das maravilhas naturais da Turquia do alto fazem desta uma experi\u00eancia que voc\u00ea guardar\u00e1 para sempre. O Passeio de Bal\u00e3o em Pamukkale \u00e9 a maneira perfeita de come\u00e7ar o dia e \u00e9 uma das atividades mais populares para os visitantes da regi\u00e3o. Certifique-se de reservar com anteced\u00eancia para garantir sua vaga, pois esta experi\u00eancia \u00e9 muito procurada. N\u00e3o perca essa oportunidade extraordin\u00e1ria de testemunhar a beleza de Pamukkale como nunca antes!    <\/p>\n<p>Experimente a magia de Pamukkale do alto \u2014 reserve agora o seu passeio de bal\u00e3o e crie mem\u00f3rias inesquec\u00edveis em um dos lugares mais bonitos do mundo!<\/p>\n<div class=\"row\"  id=\"row-1192961788\">\n\n\t<div id=\"col-232819652\" class=\"col medium-7 small-12 large-7\"  >\n\t\t\t\t<div class=\"col-inner\"  >\n\t\t\t\n\t\t\t\n<div class=\"included-excluded\" data-wp-editing=\"1\">\n<h2><span style=\"font-size: 20.16px; color: #333333;\">Inclu\u00eddo<\/span><\/h2>\n<p><span style=\"color: #339966; font-size: 120%;\"><img loading=\"lazy\" decoding=\"async\" class=\"alignnone wp-image-9011\" src=\"https:\/\/sunsmiletravel.com\/wp-content\/uploads\/2024\/11\/png-transparent-right-mark-tick-thumbnail-300x295.png\" alt=\"\" width=\"22\" height=\"21\" srcset=\"https:\/\/sunsmiletravel.com\/wp-content\/uploads\/2024\/11\/png-transparent-right-mark-tick-thumbnail-300x295.png 300w, https:\/\/sunsmiletravel.com\/wp-content\/uploads\/2024\/11\/png-transparent-right-mark-tick-thumbnail-100x100.png 100w, https:\/\/sunsmiletravel.com\/wp-content\/uploads\/2024\/11\/png-transparent-right-mark-tick-thumbnail-150x150.png 150w, https:\/\/sunsmiletravel.com\/wp-content\/uploads\/2024\/11\/png-transparent-right-mark-tick-thumbnail.png 360w\" sizes=\"auto, (max-width: 22px) 100vw, 22px\" \/> <\/span>Traslado de ida e volta do hotel (Pamukkale e Karahayit)<\/p>\n<p><span style=\"color: #339966; font-size: 120%;\"> <img loading=\"lazy\" decoding=\"async\" class=\"alignnone wp-image-9011\" src=\"https:\/\/sunsmiletravel.com\/wp-content\/uploads\/2024\/11\/png-transparent-right-mark-tick-thumbnail-300x295.png\" alt=\"\" width=\"22\" height=\"21\" srcset=\"https:\/\/sunsmiletravel.com\/wp-content\/uploads\/2024\/11\/png-transparent-right-mark-tick-thumbnail-300x295.png 300w, https:\/\/sunsmiletravel.com\/wp-content\/uploads\/2024\/11\/png-transparent-right-mark-tick-thumbnail-100x100.png 100w, https:\/\/sunsmiletravel.com\/wp-content\/uploads\/2024\/11\/png-transparent-right-mark-tick-thumbnail-150x150.png 150w, https:\/\/sunsmiletravel.com\/wp-content\/uploads\/2024\/11\/png-transparent-right-mark-tick-thumbnail.png 360w\" sizes=\"auto, (max-width: 22px) 100vw, 22px\" \/><\/span>Pilotos certificados e profissionais com experi\u00eancia na Capad\u00f3cia<\/p>\n<p><span style=\"color: #339966; font-size: 120%;\"><img loading=\"lazy\" decoding=\"async\" class=\"alignnone wp-image-9011\" src=\"https:\/\/sunsmiletravel.com\/wp-content\/uploads\/2024\/11\/png-transparent-right-mark-tick-thumbnail-300x295.png\" alt=\"\" width=\"22\" height=\"21\" srcset=\"https:\/\/sunsmiletravel.com\/wp-content\/uploads\/2024\/11\/png-transparent-right-mark-tick-thumbnail-300x295.png 300w, https:\/\/sunsmiletravel.com\/wp-content\/uploads\/2024\/11\/png-transparent-right-mark-tick-thumbnail-100x100.png 100w, https:\/\/sunsmiletravel.com\/wp-content\/uploads\/2024\/11\/png-transparent-right-mark-tick-thumbnail-150x150.png 150w, https:\/\/sunsmiletravel.com\/wp-content\/uploads\/2024\/11\/png-transparent-right-mark-tick-thumbnail.png 360w\" sizes=\"auto, (max-width: 22px) 100vw, 22px\" \/> <\/span>Refei\u00e7\u00f5es locais padr\u00e3o, traslados, passeios tur\u00edsticos e taxas de entrada conforme o itiner\u00e1rio<\/p>\n<p><span style=\"color: #339966; font-size: 120%;\"><img loading=\"lazy\" decoding=\"async\" class=\"alignnone wp-image-9011\" src=\"https:\/\/sunsmiletravel.com\/wp-content\/uploads\/2024\/11\/png-transparent-right-mark-tick-thumbnail-300x295.png\" alt=\"\" width=\"22\" height=\"21\" srcset=\"https:\/\/sunsmiletravel.com\/wp-content\/uploads\/2024\/11\/png-transparent-right-mark-tick-thumbnail-300x295.png 300w, https:\/\/sunsmiletravel.com\/wp-content\/uploads\/2024\/11\/png-transparent-right-mark-tick-thumbnail-100x100.png 100w, https:\/\/sunsmiletravel.com\/wp-content\/uploads\/2024\/11\/png-transparent-right-mark-tick-thumbnail-150x150.png 150w, https:\/\/sunsmiletravel.com\/wp-content\/uploads\/2024\/11\/png-transparent-right-mark-tick-thumbnail.png 360w\" sizes=\"auto, (max-width: 22px) 100vw, 22px\" \/> <\/span>Celebra\u00e7\u00e3o do voo ap\u00f3s o voo do bal\u00e3o<\/p>\n<p><span style=\"color: #339966; font-size: 120%;\"> <img loading=\"lazy\" decoding=\"async\" class=\"alignnone wp-image-9011\" src=\"https:\/\/sunsmiletravel.com\/wp-content\/uploads\/2024\/11\/png-transparent-right-mark-tick-thumbnail-300x295.png\" alt=\"\" width=\"22\" height=\"21\" srcset=\"https:\/\/sunsmiletravel.com\/wp-content\/uploads\/2024\/11\/png-transparent-right-mark-tick-thumbnail-300x295.png 300w, https:\/\/sunsmiletravel.com\/wp-content\/uploads\/2024\/11\/png-transparent-right-mark-tick-thumbnail-100x100.png 100w, https:\/\/sunsmiletravel.com\/wp-content\/uploads\/2024\/11\/png-transparent-right-mark-tick-thumbnail-150x150.png 150w, https:\/\/sunsmiletravel.com\/wp-content\/uploads\/2024\/11\/png-transparent-right-mark-tick-thumbnail.png 360w\" sizes=\"auto, (max-width: 22px) 100vw, 22px\" \/><\/span>Taxas de estacionamento<\/p>\n<\/div>\n\t\t<\/div>\n\t\t\t\t\t<\/div>\n\n\t\n\n\t<div id=\"col-607794435\" class=\"col medium-5 small-12 large-5\"  >\n\t\t\t\t<div class=\"col-inner\"  >\n\t\t\t\n\t\t\t\n<h2 id=\"headingInExClude\" class=\"st-heading-section\">Exclu\u00eddos<\/h2>\n<p style=\"text-align: left;\"><img loading=\"lazy\" decoding=\"async\" class=\"alignleft wp-image-9015\" src=\"https:\/\/sunsmiletravel.com\/wp-content\/uploads\/2024\/11\/kontrol-etiketi-kirmizi-x_23.07.2022_96d7f51-300x300.png\" alt=\"\" width=\"15\" height=\"15\" srcset=\"https:\/\/sunsmiletravel.com\/wp-content\/uploads\/2024\/11\/kontrol-etiketi-kirmizi-x_23.07.2022_96d7f51-300x300.png 300w, https:\/\/sunsmiletravel.com\/wp-content\/uploads\/2024\/11\/kontrol-etiketi-kirmizi-x_23.07.2022_96d7f51-100x100.png 100w, https:\/\/sunsmiletravel.com\/wp-content\/uploads\/2024\/11\/kontrol-etiketi-kirmizi-x_23.07.2022_96d7f51-800x800.png 800w, https:\/\/sunsmiletravel.com\/wp-content\/uploads\/2024\/11\/kontrol-etiketi-kirmizi-x_23.07.2022_96d7f51-150x150.png 150w, https:\/\/sunsmiletravel.com\/wp-content\/uploads\/2024\/11\/kontrol-etiketi-kirmizi-x_23.07.2022_96d7f51-768x768.png 768w, https:\/\/sunsmiletravel.com\/wp-content\/uploads\/2024\/11\/kontrol-etiketi-kirmizi-x_23.07.2022_96d7f51.png 1000w\" sizes=\"auto, (max-width: 15px) 100vw, 15px\" \/><\/p>\n<p>Traslado extra do aeroporto de Denizli e Cardak<\/p>\n<p><i class=\"stt-icon-close\"><img loading=\"lazy\" decoding=\"async\" class=\"alignleft wp-image-9015\" src=\"https:\/\/sunsmiletravel.com\/wp-content\/uploads\/2024\/11\/kontrol-etiketi-kirmizi-x_23.07.2022_96d7f51-300x300.png\" alt=\"\" width=\"15\" height=\"15\" srcset=\"https:\/\/sunsmiletravel.com\/wp-content\/uploads\/2024\/11\/kontrol-etiketi-kirmizi-x_23.07.2022_96d7f51-300x300.png 300w, https:\/\/sunsmiletravel.com\/wp-content\/uploads\/2024\/11\/kontrol-etiketi-kirmizi-x_23.07.2022_96d7f51-100x100.png 100w, https:\/\/sunsmiletravel.com\/wp-content\/uploads\/2024\/11\/kontrol-etiketi-kirmizi-x_23.07.2022_96d7f51-800x800.png 800w, https:\/\/sunsmiletravel.com\/wp-content\/uploads\/2024\/11\/kontrol-etiketi-kirmizi-x_23.07.2022_96d7f51-150x150.png 150w, https:\/\/sunsmiletravel.com\/wp-content\/uploads\/2024\/11\/kontrol-etiketi-kirmizi-x_23.07.2022_96d7f51-768x768.png 768w, https:\/\/sunsmiletravel.com\/wp-content\/uploads\/2024\/11\/kontrol-etiketi-kirmizi-x_23.07.2022_96d7f51.png 1000w\" sizes=\"auto, (max-width: 15px) 100vw, 15px\" \/><\/i>V\u00eddeos de voos feitos por pilotos<\/p>\n<p><i class=\"stt-icon-close\"><img loading=\"lazy\" decoding=\"async\" class=\"alignleft wp-image-9015\" src=\"https:\/\/sunsmiletravel.com\/wp-content\/uploads\/2024\/11\/kontrol-etiketi-kirmizi-x_23.07.2022_96d7f51-300x300.png\" alt=\"\" width=\"15\" height=\"15\" srcset=\"https:\/\/sunsmiletravel.com\/wp-content\/uploads\/2024\/11\/kontrol-etiketi-kirmizi-x_23.07.2022_96d7f51-300x300.png 300w, https:\/\/sunsmiletravel.com\/wp-content\/uploads\/2024\/11\/kontrol-etiketi-kirmizi-x_23.07.2022_96d7f51-100x100.png 100w, https:\/\/sunsmiletravel.com\/wp-content\/uploads\/2024\/11\/kontrol-etiketi-kirmizi-x_23.07.2022_96d7f51-800x800.png 800w, https:\/\/sunsmiletravel.com\/wp-content\/uploads\/2024\/11\/kontrol-etiketi-kirmizi-x_23.07.2022_96d7f51-150x150.png 150w, https:\/\/sunsmiletravel.com\/wp-content\/uploads\/2024\/11\/kontrol-etiketi-kirmizi-x_23.07.2022_96d7f51-768x768.png 768w, https:\/\/sunsmiletravel.com\/wp-content\/uploads\/2024\/11\/kontrol-etiketi-kirmizi-x_23.07.2022_96d7f51.png 1000w\" sizes=\"auto, (max-width: 15px) 100vw, 15px\" \/><\/i><\/p>\n<div class=\"st-inexclude\">\n<div class=\"row\">\n<div class=\"col-lg-6\">\n<p>Dica para a equipe de terra<\/p>\n<\/div>\n<\/div>\n<\/div>\n\t\t<\/div>\n\t\t\t\t\t<\/div>\n\n\t\n<\/div>\n<div class=\"row\"  id=\"row-681347775\">\n\n\t<div id=\"col-1472390106\" class=\"col medium-6 small-12 large-6\"  >\n\t\t\t\t<div class=\"col-inner\"  >\n\t\t\t\n\t\t\t\n<div class=\"row\"  id=\"row-1786513039\">\n\n\t<div id=\"col-201030772\" class=\"col medium-5 small-12 large-5\"  >\n\t\t\t\t<div class=\"col-inner\"  >\n\t\t\t\n\t\t\t\n<div class=\"container section-title-container\" ><h3 class=\"section-title section-title-normal\"><b aria-hidden=\"true\"><\/b><span class=\"section-title-main\" style=\"font-size:154%;color:rgb(212, 41, 41);\">dura\u00e7\u00f5es<\/span><b aria-hidden=\"true\"><\/b><\/h3><\/div>\n<div class=\"row\"  id=\"row-820562280\">\n\n\t<div id=\"col-1080169841\" class=\"col medium-4 small-12 large-4\"  >\n\t\t\t\t<div class=\"col-inner\"  >\n\t\t\t\n\t\t\t\n\t<div class=\"img has-hover x md-x lg-x y md-y lg-y\" id=\"image_307423394\">\n\t\t\t\t\t\t\t\t<div class=\"img-inner dark\" >\n\t\t\t<img loading=\"lazy\" decoding=\"async\" width=\"300\" height=\"300\" src=\"https:\/\/sunsmiletravel.com\/wp-content\/uploads\/2024\/11\/\u2014Pngtree\u2014vector-clock-_3787755-300x300.png\" class=\"attachment-medium size-medium\" alt=\"\" srcset=\"https:\/\/sunsmiletravel.com\/wp-content\/uploads\/2024\/11\/\u2014Pngtree\u2014vector-clock-_3787755-300x300.png 300w, https:\/\/sunsmiletravel.com\/wp-content\/uploads\/2024\/11\/\u2014Pngtree\u2014vector-clock-_3787755-100x100.png 100w, https:\/\/sunsmiletravel.com\/wp-content\/uploads\/2024\/11\/\u2014Pngtree\u2014vector-clock-_3787755-800x800.png 800w, https:\/\/sunsmiletravel.com\/wp-content\/uploads\/2024\/11\/\u2014Pngtree\u2014vector-clock-_3787755-150x150.png 150w, https:\/\/sunsmiletravel.com\/wp-content\/uploads\/2024\/11\/\u2014Pngtree\u2014vector-clock-_3787755-768x768.png 768w, https:\/\/sunsmiletravel.com\/wp-content\/uploads\/2024\/11\/\u2014Pngtree\u2014vector-clock-_3787755.png 1007w\" sizes=\"auto, (max-width: 300px) 100vw, 300px\">\t\t\t\t\t\t\n\t\t\t\t\t<\/div>\n\t\t\t\t\t\t\t\t\n<style>\n#image_307423394 {\n  width: 100%;\n}\n<\/style>\n\t<\/div>\n\t\n\t\t<\/div>\n\t\t\t\t\t<\/div>\n\n\t\n\n\t<div id=\"col-1083253340\" class=\"col medium-8 small-12 large-8\"  >\n\t\t\t\t<div class=\"col-inner\"  >\n\t\t\t\n\t\t\t\n<h3>Dia inteiro (+7 horas)<\/h3>\n\t\t<\/div>\n\t\t\t\t\t<\/div>\n\n\t\n<\/div>\n\t\t<\/div>\n\t\t\t\t\t<\/div>\n\n\t\n<\/div>\n\t\t<\/div>\n\t\t\t\t\t<\/div>\n\n\t\n\n\t<div id=\"col-1853533811\" class=\"col medium-5 small-12 large-5\"  >\n\t\t\t\t<div class=\"col-inner\"  >\n\t\t\t\n\t\t\t\n<div class=\"container section-title-container\" ><h3 class=\"section-title section-title-normal\"><b aria-hidden=\"true\"><\/b><span class=\"section-title-main\" style=\"font-size:154%;color:rgb(216, 56, 56);\">idiomas<\/span><b aria-hidden=\"true\"><\/b><\/h3><\/div>\n<div class=\"row\"  id=\"row-1405338540\">\n\n\t<div id=\"col-1935100380\" class=\"col medium-2 small-12 large-2\"  >\n\t\t\t\t<div class=\"col-inner\"  >\n\t\t\t\n\t\t\t\n\t<div class=\"img has-hover x md-x lg-x y md-y lg-y\" id=\"image_1373101306\">\n\t\t\t\t\t\t\t\t<div class=\"img-inner dark\" >\n\t\t\t<img loading=\"lazy\" decoding=\"async\" width=\"300\" height=\"300\" src=\"https:\/\/sunsmiletravel.com\/wp-content\/uploads\/2024\/11\/2793765-300x300.png\" class=\"attachment-medium size-medium\" alt=\"\" srcset=\"https:\/\/sunsmiletravel.com\/wp-content\/uploads\/2024\/11\/2793765-300x300.png 300w, https:\/\/sunsmiletravel.com\/wp-content\/uploads\/2024\/11\/2793765-100x100.png 100w, https:\/\/sunsmiletravel.com\/wp-content\/uploads\/2024\/11\/2793765-150x150.png 150w, https:\/\/sunsmiletravel.com\/wp-content\/uploads\/2024\/11\/2793765-510x510.png 510w, https:\/\/sunsmiletravel.com\/wp-content\/uploads\/2024\/11\/2793765.png 512w\" sizes=\"auto, (max-width: 300px) 100vw, 300px\">\t\t\t\t\t\t\n\t\t\t\t\t<\/div>\n\t\t\t\t\t\t\t\t\n<style>\n#image_1373101306 {\n  width: 100%;\n}\n<\/style>\n\t<\/div>\n\t\n\t\t<\/div>\n\t\t\t\t\t<\/div>\n\n\t\n\n\t<div id=\"col-1730145554\" class=\"col medium-6 small-12 large-6\"  >\n\t\t\t\t<div class=\"col-inner\"  >\n\t\t\t\n\t\t\t\n\t<div id=\"text-3956011315\" class=\"text\">\n\t\t\n<p class=\"value\"><strong>Ingl\u00eas<\/strong><\/p>\n\t\t\n<style>\n#text-3956011315 {\n  font-size: 1.05rem;\n  line-height: 1.05;\n}\n<\/style>\n\t<\/div>\n\t\n\t\t<\/div>\n\t\t\t\t\t<\/div>\n\n\t\n<\/div>\n\t\t<\/div>\n\t\t\t\t\t<\/div>\n\n\t\n<\/div>\n<div class=\"row\"  id=\"row-19845813\">\n\n\t<div id=\"col-664181017\" class=\"col medium-8 small-12 large-8\"  >\n\t\t\t\t<div class=\"col-inner\"  >\n\t\t\t\n\t\t\t\n<h2 id=\"st-faq\" class=\"st-heading-section\">Perguntas frequentes<\/h2>\n<p>&#8211; \u00c9 necess\u00e1rio um dep\u00f3sito de 20% para a maioria dos passeios. &#8212; Usd&amp;Eur para pr\u00e9-pagamento (voc\u00ea pode pagar com o link de pagamento antecipado ou formul\u00e1rio de pagamento. <\/p>\n<p>&#8211; O saldo \u00e9 exigido na chegada \u00e0 Turquia, em d\u00f3lares e euros <strong>, em dinheiro ou cart\u00e3o de cr\u00e9dito<\/strong><\/p>\n<p><a href=\"https:\/\/sunsmiletravel.com\/tour\/advance-payment\/\">Link de pagamento avan\u00e7ado: https:\/\/sunsmiletravel.com\/tour\/advance-payment\/<\/a><\/p>\n\t\t<\/div>\n\t\t\t\t\t<\/div>\n\n\t\n\n\t<div id=\"col-1139694958\" class=\"col medium-4 small-12 large-4\"  >\n\t\t\t\t<div class=\"col-inner\"  >\n\t\t\t\n\t\t\t\n\t<div class=\"img has-hover x md-x lg-x y md-y lg-y\" id=\"image_1561551793\">\n\t\t\t\t\t\t\t\t<div class=\"img-inner dark\" >\n\t\t\t\t\t\t\t\t\t\n\t\t\t\t\t<\/div>\n\t\t\t\t\t\t\t\t\n<style>\n#image_1561551793 {\n  width: 40%;\n}\n<\/style>\n\t<\/div>\n\t\n\t\t<\/div>\n\t\t\t\t\t<\/div>\n\n\t\n<\/div>\n","protected":false},"excerpt":{"rendered":"<p>Passeio de Bal\u00e3o em Pamukkale: Uma Viagem M\u00e1gica Sobre o Castelo de Algod\u00e3o O pre\u00e7o indicado \u00e9 v\u00e1lido apenas para a data de hoje. Para fazer uma reserva para datas futuras, Por favor, envie uma mensagem via WhatsApp.** Passeio de Bal\u00e3o em Pamukkale:O passeio de bal\u00e3o em Pamukkale oferece uma experi\u00eancia inesquec\u00edvel, sobrevoando uma das [&#8230;]\n","protected":false},"featured_media":9369,"comment_status":"open","ping_status":"closed","template":"","meta":{"footnotes":""},"product_brand":[],"product_cat":[236],"product_tag":[],"class_list":{"0":"post-9381","1":"product","2":"type-product","3":"status-publish","4":"has-post-thumbnail","6":"product_cat-costa-do-egeu","8":"first","9":"instock","10":"virtual","11":"sold-individually","12":"purchasable","13":"product-type-booking"},"_links":{"self":[{"href":"https:\/\/sunsmiletravel.com\/pt-br\/wp-json\/wp\/v2\/product\/9381","targetHints":{"allow":["GET"]}}],"collection":[{"href":"https:\/\/sunsmiletravel.com\/pt-br\/wp-json\/wp\/v2\/product"}],"about":[{"href":"https:\/\/sunsmiletravel.com\/pt-br\/wp-json\/wp\/v2\/types\/product"}],"replies":[{"embeddable":true,"href":"https:\/\/sunsmiletravel.com\/pt-br\/wp-json\/wp\/v2\/comments?post=9381"}],"version-history":[{"count":0,"href":"https:\/\/sunsmiletravel.com\/pt-br\/wp-json\/wp\/v2\/product\/9381\/revisions"}],"wp:featuredmedia":[{"embeddable":true,"href":"https:\/\/sunsmiletravel.com\/pt-br\/wp-json\/wp\/v2\/media\/9369"}],"wp:attachment":[{"href":"https:\/\/sunsmiletravel.com\/pt-br\/wp-json\/wp\/v2\/media?parent=9381"}],"wp:term":[{"taxonomy":"product_brand","embeddable":true,"href":"https:\/\/sunsmiletravel.com\/pt-br\/wp-json\/wp\/v2\/product_brand?post=9381"},{"taxonomy":"product_cat","embeddable":true,"href":"https:\/\/sunsmiletravel.com\/pt-br\/wp-json\/wp\/v2\/product_cat?post=9381"},{"taxonomy":"product_tag","embeddable":true,"href":"https:\/\/sunsmiletravel.com\/pt-br\/wp-json\/wp\/v2\/product_tag?post=9381"}],"curies":[{"name":"wp","href":"https:\/\/api.w.org\/{rel}","templated":true}]}}