{"id":9434,"date":"2024-12-03T11:19:12","date_gmt":"2024-12-03T08:19:12","guid":{"rendered":"https:\/\/sunsmiletravel.com\/to_do_in_cappadocia\/parapente-em-pamukkale\/"},"modified":"2025-11-15T13:35:39","modified_gmt":"2025-11-15T10:35:39","slug":"parapente-em-pamukkale","status":"publish","type":"product","link":"https:\/\/sunsmiletravel.com\/pt-br\/parapente-em-pamukkale\/","title":{"rendered":"Parapente em Pamukkale"},"content":{"rendered":"\t<div class=\"img has-hover x md-x lg-x y md-y lg-y\" id=\"image_1996906902\">\n\t\t\t\t\t\t\t\t<div class=\"img-inner dark\" >\n\t\t\t<img loading=\"lazy\" decoding=\"async\" width=\"1050\" height=\"450\" src=\"https:\/\/sunsmiletravel.com\/wp-content\/uploads\/2024\/12\/Adsiz-tasarim-7-1.png\" class=\"attachment-2048x2048 size-2048x2048\" alt=\"\" srcset=\"https:\/\/sunsmiletravel.com\/wp-content\/uploads\/2024\/12\/Adsiz-tasarim-7-1.png 1050w, https:\/\/sunsmiletravel.com\/wp-content\/uploads\/2024\/12\/Adsiz-tasarim-7-1-800x343.png 800w, https:\/\/sunsmiletravel.com\/wp-content\/uploads\/2024\/12\/Adsiz-tasarim-7-1-300x129.png 300w, https:\/\/sunsmiletravel.com\/wp-content\/uploads\/2024\/12\/Adsiz-tasarim-7-1-1024x439.png 1024w, https:\/\/sunsmiletravel.com\/wp-content\/uploads\/2024\/12\/Adsiz-tasarim-7-1-768x329.png 768w\" sizes=\"auto, (max-width: 1050px) 100vw, 1050px\">\t\t\t\t\t\t\n\t\t\t\t\t<\/div>\n\t\t\t\t\t\t\t\t\n<style>\n#image_1996906902 {\n  width: 100%;\n}\n<\/style>\n\t<\/div>\n\t\n<p style=\"text-align: center;\"><span style=\"color: #d63f0d; font-size: 25.92px; font-family: Arial, sans-serif;\">Passeio de parapente em Pamukkale<\/span><\/p>\n<div class=\"accordion\">\n\t<div id=\"accordion-2292982786\" class=\"accordion-item\">\n\t\t<a id=\"accordion-2292982786-label\" class=\"accordion-title plain\" href=\"#accordion-item-destaques-itiner\u00c1rios\" aria-expanded=\"false\" aria-controls=\"accordion-2292982786-content\">\n\t\t\t<button class=\"toggle\" aria-label=\"Toggle\"><i class=\"icon-angle-down\" aria-hidden=\"true\"><\/i><\/button>\n\t\t\t<span>DESTAQUES-ITINER\u00c1RIOS<\/span>\n\t\t<\/a>\n\t\t<div id=\"accordion-2292982786-content\" class=\"accordion-inner\" aria-labelledby=\"accordion-2292982786-label\">\n\t\t\t\n<p><span style=\"color: #d63f0d; font-size: 25.92px; font-family: Arial, sans-serif;\">Passeio de parapente em Pamukkale<\/span><\/p>\n<div style=\"font-family: Arial, sans-serif; line-height: 1.6; color: #333;\">\n<h1 class=\"st-heading\">Parapente em Pamukkale<\/h1>\n<p>Obrigado por escolher a Sunsmile Travel! Preparamos o melhor itiner\u00e1rio para o Tour de Parapente em Pamukkale para sua an\u00e1lise, oferecendo uma experi\u00eancia inesquec\u00edvel sobre as deslumbrantes paisagens de Pamukkale. <\/p>\n<h2 style=\"color: #d63f0d;\">Destaques<\/h2>\n<p>No cruzamento entre a beleza natural e a import\u00e2ncia hist\u00f3rica, Pamukkale se destaca como um dos locais mais not\u00e1veis da Turquia. Conhecida como o \u201cCastelo de Algod\u00e3o\u201d, esta maravilha deslumbrante apresenta terra\u00e7os de travertino brancos e brilhantes formados pelas \u00e1guas termais ricas em minerais que escorrem pela encosta. <\/p>\n<p>A antiga hist\u00f3ria de Pamukkale est\u00e1 entrela\u00e7ada com sua beleza natural, pois abriga as ru\u00ednas de Hier\u00e1polis, uma cidade greco-romana fundada no s\u00e9culo II a.C. As piscinas termais do local, consideradas possuir propriedades curativas, atraem visitantes h\u00e1 milhares de anos. <\/p>\n<p>Hoje, Pamukkale \u00e9 uma atra\u00e7\u00e3o imperd\u00edvel, especialmente ao nascer ou ao p\u00f4r do sol, quando os terra\u00e7os brilham em um tom dourado, criando uma atmosfera quase surreal. Reconhecido como Patrim\u00f4nio Mundial da UNESCO, o local continua encantando milhares de visitantes todos os anos com sua combina\u00e7\u00e3o incompar\u00e1vel de maravilhas naturais e hist\u00f3ricas. <\/p>\n<\/div>\n\t\t<\/div>\n\t<\/div>\n\t\n\t<div id=\"accordion-2778048765\" class=\"accordion-item\">\n\t\t<a id=\"accordion-2778048765-label\" class=\"accordion-title plain\" href=\"#accordion-item-descri\u00c7\u00c3o\" aria-expanded=\"false\" aria-controls=\"accordion-2778048765-content\">\n\t\t\t<button class=\"toggle\" aria-label=\"Toggle\"><i class=\"icon-angle-down\" aria-hidden=\"true\"><\/i><\/button>\n\t\t\t<span>DESCRI\u00c7\u00c3O<\/span>\n\t\t<\/a>\n\t\t<div id=\"accordion-2778048765-content\" class=\"accordion-inner\" aria-labelledby=\"accordion-2778048765-label\">\n\t\t\t\n<p><strong>Parapente em Pamukkale: Uma aventura \u00fanica na vida sobre o Castelo de Algod\u00e3o<\/strong><\/p>\n<p>A beleza hipnotizante do \u201cCastelo de Algod\u00e3o\u201d (Pamukkale) vai muito al\u00e9m das fotos encantadoras vistas no Instagram. Esta paisagem \u00fanica e surreal \u00e9 um dos destinos de parapente mais populares do mundo, gra\u00e7as \u00e0s suas deslumbrantes terrazas de travertino e sua apar\u00eancia quase extraterrestre. Conhecida por sua rica beleza natural, Pamukkale oferece uma experi\u00eancia inesquec\u00edvel para quem deseja se conectar com a natureza diretamente do c\u00e9u.  <\/p>\n<p><strong>Passeio de parapente em Pamukkale: Uma experi\u00eancia essencial<\/strong><\/p>\n<p>Um <strong>passeio de parapente sobre Pamukkale<\/strong> \u00e9 uma parte essencial de qualquer visita a esse local extraordin\u00e1rio. Enquanto o sol nasce, voc\u00ea sobrevoar\u00e1 os mundialmente famosos <g id=\"gid_1\">Travertinos de Pamukkale<\/g>, apreciando a paisagem de tirar o f\u00f4lego. O voo, que come\u00e7a ao amanhecer, oferece uma experi\u00eancia de sonho enquanto voc\u00ea desliza sobre os terra\u00e7os, com cores vivas e paisagens que proporcionam oportunidades perfeitas para fotos e lembran\u00e7as que durar\u00e3o a vida toda.  <\/p>\n<ul>\n<li>Aprecie as vistas panor\u00e2micas da impressionante beleza natural de Pamukkale a partir do c\u00e9u. Admire suas piscinas de travertino branco, que descem pela encosta como quedas-d\u2019\u00e1gua congeladas. As vistas a\u00e9reas \u00fanicas de Pamukkale oferecem uma perspectiva imposs\u00edvel de se obter a partir do solo, tornando esta uma das melhores experi\u00eancias de parapente da Turquia.  <\/li>\n<li><strong>Experi\u00eancia \u00fanica do nascer do sol: <\/strong>O <strong>nascer do sol em Pamukkale<\/strong> \u00e9 uma vis\u00e3o de tirar o f\u00f4lego que transforma a paisagem em um pa\u00eds das maravilhas brilhante. Quando a luz do amanhecer banha os <strong>terra\u00e7os de Pamukkale<\/strong>, os tons dourados iluminam os arredores, proporcionando um ambiente m\u00e1gico para a sua <strong>aventura de parapente<\/strong>. <\/li>\n<li><strong>Panoramic Perspective from Above: <\/strong>Enjoy a <strong>panoramic view of Pamukkale<\/strong> and its surrounding countryside, including lush valleys, quaint villages, and the ancient ruins of <strong>Hierapolis<\/strong>. From your paraglider, you\u2019ll be able to appreciate the vastness of the region and the beauty that has drawn visitors for centuries. <\/li>\n<li><strong>Oportunidades inesquec\u00edveis para fotografar: <\/strong>Essa <strong>experi\u00eancia de parapente em Pamukkale<\/strong> oferece algumas das melhores <strong>oportunidades de fotografia<\/strong>. Voc\u00ea poder\u00e1 tirar fotos a\u00e9reas impressionantes da paisagem surrealista abaixo, com os terra\u00e7os brancos e as montanhas ao redor criando um cen\u00e1rio realmente not\u00e1vel. A vis\u00e3o de parapentes coloridos deslizando pelo ar contribui para a experi\u00eancia visual espetacular.  <\/li>\n<li><strong>Orienta\u00e7\u00e3o especializada do piloto de parapente: <\/strong>A seguran\u00e7a \u00e9 fundamental durante sua <strong>aventura de parapente em Pamukkale<\/strong>. Voc\u00ea ser\u00e1 acompanhado por <g id=\"gid_2\">pilotos de parapente<\/g> experientes e certificados que o guiar\u00e3o durante todo o voo. Ao longo do caminho, eles fornecer\u00e3o informa\u00e7\u00f5es valiosas sobre a rica hist\u00f3ria e a geografia deslumbrante da regi\u00e3o, tornando a experi\u00eancia ainda mais enriquecedora.  <\/li>\n<li><strong>Conforto luxuoso no ar: <\/strong>O <strong>equipamento de parapente de Pamukkale<\/strong> garante a voc\u00ea o m\u00e1ximo de conforto e seguran\u00e7a durante o voo. Com equipamentos de alta qualidade e manuseio suave e confort\u00e1vel, voc\u00ea desfrutar\u00e1 de um passeio relaxante no alto do <strong>Cotton Castle<\/strong>, sentindo-se \u00e0 vontade enquanto aprecia as vistas inesquec\u00edveis. <\/li>\n<li><strong>Celebra\u00e7\u00e3o com champanhe ap\u00f3s o pouso: <\/strong>Depois de sua emocionante aventura de parapente, comemore sua jornada com um brinde tradicional com champanhe. Reflita sobre as mem\u00f3rias criadas enquanto voc\u00ea pousa e saboreia o momento, sabendo que essa <strong>experi\u00eancia de parapente em Pamukkale<\/strong> ser\u00e1 uma parte preciosa de suas lembran\u00e7as de viagem. <\/li>\n<\/ul>\n\t\t<\/div>\n\t<\/div>\n\t\n<\/div>\n<div class=\"row\"  id=\"row-668672103\">\n\n\t<div id=\"col-1087426716\" class=\"col medium-7 small-12 large-7\"  >\n\t\t\t\t<div class=\"col-inner\"  >\n\t\t\t\n\t\t\t\n<div class=\"included-excluded\" data-wp-editing=\"1\">\n<h2><span style=\"font-size: 20.16px; color: #333333;\">Inclu\u00eddo<\/span><\/h2>\n<p><span style=\"color: #339966; font-size: 120%;\"><img loading=\"lazy\" decoding=\"async\" class=\"alignnone wp-image-9011\" src=\"https:\/\/sunsmiletravel.com\/wp-content\/uploads\/2024\/11\/png-transparent-right-mark-tick-thumbnail-300x295.png\" alt=\"\" width=\"22\" height=\"21\" srcset=\"https:\/\/sunsmiletravel.com\/wp-content\/uploads\/2024\/11\/png-transparent-right-mark-tick-thumbnail-300x295.png 300w, https:\/\/sunsmiletravel.com\/wp-content\/uploads\/2024\/11\/png-transparent-right-mark-tick-thumbnail-100x100.png 100w, https:\/\/sunsmiletravel.com\/wp-content\/uploads\/2024\/11\/png-transparent-right-mark-tick-thumbnail-150x150.png 150w, https:\/\/sunsmiletravel.com\/wp-content\/uploads\/2024\/11\/png-transparent-right-mark-tick-thumbnail.png 360w\" sizes=\"auto, (max-width: 22px) 100vw, 22px\" \/> <\/span>Transporte em \u00f4nibus AC durante todo o passeio.<\/p>\n<p><span style=\"color: #339966; font-size: 120%;\"><img loading=\"lazy\" decoding=\"async\" class=\"alignnone wp-image-9011\" src=\"https:\/\/sunsmiletravel.com\/wp-content\/uploads\/2024\/11\/png-transparent-right-mark-tick-thumbnail-300x295.png\" alt=\"\" width=\"22\" height=\"21\" srcset=\"https:\/\/sunsmiletravel.com\/wp-content\/uploads\/2024\/11\/png-transparent-right-mark-tick-thumbnail-300x295.png 300w, https:\/\/sunsmiletravel.com\/wp-content\/uploads\/2024\/11\/png-transparent-right-mark-tick-thumbnail-100x100.png 100w, https:\/\/sunsmiletravel.com\/wp-content\/uploads\/2024\/11\/png-transparent-right-mark-tick-thumbnail-150x150.png 150w, https:\/\/sunsmiletravel.com\/wp-content\/uploads\/2024\/11\/png-transparent-right-mark-tick-thumbnail.png 360w\" sizes=\"auto, (max-width: 22px) 100vw, 22px\" \/><\/span>Celebra\u00e7\u00e3o com champanhe ap\u00f3s o voo<\/p>\n<p><span style=\"color: #339966; font-size: 120%;\"><img loading=\"lazy\" decoding=\"async\" class=\"alignnone wp-image-9011\" src=\"https:\/\/sunsmiletravel.com\/wp-content\/uploads\/2024\/11\/png-transparent-right-mark-tick-thumbnail-300x295.png\" alt=\"\" width=\"22\" height=\"21\" srcset=\"https:\/\/sunsmiletravel.com\/wp-content\/uploads\/2024\/11\/png-transparent-right-mark-tick-thumbnail-300x295.png 300w, https:\/\/sunsmiletravel.com\/wp-content\/uploads\/2024\/11\/png-transparent-right-mark-tick-thumbnail-100x100.png 100w, https:\/\/sunsmiletravel.com\/wp-content\/uploads\/2024\/11\/png-transparent-right-mark-tick-thumbnail-150x150.png 150w, https:\/\/sunsmiletravel.com\/wp-content\/uploads\/2024\/11\/png-transparent-right-mark-tick-thumbnail.png 360w\" sizes=\"auto, (max-width: 22px) 100vw, 22px\" \/><\/span>Caf\u00e9 da manh\u00e3 suave antes do voo<\/p>\n<p><span style=\"color: #339966; font-size: 120%;\"> <img loading=\"lazy\" decoding=\"async\" class=\"alignnone wp-image-9011\" src=\"https:\/\/sunsmiletravel.com\/wp-content\/uploads\/2024\/11\/png-transparent-right-mark-tick-thumbnail-300x295.png\" alt=\"\" width=\"22\" height=\"21\" srcset=\"https:\/\/sunsmiletravel.com\/wp-content\/uploads\/2024\/11\/png-transparent-right-mark-tick-thumbnail-300x295.png 300w, https:\/\/sunsmiletravel.com\/wp-content\/uploads\/2024\/11\/png-transparent-right-mark-tick-thumbnail-100x100.png 100w, https:\/\/sunsmiletravel.com\/wp-content\/uploads\/2024\/11\/png-transparent-right-mark-tick-thumbnail-150x150.png 150w, https:\/\/sunsmiletravel.com\/wp-content\/uploads\/2024\/11\/png-transparent-right-mark-tick-thumbnail.png 360w\" sizes=\"auto, (max-width: 22px) 100vw, 22px\" \/><\/span>Certificado de voo<\/p>\n<p><span style=\"color: #339966; font-size: 120%;\"><img loading=\"lazy\" decoding=\"async\" class=\"alignnone wp-image-9011\" src=\"https:\/\/sunsmiletravel.com\/wp-content\/uploads\/2024\/11\/png-transparent-right-mark-tick-thumbnail-300x295.png\" alt=\"\" width=\"22\" height=\"21\" srcset=\"https:\/\/sunsmiletravel.com\/wp-content\/uploads\/2024\/11\/png-transparent-right-mark-tick-thumbnail-300x295.png 300w, https:\/\/sunsmiletravel.com\/wp-content\/uploads\/2024\/11\/png-transparent-right-mark-tick-thumbnail-100x100.png 100w, https:\/\/sunsmiletravel.com\/wp-content\/uploads\/2024\/11\/png-transparent-right-mark-tick-thumbnail-150x150.png 150w, https:\/\/sunsmiletravel.com\/wp-content\/uploads\/2024\/11\/png-transparent-right-mark-tick-thumbnail.png 360w\" sizes=\"auto, (max-width: 22px) 100vw, 22px\" \/><\/span>Certificado de voo<\/p>\n<p><span style=\"color: #339966; font-size: 120%;\"><img loading=\"lazy\" decoding=\"async\" class=\"alignnone wp-image-9011\" src=\"https:\/\/sunsmiletravel.com\/wp-content\/uploads\/2024\/11\/png-transparent-right-mark-tick-thumbnail-300x295.png\" alt=\"\" width=\"22\" height=\"21\" srcset=\"https:\/\/sunsmiletravel.com\/wp-content\/uploads\/2024\/11\/png-transparent-right-mark-tick-thumbnail-300x295.png 300w, https:\/\/sunsmiletravel.com\/wp-content\/uploads\/2024\/11\/png-transparent-right-mark-tick-thumbnail-100x100.png 100w, https:\/\/sunsmiletravel.com\/wp-content\/uploads\/2024\/11\/png-transparent-right-mark-tick-thumbnail-150x150.png 150w, https:\/\/sunsmiletravel.com\/wp-content\/uploads\/2024\/11\/png-transparent-right-mark-tick-thumbnail.png 360w\" sizes=\"auto, (max-width: 22px) 100vw, 22px\" \/><\/span>Todas as taxas e impostos<\/p>\n<\/div>\n\t\t<\/div>\n\t\t\t\t\t<\/div>\n\n\t\n\n\t<div id=\"col-121155973\" class=\"col medium-5 small-12 large-5\"  >\n\t\t\t\t<div class=\"col-inner\"  >\n\t\t\t\n\t\t\t\n<h2 id=\"headingInExClude\" class=\"st-heading-section\">Exclu\u00eddos<\/h2>\n<p style=\"text-align: left;\"><img loading=\"lazy\" decoding=\"async\" class=\"alignleft wp-image-9015\" src=\"https:\/\/sunsmiletravel.com\/wp-content\/uploads\/2024\/11\/kontrol-etiketi-kirmizi-x_23.07.2022_96d7f51-300x300.png\" alt=\"\" width=\"15\" height=\"15\" srcset=\"https:\/\/sunsmiletravel.com\/wp-content\/uploads\/2024\/11\/kontrol-etiketi-kirmizi-x_23.07.2022_96d7f51-300x300.png 300w, https:\/\/sunsmiletravel.com\/wp-content\/uploads\/2024\/11\/kontrol-etiketi-kirmizi-x_23.07.2022_96d7f51-100x100.png 100w, https:\/\/sunsmiletravel.com\/wp-content\/uploads\/2024\/11\/kontrol-etiketi-kirmizi-x_23.07.2022_96d7f51-800x800.png 800w, https:\/\/sunsmiletravel.com\/wp-content\/uploads\/2024\/11\/kontrol-etiketi-kirmizi-x_23.07.2022_96d7f51-150x150.png 150w, https:\/\/sunsmiletravel.com\/wp-content\/uploads\/2024\/11\/kontrol-etiketi-kirmizi-x_23.07.2022_96d7f51-768x768.png 768w, https:\/\/sunsmiletravel.com\/wp-content\/uploads\/2024\/11\/kontrol-etiketi-kirmizi-x_23.07.2022_96d7f51.png 1000w\" sizes=\"auto, (max-width: 15px) 100vw, 15px\" \/><\/p>\n<p>Fotos e souveniers (dispon\u00edveis para compra)<\/p>\n\t\t<\/div>\n\t\t\t\t\t<\/div>\n\n\t\n<\/div>\n<div class=\"row\"  id=\"row-1481626038\">\n\n\t<div id=\"col-267445221\" class=\"col medium-6 small-12 large-6\"  >\n\t\t\t\t<div class=\"col-inner\"  >\n\t\t\t\n\t\t\t\n<div class=\"row\"  id=\"row-497576590\">\n\n\t<div id=\"col-1656197910\" class=\"col medium-5 small-12 large-5\"  >\n\t\t\t\t<div class=\"col-inner\"  >\n\t\t\t\n\t\t\t\n<div class=\"container section-title-container\" ><h3 class=\"section-title section-title-normal\"><b aria-hidden=\"true\"><\/b><span class=\"section-title-main\" style=\"font-size:154%;color:rgb(212, 41, 41);\">dura\u00e7\u00f5es<\/span><b aria-hidden=\"true\"><\/b><\/h3><\/div>\n<div class=\"row\"  id=\"row-927279321\">\n\n\t<div id=\"col-1629035770\" class=\"col medium-4 small-12 large-4\"  >\n\t\t\t\t<div class=\"col-inner\"  >\n\t\t\t\n\t\t\t\n\t<div class=\"img has-hover x md-x lg-x y md-y lg-y\" id=\"image_440356590\">\n\t\t\t\t\t\t\t\t<div class=\"img-inner dark\" >\n\t\t\t<img loading=\"lazy\" decoding=\"async\" width=\"300\" height=\"300\" src=\"https:\/\/sunsmiletravel.com\/wp-content\/uploads\/2024\/11\/\u2014Pngtree\u2014vector-clock-_3787755-300x300.png\" class=\"attachment-medium size-medium\" alt=\"\" srcset=\"https:\/\/sunsmiletravel.com\/wp-content\/uploads\/2024\/11\/\u2014Pngtree\u2014vector-clock-_3787755-300x300.png 300w, https:\/\/sunsmiletravel.com\/wp-content\/uploads\/2024\/11\/\u2014Pngtree\u2014vector-clock-_3787755-100x100.png 100w, https:\/\/sunsmiletravel.com\/wp-content\/uploads\/2024\/11\/\u2014Pngtree\u2014vector-clock-_3787755-800x800.png 800w, https:\/\/sunsmiletravel.com\/wp-content\/uploads\/2024\/11\/\u2014Pngtree\u2014vector-clock-_3787755-150x150.png 150w, https:\/\/sunsmiletravel.com\/wp-content\/uploads\/2024\/11\/\u2014Pngtree\u2014vector-clock-_3787755-768x768.png 768w, https:\/\/sunsmiletravel.com\/wp-content\/uploads\/2024\/11\/\u2014Pngtree\u2014vector-clock-_3787755.png 1007w\" sizes=\"auto, (max-width: 300px) 100vw, 300px\">\t\t\t\t\t\t\n\t\t\t\t\t<\/div>\n\t\t\t\t\t\t\t\t\n<style>\n#image_440356590 {\n  width: 100%;\n}\n<\/style>\n\t<\/div>\n\t\n\t\t<\/div>\n\t\t\t\t\t<\/div>\n\n\t\n\n\t<div id=\"col-504601353\" class=\"col medium-8 small-12 large-8\"  >\n\t\t\t\t<div class=\"col-inner\"  >\n\t\t\t\n\t\t\t\n<h3>Dia inteiro (+7 horas)<\/h3>\n\t\t<\/div>\n\t\t\t\t\t<\/div>\n\n\t\n<\/div>\n\t\t<\/div>\n\t\t\t\t\t<\/div>\n\n\t\n<\/div>\n\t\t<\/div>\n\t\t\t\t\t<\/div>\n\n\t\n\n\t<div id=\"col-2032598017\" class=\"col medium-5 small-12 large-5\"  >\n\t\t\t\t<div class=\"col-inner\"  >\n\t\t\t\n\t\t\t\n<div class=\"container section-title-container\" ><h3 class=\"section-title section-title-normal\"><b aria-hidden=\"true\"><\/b><span class=\"section-title-main\" style=\"font-size:154%;color:rgb(216, 56, 56);\">idiomas<\/span><b aria-hidden=\"true\"><\/b><\/h3><\/div>\n<div class=\"row\"  id=\"row-1439680340\">\n\n\t<div id=\"col-282668807\" class=\"col medium-2 small-12 large-2\"  >\n\t\t\t\t<div class=\"col-inner\"  >\n\t\t\t\n\t\t\t\n\t<div class=\"img has-hover x md-x lg-x y md-y lg-y\" id=\"image_1681156537\">\n\t\t\t\t\t\t\t\t<div class=\"img-inner dark\" >\n\t\t\t<img loading=\"lazy\" decoding=\"async\" width=\"300\" height=\"300\" src=\"https:\/\/sunsmiletravel.com\/wp-content\/uploads\/2024\/11\/2793765-300x300.png\" class=\"attachment-medium size-medium\" alt=\"\" srcset=\"https:\/\/sunsmiletravel.com\/wp-content\/uploads\/2024\/11\/2793765-300x300.png 300w, https:\/\/sunsmiletravel.com\/wp-content\/uploads\/2024\/11\/2793765-100x100.png 100w, https:\/\/sunsmiletravel.com\/wp-content\/uploads\/2024\/11\/2793765-150x150.png 150w, https:\/\/sunsmiletravel.com\/wp-content\/uploads\/2024\/11\/2793765-510x510.png 510w, https:\/\/sunsmiletravel.com\/wp-content\/uploads\/2024\/11\/2793765.png 512w\" sizes=\"auto, (max-width: 300px) 100vw, 300px\">\t\t\t\t\t\t\n\t\t\t\t\t<\/div>\n\t\t\t\t\t\t\t\t\n<style>\n#image_1681156537 {\n  width: 100%;\n}\n<\/style>\n\t<\/div>\n\t\n\t\t<\/div>\n\t\t\t\t\t<\/div>\n\n\t\n\n\t<div id=\"col-1342531224\" class=\"col medium-6 small-12 large-6\"  >\n\t\t\t\t<div class=\"col-inner\"  >\n\t\t\t\n\t\t\t\n\t<div id=\"text-1849693195\" class=\"text\">\n\t\t\n<p class=\"value\"><strong>Ingl\u00eas<\/strong><\/p>\n\t\t\n<style>\n#text-1849693195 {\n  font-size: 1.05rem;\n  line-height: 1.05;\n}\n<\/style>\n\t<\/div>\n\t\n\t\t<\/div>\n\t\t\t\t\t<\/div>\n\n\t\n<\/div>\n\t\t<\/div>\n\t\t\t\t\t<\/div>\n\n\t\n<\/div>\n<div class=\"row\"  id=\"row-1557821956\">\n\n\t<div id=\"col-126881516\" class=\"col medium-8 small-12 large-8\"  >\n\t\t\t\t<div class=\"col-inner\"  >\n\t\t\t\n\t\t\t\n<h2 id=\"st-faq\" class=\"st-heading-section\">Perguntas frequentes<\/h2>\n<p>&#8211; \u00c9 necess\u00e1rio um dep\u00f3sito de 20% para a maioria dos passeios. &#8212; Usd&amp;Eur para pr\u00e9-pagamento (voc\u00ea pode pagar com o link de pagamento antecipado ou formul\u00e1rio de pagamento. <\/p>\n<p>&#8211; O saldo \u00e9 exigido na chegada \u00e0 Turquia, em d\u00f3lares e euros <strong>, em dinheiro ou cart\u00e3o de cr\u00e9dito<\/strong><\/p>\n<p><a href=\"https:\/\/sunsmiletravel.com\/tour\/advance-payment\/\">Link de pagamento avan\u00e7ado: https:\/\/sunsmiletravel.com\/tour\/advance-payment\/<\/a><\/p>\n\t\t<\/div>\n\t\t\t\t\t<\/div>\n\n\t\n\n\t<div id=\"col-777930034\" class=\"col medium-4 small-12 large-4\"  >\n\t\t\t\t<div class=\"col-inner\"  >\n\t\t\t\n\t\t\t\n\t<div class=\"img has-hover x md-x lg-x y md-y lg-y\" id=\"image_1641813446\">\n\t\t\t\t\t\t\t\t<div class=\"img-inner dark\" >\n\t\t\t\t\t\t\t\t\t\n\t\t\t\t\t<\/div>\n\t\t\t\t\t\t\t\t\n<style>\n#image_1641813446 {\n  width: 40%;\n}\n<\/style>\n\t<\/div>\n\t\n\t\t<\/div>\n\t\t\t\t\t<\/div>\n\n\t\n<\/div>\n","protected":false},"excerpt":{"rendered":"<p>Passeio de parapente em Pamukkale<\/p>\n","protected":false},"featured_media":9395,"comment_status":"open","ping_status":"closed","template":"","meta":{"footnotes":""},"product_brand":[],"product_cat":[236],"product_tag":[],"class_list":{"0":"post-9434","1":"product","2":"type-product","3":"status-publish","4":"has-post-thumbnail","6":"product_cat-costa-do-egeu","8":"first","9":"instock","10":"virtual","11":"sold-individually","12":"purchasable","13":"product-type-booking"},"_links":{"self":[{"href":"https:\/\/sunsmiletravel.com\/pt-br\/wp-json\/wp\/v2\/product\/9434","targetHints":{"allow":["GET"]}}],"collection":[{"href":"https:\/\/sunsmiletravel.com\/pt-br\/wp-json\/wp\/v2\/product"}],"about":[{"href":"https:\/\/sunsmiletravel.com\/pt-br\/wp-json\/wp\/v2\/types\/product"}],"replies":[{"embeddable":true,"href":"https:\/\/sunsmiletravel.com\/pt-br\/wp-json\/wp\/v2\/comments?post=9434"}],"version-history":[{"count":0,"href":"https:\/\/sunsmiletravel.com\/pt-br\/wp-json\/wp\/v2\/product\/9434\/revisions"}],"wp:featuredmedia":[{"embeddable":true,"href":"https:\/\/sunsmiletravel.com\/pt-br\/wp-json\/wp\/v2\/media\/9395"}],"wp:attachment":[{"href":"https:\/\/sunsmiletravel.com\/pt-br\/wp-json\/wp\/v2\/media?parent=9434"}],"wp:term":[{"taxonomy":"product_brand","embeddable":true,"href":"https:\/\/sunsmiletravel.com\/pt-br\/wp-json\/wp\/v2\/product_brand?post=9434"},{"taxonomy":"product_cat","embeddable":true,"href":"https:\/\/sunsmiletravel.com\/pt-br\/wp-json\/wp\/v2\/product_cat?post=9434"},{"taxonomy":"product_tag","embeddable":true,"href":"https:\/\/sunsmiletravel.com\/pt-br\/wp-json\/wp\/v2\/product_tag?post=9434"}],"curies":[{"name":"wp","href":"https:\/\/api.w.org\/{rel}","templated":true}]}}