{"id":12348,"date":"2026-03-07T11:43:13","date_gmt":"2026-03-07T08:43:13","guid":{"rendered":"https:\/\/sunsmiletravel.com\/%e5%ae%89%e5%a1%94%e5%88%a9%e4%ba%9a%e7%a7%81%e4%ba%ba%e6%9c%ba%e5%9c%ba%e6%8e%a5%e9%80%81%e6%9c%8d%e5%8a%a1\/"},"modified":"2026-03-07T14:50:18","modified_gmt":"2026-03-07T11:50:18","slug":"%e5%ae%89%e5%a1%94%e5%88%a9%e4%ba%9a%e7%a7%81%e4%ba%ba%e6%9c%ba%e5%9c%ba%e6%8e%a5%e9%80%81%e6%9c%8d%e5%8a%a1","status":"publish","type":"product","link":"https:\/\/sunsmiletravel.com\/zh-hans\/%e5%ae%89%e5%a1%94%e5%88%a9%e4%ba%9a%e7%a7%81%e4%ba%ba%e6%9c%ba%e5%9c%ba%e6%8e%a5%e9%80%81%e6%9c%8d%e5%8a%a1\/","title":{"rendered":"\u5b89\u5854\u5229\u4e9a\u79c1\u4eba\u673a\u573a\u63a5\u9001\u670d\u52a1"},"content":{"rendered":"<h1>\u5361\u5e15\u591a\u5947\u4e9a\u81f3\u5b89\u5854\u5229\u4e9a\u79c1\u4eba\u63a5\u9001\u670d\u52a1 \u2013 \u8212\u9002\u4e14\u53ef\u9760\u7684\u65c5\u7a0b<\/h1>\n<h1 data-section-id=\"1910rzf\" data-start=\"615\" data-end=\"677\">\u5361\u5e15\u591a\u5947\u4e9a\u81f3\u5b89\u5854\u5229\u4e9a\u79c1\u4eba\u63a5\u9001\u670d\u52a1 \u2013 24\u5c0f\u65f6\u76f4\u8fbe\u670d\u52a1<\/h1>\n<p data-start=\"679\" data-end=\"1016\">\u901a\u8fc7\u6211\u4eec\u53ef\u9760\u7684 <strong data-start=\"726\" data-end=\"740\">\u5361\u5e15\u591a\u5947<\/strong>\u4e9a\u81f3\u5b89\u5854\u5229\u4e9a\u79c1<strong data-start=\"774\" data-end=\"785\">\u4eba\u63a5\u9001\u670d\u52a1<\/strong>\uff0c\u60a8\u53ef\u4ee5\u4ece\u5361\u5e15\u591a\u5947\u4e9a\u68a6\u5e7b\u822c\u7684\u5c71\u8c37\u8212\u9002\u5730\u524d\u5f80\u5730\u4e2d\u6d77\u5929\u5802\u2014\u2014\u5b89\u5854\u5229\u4e9a\u3002\u8fd9\u6bb5\u957f\u9014\u65c5\u7a0b\u5c06\u5b89\u7eb3\u6258\u5229\u4e9a\u4e2d\u90e8\u4e0e\u571f\u8033\u5176\u7f8e\u4e3d\u7684\u5357\u90e8\u6d77\u5cb8\u8fde\u63a5\u8d77\u6765\uff0c\u8ba9\u60a8\u80fd\u591f\u6309\u7167\u81ea\u5df1\u7684\u65f6\u95f4\u5b89\u6392\uff0c\u5b89\u5168\u3001\u79c1\u5bc6\u4e14\u8212\u9002\u5730\u51fa\u884c\u3002<\/p>\n<p> <\/p>\n<p data-start=\"1018\" data-end=\"1178\">\u4e0e\u5df4\u58eb\u6216\u590d\u6742\u7684\u822a\u73ed\u8f6c\u673a\u4e0d\u540c\uff0c\u6211\u4eec\u7684\u79c1\u4eba\u63a5\u9001\u670d\u52a1\u7531\u4e13\u4e1a\u53f8\u673a\u9a7e\u9a76\u73b0\u4ee3VIP\u8f66\u8f86\uff0c\u4e3a\u60a8\u63d0\u4f9b\u987a\u7545\u7684\u95e8\u5230\u95e8\u65c5\u7a0b\u3002<\/p>\n<p data-start=\"1180\" data-end=\"1404\">\u65e0\u8bba\u60a8\u662f\u524d\u5f80 \u5b89\u5854<strong data-start=\"1234\" data-end=\"1254\">\u5229\u4e9a\u673a\u573a\uff08AYT<\/strong>\uff09\u3001<strong data-start=\"1207\" data-end=\"1232\">\u5361\u83b1\u4f0a\u5947\u8001\u57ce\uff08Kalei\u00e7i<\/strong>\uff09\u3001\u8c6a\u534e\u6d77\u6ee8\u5ea6\u5047\u9152\u5e97\uff0c<strong data-start=\"1291\" data-end=\"1334\">\u8fd8\u662f \u62c9\u62c9\uff08Lara\uff09<\/strong>\u3001\u5b54\u4e9a\u963f\u5c14\u7279\uff08Konyaalt\u0131\uff09\u3001\u8d1d\u83b1\u514b\uff08Belek\uff09\u3001\u9521\u5fb7\uff08Side\uff09 \u6216 \u963f\u62c9\u5c3c\u4e9a\uff08Alanya\uff09 \u7684\u9152\u5e97\uff0c\u8fd9\u9879\u79c1\u4eba\u63a5\u9001\u670d\u52a1\u90fd\u80fd\u786e\u4fdd\u60a8\u62e5\u6709\u4e00\u6b21\u8212\u9002\u4e14\u65e0\u538b\u529b\u7684\u65c5\u7a0b\u3002<\/p>\n<h1 data-section-id=\"2septf\" data-start=\"1411\" data-end=\"1465\">\u4e3a\u4ec0\u4e48\u9009\u62e9\u5361\u5e15\u591a\u5947\u4e9a\u81f3\u5b89\u5854\u5229\u4e9a\u79c1\u4eba\u63a5\u9001\u670d\u52a1\uff1f<\/h1>\n<p data-start=\"1467\" data-end=\"1588\">\u5361\u5e15\u591a\u5947\u4e9a\u81f3\u5b89\u5854\u5229\u4e9a\u79c1\u4eba\u63a5\u9001\u670d\u52a1 \u662f\u91cd\u89c6\u8212\u9002\u3001\u7075\u6d3b\u6027\u548c\u5b89\u5168\u6027\u7684\u65c5\u5ba2\u7684\u6700\u4f73\u9009\u62e9\u3002<\/p>\n<p data-start=\"1590\" data-end=\"1711\">\u2714 \u95e8\u5230\u95e8\u63a5\u9001\u670d\u52a1<br data-start=\"1612\" data-end=\"1615\"><strong data-start=\"1645\" data-end=\"1711\">\u53ef\u4ece \u683c\u96f7\u6885\uff08G\u00f6reme\uff09\u3001\u4e8e\u5c14\u5c45\u666e\uff08\u00dcrg\u00fcp\uff09\u3001\u963f\u74e6\u8bfa\u65af\uff08Avanos\uff09\u3001\u4e4c\u5947\u5e0c\u8428\u5c14\uff08U\u00e7hisar\uff09\u3001\u5965\u5854\u5e0c\u8428\u5c14\uff08Ortahisar\uff09\u3001\u5185\u592b\u8c22\u5e0c\u5c14\uff08Nev\u015fehir\uff09\u6216\u5f00\u585e\u5229\uff08Kayseri\uff09 \u7684\u4efb\u4f55\u9152\u5e97\u6216\u5730\u70b9\u63a5\u60a8\u3002<\/strong><\/p>\n<p data-start=\"1713\" data-end=\"1804\">\u2714 \u76f4\u8fbe\u9001\u8fbe\u670d\u52a1<br data-start=\"1730\" data-end=\"1733\">\u9001\u81f3 \u5b89\u5854\u5229\u4e9a\u5e02\u4e2d\u5fc3\u3001\u5b89\u5854\u5229\u4e9a\u673a\u573a\u3001\u9152\u5e97\u6216\u6d77\u6ee8\u5ea6\u5047\u533a\u3002<\/p>\n<p data-start=\"1806\" data-end=\"1877\">\u2714 \u7075\u6d3b\u7684\u65f6\u95f4\u5b89\u6392<br data-start=\"1825\" data-end=\"1828\">\u6839\u636e\u60a8\u7684\u65c5\u884c\u8ba1\u5212 \u5168\u5929\u5019\uff08<strong data-start=\"1838\" data-end=\"1846\">24\/7<\/strong>\uff09\u63d0\u4f9b\u670d\u52a1\u3002<\/p>\n<p data-start=\"1879\" data-end=\"1958\">\u2714 \u4e13\u4e1a\u53f8\u673a<br data-start=\"1901\" data-end=\"1904\">\u7ecf\u9a8c\u4e30\u5bcc\u7684\u53f8\u673a\uff0c\u719f\u6089\u957f\u9014\u8def\u7ebf\u3002<\/p>\n<p data-start=\"1960\" data-end=\"2035\">\u2714 \u8212\u9002\u7684VIP\u8f66\u8f86<br data-start=\"1986\" data-end=\"1989\">\u73b0\u4ee3\u5316\u7684 \u6885\u8d5b\u5fb7\u65af Vito \u548c Sprinter \u5546\u52a1\u8f66\u3002<\/p>\n<p data-start=\"2037\" data-end=\"2103\">\u2714 \u79c1\u4eba\u4e13\u5c5e\u65c5\u7a0b<br data-start=\"2054\" data-end=\"2057\">\u65e0\u9700\u7b49\u5f85\u3001\u6ca1\u6709\u964c\u751f\u4eba\u540c\u884c\u3001\u4e5f\u6ca1\u6709\u4e0d\u5fc5\u8981\u7684\u505c\u9760\u3002<\/p>\n<hr data-start=\"2105\" data-end=\"2108\">\n<p data-start=\"0\" data-end=\"39\"><strong data-start=\"0\" data-end=\"39\">\u884c\u7a0b\u65f6\u95f4\u4e0e\u8def\u7ebf\u4fe1\u606f<\/strong><\/p>\n<p data-start=\"41\" data-end=\"564\" data-is-last-node=\"\" data-is-only-node=\"\">\u884c\u7a0b\u5927\u7ea6\u9700\u8981 7\u20138 \u5c0f\u65f6\u3002\u8def\u7ebf\u4e3a\uff1a<strong data-start=\"73\" data-end=\"86\">\u5361\u5e15\u591a\u5947\u4e9a<\/strong> \u2192 \u963f\u514b\u8428\u8d56 \u2192 <strong data-start=\"274\" data-end=\"301\">\u79d1\u5c3c\u4e9a<\/strong> \u2192 <strong data-start=\"326\" data-end=\"343\">\u585e\u4f0a\u8fea\u8c22\u5e0c\u5c14<\/strong> \u2192 \u5b89\u5854\u5229\u4e9a\u3002<br \/>\u5728\u9014\u4e2d\u53ef\u4ee5\u6839\u636e\u9700\u8981\u5b89\u6392\u4e00\u4e9b\u53ef\u9009\u505c\u7559\uff0c\u8ba9\u65c5\u7a0b\u66f4\u52a0\u8f7b\u677e\u6109\u5feb\u3002\u6e38\u5ba2\u53ef\u4ee5\u53c2\u89c2\u79d1\u5c3c\u4e9a\u7684\u6885\u592b\u62c9\u7eb3\u535a\u7269\u9986\uff0c\u5728\u8d1d\u4f0a\u8c22\u5e0c\u5c14\u6e56\u7a0d\u4f5c\u4f11\u606f<strong data-start=\"493\" data-end=\"518\">\u6b23\u8d4f\u98ce\u666f\uff0c\u6216\u5728\u5f53\u5730\u9910<\/strong>\u5385\u548c\u4f11\u606f\u533a\u505c\u7559\u4eab\u7528\u9910\u70b9\u3002<br \/>\u8bb8\u591a\u65c5\u5ba2\u7279\u522b\u559c\u6b22\u5728\u79d1\u5c3c\u4e9a\u77ed\u6682\u505c\u7559\uff0c\u53c2\u89c2\u8457\u540d\u7684\u6885\u592b<strong data-start=\"467\" data-end=\"476\">\u62c9\u7eb3\uff08\u9c81\u7c73\uff09\u535a\u7269\u9986<\/strong>\uff0c\u8fd9\u4e5f\u4f1a\u8ba9\u6574\u4e2a\u65c5\u7a0b\u66f4\u52a0\u96be\u5fd8\u3002    <\/p>\n<hr data-start=\"2499\" data-end=\"2502\">\n<h1 data-section-id=\"kg4pke\" data-start=\"2504\" data-end=\"2521\">\u8f66\u8f86\u9009\u62e9<\/h1>\n<div class=\"TyagGW_tableContainer\">\n<div class=\"group TyagGW_tableWrapper flex flex-col-reverse w-fit\" tabindex=\"-1\">\n<table class=\"w-fit min-w-(--thread-content-width)\" data-start=\"2523\" data-end=\"2677\">\n<thead data-start=\"2523\" data-end=\"2553\">\n<tr data-start=\"2523\" data-end=\"2553\">\n<th class=\"\" data-start=\"2523\" data-end=\"2531\" data-col-size=\"sm\">\u8f66\u8f86<\/th>\n<th class=\"\" data-start=\"2531\" data-end=\"2542\" data-col-size=\"sm\">\u5bb9\u91cf<\/th>\n<th class=\"\" data-start=\"2542\" data-end=\"2553\" data-col-size=\"sm\">\u9002\u5408\u5bf9\u8c61<\/th>\n<\/tr>\n<\/thead>\n<tbody data-start=\"2566\" data-end=\"2677\">\n<tr data-start=\"2566\" data-end=\"2619\">\nMercedes Vito<\/p>\n<td data-start=\"2566\" data-end=\"2580\" data-col-size=\"sm\">1\u20136 \u4eba<\/td>\n<p>\u5bb6\u5ead\u6216\u5c0f\u56e2\u4f53<br \/>Mercedes Sprinter<\/p>\n<td data-col-size=\"sm\" data-start=\"2580\" data-end=\"2593\">7\u201316 \u4eba<\/td>\n<p><\/p>\n<td data-col-size=\"sm\" data-start=\"2593\" data-end=\"2619\">\u5927\u578b\u56e2\u4f53\u6216\u56e2\u961f\u65c5\u884c<\/td>\n<\/tr>\n<tr data-start=\"2620\" data-end=\"2677\">\n<td data-start=\"2620\" data-end=\"2638\" data-col-size=\"sm\">Mercedes Sprinter<\/td>\n<td data-col-size=\"sm\" data-start=\"2638\" data-end=\"2652\">7\u201314 \u4eba<\/td>\n<td data-col-size=\"sm\" data-start=\"2652\" data-end=\"2677\">\u56e2\u961f\u53ca\u65c5\u6e38\u56e2\u4f53<\/td>\n<\/tr>\n<\/tbody>\n<\/table>\n<\/div>\n<\/div>\n<p data-start=\"2679\" data-end=\"2766\">\u6211\u4eec\u7684\u8f66\u8f86\u914d\u5907\u5b8c\u5584\u7684\u7a7a\u8c03\u7cfb\u7edf\uff0c\u7a7a\u95f4\u5bbd\u655e\uff0c\u975e\u5e38\u9002\u5408\u957f\u9014\u65c5\u884c\u3002<\/p>\n<hr data-start=\"2768\" data-end=\"2771\">\n<h1 data-section-id=\"1ve9ho5\" data-start=\"2773\" data-end=\"2816\">\u4e3a\u4ec0\u4e48\u8fd9\u9879\u63a5\u9001\u670d\u52a1\u662f\u6700\u4f73\u9009\u62e9\uff1f<\/h1>\n<p data-start=\"2818\" data-end=\"3024\">\u2714 \u53ef\u9760\u4e14\u51c6\u65f6\u7684\u670d\u52a1<br data-start=\"2849\" data-end=\"2852\">\u2714 \u8212\u9002\u7684\u957f\u9014\u65c5\u884c\u4f53\u9a8c<br data-start=\"2886\" data-end=\"2889\">\u2714 \u76f4\u8fbe\u8def\u7ebf\uff0c\u65e0\u9700\u7b49\u5f85\u6216\u7ed5\u884c<br data-start=\"2918\" data-end=\"2921\">\u2714 \u4ef7\u683c\u900f\u660e\uff08\u5df2\u5305\u542b\u71c3\u6cb9\u8d39\u548c\u8fc7\u8def\u8d39\uff09<br data-start=\"2966\" data-end=\"2969\">\u2714 \u53ef\u63d0\u4f9b\u673a\u573a\u63a5\u9001\u670d\u52a1<br data-start=\"2997\" data-end=\"3000\">\u2714 \u767d\u5929\u6216\u591c\u95f4\u5747\u53ef\u5b89\u6392\u670d\u52a1<\/p>\n<p data-start=\"3026\" data-end=\"3150\">\u4e0e\u5df4\u58eb\u6216\u822a\u73ed\u76f8\u6bd4\uff0c\u5361\u5e15\u591a\u5947\u4e9a\u81f3\u5b89\u5854\u5229\u4e9a\u79c1\u4eba\u63a5\u9001\u670d\u52a1 \u63d0\u4f9b\u66f4\u9ad8\u7684\u4fbf\u5229\u6027\u548c\u7075\u6d3b\u6027\u3002<\/p>\n<h1 data-section-id=\"eaw72n\" data-start=\"3157\" data-end=\"3194\"><a href=\"https:\/\/youtube.com\/shorts\/8cX0CgvYvuA\" target=\"_blank\" rel=\"noopener\">\u63a5\u9001\u4e4b\u540e\u63a2\u7d22\u5b89\u5854\u5229\u4e9a<\/a><\/h1>\n<p data-start=\"3196\" data-end=\"3382\">\u62b5\u8fbe\u5b89\u5854\u5229\u4e9a\u540e\uff0c\u60a8\u53ef\u4ee5\u63a2\u7d22\u8bb8\u591a\u4ee4\u4eba\u60ca\u53f9\u7684\u666f\u70b9\u548c\u65c5\u6e38\u6d3b\u52a8\u3002\u5b89\u5854\u5229\u4e9a\u56e0\u5176\u7f8e\u4e3d\u7684\u6d77\u6ee9\u3001\u4e30\u5bcc\u7684\u5386\u53f2\u9057\u8ff9\u4ee5\u53ca\u58ee\u4e3d\u7684\u81ea\u7136\u98ce\u5149\uff0c\u6210\u4e3a\u571f\u8033\u5176\u6700\u53d7\u6b22\u8fce\u7684\u5ea6\u5047\u76ee\u7684\u5730\u4e4b\u4e00\u3002 <\/p>\n<p data-start=\"3384\" data-end=\"3443\">\u4ee5\u4e0b\u662f\u5b89\u5854\u5229\u4e9a\u6700\u53d7\u6b22\u8fce\u7684\u4e00\u4e9b\u65c5\u6e38\u6d3b\u52a8\uff1a<\/p>\n<hr data-start=\"4161\" data-end=\"4164\">\n<div class=\"row\"  id=\"row-412418072\">\n\n\t<div id=\"col-1525708989\" class=\"col medium-4 small-12 large-4\"  >\n\t\t\t\t<div class=\"col-inner\"  >\n\t\t\t\n\t\t\t\n<h1 data-section-id=\"1wvquhf\" data-start=\"3450\" data-end=\"3469\">\u5b89\u5854\u5229\u4e9a\u57ce\u5e02\u4e4b\u65c5<\/h1>\n<p data-start=\"3471\" data-end=\"3516\">\u63a2\u7d22\u5b89\u5854\u5229\u4e9a\u7684\u4e3b\u8981\u4eae\u70b9\uff0c\u5305\u62ec\uff1a<\/p>\n<p data-start=\"3518\" data-end=\"3615\">\u2022 \u5361\u83b1\u4f0a\u5947\u8001\u57ce\uff08Kalei\u00e7i Old Town\uff09<br data-start=\"3536\" data-end=\"3539\">\u2022 \u54c8\u5fb7\u826f\u95e8\uff08Hadrian\u2019s Gate\uff09<br data-start=\"3555\" data-end=\"3558\">\u2022 \u5b89\u5854\u5229\u4e9a\u7801\u5934\uff08Antalya Marina\uff09<br data-start=\"3574\" data-end=\"3577\">\u2022 \u675c\u767b\u7011\u5e03\uff08D\u00fcden Waterfalls\uff09<br data-start=\"3595\" data-end=\"3598\">\u2022 \u5b54\u4e9a\u963f\u5c14\u7279\u6d77\u6ee9\uff08Konyaalt\u0131 Beach\uff09<\/p>\n<p data-start=\"3617\" data-end=\"3709\">\u5b89\u5854<strong data-start=\"3619\" data-end=\"3646\">\u5229\u4e9a\u6bcf\u65e5\u57ce\u5e02<\/strong>\u89c2\u5149\u4e4b\u65c5\u975e\u5e38\u9002\u5408\u7b2c\u4e00\u6b21\u6765\u5230\u8fd9\u5ea7\u57ce\u5e02\u7684\u6e38\u5ba2\u3002<\/p>\n\t\t<\/div>\n\t\t\t\t\t<\/div>\n\n\t\n\n\t<div id=\"col-366867977\" class=\"col medium-4 small-12 large-4\"  >\n\t\t\t\t<div class=\"col-inner\"  >\n\t\t\t\n\t\t\t\n<h1 data-section-id=\"y561en\" data-start=\"3716\" data-end=\"3749\">\u5b89\u5854\u5229\u4e9a\u51fa\u53d1\u5e15\u7a46\u5361\u83b1\u4e00\u65e5\u6e38<\/h1>\n<p data-start=\"3751\" data-end=\"3799\">\u8fd9\u662f\u4ece\u5b89\u5854\u5229\u4e9a\u51fa\u53d1\u6700\u53d7\u6b22\u8fce\u7684\u77ed\u9014\u65c5\u884c\u4e4b\u4e00\u3002<\/p>\n<p data-start=\"3801\" data-end=\"3807\">\u53c2\u89c2<\/p>\n<p data-start=\"3809\" data-end=\"3879\">\u2022 \u5e15\u7a46\u5361\u83b1\u77f3\u7070\u534e\u68af\u7530\uff08Pamukkale Travertines\uff09<br data-start=\"3832\" data-end=\"3835\">\u2022 \u5e0c\u62c9\u6ce2\u5229\u65af\u53e4\u57ce\uff08Hierapolis Ancient City\uff09<br data-start=\"3860\" data-end=\"3863\">\u2022 \u514b\u5229\u5965\u5e15\u7279\u62c9\u6e29\u6cc9\u6c60\uff08Cleopatra Pool\uff09<\/p>\n<p data-start=\"3881\" data-end=\"3937\">\u8fd9\u4e2a\u88ab\u5217\u4e3a \u8054\u5408\u56fd\u6559\u79d1\u6587\u7ec4\u7ec7\u4e16\u754c\u9057\u4ea7 \u7684\u666f\u70b9\uff0c\u662f\u60a8\u5728\u5b89\u5854\u5229\u4e9a\u65c5\u884c\u671f\u95f4 \u4e0d\u53ef\u9519\u8fc7\u7684\u5fc5\u6e38\u4e4b\u5730\u3002<\/p>\n\t\t<\/div>\n\t\t\t\t\t<\/div>\n\n\t\n\n\t<div id=\"col-206216485\" class=\"col medium-4 small-12 large-4\"  >\n\t\t\t\t<div class=\"col-inner\"  >\n\t\t\t\n\t\t\t\n<h1 data-section-id=\"1sds1z3\" data-start=\"3944\" data-end=\"3973\">\u4f69\u5c14\u76d6\u3001\u963f\u65af\u6f58\u591a\u65af\u548c\u9521\u5fb7\u4e4b\u65c5<\/h1>\n<p data-start=\"3975\" data-end=\"4002\">\u975e\u5e38\u9002\u5408\u5386\u53f2\u7231\u597d\u8005\u3002<\/p>\n<p data-start=\"4004\" data-end=\"4012\">\u63a2\u7d22\uff1a<\/p>\n<p data-start=\"4014\" data-end=\"4102\">\u2022<strong data-start=\"4016\" data-end=\"4038\"> \u4f69\u5c14\u76d6\u53e4\u57ce\uff08Perge Ancient City\uff09<\/strong><br data-start=\"4038\" data-end=\"4041\">\u2022<strong data-start=\"4043\" data-end=\"4069\"> \u963f\u65af\u6f58\u591a\u65af\u7f57\u9a6c\u5267\u573a\uff08Aspendos Roman Theatre\uff09<\/strong><br data-start=\"4069\" data-end=\"4072\"><strong data-start=\"4074\" data-end=\"4102\">\u2022 \u9521\u5fb7\u963f\u6ce2\u7f57\u795e\u5e99\uff08Temple of Apollo in Side\uff09<\/strong><\/p>\n<p data-start=\"4104\" data-end=\"4159\">\u8fd9\u6b21\u65c5\u7a0b\u5c06\u5e26\u60a8\u6df1\u5165\u4e86\u89e3\u8ff7\u4eba\u7684\u7f57\u9a6c\u5386\u53f2\u3002<\/p>\n\t\t<\/div>\n\t\t\t\t\t<\/div>\n\n\t\n<\/div>\n<div class=\"row\"  id=\"row-1774501458\">\n\n\t<div id=\"col-114241696\" class=\"col medium-4 small-12 large-4\"  >\n\t\t\t\t<div class=\"col-inner\"  >\n\t\t\t\n\t\t\t\n<h1 data-section-id=\"1xp7f3g\" data-start=\"4166\" data-end=\"4185\"><a href=\"https:\/\/sunsmiletravel.com\/antalya-boat-trip-explore-antalya-with-cruise\/\">\u5b89\u5854\u5229\u4e9a\u6e38\u8239\u4e4b\u65c5<\/a><\/h1>\n<p data-start=\"4187\" data-end=\"4292\">\u4eab\u53d7\u4e00\u6b21\u8f7b\u677e\u7684\u5730\u4e2d\u6d77\u6e38\u8239\u4e4b\u65c5<strong data-start=\"4204\" data-end=\"4233\">\uff0c\u6cbf\u7740\u7f8e\u4e3d\u7684\u5b89\u5854\u5229\u4e9a\u6d77\u5cb8\u822a\u884c<\/strong>\uff0c\u5e76\u5728\u591a\u4e2a\u6d77\u6e7e\u505c\u7559\u6e38\u6cf3\u3002<\/p>\n<p data-start=\"4294\" data-end=\"4304\">\u9002\u5408\u4eba\u7fa4\uff1a<\/p>\n<p data-start=\"4306\" data-end=\"4349\">\u2714 \u5bb6\u5ead\u6e38\u5ba2<br data-start=\"4316\" data-end=\"4319\">\u2714 \u60c5\u4fa3\u6e38\u5ba2<br data-start=\"4328\" data-end=\"4331\">\u2714 \u590f\u5b63\u65c5\u884c\u8005<\/p>\n\t\t<\/div>\n\t\t\t\t\t<\/div>\n\n\t\n\n\t<div id=\"col-1271766766\" class=\"col medium-4 small-12 large-4\"  >\n\t\t\t\t<div class=\"col-inner\"  >\n\t\t\t\n\t\t\t\n<h1 data-section-id=\"5z2gl\" data-start=\"4575\" data-end=\"4597\">\u5b89\u5854\u5229\u4e9a\u6f02\u6d41\u4e4b\u65c5<\/h1>\n<p data-start=\"4599\" data-end=\"4693\"><strong data-start=\"4603\" data-end=\"4634\">\u79d1\u666e\u5415\u5415\u5ce1\u8c37\uff08K\u00f6pr\u00fcl\u00fc Canyon\uff09<\/strong>\u6f02\u6d41\u4e4b\u65c5\u662f\u5b89\u5854\u5229\u4e9a\u6700\u523a\u6fc0\u3001\u6700\u53d7\u6b22\u8fce\u7684\u6237\u5916\u6d3b\u52a8\u4e4b\u4e00\u3002<\/p>\n<p data-start=\"4695\" data-end=\"4764\">\u975e\u5e38\u9002\u5408\u60f3\u8981\u5728\u5927\u81ea\u7136\u4e2d\u4f53\u9a8c\u523a\u6fc0\u4e0e\u80be\u4e0a\u817a\u7d20\u7684\u5192\u9669\u7231\u597d\u8005\u3002<\/p>\n\t\t<\/div>\n\t\t\t\t\t<\/div>\n\n\t\n\n\t<div id=\"col-1499459341\" class=\"col medium-4 small-12 large-4\"  >\n\t\t\t\t<div class=\"col-inner\"  >\n\t\t\t\n\t\t\t\n<article class=\"text-token-text-primary w-full focus:outline-none &#091;--shadow-height:45px&#093; has-data-writing-block:pointer-events-none has-data-writing-block:-mt-(--shadow-height) has-data-writing-block:pt-(--shadow-height) &#091;&amp;:has(&#091;data-writing-block&#093;)&gt;*&#093;:pointer-events-auto scroll-mt-(--header-height)\" dir=\"auto\" tabindex=\"-1\" data-turn-id=\"6b006119-9502-4c92-b252-2aef81effa78\" data-testid=\"conversation-turn-49\" data-scroll-anchor=\"false\" data-turn=\"user\"><\/article>\n<article class=\"text-token-text-primary w-full focus:outline-none &#091;--shadow-height:45px&#093; has-data-writing-block:pointer-events-none has-data-writing-block:-mt-(--shadow-height) has-data-writing-block:pt-(--shadow-height) &#091;&amp;:has(&#091;data-writing-block&#093;)&gt;*&#093;:pointer-events-auto scroll-mt-&#091;calc(var(--header-height)+min(200px,max(70px,20svh)))&#093;\" dir=\"auto\" tabindex=\"-1\" data-turn-id=\"request-6937e7ba-fe1c-8329-a045-72c3b761c879-3\" data-testid=\"conversation-turn-50\" data-scroll-anchor=\"true\" data-turn=\"assistant\">\n<div class=\"text-base my-auto mx-auto pb-10 &#091;--thread-content-margin:var(--thread-content-margin-xs,calc(var(--spacing)*4))&#093; @w-sm\/main:&#091;--thread-content-margin:var(--thread-content-margin-sm,calc(var(--spacing)*6))&#093; @w-lg\/main:&#091;--thread-content-margin:var(--thread-content-margin-lg,calc(var(--spacing)*16))&#093; px-(--thread-content-margin)\">\n<div class=\"&#091;--thread-content-max-width:40rem&#093; @w-lg\/main:&#091;--thread-content-max-width:48rem&#093; mx-auto max-w-(--thread-content-max-width) flex-1 group\/turn-messages focus-visible:outline-hidden relative flex w-full min-w-0 flex-col agent-turn\" tabindex=\"-1\">\n<div class=\"flex max-w-full flex-col gap-4 grow\">\n<div class=\"min-h-8 text-message relative flex w-full flex-col items-end gap-2 text-start break-words whitespace-normal &#091;.text-message+&amp;&#093;:mt-1\" dir=\"auto\" data-message-author-role=\"assistant\" data-message-id=\"be523d3a-f68b-4a36-b489-6e02dc4a9044\" data-message-model-slug=\"gpt-5-3\">\n<div class=\"flex w-full flex-col gap-1 empty:hidden\">\n<div class=\"markdown prose dark:prose-invert w-full wrap-break-word light markdown-new-styling\">\n<h1 data-start=\"0\" data-end=\"45\"><strong data-start=\"0\" data-end=\"45\">\u4e9a\u4f20\u5947\u4e4b\u5730\u4e3b\u9898\u516c\u56ed\u4e4b\u65c5\uff08Land of Legends Theme Park Tour \u2013 Antalya\uff09<\/strong><\/h1>\n<p data-start=\"47\" data-end=\"261\">\u4f20\u5947\u4e4b\u5730\u4e3b\u9898\u516c\u56ed\u4e4b\u65c5\uff08Land of Legends\uff09 \u662f\u5b89\u5854\u5229\u4e9a\u6700\u53d7\u6b22\u8fce\u7684\u65c5\u6e38\u6d3b\u52a8\u4e4b\u4e00\u3002<br \/>\u8fd9\u5ea7\u8457\u540d\u7684\u4e3b\u9898\u516c\u56ed\u4f4d\u4e8e \u8d1d\u83b1\u514b\uff08Belek\uff09\uff0c\u62e5\u6709\u523a\u6fc0\u7684\u8fc7\u5c71\u8f66\u3001\u6c34\u4e0a\u6ed1\u68af\u3001\u8d2d\u7269\u8857\u4ee5\u53ca\u7cbe\u5f69\u7684\u591c\u95f4\u8868\u6f14\uff0c\u4e3a\u6e38\u5ba2\u5e26\u6765\u5145\u6ee1\u4e50\u8da3\u4e0e\u5a31\u4e50\u7684\u4f53\u9a8c\u3002 <\/p>\n<p data-start=\"263\" data-end=\"387\" data-is-last-node=\"\" data-is-only-node=\"\">\u975e\u5e38\u9002\u5408\u5bb6\u5ead\u548c\u5192\u9669\u7231\u597d\u8005\uff0c<strong data-start=\"310\" data-end=\"347\">\u5b89\u5854\u5229<\/strong>\u4e9a\u51fa\u53d1\u7684\u4f20\u5947\u4e4b\u5730\u4e3b\u9898\u516c\u56ed\u4e4b\u65c5\u5c06\u4e3a\u60a8\u5e26\u6765\u5145\u6ee1\u4e50\u8da3\u4e14\u96be\u5fd8\u7684\u4e00\u5929\u3002<\/p>\n<\/div>\n<\/div>\n<\/div>\n<\/div>\n<\/div>\n<\/div>\n<\/article>\n\t\t<\/div>\n\t\t\t\t\t<\/div>\n\n\t\n<\/div>\n<h1 data-section-id=\"1in30iw\" data-start=\"4771\" data-end=\"4800\">\u4ef7\u683c\u4e0e\u9884\u8ba2\u4fe1\u606f<\/h1>\n<p data-start=\"0\" data-end=\"31\"><strong data-start=\"0\" data-end=\"31\">\u4ef7\u683c\u4e0e\u9884\u8ba2\u4fe1\u606f<\/strong><\/p>\n<p data-start=\"33\" data-end=\"438\" data-is-last-node=\"\" data-is-only-node=\"\">\u63a5\u9001\u670d\u52a1\u7684\u4ef7\u683c\u53ef\u80fd\u4f1a\u6839\u636e\u591a\u4e2a\u56e0\u7d20\u800c\u6709\u6240\u4e0d\u540c\uff0c\u4f8b\u5982\u56e2\u961f\u4eba\u6570\u3001\u6240\u9700\u8f66\u8f86\u7c7b\u578b\u3001\u5361\u5e15\u591a\u5947\u4e9a\u7684\u63a5\u9001\u5730\u70b9\u4ee5\u53ca\u5b89\u5854\u5229\u4e9a\u7684\u9001\u8fbe\u5730\u70b9\u3002<br \/>\u5982\u9700\u9884\u8ba2\uff0c\u60a8\u53ef\u4ee5\u901a\u8fc7 WhatsApp \u8f7b\u677e\u8054\u7cfb\u6211\u4eec\u3001\u586b\u5199 \u5728\u7ebf\u9884\u8ba2\u8868\u683c\uff0c\u6216 \u76f4\u63a5\u81f4\u7535 \u6211\u4eec\u3002<br \/>\u4e00\u65e6\u5b8c\u6210\u9884\u8ba2\uff0c\u60a8\u5c06\u7acb\u5373\u6536\u5230 \u786e\u8ba4\u4fe1\u606f\u3002  <\/p>\n<hr data-start=\"5054\" data-end=\"5057\">\n<h1 data-section-id=\"1j11mdq\" data-start=\"5059\" data-end=\"5109\">\u9884\u8ba2\u60a8\u7684\u5361\u5e15\u591a\u5947\u4e9a\u81f3\u5b89\u5854\u5229\u4e9a\u79c1\u4eba\u63a5\u9001\u670d\u52a1<\/h1>\n<p data-start=\"5111\" data-end=\"5219\">\u901a\u8fc7\u6211\u4eec\u7684\u4e13\u4e1a\u79c1\u4eba\u63a5\u9001\u670d\u52a1\uff0c\u4ece\u5361\u5e15\u591a\u5947\u4e9a\u5b89\u5168\u3001\u8212\u9002\u5730\u524d\u5f80\u5b89\u5854\u5229\u4e9a\u3002<\/p>\n<p data-start=\"5221\" data-end=\"5309\">\u901a\u8fc7\u6211\u4eec\u7684\u4e13\u4e1a\u79c1\u4eba\u63a5\u9001\u670d\u52a1\uff0c\u4ece\u5361\u5e15\u591a\u5947\u4e9a\u5b89\u5168\u3001\u8212\u9002\u5730\u524d\u5f80\u5b89\u5854\u5229\u4e9a\u3002<br \/>\u907f\u5f00\u62e5\u6324\u7684\u5df4\u58eb\u6216\u590d\u6742\u7684\u6362\u4e58\u5b89\u6392\uff0c\u5c3d\u4eab\u4e00\u6b21\u987a\u7545\u8f7b\u677e\u7684\u571f\u8033\u5176\u4e4b\u65c5\u3002<\/p>\n<p data-start=\"5311\" data-end=\"5448\">\ud83d\udc49\u7acb\u5373\u9884\u8ba2\u60a8\u7684\u5361\u5e15\u591a\u5947\u4e9a\u81f3\u5b89\u5854\u5229\u4e9a\u79c1\u4eba\u63a5\u9001\u670d\u52a1\uff0c\u8f7b\u677e\u62b5\u8fbe\u5b89\u5854\u5229\u4e9a\uff0c\u51c6\u5907\u597d\u63a2\u7d22\u8ff7\u4eba\u7684\u5730\u4e2d\u6d77\u6d77\u5cb8\u3002<\/p>\n","protected":false},"excerpt":{"rendered":"<p>\u5361\u5e15\u591a\u5947\u4e9a\u81f3\u5b89\u5854\u5229\u4e9a\u79c1\u4eba\u63a5\u9001\u670d\u52a1 \u2013 \u8212\u9002\u4e14\u53ef\u9760\u7684\u65c5\u7a0b \u5361\u5e15\u591a\u5947\u4e9a\u81f3\u5b89\u5854\u5229\u4e9a\u79c1\u4eba\u63a5\u9001\u670d\u52a1 \u2013 24\u5c0f\u65f6\u76f4\u8fbe\u670d\u52a1 [&#8230;]\n","protected":false},"featured_media":12343,"comment_status":"open","ping_status":"closed","template":"","meta":{"footnotes":""},"product_brand":[],"product_cat":[217],"product_tag":[],"class_list":{"0":"post-12348","1":"product","2":"type-product","3":"status-publish","4":"has-post-thumbnail","6":"product_cat-217","8":"first","9":"instock","10":"virtual","11":"sold-individually","12":"purchasable","13":"product-type-booking"},"_links":{"self":[{"href":"https:\/\/sunsmiletravel.com\/zh-hans\/wp-json\/wp\/v2\/product\/12348","targetHints":{"allow":["GET"]}}],"collection":[{"href":"https:\/\/sunsmiletravel.com\/zh-hans\/wp-json\/wp\/v2\/product"}],"about":[{"href":"https:\/\/sunsmiletravel.com\/zh-hans\/wp-json\/wp\/v2\/types\/product"}],"replies":[{"embeddable":true,"href":"https:\/\/sunsmiletravel.com\/zh-hans\/wp-json\/wp\/v2\/comments?post=12348"}],"version-history":[{"count":0,"href":"https:\/\/sunsmiletravel.com\/zh-hans\/wp-json\/wp\/v2\/product\/12348\/revisions"}],"wp:featuredmedia":[{"embeddable":true,"href":"https:\/\/sunsmiletravel.com\/zh-hans\/wp-json\/wp\/v2\/media\/12343"}],"wp:attachment":[{"href":"https:\/\/sunsmiletravel.com\/zh-hans\/wp-json\/wp\/v2\/media?parent=12348"}],"wp:term":[{"taxonomy":"product_brand","embeddable":true,"href":"https:\/\/sunsmiletravel.com\/zh-hans\/wp-json\/wp\/v2\/product_brand?post=12348"},{"taxonomy":"product_cat","embeddable":true,"href":"https:\/\/sunsmiletravel.com\/zh-hans\/wp-json\/wp\/v2\/product_cat?post=12348"},{"taxonomy":"product_tag","embeddable":true,"href":"https:\/\/sunsmiletravel.com\/zh-hans\/wp-json\/wp\/v2\/product_tag?post=12348"}],"curies":[{"name":"wp","href":"https:\/\/api.w.org\/{rel}","templated":true}]}}