{"id":12391,"date":"2026-03-07T11:04:59","date_gmt":"2026-03-07T08:04:59","guid":{"rendered":"https:\/\/sunsmiletravel.com\/%e4%bc%8a%e5%85%b9%e5%af%86%e5%b0%94%e6%9c%ba%e5%9c%ba%e7%a7%81%e4%ba%ba%e6%8e%a5%e9%80%81%e6%9c%8d%e5%8a%a1-%e2%9c%88%ef%b8%8f%f0%9f%9a%90\/"},"modified":"2026-03-07T11:04:59","modified_gmt":"2026-03-07T08:04:59","slug":"%e4%bc%8a%e5%85%b9%e5%af%86%e5%b0%94%e6%9c%ba%e5%9c%ba%e7%a7%81%e4%ba%ba%e6%8e%a5%e9%80%81%e6%9c%8d%e5%8a%a1-%e2%9c%88%ef%b8%8f%f0%9f%9a%90","status":"publish","type":"product","link":"https:\/\/sunsmiletravel.com\/zh-hans\/%e4%bc%8a%e5%85%b9%e5%af%86%e5%b0%94%e6%9c%ba%e5%9c%ba%e7%a7%81%e4%ba%ba%e6%8e%a5%e9%80%81%e6%9c%8d%e5%8a%a1-%e2%9c%88%ef%b8%8f%f0%9f%9a%90\/","title":{"rendered":"\u4f0a\u5179\u5bc6\u5c14\u673a\u573a\u79c1\u4eba\u63a5\u9001\u670d\u52a1 \u2708\ufe0f\ud83d\ude90"},"content":{"rendered":"<h1 data-section-id=\"1995t7d\" data-start=\"180\" data-end=\"261\">\u9009\u62e9\u4f0a\u5179\u5bc6\u5c14\u79c1\u4eba\u673a\u573a\u63a5\u9001\u670d\u52a1\u5f00\u542f\u65c5\u7a0b\u76847\u4e2a\u7406\u7531<\/h1>\n<p data-start=\"263\" data-end=\"573\">\u524d\u5f80\u4f0a\u5179\u5bc6\u5c14\u65c5\u884c\u662f\u4e00\u6bb5\u4ee4\u4eba\u5174\u594b\u7684\u4f53\u9a8c\u3002\u4f0a\u5179\u5bc6\u5c14\u4f4d\u4e8e\u571f\u8033\u5176\u7f8e\u4e3d\u7684\u7231\u7434\u6d77\u6d77\u5cb8\uff0c\u878d\u5408\u4e86\u5386\u53f2\u3001\u6587\u5316\u3001\u6d77\u666f\u548c\u73b0\u4ee3\u751f\u6d3b\u65b9\u5f0f\u3002\u6bcf\u5e74\u90fd\u6709\u6210\u5343\u4e0a\u4e07\u7684\u6e38\u5ba2\u6765\u5230\u8fd9\u5ea7\u57ce\u5e02\uff0c\u53c2\u89c2\u8457\u540d\u7684\u76ee\u7684\u5730\uff0c\u5982\u4ee5\u5f17\u6240\u3001\u5e93\u8428\u8fbe\u65af\u3001\u963f\u62c9\u6070\u7279\u548c\u5207\u4ec0\u6885\u3002  <\/p>\n<p data-start=\"575\" data-end=\"785\">\u7136\u800c\uff0c\u5728\u4e00\u4e2a\u65b0\u7684\u56fd\u5bb6\u62b5\u8fbe\u7e41\u5fd9\u7684\u673a\u573a\u6709\u65f6\u4f1a\u8ba9\u4eba\u611f\u5230\u4e0d\u77e5\u6240\u63aa\u3002\u56e0\u6b64\uff0c\u9884\u8ba2 \u4f0a\u5179\u5bc6\u5c14\u79c1\u4eba\u673a\u573a\u63a5\u9001\u670d\u52a1 \u662f\u5f00\u542f\u65c5\u7a0b\u6700\u8f7b\u677e\u3001\u6700\u4fbf\u6377\u7684\u65b9\u5f0f\u4e4b\u4e00\u3002 <\/p>\n<p data-start=\"787\" data-end=\"1093\">\u4ece \u4f0a\u5179\u5bc6\u5c14\u673a\u573a \u7684\u79c1\u4eba\u63a5\u9001\u670d\u52a1\uff0c\u4e3a\u60a8\u63d0\u4f9b\u4e00\u79cd\u5b89\u5168\u3001\u8212\u9002\u4e14\u53ef\u9760\u7684\u51fa\u884c\u65b9\u5f0f\uff0c\u8ba9\u60a8\u4ece \u4f0a\u5179\u5bc6\u5c14\u963f\u5fb7\u5357\u00b7\u95e8\u5fb7\u5217\u65af\u673a\u573a\uff08ADB\uff09 \u76f4\u63a5\u524d\u5f80\u9152\u5e97\u3002<br \/>\u65e0\u9700\u9762\u5bf9\u62e5\u6324\u7684\u516c\u5171\u4ea4\u901a\uff0c\u4e5f\u4e0d\u7528\u7b49\u5f85\u51fa\u79df\u8f66\uff0c\u60a8\u53ef\u4ee5\u4e0e\u4e13\u4e1a\u53f8\u673a\u4e00\u8d77\u4eab\u53d7\u8f7b\u677e\u7684\u95e8\u5230\u95e8\u63a5\u9001\u65c5\u7a0b\u3002 <\/p>\n<p data-start=\"1095\" data-end=\"1195\">\u5728\u8fd9\u7bc7\u6587\u7ae0\u4e2d\uff0c\u6211\u4eec\u5c06\u4ecb\u7ecd\u4e3a\u4ec0\u4e48\u8d8a\u6765\u8d8a\u591a\u7684\u65c5\u5ba2\u5728\u8bbf\u95ee\u4f0a\u5179\u5bc6\u5c14\u65f6\u66f4\u503e\u5411\u4e8e\u9009\u62e9\u673a\u573a\u79c1\u4eba\u63a5\u9001\u670d\u52a1\u3002<\/p>\n<h2 data-section-id=\"yefnha\" data-start=\"1202\" data-end=\"1236\">\u8212\u9002\u4e14\u73b0\u4ee3\u5316\u7684\u8f66\u8f86 \ud83d\ude90<\/h2>\n<p data-start=\"1238\" data-end=\"1457\">\u9884\u8ba2 \u4f0a\u5179\u5bc6\u5c14\u673a\u573a\u79c1\u4eba\u63a5\u9001\u670d\u52a1 \u7684\u6700\u5927\u4f18\u52bf\u4e4b\u4e00\u5c31\u662f\u73b0\u4ee3\u5316\u8f66\u8f86\u6240\u5e26\u6765\u7684\u8212\u9002\u4f53\u9a8c\u3002\u7ecf\u8fc7\u957f\u65f6\u95f4\u7684\u56fd\u9645\u822a\u73ed\u540e\uff0c\u65c5\u5ba2\u901a\u5e38\u90fd\u5e0c\u671b\u80fd\u591f\u4ee5\u8f7b\u677e\u3001\u8212\u9002\u7684\u65b9\u5f0f\u524d\u5f80\u9152\u5e97\u3002 <\/p>\n<p data-start=\"1459\" data-end=\"1660\">Los servicios de traslado privado suelen ofrecer veh\u00edculos como Mercedes Vito o Mercedes Sprinter. Estos veh\u00edculos son espaciosos, cuentan con aire acondicionado y est\u00e1n dise\u00f1ados para ofrecer la m\u00e1xima comodidad a los pasajeros. <\/p>\n<p data-start=\"1662\" data-end=\"1796\">\u65e0\u8bba\u60a8\u662f\u72ec\u81ea\u65c5\u884c\u3001\u4e0e\u5bb6\u4eba\u540c\u884c\uff0c\u8fd8\u662f\u4e0e\u4e00\u7fa4\u670b\u53cb\u4e00\u8d77\u51fa\u884c\uff0c\u79c1\u4eba\u63a5\u9001\u670d\u52a1\u90fd\u80fd\u786e\u4fdd\u60a8\u7684\u65c5\u7a0b\u6709\u4e00\u4e2a\u6109\u5feb\u7684\u5f00\u59cb\u3002<\/p>\n<hr data-start=\"1798\" data-end=\"1801\">\n<h2 data-section-id=\"16rfm2k\" data-start=\"1803\" data-end=\"1833\">\u8f7b\u677e\u65e0\u538b\u529b\u7684\u673a\u573a\u62b5\u8fbe\u4f53\u9a8c \u2708\ufe0f<\/h2>\n<p data-start=\"1835\" data-end=\"2018\">\u4f0a\u5179\u5bc6\u5c14\u963f\u5fb7\u5357\u00b7\u95e8\u5fb7\u5217\u65af\u673a\u573a\uff08Adnan Menderes Airport\uff09 \u662f\u571f\u8033\u5176\u897f\u90e8\u6700\u7e41\u5fd9\u7684\u673a\u573a\u4e4b\u4e00\u3002\u5bf9\u4e8e\u7b2c\u4e00\u6b21\u6765\u5230\u8fd9\u5ea7\u57ce\u5e02\u7684\u6e38\u5ba2\u6765\u8bf4\uff0c\u5bfb\u627e\u5408\u9002\u7684\u4ea4\u901a\u65b9\u5f0f\u6709\u65f6\u53ef\u80fd\u4f1a\u8ba9\u4eba\u611f\u5230\u56f0\u60d1\u3002 <\/p>\n<p data-start=\"2020\" data-end=\"2226\">\u901a\u8fc7 \u4f0a\u5179\u5bc6\u5c14\u673a\u573a\u79c1\u4eba\u63a5\u9001\u670d\u52a1\uff0c\u60a8\u7684\u53f8\u673a\u4f1a\u5728\u5230\u8fbe\u51fa\u53e3\u5904\u624b\u6301\u5199\u6709\u60a8\u540d\u5b57\u7684\u724c\u5b50\u7b49\u5019\u60a8\u3002<br \/>\u8fd9\u79cd \u8fce\u5bbe\u63a5\u5f85\u670d\u52a1\uff08Meet &amp; Greet\uff09 \u8ba9\u6574\u4e2a\u62b5\u8fbe\u8fc7\u7a0b\u53d8\u5f97\u7b80\u5355\u3001\u8f7b\u677e\u4e14\u8212\u9002\u3002 <\/p>\n<p data-start=\"2228\" data-end=\"2366\">\u60a8\u7684\u53f8\u673a\u8fd8\u4f1a\u5e2e\u52a9\u60a8\u642c\u8fd0\u884c\u674e\uff0c\u5e76\u76f4\u63a5\u5e26\u60a8\u524d\u5f80\u8f66\u8f86\uff0c\u8ba9\u60a8\u53ef\u4ee5\u8f7b\u677e\u79bb\u5f00\u673a\u573a\uff0c\u6beb\u65e0\u538b\u529b\u5730\u5f00\u59cb\u65c5\u7a0b\u3002<\/p>\n<hr data-start=\"2368\" data-end=\"2371\">\n<h2 data-section-id=\"wi15nx\" data-start=\"2373\" data-end=\"2410\">\u95e8\u5230\u95e8\u76f4\u8fbe\u63a5\u9001\u670d\u52a1 \ud83d\ude90<\/h2>\n<p data-start=\"2412\" data-end=\"2540\">\u9009\u62e9 \u4f0a\u5179\u5bc6\u5c14\u673a\u573a\u79c1\u4eba\u63a5\u9001\u670d\u52a1 \u7684\u53e6\u4e00\u4e2a\u91cd\u8981\u4f18\u52bf\u662f \u95e8\u5230\u95e8\u4ea4\u901a\u670d\u52a1\u7684\u4fbf\u5229\u6027\u3002<\/p>\n<p data-start=\"2542\" data-end=\"2706\">\u4e0e\u5171\u4eab\u4ea4\u901a\u670d\u52a1\u4e0d\u540c\uff0c\u79c1\u4eba\u63a5\u9001\u4e0d\u4f1a\u5728\u591a\u4e2a\u5730\u70b9\u505c\u9760\u3002\u60a8\u7684\u53f8\u673a\u4f1a\u76f4\u63a5\u5c06\u60a8\u4ece\u673a\u573a\u9001\u5230\u60a8\u7684\u9152\u5e97\u6216\u4f4f\u5bbf\u5730\u70b9\u3002 <\/p>\n<p data-start=\"2708\" data-end=\"2809\">\u8fd9\u9879\u670d\u52a1\u5bf9\u4e8e\u5165\u4f4f\u4f0a\u5179\u5bc6\u5c14\u5468\u8fb9\u70ed\u95e8\u76ee\u7684\u5730\u7684\u6e38\u5ba2\u6765\u8bf4\u5c24\u5176\u65b9\u4fbf\uff0c\u4f8b\u5982\uff1a<\/p>\n<ul data-start=\"2811\" data-end=\"2890\">\n<li data-section-id=\"ehfikb\" data-start=\"2811\" data-end=\"2823\">\n<p data-start=\"2813\" data-end=\"2823\">\u5e93\u8428\u8fbe\u65af\uff08Ku\u015fadas\u0131\uff09<\/p>\n<\/li>\n<li data-section-id=\"bmingr\" data-start=\"2824\" data-end=\"2834\">\n<p data-start=\"2826\" data-end=\"2834\">\u585e\u5c14\u4e18\u514b\uff08Sel\u00e7uk\uff09<\/p>\n<\/li>\n<li data-section-id=\"nuy2ed\" data-start=\"2835\" data-end=\"2846\">\n<p data-start=\"2837\" data-end=\"2846\"><a href=\"https:\/\/sunsmiletravel.com\/biblical-ephesus-tour\/\">\u4ee5\u5f17\u6240<\/a><\/p>\n<\/li>\n<li data-section-id=\"ytndaz\" data-start=\"2847\" data-end=\"2858\">\n<p data-start=\"2849\" data-end=\"2858\">\u963f\u62c9\u6070\u7279\uff08Ala\u00e7at\u0131\uff09<\/p>\n<\/li>\n<li data-section-id=\"a3lwad\" data-start=\"2859\" data-end=\"2868\">\n<p data-start=\"2861\" data-end=\"2868\">\u5207\u4ec0\u6885\uff08\u00c7e\u015fme\uff09<\/p>\n<\/li>\n<li data-section-id=\"pyhvsx\" data-start=\"2869\" data-end=\"2890\">\n<p data-start=\"2871\" data-end=\"2890\">\u4f0a\u5179\u5bc6\u5c14\u5e02\u4e2d\u5fc3<\/p>\n<\/li>\n<\/ul>\n<p data-start=\"2892\" data-end=\"2958\">\u8fd9\u8ba9\u60a8\u80fd\u591f\u5feb\u901f\u4e14\u8212\u9002\u5730\u62b5\u8fbe\u76ee\u7684\u5730\u3002<\/p>\n<hr data-start=\"2960\" data-end=\"2963\">\n<h2 data-section-id=\"9zqnvi\" data-start=\"2965\" data-end=\"3000\">\u56fa\u5b9a\u4ef7\u683c\uff0c\u65e0\u9690\u85cf\u8d39\u7528 \ud83d\udcb0<\/h2>\n<p data-start=\"3002\" data-end=\"3170\">\u51fa\u79df\u8f66\u8d39\u7528\u6709\u65f6\u4f1a\u56e0\u4ea4\u901a\u72b6\u51b5\u6216\u989d\u5916\u6536\u8d39\u800c\u6709\u6240\u53d8\u5316\u3002\u800c\u5f53\u60a8\u9884\u8ba2 \u4f0a\u5179\u5bc6\u5c14\u673a\u573a\u79c1\u4eba\u63a5\u9001\u670d\u52a1 \u65f6\uff0c\u4ef7\u683c\u4f1a\u63d0\u524d\u786e\u5b9a\u3002 <\/p>\n<p data-start=\"3172\" data-end=\"3316\">\u8fd9\u610f\u5473\u7740\u5728\u65c5\u7a0b\u5f00\u59cb\u4e4b\u524d\uff0c\u60a8\u5c31\u6e05\u695a\u5730\u77e5\u9053\u9700\u8981\u652f\u4ed8\u7684\u8d39\u7528\u3002\u6ca1\u6709\u9690\u85cf\u8d39\u7528\uff0c\u4e5f\u4e0d\u4f1a\u5728\u884c\u7a0b\u7ed3\u675f\u65f6\u51fa\u73b0\u4efb\u4f55\u610f\u5916\u6536\u8d39 <\/p>\n<p data-start=\"3318\" data-end=\"3407\">\u8bb8\u591a\u65c5\u5ba2\u9009\u62e9\u79c1\u4eba\u63a5\u9001\u670d\u52a1\uff0c\u56e0\u4e3a\u5b83\u63d0\u4f9b\u6e05\u6670\u4e14\u900f\u660e\u7684\u4ef7\u683c\u3002<\/p>\n<h2 data-section-id=\"6ftji\" data-start=\"3414\" data-end=\"3446\">24\u5c0f\u65f6\u673a\u573a\u63a5\u9001\u670d\u52a1\uff0824\/7\uff09 \u2708\ufe0f\ud83d\ude90<\/h2>\n<p data-start=\"3448\" data-end=\"3616\">\u98de\u5f80 \u4f0a\u5179\u5bc6\u5c14\u673a\u573a \u7684\u822a\u73ed\u5728\u4e00\u5929\u4e2d\u7684\u4efb\u4f55\u65f6\u95f4\u90fd\u6709\u53ef\u80fd\u62b5\u8fbe\u3002\u4e13\u4e1a\u7684 \u4f0a\u5179\u5bc6\u5c14\u673a\u573a\u79c1\u4eba\u63a5\u9001\u670d\u52a1 \u6bcf\u5468\u4e03\u5929\u3001\u6bcf\u592924\u5c0f\u65f6\u5168\u5929\u5019\u8fd0\u8425\u3002 <\/p>\n<p data-start=\"3618\" data-end=\"3766\">\u53f8\u673a\u8fd8\u4f1a\u5173\u6ce8\u822a\u73ed\u65f6\u95f4\uff0c\u5982\u9047\u5ef6\u8bef\u4e5f\u4f1a\u53ca\u65f6\u8c03\u6574\u3002\u8fd9\u53ef\u4ee5\u786e\u4fdd\u5f53\u60a8\u7684\u822a\u73ed\u964d\u843d\u65f6\uff0c\u53f8\u673a\u5df2\u7ecf\u51c6\u5907\u597d\u5e76\u5728\u673a\u573a\u7b49\u5019\u60a8\u3002 <\/p>\n<p data-start=\"3768\" data-end=\"3860\">\u8fd9\u79cd\u7075\u6d3b\u6027\u4f7f\u79c1\u4eba\u63a5\u9001\u6210\u4e3a\u6240\u6709\u65c5\u5ba2\u90fd\u53ef\u9760\u7684\u4ea4\u901a\u9009\u62e9\u3002<\/p>\n<h2 data-section-id=\"1ojllm\" data-start=\"3867\" data-end=\"3901\">\u975e\u5e38\u9002\u5408\u5bb6\u5ead\u548c\u56e2\u4f53\u51fa\u884c \ud83d\udc68\u200d\ud83d\udc69\u200d\ud83d\udc67\u200d\ud83d\udc66\ud83d\ude90<\/h2>\n<p data-start=\"3903\" data-end=\"4055\">\u79c1\u4eba\u673a\u573a\u63a5\u9001\u670d\u52a1\u4e5f\u975e\u5e38\u9002\u5408\u5bb6\u5ead\u548c\u5c0f\u578b\u56e2\u4f53\u3002\u5927\u5bb6\u4e58\u5750\u540c\u4e00\u8f86\u8f66\u4e00\u8d77\u51fa\u884c\uff0c\u4f1a\u8ba9\u65c5\u7a0b\u66f4\u52a0\u8f7b\u677e\u548c\u8212\u9002\u3002 <\/p>\n<p data-start=\"4057\" data-end=\"4274\">\u4f0a\u5179\u5bc6\u5c14\u79c1\u4eba\u673a\u573a\u63a5\u9001\u670d\u52a1 \u53ef\u4ee5\u8ba9\u6240\u6709\u4eba\u4e58\u5750\u540c\u4e00\u8f86\u8f66\u4e00\u8d77\u51fa\u884c\uff0c\u540c\u65f6\u62e5\u6709\u5145\u8db3\u7684\u884c\u674e\u7a7a\u95f4\u3002\u8fd9\u4f7f\u5176\u6210\u4e3a\u5bb6\u5ead\u3001\u60c5\u4fa3\u4ee5\u53ca\u4e0e\u670b\u53cb\u7ed3\u4f34\u65c5\u884c\u7684\u6e38\u5ba2\u975e\u5e38\u5b9e\u7528\u7684\u4ea4\u901a\u9009\u62e9\u3002 <\/p>\n<h2 data-section-id=\"114wazr\" data-start=\"4281\" data-end=\"4298\">\u603b\u7ed3 \/ \u6700\u540e\u60f3\u6cd5<\/h2>\n<p data-start=\"4300\" data-end=\"4501\">\u9884\u8ba2 \u4f0a\u5179\u5bc6\u5c14\u79c1\u4eba\u673a\u573a\u63a5\u9001\u670d\u52a1 \u662f\u5f00\u542f\u571f\u8033\u5176\u7231\u7434\u6d77\u5730\u533a\u4e4b\u65c5\u7684\u6700\u4f73\u65b9\u5f0f\u4e4b\u4e00\u3002\u4ece\u60a8\u843d\u5730\u7684\u90a3\u4e00\u523b\u8d77\uff0c\u5b83\u5c31\u4e3a\u60a8\u63d0\u4f9b\u8212\u9002\u3001\u4fbf\u5229\u548c\u5b89\u5fc3\u7684\u51fa\u884c\u4f53\u9a8c\u3002 <\/p>\n<p data-start=\"4503\" data-end=\"4683\"><a href=\"https:\/\/youtube.com\/shorts\/l0adiS41OIs?feature=share\" target=\"_blank\" rel=\"noopener\">\u65e0\u8bba\u60a8\u662f\u524d\u5f80 \u4f0a\u5179\u5bc6\u5c14\u3001\u4ee5\u5f17\u6240\u3001\u5e93\u8428\u8fbe\u65af\uff0c\u8fd8\u662f\u7f8e\u4e3d\u7684\u6d77\u6ee8\u5c0f\u9547 \u963f\u62c9\u6070\u7279\uff08Ala\u00e7at\u0131\uff09 \u548c \u5207\u4ec0\u6885\uff08\u00c7e\u015fme\uff09\uff0c\u79c1\u4eba\u673a\u573a\u63a5\u9001\u670d\u52a1\u90fd\u80fd\u786e\u4fdd\u60a8\u7684\u65c5\u7a0b\u6709\u4e00\u4e2a\u987a\u7545\u800c\u8f7b\u677e\u7684\u5f00\u59cb\u3002<\/a><\/p>\n<p data-start=\"4685\" data-end=\"4836\">\u5982\u679c\u60a8\u60f3\u907f\u514d\u4ea4\u901a\u65b9\u9762\u7684\u538b\u529b\uff0c\u5e76\u4ee5\u8212\u9002\u7684\u65b9\u5f0f\u51fa\u884c\uff0c\u63d0\u524d\u9884\u8ba2 \u4f0a\u5179\u5bc6\u5c14\u79c1\u4eba\u673a\u573a\u63a5\u9001\u670d\u52a1 \u59cb\u7ec8\u662f\u4e00\u4e2a\u660e\u667a\u7684\u9009\u62e9\u3002<\/p>\n<p data-start=\"4838\" data-end=\"4928\">\u5982\u9700\u4e86\u89e3\u66f4\u591a \u571f\u8033\u5176\u7684\u65c5\u6e38\u884c\u7a0b\u548c\u65c5\u884c\u670d\u52a1\uff0c\u60a8\u53ef\u4ee5\u8bbf\u95ee\uff1a<br data-start=\"4898\" data-end=\"4901\"><a class=\"decorated-link\" href=\"https:\/\/sunsmiletravel.com\/zh-hans\/\" target=\"_new\" rel=\"noopener\" data-start=\"4901\" data-end=\"4928\">https:\/\/sunsmiletravel.com\/<\/a><\/p>\n","protected":false},"excerpt":{"rendered":"<p>\u9009\u62e9\u4f0a\u5179\u5bc6\u5c14\u79c1\u4eba\u673a\u573a\u63a5\u9001\u670d\u52a1\u5f00\u542f\u65c5\u7a0b\u76847\u4e2a\u7406\u7531 \u524d\u5f80\u4f0a\u5179\u5bc6\u5c14\u65c5\u884c\u662f\u4e00\u6bb5\u4ee4\u4eba\u5174\u594b\u7684\u4f53\u9a8c\u3002\u4f0a\u5179\u5bc6\u5c14\u4f4d\u4e8e\u571f\u8033\u5176\u7f8e\u4e3d\u7684 [&#8230;]\n","protected":false},"featured_media":11489,"comment_status":"open","ping_status":"closed","template":"","meta":{"footnotes":""},"product_brand":[],"product_cat":[261,264],"product_tag":[],"class_list":{"0":"post-12391","1":"product","2":"type-product","3":"status-publish","4":"has-post-thumbnail","6":"product_cat-261","7":"product_cat-264","9":"first","10":"instock","11":"virtual","12":"sold-individually","13":"purchasable","14":"product-type-booking"},"_links":{"self":[{"href":"https:\/\/sunsmiletravel.com\/zh-hans\/wp-json\/wp\/v2\/product\/12391","targetHints":{"allow":["GET"]}}],"collection":[{"href":"https:\/\/sunsmiletravel.com\/zh-hans\/wp-json\/wp\/v2\/product"}],"about":[{"href":"https:\/\/sunsmiletravel.com\/zh-hans\/wp-json\/wp\/v2\/types\/product"}],"replies":[{"embeddable":true,"href":"https:\/\/sunsmiletravel.com\/zh-hans\/wp-json\/wp\/v2\/comments?post=12391"}],"version-history":[{"count":0,"href":"https:\/\/sunsmiletravel.com\/zh-hans\/wp-json\/wp\/v2\/product\/12391\/revisions"}],"wp:featuredmedia":[{"embeddable":true,"href":"https:\/\/sunsmiletravel.com\/zh-hans\/wp-json\/wp\/v2\/media\/11489"}],"wp:attachment":[{"href":"https:\/\/sunsmiletravel.com\/zh-hans\/wp-json\/wp\/v2\/media?parent=12391"}],"wp:term":[{"taxonomy":"product_brand","embeddable":true,"href":"https:\/\/sunsmiletravel.com\/zh-hans\/wp-json\/wp\/v2\/product_brand?post=12391"},{"taxonomy":"product_cat","embeddable":true,"href":"https:\/\/sunsmiletravel.com\/zh-hans\/wp-json\/wp\/v2\/product_cat?post=12391"},{"taxonomy":"product_tag","embeddable":true,"href":"https:\/\/sunsmiletravel.com\/zh-hans\/wp-json\/wp\/v2\/product_tag?post=12391"}],"curies":[{"name":"wp","href":"https:\/\/api.w.org\/{rel}","templated":true}]}}